{"id":26838,"date":"2023-02-27T16:37:03","date_gmt":"2023-02-27T15:37:03","guid":{"rendered":"https:\/\/tiketi.com\/?page_id=26838"},"modified":"2025-08-05T10:52:29","modified_gmt":"2025-08-05T09:52:29","slug":"uae-united-arab-emirates","status":"publish","type":"page","link":"https:\/\/tiketi.com\/fr-fr\/volants\/taxi-aerien\/uae-united-arab-emirates\/","title":{"rendered":"Fly Over UAE\u2019s Roads \u2013 Easy Air Taxi UAE Online Bookings"},"content":{"rendered":"<h2 id=\"electric-dubai-air-taxi-booking-app\" class=\"wp-block-heading\">Book a Flying Taxi in UAE \u2013 Fast, Green, and Affordable Urban Travel<\/h2>\r\n\r\n\r\n\r\n<p>The Cheap air taxi in UAE online booking app allows users to easily reserve helicopter and flying taxi flight tickets. Air taxis in Dubai make it possible to travel quickly and affordably across the country. For most people, the UAE means just one place: Dubai, the sci-fi esque city of amazing skyscrapers, city-sized malls, palm-shaped islands, indoor ski slopes, and palatial beach resorts. But beyond the glitter awaits a big mosaic of 6 more emirates, each with its own allure and character. As with so many other things you will be able to make anytime and anywhere drone air taxi in UAE online booking for your electric air taxi flight.<\/p>\r\n\r\n\r\n\r\n<p>Abou Dhabi, riche en p\u00e9trole, la capitale des \u00c9mirats arabes unis, se positionne comme un centre de divertissement et de culture. Au-del\u00e0 se profile la vaste r\u00e9gion d\u2019Al Dhafra, qui abrite la partie nord des dunes ondulantes du d\u00e9sert de Rub Al Khali. Son silence magique est interrompu juste par le murmure des sables mouvants roulant vers l&#039;Arabie Saoudite.<\/p>\r\n\r\n\r\n\r\n<p>Au nord de Duba\u00ef, Sharjah abrite le patrimoine et la culture artistique des \u00c9mirats arabes unis, tandis que Ras Al Khaimah est enti\u00e8rement consacr\u00e9 \u00e0 la plage, avec une touche d&#039;activit\u00e9s \u00e0 sensations fortes. Dirigez-vous vers l&#039;est dans l&#039;\u00e9treinte irr\u00e9guli\u00e8re des montagnes Hajar pour d\u00e9couvrir une facette des \u00c9mirats arabes unis. tr\u00e8s \u00e9loign\u00e9 du gloss de Duba\u00ef. \u00a0<\/p>\r\n<h2>Why Choose a Flying Taxi in UAE?<\/h2>\r\n<ul>\r\n<li><strong>Gagnez du temps<\/strong> \u2013 Ce qui prenait 30 \u00e0 60 minutes en voiture peut d\u00e9sormais se faire en moins de 10 minutes par avion.<\/li>\r\n<li><strong>\u00c9cologique et silencieux<\/strong> \u2013 Nos avions \u00e9lectriques sont jusqu&#039;\u00e0 100 fois plus silencieux que les h\u00e9licopt\u00e8res traditionnels et ne produisent aucune \u00e9mission.<\/li>\r\n<li><strong>S\u00e9curit\u00e9 certifi\u00e9e<\/strong> \u2013 Nos avions sont pilot\u00e9s par des pilotes agr\u00e9\u00e9s et sont \u00e9quip\u00e9s de multiples syst\u00e8mes de s\u00e9curit\u00e9 redondants afin de garantir un voyage en toute s\u00e9curit\u00e9.<\/li>\r\n<li><strong>Comfortable Experience<\/strong> \u2013 D&#039;un simple clic, vous \u00eates parti \u2013 sans tracas, sans stress.<\/li>\r\n<li><strong>Effortless Booking<\/strong> \u2013 Book Your Flight in Just a Few Clicks \u2013 Anytime, Anywhere<\/li>\r\n<\/ul>\r\n<h2>Comment fonctionne notre service de taxi a\u00e9rien ?<\/h2>\r\n<p>R\u00e9server votre taxi a\u00e9rien est aussi simple que de r\u00e9server une course\u00a0:<\/p>\r\n<ol>\r\n<li><strong>Ouvrez le <a href=\"https:\/\/tiketi.com\/fr-fr\/download-tiketi-app\/\" target=\"_blank\" rel=\"noopener\">Application Tiketi<\/a> ou site Web<\/strong><\/li>\r\n<li><strong>Choisissez votre d\u00e9part<\/strong> from one of Dubai\u2019s many helipads or upcoming vertiports (e.g., Downtown Dubai, Dubai International Airport, Dubai Marina, Abu Dhabi International Airport)<\/li>\r\n<li><strong>Choisissez votre avion<\/strong> \u2013 Choisissez un \u00e9l\u00e9gant taxi a\u00e9rien tout \u00e9lectrique \u00e0 2 ou 4 places<\/li>\r\n<li><strong>Confirmer et partir<\/strong> \u2013 Votre vol est r\u00e9serv\u00e9 en temps r\u00e9el et votre point d&#039;embarquement est pr\u00eat quand vous l&#039;\u00eates.<\/li>\r\n<\/ol>\r\n<p>In just a few minutes, you&#8217;re airborne\u2014gliding over UAE\u2019s iconic skylines and avoiding the gridlock below.<\/p>\r\n<h2>Flying Taxi Routes in UAE \u2013 High-Flying Connections<\/h2>\r\n<p>Dubai\u2019s aerial transport network is rapidly taking shape, with several major routes already under development:<\/p>\r\n<ul>\r\n<li><strong>A\u00e9roport international de Duba\u00ef<\/strong> \u2192 <strong>Marina de Duba\u00ef <\/strong>\u23f1 ~8 minutes (vs. 30-45 minutes by road)<\/li>\r\n<li><strong>Downtown Dubai<\/strong> \u2192 <strong>A\u00e9roport international de Duba\u00ef <\/strong>\u23f1 8\u201310 minutes<\/li>\r\n<li><strong>Future routes<\/strong> include <strong>Dubai \u2194 Abu Dhabi <\/strong>\u23f1 ~20 minutes)<\/li>\r\n<li><strong>AUH \u2192 Saadiyat Island <\/strong>\u23f1 ~12 minutes<\/li>\r\n<li><strong>Yas Island \u2192 Al Maryah Island <\/strong>\u23f1 ~10 minutes<\/li>\r\n<li><strong>Corniche \u2192 Marina Mall <\/strong>\u23f1 ~5 minutes<\/li>\r\n<\/ul>\r\n<p>With strong backing from UAE\u2019s aviation authorities, we expect these flying taxi routes to be operational within the next few years.<\/p>\r\n\r\n\r\n\r\n<h2 class=\"wp-block-heading\" id=\"here-are-some-of-the-advantages-of-electric-flying-taxi-in-dubai-united-arab-emirates\">Here are some of the advantages of electric flying\u00a0taxi in UAE, United Arab Emirates<\/h2>\r\n\r\n\r\n\r\n<h3 class=\"wp-block-heading\" id=\"does-dubai-have-electric-flying-taxi-in-dubai\">Is there an electric flying taxi in UAE?<\/h3>\r\n\r\n\r\n\r\n<p>UAE has one of the first big projects to make electric drone taxis in UAE a reality. The Autonomous flying\u00a0taxis in UAE is an eighteen rotor drone taxi that took to the skies recently. The AAT comes as a partnership between German firm Volocopter and UAE. The firm claims to be the world first self-air taxi service.<\/p>\r\n\r\n\r\n\r\n<h3 class=\"wp-block-heading\" id=\"what-is-the-future-of-autonomous-air-taxis-in-dubai\">Quel est l\u2019avenir des taxis a\u00e9riens autonomes aux \u00c9mirats arabes unis ?<\/h3>\r\n\r\n\r\n\r\n<p>D\u00e9placez-vous au-dessus des taxis r\u00e9guliers\u00a0! Les \u00c9mirats arabes unis ont donn\u00e9 vie \u00e0 l&#039;avenir du transport avec leur c\u00e9l\u00e8bre voiture a\u00e9rienne. La premi\u00e8re voiture a\u00e9rienne au monde a \u00e9t\u00e9 d\u00e9voil\u00e9e par Uber et Hyundai. La nouvelle id\u00e9e a \u00e9t\u00e9 d\u00e9voil\u00e9e au pavillon Etisalat le jour de l&#039;ouverture de la semaine Gitex Tech.<\/p>\r\n\r\n\r\n\r\n<h3 class=\"wp-block-heading\" id=\"what-is-the-speed-and-latest-technology-of-electric-air-taxis-in-dubai\">Quelle est la vitesse et la derni\u00e8re technologie des taxis a\u00e9riens \u00e9lectriques aux \u00c9mirats arabes unis\u00a0?<\/h3>\r\n\r\n\r\n\r\n<p>Le taxi volant \u00e9lectrique des \u00c9mirats arabes unis pourrait devenir le meilleur mode de transport urbain \u00e0 l\u2019avenir, en retirant les voitures de la route, en gardant l\u2019heure et en effa\u00e7ant les fronti\u00e8res urbaines. Les nouveaux taxis volants \u00e9lectriques embarqu\u00e9s dans un v\u00e9hicule des \u00c9mirats arabes unis, ressemblant \u00e0 un hybride de drone h\u00e9licopt\u00e8re, navigueront principalement \u00e0 une vitesse de 180 mph, avec la capacit\u00e9 d&#039;asseoir quelques passagers, dont un pilote. Il serait n\u00e9cessaire d&#039;avoir plusieurs rotors, une s\u00e9curit\u00e9 accrue en cas de panne d&#039;un rotor individuel et un syst\u00e8me de parachute en cas d&#039;urgence.<\/p>\r\n<h3>How much will an electric flying\u00a0taxis in UAE cost?<\/h3>\r\n\r\n\r\n\r\n<p>Initialement, les taxis a\u00e9riens par drones aux \u00c9mirats arabes unis co\u00fbteront environ $5,73 par passager-mile. Vous pouvez facilement r\u00e9server des billets d&#039;avion en taxi a\u00e9rien via des taxis volants \u00e9lectriques dans l&#039;application EAU. Le tarif du taxi a\u00e9rien aux \u00c9mirats arabes unis chutera ensuite \u00e0 $1,85 par passager-mile avant d&#039;atteindre finalement le prix incroyable de $0,44 par mile pour le client.<\/p>\r\n\r\n\r\n\r\n<h2 class=\"wp-block-heading\" id=\"advantages-of-electric-dubai-air-taxi-booking-app\">Avantages de l&#039;application de r\u00e9servation de taxi a\u00e9rien \u00e9lectrique des \u00c9mirats arabes unis<\/h2>\r\n\r\n\r\n\r\n<p>Among its other advantages, drone taxi\u00a0in\u00a0UAE online booking could provide a economic boom by rising the number of people heading for recreation and tourism places that are not near big airports.<\/p>\r\n\r\n\r\n\r\n<h3 id=\"would-drone-air-taxi-in-dubai-online-booking-app-be-used-to-book-a-electric-air-taxi-flight\" class=\"wp-block-heading\">Can the air taxis in UAE online booking app be used to reserve electric air taxi flight tickets?<\/h3>\r\n\r\n\r\n\r\n<p>Yes, customers can seamlessly use online electric UAE air taxi booking app to find the best route and book electric flying taxi in UAE flight tickets anytime and anywhere.\u00a0<\/p>\r\n<h2>Autres vols populaires en taxi a\u00e9rien<\/h2>\r\n<p><\/p>\r\n<table border=\"0\" cellspacing=\"1\" cellpadding=\"1\">\r\n<tbody>\r\n<tr>\r\n<td>Bon march\u00e9 <a href=\"https:\/\/tiketi.com\/fr-fr\/volants\/taxi-aerien\/dubai\/\" target=\"_blank\" rel=\"noopener\">taxi a\u00e9rien \u00e0 Duba\u00ef<\/a>\u00a0<\/td>\r\n<td style=\"width: 30px;\">\u00a0<\/td>\r\n<td>Bon march\u00e9 <a href=\"https:\/\/tiketi.com\/fr-fr\/volants\/taxi-aerien\/abu-dhabi\/\" target=\"_blank\" rel=\"noopener\">taxi a\u00e9rien \u00e0 Abu Dhabi<\/a><\/td>\r\n<td style=\"width: 30px;\">\u00a0<\/td>\r\n<td>Bon march\u00e9 <a href=\"https:\/\/tiketi.com\/fr-fr\/volants\/taxi-aerien\/dubai\/international-airport-dxb\/\" target=\"_blank\" rel=\"noopener\">air taxi to Dubai International Airport (DXB)<\/a><\/td>\r\n<\/tr>\r\n<tr>\r\n<td>Bon march\u00e9 <a href=\"https:\/\/tiketi.com\/fr-fr\/flying\/air-taxi\/dubai-to-abu-dhabi\/\" target=\"_blank\" rel=\"noopener\">air taxi from Dubai to Abu Dhabi<\/a><\/td>\r\n<td style=\"width: 30px;\">\u00a0<\/td>\r\n<td>Bon march\u00e9 <a href=\"https:\/\/tiketi.com\/fr-fr\/volants\/taxi-aerien\/new-york-nyc\/\" target=\"_blank\" rel=\"noopener\">taxi a\u00e9rien \u00e0 New York<\/a><\/td>\r\n<td style=\"width: 30px;\">\u00a0<\/td>\r\n<td>Bon march\u00e9 <a href=\"https:\/\/tiketi.com\/fr-fr\/volants\/taxi-aerien\/singapore\/\" target=\"_blank\" rel=\"noopener\">taxi a\u00e9rien \u00e0 Singapour<\/a><\/td>\r\n<\/tr>\r\n<tr>\r\n<td>Bon march\u00e9 <a href=\"https:\/\/tiketi.com\/fr-fr\/volants\/taxi-aerien\/abu-dhabi\/zayed-international-airport\/\" target=\"_blank\" rel=\"noopener\">air taxi to Zayed International Airport<\/a><\/td>\r\n<td style=\"width: 30px;\">\u00a0<\/td>\r\n<td>Bon march\u00e9 <a href=\"https:\/\/tiketi.com\/fr-fr\/volants\/taxi-aerien\/london\/\" target=\"_blank\" rel=\"noopener\">taxi a\u00e9rien \u00e0 Londres<\/a><\/td>\r\n<td style=\"width: 30px;\">\u00a0<\/td>\r\n<td>Bon march\u00e9 <a href=\"https:\/\/tiketi.com\/fr-fr\/volants\/taxi-aerien\/hong-kong\/\" target=\"_blank\" rel=\"noopener\">air taxi in Hong-Kong<\/a><\/td>\r\n<\/tr>\r\n<\/tbody>\r\n<\/table>\r\n<p>&nbsp;<\/p>\r\n<p>&nbsp;<\/p>","protected":false},"excerpt":{"rendered":"<p>Book a Flying Taxi in UAE \u2013 Fast, Green, and Affordable Urban Travel The Cheap air taxi in UAE online booking app allows users to easily reserve helicopter and flying taxi flight tickets. Air taxis in Dubai make it possible to travel quickly and affordably across the country. For most people, the UAE means just [&hellip;]<\/p>\n","protected":false},"author":1,"featured_media":21978,"parent":25621,"menu_order":0,"comment_status":"closed","ping_status":"closed","template":"template-home-modern.php","meta":{"footnotes":""},"class_list":["post-26838","page","type-page","status-publish","has-post-thumbnail","hentry"],"yoast_head":"<!-- This site is optimized with the Yoast SEO plugin v27.2 - https:\/\/yoast.com\/product\/yoast-seo-wordpress\/ -->\n<title>Book an Air Taxi in UAE Online | Cheap Flying Taxi Fares<\/title>\n<meta name=\"description\" content=\"Book an air taxi in UAE online with our app. Compare routes, fares, &amp; flight tickets for air taxis, &amp; find affordable flying taxi options\" \/>\n<meta name=\"robots\" content=\"index, follow, max-snippet:-1, max-image-preview:large, max-video-preview:-1\" \/>\n<link rel=\"canonical\" href=\"https:\/\/tiketi.com\/fr-fr\/volants\/taxi-aerien\/uae-united-arab-emirates\/\" \/>\n<meta property=\"og:locale\" content=\"fr_FR\" \/>\n<meta property=\"og:type\" content=\"article\" \/>\n<meta property=\"og:title\" content=\"Book an Air Taxi in UAE Online | Cheap Flying Taxi Fares\" \/>\n<meta property=\"og:description\" content=\"Book an air taxi in UAE online with our app. Compare routes, fares, &amp; flight tickets for air taxis, &amp; find affordable flying taxi options\" \/>\n<meta property=\"og:url\" content=\"https:\/\/tiketi.com\/fr-fr\/volants\/taxi-aerien\/uae-united-arab-emirates\/\" \/>\n<meta property=\"og:site_name\" content=\"Tiketi.com\" \/>\n<meta property=\"article:publisher\" content=\"https:\/\/www.facebook.com\/TiketiCom\/\" \/>\n<meta property=\"article:modified_time\" content=\"2025-08-05T09:52:29+00:00\" \/>\n<meta property=\"og:image\" content=\"https:\/\/tiketi.com\/wp-content\/uploads\/2022\/02\/dubai-tour-packages-buildin.jpg\" \/>\n\t<meta property=\"og:image:width\" content=\"1200\" \/>\n\t<meta property=\"og:image:height\" content=\"200\" \/>\n\t<meta property=\"og:image:type\" content=\"image\/jpeg\" \/>\n<meta name=\"twitter:card\" content=\"summary_large_image\" \/>\n<meta name=\"twitter:label1\" content=\"Dur\u00e9e de lecture estim\u00e9e\" \/>\n\t<meta name=\"twitter:data1\" content=\"5 minutes\" \/>\n<script type=\"application\/ld+json\" class=\"yoast-schema-graph\">{\"@context\":\"https:\/\/schema.org\",\"@graph\":[{\"@type\":\"WebPage\",\"@id\":\"https:\/\/tiketi.com\/flying\/air-taxi\/uae-united-arab-emirates\/\",\"url\":\"https:\/\/tiketi.com\/flying\/air-taxi\/uae-united-arab-emirates\/\",\"name\":\"Book an Air Taxi in UAE Online | Cheap Flying Taxi Fares\",\"isPartOf\":{\"@id\":\"https:\/\/tiketi.com\/#website\"},\"primaryImageOfPage\":{\"@id\":\"https:\/\/tiketi.com\/flying\/air-taxi\/uae-united-arab-emirates\/#primaryimage\"},\"image\":{\"@id\":\"https:\/\/tiketi.com\/flying\/air-taxi\/uae-united-arab-emirates\/#primaryimage\"},\"thumbnailUrl\":\"https:\/\/tiketi.com\/wp-content\/uploads\/2022\/02\/dubai-tour-packages-buildin.jpg\",\"datePublished\":\"2023-02-27T15:37:03+00:00\",\"dateModified\":\"2025-08-05T09:52:29+00:00\",\"description\":\"Book an air taxi in UAE online with our app. Compare routes, fares, & flight tickets for air taxis, & find affordable flying taxi options\",\"breadcrumb\":{\"@id\":\"https:\/\/tiketi.com\/flying\/air-taxi\/uae-united-arab-emirates\/#breadcrumb\"},\"inLanguage\":\"fr-FR\",\"potentialAction\":[{\"@type\":\"ReadAction\",\"target\":[\"https:\/\/tiketi.com\/flying\/air-taxi\/uae-united-arab-emirates\/\"]}]},{\"@type\":\"ImageObject\",\"inLanguage\":\"fr-FR\",\"@id\":\"https:\/\/tiketi.com\/flying\/air-taxi\/uae-united-arab-emirates\/#primaryimage\",\"url\":\"https:\/\/tiketi.com\/wp-content\/uploads\/2022\/02\/dubai-tour-packages-buildin.jpg\",\"contentUrl\":\"https:\/\/tiketi.com\/wp-content\/uploads\/2022\/02\/dubai-tour-packages-buildin.jpg\",\"width\":1200,\"height\":200,\"caption\":\"Dubai Tour Packages\"},{\"@type\":\"BreadcrumbList\",\"@id\":\"https:\/\/tiketi.com\/flying\/air-taxi\/uae-united-arab-emirates\/#breadcrumb\",\"itemListElement\":[{\"@type\":\"ListItem\",\"position\":1,\"name\":\"Home\",\"item\":\"https:\/\/tiketi.com\/\"},{\"@type\":\"ListItem\",\"position\":2,\"name\":\"Flying\",\"item\":\"https:\/\/tiketi.com\/fr-fr\/volants\/\"},{\"@type\":\"ListItem\",\"position\":3,\"name\":\"Air Taxi\",\"item\":\"https:\/\/tiketi.com\/flying\/air-taxi\/\"},{\"@type\":\"ListItem\",\"position\":4,\"name\":\"Fly Over UAE\u2019s Roads \u2013 Easy Air Taxi UAE Online Bookings\"}]},{\"@type\":\"WebSite\",\"@id\":\"https:\/\/tiketi.com\/#website\",\"url\":\"https:\/\/tiketi.com\/\",\"name\":\"Flight & Bus Tickets, Tour Packages & Activitites - Tiketi.com\",\"description\":\"Flight &amp; Bus Tickets, Tours, Activitites\",\"publisher\":{\"@id\":\"https:\/\/tiketi.com\/#organization\"},\"potentialAction\":[{\"@type\":\"SearchAction\",\"target\":{\"@type\":\"EntryPoint\",\"urlTemplate\":\"https:\/\/tiketi.com\/?s={search_term_string}\"},\"query-input\":{\"@type\":\"PropertyValueSpecification\",\"valueRequired\":true,\"valueName\":\"search_term_string\"}}],\"inLanguage\":\"fr-FR\"},{\"@type\":\"Organization\",\"@id\":\"https:\/\/tiketi.com\/#organization\",\"name\":\"Tiketi.com\",\"alternateName\":\"Tiketi\",\"url\":\"https:\/\/tiketi.com\/\",\"logo\":{\"@type\":\"ImageObject\",\"inLanguage\":\"fr-FR\",\"@id\":\"https:\/\/tiketi.com\/#\/schema\/logo\/image\/\",\"url\":\"https:\/\/tiketi.com\/wp-content\/uploads\/2019\/05\/tiketi-logo-696.png\",\"contentUrl\":\"https:\/\/tiketi.com\/wp-content\/uploads\/2019\/05\/tiketi-logo-696.png\",\"width\":696,\"height\":696,\"caption\":\"Tiketi.com\"},\"image\":{\"@id\":\"https:\/\/tiketi.com\/#\/schema\/logo\/image\/\"},\"sameAs\":[\"https:\/\/www.facebook.com\/TiketiCom\/\"]}]}<\/script>\n<!-- \/ Yoast SEO plugin. -->","yoast_head_json":{"title":"Book an Air Taxi in UAE Online | Cheap Flying Taxi Fares","description":"Book an air taxi in UAE online with our app. Compare routes, fares, & flight tickets for air taxis, & find affordable flying taxi options","robots":{"index":"index","follow":"follow","max-snippet":"max-snippet:-1","max-image-preview":"max-image-preview:large","max-video-preview":"max-video-preview:-1"},"canonical":"https:\/\/tiketi.com\/fr-fr\/volants\/taxi-aerien\/uae-united-arab-emirates\/","og_locale":"fr_FR","og_type":"article","og_title":"Book an Air Taxi in UAE Online | Cheap Flying Taxi Fares","og_description":"Book an air taxi in UAE online with our app. Compare routes, fares, & flight tickets for air taxis, & find affordable flying taxi options","og_url":"https:\/\/tiketi.com\/fr-fr\/volants\/taxi-aerien\/uae-united-arab-emirates\/","og_site_name":"Tiketi.com","article_publisher":"https:\/\/www.facebook.com\/TiketiCom\/","article_modified_time":"2025-08-05T09:52:29+00:00","og_image":[{"width":1200,"height":200,"url":"https:\/\/tiketi.com\/wp-content\/uploads\/2022\/02\/dubai-tour-packages-buildin.jpg","type":"image\/jpeg"}],"twitter_card":"summary_large_image","twitter_misc":{"Dur\u00e9e de lecture estim\u00e9e":"5 minutes"},"schema":{"@context":"https:\/\/schema.org","@graph":[{"@type":"WebPage","@id":"https:\/\/tiketi.com\/flying\/air-taxi\/uae-united-arab-emirates\/","url":"https:\/\/tiketi.com\/flying\/air-taxi\/uae-united-arab-emirates\/","name":"Book an Air Taxi in UAE Online | Cheap Flying Taxi Fares","isPartOf":{"@id":"https:\/\/tiketi.com\/#website"},"primaryImageOfPage":{"@id":"https:\/\/tiketi.com\/flying\/air-taxi\/uae-united-arab-emirates\/#primaryimage"},"image":{"@id":"https:\/\/tiketi.com\/flying\/air-taxi\/uae-united-arab-emirates\/#primaryimage"},"thumbnailUrl":"https:\/\/tiketi.com\/wp-content\/uploads\/2022\/02\/dubai-tour-packages-buildin.jpg","datePublished":"2023-02-27T15:37:03+00:00","dateModified":"2025-08-05T09:52:29+00:00","description":"Book an air taxi in UAE online with our app. Compare routes, fares, & flight tickets for air taxis, & find affordable flying taxi options","breadcrumb":{"@id":"https:\/\/tiketi.com\/flying\/air-taxi\/uae-united-arab-emirates\/#breadcrumb"},"inLanguage":"fr-FR","potentialAction":[{"@type":"ReadAction","target":["https:\/\/tiketi.com\/flying\/air-taxi\/uae-united-arab-emirates\/"]}]},{"@type":"ImageObject","inLanguage":"fr-FR","@id":"https:\/\/tiketi.com\/flying\/air-taxi\/uae-united-arab-emirates\/#primaryimage","url":"https:\/\/tiketi.com\/wp-content\/uploads\/2022\/02\/dubai-tour-packages-buildin.jpg","contentUrl":"https:\/\/tiketi.com\/wp-content\/uploads\/2022\/02\/dubai-tour-packages-buildin.jpg","width":1200,"height":200,"caption":"Dubai Tour Packages"},{"@type":"BreadcrumbList","@id":"https:\/\/tiketi.com\/flying\/air-taxi\/uae-united-arab-emirates\/#breadcrumb","itemListElement":[{"@type":"ListItem","position":1,"name":"Home","item":"https:\/\/tiketi.com\/"},{"@type":"ListItem","position":2,"name":"Flying","item":"https:\/\/tiketi.com\/fr-fr\/volants\/"},{"@type":"ListItem","position":3,"name":"Air Taxi","item":"https:\/\/tiketi.com\/flying\/air-taxi\/"},{"@type":"ListItem","position":4,"name":"Fly Over UAE\u2019s Roads \u2013 Easy Air Taxi UAE Online Bookings"}]},{"@type":"WebSite","@id":"https:\/\/tiketi.com\/#website","url":"https:\/\/tiketi.com\/","name":"Billets d&#039;avion et de bus, forfaits touristiques et activit\u00e9s - Tiketi.com","description":"Billets d&#039;avion et de bus, Tours, Activit\u00e9s","publisher":{"@id":"https:\/\/tiketi.com\/#organization"},"potentialAction":[{"@type":"SearchAction","target":{"@type":"EntryPoint","urlTemplate":"https:\/\/tiketi.com\/?s={search_term_string}"},"query-input":{"@type":"PropertyValueSpecification","valueRequired":true,"valueName":"search_term_string"}}],"inLanguage":"fr-FR"},{"@type":"Organization","@id":"https:\/\/tiketi.com\/#organization","name":"Tiketi.com","alternateName":"Tiketi","url":"https:\/\/tiketi.com\/","logo":{"@type":"ImageObject","inLanguage":"fr-FR","@id":"https:\/\/tiketi.com\/#\/schema\/logo\/image\/","url":"https:\/\/tiketi.com\/wp-content\/uploads\/2019\/05\/tiketi-logo-696.png","contentUrl":"https:\/\/tiketi.com\/wp-content\/uploads\/2019\/05\/tiketi-logo-696.png","width":696,"height":696,"caption":"Tiketi.com"},"image":{"@id":"https:\/\/tiketi.com\/#\/schema\/logo\/image\/"},"sameAs":["https:\/\/www.facebook.com\/TiketiCom\/"]}]}},"_links":{"self":[{"href":"https:\/\/tiketi.com\/fr-fr\/wp-json\/wp\/v2\/pages\/26838","targetHints":{"allow":["GET"]}}],"collection":[{"href":"https:\/\/tiketi.com\/fr-fr\/wp-json\/wp\/v2\/pages"}],"about":[{"href":"https:\/\/tiketi.com\/fr-fr\/wp-json\/wp\/v2\/types\/page"}],"author":[{"embeddable":true,"href":"https:\/\/tiketi.com\/fr-fr\/wp-json\/wp\/v2\/users\/1"}],"replies":[{"embeddable":true,"href":"https:\/\/tiketi.com\/fr-fr\/wp-json\/wp\/v2\/comments?post=26838"}],"version-history":[{"count":10,"href":"https:\/\/tiketi.com\/fr-fr\/wp-json\/wp\/v2\/pages\/26838\/revisions"}],"predecessor-version":[{"id":32364,"href":"https:\/\/tiketi.com\/fr-fr\/wp-json\/wp\/v2\/pages\/26838\/revisions\/32364"}],"up":[{"embeddable":true,"href":"https:\/\/tiketi.com\/fr-fr\/wp-json\/wp\/v2\/pages\/25621"}],"wp:featuredmedia":[{"embeddable":true,"href":"https:\/\/tiketi.com\/fr-fr\/wp-json\/wp\/v2\/media\/21978"}],"wp:attachment":[{"href":"https:\/\/tiketi.com\/fr-fr\/wp-json\/wp\/v2\/media?parent=26838"}],"curies":[{"name":"wp","href":"https:\/\/api.w.org\/{rel}","templated":true}]}}