{"id":26886,"date":"2023-03-01T17:42:21","date_gmt":"2023-03-01T16:42:21","guid":{"rendered":"https:\/\/tiketi.com\/?page_id=26886"},"modified":"2023-06-17T16:43:38","modified_gmt":"2023-06-17T15:43:38","slug":"travel-partner-luxury-bus","status":"publish","type":"page","link":"https:\/\/tiketi.com\/fr-fr\/companies\/buses\/travel-partner-luxury-bus\/","title":{"rendered":"R\u00e9servation en ligne de bus de partenaire de voyage, billets de bus, horaires, itin\u00e9raires et tarifs"},"content":{"rendered":"<h2 class=\"wp-block-heading\">R\u00e9servation de billets de bus en ligne avec un partenaire de voyage pas cher<\/h2>\r\n\r\n\r\n\r\n<h3 class=\"wp-block-heading\">D\u00e9couvrez votre itin\u00e9raire de voyage sur le web, le mobile ou l&#039;application et r\u00e9servez d\u00e8s maintenant vos billets de bus en ligne Travel Partner \u00e0 bas prix.<\/h3>\r\n\r\n\r\n\r\n<p>La r\u00e9servation en ligne de bus Travel Partner en Tanzanie en toute simplicit\u00e9. Le bus partenaire de voyage fait partie d&#039;un partenaire de voyage limit\u00e9 qui est une soci\u00e9t\u00e9 \u00e0 responsabilit\u00e9 limit\u00e9e enregistr\u00e9e en R\u00e9publique-Unie de Tanzanie sous CAP212. Faites la r\u00e9servation de billets de bus en ligne Travel Partner et \u00e9conomisez de l&#039;argent et du temps.<\/p>\r\n\r\n\r\n\r\n<h2 class=\"wp-block-heading\">Travel Partner Bus R\u00e9servation en ligne, billets de bus, horaires, itin\u00e9raires et tarifs FAQ<\/h2>\r\n\r\n\r\n\r\n<h3 class=\"wp-block-heading\">Quels sont les itin\u00e9raires de bus Travel Partner les plus c\u00e9l\u00e8bres au quotidien ?<\/h3>\r\n\r\n\r\n\r\n<ul>\r\n<li>Dar es Salam \u00e0 Dodoma<\/li>\r\n<li>Dar es Salam \u00e0 Mwanza<\/li>\r\n<li>Dar es Salam \u00e0 Kahama<\/li>\r\n<li>Dar es Salam \u00e0 Bukoba<\/li>\r\n<\/ul>\r\n\r\n\r\n\r\n<h3 class=\"wp-block-heading\">Ligne de flotte de bus partenaire de voyage<\/h3>\r\n\r\n\r\n\r\n<p>Leur liste de flotte contient des mod\u00e8les de bus extr\u00eamement luxueux comme Golden Dragon qui sont nouvellement import\u00e9s de Chine. Tous leurs bus font l&#039;objet d&#039;un entretien r\u00e9gulier.<\/p>\r\n\r\n\r\n\r\n<p>Leurs bus sont dot\u00e9s d&#039;un design int\u00e9rieur sp\u00e9cial pour offrir aux voyageurs ce qu&#039;ils souhaitent vivre lors de leurs voyages longue distance vers leurs destinations.<\/p>\r\n\r\n\r\n\r\n<p>Les voyageurs peuvent profiter et exp\u00e9rimenter divers \u00e9quipements ainsi que des services tels que des si\u00e8ges inclinables deux par deux, des accoudoirs, des espaces suppl\u00e9mentaires pour les jambes, des lampes de lecture au plafond et des haut-parleurs.<\/p>\r\n\r\n\r\n\r\n<h3 class=\"wp-block-heading\">Ligne de service de bus partenaire de voyage<\/h3>\r\n\r\n\r\n\r\n<p>Leur objectif principal est de commercialiser et de gagner de l&#039;industrie du tourisme, de la logistique et \u00e9galement de d\u00e9penser dans d&#039;autres secteurs d&#039;activit\u00e9 en fonction des demandes du march\u00e9.<\/p>\r\n\r\n\r\n\r\n<p>La soci\u00e9t\u00e9 de bus fournit des services quotidiens de transfert de passagers et de colis de la ville de Dar es Salaam vers les zones de la zone du lac comme Kagera et Mwanza.<\/p>\r\n\r\n\r\n\r\n<p>Ils fournissent une r\u00e9servation de bus local dans leurs bureaux situ\u00e9s dans la gare routi\u00e8re r\u00e9gionale et dans leurs bureaux priv\u00e9s situ\u00e9s dans les zones urbaines. Les r\u00e9servations en ligne sont accessibles en les appelant aux num\u00e9ros ci-dessous.<\/p>\r\n\r\n\r\n\r\n<h3 class=\"wp-block-heading\">Quelles sont les coordonn\u00e9es des bureaux de r\u00e9servation Travel Partner ?<\/h3>\r\n\r\n\r\n\r\n<p>Gare routi\u00e8re de Mbezi, Dar es Salaam<\/p>\r\n\r\n\r\n\r\n<h2 class=\"wp-block-heading\">Travel Partner Conseils de r\u00e9servation de billets de bus en ligne<\/h2>\r\n\r\n\r\n\r\n<p>L&#039;entreprise a \u00e9t\u00e9 cr\u00e9\u00e9e en raison des opportunit\u00e9s commerciales croissantes r\u00e9pondant au d\u00e9veloppement des secteurs d&#039;activit\u00e9 dans le pays.<\/p>\r\n\r\n\r\n\r\n<p>La soci\u00e9t\u00e9 est membre et enregistr\u00e9e par l&#039;office du tourisme de Tanzanie, l&#039;IATTA, le minist\u00e8re des Transports, l&#039;IATTA, l&#039;association des voyagistes de Tanzanie ainsi que le centre d&#039;investissement de Tanzanie.<\/p>","protected":false},"excerpt":{"rendered":"<p>Cheap Travel Partner Online Bus Ticket Booking Discover your travel route on web, mobile or app and do cheap Travel Partner online bus ticket booking now. Travel Partner\u00a0bus online booking Tanzania made easy. Travel partner bus is a part of a travel partner limited which is a registered limited liability firm incorporated in the United [&hellip;]<\/p>\n","protected":false},"author":1,"featured_media":13999,"parent":25524,"menu_order":0,"comment_status":"closed","ping_status":"closed","template":"template-home-modern.php","meta":{"footnotes":""},"class_list":["post-26886","page","type-page","status-publish","has-post-thumbnail","hentry"],"yoast_head":"<!-- This site is optimized with the Yoast SEO plugin v27.4 - https:\/\/yoast.com\/product\/yoast-seo-wordpress\/ -->\n<title>Travel Partner Bus Online Booking, Bus Tickets, Schedule, Routes &amp; Fares - Tiketi.com<\/title>\n<meta name=\"description\" content=\"Looking for Travel Partner bus online booking Tanzania, app, contact, bus routes, fares and schedule? Make a Travel Partner online bus ticket booking now\" \/>\n<meta name=\"robots\" content=\"index, follow, max-snippet:-1, max-image-preview:large, max-video-preview:-1\" \/>\n<link rel=\"canonical\" href=\"https:\/\/tiketi.com\/fr-fr\/kampuni\/mabasi\/travel-partner-luxury-bus\/\" \/>\n<meta property=\"og:locale\" content=\"fr_FR\" \/>\n<meta property=\"og:type\" content=\"article\" \/>\n<meta property=\"og:title\" content=\"Travel Partner Bus Online Booking, Bus Tickets, Schedule, Routes &amp; Fares - Tiketi.com\" \/>\n<meta property=\"og:description\" content=\"Looking for Travel Partner bus online booking Tanzania, app, contact, bus routes, fares and schedule? Make a Travel Partner online bus ticket booking now\" \/>\n<meta property=\"og:url\" content=\"https:\/\/tiketi.com\/fr-fr\/kampuni\/mabasi\/travel-partner-luxury-bus\/\" \/>\n<meta property=\"og:site_name\" content=\"Tiketi.com\" \/>\n<meta property=\"article:publisher\" content=\"https:\/\/www.facebook.com\/TiketiCom\/\" \/>\n<meta property=\"article:modified_time\" content=\"2023-06-17T15:43:38+00:00\" \/>\n<meta property=\"og:image\" content=\"https:\/\/tiketi.com\/wp-content\/uploads\/2022\/01\/bus-ticket-online-booking.jpg\" \/>\n\t<meta property=\"og:image:width\" content=\"1200\" \/>\n\t<meta property=\"og:image:height\" content=\"206\" \/>\n\t<meta property=\"og:image:type\" content=\"image\/jpeg\" \/>\n<meta name=\"twitter:card\" content=\"summary_large_image\" \/>\n<meta name=\"twitter:label1\" content=\"Dur\u00e9e de lecture estim\u00e9e\" \/>\n\t<meta name=\"twitter:data1\" content=\"2 minutes\" \/>\n<script type=\"application\/ld+json\" class=\"yoast-schema-graph\">{\"@context\":\"https:\\\/\\\/schema.org\",\"@graph\":[{\"@type\":\"WebPage\",\"@id\":\"https:\\\/\\\/tiketi.com\\\/sw\\\/kampuni\\\/mabasi\\\/travel-partner-luxury-bus\\\/\",\"url\":\"https:\\\/\\\/tiketi.com\\\/sw\\\/kampuni\\\/mabasi\\\/travel-partner-luxury-bus\\\/\",\"name\":\"Travel Partner Bus Online Booking, Bus Tickets, Schedule, Routes & Fares - Tiketi.com\",\"isPartOf\":{\"@id\":\"https:\\\/\\\/tiketi.com\\\/#website\"},\"primaryImageOfPage\":{\"@id\":\"https:\\\/\\\/tiketi.com\\\/sw\\\/kampuni\\\/mabasi\\\/travel-partner-luxury-bus\\\/#primaryimage\"},\"image\":{\"@id\":\"https:\\\/\\\/tiketi.com\\\/sw\\\/kampuni\\\/mabasi\\\/travel-partner-luxury-bus\\\/#primaryimage\"},\"thumbnailUrl\":\"https:\\\/\\\/tiketi.com\\\/wp-content\\\/uploads\\\/2022\\\/01\\\/bus-ticket-online-booking.jpg\",\"datePublished\":\"2023-03-01T16:42:21+00:00\",\"dateModified\":\"2023-06-17T15:43:38+00:00\",\"description\":\"Looking for Travel Partner bus online booking Tanzania, app, contact, bus routes, fares and schedule? Make a Travel Partner online bus ticket booking now\",\"breadcrumb\":{\"@id\":\"https:\\\/\\\/tiketi.com\\\/sw\\\/kampuni\\\/mabasi\\\/travel-partner-luxury-bus\\\/#breadcrumb\"},\"inLanguage\":\"fr-FR\",\"potentialAction\":[{\"@type\":\"ReadAction\",\"target\":[\"https:\\\/\\\/tiketi.com\\\/sw\\\/kampuni\\\/mabasi\\\/travel-partner-luxury-bus\\\/\"]}]},{\"@type\":\"ImageObject\",\"inLanguage\":\"fr-FR\",\"@id\":\"https:\\\/\\\/tiketi.com\\\/sw\\\/kampuni\\\/mabasi\\\/travel-partner-luxury-bus\\\/#primaryimage\",\"url\":\"https:\\\/\\\/tiketi.com\\\/wp-content\\\/uploads\\\/2022\\\/01\\\/bus-ticket-online-booking.jpg\",\"contentUrl\":\"https:\\\/\\\/tiketi.com\\\/wp-content\\\/uploads\\\/2022\\\/01\\\/bus-ticket-online-booking.jpg\",\"width\":1200,\"height\":206,\"caption\":\"Online Bus Ticket Booking\"},{\"@type\":\"BreadcrumbList\",\"@id\":\"https:\\\/\\\/tiketi.com\\\/sw\\\/kampuni\\\/mabasi\\\/travel-partner-luxury-bus\\\/#breadcrumb\",\"itemListElement\":[{\"@type\":\"ListItem\",\"position\":1,\"name\":\"Home\",\"item\":\"https:\\\/\\\/tiketi.com\\\/\"},{\"@type\":\"ListItem\",\"position\":2,\"name\":\"Companies\",\"item\":\"https:\\\/\\\/tiketi.com\\\/companies\\\/\"},{\"@type\":\"ListItem\",\"position\":3,\"name\":\"Buses\",\"item\":\"https:\\\/\\\/tiketi.com\\\/companies\\\/buses\\\/\"},{\"@type\":\"ListItem\",\"position\":4,\"name\":\"Travel Partner Bus Online Booking, Bus Tickets, Schedule, Routes &#038; Fares\"}]},{\"@type\":\"WebSite\",\"@id\":\"https:\\\/\\\/tiketi.com\\\/#website\",\"url\":\"https:\\\/\\\/tiketi.com\\\/\",\"name\":\"Flight & Bus Tickets, Tour Packages & Activitites - Tiketi.com\",\"description\":\"Flight &amp; Bus Tickets, Tours, Activitites\",\"publisher\":{\"@id\":\"https:\\\/\\\/tiketi.com\\\/#organization\"},\"potentialAction\":[{\"@type\":\"SearchAction\",\"target\":{\"@type\":\"EntryPoint\",\"urlTemplate\":\"https:\\\/\\\/tiketi.com\\\/?s={search_term_string}\"},\"query-input\":{\"@type\":\"PropertyValueSpecification\",\"valueRequired\":true,\"valueName\":\"search_term_string\"}}],\"inLanguage\":\"fr-FR\"},{\"@type\":\"Organization\",\"@id\":\"https:\\\/\\\/tiketi.com\\\/#organization\",\"name\":\"Tiketi.com\",\"alternateName\":\"Tiketi\",\"url\":\"https:\\\/\\\/tiketi.com\\\/\",\"logo\":{\"@type\":\"ImageObject\",\"inLanguage\":\"fr-FR\",\"@id\":\"https:\\\/\\\/tiketi.com\\\/#\\\/schema\\\/logo\\\/image\\\/\",\"url\":\"https:\\\/\\\/tiketi.com\\\/wp-content\\\/uploads\\\/2019\\\/05\\\/tiketi-logo-696.png\",\"contentUrl\":\"https:\\\/\\\/tiketi.com\\\/wp-content\\\/uploads\\\/2019\\\/05\\\/tiketi-logo-696.png\",\"width\":696,\"height\":696,\"caption\":\"Tiketi.com\"},\"image\":{\"@id\":\"https:\\\/\\\/tiketi.com\\\/#\\\/schema\\\/logo\\\/image\\\/\"},\"sameAs\":[\"https:\\\/\\\/www.facebook.com\\\/TiketiCom\\\/\"]}]}<\/script>\n<!-- \/ Yoast SEO plugin. -->","yoast_head_json":{"title":"Travel Partner Bus R\u00e9servation en ligne, Billets de bus, Horaires, Trajets &amp; Tarifs - Tiketi.com","description":"Vous recherchez une r\u00e9servation en ligne de bus Travel Partner Tanzanie, une application, un contact, des itin\u00e9raires de bus, des tarifs et des horaires? Faites une r\u00e9servation de billet de bus en ligne Travel Partner maintenant","robots":{"index":"index","follow":"follow","max-snippet":"max-snippet:-1","max-image-preview":"max-image-preview:large","max-video-preview":"max-video-preview:-1"},"canonical":"https:\/\/tiketi.com\/fr-fr\/kampuni\/mabasi\/travel-partner-luxury-bus\/","og_locale":"fr_FR","og_type":"article","og_title":"Travel Partner Bus Online Booking, Bus Tickets, Schedule, Routes & Fares - Tiketi.com","og_description":"Looking for Travel Partner bus online booking Tanzania, app, contact, bus routes, fares and schedule? Make a Travel Partner online bus ticket booking now","og_url":"https:\/\/tiketi.com\/fr-fr\/kampuni\/mabasi\/travel-partner-luxury-bus\/","og_site_name":"Tiketi.com","article_publisher":"https:\/\/www.facebook.com\/TiketiCom\/","article_modified_time":"2023-06-17T15:43:38+00:00","og_image":[{"width":1200,"height":206,"url":"https:\/\/tiketi.com\/wp-content\/uploads\/2022\/01\/bus-ticket-online-booking.jpg","type":"image\/jpeg"}],"twitter_card":"summary_large_image","twitter_misc":{"Dur\u00e9e de lecture estim\u00e9e":"2 minutes"},"schema":{"@context":"https:\/\/schema.org","@graph":[{"@type":"WebPage","@id":"https:\/\/tiketi.com\/sw\/kampuni\/mabasi\/travel-partner-luxury-bus\/","url":"https:\/\/tiketi.com\/sw\/kampuni\/mabasi\/travel-partner-luxury-bus\/","name":"Travel Partner Bus R\u00e9servation en ligne, Billets de bus, Horaires, Trajets &amp; Tarifs - Tiketi.com","isPartOf":{"@id":"https:\/\/tiketi.com\/#website"},"primaryImageOfPage":{"@id":"https:\/\/tiketi.com\/sw\/kampuni\/mabasi\/travel-partner-luxury-bus\/#primaryimage"},"image":{"@id":"https:\/\/tiketi.com\/sw\/kampuni\/mabasi\/travel-partner-luxury-bus\/#primaryimage"},"thumbnailUrl":"https:\/\/tiketi.com\/wp-content\/uploads\/2022\/01\/bus-ticket-online-booking.jpg","datePublished":"2023-03-01T16:42:21+00:00","dateModified":"2023-06-17T15:43:38+00:00","description":"Vous recherchez une r\u00e9servation en ligne de bus Travel Partner Tanzanie, une application, un contact, des itin\u00e9raires de bus, des tarifs et des horaires? Faites une r\u00e9servation de billet de bus en ligne Travel Partner maintenant","breadcrumb":{"@id":"https:\/\/tiketi.com\/sw\/kampuni\/mabasi\/travel-partner-luxury-bus\/#breadcrumb"},"inLanguage":"fr-FR","potentialAction":[{"@type":"ReadAction","target":["https:\/\/tiketi.com\/sw\/kampuni\/mabasi\/travel-partner-luxury-bus\/"]}]},{"@type":"ImageObject","inLanguage":"fr-FR","@id":"https:\/\/tiketi.com\/sw\/kampuni\/mabasi\/travel-partner-luxury-bus\/#primaryimage","url":"https:\/\/tiketi.com\/wp-content\/uploads\/2022\/01\/bus-ticket-online-booking.jpg","contentUrl":"https:\/\/tiketi.com\/wp-content\/uploads\/2022\/01\/bus-ticket-online-booking.jpg","width":1200,"height":206,"caption":"Online Bus Ticket Booking"},{"@type":"BreadcrumbList","@id":"https:\/\/tiketi.com\/sw\/kampuni\/mabasi\/travel-partner-luxury-bus\/#breadcrumb","itemListElement":[{"@type":"ListItem","position":1,"name":"Home","item":"https:\/\/tiketi.com\/"},{"@type":"ListItem","position":2,"name":"Companies","item":"https:\/\/tiketi.com\/companies\/"},{"@type":"ListItem","position":3,"name":"Buses","item":"https:\/\/tiketi.com\/companies\/buses\/"},{"@type":"ListItem","position":4,"name":"Travel Partner Bus Online Booking, Bus Tickets, Schedule, Routes &#038; Fares"}]},{"@type":"WebSite","@id":"https:\/\/tiketi.com\/#website","url":"https:\/\/tiketi.com\/","name":"Billets d&#039;avion et de bus, forfaits touristiques et activit\u00e9s - Tiketi.com","description":"Billets d&#039;avion et de bus, Tours, Activit\u00e9s","publisher":{"@id":"https:\/\/tiketi.com\/#organization"},"potentialAction":[{"@type":"SearchAction","target":{"@type":"EntryPoint","urlTemplate":"https:\/\/tiketi.com\/?s={search_term_string}"},"query-input":{"@type":"PropertyValueSpecification","valueRequired":true,"valueName":"search_term_string"}}],"inLanguage":"fr-FR"},{"@type":"Organization","@id":"https:\/\/tiketi.com\/#organization","name":"Tiketi.com","alternateName":"Tiketi","url":"https:\/\/tiketi.com\/","logo":{"@type":"ImageObject","inLanguage":"fr-FR","@id":"https:\/\/tiketi.com\/#\/schema\/logo\/image\/","url":"https:\/\/tiketi.com\/wp-content\/uploads\/2019\/05\/tiketi-logo-696.png","contentUrl":"https:\/\/tiketi.com\/wp-content\/uploads\/2019\/05\/tiketi-logo-696.png","width":696,"height":696,"caption":"Tiketi.com"},"image":{"@id":"https:\/\/tiketi.com\/#\/schema\/logo\/image\/"},"sameAs":["https:\/\/www.facebook.com\/TiketiCom\/"]}]}},"_links":{"self":[{"href":"https:\/\/tiketi.com\/fr-fr\/wp-json\/wp\/v2\/pages\/26886","targetHints":{"allow":["GET"]}}],"collection":[{"href":"https:\/\/tiketi.com\/fr-fr\/wp-json\/wp\/v2\/pages"}],"about":[{"href":"https:\/\/tiketi.com\/fr-fr\/wp-json\/wp\/v2\/types\/page"}],"author":[{"embeddable":true,"href":"https:\/\/tiketi.com\/fr-fr\/wp-json\/wp\/v2\/users\/1"}],"replies":[{"embeddable":true,"href":"https:\/\/tiketi.com\/fr-fr\/wp-json\/wp\/v2\/comments?post=26886"}],"version-history":[{"count":0,"href":"https:\/\/tiketi.com\/fr-fr\/wp-json\/wp\/v2\/pages\/26886\/revisions"}],"up":[{"embeddable":true,"href":"https:\/\/tiketi.com\/fr-fr\/wp-json\/wp\/v2\/pages\/25524"}],"wp:featuredmedia":[{"embeddable":true,"href":"https:\/\/tiketi.com\/fr-fr\/wp-json\/wp\/v2\/media\/13999"}],"wp:attachment":[{"href":"https:\/\/tiketi.com\/fr-fr\/wp-json\/wp\/v2\/media?parent=26886"}],"curies":[{"name":"wp","href":"https:\/\/api.w.org\/{rel}","templated":true}]}}