{"id":26887,"date":"2023-03-02T13:27:33","date_gmt":"2023-03-02T12:27:33","guid":{"rendered":"https:\/\/tiketi.com\/?page_id=26887"},"modified":"2025-08-03T20:51:50","modified_gmt":"2025-08-03T19:51:50","slug":"masalu-high-class","status":"publish","type":"page","link":"https:\/\/tiketi.com\/fr-fr\/companies\/buses\/masalu-high-class\/","title":{"rendered":"R\u00e9servation en ligne Masalu High Class, billets de bus, horaires, itin\u00e9raires et tarifs"},"content":{"rendered":"<h2 class=\"wp-block-heading\">R\u00e9servation de billets de bus en ligne de grande classe Masalu pas cher<\/h2>\r\n\r\n\r\n\r\n<h3 class=\"wp-block-heading\">D\u00e9couvrez votre itin\u00e9raire de voyage sur le web, le mobile ou l&#039;application et r\u00e9servez d\u00e8s maintenant vos billets de bus en ligne Masalu High class pas chers.<\/h3>\r\n\r\n\r\n\r\n<p>Masalu High class\u00a0online booking Kenya made easy. Masalu High class is a bus transportation firm registered in Tanzania, giving its services from Moshi town to their big cities and towns in Tanzania. Do Masalu High class bus online ticketing and save money and time.<\/p>\r\n\r\n\r\n\r\n<h2 class=\"wp-block-heading\">Masalu High class R\u00e9servation en ligne Kenya, billets de bus, horaires, itin\u00e9raires et tarifs FAQs<\/h2>\r\n\r\n\r\n\r\n<h3 class=\"wp-block-heading\">What is the most famous Masalu High class bus\u00a0routes on daily basis?<\/h3>\r\n\r\n\r\n\r\n<p>\u2022 Arusha pour oser le salaam via moshi<br \/>\u2022 Moshi \u00e0 Mwanza via Arusha<\/p>\r\n\r\n\r\n\r\n<h3>Ligne de flotte de bus haut de gamme Masalu<\/h3>\r\n<p>Pour le moment, l&#039;entreprise poss\u00e8de et exploite uniquement des bus chinois Zhongtong, ils ont le dernier et l&#039;ancien mod\u00e8le de grimpeur qui circule entre Mwanza et Moshi.<\/p>\r\n<p>Tous leurs bus sont \u00e9quip\u00e9s de si\u00e8ges inclinables deux par deux avec suffisamment d&#039;espace pour les jambes et les accoudoirs, audio visuel pour l&#039;annonce et le divertissement.<\/p>\r\n<p>Leurs bus disposent d&#039;un climatiseur \u00e0 bord avec panneau de commande individuel, de ports de charge USB, de lampes de lecture au plafond et d&#039;une connexion Wi-Fi gratuite dans le bus.<\/p>\r\n<p>Ils fournissent \u00e9galement des collations et des boissons non alcoolis\u00e9es gratuites \u00e0 chaque client dans le bus et ils fournissent \u00e9galement des soins de premiers secours \u00e0 bord.<\/p>\r\n<h3>Ligne de service de bus haut de gamme Masalu<\/h3>\r\n<p>Uniquement pour la ligne Arusha et Dar es Salaam, la soci\u00e9t\u00e9 assure d\u00e9sormais ses services de bus quotidiens de Moshi \u00e0 Mwanza via la ville d&#039;Arusha. L&#039;entreprise transf\u00e8re \u00e0 la fois des colis et des passagers \u00e0 des prix abordables.<\/p>\r\n<p>L&#039;entreprise ne propose que des d\u00e9parts le matin et des services l&#039;apr\u00e8s-midi pour certaines gares entre leurs itin\u00e9raires.<br \/>La r\u00e9servation peut \u00eatre effectu\u00e9e dans leurs bureaux situ\u00e9s dans les terminaux ou en ligne en les appelant aux num\u00e9ros indiqu\u00e9s sous cette page. Parfois, la r\u00e9servation en ligne peut \u00eatre effectu\u00e9e via leur site.<\/p>\r\n<p>\r\n\r\n<\/p>\r\n<h2 class=\"wp-block-heading\">Quelles sont les coordonn\u00e9es des bureaux de r\u00e9servation de billets de bus en ligne Masalu High Class ?<\/h2>\r\n<p>\r\n\r\n<\/p>\r\n<p>Si\u00e8ge social : ville de Moshi.<\/p>\r\n<p>\r\n\r\n<\/p>\r\n<h2 class=\"wp-block-heading\">Conseils de r\u00e9servation de billets de bus en ligne de grande classe Masalu<\/h2>\r\n<p>\r\n\r\n<\/p>\r\n<p>Leur premier grand itin\u00e9raire \u00e9tait Arusha \u00e0 Dar es Salaam avec leur grande gare \u00e0 Moshi et ils offraient les meilleurs d\u00e9fis \u00e0 d&#039;autres entreprises c\u00e9l\u00e8bres sur les itin\u00e9raires.<\/p>\r\n<p>\r\n\r\n<\/p>\r\n<p>Plus tard, l&#039;entreprise remplace sa grande route, ils ont introduit la route Moshi \u00e0 Mwanza \u00e0 travers Arusha et d&#039;autres villes. Leur quartier g\u00e9n\u00e9ral est dans la ville de Moshi.<\/p>\r\n<h2>Autres compagnies de bus populaires en Tanzanie<\/h2>\r\n<table border=\"0\" cellspacing=\"1\" cellpadding=\"1\">\r\n<tbody>\r\n<tr>\r\n<td>\r\n<ul>\r\n<li><a href=\"https:\/\/tiketi.com\/fr-fr\/companies\/buses\/isamilo-buses\/\" target=\"_blank\" rel=\"noopener\">Isamilo Express Booking<\/a><\/li>\r\n<\/ul>\r\n<\/td>\r\n<td style=\"width: 30px;\">\u00a0<\/td>\r\n<td>\r\n<ul>\r\n<li><a href=\"https:\/\/tiketi.com\/fr-fr\/companies\/buses\/kilimanjaro-express\/\" target=\"_blank\" rel=\"noopener\">R\u00e9servation Dar Express<\/a><\/li>\r\n<\/ul>\r\n<\/td>\r\n<td style=\"width: 30px;\">\u00a0<\/td>\r\n<td>\r\n<ul>\r\n<li><a href=\"https:\/\/tiketi.com\/fr-fr\/companies\/buses\/abood-bus\/\" target=\"_blank\" rel=\"noopener\">R\u00e9servation de bus Abood<\/a><\/li>\r\n<\/ul>\r\n<\/td>\r\n<\/tr>\r\n<tr>\r\n<td>\r\n<ul>\r\n<li><a href=\"https:\/\/tiketi.com\/fr-fr\/companies\/buses\/super-feo-bus\/\" target=\"_blank\" rel=\"noopener\">Super Feo Booking<\/a><\/li>\r\n<\/ul>\r\n<\/td>\r\n<td style=\"width: 30px;\">\u00a0<\/td>\r\n<td>\r\n<ul>\r\n<li><a href=\"https:\/\/tiketi.com\/fr-fr\/companies\/buses\/happy-nation-express\/\" target=\"_blank\" rel=\"noopener\">R\u00e9servation Happy Nation Express<\/a><\/li>\r\n<\/ul>\r\n<\/td>\r\n<td style=\"width: 30px;\">\u00a0<\/td>\r\n<td>\r\n<ul>\r\n<li><a href=\"https:\/\/tiketi.com\/fr-fr\/companies\/buses\/esther-luxury-coach\/\" target=\"_blank\" rel=\"noopener\">R\u00e9servation d&#039;autocars de luxe Esther<\/a><\/li>\r\n<\/ul>\r\n<\/td>\r\n<\/tr>\r\n<tr>\r\n<td>\r\n<ul>\r\n<li><a href=\"https:\/\/tiketi.com\/fr-fr\/companies\/buses\/bm-luxury-coach\/\" target=\"_blank\" rel=\"noopener\">R\u00e9servation de bus BM<\/a><\/li>\r\n<\/ul>\r\n<\/td>\r\n<td style=\"width: 30px;\">\u00a0<\/td>\r\n<td>\r\n<ul>\r\n<li><a href=\"https:\/\/tiketi.com\/fr-fr\/companies\/buses\/satco-express\/\" target=\"_blank\" rel=\"noopener\">R\u00e9servation de bus Satco<\/a><\/li>\r\n<\/ul>\r\n<\/td>\r\n<td style=\"width: 30px;\">\u00a0<\/td>\r\n<td>\r\n<ul>\r\n<li><a href=\"https:\/\/tiketi.com\/fr-fr\/companies\/buses\/abc-autobus-de-classe-superieur\/\" target=\"_blank\" rel=\"noopener\">R\u00e9servation de bus ABC Upper Class<\/a><\/li>\r\n<\/ul>\r\n<\/td>\r\n<\/tr>\r\n<\/tbody>\r\n<\/table>\r\n<p>&nbsp;<\/p>\r\n<p>&nbsp;<\/p>\r\n<p><\/p>","protected":false},"excerpt":{"rendered":"<p>Cheap Masalu High class Online Bus Ticket Booking Discover your travel route on web, mobile or app and do cheap Masalu High class online bus ticket booking now. Masalu High class\u00a0online booking Kenya made easy. Masalu High class is a bus transportation firm registered in Tanzania, giving its services from Moshi town to their big [&hellip;]<\/p>\n","protected":false},"author":1,"featured_media":13999,"parent":25524,"menu_order":0,"comment_status":"closed","ping_status":"closed","template":"template-home-modern.php","meta":{"footnotes":""},"class_list":["post-26887","page","type-page","status-publish","has-post-thumbnail","hentry"],"yoast_head":"<!-- This site is optimized with the Yoast SEO plugin v27.3 - https:\/\/yoast.com\/product\/yoast-seo-wordpress\/ -->\n<title>Masalu High Class Online Booking, Bus Tickets, Schedule, Routes &amp; Fares - Tiketi.com<\/title>\n<meta name=\"description\" content=\"Looking for Masalu High class online booking, app, tickets, routes, fares &amp; schedule? Make a cheap Masalu High class online bus ticket booking\" \/>\n<meta name=\"robots\" content=\"index, follow, max-snippet:-1, max-image-preview:large, max-video-preview:-1\" \/>\n<link rel=\"canonical\" href=\"https:\/\/tiketi.com\/fr-fr\/companies\/buses\/masalu-high-class\/\" \/>\n<meta property=\"og:locale\" content=\"fr_FR\" \/>\n<meta property=\"og:type\" content=\"article\" \/>\n<meta property=\"og:title\" content=\"Masalu High Class Online Booking, Bus Tickets, Schedule, Routes &amp; Fares - Tiketi.com\" \/>\n<meta property=\"og:description\" content=\"Looking for Masalu High class online booking, app, tickets, routes, fares &amp; schedule? Make a cheap Masalu High class online bus ticket booking\" \/>\n<meta property=\"og:url\" content=\"https:\/\/tiketi.com\/fr-fr\/companies\/buses\/masalu-high-class\/\" \/>\n<meta property=\"og:site_name\" content=\"Tiketi.com\" \/>\n<meta property=\"article:publisher\" content=\"https:\/\/www.facebook.com\/TiketiCom\/\" \/>\n<meta property=\"article:modified_time\" content=\"2025-08-03T19:51:50+00:00\" \/>\n<meta property=\"og:image\" content=\"https:\/\/tiketi.com\/wp-content\/uploads\/2022\/01\/bus-ticket-online-booking.jpg\" \/>\n\t<meta property=\"og:image:width\" content=\"1200\" \/>\n\t<meta property=\"og:image:height\" content=\"206\" \/>\n\t<meta property=\"og:image:type\" content=\"image\/jpeg\" \/>\n<meta name=\"twitter:card\" content=\"summary_large_image\" \/>\n<meta name=\"twitter:label1\" content=\"Dur\u00e9e de lecture estim\u00e9e\" \/>\n\t<meta name=\"twitter:data1\" content=\"3 minutes\" \/>\n<script type=\"application\/ld+json\" class=\"yoast-schema-graph\">{\"@context\":\"https:\\\/\\\/schema.org\",\"@graph\":[{\"@type\":\"WebPage\",\"@id\":\"https:\\\/\\\/tiketi.com\\\/companies\\\/buses\\\/masalu-high-class\\\/\",\"url\":\"https:\\\/\\\/tiketi.com\\\/companies\\\/buses\\\/masalu-high-class\\\/\",\"name\":\"Masalu High Class Online Booking, Bus Tickets, Schedule, Routes &amp; Fares - Tiketi.com\",\"isPartOf\":{\"@id\":\"https:\\\/\\\/tiketi.com\\\/#website\"},\"primaryImageOfPage\":{\"@id\":\"https:\\\/\\\/tiketi.com\\\/companies\\\/buses\\\/masalu-high-class\\\/#primaryimage\"},\"image\":{\"@id\":\"https:\\\/\\\/tiketi.com\\\/companies\\\/buses\\\/masalu-high-class\\\/#primaryimage\"},\"thumbnailUrl\":\"https:\\\/\\\/tiketi.com\\\/wp-content\\\/uploads\\\/2022\\\/01\\\/bus-ticket-online-booking.jpg\",\"datePublished\":\"2023-03-02T12:27:33+00:00\",\"dateModified\":\"2025-08-03T19:51:50+00:00\",\"description\":\"Looking for Masalu High class online booking, app, tickets, routes, fares & schedule? Make a cheap Masalu High class online bus ticket booking\",\"breadcrumb\":{\"@id\":\"https:\\\/\\\/tiketi.com\\\/companies\\\/buses\\\/masalu-high-class\\\/#breadcrumb\"},\"inLanguage\":\"fr-FR\",\"potentialAction\":[{\"@type\":\"ReadAction\",\"target\":[\"https:\\\/\\\/tiketi.com\\\/companies\\\/buses\\\/masalu-high-class\\\/\"]}]},{\"@type\":\"ImageObject\",\"inLanguage\":\"fr-FR\",\"@id\":\"https:\\\/\\\/tiketi.com\\\/companies\\\/buses\\\/masalu-high-class\\\/#primaryimage\",\"url\":\"https:\\\/\\\/tiketi.com\\\/wp-content\\\/uploads\\\/2022\\\/01\\\/bus-ticket-online-booking.jpg\",\"contentUrl\":\"https:\\\/\\\/tiketi.com\\\/wp-content\\\/uploads\\\/2022\\\/01\\\/bus-ticket-online-booking.jpg\",\"width\":1200,\"height\":206,\"caption\":\"Online Bus Ticket Booking\"},{\"@type\":\"BreadcrumbList\",\"@id\":\"https:\\\/\\\/tiketi.com\\\/companies\\\/buses\\\/masalu-high-class\\\/#breadcrumb\",\"itemListElement\":[{\"@type\":\"ListItem\",\"position\":1,\"name\":\"Home\",\"item\":\"https:\\\/\\\/tiketi.com\\\/\"},{\"@type\":\"ListItem\",\"position\":2,\"name\":\"Companies\",\"item\":\"https:\\\/\\\/tiketi.com\\\/companies\\\/\"},{\"@type\":\"ListItem\",\"position\":3,\"name\":\"Buses\",\"item\":\"https:\\\/\\\/tiketi.com\\\/companies\\\/buses\\\/\"},{\"@type\":\"ListItem\",\"position\":4,\"name\":\"Masalu High Class Online Booking, Bus Tickets, Schedule, Routes &amp; Fares\"}]},{\"@type\":\"WebSite\",\"@id\":\"https:\\\/\\\/tiketi.com\\\/#website\",\"url\":\"https:\\\/\\\/tiketi.com\\\/\",\"name\":\"Flight & Bus Tickets, Tour Packages & Activitites - Tiketi.com\",\"description\":\"Flight &amp; Bus Tickets, Tours, Activitites\",\"publisher\":{\"@id\":\"https:\\\/\\\/tiketi.com\\\/#organization\"},\"potentialAction\":[{\"@type\":\"SearchAction\",\"target\":{\"@type\":\"EntryPoint\",\"urlTemplate\":\"https:\\\/\\\/tiketi.com\\\/?s={search_term_string}\"},\"query-input\":{\"@type\":\"PropertyValueSpecification\",\"valueRequired\":true,\"valueName\":\"search_term_string\"}}],\"inLanguage\":\"fr-FR\"},{\"@type\":\"Organization\",\"@id\":\"https:\\\/\\\/tiketi.com\\\/#organization\",\"name\":\"Tiketi.com\",\"alternateName\":\"Tiketi\",\"url\":\"https:\\\/\\\/tiketi.com\\\/\",\"logo\":{\"@type\":\"ImageObject\",\"inLanguage\":\"fr-FR\",\"@id\":\"https:\\\/\\\/tiketi.com\\\/#\\\/schema\\\/logo\\\/image\\\/\",\"url\":\"https:\\\/\\\/tiketi.com\\\/wp-content\\\/uploads\\\/2019\\\/05\\\/tiketi-logo-696.png\",\"contentUrl\":\"https:\\\/\\\/tiketi.com\\\/wp-content\\\/uploads\\\/2019\\\/05\\\/tiketi-logo-696.png\",\"width\":696,\"height\":696,\"caption\":\"Tiketi.com\"},\"image\":{\"@id\":\"https:\\\/\\\/tiketi.com\\\/#\\\/schema\\\/logo\\\/image\\\/\"},\"sameAs\":[\"https:\\\/\\\/www.facebook.com\\\/TiketiCom\\\/\"]}]}<\/script>\n<!-- \/ Yoast SEO plugin. -->","yoast_head_json":{"title":"Masalu High Class R\u00e9servation en ligne, Billets de bus, Horaires, Trajets &amp; Tarifs - Tiketi.com","description":"Vous recherchez une r\u00e9servation en ligne Masalu High class, une application, des billets, des itin\u00e9raires, des tarifs et des horaires\u00a0? R\u00e9servez vos billets de bus Masalu High class en ligne pas chers","robots":{"index":"index","follow":"follow","max-snippet":"max-snippet:-1","max-image-preview":"max-image-preview:large","max-video-preview":"max-video-preview:-1"},"canonical":"https:\/\/tiketi.com\/fr-fr\/companies\/buses\/masalu-high-class\/","og_locale":"fr_FR","og_type":"article","og_title":"Masalu High Class Online Booking, Bus Tickets, Schedule, Routes &amp; Fares - Tiketi.com","og_description":"Looking for Masalu High class online booking, app, tickets, routes, fares & schedule? Make a cheap Masalu High class online bus ticket booking","og_url":"https:\/\/tiketi.com\/fr-fr\/companies\/buses\/masalu-high-class\/","og_site_name":"Tiketi.com","article_publisher":"https:\/\/www.facebook.com\/TiketiCom\/","article_modified_time":"2025-08-03T19:51:50+00:00","og_image":[{"width":1200,"height":206,"url":"https:\/\/tiketi.com\/wp-content\/uploads\/2022\/01\/bus-ticket-online-booking.jpg","type":"image\/jpeg"}],"twitter_card":"summary_large_image","twitter_misc":{"Dur\u00e9e de lecture estim\u00e9e":"3 minutes"},"schema":{"@context":"https:\/\/schema.org","@graph":[{"@type":"WebPage","@id":"https:\/\/tiketi.com\/companies\/buses\/masalu-high-class\/","url":"https:\/\/tiketi.com\/companies\/buses\/masalu-high-class\/","name":"Masalu High Class R\u00e9servation en ligne, Billets de bus, Horaires, Trajets &amp; Tarifs - Tiketi.com","isPartOf":{"@id":"https:\/\/tiketi.com\/#website"},"primaryImageOfPage":{"@id":"https:\/\/tiketi.com\/companies\/buses\/masalu-high-class\/#primaryimage"},"image":{"@id":"https:\/\/tiketi.com\/companies\/buses\/masalu-high-class\/#primaryimage"},"thumbnailUrl":"https:\/\/tiketi.com\/wp-content\/uploads\/2022\/01\/bus-ticket-online-booking.jpg","datePublished":"2023-03-02T12:27:33+00:00","dateModified":"2025-08-03T19:51:50+00:00","description":"Vous recherchez une r\u00e9servation en ligne Masalu High class, une application, des billets, des itin\u00e9raires, des tarifs et des horaires\u00a0? R\u00e9servez vos billets de bus Masalu High class en ligne pas chers","breadcrumb":{"@id":"https:\/\/tiketi.com\/companies\/buses\/masalu-high-class\/#breadcrumb"},"inLanguage":"fr-FR","potentialAction":[{"@type":"ReadAction","target":["https:\/\/tiketi.com\/companies\/buses\/masalu-high-class\/"]}]},{"@type":"ImageObject","inLanguage":"fr-FR","@id":"https:\/\/tiketi.com\/companies\/buses\/masalu-high-class\/#primaryimage","url":"https:\/\/tiketi.com\/wp-content\/uploads\/2022\/01\/bus-ticket-online-booking.jpg","contentUrl":"https:\/\/tiketi.com\/wp-content\/uploads\/2022\/01\/bus-ticket-online-booking.jpg","width":1200,"height":206,"caption":"Online Bus Ticket Booking"},{"@type":"BreadcrumbList","@id":"https:\/\/tiketi.com\/companies\/buses\/masalu-high-class\/#breadcrumb","itemListElement":[{"@type":"ListItem","position":1,"name":"Home","item":"https:\/\/tiketi.com\/"},{"@type":"ListItem","position":2,"name":"Companies","item":"https:\/\/tiketi.com\/companies\/"},{"@type":"ListItem","position":3,"name":"Buses","item":"https:\/\/tiketi.com\/companies\/buses\/"},{"@type":"ListItem","position":4,"name":"Masalu High Class Online Booking, Bus Tickets, Schedule, Routes &amp; Fares"}]},{"@type":"WebSite","@id":"https:\/\/tiketi.com\/#website","url":"https:\/\/tiketi.com\/","name":"Billets d&#039;avion et de bus, forfaits touristiques et activit\u00e9s - Tiketi.com","description":"Billets d&#039;avion et de bus, Tours, Activit\u00e9s","publisher":{"@id":"https:\/\/tiketi.com\/#organization"},"potentialAction":[{"@type":"SearchAction","target":{"@type":"EntryPoint","urlTemplate":"https:\/\/tiketi.com\/?s={search_term_string}"},"query-input":{"@type":"PropertyValueSpecification","valueRequired":true,"valueName":"search_term_string"}}],"inLanguage":"fr-FR"},{"@type":"Organization","@id":"https:\/\/tiketi.com\/#organization","name":"Tiketi.com","alternateName":"Tiketi","url":"https:\/\/tiketi.com\/","logo":{"@type":"ImageObject","inLanguage":"fr-FR","@id":"https:\/\/tiketi.com\/#\/schema\/logo\/image\/","url":"https:\/\/tiketi.com\/wp-content\/uploads\/2019\/05\/tiketi-logo-696.png","contentUrl":"https:\/\/tiketi.com\/wp-content\/uploads\/2019\/05\/tiketi-logo-696.png","width":696,"height":696,"caption":"Tiketi.com"},"image":{"@id":"https:\/\/tiketi.com\/#\/schema\/logo\/image\/"},"sameAs":["https:\/\/www.facebook.com\/TiketiCom\/"]}]}},"_links":{"self":[{"href":"https:\/\/tiketi.com\/fr-fr\/wp-json\/wp\/v2\/pages\/26887","targetHints":{"allow":["GET"]}}],"collection":[{"href":"https:\/\/tiketi.com\/fr-fr\/wp-json\/wp\/v2\/pages"}],"about":[{"href":"https:\/\/tiketi.com\/fr-fr\/wp-json\/wp\/v2\/types\/page"}],"author":[{"embeddable":true,"href":"https:\/\/tiketi.com\/fr-fr\/wp-json\/wp\/v2\/users\/1"}],"replies":[{"embeddable":true,"href":"https:\/\/tiketi.com\/fr-fr\/wp-json\/wp\/v2\/comments?post=26887"}],"version-history":[{"count":1,"href":"https:\/\/tiketi.com\/fr-fr\/wp-json\/wp\/v2\/pages\/26887\/revisions"}],"predecessor-version":[{"id":32352,"href":"https:\/\/tiketi.com\/fr-fr\/wp-json\/wp\/v2\/pages\/26887\/revisions\/32352"}],"up":[{"embeddable":true,"href":"https:\/\/tiketi.com\/fr-fr\/wp-json\/wp\/v2\/pages\/25524"}],"wp:featuredmedia":[{"embeddable":true,"href":"https:\/\/tiketi.com\/fr-fr\/wp-json\/wp\/v2\/media\/13999"}],"wp:attachment":[{"href":"https:\/\/tiketi.com\/fr-fr\/wp-json\/wp\/v2\/media?parent=26887"}],"curies":[{"name":"wp","href":"https:\/\/api.w.org\/{rel}","templated":true}]}}