{"id":26889,"date":"2023-03-02T13:27:54","date_gmt":"2023-03-02T12:27:54","guid":{"rendered":"https:\/\/tiketi.com\/?page_id=26889"},"modified":"2023-03-02T13:41:59","modified_gmt":"2023-03-02T12:41:59","slug":"tanzanite","status":"publish","type":"page","link":"https:\/\/tiketi.com\/fr-fr\/companies\/buses\/tanzanite\/","title":{"rendered":"R\u00e9servation en ligne de bus Tanzanite, billets, horaires, itin\u00e9raires et tarifs"},"content":{"rendered":"<h2 class=\"wp-block-heading\">R\u00e9servation de billets de bus en ligne pas cher \u00e0 Tanzanite<\/h2>\n\n\n\n<h3 class=\"wp-block-heading\">D\u00e9couvrez votre itin\u00e9raire de voyage sur le Web, sur mobile ou sur une application et r\u00e9servez d\u00e8s maintenant vos billets de bus en ligne Tanzanite \u00e0 bas prix.<\/h3>\n\n\n\n<p>La r\u00e9servation en ligne des bus Tanzanite au Kenya est simplifi\u00e9e. La soci\u00e9t\u00e9 de bus Tanzanite est une soci\u00e9t\u00e9 s\u0153ur bas\u00e9e en Tanzanie des grandes marques d&#039;Afrique de l&#039;Est \u00ab Soci\u00e9t\u00e9 Dar Lux \u00bb. L&#039;entreprise est entr\u00e9e en activit\u00e9 en 2018 lorsque son premier bus import\u00e9 de Chine a \u00e9t\u00e9 pr\u00e9sent\u00e9 sur les r\u00e9seaux sociaux. Faites la r\u00e9servation de billets de bus en ligne Tanzanite et \u00e9conomisez du temps et de l&#039;argent.<\/p>\n\n\n\n<h2 class=\"wp-block-heading\">Tanzanite bus R\u00e9servation en ligne au Kenya, billets de bus, horaires, itin\u00e9raires et tarifs FAQ<\/h2>\n\n\n\n<h3 class=\"wp-block-heading\">Quelles sont les lignes de bus les plus c\u00e9l\u00e8bres de Tanzanite au quotidien\u00a0?<\/h3>\n\n\n\n<p>\u2022 Mwanza osera le salaam \u00e0 travers Dodoma<br>\u2022 Dar es Salaam et Mwanza via Kahama<\/p>\n\n\n\n<p><p>L&#039;entreprise propose des services de bus publics quotidiens de la ville d&#039;affaires de Dar es Salaam \u00e0 la ville de Mwanza en passant par Dodoma, Morogoro et Kahama. Ils offrent \u00e0 leurs clients des voyages bien exp\u00e9riment\u00e9s pour un statut et un confort optimaux pour leurs clients et passagers royaux.<\/p>\n<p>Outre les services de transfert de passagers, l&#039;entreprise propose des services de transfert de colis \u00e0 des prix avantageux et une s\u00e9curit\u00e9 maximale pour vos colis.<\/p>\n<p>Les billets de bus Tanzanite peuvent \u00eatre achet\u00e9s dans leurs bureaux situ\u00e9s \u00e0 chaque arr\u00eat de bus et terminal.<\/p>\n<h3>Ligne de flotte de l&#039;entreprise de bus Tanzanite<\/h3>\n<p>C&#039;est l&#039;une des compagnies de bus qui poss\u00e8de des bus luxueux en Tanzanie. Leur flotte est directement import\u00e9e de Chine avec de charmantes caract\u00e9ristiques int\u00e9rieures personnalis\u00e9es.<\/p>\n<p>Ils ont juste un mod\u00e8le de bus chinois Higer, construit pour vous offrir un voyage relaxant au-del\u00e0 de l&#039;exp\u00e9rience raisonnable du voyage. Leurs bus sont bien personnalis\u00e9s avec des si\u00e8ges en cuir pour que vous vous sentiez d\u00e9tendu et heureux.<\/p><\/p>\n\n\n\n<h3 class=\"wp-block-heading\">Quelles sont les coordonn\u00e9es des bureaux de r\u00e9servation de bus de Tanzanite ?<\/h3>\n\n\n\n<p>Tanzanite Bus Co. Ltd.<br>Produit\/Service<\/p>\n\n\n\n<h2 class=\"wp-block-heading\">Conseils pour r\u00e9server des billets de bus en ligne \u00e0 Tanzanite<\/h2>\n\n\n\n<p>La soci\u00e9t\u00e9 de bus Tanzanite semble suivre les mesures prises par sa soci\u00e9t\u00e9 m\u00e8re Dar Lux en fournissant des services incroyables. Lorsque vous choisissez de voyager avec cette entreprise, vous profiterez de voyages d\u00e9tendus avec leurs bus ainsi que leur personnel professionnel.<\/p>\n\n\n\n<p>L&#039;entreprise met en relation les populations de la ville d&#039;affaires de Dar es Salaam avec celles de la zone du Lac, principalement Khama et Mwanza.<\/p>","protected":false},"excerpt":{"rendered":"<p>Cheap Tanzanite Online Bus Ticket Booking Discover your travel route on web, mobile or app and do cheap Tanzanite online bus ticket booking now. Tanzanite bus online booking Kenya made easy. Tanzanite bus firm is a Tanzania based sister firm of the Big brands in East Africa \u201cDar Lux company\u201d. The firm came into operation [&hellip;]<\/p>\n","protected":false},"author":1,"featured_media":13999,"parent":25524,"menu_order":0,"comment_status":"closed","ping_status":"closed","template":"template-home-modern.php","meta":{"footnotes":""},"class_list":["post-26889","page","type-page","status-publish","has-post-thumbnail","hentry"],"yoast_head":"<!-- This site is optimized with the Yoast SEO plugin v27.3 - https:\/\/yoast.com\/product\/yoast-seo-wordpress\/ -->\n<title>Tanzanite Bus Online Booking, Tickets, Schedule, Routes &amp; Fares - Tiketi.com<\/title>\n<meta name=\"description\" content=\"Looking for Tanzanite bus online booking, app, tickets, contacts, route, fare &amp; schedule? Make a cheap Tanzanite bus online ticket booking\" \/>\n<meta name=\"robots\" content=\"index, follow, max-snippet:-1, max-image-preview:large, max-video-preview:-1\" \/>\n<link rel=\"canonical\" href=\"https:\/\/tiketi.com\/fr-fr\/companies\/buses\/tanzanite\/\" \/>\n<meta property=\"og:locale\" content=\"fr_FR\" \/>\n<meta property=\"og:type\" content=\"article\" \/>\n<meta property=\"og:title\" content=\"Tanzanite Bus Online Booking, Tickets, Schedule, Routes &amp; Fares - Tiketi.com\" \/>\n<meta property=\"og:description\" content=\"Looking for Tanzanite bus online booking, app, tickets, contacts, route, fare &amp; schedule? Make a cheap Tanzanite bus online ticket booking\" \/>\n<meta property=\"og:url\" content=\"https:\/\/tiketi.com\/fr-fr\/companies\/buses\/tanzanite\/\" \/>\n<meta property=\"og:site_name\" content=\"Tiketi.com\" \/>\n<meta property=\"article:publisher\" content=\"https:\/\/www.facebook.com\/TiketiCom\/\" \/>\n<meta property=\"article:modified_time\" content=\"2023-03-02T12:41:59+00:00\" \/>\n<meta property=\"og:image\" content=\"https:\/\/tiketi.com\/wp-content\/uploads\/2022\/01\/bus-ticket-online-booking.jpg\" \/>\n\t<meta property=\"og:image:width\" content=\"1200\" \/>\n\t<meta property=\"og:image:height\" content=\"206\" \/>\n\t<meta property=\"og:image:type\" content=\"image\/jpeg\" \/>\n<meta name=\"twitter:card\" content=\"summary_large_image\" \/>\n<meta name=\"twitter:label1\" content=\"Dur\u00e9e de lecture estim\u00e9e\" \/>\n\t<meta name=\"twitter:data1\" content=\"2 minutes\" \/>\n<script type=\"application\/ld+json\" class=\"yoast-schema-graph\">{\"@context\":\"https:\\\/\\\/schema.org\",\"@graph\":[{\"@type\":\"WebPage\",\"@id\":\"https:\\\/\\\/tiketi.com\\\/companies\\\/buses\\\/tanzanite\\\/\",\"url\":\"https:\\\/\\\/tiketi.com\\\/companies\\\/buses\\\/tanzanite\\\/\",\"name\":\"Tanzanite Bus Online Booking, Tickets, Schedule, Routes & Fares - Tiketi.com\",\"isPartOf\":{\"@id\":\"https:\\\/\\\/tiketi.com\\\/#website\"},\"primaryImageOfPage\":{\"@id\":\"https:\\\/\\\/tiketi.com\\\/companies\\\/buses\\\/tanzanite\\\/#primaryimage\"},\"image\":{\"@id\":\"https:\\\/\\\/tiketi.com\\\/companies\\\/buses\\\/tanzanite\\\/#primaryimage\"},\"thumbnailUrl\":\"https:\\\/\\\/tiketi.com\\\/wp-content\\\/uploads\\\/2022\\\/01\\\/bus-ticket-online-booking.jpg\",\"datePublished\":\"2023-03-02T12:27:54+00:00\",\"dateModified\":\"2023-03-02T12:41:59+00:00\",\"description\":\"Looking for Tanzanite bus online booking, app, tickets, contacts, route, fare & schedule? Make a cheap Tanzanite bus online ticket booking\",\"breadcrumb\":{\"@id\":\"https:\\\/\\\/tiketi.com\\\/companies\\\/buses\\\/tanzanite\\\/#breadcrumb\"},\"inLanguage\":\"fr-FR\",\"potentialAction\":[{\"@type\":\"ReadAction\",\"target\":[\"https:\\\/\\\/tiketi.com\\\/companies\\\/buses\\\/tanzanite\\\/\"]}]},{\"@type\":\"ImageObject\",\"inLanguage\":\"fr-FR\",\"@id\":\"https:\\\/\\\/tiketi.com\\\/companies\\\/buses\\\/tanzanite\\\/#primaryimage\",\"url\":\"https:\\\/\\\/tiketi.com\\\/wp-content\\\/uploads\\\/2022\\\/01\\\/bus-ticket-online-booking.jpg\",\"contentUrl\":\"https:\\\/\\\/tiketi.com\\\/wp-content\\\/uploads\\\/2022\\\/01\\\/bus-ticket-online-booking.jpg\",\"width\":1200,\"height\":206,\"caption\":\"Online Bus Ticket Booking\"},{\"@type\":\"BreadcrumbList\",\"@id\":\"https:\\\/\\\/tiketi.com\\\/companies\\\/buses\\\/tanzanite\\\/#breadcrumb\",\"itemListElement\":[{\"@type\":\"ListItem\",\"position\":1,\"name\":\"Home\",\"item\":\"https:\\\/\\\/tiketi.com\\\/\"},{\"@type\":\"ListItem\",\"position\":2,\"name\":\"Companies\",\"item\":\"https:\\\/\\\/tiketi.com\\\/companies\\\/\"},{\"@type\":\"ListItem\",\"position\":3,\"name\":\"Buses\",\"item\":\"https:\\\/\\\/tiketi.com\\\/companies\\\/buses\\\/\"},{\"@type\":\"ListItem\",\"position\":4,\"name\":\"Tanzanite Bus Online Booking, Tickets, Schedule, Routes &#038; Fares\"}]},{\"@type\":\"WebSite\",\"@id\":\"https:\\\/\\\/tiketi.com\\\/#website\",\"url\":\"https:\\\/\\\/tiketi.com\\\/\",\"name\":\"Flight & Bus Tickets, Tour Packages & Activitites - Tiketi.com\",\"description\":\"Flight &amp; Bus Tickets, Tours, Activitites\",\"publisher\":{\"@id\":\"https:\\\/\\\/tiketi.com\\\/#organization\"},\"potentialAction\":[{\"@type\":\"SearchAction\",\"target\":{\"@type\":\"EntryPoint\",\"urlTemplate\":\"https:\\\/\\\/tiketi.com\\\/?s={search_term_string}\"},\"query-input\":{\"@type\":\"PropertyValueSpecification\",\"valueRequired\":true,\"valueName\":\"search_term_string\"}}],\"inLanguage\":\"fr-FR\"},{\"@type\":\"Organization\",\"@id\":\"https:\\\/\\\/tiketi.com\\\/#organization\",\"name\":\"Tiketi.com\",\"alternateName\":\"Tiketi\",\"url\":\"https:\\\/\\\/tiketi.com\\\/\",\"logo\":{\"@type\":\"ImageObject\",\"inLanguage\":\"fr-FR\",\"@id\":\"https:\\\/\\\/tiketi.com\\\/#\\\/schema\\\/logo\\\/image\\\/\",\"url\":\"https:\\\/\\\/tiketi.com\\\/wp-content\\\/uploads\\\/2019\\\/05\\\/tiketi-logo-696.png\",\"contentUrl\":\"https:\\\/\\\/tiketi.com\\\/wp-content\\\/uploads\\\/2019\\\/05\\\/tiketi-logo-696.png\",\"width\":696,\"height\":696,\"caption\":\"Tiketi.com\"},\"image\":{\"@id\":\"https:\\\/\\\/tiketi.com\\\/#\\\/schema\\\/logo\\\/image\\\/\"},\"sameAs\":[\"https:\\\/\\\/www.facebook.com\\\/TiketiCom\\\/\"]}]}<\/script>\n<!-- \/ Yoast SEO plugin. -->","yoast_head_json":{"title":"R\u00e9servation en ligne du bus Tanzanite, billets, horaires, itin\u00e9raires et tarifs - Tiketi.com","description":"Vous recherchez une r\u00e9servation en ligne de bus Tanzanite, une application, des billets, des contacts, un itin\u00e9raire, un tarif et des horaires\u00a0? R\u00e9servation en ligne de billets de bus Tanzanite pas chers","robots":{"index":"index","follow":"follow","max-snippet":"max-snippet:-1","max-image-preview":"max-image-preview:large","max-video-preview":"max-video-preview:-1"},"canonical":"https:\/\/tiketi.com\/fr-fr\/companies\/buses\/tanzanite\/","og_locale":"fr_FR","og_type":"article","og_title":"Tanzanite Bus Online Booking, Tickets, Schedule, Routes & Fares - Tiketi.com","og_description":"Looking for Tanzanite bus online booking, app, tickets, contacts, route, fare & schedule? Make a cheap Tanzanite bus online ticket booking","og_url":"https:\/\/tiketi.com\/fr-fr\/companies\/buses\/tanzanite\/","og_site_name":"Tiketi.com","article_publisher":"https:\/\/www.facebook.com\/TiketiCom\/","article_modified_time":"2023-03-02T12:41:59+00:00","og_image":[{"width":1200,"height":206,"url":"https:\/\/tiketi.com\/wp-content\/uploads\/2022\/01\/bus-ticket-online-booking.jpg","type":"image\/jpeg"}],"twitter_card":"summary_large_image","twitter_misc":{"Dur\u00e9e de lecture estim\u00e9e":"2 minutes"},"schema":{"@context":"https:\/\/schema.org","@graph":[{"@type":"WebPage","@id":"https:\/\/tiketi.com\/companies\/buses\/tanzanite\/","url":"https:\/\/tiketi.com\/companies\/buses\/tanzanite\/","name":"R\u00e9servation en ligne du bus Tanzanite, billets, horaires, itin\u00e9raires et tarifs - Tiketi.com","isPartOf":{"@id":"https:\/\/tiketi.com\/#website"},"primaryImageOfPage":{"@id":"https:\/\/tiketi.com\/companies\/buses\/tanzanite\/#primaryimage"},"image":{"@id":"https:\/\/tiketi.com\/companies\/buses\/tanzanite\/#primaryimage"},"thumbnailUrl":"https:\/\/tiketi.com\/wp-content\/uploads\/2022\/01\/bus-ticket-online-booking.jpg","datePublished":"2023-03-02T12:27:54+00:00","dateModified":"2023-03-02T12:41:59+00:00","description":"Vous recherchez une r\u00e9servation en ligne de bus Tanzanite, une application, des billets, des contacts, un itin\u00e9raire, un tarif et des horaires\u00a0? R\u00e9servation en ligne de billets de bus Tanzanite pas chers","breadcrumb":{"@id":"https:\/\/tiketi.com\/companies\/buses\/tanzanite\/#breadcrumb"},"inLanguage":"fr-FR","potentialAction":[{"@type":"ReadAction","target":["https:\/\/tiketi.com\/companies\/buses\/tanzanite\/"]}]},{"@type":"ImageObject","inLanguage":"fr-FR","@id":"https:\/\/tiketi.com\/companies\/buses\/tanzanite\/#primaryimage","url":"https:\/\/tiketi.com\/wp-content\/uploads\/2022\/01\/bus-ticket-online-booking.jpg","contentUrl":"https:\/\/tiketi.com\/wp-content\/uploads\/2022\/01\/bus-ticket-online-booking.jpg","width":1200,"height":206,"caption":"Online Bus Ticket Booking"},{"@type":"BreadcrumbList","@id":"https:\/\/tiketi.com\/companies\/buses\/tanzanite\/#breadcrumb","itemListElement":[{"@type":"ListItem","position":1,"name":"Home","item":"https:\/\/tiketi.com\/"},{"@type":"ListItem","position":2,"name":"Companies","item":"https:\/\/tiketi.com\/companies\/"},{"@type":"ListItem","position":3,"name":"Buses","item":"https:\/\/tiketi.com\/companies\/buses\/"},{"@type":"ListItem","position":4,"name":"Tanzanite Bus Online Booking, Tickets, Schedule, Routes &#038; Fares"}]},{"@type":"WebSite","@id":"https:\/\/tiketi.com\/#website","url":"https:\/\/tiketi.com\/","name":"Billets d&#039;avion et de bus, forfaits touristiques et activit\u00e9s - Tiketi.com","description":"Billets d&#039;avion et de bus, Tours, Activit\u00e9s","publisher":{"@id":"https:\/\/tiketi.com\/#organization"},"potentialAction":[{"@type":"SearchAction","target":{"@type":"EntryPoint","urlTemplate":"https:\/\/tiketi.com\/?s={search_term_string}"},"query-input":{"@type":"PropertyValueSpecification","valueRequired":true,"valueName":"search_term_string"}}],"inLanguage":"fr-FR"},{"@type":"Organization","@id":"https:\/\/tiketi.com\/#organization","name":"Tiketi.com","alternateName":"Tiketi","url":"https:\/\/tiketi.com\/","logo":{"@type":"ImageObject","inLanguage":"fr-FR","@id":"https:\/\/tiketi.com\/#\/schema\/logo\/image\/","url":"https:\/\/tiketi.com\/wp-content\/uploads\/2019\/05\/tiketi-logo-696.png","contentUrl":"https:\/\/tiketi.com\/wp-content\/uploads\/2019\/05\/tiketi-logo-696.png","width":696,"height":696,"caption":"Tiketi.com"},"image":{"@id":"https:\/\/tiketi.com\/#\/schema\/logo\/image\/"},"sameAs":["https:\/\/www.facebook.com\/TiketiCom\/"]}]}},"_links":{"self":[{"href":"https:\/\/tiketi.com\/fr-fr\/wp-json\/wp\/v2\/pages\/26889","targetHints":{"allow":["GET"]}}],"collection":[{"href":"https:\/\/tiketi.com\/fr-fr\/wp-json\/wp\/v2\/pages"}],"about":[{"href":"https:\/\/tiketi.com\/fr-fr\/wp-json\/wp\/v2\/types\/page"}],"author":[{"embeddable":true,"href":"https:\/\/tiketi.com\/fr-fr\/wp-json\/wp\/v2\/users\/1"}],"replies":[{"embeddable":true,"href":"https:\/\/tiketi.com\/fr-fr\/wp-json\/wp\/v2\/comments?post=26889"}],"version-history":[{"count":0,"href":"https:\/\/tiketi.com\/fr-fr\/wp-json\/wp\/v2\/pages\/26889\/revisions"}],"up":[{"embeddable":true,"href":"https:\/\/tiketi.com\/fr-fr\/wp-json\/wp\/v2\/pages\/25524"}],"wp:featuredmedia":[{"embeddable":true,"href":"https:\/\/tiketi.com\/fr-fr\/wp-json\/wp\/v2\/media\/13999"}],"wp:attachment":[{"href":"https:\/\/tiketi.com\/fr-fr\/wp-json\/wp\/v2\/media?parent=26889"}],"curies":[{"name":"wp","href":"https:\/\/api.w.org\/{rel}","templated":true}]}}