{"id":26891,"date":"2023-03-02T13:27:55","date_gmt":"2023-03-02T12:27:55","guid":{"rendered":"https:\/\/tiketi.com\/?page_id=26891"},"modified":"2025-08-03T20:59:19","modified_gmt":"2025-08-03T19:59:19","slug":"takbiir-bus-express-service","status":"publish","type":"page","link":"https:\/\/tiketi.com\/fr-fr\/companies\/buses\/takbiir-bus-express-service\/","title":{"rendered":"R\u00e9servation en ligne de bus Takbiir, billets de bus, horaires, itin\u00e9raires et tarifs"},"content":{"rendered":"<h2 class=\"wp-block-heading\">R\u00e9servation de billets de bus en ligne Takbiir pas cher<\/h2>\r\n\r\n\r\n\r\n<h3 class=\"wp-block-heading\">D\u00e9couvrez votre itin\u00e9raire de voyage sur le web, le mobile ou l&#039;application et r\u00e9servez d\u00e8s maintenant vos billets de bus en ligne Takbiir \u00e0 bas prix.<\/h3>\r\n\r\n\r\n\r\n<p>Takbiir bus\u00a0online booking Kenya made easy. Takbiir bus is one of the oldest bus firm which operates in Tanzania for more than a 2 decade now. The firm is famous for Dar es Salaam to Katoro route. Do Takbiir bus online ticketing and save money and time.<\/p>\r\n\r\n\r\n\r\n<h2 class=\"wp-block-heading\">Takbiir bus R\u00e9servation en ligne Kenya, Billets de bus, Horaires, Itin\u00e9raires et Tarifs FAQs<\/h2>\r\n\r\n\r\n\r\n<h3 class=\"wp-block-heading\">What is the most famous Takbiir bus bus\u00a0routes on daily basis?<\/h3>\r\n\r\n\r\n\r\n<p>\u2022 Dar es Salam \u00e0 Kasulu<br \/>\u2022 Dar es Salam \u00e0 Katoro<br \/>\u2022 Dar es Salaam \u00e0 Mwanza<br \/>\u2022 Dar es Salam \u00e0 Kigoma<\/p>\r\n\r\n\r\n\r\n<h3 class=\"wp-block-heading\">Billet de la compagnie de bus Takbiir<\/h3>\r\n\r\n\r\n\r\n<p>Takbiir \u00e9tait l&#039;une des rares entreprises qui poss\u00e9daient et exploitaient des bus fabriqu\u00e9s localement sur un ch\u00e2ssis Scania, mais r\u00e9cemment, l&#039;entreprise a fait une grande innovation dans sa liste de flotte.<\/p>\r\n\r\n\r\n\r\n<p>L&#039;entreprise poss\u00e8de et g\u00e8re maintenant des bus import\u00e9s de Chine comme les bus Higer et Zhongtong. Certains sont nouvellement import\u00e9s et d&#039;autres achet\u00e9s localement aupr\u00e8s d&#039;autres compagnies de bus.<\/p>\r\n\r\n\r\n\r\n<p>Leurs bus ont un design extr\u00eamement luxueux qui comprend des si\u00e8ges inclinables deux par deux, des ports de chargement USB, des services de climatisation et des services audiovisuels.<\/p>\r\n\r\n\r\n\r\n<h3 class=\"wp-block-heading\">Ligne de service de la compagnie de bus Takbiir<\/h3>\r\n\r\n\r\n\r\n<p>Ils fournissent des services de bus de la ville de Daar es Salaam aux r\u00e9gions de la zone des lacs comme Shinyanga, Mwanza, Kigoma et de nombreuses autres villes du pays.<\/p>\r\n\r\n\r\n\r\n<p>L&#039;entreprise offre des services de transfert de passagers et de colis \u00e0 des prix abordables. Les prix des colis d\u00e9pendent de la taille et de la nature d&#039;un colis particulier.<\/p>\r\n\r\n\r\n\r\n<p>Les services de r\u00e9servation de billets sont accessibles dans leurs bureaux situ\u00e9s dans les gares routi\u00e8res. Vous pouvez \u00e9galement effectuer une r\u00e9servation en appelant leurs agents de bureau ou leur repr\u00e9sentant au num\u00e9ro indiqu\u00e9 ci-dessous.<\/p>\r\n\r\n\r\n\r\n<h3 class=\"wp-block-heading\">Quelles sont les coordonn\u00e9es des bureaux de r\u00e9servation de bus Takbiir ?<\/h3>\r\n\r\n\r\n\r\n<p>Pour r\u00e9server, appelez: 0763 165394, 0766 099885<\/p>\r\n\r\n\r\n\r\n<h2 class=\"wp-block-heading\">Conseils de r\u00e9servation de billets de bus en ligne Takbiir<\/h2>\r\n\r\n\r\n\r\n<p>Ils fournissent des services de bus bien programm\u00e9s parmi les hommes d&#039;affaires et autres visiteurs qui voyageaient entre les r\u00e9gions de la zone des lacs et la ville d&#039;affaires de Dar es Salaam.<\/p>\r\n\r\n\r\n\r\n<p>La route de Dar es Salaam \u00e0 Katoro compte quelques compagnies de bus qui fonctionnent selon un horaire bien planifi\u00e9 et c&#039;est un monstre parmi d&#039;autres compagnies sur la route.<\/p>\r\n<h2>Autres compagnies de bus populaires en Tanzanie<\/h2>\r\n<table border=\"0\" cellspacing=\"1\" cellpadding=\"1\">\r\n<tbody>\r\n<tr>\r\n<td>\r\n<ul>\r\n<li><a href=\"https:\/\/tiketi.com\/fr-fr\/companies\/buses\/trinity-express\/\" target=\"_blank\" rel=\"noopener\">Trinity Express Booking<\/a><\/li>\r\n<\/ul>\r\n<\/td>\r\n<td style=\"width: 30px;\">\u00a0<\/td>\r\n<td>\r\n<ul>\r\n<li><a href=\"https:\/\/tiketi.com\/fr-fr\/companies\/buses\/kilimanjaro-express\/\" target=\"_blank\" rel=\"noopener\">R\u00e9servation Dar Express<\/a><\/li>\r\n<\/ul>\r\n<\/td>\r\n<td style=\"width: 30px;\">\u00a0<\/td>\r\n<td>\r\n<ul>\r\n<li><a href=\"https:\/\/tiketi.com\/fr-fr\/companies\/buses\/abood-bus\/\" target=\"_blank\" rel=\"noopener\">R\u00e9servation de bus Abood<\/a><\/li>\r\n<\/ul>\r\n<\/td>\r\n<\/tr>\r\n<tr>\r\n<td>\r\n<ul>\r\n<li><a href=\"https:\/\/tiketi.com\/fr-fr\/companies\/buses\/shabiby-line\/\" target=\"_blank\" rel=\"noopener\">Shabiby Line Booking<\/a><\/li>\r\n<\/ul>\r\n<\/td>\r\n<td style=\"width: 30px;\">\u00a0<\/td>\r\n<td>\r\n<ul>\r\n<li><a href=\"https:\/\/tiketi.com\/fr-fr\/companies\/buses\/happy-nation-express\/\" target=\"_blank\" rel=\"noopener\">R\u00e9servation Happy Nation Express<\/a><\/li>\r\n<\/ul>\r\n<\/td>\r\n<td style=\"width: 30px;\">\u00a0<\/td>\r\n<td>\r\n<ul>\r\n<li><a href=\"https:\/\/tiketi.com\/fr-fr\/companies\/buses\/esther-luxury-coach\/\" target=\"_blank\" rel=\"noopener\">R\u00e9servation d&#039;autocars de luxe Esther<\/a><\/li>\r\n<\/ul>\r\n<\/td>\r\n<\/tr>\r\n<tr>\r\n<td>\r\n<ul>\r\n<li><a href=\"https:\/\/tiketi.com\/fr-fr\/companies\/buses\/bm-luxury-coach\/\" target=\"_blank\" rel=\"noopener\">R\u00e9servation de bus BM<\/a><\/li>\r\n<\/ul>\r\n<\/td>\r\n<td style=\"width: 30px;\">\u00a0<\/td>\r\n<td>\r\n<ul>\r\n<li><a href=\"https:\/\/tiketi.com\/fr-fr\/companies\/buses\/satco-express\/\" target=\"_blank\" rel=\"noopener\">R\u00e9servation de bus Satco<\/a><\/li>\r\n<\/ul>\r\n<\/td>\r\n<td style=\"width: 30px;\">\u00a0<\/td>\r\n<td>\r\n<ul>\r\n<li><a href=\"https:\/\/tiketi.com\/fr-fr\/companies\/buses\/abc-autobus-de-classe-superieur\/\" target=\"_blank\" rel=\"noopener\">R\u00e9servation de bus ABC Upper Class<\/a><\/li>\r\n<\/ul>\r\n<\/td>\r\n<\/tr>\r\n<\/tbody>\r\n<\/table>\r\n<p>&nbsp;<\/p>\r\n<p>&nbsp;<\/p>","protected":false},"excerpt":{"rendered":"<p>Cheap Takbiir Online Bus Ticket Booking Discover your travel route on web, mobile or app and do cheap Takbiir online bus ticket booking now. Takbiir bus\u00a0online booking Kenya made easy. Takbiir bus is one of the oldest bus firm which operates in Tanzania for more than a 2 decade now. The firm is famous for [&hellip;]<\/p>\n","protected":false},"author":1,"featured_media":13999,"parent":25524,"menu_order":0,"comment_status":"closed","ping_status":"closed","template":"template-home-modern.php","meta":{"footnotes":""},"class_list":["post-26891","page","type-page","status-publish","has-post-thumbnail","hentry"],"yoast_head":"<!-- This site is optimized with the Yoast SEO plugin v27.3 - https:\/\/yoast.com\/product\/yoast-seo-wordpress\/ -->\n<title>Takbiir Bus Online Booking, Bus Tickets, Schedule, Routes &amp; Fares - Tiketi.com<\/title>\n<meta name=\"description\" content=\"Looking for Takbiir bus online booking, app, tickets, contacts, route, fare &amp; schedule? Make a cheap Takbiir bus online ticket booking\" \/>\n<meta name=\"robots\" content=\"index, follow, max-snippet:-1, max-image-preview:large, max-video-preview:-1\" \/>\n<link rel=\"canonical\" href=\"https:\/\/tiketi.com\/fr-fr\/companies\/buses\/takbiir-bus-express-service\/\" \/>\n<meta property=\"og:locale\" content=\"fr_FR\" \/>\n<meta property=\"og:type\" content=\"article\" \/>\n<meta property=\"og:title\" content=\"Takbiir Bus Online Booking, Bus Tickets, Schedule, Routes &amp; Fares - Tiketi.com\" \/>\n<meta property=\"og:description\" content=\"Looking for Takbiir bus online booking, app, tickets, contacts, route, fare &amp; schedule? Make a cheap Takbiir bus online ticket booking\" \/>\n<meta property=\"og:url\" content=\"https:\/\/tiketi.com\/fr-fr\/companies\/buses\/takbiir-bus-express-service\/\" \/>\n<meta property=\"og:site_name\" content=\"Tiketi.com\" \/>\n<meta property=\"article:publisher\" content=\"https:\/\/www.facebook.com\/TiketiCom\/\" \/>\n<meta property=\"article:modified_time\" content=\"2025-08-03T19:59:19+00:00\" \/>\n<meta property=\"og:image\" content=\"https:\/\/tiketi.com\/wp-content\/uploads\/2022\/01\/bus-ticket-online-booking.jpg\" \/>\n\t<meta property=\"og:image:width\" content=\"1200\" \/>\n\t<meta property=\"og:image:height\" content=\"206\" \/>\n\t<meta property=\"og:image:type\" content=\"image\/jpeg\" \/>\n<meta name=\"twitter:card\" content=\"summary_large_image\" \/>\n<meta name=\"twitter:label1\" content=\"Dur\u00e9e de lecture estim\u00e9e\" \/>\n\t<meta name=\"twitter:data1\" content=\"2 minutes\" \/>\n<script type=\"application\/ld+json\" class=\"yoast-schema-graph\">{\"@context\":\"https:\\\/\\\/schema.org\",\"@graph\":[{\"@type\":\"WebPage\",\"@id\":\"https:\\\/\\\/tiketi.com\\\/companies\\\/buses\\\/takbiir-bus-express-service\\\/\",\"url\":\"https:\\\/\\\/tiketi.com\\\/companies\\\/buses\\\/takbiir-bus-express-service\\\/\",\"name\":\"Takbiir Bus Online Booking, Bus Tickets, Schedule, Routes & Fares - Tiketi.com\",\"isPartOf\":{\"@id\":\"https:\\\/\\\/tiketi.com\\\/#website\"},\"primaryImageOfPage\":{\"@id\":\"https:\\\/\\\/tiketi.com\\\/companies\\\/buses\\\/takbiir-bus-express-service\\\/#primaryimage\"},\"image\":{\"@id\":\"https:\\\/\\\/tiketi.com\\\/companies\\\/buses\\\/takbiir-bus-express-service\\\/#primaryimage\"},\"thumbnailUrl\":\"https:\\\/\\\/tiketi.com\\\/wp-content\\\/uploads\\\/2022\\\/01\\\/bus-ticket-online-booking.jpg\",\"datePublished\":\"2023-03-02T12:27:55+00:00\",\"dateModified\":\"2025-08-03T19:59:19+00:00\",\"description\":\"Looking for Takbiir bus online booking, app, tickets, contacts, route, fare & schedule? Make a cheap Takbiir bus online ticket booking\",\"breadcrumb\":{\"@id\":\"https:\\\/\\\/tiketi.com\\\/companies\\\/buses\\\/takbiir-bus-express-service\\\/#breadcrumb\"},\"inLanguage\":\"fr-FR\",\"potentialAction\":[{\"@type\":\"ReadAction\",\"target\":[\"https:\\\/\\\/tiketi.com\\\/companies\\\/buses\\\/takbiir-bus-express-service\\\/\"]}]},{\"@type\":\"ImageObject\",\"inLanguage\":\"fr-FR\",\"@id\":\"https:\\\/\\\/tiketi.com\\\/companies\\\/buses\\\/takbiir-bus-express-service\\\/#primaryimage\",\"url\":\"https:\\\/\\\/tiketi.com\\\/wp-content\\\/uploads\\\/2022\\\/01\\\/bus-ticket-online-booking.jpg\",\"contentUrl\":\"https:\\\/\\\/tiketi.com\\\/wp-content\\\/uploads\\\/2022\\\/01\\\/bus-ticket-online-booking.jpg\",\"width\":1200,\"height\":206,\"caption\":\"Online Bus Ticket Booking\"},{\"@type\":\"BreadcrumbList\",\"@id\":\"https:\\\/\\\/tiketi.com\\\/companies\\\/buses\\\/takbiir-bus-express-service\\\/#breadcrumb\",\"itemListElement\":[{\"@type\":\"ListItem\",\"position\":1,\"name\":\"Home\",\"item\":\"https:\\\/\\\/tiketi.com\\\/\"},{\"@type\":\"ListItem\",\"position\":2,\"name\":\"Companies\",\"item\":\"https:\\\/\\\/tiketi.com\\\/companies\\\/\"},{\"@type\":\"ListItem\",\"position\":3,\"name\":\"Buses\",\"item\":\"https:\\\/\\\/tiketi.com\\\/companies\\\/buses\\\/\"},{\"@type\":\"ListItem\",\"position\":4,\"name\":\"Takbiir Bus Online Booking, Bus Tickets, Schedule, Routes &#038; Fares\"}]},{\"@type\":\"WebSite\",\"@id\":\"https:\\\/\\\/tiketi.com\\\/#website\",\"url\":\"https:\\\/\\\/tiketi.com\\\/\",\"name\":\"Flight & Bus Tickets, Tour Packages & Activitites - Tiketi.com\",\"description\":\"Flight &amp; Bus Tickets, Tours, Activitites\",\"publisher\":{\"@id\":\"https:\\\/\\\/tiketi.com\\\/#organization\"},\"potentialAction\":[{\"@type\":\"SearchAction\",\"target\":{\"@type\":\"EntryPoint\",\"urlTemplate\":\"https:\\\/\\\/tiketi.com\\\/?s={search_term_string}\"},\"query-input\":{\"@type\":\"PropertyValueSpecification\",\"valueRequired\":true,\"valueName\":\"search_term_string\"}}],\"inLanguage\":\"fr-FR\"},{\"@type\":\"Organization\",\"@id\":\"https:\\\/\\\/tiketi.com\\\/#organization\",\"name\":\"Tiketi.com\",\"alternateName\":\"Tiketi\",\"url\":\"https:\\\/\\\/tiketi.com\\\/\",\"logo\":{\"@type\":\"ImageObject\",\"inLanguage\":\"fr-FR\",\"@id\":\"https:\\\/\\\/tiketi.com\\\/#\\\/schema\\\/logo\\\/image\\\/\",\"url\":\"https:\\\/\\\/tiketi.com\\\/wp-content\\\/uploads\\\/2019\\\/05\\\/tiketi-logo-696.png\",\"contentUrl\":\"https:\\\/\\\/tiketi.com\\\/wp-content\\\/uploads\\\/2019\\\/05\\\/tiketi-logo-696.png\",\"width\":696,\"height\":696,\"caption\":\"Tiketi.com\"},\"image\":{\"@id\":\"https:\\\/\\\/tiketi.com\\\/#\\\/schema\\\/logo\\\/image\\\/\"},\"sameAs\":[\"https:\\\/\\\/www.facebook.com\\\/TiketiCom\\\/\"]}]}<\/script>\n<!-- \/ Yoast SEO plugin. -->","yoast_head_json":{"title":"Takbiir Bus R\u00e9servation en ligne, Billets de bus, Horaires, Trajets &amp; Tarifs - Tiketi.com","description":"Vous recherchez une r\u00e9servation en ligne de bus Takbiir, une application, des billets, des contacts, un itin\u00e9raire, un tarif et un horaire\u00a0? Faites une r\u00e9servation en ligne de billets de bus Takbiir pas chers","robots":{"index":"index","follow":"follow","max-snippet":"max-snippet:-1","max-image-preview":"max-image-preview:large","max-video-preview":"max-video-preview:-1"},"canonical":"https:\/\/tiketi.com\/fr-fr\/companies\/buses\/takbiir-bus-express-service\/","og_locale":"fr_FR","og_type":"article","og_title":"Takbiir Bus Online Booking, Bus Tickets, Schedule, Routes & Fares - Tiketi.com","og_description":"Looking for Takbiir bus online booking, app, tickets, contacts, route, fare & schedule? Make a cheap Takbiir bus online ticket booking","og_url":"https:\/\/tiketi.com\/fr-fr\/companies\/buses\/takbiir-bus-express-service\/","og_site_name":"Tiketi.com","article_publisher":"https:\/\/www.facebook.com\/TiketiCom\/","article_modified_time":"2025-08-03T19:59:19+00:00","og_image":[{"width":1200,"height":206,"url":"https:\/\/tiketi.com\/wp-content\/uploads\/2022\/01\/bus-ticket-online-booking.jpg","type":"image\/jpeg"}],"twitter_card":"summary_large_image","twitter_misc":{"Dur\u00e9e de lecture estim\u00e9e":"2 minutes"},"schema":{"@context":"https:\/\/schema.org","@graph":[{"@type":"WebPage","@id":"https:\/\/tiketi.com\/companies\/buses\/takbiir-bus-express-service\/","url":"https:\/\/tiketi.com\/companies\/buses\/takbiir-bus-express-service\/","name":"Takbiir Bus R\u00e9servation en ligne, Billets de bus, Horaires, Trajets &amp; Tarifs - Tiketi.com","isPartOf":{"@id":"https:\/\/tiketi.com\/#website"},"primaryImageOfPage":{"@id":"https:\/\/tiketi.com\/companies\/buses\/takbiir-bus-express-service\/#primaryimage"},"image":{"@id":"https:\/\/tiketi.com\/companies\/buses\/takbiir-bus-express-service\/#primaryimage"},"thumbnailUrl":"https:\/\/tiketi.com\/wp-content\/uploads\/2022\/01\/bus-ticket-online-booking.jpg","datePublished":"2023-03-02T12:27:55+00:00","dateModified":"2025-08-03T19:59:19+00:00","description":"Vous recherchez une r\u00e9servation en ligne de bus Takbiir, une application, des billets, des contacts, un itin\u00e9raire, un tarif et un horaire\u00a0? Faites une r\u00e9servation en ligne de billets de bus Takbiir pas chers","breadcrumb":{"@id":"https:\/\/tiketi.com\/companies\/buses\/takbiir-bus-express-service\/#breadcrumb"},"inLanguage":"fr-FR","potentialAction":[{"@type":"ReadAction","target":["https:\/\/tiketi.com\/companies\/buses\/takbiir-bus-express-service\/"]}]},{"@type":"ImageObject","inLanguage":"fr-FR","@id":"https:\/\/tiketi.com\/companies\/buses\/takbiir-bus-express-service\/#primaryimage","url":"https:\/\/tiketi.com\/wp-content\/uploads\/2022\/01\/bus-ticket-online-booking.jpg","contentUrl":"https:\/\/tiketi.com\/wp-content\/uploads\/2022\/01\/bus-ticket-online-booking.jpg","width":1200,"height":206,"caption":"Online Bus Ticket Booking"},{"@type":"BreadcrumbList","@id":"https:\/\/tiketi.com\/companies\/buses\/takbiir-bus-express-service\/#breadcrumb","itemListElement":[{"@type":"ListItem","position":1,"name":"Home","item":"https:\/\/tiketi.com\/"},{"@type":"ListItem","position":2,"name":"Companies","item":"https:\/\/tiketi.com\/companies\/"},{"@type":"ListItem","position":3,"name":"Buses","item":"https:\/\/tiketi.com\/companies\/buses\/"},{"@type":"ListItem","position":4,"name":"Takbiir Bus Online Booking, Bus Tickets, Schedule, Routes &#038; Fares"}]},{"@type":"WebSite","@id":"https:\/\/tiketi.com\/#website","url":"https:\/\/tiketi.com\/","name":"Billets d&#039;avion et de bus, forfaits touristiques et activit\u00e9s - Tiketi.com","description":"Billets d&#039;avion et de bus, Tours, Activit\u00e9s","publisher":{"@id":"https:\/\/tiketi.com\/#organization"},"potentialAction":[{"@type":"SearchAction","target":{"@type":"EntryPoint","urlTemplate":"https:\/\/tiketi.com\/?s={search_term_string}"},"query-input":{"@type":"PropertyValueSpecification","valueRequired":true,"valueName":"search_term_string"}}],"inLanguage":"fr-FR"},{"@type":"Organization","@id":"https:\/\/tiketi.com\/#organization","name":"Tiketi.com","alternateName":"Tiketi","url":"https:\/\/tiketi.com\/","logo":{"@type":"ImageObject","inLanguage":"fr-FR","@id":"https:\/\/tiketi.com\/#\/schema\/logo\/image\/","url":"https:\/\/tiketi.com\/wp-content\/uploads\/2019\/05\/tiketi-logo-696.png","contentUrl":"https:\/\/tiketi.com\/wp-content\/uploads\/2019\/05\/tiketi-logo-696.png","width":696,"height":696,"caption":"Tiketi.com"},"image":{"@id":"https:\/\/tiketi.com\/#\/schema\/logo\/image\/"},"sameAs":["https:\/\/www.facebook.com\/TiketiCom\/"]}]}},"_links":{"self":[{"href":"https:\/\/tiketi.com\/fr-fr\/wp-json\/wp\/v2\/pages\/26891","targetHints":{"allow":["GET"]}}],"collection":[{"href":"https:\/\/tiketi.com\/fr-fr\/wp-json\/wp\/v2\/pages"}],"about":[{"href":"https:\/\/tiketi.com\/fr-fr\/wp-json\/wp\/v2\/types\/page"}],"author":[{"embeddable":true,"href":"https:\/\/tiketi.com\/fr-fr\/wp-json\/wp\/v2\/users\/1"}],"replies":[{"embeddable":true,"href":"https:\/\/tiketi.com\/fr-fr\/wp-json\/wp\/v2\/comments?post=26891"}],"version-history":[{"count":1,"href":"https:\/\/tiketi.com\/fr-fr\/wp-json\/wp\/v2\/pages\/26891\/revisions"}],"predecessor-version":[{"id":32357,"href":"https:\/\/tiketi.com\/fr-fr\/wp-json\/wp\/v2\/pages\/26891\/revisions\/32357"}],"up":[{"embeddable":true,"href":"https:\/\/tiketi.com\/fr-fr\/wp-json\/wp\/v2\/pages\/25524"}],"wp:featuredmedia":[{"embeddable":true,"href":"https:\/\/tiketi.com\/fr-fr\/wp-json\/wp\/v2\/media\/13999"}],"wp:attachment":[{"href":"https:\/\/tiketi.com\/fr-fr\/wp-json\/wp\/v2\/media?parent=26891"}],"curies":[{"name":"wp","href":"https:\/\/api.w.org\/{rel}","templated":true}]}}