{"id":26892,"date":"2023-03-02T13:27:44","date_gmt":"2023-03-02T12:27:44","guid":{"rendered":"https:\/\/tiketi.com\/?page_id=26892"},"modified":"2023-03-02T13:40:24","modified_gmt":"2023-03-02T12:40:24","slug":"smart-coach","status":"publish","type":"page","link":"https:\/\/tiketi.com\/fr-fr\/companies\/buses\/smart-coach\/","title":{"rendered":"R\u00e9servation en ligne Smart Coach, billets de bus, horaires, itin\u00e9raires et tarifs"},"content":{"rendered":"<h2 class=\"wp-block-heading\">R\u00e9servation de billets de bus en ligne Smart Coach pas cher au Kenya<\/h2>\n\n\n\n<h3 class=\"wp-block-heading\">D\u00e9couvrez votre itin\u00e9raire de voyage sur le Web, le mobile ou l&#039;application et effectuez d\u00e8s maintenant la r\u00e9servation de billets de bus en ligne Smart Coach \u00e0 bas prix.<\/h3>\n\n\n\n<p>La r\u00e9servation en ligne de Smart Coach Kenya en toute simplicit\u00e9. Smart Coach est la derni\u00e8re entreprise de transport au Kenya \u00e0 fournir des services de premi\u00e8re classe. Ce sont des compagnies de bus et de navette fiables et s\u00fbres et elles sont expertes dans le confort et le voyage avec style dans diff\u00e9rentes parties de ce charmant pays. Faites la r\u00e9servation de billets de bus en ligne Smart Coach et \u00e9conomisez de l&#039;argent et du temps.<\/p>\n\n\n\n<h2 class=\"wp-block-heading\">Smart Coach Online Booking Kenya, R\u00e9servation de billets de bus, FAQ sur les horaires, les itin\u00e9raires et les tarifs<\/h2>\n\n\n\n<h3 class=\"wp-block-heading\">Quelles sont les coordonn\u00e9es des bureaux de r\u00e9servation Smart Coach ?<\/h3>\n\n\n\n<p>Nairobi- Mombasa- Nairobi<br>Nairobi- Malindi- Nairobi<br>Nairobi- Kisumu- Nairobi<br>Nairobi- Shamakhokho- Nairobi<br>Nairobi- Muhoroni- Nairobi<br>Nairobi- Majengo- Nairobi<br>Nairobi- Meru- Nairobi<br>Nairobi- Eldoret- Nairobi<br>Nairobi- Bungoma- Nairobi<br>Nairobi- Kakamega- Nairobi<\/p>\n\n\n\n<p>Mombasa - Voi - Mombasa<br>Nairobi- Muhoroni- Nairobi<br>Mombasa-Lamu- Mombasa<br>Mombasa- Maua- Mombasa<br>Mombasa- Thika- Mombasa<br>Mombasa- Nyeri- Mombasa<br>Mombasa- Nakuru- Mombasa<br>Mombasa- Kisumu- Mombasa<br>Nairobi- Voi- Nairobi<br>Nairobi- Keruguya- Nairobi<br>Nairobi- Embu- Nairobi<br>Nairobi- Mumias- Nairobi<br>Nairobi- Nyeri- Nairobi<br>Smart Coach \u2013 Itin\u00e9raires d&#039;autobus<br>Mombasa-Taveta-Mombasa<br>Mombasa- Meru- Mombasa<\/p>\n\n\n\n<h3 class=\"wp-block-heading\">Ligne de flotte d&#039;autocars intelligents Kenya<\/h3>\n\n\n\n<p>L&#039;entreprise poss\u00e8de et g\u00e8re un grand nombre de flottes nouvellement import\u00e9es de l&#039;Ouest. La plupart de leurs v\u00e9hicules sont des minibus de Toyota avec leur nouvelle \u00e9dition Toyota Hiace Quantum.<\/p>\n\n\n\n<p>L&#039;entreprise exploite et a \u00e9galement remport\u00e9 des autocars r\u00e9guliers qui sont fabriqu\u00e9s dans le pays par les fabricants d&#039;autobus du Kenya.<\/p>\n\n\n\n<h3 class=\"wp-block-heading\">La ligne de service de la soci\u00e9t\u00e9 de navette<\/h3>\n\n\n\n<p>Voyagez avec smart coach, la meilleure agence de voyages au Kenya, offrant des services de premi\u00e8re classe. En voyageant avec eux, la s\u00e9curit\u00e9 et le confort passent avant tout et ils vous offriront une exp\u00e9rience m\u00e9morable et luxueuse.<br>Ils offrent des services quotidiens de transport de passagers de Nairobi vers l&#039;arri\u00e8re-pays ainsi que les r\u00e9gions de l&#039;arri\u00e8re-pays et la ville de Mombasa.<\/p>\n\n\n\n<p>Ils ont un bon horaire sur toutes les routes avec peu de personnel pour vous garder en s\u00e9curit\u00e9 tout au long du trajet.<br>L&#039;entreprise transf\u00e8re des colis ainsi que des prix avantageux.<\/p>\n\n\n\n<h3 class=\"wp-block-heading\">Quelles sont les coordonn\u00e9es des bureaux de r\u00e9servation Smart Coach ?<\/h3>\n\n\n\n<p><p>Station-service Kenol, River Road, Nairobi<\/p>\n<h2>Smart Coach R\u00e9servation de billets de bus en ligne Kenya Conseils<\/h2><\/p>\n\n\n\n\n\n<p>Avec eux, vous n&#039;avez pas besoin de vous rendre \u00e0 leur bureau de r\u00e9servation pour r\u00e9server une place ; vous pouvez soit appeler directement la ligne d&#039;assistance \u00e0 la client\u00e8le.<\/p>\n\n\n\n<p>La vision et la mission sont de diffuser et de fournir leurs services au-del\u00e0 de leurs fronti\u00e8res, d&#039;\u00eatre un fournisseur de voyages de premi\u00e8re classe et de satisfaction client.<\/p>","protected":false},"excerpt":{"rendered":"<p>Cheap Smart Coach Online Bus Ticket Booking Kenya Discover your travel route on web, mobile or app and do cheap Smart Coach online bus ticket booking booking now. Smart Coach&nbsp;online booking Kenya made easy. Smart coach is the latest transport firm in Kenya providing first class services. They are reliable and safe bus and shuttle [&hellip;]<\/p>\n","protected":false},"author":1,"featured_media":13999,"parent":25524,"menu_order":0,"comment_status":"closed","ping_status":"closed","template":"template-home-modern.php","meta":{"footnotes":""},"class_list":["post-26892","page","type-page","status-publish","has-post-thumbnail","hentry"],"yoast_head":"<!-- This site is optimized with the Yoast SEO plugin v27.2 - https:\/\/yoast.com\/product\/yoast-seo-wordpress\/ -->\n<title>Smart Coach Online Booking, Bus Tickets, Schedule, Routes &amp; Fares - Tiketi.com<\/title>\n<meta name=\"description\" content=\"Looking for Smart Coach online booking, app, tickets, contacts, route, fare &amp; schedule? Make a cheap Smart Coach online bus ticket booking\" \/>\n<meta name=\"robots\" content=\"index, follow, max-snippet:-1, max-image-preview:large, max-video-preview:-1\" \/>\n<link rel=\"canonical\" href=\"https:\/\/tiketi.com\/fr-fr\/companies\/buses\/smart-coach\/\" \/>\n<meta property=\"og:locale\" content=\"fr_FR\" \/>\n<meta property=\"og:type\" content=\"article\" \/>\n<meta property=\"og:title\" content=\"Smart Coach Online Booking, Bus Tickets, Schedule, Routes &amp; Fares - Tiketi.com\" \/>\n<meta property=\"og:description\" content=\"Looking for Smart Coach online booking, app, tickets, contacts, route, fare &amp; schedule? Make a cheap Smart Coach online bus ticket booking\" \/>\n<meta property=\"og:url\" content=\"https:\/\/tiketi.com\/fr-fr\/companies\/buses\/smart-coach\/\" \/>\n<meta property=\"og:site_name\" content=\"Tiketi.com\" \/>\n<meta property=\"article:publisher\" content=\"https:\/\/www.facebook.com\/TiketiCom\/\" \/>\n<meta property=\"article:modified_time\" content=\"2023-03-02T12:40:24+00:00\" \/>\n<meta property=\"og:image\" content=\"https:\/\/tiketi.com\/wp-content\/uploads\/2022\/01\/bus-ticket-online-booking.jpg\" \/>\n\t<meta property=\"og:image:width\" content=\"1200\" \/>\n\t<meta property=\"og:image:height\" content=\"206\" \/>\n\t<meta property=\"og:image:type\" content=\"image\/jpeg\" \/>\n<meta name=\"twitter:card\" content=\"summary_large_image\" \/>\n<meta name=\"twitter:label1\" content=\"Dur\u00e9e de lecture estim\u00e9e\" \/>\n\t<meta name=\"twitter:data1\" content=\"2 minutes\" \/>\n<script type=\"application\/ld+json\" class=\"yoast-schema-graph\">{\"@context\":\"https:\/\/schema.org\",\"@graph\":[{\"@type\":\"WebPage\",\"@id\":\"https:\/\/tiketi.com\/companies\/buses\/smart-coach\/\",\"url\":\"https:\/\/tiketi.com\/companies\/buses\/smart-coach\/\",\"name\":\"Smart Coach Online Booking, Bus Tickets, Schedule, Routes & Fares - Tiketi.com\",\"isPartOf\":{\"@id\":\"https:\/\/tiketi.com\/#website\"},\"primaryImageOfPage\":{\"@id\":\"https:\/\/tiketi.com\/companies\/buses\/smart-coach\/#primaryimage\"},\"image\":{\"@id\":\"https:\/\/tiketi.com\/companies\/buses\/smart-coach\/#primaryimage\"},\"thumbnailUrl\":\"https:\/\/tiketi.com\/wp-content\/uploads\/2022\/01\/bus-ticket-online-booking.jpg\",\"datePublished\":\"2023-03-02T12:27:44+00:00\",\"dateModified\":\"2023-03-02T12:40:24+00:00\",\"description\":\"Looking for Smart Coach online booking, app, tickets, contacts, route, fare & schedule? Make a cheap Smart Coach online bus ticket booking\",\"breadcrumb\":{\"@id\":\"https:\/\/tiketi.com\/companies\/buses\/smart-coach\/#breadcrumb\"},\"inLanguage\":\"fr-FR\",\"potentialAction\":[{\"@type\":\"ReadAction\",\"target\":[\"https:\/\/tiketi.com\/companies\/buses\/smart-coach\/\"]}]},{\"@type\":\"ImageObject\",\"inLanguage\":\"fr-FR\",\"@id\":\"https:\/\/tiketi.com\/companies\/buses\/smart-coach\/#primaryimage\",\"url\":\"https:\/\/tiketi.com\/wp-content\/uploads\/2022\/01\/bus-ticket-online-booking.jpg\",\"contentUrl\":\"https:\/\/tiketi.com\/wp-content\/uploads\/2022\/01\/bus-ticket-online-booking.jpg\",\"width\":1200,\"height\":206,\"caption\":\"Online Bus Ticket Booking\"},{\"@type\":\"BreadcrumbList\",\"@id\":\"https:\/\/tiketi.com\/companies\/buses\/smart-coach\/#breadcrumb\",\"itemListElement\":[{\"@type\":\"ListItem\",\"position\":1,\"name\":\"Home\",\"item\":\"https:\/\/tiketi.com\/\"},{\"@type\":\"ListItem\",\"position\":2,\"name\":\"Companies\",\"item\":\"https:\/\/tiketi.com\/companies\/\"},{\"@type\":\"ListItem\",\"position\":3,\"name\":\"Buses\",\"item\":\"https:\/\/tiketi.com\/companies\/buses\/\"},{\"@type\":\"ListItem\",\"position\":4,\"name\":\"Smart Coach Online Booking, Bus Tickets, Schedule, Routes &#038; Fares\"}]},{\"@type\":\"WebSite\",\"@id\":\"https:\/\/tiketi.com\/#website\",\"url\":\"https:\/\/tiketi.com\/\",\"name\":\"Flight & Bus Tickets, Tour Packages & Activitites - Tiketi.com\",\"description\":\"Flight &amp; Bus Tickets, Tours, Activitites\",\"publisher\":{\"@id\":\"https:\/\/tiketi.com\/#organization\"},\"potentialAction\":[{\"@type\":\"SearchAction\",\"target\":{\"@type\":\"EntryPoint\",\"urlTemplate\":\"https:\/\/tiketi.com\/?s={search_term_string}\"},\"query-input\":{\"@type\":\"PropertyValueSpecification\",\"valueRequired\":true,\"valueName\":\"search_term_string\"}}],\"inLanguage\":\"fr-FR\"},{\"@type\":\"Organization\",\"@id\":\"https:\/\/tiketi.com\/#organization\",\"name\":\"Tiketi.com\",\"alternateName\":\"Tiketi\",\"url\":\"https:\/\/tiketi.com\/\",\"logo\":{\"@type\":\"ImageObject\",\"inLanguage\":\"fr-FR\",\"@id\":\"https:\/\/tiketi.com\/#\/schema\/logo\/image\/\",\"url\":\"https:\/\/tiketi.com\/wp-content\/uploads\/2019\/05\/tiketi-logo-696.png\",\"contentUrl\":\"https:\/\/tiketi.com\/wp-content\/uploads\/2019\/05\/tiketi-logo-696.png\",\"width\":696,\"height\":696,\"caption\":\"Tiketi.com\"},\"image\":{\"@id\":\"https:\/\/tiketi.com\/#\/schema\/logo\/image\/\"},\"sameAs\":[\"https:\/\/www.facebook.com\/TiketiCom\/\"]}]}<\/script>\n<!-- \/ Yoast SEO plugin. -->","yoast_head_json":{"title":"Smart Coach R\u00e9servation en Ligne, Billets de Bus, Horaires, Trajets &amp; Tarifs - Tiketi.com","description":"Vous recherchez une r\u00e9servation en ligne Smart Coach, une application, des billets, des contacts, un itin\u00e9raire, un tarif et un horaire\u00a0? Faites une r\u00e9servation de billet de bus en ligne Smart Coach pas cher","robots":{"index":"index","follow":"follow","max-snippet":"max-snippet:-1","max-image-preview":"max-image-preview:large","max-video-preview":"max-video-preview:-1"},"canonical":"https:\/\/tiketi.com\/fr-fr\/companies\/buses\/smart-coach\/","og_locale":"fr_FR","og_type":"article","og_title":"Smart Coach Online Booking, Bus Tickets, Schedule, Routes & Fares - Tiketi.com","og_description":"Looking for Smart Coach online booking, app, tickets, contacts, route, fare & schedule? Make a cheap Smart Coach online bus ticket booking","og_url":"https:\/\/tiketi.com\/fr-fr\/companies\/buses\/smart-coach\/","og_site_name":"Tiketi.com","article_publisher":"https:\/\/www.facebook.com\/TiketiCom\/","article_modified_time":"2023-03-02T12:40:24+00:00","og_image":[{"width":1200,"height":206,"url":"https:\/\/tiketi.com\/wp-content\/uploads\/2022\/01\/bus-ticket-online-booking.jpg","type":"image\/jpeg"}],"twitter_card":"summary_large_image","twitter_misc":{"Dur\u00e9e de lecture estim\u00e9e":"2 minutes"},"schema":{"@context":"https:\/\/schema.org","@graph":[{"@type":"WebPage","@id":"https:\/\/tiketi.com\/companies\/buses\/smart-coach\/","url":"https:\/\/tiketi.com\/companies\/buses\/smart-coach\/","name":"Smart Coach R\u00e9servation en Ligne, Billets de Bus, Horaires, Trajets &amp; Tarifs - Tiketi.com","isPartOf":{"@id":"https:\/\/tiketi.com\/#website"},"primaryImageOfPage":{"@id":"https:\/\/tiketi.com\/companies\/buses\/smart-coach\/#primaryimage"},"image":{"@id":"https:\/\/tiketi.com\/companies\/buses\/smart-coach\/#primaryimage"},"thumbnailUrl":"https:\/\/tiketi.com\/wp-content\/uploads\/2022\/01\/bus-ticket-online-booking.jpg","datePublished":"2023-03-02T12:27:44+00:00","dateModified":"2023-03-02T12:40:24+00:00","description":"Vous recherchez une r\u00e9servation en ligne Smart Coach, une application, des billets, des contacts, un itin\u00e9raire, un tarif et un horaire\u00a0? Faites une r\u00e9servation de billet de bus en ligne Smart Coach pas cher","breadcrumb":{"@id":"https:\/\/tiketi.com\/companies\/buses\/smart-coach\/#breadcrumb"},"inLanguage":"fr-FR","potentialAction":[{"@type":"ReadAction","target":["https:\/\/tiketi.com\/companies\/buses\/smart-coach\/"]}]},{"@type":"ImageObject","inLanguage":"fr-FR","@id":"https:\/\/tiketi.com\/companies\/buses\/smart-coach\/#primaryimage","url":"https:\/\/tiketi.com\/wp-content\/uploads\/2022\/01\/bus-ticket-online-booking.jpg","contentUrl":"https:\/\/tiketi.com\/wp-content\/uploads\/2022\/01\/bus-ticket-online-booking.jpg","width":1200,"height":206,"caption":"Online Bus Ticket Booking"},{"@type":"BreadcrumbList","@id":"https:\/\/tiketi.com\/companies\/buses\/smart-coach\/#breadcrumb","itemListElement":[{"@type":"ListItem","position":1,"name":"Home","item":"https:\/\/tiketi.com\/"},{"@type":"ListItem","position":2,"name":"Companies","item":"https:\/\/tiketi.com\/companies\/"},{"@type":"ListItem","position":3,"name":"Buses","item":"https:\/\/tiketi.com\/companies\/buses\/"},{"@type":"ListItem","position":4,"name":"Smart Coach Online Booking, Bus Tickets, Schedule, Routes &#038; Fares"}]},{"@type":"WebSite","@id":"https:\/\/tiketi.com\/#website","url":"https:\/\/tiketi.com\/","name":"Billets d&#039;avion et de bus, forfaits touristiques et activit\u00e9s - Tiketi.com","description":"Billets d&#039;avion et de bus, Tours, Activit\u00e9s","publisher":{"@id":"https:\/\/tiketi.com\/#organization"},"potentialAction":[{"@type":"SearchAction","target":{"@type":"EntryPoint","urlTemplate":"https:\/\/tiketi.com\/?s={search_term_string}"},"query-input":{"@type":"PropertyValueSpecification","valueRequired":true,"valueName":"search_term_string"}}],"inLanguage":"fr-FR"},{"@type":"Organization","@id":"https:\/\/tiketi.com\/#organization","name":"Tiketi.com","alternateName":"Tiketi","url":"https:\/\/tiketi.com\/","logo":{"@type":"ImageObject","inLanguage":"fr-FR","@id":"https:\/\/tiketi.com\/#\/schema\/logo\/image\/","url":"https:\/\/tiketi.com\/wp-content\/uploads\/2019\/05\/tiketi-logo-696.png","contentUrl":"https:\/\/tiketi.com\/wp-content\/uploads\/2019\/05\/tiketi-logo-696.png","width":696,"height":696,"caption":"Tiketi.com"},"image":{"@id":"https:\/\/tiketi.com\/#\/schema\/logo\/image\/"},"sameAs":["https:\/\/www.facebook.com\/TiketiCom\/"]}]}},"_links":{"self":[{"href":"https:\/\/tiketi.com\/fr-fr\/wp-json\/wp\/v2\/pages\/26892","targetHints":{"allow":["GET"]}}],"collection":[{"href":"https:\/\/tiketi.com\/fr-fr\/wp-json\/wp\/v2\/pages"}],"about":[{"href":"https:\/\/tiketi.com\/fr-fr\/wp-json\/wp\/v2\/types\/page"}],"author":[{"embeddable":true,"href":"https:\/\/tiketi.com\/fr-fr\/wp-json\/wp\/v2\/users\/1"}],"replies":[{"embeddable":true,"href":"https:\/\/tiketi.com\/fr-fr\/wp-json\/wp\/v2\/comments?post=26892"}],"version-history":[{"count":0,"href":"https:\/\/tiketi.com\/fr-fr\/wp-json\/wp\/v2\/pages\/26892\/revisions"}],"up":[{"embeddable":true,"href":"https:\/\/tiketi.com\/fr-fr\/wp-json\/wp\/v2\/pages\/25524"}],"wp:featuredmedia":[{"embeddable":true,"href":"https:\/\/tiketi.com\/fr-fr\/wp-json\/wp\/v2\/media\/13999"}],"wp:attachment":[{"href":"https:\/\/tiketi.com\/fr-fr\/wp-json\/wp\/v2\/media?parent=26892"}],"curies":[{"name":"wp","href":"https:\/\/api.w.org\/{rel}","templated":true}]}}