{"id":26975,"date":"2023-03-06T11:06:44","date_gmt":"2023-03-06T10:06:44","guid":{"rendered":"https:\/\/tiketi.com\/?page_id=26975"},"modified":"2023-03-06T11:31:59","modified_gmt":"2023-03-06T10:31:59","slug":"naekana-sacco","status":"publish","type":"page","link":"https:\/\/tiketi.com\/fr-fr\/companies\/buses\/naekana-sacco\/","title":{"rendered":"R\u00e9servation en ligne de Naekana Sacco, billets de bus, itin\u00e9raires et tarifs"},"content":{"rendered":"<h2 class=\"wp-block-heading\">R\u00e9servation de billets de bus en ligne Naekana Sacco pas cher<\/h2>\n\n\n\n<h3 class=\"wp-block-heading\">D\u00e9couvrez votre itin\u00e9raire sur le web, le mobile ou l&#039;application et r\u00e9servez en ligne d\u00e8s maintenant des billets de bus Naekana Sacco pas chers.<\/h3>\n\n\n\n<p>La r\u00e9servation en ligne de Naekana Sacco vous fait gagner du temps et de l&#039;argent. Naekana Sacco route 134 society limited est une entreprise Matatu qui a \u00e9t\u00e9 cr\u00e9\u00e9e dans les ann\u00e9es 1970 o\u00f9 elle exploitait Peugeot comme mode de transport au Kenya. L&#039;entreprise est l&#039;un des op\u00e9rateurs de matatu les plus anciens du pays, ayant travaill\u00e9 pendant plus de quatre d\u00e9cennies. La r\u00e9servation en ligne de billets de bus Naekana Sacco est s\u00e9curis\u00e9e et vous permet d&#039;\u00e9conomiser du temps et de l&#039;argent.<\/p>\n\n\n\n<h2 class=\"wp-block-heading\">FAQ sur la r\u00e9servation en ligne de Naekana Sacco, les billets de bus, les itin\u00e9raires, les horaires et les tarifs<\/h2>\n\n\n\n<h3 class=\"wp-block-heading\">Quels sont les trajets couverts par les bus Naekana Sacco ?<\/h3>\n\n\n\n<p>Pour l&#039;itin\u00e9raire standard de Nairobi et Kajiado, le Sacco Ksh400 facture par t\u00eate. Pour obtenir les frais complets et la liste de prix pour tous les itin\u00e9raires, veuillez contacter leur repr\u00e9sentant du service client via le num\u00e9ro de t\u00e9l\u00e9phone indiqu\u00e9 sous ce message.<\/p>\n\n\n\n<p>\u2022 Nairobi-Namanga-Nairobi<br>\u2022 Nairobi-Kajiado-Nairobi<br>\u2022 Nairobi-Kitengela-Nairobi<br>\u2022 Nairobi-Namanga-Nairobi<br>\u2022 Nairobi-Mbumbuni-Nairobi<br>\u2022 Nairobi-Loitoktol-Nairobi<br>\u2022 Nairobi \u2013 Emali \u2013 Nairobi<br>\u2022 Nairobi-Illasit-Nairobi<br>\u2022 Nairobi-Taveta-Nairobi<br>\u2022 Nairobi-Kimana-Nairobi<br>\u2022 Nairobi-Kimana-Nairobi<br>\u2022 Taveta-Mombasa-Taveta<br>\u2022 Machakos-Kitengela<br>\u2022 Machakos \u2013 Emali<br>\u2022 Kitengela \u2013 Machakos \u2013 Kitengela<br>\u2022 Kitengela \u2013 Emali \u2013 Kitengela<br>\u2022 Kitengela \u2013 Isinya \u2013 kitengela<br>\u2022 Kajiado \u2013 Loitoktok \u2013 Kajiado<br>\u2022 Kajiado \u2013 Mashuuru \u2013 Kajiado<br>\u2022 Kajiado\u2013Isinya\u2013Kajiado<br>\u2022 Kajiado-Kitengela-Kajiado<br>\u2022 Nairobi-Kimana-Nairobi<\/p>\n\n\n\n<h3 class=\"wp-block-heading\">Quelles sont les coordonn\u00e9es de la r\u00e9servation de billets de bus en ligne Naekana Sacco ?<\/h3>\n\n\n\n<p>Nairobi, Kenya.<\/p>\n\n\n\n<h2 class=\"wp-block-heading\">Naekana Sacco Conseils de r\u00e9servation de billets de bus en ligne<\/h2>\n\n\n\n<p>Au d\u00e9but de 2000, un groupe de vingt-sept membres a eu l&#039;id\u00e9e de former Naekana Sacco et le 28 novembre 2003.<\/p>\n\n\n\n<p>Au cours des ann\u00e9es 1990, un groupe de membres a form\u00e9 une organisation connue sous le nom de Namanga Nissan services exploitant des Nissan QD.<\/p>\n\n\n\n<p><p>Elle a \u00e9t\u00e9 officiellement enregistr\u00e9e sous le nom de Naekana route 135 sacco society limited sous le minist\u00e8re du Marketing et du D\u00e9veloppement coop\u00e9ratif.<\/p> <span style=\"font-size: revert; color: initial;\">Les membres ont \u00e9tabli une culture d&#039;\u00e9pargne pour am\u00e9liorer leur vie. Le Sacco dispose d&#039;une flotte de 255 v\u00e9hicules et compte.<\/span><\/p>\n\n\n\n<p><p>La Sacco offre \u00e9galement des services d&#039;\u00e9pargne et de cr\u00e9dit \u00e0 ses membres. Selon le site de l&#039;entreprise, la Sacco a enregistr\u00e9 plus de 155 millions de shillings kenyans de d\u00e9p\u00f4ts de membres.<\/p> <span style=\"font-size: revert; color: initial;\">Naekana sacco offre des pr\u00eats \u00e0 long terme, de d\u00e9veloppement, d&#039;urgence et normaux \u00e0 ses membres.<\/span><\/p>","protected":false},"excerpt":{"rendered":"<p>Cheap Naekana Sacco Online Bus Ticket Booking Discover your travel route on web, mobile or app and book cheap Naekana Sacco bus tickets online now. Naekana Sacco online booking saves you time and money. Naekana Sacco route 134 society limited is a Matatu firm which was started in 1970s where it operated Peugeot as the [&hellip;]<\/p>\n","protected":false},"author":1,"featured_media":13999,"parent":25524,"menu_order":0,"comment_status":"closed","ping_status":"closed","template":"template-home-modern.php","meta":{"footnotes":""},"class_list":["post-26975","page","type-page","status-publish","has-post-thumbnail","hentry"],"yoast_head":"<!-- This site is optimized with the Yoast SEO plugin v27.3 - https:\/\/yoast.com\/product\/yoast-seo-wordpress\/ -->\n<title>Naekana Sacco Online Booking, Bus Tickets, Routes &amp; Fares - Tiketi.com<\/title>\n<meta name=\"description\" content=\"Looking for Naekana Sacco online booking, app, bus routes, fare and schedule? Make cheap Naekana Sacco online bus ticket booking now\" \/>\n<meta name=\"robots\" content=\"index, follow, max-snippet:-1, max-image-preview:large, max-video-preview:-1\" \/>\n<link rel=\"canonical\" href=\"https:\/\/tiketi.com\/fr-fr\/companies\/buses\/naekana-sacco\/\" \/>\n<meta property=\"og:locale\" content=\"fr_FR\" \/>\n<meta property=\"og:type\" content=\"article\" \/>\n<meta property=\"og:title\" content=\"Naekana Sacco Online Booking, Bus Tickets, Routes &amp; Fares - Tiketi.com\" \/>\n<meta property=\"og:description\" content=\"Looking for Naekana Sacco online booking, app, bus routes, fare and schedule? Make cheap Naekana Sacco online bus ticket booking now\" \/>\n<meta property=\"og:url\" content=\"https:\/\/tiketi.com\/fr-fr\/companies\/buses\/naekana-sacco\/\" \/>\n<meta property=\"og:site_name\" content=\"Tiketi.com\" \/>\n<meta property=\"article:publisher\" content=\"https:\/\/www.facebook.com\/TiketiCom\/\" \/>\n<meta property=\"article:modified_time\" content=\"2023-03-06T10:31:59+00:00\" \/>\n<meta property=\"og:image\" content=\"https:\/\/tiketi.com\/wp-content\/uploads\/2022\/01\/bus-ticket-online-booking.jpg\" \/>\n\t<meta property=\"og:image:width\" content=\"1200\" \/>\n\t<meta property=\"og:image:height\" content=\"206\" \/>\n\t<meta property=\"og:image:type\" content=\"image\/jpeg\" \/>\n<meta name=\"twitter:card\" content=\"summary_large_image\" \/>\n<meta name=\"twitter:label1\" content=\"Dur\u00e9e de lecture estim\u00e9e\" \/>\n\t<meta name=\"twitter:data1\" content=\"2 minutes\" \/>\n<script type=\"application\/ld+json\" class=\"yoast-schema-graph\">{\"@context\":\"https:\\\/\\\/schema.org\",\"@graph\":[{\"@type\":\"WebPage\",\"@id\":\"https:\\\/\\\/tiketi.com\\\/companies\\\/buses\\\/naekana-sacco\\\/\",\"url\":\"https:\\\/\\\/tiketi.com\\\/companies\\\/buses\\\/naekana-sacco\\\/\",\"name\":\"Naekana Sacco Online Booking, Bus Tickets, Routes &amp; Fares - Tiketi.com\",\"isPartOf\":{\"@id\":\"https:\\\/\\\/tiketi.com\\\/#website\"},\"primaryImageOfPage\":{\"@id\":\"https:\\\/\\\/tiketi.com\\\/companies\\\/buses\\\/naekana-sacco\\\/#primaryimage\"},\"image\":{\"@id\":\"https:\\\/\\\/tiketi.com\\\/companies\\\/buses\\\/naekana-sacco\\\/#primaryimage\"},\"thumbnailUrl\":\"https:\\\/\\\/tiketi.com\\\/wp-content\\\/uploads\\\/2022\\\/01\\\/bus-ticket-online-booking.jpg\",\"datePublished\":\"2023-03-06T10:06:44+00:00\",\"dateModified\":\"2023-03-06T10:31:59+00:00\",\"description\":\"Looking for Naekana Sacco online booking, app, bus routes, fare and schedule? Make cheap Naekana Sacco online bus ticket booking now\",\"breadcrumb\":{\"@id\":\"https:\\\/\\\/tiketi.com\\\/companies\\\/buses\\\/naekana-sacco\\\/#breadcrumb\"},\"inLanguage\":\"fr-FR\",\"potentialAction\":[{\"@type\":\"ReadAction\",\"target\":[\"https:\\\/\\\/tiketi.com\\\/companies\\\/buses\\\/naekana-sacco\\\/\"]}]},{\"@type\":\"ImageObject\",\"inLanguage\":\"fr-FR\",\"@id\":\"https:\\\/\\\/tiketi.com\\\/companies\\\/buses\\\/naekana-sacco\\\/#primaryimage\",\"url\":\"https:\\\/\\\/tiketi.com\\\/wp-content\\\/uploads\\\/2022\\\/01\\\/bus-ticket-online-booking.jpg\",\"contentUrl\":\"https:\\\/\\\/tiketi.com\\\/wp-content\\\/uploads\\\/2022\\\/01\\\/bus-ticket-online-booking.jpg\",\"width\":1200,\"height\":206,\"caption\":\"Online Bus Ticket Booking\"},{\"@type\":\"BreadcrumbList\",\"@id\":\"https:\\\/\\\/tiketi.com\\\/companies\\\/buses\\\/naekana-sacco\\\/#breadcrumb\",\"itemListElement\":[{\"@type\":\"ListItem\",\"position\":1,\"name\":\"Home\",\"item\":\"https:\\\/\\\/tiketi.com\\\/\"},{\"@type\":\"ListItem\",\"position\":2,\"name\":\"Companies\",\"item\":\"https:\\\/\\\/tiketi.com\\\/companies\\\/\"},{\"@type\":\"ListItem\",\"position\":3,\"name\":\"Buses\",\"item\":\"https:\\\/\\\/tiketi.com\\\/companies\\\/buses\\\/\"},{\"@type\":\"ListItem\",\"position\":4,\"name\":\"Naekana Sacco Online Booking, Bus Tickets, Routes &amp; Fares\"}]},{\"@type\":\"WebSite\",\"@id\":\"https:\\\/\\\/tiketi.com\\\/#website\",\"url\":\"https:\\\/\\\/tiketi.com\\\/\",\"name\":\"Flight & Bus Tickets, Tour Packages & Activitites - Tiketi.com\",\"description\":\"Flight &amp; Bus Tickets, Tours, Activitites\",\"publisher\":{\"@id\":\"https:\\\/\\\/tiketi.com\\\/#organization\"},\"potentialAction\":[{\"@type\":\"SearchAction\",\"target\":{\"@type\":\"EntryPoint\",\"urlTemplate\":\"https:\\\/\\\/tiketi.com\\\/?s={search_term_string}\"},\"query-input\":{\"@type\":\"PropertyValueSpecification\",\"valueRequired\":true,\"valueName\":\"search_term_string\"}}],\"inLanguage\":\"fr-FR\"},{\"@type\":\"Organization\",\"@id\":\"https:\\\/\\\/tiketi.com\\\/#organization\",\"name\":\"Tiketi.com\",\"alternateName\":\"Tiketi\",\"url\":\"https:\\\/\\\/tiketi.com\\\/\",\"logo\":{\"@type\":\"ImageObject\",\"inLanguage\":\"fr-FR\",\"@id\":\"https:\\\/\\\/tiketi.com\\\/#\\\/schema\\\/logo\\\/image\\\/\",\"url\":\"https:\\\/\\\/tiketi.com\\\/wp-content\\\/uploads\\\/2019\\\/05\\\/tiketi-logo-696.png\",\"contentUrl\":\"https:\\\/\\\/tiketi.com\\\/wp-content\\\/uploads\\\/2019\\\/05\\\/tiketi-logo-696.png\",\"width\":696,\"height\":696,\"caption\":\"Tiketi.com\"},\"image\":{\"@id\":\"https:\\\/\\\/tiketi.com\\\/#\\\/schema\\\/logo\\\/image\\\/\"},\"sameAs\":[\"https:\\\/\\\/www.facebook.com\\\/TiketiCom\\\/\"]}]}<\/script>\n<!-- \/ Yoast SEO plugin. -->","yoast_head_json":{"title":"Naekana Sacco R\u00e9servation en ligne, Billets, Trajets &amp; Tarifs de bus - Tiketi.com","description":"Vous recherchez une r\u00e9servation en ligne, une application, des itin\u00e9raires de bus, des tarifs et des horaires pour Naekana Sacco\u00a0? R\u00e9servez d\u00e8s maintenant vos billets de bus en ligne Naekana Sacco pas chers","robots":{"index":"index","follow":"follow","max-snippet":"max-snippet:-1","max-image-preview":"max-image-preview:large","max-video-preview":"max-video-preview:-1"},"canonical":"https:\/\/tiketi.com\/fr-fr\/companies\/buses\/naekana-sacco\/","og_locale":"fr_FR","og_type":"article","og_title":"Naekana Sacco Online Booking, Bus Tickets, Routes &amp; Fares - Tiketi.com","og_description":"Looking for Naekana Sacco online booking, app, bus routes, fare and schedule? Make cheap Naekana Sacco online bus ticket booking now","og_url":"https:\/\/tiketi.com\/fr-fr\/companies\/buses\/naekana-sacco\/","og_site_name":"Tiketi.com","article_publisher":"https:\/\/www.facebook.com\/TiketiCom\/","article_modified_time":"2023-03-06T10:31:59+00:00","og_image":[{"width":1200,"height":206,"url":"https:\/\/tiketi.com\/wp-content\/uploads\/2022\/01\/bus-ticket-online-booking.jpg","type":"image\/jpeg"}],"twitter_card":"summary_large_image","twitter_misc":{"Dur\u00e9e de lecture estim\u00e9e":"2 minutes"},"schema":{"@context":"https:\/\/schema.org","@graph":[{"@type":"WebPage","@id":"https:\/\/tiketi.com\/companies\/buses\/naekana-sacco\/","url":"https:\/\/tiketi.com\/companies\/buses\/naekana-sacco\/","name":"Naekana Sacco R\u00e9servation en ligne, Billets, Trajets &amp; Tarifs de bus - Tiketi.com","isPartOf":{"@id":"https:\/\/tiketi.com\/#website"},"primaryImageOfPage":{"@id":"https:\/\/tiketi.com\/companies\/buses\/naekana-sacco\/#primaryimage"},"image":{"@id":"https:\/\/tiketi.com\/companies\/buses\/naekana-sacco\/#primaryimage"},"thumbnailUrl":"https:\/\/tiketi.com\/wp-content\/uploads\/2022\/01\/bus-ticket-online-booking.jpg","datePublished":"2023-03-06T10:06:44+00:00","dateModified":"2023-03-06T10:31:59+00:00","description":"Vous recherchez une r\u00e9servation en ligne, une application, des itin\u00e9raires de bus, des tarifs et des horaires pour Naekana Sacco\u00a0? R\u00e9servez d\u00e8s maintenant vos billets de bus en ligne Naekana Sacco pas chers","breadcrumb":{"@id":"https:\/\/tiketi.com\/companies\/buses\/naekana-sacco\/#breadcrumb"},"inLanguage":"fr-FR","potentialAction":[{"@type":"ReadAction","target":["https:\/\/tiketi.com\/companies\/buses\/naekana-sacco\/"]}]},{"@type":"ImageObject","inLanguage":"fr-FR","@id":"https:\/\/tiketi.com\/companies\/buses\/naekana-sacco\/#primaryimage","url":"https:\/\/tiketi.com\/wp-content\/uploads\/2022\/01\/bus-ticket-online-booking.jpg","contentUrl":"https:\/\/tiketi.com\/wp-content\/uploads\/2022\/01\/bus-ticket-online-booking.jpg","width":1200,"height":206,"caption":"Online Bus Ticket Booking"},{"@type":"BreadcrumbList","@id":"https:\/\/tiketi.com\/companies\/buses\/naekana-sacco\/#breadcrumb","itemListElement":[{"@type":"ListItem","position":1,"name":"Home","item":"https:\/\/tiketi.com\/"},{"@type":"ListItem","position":2,"name":"Companies","item":"https:\/\/tiketi.com\/companies\/"},{"@type":"ListItem","position":3,"name":"Buses","item":"https:\/\/tiketi.com\/companies\/buses\/"},{"@type":"ListItem","position":4,"name":"Naekana Sacco Online Booking, Bus Tickets, Routes &amp; Fares"}]},{"@type":"WebSite","@id":"https:\/\/tiketi.com\/#website","url":"https:\/\/tiketi.com\/","name":"Billets d&#039;avion et de bus, forfaits touristiques et activit\u00e9s - Tiketi.com","description":"Billets d&#039;avion et de bus, Tours, Activit\u00e9s","publisher":{"@id":"https:\/\/tiketi.com\/#organization"},"potentialAction":[{"@type":"SearchAction","target":{"@type":"EntryPoint","urlTemplate":"https:\/\/tiketi.com\/?s={search_term_string}"},"query-input":{"@type":"PropertyValueSpecification","valueRequired":true,"valueName":"search_term_string"}}],"inLanguage":"fr-FR"},{"@type":"Organization","@id":"https:\/\/tiketi.com\/#organization","name":"Tiketi.com","alternateName":"Tiketi","url":"https:\/\/tiketi.com\/","logo":{"@type":"ImageObject","inLanguage":"fr-FR","@id":"https:\/\/tiketi.com\/#\/schema\/logo\/image\/","url":"https:\/\/tiketi.com\/wp-content\/uploads\/2019\/05\/tiketi-logo-696.png","contentUrl":"https:\/\/tiketi.com\/wp-content\/uploads\/2019\/05\/tiketi-logo-696.png","width":696,"height":696,"caption":"Tiketi.com"},"image":{"@id":"https:\/\/tiketi.com\/#\/schema\/logo\/image\/"},"sameAs":["https:\/\/www.facebook.com\/TiketiCom\/"]}]}},"_links":{"self":[{"href":"https:\/\/tiketi.com\/fr-fr\/wp-json\/wp\/v2\/pages\/26975","targetHints":{"allow":["GET"]}}],"collection":[{"href":"https:\/\/tiketi.com\/fr-fr\/wp-json\/wp\/v2\/pages"}],"about":[{"href":"https:\/\/tiketi.com\/fr-fr\/wp-json\/wp\/v2\/types\/page"}],"author":[{"embeddable":true,"href":"https:\/\/tiketi.com\/fr-fr\/wp-json\/wp\/v2\/users\/1"}],"replies":[{"embeddable":true,"href":"https:\/\/tiketi.com\/fr-fr\/wp-json\/wp\/v2\/comments?post=26975"}],"version-history":[{"count":0,"href":"https:\/\/tiketi.com\/fr-fr\/wp-json\/wp\/v2\/pages\/26975\/revisions"}],"up":[{"embeddable":true,"href":"https:\/\/tiketi.com\/fr-fr\/wp-json\/wp\/v2\/pages\/25524"}],"wp:featuredmedia":[{"embeddable":true,"href":"https:\/\/tiketi.com\/fr-fr\/wp-json\/wp\/v2\/media\/13999"}],"wp:attachment":[{"href":"https:\/\/tiketi.com\/fr-fr\/wp-json\/wp\/v2\/media?parent=26975"}],"curies":[{"name":"wp","href":"https:\/\/api.w.org\/{rel}","templated":true}]}}