{"id":26976,"date":"2023-03-06T11:05:15","date_gmt":"2023-03-06T10:05:15","guid":{"rendered":"https:\/\/tiketi.com\/?page_id=26976"},"modified":"2023-03-06T11:17:48","modified_gmt":"2023-03-06T10:17:48","slug":"nacharo-royal","status":"publish","type":"page","link":"https:\/\/tiketi.com\/fr-fr\/companies\/buses\/nacharo-royal\/","title":{"rendered":"Nacharo Royal Bus R\u00e9servation en ligne, billets de bus, itin\u00e9raires et tarifs"},"content":{"rendered":"<h2 class=\"wp-block-heading\">R\u00e9servation de billets de bus Nacharo Royal pas cher en ligne<\/h2>\n\n\n\n<h3 class=\"wp-block-heading\">D\u00e9couvrez votre itin\u00e9raire sur le Web, votre mobile ou votre application et r\u00e9servez d\u00e8s maintenant vos billets de bus Nacharo Royal \u00e0 bas prix en ligne.<\/h3>\n\n\n\n<p>La r\u00e9servation en ligne du bus Nacharo Royal vous fait gagner du temps et de l&#039;argent. Macharo Royal Bus est la plus grande compagnie de bus de luxe qui op\u00e8re de Dar es Salaam \u00e0 Tanga via Tanga jusqu&#039;\u00e0 Dar Salaam et Bagamoyo avec des itin\u00e9raires quotidiens. La r\u00e9servation de billets de bus en ligne Nacharo Royal est s\u00fbre et vous permet d&#039;\u00e9conomiser du temps et de l&#039;argent.<\/p>\n\n\n\n<h2 class=\"wp-block-heading\">Nacharo Royal Bus R\u00e9servation en ligne, billets de bus, itin\u00e9raires, horaires et tarifs FAQ<\/h2>\n\n\n\n<h3 class=\"wp-block-heading\">Quels sont les itin\u00e9raires couverts par la r\u00e9servation de billets de bus en ligne Nacharo Royal ?<\/h3>\n\n\n\n<p>Dar es Salaam \u00e0 Tanga<\/p>\n\n\n\n<p>1er bus \u00e0 06h30<br>2\u00e8me bus \u00e0 08h30<br>3\u00e8me Bus \u00e0 11h30<br>4\u00e8me Bus \u00e0 14h00<\/p>\n\n\n\n<p>Tanga \u00e0 Dar es Salaam<\/p>\n\n\n\n<p>1er bus \u00e0 06h30<br>2\u00e8me bus \u00e0 08h30<br>3\u00e8me Bus \u00e0 11h30<br>4\u00e8me Bus \u00e0 14h00<\/p>\n\n\n\n<h3 class=\"wp-block-heading\">Ligne de flotte de bus royale Nacharo<\/h3>\n\n\n\n<p>L&#039;entreprise dispose d&#039;une flotte nouvelle et classique pour vous offrir un voyage relaxant tout au long du voyage. Tous leurs bus sont directement import\u00e9s de Chine avec un design int\u00e9rieur personnalis\u00e9 pour votre d\u00e9tente.<\/p>\n\n\n\n<p>L&#039;entreprise exploite son entreprise avec un mod\u00e8le de bus Golden Dragon qui est l&#039;une des marques les plus accept\u00e9es dans l&#039;industrie du transport de passagers en Tanzanie.<\/p>\n\n\n\n<p>Ce bus dispose du meilleur nombre de bus pour vous offrir l&#039;assurance de voyager en cas de panne au milieu d&#039;un trajet.<\/p>\n\n\n\n<h3 class=\"wp-block-heading\">Ligne de service de bus royal Nacharo<\/h3>\n\n\n\n<p>L&#039;entreprise propose des services quotidiens de transfert de passagers en bus entre la ville de Tanga et la ville d&#039;affaires de Dar es Salaam. Les deux itin\u00e9raires de destination passent par la ville touristique de Msata et le carrefour de Bagamoyo dans la zone c\u00f4ti\u00e8re.<br>L&#039;entreprise propose des d\u00e9parts le matin, le soir et l&#039;apr\u00e8s-midi dans les deux terminaux de Dar es Salaam et de la ville de Tanga. C&#039;est une question de choix de voyager le matin ou le soir.<\/p>\n\n\n\n<p>Nacharo royal bus transporte \u00e9galement des colis entre les 2 destinations \u00e0 un prix abordable selon la nature et la taille de votre colis. La r\u00e9servation de votre billet peut \u00eatre effectu\u00e9e dans leurs bureaux situ\u00e9s dans chaque terminal et arr\u00eat de bus.<\/p>\n\n\n\n<h3 class=\"wp-block-heading\">Quelles sont les coordonn\u00e9es des bus Nacharo Royal ?<\/h3>\n\n\n\n<p>Bureaux des bus royaux de Nacharo et coordonn\u00e9es<br>Adresse\u00a0: PO BOX 144 Lushoto<\/p>\n\n\n\n<h2 class=\"wp-block-heading\">Conseils pour r\u00e9server des billets de bus en ligne Nacharo Royal<\/h2>\n\n\n\n<p>En peu de temps depuis sa cr\u00e9ation, elle a r\u00e9ussi \u00e0 se forger une meilleure r\u00e9putation aupr\u00e8s des clients et des visiteurs sur ses itin\u00e9raires.<\/p>","protected":false},"excerpt":{"rendered":"<p>Cheap Nacharo Royal Online Bus Ticket Booking Discover your travel route on web, mobile or app and book cheap Nacharo Royal bus tickets&nbsp;online now. Nacharo Royal bus online booking saves you time and money. Macharo royal bus is the top luxurious bus firm that operates from Dar es Salaam to Tanga via Tanga to Dar [&hellip;]<\/p>\n","protected":false},"author":1,"featured_media":13999,"parent":25524,"menu_order":0,"comment_status":"closed","ping_status":"closed","template":"template-home-modern.php","meta":{"footnotes":""},"class_list":["post-26976","page","type-page","status-publish","has-post-thumbnail","hentry"],"yoast_head":"<!-- This site is optimized with the Yoast SEO plugin v27.3 - https:\/\/yoast.com\/product\/yoast-seo-wordpress\/ -->\n<title>Nacharo Royal Bus Online Booking, Bus Tickets, Routes &amp; Fares - Tiketi.com<\/title>\n<meta name=\"description\" content=\"Looking for Nacharo Royal bus online booking, app, bus routes, fare and schedule? Make cheap Nacharo Royal online bus ticket booking now\" \/>\n<meta name=\"robots\" content=\"index, follow, max-snippet:-1, max-image-preview:large, max-video-preview:-1\" \/>\n<link rel=\"canonical\" href=\"https:\/\/tiketi.com\/fr-fr\/companies\/buses\/nacharo-royal\/\" \/>\n<meta property=\"og:locale\" content=\"fr_FR\" \/>\n<meta property=\"og:type\" content=\"article\" \/>\n<meta property=\"og:title\" content=\"Nacharo Royal Bus Online Booking, Bus Tickets, Routes &amp; Fares - Tiketi.com\" \/>\n<meta property=\"og:description\" content=\"Looking for Nacharo Royal bus online booking, app, bus routes, fare and schedule? Make cheap Nacharo Royal online bus ticket booking now\" \/>\n<meta property=\"og:url\" content=\"https:\/\/tiketi.com\/fr-fr\/companies\/buses\/nacharo-royal\/\" \/>\n<meta property=\"og:site_name\" content=\"Tiketi.com\" \/>\n<meta property=\"article:publisher\" content=\"https:\/\/www.facebook.com\/TiketiCom\/\" \/>\n<meta property=\"article:modified_time\" content=\"2023-03-06T10:17:48+00:00\" \/>\n<meta property=\"og:image\" content=\"https:\/\/tiketi.com\/wp-content\/uploads\/2022\/01\/bus-ticket-online-booking.jpg\" \/>\n\t<meta property=\"og:image:width\" content=\"1200\" \/>\n\t<meta property=\"og:image:height\" content=\"206\" \/>\n\t<meta property=\"og:image:type\" content=\"image\/jpeg\" \/>\n<meta name=\"twitter:card\" content=\"summary_large_image\" \/>\n<meta name=\"twitter:label1\" content=\"Dur\u00e9e de lecture estim\u00e9e\" \/>\n\t<meta name=\"twitter:data1\" content=\"2 minutes\" \/>\n<script type=\"application\/ld+json\" class=\"yoast-schema-graph\">{\"@context\":\"https:\\\/\\\/schema.org\",\"@graph\":[{\"@type\":\"WebPage\",\"@id\":\"https:\\\/\\\/tiketi.com\\\/companies\\\/buses\\\/nacharo-royal\\\/\",\"url\":\"https:\\\/\\\/tiketi.com\\\/companies\\\/buses\\\/nacharo-royal\\\/\",\"name\":\"Nacharo Royal Bus Online Booking, Bus Tickets, Routes &amp; Fares - Tiketi.com\",\"isPartOf\":{\"@id\":\"https:\\\/\\\/tiketi.com\\\/#website\"},\"primaryImageOfPage\":{\"@id\":\"https:\\\/\\\/tiketi.com\\\/companies\\\/buses\\\/nacharo-royal\\\/#primaryimage\"},\"image\":{\"@id\":\"https:\\\/\\\/tiketi.com\\\/companies\\\/buses\\\/nacharo-royal\\\/#primaryimage\"},\"thumbnailUrl\":\"https:\\\/\\\/tiketi.com\\\/wp-content\\\/uploads\\\/2022\\\/01\\\/bus-ticket-online-booking.jpg\",\"datePublished\":\"2023-03-06T10:05:15+00:00\",\"dateModified\":\"2023-03-06T10:17:48+00:00\",\"description\":\"Looking for Nacharo Royal bus online booking, app, bus routes, fare and schedule? Make cheap Nacharo Royal online bus ticket booking now\",\"breadcrumb\":{\"@id\":\"https:\\\/\\\/tiketi.com\\\/companies\\\/buses\\\/nacharo-royal\\\/#breadcrumb\"},\"inLanguage\":\"fr-FR\",\"potentialAction\":[{\"@type\":\"ReadAction\",\"target\":[\"https:\\\/\\\/tiketi.com\\\/companies\\\/buses\\\/nacharo-royal\\\/\"]}]},{\"@type\":\"ImageObject\",\"inLanguage\":\"fr-FR\",\"@id\":\"https:\\\/\\\/tiketi.com\\\/companies\\\/buses\\\/nacharo-royal\\\/#primaryimage\",\"url\":\"https:\\\/\\\/tiketi.com\\\/wp-content\\\/uploads\\\/2022\\\/01\\\/bus-ticket-online-booking.jpg\",\"contentUrl\":\"https:\\\/\\\/tiketi.com\\\/wp-content\\\/uploads\\\/2022\\\/01\\\/bus-ticket-online-booking.jpg\",\"width\":1200,\"height\":206,\"caption\":\"Online Bus Ticket Booking\"},{\"@type\":\"BreadcrumbList\",\"@id\":\"https:\\\/\\\/tiketi.com\\\/companies\\\/buses\\\/nacharo-royal\\\/#breadcrumb\",\"itemListElement\":[{\"@type\":\"ListItem\",\"position\":1,\"name\":\"Home\",\"item\":\"https:\\\/\\\/tiketi.com\\\/\"},{\"@type\":\"ListItem\",\"position\":2,\"name\":\"Companies\",\"item\":\"https:\\\/\\\/tiketi.com\\\/companies\\\/\"},{\"@type\":\"ListItem\",\"position\":3,\"name\":\"Buses\",\"item\":\"https:\\\/\\\/tiketi.com\\\/companies\\\/buses\\\/\"},{\"@type\":\"ListItem\",\"position\":4,\"name\":\"Nacharo Royal Bus Online Booking, Bus Tickets, Routes &amp; Fares\"}]},{\"@type\":\"WebSite\",\"@id\":\"https:\\\/\\\/tiketi.com\\\/#website\",\"url\":\"https:\\\/\\\/tiketi.com\\\/\",\"name\":\"Flight & Bus Tickets, Tour Packages & Activitites - Tiketi.com\",\"description\":\"Flight &amp; Bus Tickets, Tours, Activitites\",\"publisher\":{\"@id\":\"https:\\\/\\\/tiketi.com\\\/#organization\"},\"potentialAction\":[{\"@type\":\"SearchAction\",\"target\":{\"@type\":\"EntryPoint\",\"urlTemplate\":\"https:\\\/\\\/tiketi.com\\\/?s={search_term_string}\"},\"query-input\":{\"@type\":\"PropertyValueSpecification\",\"valueRequired\":true,\"valueName\":\"search_term_string\"}}],\"inLanguage\":\"fr-FR\"},{\"@type\":\"Organization\",\"@id\":\"https:\\\/\\\/tiketi.com\\\/#organization\",\"name\":\"Tiketi.com\",\"alternateName\":\"Tiketi\",\"url\":\"https:\\\/\\\/tiketi.com\\\/\",\"logo\":{\"@type\":\"ImageObject\",\"inLanguage\":\"fr-FR\",\"@id\":\"https:\\\/\\\/tiketi.com\\\/#\\\/schema\\\/logo\\\/image\\\/\",\"url\":\"https:\\\/\\\/tiketi.com\\\/wp-content\\\/uploads\\\/2019\\\/05\\\/tiketi-logo-696.png\",\"contentUrl\":\"https:\\\/\\\/tiketi.com\\\/wp-content\\\/uploads\\\/2019\\\/05\\\/tiketi-logo-696.png\",\"width\":696,\"height\":696,\"caption\":\"Tiketi.com\"},\"image\":{\"@id\":\"https:\\\/\\\/tiketi.com\\\/#\\\/schema\\\/logo\\\/image\\\/\"},\"sameAs\":[\"https:\\\/\\\/www.facebook.com\\\/TiketiCom\\\/\"]}]}<\/script>\n<!-- \/ Yoast SEO plugin. -->","yoast_head_json":{"title":"Nacharo Royal Bus R\u00e9servation en ligne, billets de bus, itin\u00e9raires et tarifs - Tiketi.com","description":"Vous recherchez une r\u00e9servation en ligne de bus Nacharo Royal, une application, des itin\u00e9raires de bus, des tarifs et des horaires ? R\u00e9servez maintenant vos billets de bus Nacharo Royal en ligne pas chers","robots":{"index":"index","follow":"follow","max-snippet":"max-snippet:-1","max-image-preview":"max-image-preview:large","max-video-preview":"max-video-preview:-1"},"canonical":"https:\/\/tiketi.com\/fr-fr\/companies\/buses\/nacharo-royal\/","og_locale":"fr_FR","og_type":"article","og_title":"Nacharo Royal Bus Online Booking, Bus Tickets, Routes &amp; Fares - Tiketi.com","og_description":"Looking for Nacharo Royal bus online booking, app, bus routes, fare and schedule? Make cheap Nacharo Royal online bus ticket booking now","og_url":"https:\/\/tiketi.com\/fr-fr\/companies\/buses\/nacharo-royal\/","og_site_name":"Tiketi.com","article_publisher":"https:\/\/www.facebook.com\/TiketiCom\/","article_modified_time":"2023-03-06T10:17:48+00:00","og_image":[{"width":1200,"height":206,"url":"https:\/\/tiketi.com\/wp-content\/uploads\/2022\/01\/bus-ticket-online-booking.jpg","type":"image\/jpeg"}],"twitter_card":"summary_large_image","twitter_misc":{"Dur\u00e9e de lecture estim\u00e9e":"2 minutes"},"schema":{"@context":"https:\/\/schema.org","@graph":[{"@type":"WebPage","@id":"https:\/\/tiketi.com\/companies\/buses\/nacharo-royal\/","url":"https:\/\/tiketi.com\/companies\/buses\/nacharo-royal\/","name":"Nacharo Royal Bus R\u00e9servation en ligne, billets de bus, itin\u00e9raires et tarifs - Tiketi.com","isPartOf":{"@id":"https:\/\/tiketi.com\/#website"},"primaryImageOfPage":{"@id":"https:\/\/tiketi.com\/companies\/buses\/nacharo-royal\/#primaryimage"},"image":{"@id":"https:\/\/tiketi.com\/companies\/buses\/nacharo-royal\/#primaryimage"},"thumbnailUrl":"https:\/\/tiketi.com\/wp-content\/uploads\/2022\/01\/bus-ticket-online-booking.jpg","datePublished":"2023-03-06T10:05:15+00:00","dateModified":"2023-03-06T10:17:48+00:00","description":"Vous recherchez une r\u00e9servation en ligne de bus Nacharo Royal, une application, des itin\u00e9raires de bus, des tarifs et des horaires ? R\u00e9servez maintenant vos billets de bus Nacharo Royal en ligne pas chers","breadcrumb":{"@id":"https:\/\/tiketi.com\/companies\/buses\/nacharo-royal\/#breadcrumb"},"inLanguage":"fr-FR","potentialAction":[{"@type":"ReadAction","target":["https:\/\/tiketi.com\/companies\/buses\/nacharo-royal\/"]}]},{"@type":"ImageObject","inLanguage":"fr-FR","@id":"https:\/\/tiketi.com\/companies\/buses\/nacharo-royal\/#primaryimage","url":"https:\/\/tiketi.com\/wp-content\/uploads\/2022\/01\/bus-ticket-online-booking.jpg","contentUrl":"https:\/\/tiketi.com\/wp-content\/uploads\/2022\/01\/bus-ticket-online-booking.jpg","width":1200,"height":206,"caption":"Online Bus Ticket Booking"},{"@type":"BreadcrumbList","@id":"https:\/\/tiketi.com\/companies\/buses\/nacharo-royal\/#breadcrumb","itemListElement":[{"@type":"ListItem","position":1,"name":"Home","item":"https:\/\/tiketi.com\/"},{"@type":"ListItem","position":2,"name":"Companies","item":"https:\/\/tiketi.com\/companies\/"},{"@type":"ListItem","position":3,"name":"Buses","item":"https:\/\/tiketi.com\/companies\/buses\/"},{"@type":"ListItem","position":4,"name":"Nacharo Royal Bus Online Booking, Bus Tickets, Routes &amp; Fares"}]},{"@type":"WebSite","@id":"https:\/\/tiketi.com\/#website","url":"https:\/\/tiketi.com\/","name":"Billets d&#039;avion et de bus, forfaits touristiques et activit\u00e9s - Tiketi.com","description":"Billets d&#039;avion et de bus, Tours, Activit\u00e9s","publisher":{"@id":"https:\/\/tiketi.com\/#organization"},"potentialAction":[{"@type":"SearchAction","target":{"@type":"EntryPoint","urlTemplate":"https:\/\/tiketi.com\/?s={search_term_string}"},"query-input":{"@type":"PropertyValueSpecification","valueRequired":true,"valueName":"search_term_string"}}],"inLanguage":"fr-FR"},{"@type":"Organization","@id":"https:\/\/tiketi.com\/#organization","name":"Tiketi.com","alternateName":"Tiketi","url":"https:\/\/tiketi.com\/","logo":{"@type":"ImageObject","inLanguage":"fr-FR","@id":"https:\/\/tiketi.com\/#\/schema\/logo\/image\/","url":"https:\/\/tiketi.com\/wp-content\/uploads\/2019\/05\/tiketi-logo-696.png","contentUrl":"https:\/\/tiketi.com\/wp-content\/uploads\/2019\/05\/tiketi-logo-696.png","width":696,"height":696,"caption":"Tiketi.com"},"image":{"@id":"https:\/\/tiketi.com\/#\/schema\/logo\/image\/"},"sameAs":["https:\/\/www.facebook.com\/TiketiCom\/"]}]}},"_links":{"self":[{"href":"https:\/\/tiketi.com\/fr-fr\/wp-json\/wp\/v2\/pages\/26976","targetHints":{"allow":["GET"]}}],"collection":[{"href":"https:\/\/tiketi.com\/fr-fr\/wp-json\/wp\/v2\/pages"}],"about":[{"href":"https:\/\/tiketi.com\/fr-fr\/wp-json\/wp\/v2\/types\/page"}],"author":[{"embeddable":true,"href":"https:\/\/tiketi.com\/fr-fr\/wp-json\/wp\/v2\/users\/1"}],"replies":[{"embeddable":true,"href":"https:\/\/tiketi.com\/fr-fr\/wp-json\/wp\/v2\/comments?post=26976"}],"version-history":[{"count":0,"href":"https:\/\/tiketi.com\/fr-fr\/wp-json\/wp\/v2\/pages\/26976\/revisions"}],"up":[{"embeddable":true,"href":"https:\/\/tiketi.com\/fr-fr\/wp-json\/wp\/v2\/pages\/25524"}],"wp:featuredmedia":[{"embeddable":true,"href":"https:\/\/tiketi.com\/fr-fr\/wp-json\/wp\/v2\/media\/13999"}],"wp:attachment":[{"href":"https:\/\/tiketi.com\/fr-fr\/wp-json\/wp\/v2\/media?parent=26976"}],"curies":[{"name":"wp","href":"https:\/\/api.w.org\/{rel}","templated":true}]}}