{"id":27073,"date":"2023-03-18T13:23:17","date_gmt":"2023-03-18T12:23:17","guid":{"rendered":"https:\/\/tiketi.com\/?page_id=27073"},"modified":"2023-03-18T13:24:57","modified_gmt":"2023-03-18T12:24:57","slug":"nurein-bus","status":"publish","type":"page","link":"https:\/\/tiketi.com\/fr-fr\/companies\/buses\/nurein-bus\/","title":{"rendered":"R\u00e9servation en ligne de bus Nurein, billets de bus, horaires, itin\u00e9raires et tarifs"},"content":{"rendered":"<p><h2>R\u00e9servation de billets de bus en ligne Nurein<\/h2>\n<h3>D\u00e9couvrez votre itin\u00e9raire sur le web, le mobile ou l&#039;application et r\u00e9servez en ligne d\u00e8s maintenant des billets de bus Nurein pas chers.<\/h3>\n<p>R\u00e9servation en ligne de bus Nurein simplifi\u00e9e. <span style=\"font-size: 16px;\">Nurein bus est une entreprise de transport de passagers bas\u00e9e \u00e0 Nairobi au Kenya, l&#039;entreprise a \u00e9galement l&#039;habitude de faire transiter des colis depuis et vers la capitale. Alors faites la r\u00e9servation de billets de bus en ligne Nurein maintenant et \u00e9conomisez du temps et de l&#039;argent !<\/span><\/p><\/p>\n\n\n\n<p><\/p>\n\n\n\n<h2>R\u00e9servation en ligne de bus Nurein, billets de bus, horaires, itin\u00e9raires et tarifs FAQ<\/h2>\r\n<h3>Quels sont les trajets et les prix des bus de Nurein ?<\/h3>\r\n<p>\u2022 Nairobi \u00e0 Isolo<br \/>\u2022 Nairobi \u00e0 Marsabit<br \/>\u2022 Nairobi \u00e0 Mombasa<br \/>\u2022 Nairobi \u00e0 Moyale<\/p>\r\n<p>\n\n\n\n<\/p>\n\n\n\n<p><h3>Ligne de flotte de la compagnie de bus Nurein<\/h3><\/p>\n\n\n\n<p>Cette compagnie de bus a le meilleur nombre de bus dans sa liste de flotte, allant des bus Scania \u00e0 Mercedes Benz. Tous ces \u00e9l\u00e9ments sont fabriqu\u00e9s au Kenya par des ma\u00eetres fabricants limit\u00e9s.<\/p>\n\n\n\n<p>Leurs bus sont neufs et construits de mani\u00e8re relaxante pour vous offrir la meilleure exp\u00e9rience de voyage lorsque vous vous d\u00e9placez vers de nombreuses destinations au Kenya.<\/p>\n\n\n\n<p>Ils ont des chauffeurs de bus bien form\u00e9s avec une exp\u00e9rience d&#039;ann\u00e9es sur les voyages longue distance, tous leurs autres personnels sont conviviaux.<\/p>\n\n\n\n<p><h3>La ligne de service de l&#039;entreprise<\/h3><\/p>\n\n\n\n<p>Les bus Nurein offrent des services quotidiens de transfert interurbain de passagers du Kenya - Nairobi \u00e0 la ville de Mombasa et aux comt\u00e9s du nord-est.<\/p>\n\n\n\n<p>Ils offrent des services de bus bien programm\u00e9s avec des d\u00e9parts l&#039;apr\u00e8s-midi, le matin et la nuit dans tous les terminaux. Cela vous offre une large gamme de voyages en fonction de vos plans.<\/p>\n\n\n\n<p>L&#039;entreprise fournit \u00e9galement des services de transfert de colis sur toutes les destinations \u00e0 des prix avantageux en fonction de la taille et de la nature des colis particuliers.<\/p>\n\n\n\n<p>La r\u00e9servation de bus peut \u00eatre effectu\u00e9e dans tous leurs bureaux situ\u00e9s dans tous les terminaux et arr\u00eats de bus ou vous pouvez le faire <span style=\"font-size: 16px;\">R\u00e9servation de billets de bus en ligne Nurein.<\/span><\/p>\n\n\n\n<p><h3>Quelles sont les coordonn\u00e9es et les coordonn\u00e9es du bureau de r\u00e9servation de bus Nurein\u00a0?<\/h3><\/p>\n\n\n\n<p>Nairobi, EastLeigh<br \/>4\u00e8me rue, centre commercial Sahl - G18<\/p>\r\n<h2>Nurein Conseils de r\u00e9servation de billets de bus en ligne<\/h2>\r\n<p>Depuis sa cr\u00e9ation au d\u00e9but de 2021, l&#039;entreprise a lanc\u00e9 une concurrence f\u00e9roce aux grandes entreprises de bus exploitant les routes Mombasa et Routes of Kenya Northern.<\/p>\r\n<p>\n\n\n\n<\/p>\r\n<p>En peu de temps depuis sa cr\u00e9ation, l&#039;entreprise a r\u00e9ussi \u00e0 avoir une meilleure r\u00e9putation aupr\u00e8s des clients et des visiteurs sur ses itin\u00e9raires, ce qui en fait l&#039;une des marques les plus c\u00e9l\u00e8bres.<\/p>","protected":false},"excerpt":{"rendered":"<p>Nurein Online Bus Ticket Booking Discover your travel route on web, mobile or app and book cheap Nurein bus tickets online now. Nurein bus online booking made easy. Nurein bus is a passenger transportation firm which based in Nairobi Kenya, the firm also used to transit parcels from and to the capital. So do Nurein [&hellip;]<\/p>\n","protected":false},"author":1,"featured_media":13999,"parent":25524,"menu_order":0,"comment_status":"closed","ping_status":"closed","template":"template-home-modern.php","meta":{"footnotes":""},"class_list":["post-27073","page","type-page","status-publish","has-post-thumbnail","hentry"],"yoast_head":"<!-- This site is optimized with the Yoast SEO plugin v27.2 - https:\/\/yoast.com\/product\/yoast-seo-wordpress\/ -->\n<title>Nurein Bus Online Booking, Bus Tickets, Schedule,\u00a0Routes &amp; Fares - Tiketi.com<\/title>\n<meta name=\"description\" content=\"Looking for Kilimanjaro Express online booking, app, tickets, contacts, route, fare &amp; schedule? Make a cheap Kilimanjaro Express bus online ticket booking\" \/>\n<meta name=\"robots\" content=\"index, follow, max-snippet:-1, max-image-preview:large, max-video-preview:-1\" \/>\n<link rel=\"canonical\" href=\"https:\/\/tiketi.com\/fr-fr\/companies\/buses\/nurein-bus\/\" \/>\n<meta property=\"og:locale\" content=\"fr_FR\" \/>\n<meta property=\"og:type\" content=\"article\" \/>\n<meta property=\"og:title\" content=\"Nurein Bus Online Booking, Bus Tickets, Schedule,\u00a0Routes &amp; Fares - Tiketi.com\" \/>\n<meta property=\"og:description\" content=\"Looking for Kilimanjaro Express online booking, app, tickets, contacts, route, fare &amp; schedule? Make a cheap Kilimanjaro Express bus online ticket booking\" \/>\n<meta property=\"og:url\" content=\"https:\/\/tiketi.com\/fr-fr\/companies\/buses\/nurein-bus\/\" \/>\n<meta property=\"og:site_name\" content=\"Tiketi.com\" \/>\n<meta property=\"article:publisher\" content=\"https:\/\/www.facebook.com\/TiketiCom\/\" \/>\n<meta property=\"article:modified_time\" content=\"2023-03-18T12:24:57+00:00\" \/>\n<meta property=\"og:image\" content=\"https:\/\/tiketi.com\/wp-content\/uploads\/2022\/01\/bus-ticket-online-booking.jpg\" \/>\n\t<meta property=\"og:image:width\" content=\"1200\" \/>\n\t<meta property=\"og:image:height\" content=\"206\" \/>\n\t<meta property=\"og:image:type\" content=\"image\/jpeg\" \/>\n<meta name=\"twitter:card\" content=\"summary_large_image\" \/>\n<meta name=\"twitter:label1\" content=\"Dur\u00e9e de lecture estim\u00e9e\" \/>\n\t<meta name=\"twitter:data1\" content=\"2 minutes\" \/>\n<script type=\"application\/ld+json\" class=\"yoast-schema-graph\">{\"@context\":\"https:\/\/schema.org\",\"@graph\":[{\"@type\":\"WebPage\",\"@id\":\"https:\/\/tiketi.com\/en-gb\/companies\/buses\/nurein-bus\/\",\"url\":\"https:\/\/tiketi.com\/en-gb\/companies\/buses\/nurein-bus\/\",\"name\":\"Nurein Bus Online Booking, Bus Tickets, Schedule,\u00a0Routes & Fares - Tiketi.com\",\"isPartOf\":{\"@id\":\"https:\/\/tiketi.com\/#website\"},\"primaryImageOfPage\":{\"@id\":\"https:\/\/tiketi.com\/en-gb\/companies\/buses\/nurein-bus\/#primaryimage\"},\"image\":{\"@id\":\"https:\/\/tiketi.com\/en-gb\/companies\/buses\/nurein-bus\/#primaryimage\"},\"thumbnailUrl\":\"https:\/\/tiketi.com\/wp-content\/uploads\/2022\/01\/bus-ticket-online-booking.jpg\",\"datePublished\":\"2023-03-18T12:23:17+00:00\",\"dateModified\":\"2023-03-18T12:24:57+00:00\",\"description\":\"Looking for Kilimanjaro Express online booking, app, tickets, contacts, route, fare & schedule? Make a cheap Kilimanjaro Express bus online ticket booking\",\"breadcrumb\":{\"@id\":\"https:\/\/tiketi.com\/en-gb\/companies\/buses\/nurein-bus\/#breadcrumb\"},\"inLanguage\":\"fr-FR\",\"potentialAction\":[{\"@type\":\"ReadAction\",\"target\":[\"https:\/\/tiketi.com\/en-gb\/companies\/buses\/nurein-bus\/\"]}]},{\"@type\":\"ImageObject\",\"inLanguage\":\"fr-FR\",\"@id\":\"https:\/\/tiketi.com\/en-gb\/companies\/buses\/nurein-bus\/#primaryimage\",\"url\":\"https:\/\/tiketi.com\/wp-content\/uploads\/2022\/01\/bus-ticket-online-booking.jpg\",\"contentUrl\":\"https:\/\/tiketi.com\/wp-content\/uploads\/2022\/01\/bus-ticket-online-booking.jpg\",\"width\":1200,\"height\":206,\"caption\":\"Online Bus Ticket Booking\"},{\"@type\":\"BreadcrumbList\",\"@id\":\"https:\/\/tiketi.com\/en-gb\/companies\/buses\/nurein-bus\/#breadcrumb\",\"itemListElement\":[{\"@type\":\"ListItem\",\"position\":1,\"name\":\"Home\",\"item\":\"https:\/\/tiketi.com\/\"},{\"@type\":\"ListItem\",\"position\":2,\"name\":\"Companies\",\"item\":\"https:\/\/tiketi.com\/companies\/\"},{\"@type\":\"ListItem\",\"position\":3,\"name\":\"Buses\",\"item\":\"https:\/\/tiketi.com\/companies\/buses\/\"},{\"@type\":\"ListItem\",\"position\":4,\"name\":\"Nurein Bus Online Booking, Bus Tickets, Schedule,\u00a0Routes &#038; Fares\"}]},{\"@type\":\"WebSite\",\"@id\":\"https:\/\/tiketi.com\/#website\",\"url\":\"https:\/\/tiketi.com\/\",\"name\":\"Flight & Bus Tickets, Tour Packages & Activitites - Tiketi.com\",\"description\":\"Flight &amp; Bus Tickets, Tours, Activitites\",\"publisher\":{\"@id\":\"https:\/\/tiketi.com\/#organization\"},\"potentialAction\":[{\"@type\":\"SearchAction\",\"target\":{\"@type\":\"EntryPoint\",\"urlTemplate\":\"https:\/\/tiketi.com\/?s={search_term_string}\"},\"query-input\":{\"@type\":\"PropertyValueSpecification\",\"valueRequired\":true,\"valueName\":\"search_term_string\"}}],\"inLanguage\":\"fr-FR\"},{\"@type\":\"Organization\",\"@id\":\"https:\/\/tiketi.com\/#organization\",\"name\":\"Tiketi.com\",\"alternateName\":\"Tiketi\",\"url\":\"https:\/\/tiketi.com\/\",\"logo\":{\"@type\":\"ImageObject\",\"inLanguage\":\"fr-FR\",\"@id\":\"https:\/\/tiketi.com\/#\/schema\/logo\/image\/\",\"url\":\"https:\/\/tiketi.com\/wp-content\/uploads\/2019\/05\/tiketi-logo-696.png\",\"contentUrl\":\"https:\/\/tiketi.com\/wp-content\/uploads\/2019\/05\/tiketi-logo-696.png\",\"width\":696,\"height\":696,\"caption\":\"Tiketi.com\"},\"image\":{\"@id\":\"https:\/\/tiketi.com\/#\/schema\/logo\/image\/\"},\"sameAs\":[\"https:\/\/www.facebook.com\/TiketiCom\/\"]}]}<\/script>\n<!-- \/ Yoast SEO plugin. -->","yoast_head_json":{"title":"Nurein Bus R\u00e9servation en ligne, Billets de bus, Horaires, Trajets &amp; Tarifs - Tiketi.com","description":"Vous recherchez une r\u00e9servation en ligne Kilimanjaro Express, une application, des billets, des contacts, un itin\u00e9raire, un tarif et un horaire\u00a0? Faites une r\u00e9servation en ligne de billets de bus Kilimanjaro Express pas chers","robots":{"index":"index","follow":"follow","max-snippet":"max-snippet:-1","max-image-preview":"max-image-preview:large","max-video-preview":"max-video-preview:-1"},"canonical":"https:\/\/tiketi.com\/fr-fr\/companies\/buses\/nurein-bus\/","og_locale":"fr_FR","og_type":"article","og_title":"Nurein Bus Online Booking, Bus Tickets, Schedule,\u00a0Routes & Fares - Tiketi.com","og_description":"Looking for Kilimanjaro Express online booking, app, tickets, contacts, route, fare & schedule? Make a cheap Kilimanjaro Express bus online ticket booking","og_url":"https:\/\/tiketi.com\/fr-fr\/companies\/buses\/nurein-bus\/","og_site_name":"Tiketi.com","article_publisher":"https:\/\/www.facebook.com\/TiketiCom\/","article_modified_time":"2023-03-18T12:24:57+00:00","og_image":[{"width":1200,"height":206,"url":"https:\/\/tiketi.com\/wp-content\/uploads\/2022\/01\/bus-ticket-online-booking.jpg","type":"image\/jpeg"}],"twitter_card":"summary_large_image","twitter_misc":{"Dur\u00e9e de lecture estim\u00e9e":"2 minutes"},"schema":{"@context":"https:\/\/schema.org","@graph":[{"@type":"WebPage","@id":"https:\/\/tiketi.com\/en-gb\/companies\/buses\/nurein-bus\/","url":"https:\/\/tiketi.com\/en-gb\/companies\/buses\/nurein-bus\/","name":"Nurein Bus R\u00e9servation en ligne, Billets de bus, Horaires, Trajets &amp; Tarifs - Tiketi.com","isPartOf":{"@id":"https:\/\/tiketi.com\/#website"},"primaryImageOfPage":{"@id":"https:\/\/tiketi.com\/en-gb\/companies\/buses\/nurein-bus\/#primaryimage"},"image":{"@id":"https:\/\/tiketi.com\/en-gb\/companies\/buses\/nurein-bus\/#primaryimage"},"thumbnailUrl":"https:\/\/tiketi.com\/wp-content\/uploads\/2022\/01\/bus-ticket-online-booking.jpg","datePublished":"2023-03-18T12:23:17+00:00","dateModified":"2023-03-18T12:24:57+00:00","description":"Vous recherchez une r\u00e9servation en ligne Kilimanjaro Express, une application, des billets, des contacts, un itin\u00e9raire, un tarif et un horaire\u00a0? Faites une r\u00e9servation en ligne de billets de bus Kilimanjaro Express pas chers","breadcrumb":{"@id":"https:\/\/tiketi.com\/en-gb\/companies\/buses\/nurein-bus\/#breadcrumb"},"inLanguage":"fr-FR","potentialAction":[{"@type":"ReadAction","target":["https:\/\/tiketi.com\/en-gb\/companies\/buses\/nurein-bus\/"]}]},{"@type":"ImageObject","inLanguage":"fr-FR","@id":"https:\/\/tiketi.com\/en-gb\/companies\/buses\/nurein-bus\/#primaryimage","url":"https:\/\/tiketi.com\/wp-content\/uploads\/2022\/01\/bus-ticket-online-booking.jpg","contentUrl":"https:\/\/tiketi.com\/wp-content\/uploads\/2022\/01\/bus-ticket-online-booking.jpg","width":1200,"height":206,"caption":"Online Bus Ticket Booking"},{"@type":"BreadcrumbList","@id":"https:\/\/tiketi.com\/en-gb\/companies\/buses\/nurein-bus\/#breadcrumb","itemListElement":[{"@type":"ListItem","position":1,"name":"Home","item":"https:\/\/tiketi.com\/"},{"@type":"ListItem","position":2,"name":"Companies","item":"https:\/\/tiketi.com\/companies\/"},{"@type":"ListItem","position":3,"name":"Buses","item":"https:\/\/tiketi.com\/companies\/buses\/"},{"@type":"ListItem","position":4,"name":"Nurein Bus Online Booking, Bus Tickets, Schedule,\u00a0Routes &#038; Fares"}]},{"@type":"WebSite","@id":"https:\/\/tiketi.com\/#website","url":"https:\/\/tiketi.com\/","name":"Billets d&#039;avion et de bus, forfaits touristiques et activit\u00e9s - Tiketi.com","description":"Billets d&#039;avion et de bus, Tours, Activit\u00e9s","publisher":{"@id":"https:\/\/tiketi.com\/#organization"},"potentialAction":[{"@type":"SearchAction","target":{"@type":"EntryPoint","urlTemplate":"https:\/\/tiketi.com\/?s={search_term_string}"},"query-input":{"@type":"PropertyValueSpecification","valueRequired":true,"valueName":"search_term_string"}}],"inLanguage":"fr-FR"},{"@type":"Organization","@id":"https:\/\/tiketi.com\/#organization","name":"Tiketi.com","alternateName":"Tiketi","url":"https:\/\/tiketi.com\/","logo":{"@type":"ImageObject","inLanguage":"fr-FR","@id":"https:\/\/tiketi.com\/#\/schema\/logo\/image\/","url":"https:\/\/tiketi.com\/wp-content\/uploads\/2019\/05\/tiketi-logo-696.png","contentUrl":"https:\/\/tiketi.com\/wp-content\/uploads\/2019\/05\/tiketi-logo-696.png","width":696,"height":696,"caption":"Tiketi.com"},"image":{"@id":"https:\/\/tiketi.com\/#\/schema\/logo\/image\/"},"sameAs":["https:\/\/www.facebook.com\/TiketiCom\/"]}]}},"_links":{"self":[{"href":"https:\/\/tiketi.com\/fr-fr\/wp-json\/wp\/v2\/pages\/27073","targetHints":{"allow":["GET"]}}],"collection":[{"href":"https:\/\/tiketi.com\/fr-fr\/wp-json\/wp\/v2\/pages"}],"about":[{"href":"https:\/\/tiketi.com\/fr-fr\/wp-json\/wp\/v2\/types\/page"}],"author":[{"embeddable":true,"href":"https:\/\/tiketi.com\/fr-fr\/wp-json\/wp\/v2\/users\/1"}],"replies":[{"embeddable":true,"href":"https:\/\/tiketi.com\/fr-fr\/wp-json\/wp\/v2\/comments?post=27073"}],"version-history":[{"count":0,"href":"https:\/\/tiketi.com\/fr-fr\/wp-json\/wp\/v2\/pages\/27073\/revisions"}],"up":[{"embeddable":true,"href":"https:\/\/tiketi.com\/fr-fr\/wp-json\/wp\/v2\/pages\/25524"}],"wp:featuredmedia":[{"embeddable":true,"href":"https:\/\/tiketi.com\/fr-fr\/wp-json\/wp\/v2\/media\/13999"}],"wp:attachment":[{"href":"https:\/\/tiketi.com\/fr-fr\/wp-json\/wp\/v2\/media?parent=27073"}],"curies":[{"name":"wp","href":"https:\/\/api.w.org\/{rel}","templated":true}]}}