{"id":27074,"date":"2023-03-18T13:16:17","date_gmt":"2023-03-18T12:16:17","guid":{"rendered":"https:\/\/tiketi.com\/?page_id=27074"},"modified":"2023-03-18T13:24:49","modified_gmt":"2023-03-18T12:24:49","slug":"periska-bus","status":"publish","type":"page","link":"https:\/\/tiketi.com\/fr-fr\/companies\/buses\/periska-bus\/","title":{"rendered":"Periska R\u00e9servation en ligne, billets de bus, horaires, itin\u00e9raires et tarifs"},"content":{"rendered":"<p><h2>R\u00e9servation de billets de bus en ligne Periska<\/h2>\n<h3>D\u00e9couvrez votre itin\u00e9raire sur le Web, sur votre mobile ou sur une application et r\u00e9servez d\u00e8s maintenant des billets de bus Periska bon march\u00e9 en ligne.<\/h3>\n<p>La r\u00e9servation en ligne Periska simplifi\u00e9e. <span style=\"font-size: 16px;\">Periska bus limited est une entreprise kenyane qui offre s\u00e9curit\u00e9 et confort aux visiteurs. C&#039;est l&#039;une des compagnies de bus les mieux not\u00e9es du pays. Alors r\u00e9servez d\u00e8s maintenant vos billets de bus en ligne Periska et \u00e9conomisez du temps et de l&#039;argent !<\/span><\/p><\/p>\n\n\n\n<p><\/p>\n\n\n\n<p><h2>FAQ sur la r\u00e9servation en ligne de Periska, les billets de bus, les horaires, les itin\u00e9raires et les tarifs<\/h2>\n<h3>Quels sont les trajets en bus de Periska et leurs tarifs ?<\/h3>\n<p>\u2022 De Nairobi \u00e0 Hombaby<br>\u2022 Nairobi \u00e0 Kisumu<br>\u2022 De Nairobi \u00e0 Busia<br>\u2022 Nairobi \u00e0 Bondo<br>\u2022 De Nairobi \u00e0 Kendubay<\/p><\/p>\n\n\n\n<p><h3>Ligne de flotte de la compagnie de bus Periska<\/h3><\/p>\n\n\n\n<p>Cette entreprise poss\u00e8de et exploite de charmants et nouveaux bus sur toutes les routes du Kenya. Elle poss\u00e8de \u00e9galement des bus Scania fabriqu\u00e9s dans le pays.<\/p>\n\n\n\n<p>Ils disposent de bus semi-luxueux avec un design int\u00e9rieur d\u00e9contract\u00e9 pour vous offrir ce que vous attendez lorsque vous voyagez avec cette entreprise.<\/p>\n\n\n\n<p>Tous leurs bus sont dot\u00e9s d&#039;un syst\u00e8me de transport \u00e0 bord et de fonctionnalit\u00e9s parfaites pour que vous vous sentiez bien jusqu&#039;\u00e0 chez vous dans le pays.<\/p>\n\n\n\n<p><h3>La ligne de service de l&#039;entreprise<\/h3><\/p>\n\n\n\n<p>Le bus Periska propose des services de transport quotidiens de passagers depuis Nairobi vers d&#039;autres comt\u00e9s du Kenya, principalement dans les r\u00e9gions du nord-ouest.<\/p>\n\n\n\n<p>De plus, l&#039;entreprise transporte des colis \u00e0 des prix \u00e9quitables qui peuvent \u00eatre \u00e9conomiques pour tous, quel que soit leur revenu, les colis peuvent atteindre tous leurs lieux.<\/p>\n\n\n\n<p>L&#039;entreprise propose un d\u00e9part quotidien le matin ainsi que des d\u00e9parts l&#039;apr\u00e8s-midi en fonction de l&#039;horaire des bus dans le pays concern\u00e9.<\/p>\n\n\n\n<p>Pour les objectifs de r\u00e9servation, on peut soit appeler leurs bureaux, soit utiliser leur application pour r\u00e9server des billets de bus en ligne Periska. Le paiement apr\u00e8s la r\u00e9servation peut \u00e9galement \u00eatre effectu\u00e9 via M-Pesa.<\/p>\n\n\n\n<p><h3>Quels sont les coordonn\u00e9es et les coordonn\u00e9es du bureau de r\u00e9servation de bus Periska\u00a0?<\/h3><\/p>\n\n\n\n<p>PERIKA LIMITED<br \/>BP 3034 KISUMU<\/p>\r\n<h2>Conseils pour la r\u00e9servation de billets de bus en ligne Periska<\/h2>\r\n<p>L&#039;entreprise dispose des bus les plus d\u00e9tendus sur les routes kenyanes, avec beaucoup d&#039;espace pour les jambes pour vous assurer d&#039;arriver chez vous compl\u00e8tement d\u00e9tendu.<\/p>\r\n<p>\n\n\n\n<\/p>\r\n<p>La soci\u00e9t\u00e9 de bus Periska a domin\u00e9 les routes du Nord-Ouest au d\u00e9part de Nairobi en offrant le meilleur moyen de d\u00e9placement \u00e0 ses clients dans le pays.<\/p>","protected":false},"excerpt":{"rendered":"<p>Periska Online Bus Ticket Booking Discover your travel route on web, mobile or app and book cheap Periska bus tickets online now. Periska online booking made easy. Periska bus limited is a Kenyan firm that gives safety and comfort to visitors. It is one among the top rated bus firm in the country. So do [&hellip;]<\/p>\n","protected":false},"author":1,"featured_media":13999,"parent":25524,"menu_order":0,"comment_status":"closed","ping_status":"closed","template":"template-home-modern.php","meta":{"footnotes":""},"class_list":["post-27074","page","type-page","status-publish","has-post-thumbnail","hentry"],"yoast_head":"<!-- This site is optimized with the Yoast SEO plugin v27.2 - https:\/\/yoast.com\/product\/yoast-seo-wordpress\/ -->\n<title>Periska Online Booking, Bus Tickets, Schedule,\u00a0Routes &amp; Fares - Tiketi.com<\/title>\n<meta name=\"description\" content=\"Looking for Periska online booking, app, tickets, contacts, route, fare &amp; schedule? Make a cheap Periska online bus ticket booking\" \/>\n<meta name=\"robots\" content=\"index, follow, max-snippet:-1, max-image-preview:large, max-video-preview:-1\" \/>\n<link rel=\"canonical\" href=\"https:\/\/tiketi.com\/fr-fr\/kampuni\/mabasi\/periska-bus\/\" \/>\n<meta property=\"og:locale\" content=\"fr_FR\" \/>\n<meta property=\"og:type\" content=\"article\" \/>\n<meta property=\"og:title\" content=\"Periska Online Booking, Bus Tickets, Schedule,\u00a0Routes &amp; Fares - Tiketi.com\" \/>\n<meta property=\"og:description\" content=\"Looking for Periska online booking, app, tickets, contacts, route, fare &amp; schedule? Make a cheap Periska online bus ticket booking\" \/>\n<meta property=\"og:url\" content=\"https:\/\/tiketi.com\/fr-fr\/kampuni\/mabasi\/periska-bus\/\" \/>\n<meta property=\"og:site_name\" content=\"Tiketi.com\" \/>\n<meta property=\"article:publisher\" content=\"https:\/\/www.facebook.com\/TiketiCom\/\" \/>\n<meta property=\"article:modified_time\" content=\"2023-03-18T12:24:49+00:00\" \/>\n<meta property=\"og:image\" content=\"https:\/\/tiketi.com\/wp-content\/uploads\/2022\/01\/bus-ticket-online-booking.jpg\" \/>\n\t<meta property=\"og:image:width\" content=\"1200\" \/>\n\t<meta property=\"og:image:height\" content=\"206\" \/>\n\t<meta property=\"og:image:type\" content=\"image\/jpeg\" \/>\n<meta name=\"twitter:card\" content=\"summary_large_image\" \/>\n<meta name=\"twitter:label1\" content=\"Dur\u00e9e de lecture estim\u00e9e\" \/>\n\t<meta name=\"twitter:data1\" content=\"2 minutes\" \/>\n<script type=\"application\/ld+json\" class=\"yoast-schema-graph\">{\"@context\":\"https:\/\/schema.org\",\"@graph\":[{\"@type\":\"WebPage\",\"@id\":\"https:\/\/tiketi.com\/sw\/kampuni\/mabasi\/periska-bus\/\",\"url\":\"https:\/\/tiketi.com\/sw\/kampuni\/mabasi\/periska-bus\/\",\"name\":\"Periska Online Booking, Bus Tickets, Schedule,\u00a0Routes & Fares - Tiketi.com\",\"isPartOf\":{\"@id\":\"https:\/\/tiketi.com\/#website\"},\"primaryImageOfPage\":{\"@id\":\"https:\/\/tiketi.com\/sw\/kampuni\/mabasi\/periska-bus\/#primaryimage\"},\"image\":{\"@id\":\"https:\/\/tiketi.com\/sw\/kampuni\/mabasi\/periska-bus\/#primaryimage\"},\"thumbnailUrl\":\"https:\/\/tiketi.com\/wp-content\/uploads\/2022\/01\/bus-ticket-online-booking.jpg\",\"datePublished\":\"2023-03-18T12:16:17+00:00\",\"dateModified\":\"2023-03-18T12:24:49+00:00\",\"description\":\"Looking for Periska online booking, app, tickets, contacts, route, fare & schedule? Make a cheap Periska online bus ticket booking\",\"breadcrumb\":{\"@id\":\"https:\/\/tiketi.com\/sw\/kampuni\/mabasi\/periska-bus\/#breadcrumb\"},\"inLanguage\":\"fr-FR\",\"potentialAction\":[{\"@type\":\"ReadAction\",\"target\":[\"https:\/\/tiketi.com\/sw\/kampuni\/mabasi\/periska-bus\/\"]}]},{\"@type\":\"ImageObject\",\"inLanguage\":\"fr-FR\",\"@id\":\"https:\/\/tiketi.com\/sw\/kampuni\/mabasi\/periska-bus\/#primaryimage\",\"url\":\"https:\/\/tiketi.com\/wp-content\/uploads\/2022\/01\/bus-ticket-online-booking.jpg\",\"contentUrl\":\"https:\/\/tiketi.com\/wp-content\/uploads\/2022\/01\/bus-ticket-online-booking.jpg\",\"width\":1200,\"height\":206,\"caption\":\"Online Bus Ticket Booking\"},{\"@type\":\"BreadcrumbList\",\"@id\":\"https:\/\/tiketi.com\/sw\/kampuni\/mabasi\/periska-bus\/#breadcrumb\",\"itemListElement\":[{\"@type\":\"ListItem\",\"position\":1,\"name\":\"Home\",\"item\":\"https:\/\/tiketi.com\/\"},{\"@type\":\"ListItem\",\"position\":2,\"name\":\"Companies\",\"item\":\"https:\/\/tiketi.com\/companies\/\"},{\"@type\":\"ListItem\",\"position\":3,\"name\":\"Buses\",\"item\":\"https:\/\/tiketi.com\/companies\/buses\/\"},{\"@type\":\"ListItem\",\"position\":4,\"name\":\"Periska Online Booking, Bus Tickets, Schedule,\u00a0Routes &#038; Fares\"}]},{\"@type\":\"WebSite\",\"@id\":\"https:\/\/tiketi.com\/#website\",\"url\":\"https:\/\/tiketi.com\/\",\"name\":\"Flight & Bus Tickets, Tour Packages & Activitites - Tiketi.com\",\"description\":\"Flight &amp; Bus Tickets, Tours, Activitites\",\"publisher\":{\"@id\":\"https:\/\/tiketi.com\/#organization\"},\"potentialAction\":[{\"@type\":\"SearchAction\",\"target\":{\"@type\":\"EntryPoint\",\"urlTemplate\":\"https:\/\/tiketi.com\/?s={search_term_string}\"},\"query-input\":{\"@type\":\"PropertyValueSpecification\",\"valueRequired\":true,\"valueName\":\"search_term_string\"}}],\"inLanguage\":\"fr-FR\"},{\"@type\":\"Organization\",\"@id\":\"https:\/\/tiketi.com\/#organization\",\"name\":\"Tiketi.com\",\"alternateName\":\"Tiketi\",\"url\":\"https:\/\/tiketi.com\/\",\"logo\":{\"@type\":\"ImageObject\",\"inLanguage\":\"fr-FR\",\"@id\":\"https:\/\/tiketi.com\/#\/schema\/logo\/image\/\",\"url\":\"https:\/\/tiketi.com\/wp-content\/uploads\/2019\/05\/tiketi-logo-696.png\",\"contentUrl\":\"https:\/\/tiketi.com\/wp-content\/uploads\/2019\/05\/tiketi-logo-696.png\",\"width\":696,\"height\":696,\"caption\":\"Tiketi.com\"},\"image\":{\"@id\":\"https:\/\/tiketi.com\/#\/schema\/logo\/image\/\"},\"sameAs\":[\"https:\/\/www.facebook.com\/TiketiCom\/\"]}]}<\/script>\n<!-- \/ Yoast SEO plugin. -->","yoast_head_json":{"title":"Periska R\u00e9servation en ligne, billets de bus, horaires, itin\u00e9raires et tarifs - Tiketi.com","description":"Vous recherchez une r\u00e9servation en ligne Periska, une application, des billets, des contacts, un itin\u00e9raire, un tarif et un horaire\u00a0? R\u00e9server un billet de bus Periska en ligne pas cher","robots":{"index":"index","follow":"follow","max-snippet":"max-snippet:-1","max-image-preview":"max-image-preview:large","max-video-preview":"max-video-preview:-1"},"canonical":"https:\/\/tiketi.com\/fr-fr\/kampuni\/mabasi\/periska-bus\/","og_locale":"fr_FR","og_type":"article","og_title":"Periska Online Booking, Bus Tickets, Schedule,\u00a0Routes & Fares - Tiketi.com","og_description":"Looking for Periska online booking, app, tickets, contacts, route, fare & schedule? Make a cheap Periska online bus ticket booking","og_url":"https:\/\/tiketi.com\/fr-fr\/kampuni\/mabasi\/periska-bus\/","og_site_name":"Tiketi.com","article_publisher":"https:\/\/www.facebook.com\/TiketiCom\/","article_modified_time":"2023-03-18T12:24:49+00:00","og_image":[{"width":1200,"height":206,"url":"https:\/\/tiketi.com\/wp-content\/uploads\/2022\/01\/bus-ticket-online-booking.jpg","type":"image\/jpeg"}],"twitter_card":"summary_large_image","twitter_misc":{"Dur\u00e9e de lecture estim\u00e9e":"2 minutes"},"schema":{"@context":"https:\/\/schema.org","@graph":[{"@type":"WebPage","@id":"https:\/\/tiketi.com\/sw\/kampuni\/mabasi\/periska-bus\/","url":"https:\/\/tiketi.com\/sw\/kampuni\/mabasi\/periska-bus\/","name":"Periska R\u00e9servation en ligne, billets de bus, horaires, itin\u00e9raires et tarifs - Tiketi.com","isPartOf":{"@id":"https:\/\/tiketi.com\/#website"},"primaryImageOfPage":{"@id":"https:\/\/tiketi.com\/sw\/kampuni\/mabasi\/periska-bus\/#primaryimage"},"image":{"@id":"https:\/\/tiketi.com\/sw\/kampuni\/mabasi\/periska-bus\/#primaryimage"},"thumbnailUrl":"https:\/\/tiketi.com\/wp-content\/uploads\/2022\/01\/bus-ticket-online-booking.jpg","datePublished":"2023-03-18T12:16:17+00:00","dateModified":"2023-03-18T12:24:49+00:00","description":"Vous recherchez une r\u00e9servation en ligne Periska, une application, des billets, des contacts, un itin\u00e9raire, un tarif et un horaire\u00a0? R\u00e9server un billet de bus Periska en ligne pas cher","breadcrumb":{"@id":"https:\/\/tiketi.com\/sw\/kampuni\/mabasi\/periska-bus\/#breadcrumb"},"inLanguage":"fr-FR","potentialAction":[{"@type":"ReadAction","target":["https:\/\/tiketi.com\/sw\/kampuni\/mabasi\/periska-bus\/"]}]},{"@type":"ImageObject","inLanguage":"fr-FR","@id":"https:\/\/tiketi.com\/sw\/kampuni\/mabasi\/periska-bus\/#primaryimage","url":"https:\/\/tiketi.com\/wp-content\/uploads\/2022\/01\/bus-ticket-online-booking.jpg","contentUrl":"https:\/\/tiketi.com\/wp-content\/uploads\/2022\/01\/bus-ticket-online-booking.jpg","width":1200,"height":206,"caption":"Online Bus Ticket Booking"},{"@type":"BreadcrumbList","@id":"https:\/\/tiketi.com\/sw\/kampuni\/mabasi\/periska-bus\/#breadcrumb","itemListElement":[{"@type":"ListItem","position":1,"name":"Home","item":"https:\/\/tiketi.com\/"},{"@type":"ListItem","position":2,"name":"Companies","item":"https:\/\/tiketi.com\/companies\/"},{"@type":"ListItem","position":3,"name":"Buses","item":"https:\/\/tiketi.com\/companies\/buses\/"},{"@type":"ListItem","position":4,"name":"Periska Online Booking, Bus Tickets, Schedule,\u00a0Routes &#038; Fares"}]},{"@type":"WebSite","@id":"https:\/\/tiketi.com\/#website","url":"https:\/\/tiketi.com\/","name":"Billets d&#039;avion et de bus, forfaits touristiques et activit\u00e9s - Tiketi.com","description":"Billets d&#039;avion et de bus, Tours, Activit\u00e9s","publisher":{"@id":"https:\/\/tiketi.com\/#organization"},"potentialAction":[{"@type":"SearchAction","target":{"@type":"EntryPoint","urlTemplate":"https:\/\/tiketi.com\/?s={search_term_string}"},"query-input":{"@type":"PropertyValueSpecification","valueRequired":true,"valueName":"search_term_string"}}],"inLanguage":"fr-FR"},{"@type":"Organization","@id":"https:\/\/tiketi.com\/#organization","name":"Tiketi.com","alternateName":"Tiketi","url":"https:\/\/tiketi.com\/","logo":{"@type":"ImageObject","inLanguage":"fr-FR","@id":"https:\/\/tiketi.com\/#\/schema\/logo\/image\/","url":"https:\/\/tiketi.com\/wp-content\/uploads\/2019\/05\/tiketi-logo-696.png","contentUrl":"https:\/\/tiketi.com\/wp-content\/uploads\/2019\/05\/tiketi-logo-696.png","width":696,"height":696,"caption":"Tiketi.com"},"image":{"@id":"https:\/\/tiketi.com\/#\/schema\/logo\/image\/"},"sameAs":["https:\/\/www.facebook.com\/TiketiCom\/"]}]}},"_links":{"self":[{"href":"https:\/\/tiketi.com\/fr-fr\/wp-json\/wp\/v2\/pages\/27074","targetHints":{"allow":["GET"]}}],"collection":[{"href":"https:\/\/tiketi.com\/fr-fr\/wp-json\/wp\/v2\/pages"}],"about":[{"href":"https:\/\/tiketi.com\/fr-fr\/wp-json\/wp\/v2\/types\/page"}],"author":[{"embeddable":true,"href":"https:\/\/tiketi.com\/fr-fr\/wp-json\/wp\/v2\/users\/1"}],"replies":[{"embeddable":true,"href":"https:\/\/tiketi.com\/fr-fr\/wp-json\/wp\/v2\/comments?post=27074"}],"version-history":[{"count":0,"href":"https:\/\/tiketi.com\/fr-fr\/wp-json\/wp\/v2\/pages\/27074\/revisions"}],"up":[{"embeddable":true,"href":"https:\/\/tiketi.com\/fr-fr\/wp-json\/wp\/v2\/pages\/25524"}],"wp:featuredmedia":[{"embeddable":true,"href":"https:\/\/tiketi.com\/fr-fr\/wp-json\/wp\/v2\/media\/13999"}],"wp:attachment":[{"href":"https:\/\/tiketi.com\/fr-fr\/wp-json\/wp\/v2\/media?parent=27074"}],"curies":[{"name":"wp","href":"https:\/\/api.w.org\/{rel}","templated":true}]}}