{"id":27076,"date":"2023-03-18T13:16:23","date_gmt":"2023-03-18T12:16:23","guid":{"rendered":"https:\/\/tiketi.com\/?page_id=27076"},"modified":"2023-03-18T13:24:41","modified_gmt":"2023-03-18T12:24:41","slug":"sr-classic-coach","status":"publish","type":"page","link":"https:\/\/tiketi.com\/fr-fr\/companies\/buses\/sr-classic-coach\/","title":{"rendered":"SR Classic Coach R\u00e9servation en ligne, billets de bus, tarifs et horaires"},"content":{"rendered":"<p><h2>R\u00e9servation de billets en ligne SR Classic Coach<\/h2>\n<h3>D\u00e9couvrez votre itin\u00e9raire de voyage sur le web, le mobile ou l&#039;application et r\u00e9servez en ligne d\u00e8s maintenant des billets de bus SR Classic Coach pas chers.<\/h3>\n<p>La r\u00e9servation en ligne de SR Classic Coach simplifi\u00e9e. <span style=\"font-size: 16px;\">SR Classic Coach est une soci\u00e9t\u00e9 de bus internationale qui op\u00e8re principalement dans les parties orientales et centrales de l&#039;Afrique. <\/span><span style=\"font-size: 16px;\">Il s&#039;agit d&#039;un grand op\u00e9rateur de bus international dans des pays comme l&#039;Ouganda, le Kenya, la Tanzanie, le Congo, la Zambie et le Rwanda, dont le si\u00e8ge social est situ\u00e9 dans la ville de Lubumbashi au Congo. Alors faites la r\u00e9servation de billets en ligne SR Classic Coach maintenant et \u00e9conomisez du temps et de l&#039;argent!<\/span><\/p><\/p>\n\n\n\n<p><\/p>\n\n\n\n<p><h2>SR Classic Coach R\u00e9servation en ligne, billets de bus, horaires, itin\u00e9raires et tarifs FAQ<\/h2>\n<h3>Quels sont les trajets et les prix des bus SR Classic Coach ?<\/h3>\n<p>\u2022 Dar es Salam \u00e0 Lusaka<br>\u2022 Dar es Salaam \u00e0 Lubumbashi<br>\u2022 Dar es Salam \u00e0 Harare<br>\u2022 Kampapa \u00e0 Lusaka via Tunduma<br>\u2022 Nairobi \u00e0 Kampala<br>\u2022 Dar es Salam \u00e0 Kampala<br>\u2022 Dar es Salam \u00e0 Bujumbura<br>\u2022 Kamapala \u00e0 Lubumbashi<br>\u2022 Kampala \u00e0 Lusaka via Tunduma<\/p><\/p>\n\n\n\n<p><h3>La ligne de service de l&#039;entreprise<\/h3><\/p>\n\n\n\n<p>SR Classic Coach propose des billets de bus de ville \u00e0 ville \u00e0 bas prix pour vos d\u00e9placements dans les parties centrales et orientales de l&#039;Afrique, tous r\u00e9servables depuis votre smartphone ou votre ordinateur.<\/p>\n\n\n\n<p>Leur syst\u00e8me fonctionne au-del\u00e0 de leurs billets de bus \u00e0 bas prix et de leurs simples voyages, les clients reviennent sans cesse pour leur r\u00e9seau de transport africain bien reli\u00e9 et le meilleur service de bus \u00e0 partir du moment o\u00f9 vous r\u00e9servez jusqu&#039;\u00e0 votre arriv\u00e9e en toute s\u00e9curit\u00e9 et imm\u00e9diatement \u00e0 votre destination. Le mod\u00e8le ferme a \u00e9t\u00e9 con\u00e7u en pensant au client, et il a h\u00e2te de prendre la route avec vous.<\/p>\n\n\n\n<p>L&#039;autocar classique SR offre des services fiables et abordables, offrant le meilleur niveau de confort et de s\u00e9curit\u00e9. Vous pouvez \u00eatre assur\u00e9 d&#039;une meilleure exp\u00e9rience et d&#039;une d\u00e9tente compl\u00e8te lorsque vous choisissez leurs bus.<\/p>\n\n\n\n<p>Leur personnel expert et leur flotte de bus propres, relaxants, bien entretenus et accessibles aux fauteuils roulants leur permettent de vous fournir le service fiable et de qualit\u00e9 que vous m\u00e9ritez, aucun probl\u00e8me si votre voyage est \u00e0 travers le pays ou \u00e0 quelques villes seulement !<\/p>\n\n\n\n<p><\/p>\n\n\n\n<p><h3>Quelles sont les coordonn\u00e9es et les coordonn\u00e9es du bureau de r\u00e9servation de bus SR Classic Coach\u00a0?<\/h3>\n<p>&nbsp;<\/p>\n<h2>Conseils de r\u00e9servation de billets en ligne SR Classic Coach<\/h2>\n<p>L&#039;entreprise a \u00e9t\u00e9 cr\u00e9\u00e9e en 2011 avec pour objectif principal de faciliter la circulation des personnes et des biens en Afrique orientale et centrale.<\/p><\/p>","protected":false},"excerpt":{"rendered":"<p>SR Classic Coach Online Ticket Booking Discover your travel route on web, mobile or app and book cheap SR Classic Coach bus tickets online now. SR Classic Coach online booking made easy. SR classic coach is an international bus firm which runs mainly in Eastern and Central parties of Africa. This is a big international [&hellip;]<\/p>\n","protected":false},"author":1,"featured_media":13999,"parent":25524,"menu_order":0,"comment_status":"closed","ping_status":"closed","template":"template-home-modern.php","meta":{"footnotes":""},"class_list":["post-27076","page","type-page","status-publish","has-post-thumbnail","hentry"],"yoast_head":"<!-- This site is optimized with the Yoast SEO plugin v27.4 - https:\/\/yoast.com\/product\/yoast-seo-wordpress\/ -->\n<title>SR Classic Coach Online Booking, Bus Tickets, Fares &amp; Schedule - Tiketi.com<\/title>\n<meta name=\"description\" content=\"Looking for SR Classic Coach online booking, app, tickets, contacts, route, fare &amp; schedule? Make a cheap SR Classic Coach online ticket booking\" \/>\n<meta name=\"robots\" content=\"index, follow, max-snippet:-1, max-image-preview:large, max-video-preview:-1\" \/>\n<link rel=\"canonical\" href=\"https:\/\/tiketi.com\/fr-fr\/companies\/buses\/sr-classic-coach\/\" \/>\n<meta property=\"og:locale\" content=\"fr_FR\" \/>\n<meta property=\"og:type\" content=\"article\" \/>\n<meta property=\"og:title\" content=\"SR Classic Coach Online Booking, Bus Tickets, Fares &amp; Schedule - Tiketi.com\" \/>\n<meta property=\"og:description\" content=\"Looking for SR Classic Coach online booking, app, tickets, contacts, route, fare &amp; schedule? Make a cheap SR Classic Coach online ticket booking\" \/>\n<meta property=\"og:url\" content=\"https:\/\/tiketi.com\/fr-fr\/companies\/buses\/sr-classic-coach\/\" \/>\n<meta property=\"og:site_name\" content=\"Tiketi.com\" \/>\n<meta property=\"article:publisher\" content=\"https:\/\/www.facebook.com\/TiketiCom\/\" \/>\n<meta property=\"article:modified_time\" content=\"2023-03-18T12:24:41+00:00\" \/>\n<meta property=\"og:image\" content=\"https:\/\/tiketi.com\/wp-content\/uploads\/2022\/01\/bus-ticket-online-booking.jpg\" \/>\n\t<meta property=\"og:image:width\" content=\"1200\" \/>\n\t<meta property=\"og:image:height\" content=\"206\" \/>\n\t<meta property=\"og:image:type\" content=\"image\/jpeg\" \/>\n<meta name=\"twitter:card\" content=\"summary_large_image\" \/>\n<meta name=\"twitter:label1\" content=\"Dur\u00e9e de lecture estim\u00e9e\" \/>\n\t<meta name=\"twitter:data1\" content=\"2 minutes\" \/>\n<script type=\"application\/ld+json\" class=\"yoast-schema-graph\">{\"@context\":\"https:\\\/\\\/schema.org\",\"@graph\":[{\"@type\":\"WebPage\",\"@id\":\"https:\\\/\\\/tiketi.com\\\/companies\\\/buses\\\/sr-classic-coach\\\/\",\"url\":\"https:\\\/\\\/tiketi.com\\\/companies\\\/buses\\\/sr-classic-coach\\\/\",\"name\":\"SR Classic Coach Online Booking, Bus Tickets, Fares & Schedule - Tiketi.com\",\"isPartOf\":{\"@id\":\"https:\\\/\\\/tiketi.com\\\/#website\"},\"primaryImageOfPage\":{\"@id\":\"https:\\\/\\\/tiketi.com\\\/companies\\\/buses\\\/sr-classic-coach\\\/#primaryimage\"},\"image\":{\"@id\":\"https:\\\/\\\/tiketi.com\\\/companies\\\/buses\\\/sr-classic-coach\\\/#primaryimage\"},\"thumbnailUrl\":\"https:\\\/\\\/tiketi.com\\\/wp-content\\\/uploads\\\/2022\\\/01\\\/bus-ticket-online-booking.jpg\",\"datePublished\":\"2023-03-18T12:16:23+00:00\",\"dateModified\":\"2023-03-18T12:24:41+00:00\",\"description\":\"Looking for SR Classic Coach online booking, app, tickets, contacts, route, fare & schedule? Make a cheap SR Classic Coach online ticket booking\",\"breadcrumb\":{\"@id\":\"https:\\\/\\\/tiketi.com\\\/companies\\\/buses\\\/sr-classic-coach\\\/#breadcrumb\"},\"inLanguage\":\"fr-FR\",\"potentialAction\":[{\"@type\":\"ReadAction\",\"target\":[\"https:\\\/\\\/tiketi.com\\\/companies\\\/buses\\\/sr-classic-coach\\\/\"]}]},{\"@type\":\"ImageObject\",\"inLanguage\":\"fr-FR\",\"@id\":\"https:\\\/\\\/tiketi.com\\\/companies\\\/buses\\\/sr-classic-coach\\\/#primaryimage\",\"url\":\"https:\\\/\\\/tiketi.com\\\/wp-content\\\/uploads\\\/2022\\\/01\\\/bus-ticket-online-booking.jpg\",\"contentUrl\":\"https:\\\/\\\/tiketi.com\\\/wp-content\\\/uploads\\\/2022\\\/01\\\/bus-ticket-online-booking.jpg\",\"width\":1200,\"height\":206,\"caption\":\"Online Bus Ticket Booking\"},{\"@type\":\"BreadcrumbList\",\"@id\":\"https:\\\/\\\/tiketi.com\\\/companies\\\/buses\\\/sr-classic-coach\\\/#breadcrumb\",\"itemListElement\":[{\"@type\":\"ListItem\",\"position\":1,\"name\":\"Home\",\"item\":\"https:\\\/\\\/tiketi.com\\\/\"},{\"@type\":\"ListItem\",\"position\":2,\"name\":\"Companies\",\"item\":\"https:\\\/\\\/tiketi.com\\\/companies\\\/\"},{\"@type\":\"ListItem\",\"position\":3,\"name\":\"Buses\",\"item\":\"https:\\\/\\\/tiketi.com\\\/companies\\\/buses\\\/\"},{\"@type\":\"ListItem\",\"position\":4,\"name\":\"SR Classic Coach Online Booking, Bus Tickets, Fares &#038; Schedule\"}]},{\"@type\":\"WebSite\",\"@id\":\"https:\\\/\\\/tiketi.com\\\/#website\",\"url\":\"https:\\\/\\\/tiketi.com\\\/\",\"name\":\"Flight & Bus Tickets, Tour Packages & Activitites - Tiketi.com\",\"description\":\"Flight &amp; Bus Tickets, Tours, Activitites\",\"publisher\":{\"@id\":\"https:\\\/\\\/tiketi.com\\\/#organization\"},\"potentialAction\":[{\"@type\":\"SearchAction\",\"target\":{\"@type\":\"EntryPoint\",\"urlTemplate\":\"https:\\\/\\\/tiketi.com\\\/?s={search_term_string}\"},\"query-input\":{\"@type\":\"PropertyValueSpecification\",\"valueRequired\":true,\"valueName\":\"search_term_string\"}}],\"inLanguage\":\"fr-FR\"},{\"@type\":\"Organization\",\"@id\":\"https:\\\/\\\/tiketi.com\\\/#organization\",\"name\":\"Tiketi.com\",\"alternateName\":\"Tiketi\",\"url\":\"https:\\\/\\\/tiketi.com\\\/\",\"logo\":{\"@type\":\"ImageObject\",\"inLanguage\":\"fr-FR\",\"@id\":\"https:\\\/\\\/tiketi.com\\\/#\\\/schema\\\/logo\\\/image\\\/\",\"url\":\"https:\\\/\\\/tiketi.com\\\/wp-content\\\/uploads\\\/2019\\\/05\\\/tiketi-logo-696.png\",\"contentUrl\":\"https:\\\/\\\/tiketi.com\\\/wp-content\\\/uploads\\\/2019\\\/05\\\/tiketi-logo-696.png\",\"width\":696,\"height\":696,\"caption\":\"Tiketi.com\"},\"image\":{\"@id\":\"https:\\\/\\\/tiketi.com\\\/#\\\/schema\\\/logo\\\/image\\\/\"},\"sameAs\":[\"https:\\\/\\\/www.facebook.com\\\/TiketiCom\\\/\"]}]}<\/script>\n<!-- \/ Yoast SEO plugin. -->","yoast_head_json":{"title":"SR Classic Coach R\u00e9servation en ligne, billets de bus, tarifs &amp; horaires - Tiketi.com","description":"Vous recherchez une r\u00e9servation en ligne SR Classic Coach, une application, des billets, des contacts, un itin\u00e9raire, un tarif et un horaire\u00a0? Faire une r\u00e9servation de billets en ligne SR Classic Coach pas cher","robots":{"index":"index","follow":"follow","max-snippet":"max-snippet:-1","max-image-preview":"max-image-preview:large","max-video-preview":"max-video-preview:-1"},"canonical":"https:\/\/tiketi.com\/fr-fr\/companies\/buses\/sr-classic-coach\/","og_locale":"fr_FR","og_type":"article","og_title":"SR Classic Coach Online Booking, Bus Tickets, Fares & Schedule - Tiketi.com","og_description":"Looking for SR Classic Coach online booking, app, tickets, contacts, route, fare & schedule? Make a cheap SR Classic Coach online ticket booking","og_url":"https:\/\/tiketi.com\/fr-fr\/companies\/buses\/sr-classic-coach\/","og_site_name":"Tiketi.com","article_publisher":"https:\/\/www.facebook.com\/TiketiCom\/","article_modified_time":"2023-03-18T12:24:41+00:00","og_image":[{"width":1200,"height":206,"url":"https:\/\/tiketi.com\/wp-content\/uploads\/2022\/01\/bus-ticket-online-booking.jpg","type":"image\/jpeg"}],"twitter_card":"summary_large_image","twitter_misc":{"Dur\u00e9e de lecture estim\u00e9e":"2 minutes"},"schema":{"@context":"https:\/\/schema.org","@graph":[{"@type":"WebPage","@id":"https:\/\/tiketi.com\/companies\/buses\/sr-classic-coach\/","url":"https:\/\/tiketi.com\/companies\/buses\/sr-classic-coach\/","name":"SR Classic Coach R\u00e9servation en ligne, billets de bus, tarifs &amp; horaires - Tiketi.com","isPartOf":{"@id":"https:\/\/tiketi.com\/#website"},"primaryImageOfPage":{"@id":"https:\/\/tiketi.com\/companies\/buses\/sr-classic-coach\/#primaryimage"},"image":{"@id":"https:\/\/tiketi.com\/companies\/buses\/sr-classic-coach\/#primaryimage"},"thumbnailUrl":"https:\/\/tiketi.com\/wp-content\/uploads\/2022\/01\/bus-ticket-online-booking.jpg","datePublished":"2023-03-18T12:16:23+00:00","dateModified":"2023-03-18T12:24:41+00:00","description":"Vous recherchez une r\u00e9servation en ligne SR Classic Coach, une application, des billets, des contacts, un itin\u00e9raire, un tarif et un horaire\u00a0? Faire une r\u00e9servation de billets en ligne SR Classic Coach pas cher","breadcrumb":{"@id":"https:\/\/tiketi.com\/companies\/buses\/sr-classic-coach\/#breadcrumb"},"inLanguage":"fr-FR","potentialAction":[{"@type":"ReadAction","target":["https:\/\/tiketi.com\/companies\/buses\/sr-classic-coach\/"]}]},{"@type":"ImageObject","inLanguage":"fr-FR","@id":"https:\/\/tiketi.com\/companies\/buses\/sr-classic-coach\/#primaryimage","url":"https:\/\/tiketi.com\/wp-content\/uploads\/2022\/01\/bus-ticket-online-booking.jpg","contentUrl":"https:\/\/tiketi.com\/wp-content\/uploads\/2022\/01\/bus-ticket-online-booking.jpg","width":1200,"height":206,"caption":"Online Bus Ticket Booking"},{"@type":"BreadcrumbList","@id":"https:\/\/tiketi.com\/companies\/buses\/sr-classic-coach\/#breadcrumb","itemListElement":[{"@type":"ListItem","position":1,"name":"Home","item":"https:\/\/tiketi.com\/"},{"@type":"ListItem","position":2,"name":"Companies","item":"https:\/\/tiketi.com\/companies\/"},{"@type":"ListItem","position":3,"name":"Buses","item":"https:\/\/tiketi.com\/companies\/buses\/"},{"@type":"ListItem","position":4,"name":"SR Classic Coach Online Booking, Bus Tickets, Fares &#038; Schedule"}]},{"@type":"WebSite","@id":"https:\/\/tiketi.com\/#website","url":"https:\/\/tiketi.com\/","name":"Billets d&#039;avion et de bus, forfaits touristiques et activit\u00e9s - Tiketi.com","description":"Billets d&#039;avion et de bus, Tours, Activit\u00e9s","publisher":{"@id":"https:\/\/tiketi.com\/#organization"},"potentialAction":[{"@type":"SearchAction","target":{"@type":"EntryPoint","urlTemplate":"https:\/\/tiketi.com\/?s={search_term_string}"},"query-input":{"@type":"PropertyValueSpecification","valueRequired":true,"valueName":"search_term_string"}}],"inLanguage":"fr-FR"},{"@type":"Organization","@id":"https:\/\/tiketi.com\/#organization","name":"Tiketi.com","alternateName":"Tiketi","url":"https:\/\/tiketi.com\/","logo":{"@type":"ImageObject","inLanguage":"fr-FR","@id":"https:\/\/tiketi.com\/#\/schema\/logo\/image\/","url":"https:\/\/tiketi.com\/wp-content\/uploads\/2019\/05\/tiketi-logo-696.png","contentUrl":"https:\/\/tiketi.com\/wp-content\/uploads\/2019\/05\/tiketi-logo-696.png","width":696,"height":696,"caption":"Tiketi.com"},"image":{"@id":"https:\/\/tiketi.com\/#\/schema\/logo\/image\/"},"sameAs":["https:\/\/www.facebook.com\/TiketiCom\/"]}]}},"_links":{"self":[{"href":"https:\/\/tiketi.com\/fr-fr\/wp-json\/wp\/v2\/pages\/27076","targetHints":{"allow":["GET"]}}],"collection":[{"href":"https:\/\/tiketi.com\/fr-fr\/wp-json\/wp\/v2\/pages"}],"about":[{"href":"https:\/\/tiketi.com\/fr-fr\/wp-json\/wp\/v2\/types\/page"}],"author":[{"embeddable":true,"href":"https:\/\/tiketi.com\/fr-fr\/wp-json\/wp\/v2\/users\/1"}],"replies":[{"embeddable":true,"href":"https:\/\/tiketi.com\/fr-fr\/wp-json\/wp\/v2\/comments?post=27076"}],"version-history":[{"count":0,"href":"https:\/\/tiketi.com\/fr-fr\/wp-json\/wp\/v2\/pages\/27076\/revisions"}],"up":[{"embeddable":true,"href":"https:\/\/tiketi.com\/fr-fr\/wp-json\/wp\/v2\/pages\/25524"}],"wp:featuredmedia":[{"embeddable":true,"href":"https:\/\/tiketi.com\/fr-fr\/wp-json\/wp\/v2\/media\/13999"}],"wp:attachment":[{"href":"https:\/\/tiketi.com\/fr-fr\/wp-json\/wp\/v2\/media?parent=27076"}],"curies":[{"name":"wp","href":"https:\/\/api.w.org\/{rel}","templated":true}]}}