{"id":27082,"date":"2023-03-18T12:59:44","date_gmt":"2023-03-18T11:59:44","guid":{"rendered":"https:\/\/tiketi.com\/?page_id=27082"},"modified":"2025-08-03T21:20:30","modified_gmt":"2025-08-03T20:20:30","slug":"premier-line-express","status":"publish","type":"page","link":"https:\/\/tiketi.com\/fr-fr\/companies\/buses\/premier-line-express\/","title":{"rendered":"R\u00e9servation en ligne de Premier Bus, billets de bus, itin\u00e9raires et tarifs"},"content":{"rendered":"<h2>R\u00e9servation de billets en ligne pour le bus Premier<\/h2>\r\n<h3>D\u00e9couvrez votre itin\u00e9raire de voyage sur le Web, sur mobile ou sur une application et r\u00e9servez d\u00e8s maintenant des billets de bus Premier Bus \u00e0 bas prix en ligne.<\/h3>\r\n<p>La r\u00e9servation en ligne de Premier Bus est simplifi\u00e9e. <span style=\"font-size: 16px;\">Premier bus also called as premier line express bus is a Mwanza based passenger transportation firm which gives daily transfer services from the Rock city to other areas. So do Premier Bus online ticket booking\u00a0now and save time and money!<\/span><\/p>\r\n<p>\r\n\r\n<\/p>\r\n<p>&nbsp;<\/p>\r\n<p>\r\n\r\n<\/p>\r\n<h2>Premier Bus Online Booking, Bus Tickets, Schedule,\u00a0Routes &amp; Fares FAQs<\/h2>\r\n<h3>What are\u00a0the Premier Bus\u00a0bus routes and prices?<\/h3>\r\n<p>\u2022 De Mwanza \u00e0 Sumbawanga<br \/>\u2022 De Mwanza \u00e0 Mpanda<br \/>\u2022 De Mwanza \u00e0 Mbeya<br \/>\u2022 Mwanza \u00e0 Runzewe<br \/>\u2022 De Mwanza \u00e0 Masumbwe<br \/>\u2022 De Mwanza \u00e0 Ushirombo<\/p>\r\n<p>\r\n\r\n<\/p>\r\n<p>&nbsp;<\/p>\r\n<p>\r\n\r\n<\/p>\r\n<h3>Service de bus haut de gamme<\/h3>\r\n<p>L&#039;entreprise fournit des services quotidiens de transport de passagers et de colis depuis Rock City (Mwanza) vers d&#039;autres r\u00e9gions de Tanzanie, principalement la Ville verte (Mbeya).<\/p>\r\n<p>\r\n\r\n<\/p>\r\n<p>Ils ont des d\u00e9parts quotidiens le matin dans toutes les gares routi\u00e8res, \u00e0 l&#039;exception des gares situ\u00e9es entre le d\u00e9but et la fin d&#039;un voyage comme Iringa, Dodoma, o\u00f9 les heures de d\u00e9part varient de 5h00 du matin.<\/p>\r\n<p>\r\n\r\n<\/p>\r\n<p>Ils fournissent \u00e0 la fois <span style=\"font-size: 16px;\">R\u00e9servation de billets en ligne pour le bus Premier<\/span> o\u00f9 le client a le choix de faire une r\u00e9servation \u00e0 temps ou une pr\u00e9-r\u00e9servation pour l&#039;organisation optimale de ses voyages.<\/p>\r\n<p>\r\n\r\n<\/p>\r\n<h3>Ligne de flotte de bus de premier ordre<\/h3>\r\n<p>\r\n\r\n<\/p>\r\n<p>C&#039;est l&#039;une des rares compagnies de bus \u00e0 exploiter et \u00e0 poss\u00e9der des bus semi-luxueux \u00e9quip\u00e9s de machines Scania. La plupart de leurs bus sont fabriqu\u00e9s au Kenya et en Tanzanie.<\/p>\r\n<p>\r\n\r\n<\/p>\r\n<p>Certains de leurs bus semi-luxueux sont ceux construits par Tanzanie BM Motor Fabricators. Outre les bus fabriqu\u00e9s dans le pays, ils poss\u00e8dent \u00e9galement des bus chinois comme Higer et Zhongtong.<\/p>\r\n<p>\r\n\r\n<\/p>\r\n<p>La plupart des bus fermes sont semi-luxueux et disposent des services et commodit\u00e9s \u00e0 bord suivants\u00a0:<\/p>\r\n<p>\r\n\r\n<\/p>\r\n<p>\u2022 2 x 2 si\u00e8ges inclinables avec suffisamment d&#039;espace pour les jambes<br \/>\u2022 Offre de bus haut de gamme<br \/>\u2022 Ports de chargement USB sur chaque si\u00e8ge<br \/>\u2022 Audiovisuel pour le divertissement et les annonces<\/p>\r\n<p>\r\n\r\n<\/p>\r\n<p>&nbsp;<\/p>\r\n<p>\r\n\r\n<\/p>\r\n<h3>Quels sont les coordonn\u00e9es et les coordonn\u00e9es du bureau de r\u00e9servation des bus Premier\u00a0?<\/h3>\r\n<p>\r\n\r\n<\/p>\r\n<p>Autobus Premier<br \/>Bo\u00eete postale 1701<br \/>Mwanza<\/p>\r\n<h2>Conseils pour la r\u00e9servation de billets en ligne de Premier Bus<\/h2>\r\n<p>L&#039;entreprise est c\u00e9l\u00e8bre pour ses liaisons Mwanza-Mbeya passant par la ville d&#039;Iringa, o\u00f9 elle a r\u00e9ussi \u00e0 se constituer une large client\u00e8le en suivant ses meilleurs services.<\/p>\r\n<p>\r\n\r\n<\/p>\r\n<p>Ils travaillent dans le secteur du transport depuis de nombreuses ann\u00e9es et ont lanc\u00e9 un \u00e9norme d\u00e9fi aux autres compagnies de bus qui circulent sur les m\u00eames itin\u00e9raires, principalement vers la ville verte.<\/p>\r\n<h2>Autres compagnies de bus populaires en Tanzanie<\/h2>\r\n<table border=\"0\" cellspacing=\"1\" cellpadding=\"1\">\r\n<tbody>\r\n<tr>\r\n<td>\r\n<ul>\r\n<li><a href=\"https:\/\/tiketi.com\/fr-fr\/companies\/buses\/trinity-express\/\" target=\"_blank\" rel=\"noopener\">Trinity Express Booking<\/a><\/li>\r\n<\/ul>\r\n<\/td>\r\n<td style=\"width: 30px;\">\u00a0<\/td>\r\n<td>\r\n<ul>\r\n<li><a href=\"https:\/\/tiketi.com\/fr-fr\/companies\/buses\/kilimanjaro-express\/\" target=\"_blank\" rel=\"noopener\">R\u00e9servation Dar Express<\/a><\/li>\r\n<\/ul>\r\n<\/td>\r\n<td style=\"width: 30px;\">\u00a0<\/td>\r\n<td>\r\n<ul>\r\n<li><a href=\"https:\/\/tiketi.com\/fr-fr\/companies\/buses\/kidia-one-express\/\" target=\"_blank\" rel=\"noopener\">Kidia One Express Booking<\/a><\/li>\r\n<\/ul>\r\n<\/td>\r\n<\/tr>\r\n<tr>\r\n<td>\r\n<ul>\r\n<li><a href=\"https:\/\/tiketi.com\/fr-fr\/companies\/buses\/darlux-bus\/\" target=\"_blank\" rel=\"noopener\">DarLux Bus Booking<\/a><\/li>\r\n<\/ul>\r\n<\/td>\r\n<td style=\"width: 30px;\">\u00a0<\/td>\r\n<td>\r\n<ul>\r\n<li><a href=\"https:\/\/tiketi.com\/fr-fr\/companies\/buses\/happy-nation-express\/\" target=\"_blank\" rel=\"noopener\">R\u00e9servation Happy Nation Express<\/a><\/li>\r\n<\/ul>\r\n<\/td>\r\n<td style=\"width: 30px;\">\u00a0<\/td>\r\n<td>\r\n<ul>\r\n<li><a href=\"https:\/\/tiketi.com\/fr-fr\/companies\/buses\/esther-luxury-coach\/\" target=\"_blank\" rel=\"noopener\">R\u00e9servation d&#039;autocars de luxe Esther<\/a><\/li>\r\n<\/ul>\r\n<\/td>\r\n<\/tr>\r\n<tr>\r\n<td>\r\n<ul>\r\n<li><a href=\"https:\/\/tiketi.com\/fr-fr\/companies\/buses\/bm-luxury-coach\/\" target=\"_blank\" rel=\"noopener\">R\u00e9servation de bus BM<\/a><\/li>\r\n<\/ul>\r\n<\/td>\r\n<td style=\"width: 30px;\">\u00a0<\/td>\r\n<td>\r\n<ul>\r\n<li><a href=\"https:\/\/tiketi.com\/fr-fr\/companies\/buses\/satco-express\/\" target=\"_blank\" rel=\"noopener\">R\u00e9servation de bus Satco<\/a><\/li>\r\n<\/ul>\r\n<\/td>\r\n<td style=\"width: 30px;\">\u00a0<\/td>\r\n<td>\r\n<ul>\r\n<li><a href=\"https:\/\/tiketi.com\/fr-fr\/companies\/buses\/abc-autobus-de-classe-superieur\/\" target=\"_blank\" rel=\"noopener\">R\u00e9servation de bus ABC Upper Class<\/a><\/li>\r\n<\/ul>\r\n<\/td>\r\n<\/tr>\r\n<\/tbody>\r\n<\/table>\r\n<p>&nbsp;<\/p>\r\n<p>&nbsp;<\/p>\r\n<p>&nbsp;<\/p>\r\n<p><\/p>","protected":false},"excerpt":{"rendered":"<p>Premier Bus Online Ticket Booking Discover your travel route on web, mobile or app and book cheap Premier Bus bus tickets online now. Premier Bus online booking made easy. Premier bus also called as premier line express bus is a Mwanza based passenger transportation firm which gives daily transfer services from the Rock city to [&hellip;]<\/p>\n","protected":false},"author":1,"featured_media":13999,"parent":25524,"menu_order":0,"comment_status":"closed","ping_status":"closed","template":"template-home-modern.php","meta":{"footnotes":""},"class_list":["post-27082","page","type-page","status-publish","has-post-thumbnail","hentry"],"yoast_head":"<!-- This site is optimized with the Yoast SEO plugin v27.3 - https:\/\/yoast.com\/product\/yoast-seo-wordpress\/ -->\n<title>Premier Bus Online Booking, Bus Tickets, Routes &amp; Fares - Tiketi.com<\/title>\n<meta name=\"description\" content=\"Looking for Premier Bus online booking, app, tickets, contacts, route, fare &amp; schedule? Make a cheap Premier bus online ticket booking\" \/>\n<meta name=\"robots\" content=\"index, follow, max-snippet:-1, max-image-preview:large, max-video-preview:-1\" \/>\n<link rel=\"canonical\" href=\"https:\/\/tiketi.com\/fr-fr\/companies\/buses\/premier-line-express\/\" \/>\n<meta property=\"og:locale\" content=\"fr_FR\" \/>\n<meta property=\"og:type\" content=\"article\" \/>\n<meta property=\"og:title\" content=\"Premier Bus Online Booking, Bus Tickets, Routes &amp; Fares - Tiketi.com\" \/>\n<meta property=\"og:description\" content=\"Looking for Premier Bus online booking, app, tickets, contacts, route, fare &amp; schedule? Make a cheap Premier bus online ticket booking\" \/>\n<meta property=\"og:url\" content=\"https:\/\/tiketi.com\/fr-fr\/companies\/buses\/premier-line-express\/\" \/>\n<meta property=\"og:site_name\" content=\"Tiketi.com\" \/>\n<meta property=\"article:publisher\" content=\"https:\/\/www.facebook.com\/TiketiCom\/\" \/>\n<meta property=\"article:modified_time\" content=\"2025-08-03T20:20:30+00:00\" \/>\n<meta property=\"og:image\" content=\"https:\/\/tiketi.com\/wp-content\/uploads\/2022\/01\/bus-ticket-online-booking.jpg\" \/>\n\t<meta property=\"og:image:width\" content=\"1200\" \/>\n\t<meta property=\"og:image:height\" content=\"206\" \/>\n\t<meta property=\"og:image:type\" content=\"image\/jpeg\" \/>\n<meta name=\"twitter:card\" content=\"summary_large_image\" \/>\n<meta name=\"twitter:label1\" content=\"Dur\u00e9e de lecture estim\u00e9e\" \/>\n\t<meta name=\"twitter:data1\" content=\"3 minutes\" \/>\n<script type=\"application\/ld+json\" class=\"yoast-schema-graph\">{\"@context\":\"https:\\\/\\\/schema.org\",\"@graph\":[{\"@type\":\"WebPage\",\"@id\":\"https:\\\/\\\/tiketi.com\\\/companies\\\/buses\\\/premier-line-express\\\/\",\"url\":\"https:\\\/\\\/tiketi.com\\\/companies\\\/buses\\\/premier-line-express\\\/\",\"name\":\"Premier Bus Online Booking, Bus Tickets, Routes & Fares - Tiketi.com\",\"isPartOf\":{\"@id\":\"https:\\\/\\\/tiketi.com\\\/#website\"},\"primaryImageOfPage\":{\"@id\":\"https:\\\/\\\/tiketi.com\\\/companies\\\/buses\\\/premier-line-express\\\/#primaryimage\"},\"image\":{\"@id\":\"https:\\\/\\\/tiketi.com\\\/companies\\\/buses\\\/premier-line-express\\\/#primaryimage\"},\"thumbnailUrl\":\"https:\\\/\\\/tiketi.com\\\/wp-content\\\/uploads\\\/2022\\\/01\\\/bus-ticket-online-booking.jpg\",\"datePublished\":\"2023-03-18T11:59:44+00:00\",\"dateModified\":\"2025-08-03T20:20:30+00:00\",\"description\":\"Looking for Premier Bus online booking, app, tickets, contacts, route, fare & schedule? Make a cheap Premier bus online ticket booking\",\"breadcrumb\":{\"@id\":\"https:\\\/\\\/tiketi.com\\\/companies\\\/buses\\\/premier-line-express\\\/#breadcrumb\"},\"inLanguage\":\"fr-FR\",\"potentialAction\":[{\"@type\":\"ReadAction\",\"target\":[\"https:\\\/\\\/tiketi.com\\\/companies\\\/buses\\\/premier-line-express\\\/\"]}]},{\"@type\":\"ImageObject\",\"inLanguage\":\"fr-FR\",\"@id\":\"https:\\\/\\\/tiketi.com\\\/companies\\\/buses\\\/premier-line-express\\\/#primaryimage\",\"url\":\"https:\\\/\\\/tiketi.com\\\/wp-content\\\/uploads\\\/2022\\\/01\\\/bus-ticket-online-booking.jpg\",\"contentUrl\":\"https:\\\/\\\/tiketi.com\\\/wp-content\\\/uploads\\\/2022\\\/01\\\/bus-ticket-online-booking.jpg\",\"width\":1200,\"height\":206,\"caption\":\"Online Bus Ticket Booking\"},{\"@type\":\"BreadcrumbList\",\"@id\":\"https:\\\/\\\/tiketi.com\\\/companies\\\/buses\\\/premier-line-express\\\/#breadcrumb\",\"itemListElement\":[{\"@type\":\"ListItem\",\"position\":1,\"name\":\"Home\",\"item\":\"https:\\\/\\\/tiketi.com\\\/\"},{\"@type\":\"ListItem\",\"position\":2,\"name\":\"Companies\",\"item\":\"https:\\\/\\\/tiketi.com\\\/companies\\\/\"},{\"@type\":\"ListItem\",\"position\":3,\"name\":\"Buses\",\"item\":\"https:\\\/\\\/tiketi.com\\\/companies\\\/buses\\\/\"},{\"@type\":\"ListItem\",\"position\":4,\"name\":\"Premier Bus Online Booking, Bus Tickets, Routes &#038; Fares\"}]},{\"@type\":\"WebSite\",\"@id\":\"https:\\\/\\\/tiketi.com\\\/#website\",\"url\":\"https:\\\/\\\/tiketi.com\\\/\",\"name\":\"Flight & Bus Tickets, Tour Packages & Activitites - Tiketi.com\",\"description\":\"Flight &amp; Bus Tickets, Tours, Activitites\",\"publisher\":{\"@id\":\"https:\\\/\\\/tiketi.com\\\/#organization\"},\"potentialAction\":[{\"@type\":\"SearchAction\",\"target\":{\"@type\":\"EntryPoint\",\"urlTemplate\":\"https:\\\/\\\/tiketi.com\\\/?s={search_term_string}\"},\"query-input\":{\"@type\":\"PropertyValueSpecification\",\"valueRequired\":true,\"valueName\":\"search_term_string\"}}],\"inLanguage\":\"fr-FR\"},{\"@type\":\"Organization\",\"@id\":\"https:\\\/\\\/tiketi.com\\\/#organization\",\"name\":\"Tiketi.com\",\"alternateName\":\"Tiketi\",\"url\":\"https:\\\/\\\/tiketi.com\\\/\",\"logo\":{\"@type\":\"ImageObject\",\"inLanguage\":\"fr-FR\",\"@id\":\"https:\\\/\\\/tiketi.com\\\/#\\\/schema\\\/logo\\\/image\\\/\",\"url\":\"https:\\\/\\\/tiketi.com\\\/wp-content\\\/uploads\\\/2019\\\/05\\\/tiketi-logo-696.png\",\"contentUrl\":\"https:\\\/\\\/tiketi.com\\\/wp-content\\\/uploads\\\/2019\\\/05\\\/tiketi-logo-696.png\",\"width\":696,\"height\":696,\"caption\":\"Tiketi.com\"},\"image\":{\"@id\":\"https:\\\/\\\/tiketi.com\\\/#\\\/schema\\\/logo\\\/image\\\/\"},\"sameAs\":[\"https:\\\/\\\/www.facebook.com\\\/TiketiCom\\\/\"]}]}<\/script>\n<!-- \/ Yoast SEO plugin. -->","yoast_head_json":{"title":"Premier Bus R\u00e9servation en ligne, billets de bus, itin\u00e9raires et tarifs - Tiketi.com","description":"Vous recherchez une r\u00e9servation en ligne, une application, des billets, des contacts, un itin\u00e9raire, un tarif et un horaire Premier Bus\u00a0? R\u00e9servation en ligne de billets de bus Premier pas chers","robots":{"index":"index","follow":"follow","max-snippet":"max-snippet:-1","max-image-preview":"max-image-preview:large","max-video-preview":"max-video-preview:-1"},"canonical":"https:\/\/tiketi.com\/fr-fr\/companies\/buses\/premier-line-express\/","og_locale":"fr_FR","og_type":"article","og_title":"Premier Bus Online Booking, Bus Tickets, Routes & Fares - Tiketi.com","og_description":"Looking for Premier Bus online booking, app, tickets, contacts, route, fare & schedule? Make a cheap Premier bus online ticket booking","og_url":"https:\/\/tiketi.com\/fr-fr\/companies\/buses\/premier-line-express\/","og_site_name":"Tiketi.com","article_publisher":"https:\/\/www.facebook.com\/TiketiCom\/","article_modified_time":"2025-08-03T20:20:30+00:00","og_image":[{"width":1200,"height":206,"url":"https:\/\/tiketi.com\/wp-content\/uploads\/2022\/01\/bus-ticket-online-booking.jpg","type":"image\/jpeg"}],"twitter_card":"summary_large_image","twitter_misc":{"Dur\u00e9e de lecture estim\u00e9e":"3 minutes"},"schema":{"@context":"https:\/\/schema.org","@graph":[{"@type":"WebPage","@id":"https:\/\/tiketi.com\/companies\/buses\/premier-line-express\/","url":"https:\/\/tiketi.com\/companies\/buses\/premier-line-express\/","name":"Premier Bus R\u00e9servation en ligne, billets de bus, itin\u00e9raires et tarifs - Tiketi.com","isPartOf":{"@id":"https:\/\/tiketi.com\/#website"},"primaryImageOfPage":{"@id":"https:\/\/tiketi.com\/companies\/buses\/premier-line-express\/#primaryimage"},"image":{"@id":"https:\/\/tiketi.com\/companies\/buses\/premier-line-express\/#primaryimage"},"thumbnailUrl":"https:\/\/tiketi.com\/wp-content\/uploads\/2022\/01\/bus-ticket-online-booking.jpg","datePublished":"2023-03-18T11:59:44+00:00","dateModified":"2025-08-03T20:20:30+00:00","description":"Vous recherchez une r\u00e9servation en ligne, une application, des billets, des contacts, un itin\u00e9raire, un tarif et un horaire Premier Bus\u00a0? R\u00e9servation en ligne de billets de bus Premier pas chers","breadcrumb":{"@id":"https:\/\/tiketi.com\/companies\/buses\/premier-line-express\/#breadcrumb"},"inLanguage":"fr-FR","potentialAction":[{"@type":"ReadAction","target":["https:\/\/tiketi.com\/companies\/buses\/premier-line-express\/"]}]},{"@type":"ImageObject","inLanguage":"fr-FR","@id":"https:\/\/tiketi.com\/companies\/buses\/premier-line-express\/#primaryimage","url":"https:\/\/tiketi.com\/wp-content\/uploads\/2022\/01\/bus-ticket-online-booking.jpg","contentUrl":"https:\/\/tiketi.com\/wp-content\/uploads\/2022\/01\/bus-ticket-online-booking.jpg","width":1200,"height":206,"caption":"Online Bus Ticket Booking"},{"@type":"BreadcrumbList","@id":"https:\/\/tiketi.com\/companies\/buses\/premier-line-express\/#breadcrumb","itemListElement":[{"@type":"ListItem","position":1,"name":"Home","item":"https:\/\/tiketi.com\/"},{"@type":"ListItem","position":2,"name":"Companies","item":"https:\/\/tiketi.com\/companies\/"},{"@type":"ListItem","position":3,"name":"Buses","item":"https:\/\/tiketi.com\/companies\/buses\/"},{"@type":"ListItem","position":4,"name":"Premier Bus Online Booking, Bus Tickets, Routes &#038; Fares"}]},{"@type":"WebSite","@id":"https:\/\/tiketi.com\/#website","url":"https:\/\/tiketi.com\/","name":"Billets d&#039;avion et de bus, forfaits touristiques et activit\u00e9s - Tiketi.com","description":"Billets d&#039;avion et de bus, Tours, Activit\u00e9s","publisher":{"@id":"https:\/\/tiketi.com\/#organization"},"potentialAction":[{"@type":"SearchAction","target":{"@type":"EntryPoint","urlTemplate":"https:\/\/tiketi.com\/?s={search_term_string}"},"query-input":{"@type":"PropertyValueSpecification","valueRequired":true,"valueName":"search_term_string"}}],"inLanguage":"fr-FR"},{"@type":"Organization","@id":"https:\/\/tiketi.com\/#organization","name":"Tiketi.com","alternateName":"Tiketi","url":"https:\/\/tiketi.com\/","logo":{"@type":"ImageObject","inLanguage":"fr-FR","@id":"https:\/\/tiketi.com\/#\/schema\/logo\/image\/","url":"https:\/\/tiketi.com\/wp-content\/uploads\/2019\/05\/tiketi-logo-696.png","contentUrl":"https:\/\/tiketi.com\/wp-content\/uploads\/2019\/05\/tiketi-logo-696.png","width":696,"height":696,"caption":"Tiketi.com"},"image":{"@id":"https:\/\/tiketi.com\/#\/schema\/logo\/image\/"},"sameAs":["https:\/\/www.facebook.com\/TiketiCom\/"]}]}},"_links":{"self":[{"href":"https:\/\/tiketi.com\/fr-fr\/wp-json\/wp\/v2\/pages\/27082","targetHints":{"allow":["GET"]}}],"collection":[{"href":"https:\/\/tiketi.com\/fr-fr\/wp-json\/wp\/v2\/pages"}],"about":[{"href":"https:\/\/tiketi.com\/fr-fr\/wp-json\/wp\/v2\/types\/page"}],"author":[{"embeddable":true,"href":"https:\/\/tiketi.com\/fr-fr\/wp-json\/wp\/v2\/users\/1"}],"replies":[{"embeddable":true,"href":"https:\/\/tiketi.com\/fr-fr\/wp-json\/wp\/v2\/comments?post=27082"}],"version-history":[{"count":1,"href":"https:\/\/tiketi.com\/fr-fr\/wp-json\/wp\/v2\/pages\/27082\/revisions"}],"predecessor-version":[{"id":32361,"href":"https:\/\/tiketi.com\/fr-fr\/wp-json\/wp\/v2\/pages\/27082\/revisions\/32361"}],"up":[{"embeddable":true,"href":"https:\/\/tiketi.com\/fr-fr\/wp-json\/wp\/v2\/pages\/25524"}],"wp:featuredmedia":[{"embeddable":true,"href":"https:\/\/tiketi.com\/fr-fr\/wp-json\/wp\/v2\/media\/13999"}],"wp:attachment":[{"href":"https:\/\/tiketi.com\/fr-fr\/wp-json\/wp\/v2\/media?parent=27082"}],"curies":[{"name":"wp","href":"https:\/\/api.w.org\/{rel}","templated":true}]}}