{"id":27689,"date":"2023-04-12T10:17:24","date_gmt":"2023-04-12T09:17:24","guid":{"rendered":"https:\/\/tiketi.com\/?page_id=27689"},"modified":"2023-04-12T10:18:40","modified_gmt":"2023-04-12T09:18:40","slug":"super-baraka-express","status":"publish","type":"page","link":"https:\/\/tiketi.com\/fr-fr\/companies\/buses\/super-baraka-express\/","title":{"rendered":"R\u00e9servation en ligne Super Baraka, billets de bus, itin\u00e9raires, horaires et tarifs"},"content":{"rendered":"<h2 class=\"wp-block-heading\">R\u00e9servation de billets de bus en ligne Super Baraka Express pas cher<\/h2>\r\n\r\n\r\n\r\n<h3 class=\"wp-block-heading\">D\u00e9couvrez votre itin\u00e9raire de voyage sur le web, le mobile ou l&#039;application et r\u00e9servez des billets Super Baraka Express pas chers en ligne d\u00e8s maintenant.<\/h3>\r\n\r\n\r\n\r\n<p>La r\u00e9servation en ligne de Super Baraka en toute simplicit\u00e9. Le bus Super Baraka Express est une entreprise de transport de passagers bas\u00e9e dans la ville de Dodoma. L&#039;entreprise est l&#039;industrie du transport de passagers depuis plus de sept ans, transf\u00e9rant des passagers de la capitale Dodoma \u00e0 la ville d&#039;affaires de Dar es Salaam via la ville de Morogoro. La r\u00e9servation de billets de bus en ligne Super Baraka Express est s\u00e9curis\u00e9e et vous permet d&#039;\u00e9conomiser du temps et de l&#039;argent.<\/p>\r\n\r\n\r\n\r\n<h2 class=\"wp-block-heading\">FAQ sur la r\u00e9servation en ligne de Super Baraka, les billets de bus, les itin\u00e9raires, les tarifs et les horaires<\/h2>\r\n\r\n\r\n\r\n<h3 class=\"wp-block-heading\">Quels sont les c\u00e9l\u00e8bres itin\u00e9raires Super Baraka Express couverts en Tanzanie ?<\/h3>\r\n\r\n\r\n\r\n<p>\u2022 Lindi \u00e0 Dar es Salam<br \/>\u2022 Tunduru \u00e0 Dar es Salaam<br \/>\u2022 Masai \u00e0 Dar es Salaam<\/p>\r\n<h3>Ligne de flotte de bus classique Baraka<\/h3>\r\n<p>Ils ont une flotte chinoise bien con\u00e7ue pour vous offrir un voyage relaxant entre les points de votre voyage. Leurs bus ont des si\u00e8ges en cuir d\u00e9contract\u00e9s pour que vous vous sentiez au top tout le temps de votre voyage. Ils trouvent \u00e9galement des sp\u00e9cifications \u00e0 bord qui vous laisseront plein de sourire chaque fois que vous choisirez de voyager avec eux. Lorsque vous choisissez de voyager avec le Baraka classic, vous appr\u00e9cierez les services et sp\u00e9cifications \u00e0 bord suivants\u00a0:<\/p>\r\n<p>\u2022 Si\u00e8ges inclinables deux par deux avec amplement d&#039;espace pour les jambes<br \/>\u2022 Services Wi-Fi gratuits<br \/>\u2022 des collations et des boissons gratuites<br \/>\u2022 AC accessible<br \/>\u2022 Plusieurs t\u00e9l\u00e9viseurs pour le divertissement<br \/>\u2022 Meilleur syst\u00e8me audio pour la musique et l&#039;\u00e9coute<\/p>\r\n\r\n\r\n\r\n<h3 class=\"wp-block-heading\">Quels sont les coordonn\u00e9es et le nombre de bus Super Baraka Express ?<\/h3>\r\n\r\n\r\n\r\n<p>Ville de Dodoma.<\/p>\r\n\r\n\r\n\r\n<h2 class=\"wp-block-heading\">Super Baraka Express R\u00e9servation de billets de bus en ligne Conseils Dodoma<\/h2>\r\n\r\n\r\n\r\n<p>Super Baraka Express a \u00e9t\u00e9 cr\u00e9\u00e9 en tant que petite entreprise de bus fournissant des services dans les r\u00e9gions de Dodoma avant d&#039;\u00e9tendre ses services \u00e0 d&#039;autres endroits. Ils ont r\u00e9ussi \u00e0 ajouter une nouvelle flotte dans leur liste pour offrir d&#039;excellentes exp\u00e9riences \u00e0 leurs clients qui voyageaient sur de longues distances vers Pwani, Dar es Salaam et Morogoro.<\/p>\r\n<p>Super Baraka Express est l&#039;une des meilleures compagnies de bus \u00e0 voyager lors d&#039;un voyage de Dodoma \u00e0 Dar es Salaam. Le si\u00e8ge social de l&#039;entreprise est \u00e0 Dodoma City.<\/p>\r\n\r\n\r\n\r\n<p>La r\u00e9servation de billets de bus en ligne Super Baraka Express est s\u00fbre et vous permet d&#039;\u00e9conomiser du temps et de l&#039;argent.<\/p>","protected":false},"excerpt":{"rendered":"<p>Cheap Super Baraka Express Online Bus Ticket Booking Discover your travel route on web, mobile or app and book cheap Super Baraka Express tickets online now. Super Baraka online booking made easy. Super Baraka Express bus is a passenger transportation firm which based in Dodoma city. The firm is the passenger transportation industry for more [&hellip;]<\/p>\n","protected":false},"author":1,"featured_media":13999,"parent":25524,"menu_order":0,"comment_status":"closed","ping_status":"closed","template":"template-home-modern.php","meta":{"footnotes":""},"class_list":["post-27689","page","type-page","status-publish","has-post-thumbnail","hentry"],"yoast_head":"<!-- This site is optimized with the Yoast SEO plugin v27.2 - https:\/\/yoast.com\/product\/yoast-seo-wordpress\/ -->\n<title>Super Baraka Online Booking, Bus Tickets, Routes, Schedule &amp; Fares - Tiketi.com<\/title>\n<meta name=\"description\" content=\"Looking for Super Baraka online booking, app, bus routes, fare and schedule? Make cheap Super Baraka Express online bus ticket booking now\" \/>\n<meta name=\"robots\" content=\"index, follow, max-snippet:-1, max-image-preview:large, max-video-preview:-1\" \/>\n<link rel=\"canonical\" href=\"https:\/\/tiketi.com\/fr-fr\/companies\/buses\/super-baraka-express\/\" \/>\n<meta property=\"og:locale\" content=\"fr_FR\" \/>\n<meta property=\"og:type\" content=\"article\" \/>\n<meta property=\"og:title\" content=\"Super Baraka Online Booking, Bus Tickets, Routes, Schedule &amp; Fares - Tiketi.com\" \/>\n<meta property=\"og:description\" content=\"Looking for Super Baraka online booking, app, bus routes, fare and schedule? Make cheap Super Baraka Express online bus ticket booking now\" \/>\n<meta property=\"og:url\" content=\"https:\/\/tiketi.com\/fr-fr\/companies\/buses\/super-baraka-express\/\" \/>\n<meta property=\"og:site_name\" content=\"Tiketi.com\" \/>\n<meta property=\"article:publisher\" content=\"https:\/\/www.facebook.com\/TiketiCom\/\" \/>\n<meta property=\"article:modified_time\" content=\"2023-04-12T09:18:40+00:00\" \/>\n<meta property=\"og:image\" content=\"https:\/\/tiketi.com\/wp-content\/uploads\/2022\/01\/bus-ticket-online-booking.jpg\" \/>\n\t<meta property=\"og:image:width\" content=\"1200\" \/>\n\t<meta property=\"og:image:height\" content=\"206\" \/>\n\t<meta property=\"og:image:type\" content=\"image\/jpeg\" \/>\n<meta name=\"twitter:card\" content=\"summary_large_image\" \/>\n<meta name=\"twitter:label1\" content=\"Dur\u00e9e de lecture estim\u00e9e\" \/>\n\t<meta name=\"twitter:data1\" content=\"2 minutes\" \/>\n<script type=\"application\/ld+json\" class=\"yoast-schema-graph\">{\"@context\":\"https:\/\/schema.org\",\"@graph\":[{\"@type\":\"WebPage\",\"@id\":\"https:\/\/tiketi.com\/en-gb\/companies\/buses\/super-baraka-express\/\",\"url\":\"https:\/\/tiketi.com\/en-gb\/companies\/buses\/super-baraka-express\/\",\"name\":\"Super Baraka Online Booking, Bus Tickets, Routes, Schedule & Fares - Tiketi.com\",\"isPartOf\":{\"@id\":\"https:\/\/tiketi.com\/#website\"},\"primaryImageOfPage\":{\"@id\":\"https:\/\/tiketi.com\/en-gb\/companies\/buses\/super-baraka-express\/#primaryimage\"},\"image\":{\"@id\":\"https:\/\/tiketi.com\/en-gb\/companies\/buses\/super-baraka-express\/#primaryimage\"},\"thumbnailUrl\":\"https:\/\/tiketi.com\/wp-content\/uploads\/2022\/01\/bus-ticket-online-booking.jpg\",\"datePublished\":\"2023-04-12T09:17:24+00:00\",\"dateModified\":\"2023-04-12T09:18:40+00:00\",\"description\":\"Looking for Super Baraka online booking, app, bus routes, fare and schedule? Make cheap Super Baraka Express online bus ticket booking now\",\"breadcrumb\":{\"@id\":\"https:\/\/tiketi.com\/en-gb\/companies\/buses\/super-baraka-express\/#breadcrumb\"},\"inLanguage\":\"fr-FR\",\"potentialAction\":[{\"@type\":\"ReadAction\",\"target\":[\"https:\/\/tiketi.com\/en-gb\/companies\/buses\/super-baraka-express\/\"]}]},{\"@type\":\"ImageObject\",\"inLanguage\":\"fr-FR\",\"@id\":\"https:\/\/tiketi.com\/en-gb\/companies\/buses\/super-baraka-express\/#primaryimage\",\"url\":\"https:\/\/tiketi.com\/wp-content\/uploads\/2022\/01\/bus-ticket-online-booking.jpg\",\"contentUrl\":\"https:\/\/tiketi.com\/wp-content\/uploads\/2022\/01\/bus-ticket-online-booking.jpg\",\"width\":1200,\"height\":206,\"caption\":\"Online Bus Ticket Booking\"},{\"@type\":\"BreadcrumbList\",\"@id\":\"https:\/\/tiketi.com\/en-gb\/companies\/buses\/super-baraka-express\/#breadcrumb\",\"itemListElement\":[{\"@type\":\"ListItem\",\"position\":1,\"name\":\"Home\",\"item\":\"https:\/\/tiketi.com\/\"},{\"@type\":\"ListItem\",\"position\":2,\"name\":\"Companies\",\"item\":\"https:\/\/tiketi.com\/companies\/\"},{\"@type\":\"ListItem\",\"position\":3,\"name\":\"Buses\",\"item\":\"https:\/\/tiketi.com\/companies\/buses\/\"},{\"@type\":\"ListItem\",\"position\":4,\"name\":\"Super Baraka Online Booking, Bus Tickets, Routes, Schedule &#038; Fares\"}]},{\"@type\":\"WebSite\",\"@id\":\"https:\/\/tiketi.com\/#website\",\"url\":\"https:\/\/tiketi.com\/\",\"name\":\"Flight & Bus Tickets, Tour Packages & Activitites - Tiketi.com\",\"description\":\"Flight &amp; Bus Tickets, Tours, Activitites\",\"publisher\":{\"@id\":\"https:\/\/tiketi.com\/#organization\"},\"potentialAction\":[{\"@type\":\"SearchAction\",\"target\":{\"@type\":\"EntryPoint\",\"urlTemplate\":\"https:\/\/tiketi.com\/?s={search_term_string}\"},\"query-input\":{\"@type\":\"PropertyValueSpecification\",\"valueRequired\":true,\"valueName\":\"search_term_string\"}}],\"inLanguage\":\"fr-FR\"},{\"@type\":\"Organization\",\"@id\":\"https:\/\/tiketi.com\/#organization\",\"name\":\"Tiketi.com\",\"alternateName\":\"Tiketi\",\"url\":\"https:\/\/tiketi.com\/\",\"logo\":{\"@type\":\"ImageObject\",\"inLanguage\":\"fr-FR\",\"@id\":\"https:\/\/tiketi.com\/#\/schema\/logo\/image\/\",\"url\":\"https:\/\/tiketi.com\/wp-content\/uploads\/2019\/05\/tiketi-logo-696.png\",\"contentUrl\":\"https:\/\/tiketi.com\/wp-content\/uploads\/2019\/05\/tiketi-logo-696.png\",\"width\":696,\"height\":696,\"caption\":\"Tiketi.com\"},\"image\":{\"@id\":\"https:\/\/tiketi.com\/#\/schema\/logo\/image\/\"},\"sameAs\":[\"https:\/\/www.facebook.com\/TiketiCom\/\"]}]}<\/script>\n<!-- \/ Yoast SEO plugin. -->","yoast_head_json":{"title":"Super Baraka R\u00e9servation en ligne, Billets de bus, Trajets, Horaires &amp; Tarifs - Tiketi.com","description":"Vous recherchez une r\u00e9servation en ligne, une application, des itin\u00e9raires de bus, des tarifs et des horaires pour Super Baraka\u00a0? R\u00e9servez d\u00e8s maintenant vos billets de bus en ligne Super Baraka Express \u00e0 bas prix","robots":{"index":"index","follow":"follow","max-snippet":"max-snippet:-1","max-image-preview":"max-image-preview:large","max-video-preview":"max-video-preview:-1"},"canonical":"https:\/\/tiketi.com\/fr-fr\/companies\/buses\/super-baraka-express\/","og_locale":"fr_FR","og_type":"article","og_title":"Super Baraka Online Booking, Bus Tickets, Routes, Schedule & Fares - Tiketi.com","og_description":"Looking for Super Baraka online booking, app, bus routes, fare and schedule? Make cheap Super Baraka Express online bus ticket booking now","og_url":"https:\/\/tiketi.com\/fr-fr\/companies\/buses\/super-baraka-express\/","og_site_name":"Tiketi.com","article_publisher":"https:\/\/www.facebook.com\/TiketiCom\/","article_modified_time":"2023-04-12T09:18:40+00:00","og_image":[{"width":1200,"height":206,"url":"https:\/\/tiketi.com\/wp-content\/uploads\/2022\/01\/bus-ticket-online-booking.jpg","type":"image\/jpeg"}],"twitter_card":"summary_large_image","twitter_misc":{"Dur\u00e9e de lecture estim\u00e9e":"2 minutes"},"schema":{"@context":"https:\/\/schema.org","@graph":[{"@type":"WebPage","@id":"https:\/\/tiketi.com\/en-gb\/companies\/buses\/super-baraka-express\/","url":"https:\/\/tiketi.com\/en-gb\/companies\/buses\/super-baraka-express\/","name":"Super Baraka R\u00e9servation en ligne, Billets de bus, Trajets, Horaires &amp; Tarifs - Tiketi.com","isPartOf":{"@id":"https:\/\/tiketi.com\/#website"},"primaryImageOfPage":{"@id":"https:\/\/tiketi.com\/en-gb\/companies\/buses\/super-baraka-express\/#primaryimage"},"image":{"@id":"https:\/\/tiketi.com\/en-gb\/companies\/buses\/super-baraka-express\/#primaryimage"},"thumbnailUrl":"https:\/\/tiketi.com\/wp-content\/uploads\/2022\/01\/bus-ticket-online-booking.jpg","datePublished":"2023-04-12T09:17:24+00:00","dateModified":"2023-04-12T09:18:40+00:00","description":"Vous recherchez une r\u00e9servation en ligne, une application, des itin\u00e9raires de bus, des tarifs et des horaires pour Super Baraka\u00a0? R\u00e9servez d\u00e8s maintenant vos billets de bus en ligne Super Baraka Express \u00e0 bas prix","breadcrumb":{"@id":"https:\/\/tiketi.com\/en-gb\/companies\/buses\/super-baraka-express\/#breadcrumb"},"inLanguage":"fr-FR","potentialAction":[{"@type":"ReadAction","target":["https:\/\/tiketi.com\/en-gb\/companies\/buses\/super-baraka-express\/"]}]},{"@type":"ImageObject","inLanguage":"fr-FR","@id":"https:\/\/tiketi.com\/en-gb\/companies\/buses\/super-baraka-express\/#primaryimage","url":"https:\/\/tiketi.com\/wp-content\/uploads\/2022\/01\/bus-ticket-online-booking.jpg","contentUrl":"https:\/\/tiketi.com\/wp-content\/uploads\/2022\/01\/bus-ticket-online-booking.jpg","width":1200,"height":206,"caption":"Online Bus Ticket Booking"},{"@type":"BreadcrumbList","@id":"https:\/\/tiketi.com\/en-gb\/companies\/buses\/super-baraka-express\/#breadcrumb","itemListElement":[{"@type":"ListItem","position":1,"name":"Home","item":"https:\/\/tiketi.com\/"},{"@type":"ListItem","position":2,"name":"Companies","item":"https:\/\/tiketi.com\/companies\/"},{"@type":"ListItem","position":3,"name":"Buses","item":"https:\/\/tiketi.com\/companies\/buses\/"},{"@type":"ListItem","position":4,"name":"Super Baraka Online Booking, Bus Tickets, Routes, Schedule &#038; Fares"}]},{"@type":"WebSite","@id":"https:\/\/tiketi.com\/#website","url":"https:\/\/tiketi.com\/","name":"Billets d&#039;avion et de bus, forfaits touristiques et activit\u00e9s - Tiketi.com","description":"Billets d&#039;avion et de bus, Tours, Activit\u00e9s","publisher":{"@id":"https:\/\/tiketi.com\/#organization"},"potentialAction":[{"@type":"SearchAction","target":{"@type":"EntryPoint","urlTemplate":"https:\/\/tiketi.com\/?s={search_term_string}"},"query-input":{"@type":"PropertyValueSpecification","valueRequired":true,"valueName":"search_term_string"}}],"inLanguage":"fr-FR"},{"@type":"Organization","@id":"https:\/\/tiketi.com\/#organization","name":"Tiketi.com","alternateName":"Tiketi","url":"https:\/\/tiketi.com\/","logo":{"@type":"ImageObject","inLanguage":"fr-FR","@id":"https:\/\/tiketi.com\/#\/schema\/logo\/image\/","url":"https:\/\/tiketi.com\/wp-content\/uploads\/2019\/05\/tiketi-logo-696.png","contentUrl":"https:\/\/tiketi.com\/wp-content\/uploads\/2019\/05\/tiketi-logo-696.png","width":696,"height":696,"caption":"Tiketi.com"},"image":{"@id":"https:\/\/tiketi.com\/#\/schema\/logo\/image\/"},"sameAs":["https:\/\/www.facebook.com\/TiketiCom\/"]}]}},"_links":{"self":[{"href":"https:\/\/tiketi.com\/fr-fr\/wp-json\/wp\/v2\/pages\/27689","targetHints":{"allow":["GET"]}}],"collection":[{"href":"https:\/\/tiketi.com\/fr-fr\/wp-json\/wp\/v2\/pages"}],"about":[{"href":"https:\/\/tiketi.com\/fr-fr\/wp-json\/wp\/v2\/types\/page"}],"author":[{"embeddable":true,"href":"https:\/\/tiketi.com\/fr-fr\/wp-json\/wp\/v2\/users\/1"}],"replies":[{"embeddable":true,"href":"https:\/\/tiketi.com\/fr-fr\/wp-json\/wp\/v2\/comments?post=27689"}],"version-history":[{"count":0,"href":"https:\/\/tiketi.com\/fr-fr\/wp-json\/wp\/v2\/pages\/27689\/revisions"}],"up":[{"embeddable":true,"href":"https:\/\/tiketi.com\/fr-fr\/wp-json\/wp\/v2\/pages\/25524"}],"wp:featuredmedia":[{"embeddable":true,"href":"https:\/\/tiketi.com\/fr-fr\/wp-json\/wp\/v2\/media\/13999"}],"wp:attachment":[{"href":"https:\/\/tiketi.com\/fr-fr\/wp-json\/wp\/v2\/media?parent=27689"}],"curies":[{"name":"wp","href":"https:\/\/api.w.org\/{rel}","templated":true}]}}