{"id":27690,"date":"2023-04-12T10:08:04","date_gmt":"2023-04-12T09:08:04","guid":{"rendered":"https:\/\/tiketi.com\/?page_id=27690"},"modified":"2023-04-12T10:18:02","modified_gmt":"2023-04-12T09:18:02","slug":"super-metro-sacco","status":"publish","type":"page","link":"https:\/\/tiketi.com\/fr-fr\/companies\/buses\/super-metro-sacco\/","title":{"rendered":"R\u00e9servation en ligne Super Metro, billets de bus, itin\u00e9raires, horaires et tarifs"},"content":{"rendered":"<h2 class=\"wp-block-heading\">R\u00e9servation de billets de bus en ligne Super Metro Sacco pas cher<\/h2>\r\n\r\n\r\n\r\n<h3 class=\"wp-block-heading\">D\u00e9couvrez votre itin\u00e9raire de voyage sur le web, le mobile ou l&#039;application et r\u00e9servez des billets Super Metro Sacco pas chers en ligne d\u00e8s maintenant.<\/h3>\r\n\r\n\r\n\r\n<p>La r\u00e9servation en ligne de Super Metro en toute simplicit\u00e9. Super Metro sacco est une soci\u00e9t\u00e9 de services de bus bas\u00e9e \u00e0 Nairobi au Kenya, ses op\u00e9rations ont \u00e9t\u00e9 \u00e9tablies au d\u00e9but de 2010 environ. La soci\u00e9t\u00e9 est c\u00e9l\u00e8bre pour ses services de bus Matatu de la capitale Nairobi \u00e0 la route Kikuyu, Makongeni 237, Juja 236 et la route Thika. . La r\u00e9servation en ligne de billets de bus Super Metro Sacco est s\u00e9curis\u00e9e et vous permet d&#039;\u00e9conomiser du temps et de l&#039;argent.<\/p>\r\n\r\n\r\n\r\n<h2 class=\"wp-block-heading\">FAQ sur la r\u00e9servation en ligne de Super Metro, les billets de bus, les itin\u00e9raires, les tarifs et les horaires<\/h2>\r\n\r\n\r\n\r\n<h3 class=\"wp-block-heading\">Quelles sont les c\u00e9l\u00e8bres lignes de bus Super Metro couvertes au Kenya ?<\/h3>\r\n\r\n\r\n\r\n<p>Itin\u00e9raires des compagnies de bus Super Metro<br \/>\u2022 Nairobi \u00e0 Kakamega<br \/>\u2022 Nairobi \u00e0 Thika<br \/>\u2022 Nairobi \u00e0 Kisumu<br \/>\u2022 Nairobi \u00e0 Juja<br \/>\u2022 Nairobi \u00e0 Kikuyu<br \/>\u2022 Nairobi \u00e0 Makongeni<\/p>\r\n<h3>Ligne de flotte Super Metro<\/h3>\r\n<p>L&#039;entreprise poss\u00e8de et exploite un grand nombre de flottes Matatu sur leurs routes. La plupart d&#039;entre eux sont des v\u00e9hicules Isuzu nouvellement import\u00e9s et d&#039;autres fabriqu\u00e9s au Kenya.<\/p>\r\n<p>Ils ont \u00e9galement gagn\u00e9 et g\u00e9r\u00e9 des bus Scania ; ce sont des autocars longue distance qui sont fabriqu\u00e9s au Kenya par Master Fabricator limited.<\/p>\r\n<h3>Ligne de service de la soci\u00e9t\u00e9 Super Metro sacco<\/h3>\r\n<p>Le super m\u00e9tro est c\u00e9l\u00e8bre pour ses c\u00e9l\u00e8bres services Matatu de la ville de Nairobi \u00e0 la route Kikuyu 105, Makongeni 237, Juja 236, routes Thika au Kenya.<\/p>\r\n<p>Ils offrent des services quotidiens de bus Matatu parmi les Kenyans et d&#039;autres personnes qui se d\u00e9pla\u00e7aient entre les endroits nomm\u00e9s. Leurs services sont fiables avec un meilleur support client.<\/p>\r\n<p>L&#039;entreprise a \u00e9galement lanc\u00e9 des voyages en bus longue distance avec ses bus Emirata Sacania nouvellement achet\u00e9s.<\/p>\r\n<p>Ils assurent le transport quotidien des hommes d&#039;affaires et d&#039;autres personnes de Nairobi \u00e0 l&#039;arri\u00e8re-pays.<\/p>\r\n<p>Vous pouvez faire un super m\u00e9tro en r\u00e9servant des billets dans leurs bureaux plac\u00e9s dans chaque terminal et arr\u00eat de bus. Vous pouvez \u00e9galement r\u00e9server vos billets en appelant leurs \u00e9quipes d&#039;assistance \u00e0 la client\u00e8le.<\/p>\r\n\r\n\r\n\r\n<h3 class=\"wp-block-heading\">Quels sont les coordonn\u00e9es et le nombre de bus Super Metro Sacco ?<\/h3>\r\n\r\n\r\n\r\n<p>Maragua Ln, Nairobi, Kenya.<\/p>\r\n\r\n\r\n\r\n\r\n\r\n<h2>Super Metro Sacco Conseils de r\u00e9servation de billets de bus en ligne<\/h2>\r\n<p>L&#039;entreprise est c\u00e9l\u00e8bre pour ses services de qualit\u00e9 sup\u00e9rieure sur la division Matatu, ce qui entra\u00eene une concurrence f\u00e9roce pour leur Sacco lors d&#039;activit\u00e9s dans les m\u00eames r\u00e9gions.<br \/>Super Metro a maintenant lanc\u00e9 une nouvelle division de leur entreprise qui propose un trajet en bus longue distance depuis la capitale.<\/p>\r\n<p>\r\n\r\n<\/p>\r\n<p>La r\u00e9servation en ligne de billets de bus Super Metro Sacco est s\u00e9curis\u00e9e et vous permet d&#039;\u00e9conomiser du temps et de l&#039;argent.<\/p>","protected":false},"excerpt":{"rendered":"<p>Cheap Super Metro Sacco Online Bus Ticket Booking Discover your travel route on web, mobile or app and book cheap Super Metro Sacco tickets online now. Super Metro online booking made easy. Super Metro sacco is a bus service firm which is based in Nairobi Kenya, their operations was established early around 2010. The firm [&hellip;]<\/p>\n","protected":false},"author":1,"featured_media":13999,"parent":25524,"menu_order":0,"comment_status":"closed","ping_status":"closed","template":"template-home-modern.php","meta":{"footnotes":""},"class_list":["post-27690","page","type-page","status-publish","has-post-thumbnail","hentry"],"yoast_head":"<!-- This site is optimized with the Yoast SEO plugin v27.2 - https:\/\/yoast.com\/product\/yoast-seo-wordpress\/ -->\n<title>Super Metro Online Booking, Bus Tickets, Routes, Schedule &amp; Fares - Tiketi.com<\/title>\n<meta name=\"description\" content=\"Looking for Super Metro online booking, app, bus routes, fare and schedule? Make cheap Super Metro Sacco online bus ticket booking now\" \/>\n<meta name=\"robots\" content=\"index, follow, max-snippet:-1, max-image-preview:large, max-video-preview:-1\" \/>\n<link rel=\"canonical\" href=\"https:\/\/tiketi.com\/fr-fr\/companies\/buses\/super-metro-sacco\/\" \/>\n<meta property=\"og:locale\" content=\"fr_FR\" \/>\n<meta property=\"og:type\" content=\"article\" \/>\n<meta property=\"og:title\" content=\"Super Metro Online Booking, Bus Tickets, Routes, Schedule &amp; Fares - Tiketi.com\" \/>\n<meta property=\"og:description\" content=\"Looking for Super Metro online booking, app, bus routes, fare and schedule? Make cheap Super Metro Sacco online bus ticket booking now\" \/>\n<meta property=\"og:url\" content=\"https:\/\/tiketi.com\/fr-fr\/companies\/buses\/super-metro-sacco\/\" \/>\n<meta property=\"og:site_name\" content=\"Tiketi.com\" \/>\n<meta property=\"article:publisher\" content=\"https:\/\/www.facebook.com\/TiketiCom\/\" \/>\n<meta property=\"article:modified_time\" content=\"2023-04-12T09:18:02+00:00\" \/>\n<meta property=\"og:image\" content=\"https:\/\/tiketi.com\/wp-content\/uploads\/2022\/01\/bus-ticket-online-booking.jpg\" \/>\n\t<meta property=\"og:image:width\" content=\"1200\" \/>\n\t<meta property=\"og:image:height\" content=\"206\" \/>\n\t<meta property=\"og:image:type\" content=\"image\/jpeg\" \/>\n<meta name=\"twitter:card\" content=\"summary_large_image\" \/>\n<meta name=\"twitter:label1\" content=\"Dur\u00e9e de lecture estim\u00e9e\" \/>\n\t<meta name=\"twitter:data1\" content=\"2 minutes\" \/>\n<script type=\"application\/ld+json\" class=\"yoast-schema-graph\">{\"@context\":\"https:\/\/schema.org\",\"@graph\":[{\"@type\":\"WebPage\",\"@id\":\"https:\/\/tiketi.com\/companies\/buses\/super-metro-sacco\/\",\"url\":\"https:\/\/tiketi.com\/companies\/buses\/super-metro-sacco\/\",\"name\":\"Super Metro Online Booking, Bus Tickets, Routes, Schedule &amp; Fares - Tiketi.com\",\"isPartOf\":{\"@id\":\"https:\/\/tiketi.com\/#website\"},\"primaryImageOfPage\":{\"@id\":\"https:\/\/tiketi.com\/companies\/buses\/super-metro-sacco\/#primaryimage\"},\"image\":{\"@id\":\"https:\/\/tiketi.com\/companies\/buses\/super-metro-sacco\/#primaryimage\"},\"thumbnailUrl\":\"https:\/\/tiketi.com\/wp-content\/uploads\/2022\/01\/bus-ticket-online-booking.jpg\",\"datePublished\":\"2023-04-12T09:08:04+00:00\",\"dateModified\":\"2023-04-12T09:18:02+00:00\",\"description\":\"Looking for Super Metro online booking, app, bus routes, fare and schedule? Make cheap Super Metro Sacco online bus ticket booking now\",\"breadcrumb\":{\"@id\":\"https:\/\/tiketi.com\/companies\/buses\/super-metro-sacco\/#breadcrumb\"},\"inLanguage\":\"fr-FR\",\"potentialAction\":[{\"@type\":\"ReadAction\",\"target\":[\"https:\/\/tiketi.com\/companies\/buses\/super-metro-sacco\/\"]}]},{\"@type\":\"ImageObject\",\"inLanguage\":\"fr-FR\",\"@id\":\"https:\/\/tiketi.com\/companies\/buses\/super-metro-sacco\/#primaryimage\",\"url\":\"https:\/\/tiketi.com\/wp-content\/uploads\/2022\/01\/bus-ticket-online-booking.jpg\",\"contentUrl\":\"https:\/\/tiketi.com\/wp-content\/uploads\/2022\/01\/bus-ticket-online-booking.jpg\",\"width\":1200,\"height\":206,\"caption\":\"Online Bus Ticket Booking\"},{\"@type\":\"BreadcrumbList\",\"@id\":\"https:\/\/tiketi.com\/companies\/buses\/super-metro-sacco\/#breadcrumb\",\"itemListElement\":[{\"@type\":\"ListItem\",\"position\":1,\"name\":\"Home\",\"item\":\"https:\/\/tiketi.com\/\"},{\"@type\":\"ListItem\",\"position\":2,\"name\":\"Companies\",\"item\":\"https:\/\/tiketi.com\/companies\/\"},{\"@type\":\"ListItem\",\"position\":3,\"name\":\"Buses\",\"item\":\"https:\/\/tiketi.com\/companies\/buses\/\"},{\"@type\":\"ListItem\",\"position\":4,\"name\":\"Super Metro Online Booking, Bus Tickets, Routes, Schedule &amp; Fares\"}]},{\"@type\":\"WebSite\",\"@id\":\"https:\/\/tiketi.com\/#website\",\"url\":\"https:\/\/tiketi.com\/\",\"name\":\"Flight & Bus Tickets, Tour Packages & Activitites - Tiketi.com\",\"description\":\"Flight &amp; Bus Tickets, Tours, Activitites\",\"publisher\":{\"@id\":\"https:\/\/tiketi.com\/#organization\"},\"potentialAction\":[{\"@type\":\"SearchAction\",\"target\":{\"@type\":\"EntryPoint\",\"urlTemplate\":\"https:\/\/tiketi.com\/?s={search_term_string}\"},\"query-input\":{\"@type\":\"PropertyValueSpecification\",\"valueRequired\":true,\"valueName\":\"search_term_string\"}}],\"inLanguage\":\"fr-FR\"},{\"@type\":\"Organization\",\"@id\":\"https:\/\/tiketi.com\/#organization\",\"name\":\"Tiketi.com\",\"alternateName\":\"Tiketi\",\"url\":\"https:\/\/tiketi.com\/\",\"logo\":{\"@type\":\"ImageObject\",\"inLanguage\":\"fr-FR\",\"@id\":\"https:\/\/tiketi.com\/#\/schema\/logo\/image\/\",\"url\":\"https:\/\/tiketi.com\/wp-content\/uploads\/2019\/05\/tiketi-logo-696.png\",\"contentUrl\":\"https:\/\/tiketi.com\/wp-content\/uploads\/2019\/05\/tiketi-logo-696.png\",\"width\":696,\"height\":696,\"caption\":\"Tiketi.com\"},\"image\":{\"@id\":\"https:\/\/tiketi.com\/#\/schema\/logo\/image\/\"},\"sameAs\":[\"https:\/\/www.facebook.com\/TiketiCom\/\"]}]}<\/script>\n<!-- \/ Yoast SEO plugin. -->","yoast_head_json":{"title":"Super Metro R\u00e9servation en ligne, Billets de bus, Trajets, Horaires &amp; Tarifs - Tiketi.com","description":"Vous recherchez une r\u00e9servation en ligne Super Metro, une application, des itin\u00e9raires de bus, des tarifs et des horaires? R\u00e9servez d\u00e8s maintenant vos billets de bus Super Metro Sacco en ligne pas chers","robots":{"index":"index","follow":"follow","max-snippet":"max-snippet:-1","max-image-preview":"max-image-preview:large","max-video-preview":"max-video-preview:-1"},"canonical":"https:\/\/tiketi.com\/fr-fr\/companies\/buses\/super-metro-sacco\/","og_locale":"fr_FR","og_type":"article","og_title":"Super Metro Online Booking, Bus Tickets, Routes, Schedule &amp; Fares - Tiketi.com","og_description":"Looking for Super Metro online booking, app, bus routes, fare and schedule? Make cheap Super Metro Sacco online bus ticket booking now","og_url":"https:\/\/tiketi.com\/fr-fr\/companies\/buses\/super-metro-sacco\/","og_site_name":"Tiketi.com","article_publisher":"https:\/\/www.facebook.com\/TiketiCom\/","article_modified_time":"2023-04-12T09:18:02+00:00","og_image":[{"width":1200,"height":206,"url":"https:\/\/tiketi.com\/wp-content\/uploads\/2022\/01\/bus-ticket-online-booking.jpg","type":"image\/jpeg"}],"twitter_card":"summary_large_image","twitter_misc":{"Dur\u00e9e de lecture estim\u00e9e":"2 minutes"},"schema":{"@context":"https:\/\/schema.org","@graph":[{"@type":"WebPage","@id":"https:\/\/tiketi.com\/companies\/buses\/super-metro-sacco\/","url":"https:\/\/tiketi.com\/companies\/buses\/super-metro-sacco\/","name":"Super Metro R\u00e9servation en ligne, Billets de bus, Trajets, Horaires &amp; Tarifs - Tiketi.com","isPartOf":{"@id":"https:\/\/tiketi.com\/#website"},"primaryImageOfPage":{"@id":"https:\/\/tiketi.com\/companies\/buses\/super-metro-sacco\/#primaryimage"},"image":{"@id":"https:\/\/tiketi.com\/companies\/buses\/super-metro-sacco\/#primaryimage"},"thumbnailUrl":"https:\/\/tiketi.com\/wp-content\/uploads\/2022\/01\/bus-ticket-online-booking.jpg","datePublished":"2023-04-12T09:08:04+00:00","dateModified":"2023-04-12T09:18:02+00:00","description":"Vous recherchez une r\u00e9servation en ligne Super Metro, une application, des itin\u00e9raires de bus, des tarifs et des horaires? R\u00e9servez d\u00e8s maintenant vos billets de bus Super Metro Sacco en ligne pas chers","breadcrumb":{"@id":"https:\/\/tiketi.com\/companies\/buses\/super-metro-sacco\/#breadcrumb"},"inLanguage":"fr-FR","potentialAction":[{"@type":"ReadAction","target":["https:\/\/tiketi.com\/companies\/buses\/super-metro-sacco\/"]}]},{"@type":"ImageObject","inLanguage":"fr-FR","@id":"https:\/\/tiketi.com\/companies\/buses\/super-metro-sacco\/#primaryimage","url":"https:\/\/tiketi.com\/wp-content\/uploads\/2022\/01\/bus-ticket-online-booking.jpg","contentUrl":"https:\/\/tiketi.com\/wp-content\/uploads\/2022\/01\/bus-ticket-online-booking.jpg","width":1200,"height":206,"caption":"Online Bus Ticket Booking"},{"@type":"BreadcrumbList","@id":"https:\/\/tiketi.com\/companies\/buses\/super-metro-sacco\/#breadcrumb","itemListElement":[{"@type":"ListItem","position":1,"name":"Home","item":"https:\/\/tiketi.com\/"},{"@type":"ListItem","position":2,"name":"Companies","item":"https:\/\/tiketi.com\/companies\/"},{"@type":"ListItem","position":3,"name":"Buses","item":"https:\/\/tiketi.com\/companies\/buses\/"},{"@type":"ListItem","position":4,"name":"Super Metro Online Booking, Bus Tickets, Routes, Schedule &amp; Fares"}]},{"@type":"WebSite","@id":"https:\/\/tiketi.com\/#website","url":"https:\/\/tiketi.com\/","name":"Billets d&#039;avion et de bus, forfaits touristiques et activit\u00e9s - Tiketi.com","description":"Billets d&#039;avion et de bus, Tours, Activit\u00e9s","publisher":{"@id":"https:\/\/tiketi.com\/#organization"},"potentialAction":[{"@type":"SearchAction","target":{"@type":"EntryPoint","urlTemplate":"https:\/\/tiketi.com\/?s={search_term_string}"},"query-input":{"@type":"PropertyValueSpecification","valueRequired":true,"valueName":"search_term_string"}}],"inLanguage":"fr-FR"},{"@type":"Organization","@id":"https:\/\/tiketi.com\/#organization","name":"Tiketi.com","alternateName":"Tiketi","url":"https:\/\/tiketi.com\/","logo":{"@type":"ImageObject","inLanguage":"fr-FR","@id":"https:\/\/tiketi.com\/#\/schema\/logo\/image\/","url":"https:\/\/tiketi.com\/wp-content\/uploads\/2019\/05\/tiketi-logo-696.png","contentUrl":"https:\/\/tiketi.com\/wp-content\/uploads\/2019\/05\/tiketi-logo-696.png","width":696,"height":696,"caption":"Tiketi.com"},"image":{"@id":"https:\/\/tiketi.com\/#\/schema\/logo\/image\/"},"sameAs":["https:\/\/www.facebook.com\/TiketiCom\/"]}]}},"_links":{"self":[{"href":"https:\/\/tiketi.com\/fr-fr\/wp-json\/wp\/v2\/pages\/27690","targetHints":{"allow":["GET"]}}],"collection":[{"href":"https:\/\/tiketi.com\/fr-fr\/wp-json\/wp\/v2\/pages"}],"about":[{"href":"https:\/\/tiketi.com\/fr-fr\/wp-json\/wp\/v2\/types\/page"}],"author":[{"embeddable":true,"href":"https:\/\/tiketi.com\/fr-fr\/wp-json\/wp\/v2\/users\/1"}],"replies":[{"embeddable":true,"href":"https:\/\/tiketi.com\/fr-fr\/wp-json\/wp\/v2\/comments?post=27690"}],"version-history":[{"count":0,"href":"https:\/\/tiketi.com\/fr-fr\/wp-json\/wp\/v2\/pages\/27690\/revisions"}],"up":[{"embeddable":true,"href":"https:\/\/tiketi.com\/fr-fr\/wp-json\/wp\/v2\/pages\/25524"}],"wp:featuredmedia":[{"embeddable":true,"href":"https:\/\/tiketi.com\/fr-fr\/wp-json\/wp\/v2\/media\/13999"}],"wp:attachment":[{"href":"https:\/\/tiketi.com\/fr-fr\/wp-json\/wp\/v2\/media?parent=27690"}],"curies":[{"name":"wp","href":"https:\/\/api.w.org\/{rel}","templated":true}]}}