{"id":27691,"date":"2023-04-12T10:23:06","date_gmt":"2023-04-12T09:23:06","guid":{"rendered":"https:\/\/tiketi.com\/?page_id=27691"},"modified":"2023-04-12T10:26:33","modified_gmt":"2023-04-12T09:26:33","slug":"tavavili-express","status":"publish","type":"page","link":"https:\/\/tiketi.com\/fr-fr\/companies\/buses\/tavavili-express\/","title":{"rendered":"R\u00e9servation en ligne Tavavili Express, billets de bus, itin\u00e9raires, horaires et tarifs"},"content":{"rendered":"<h2 class=\"wp-block-heading\">R\u00e9servation de billets de bus en ligne Tavavili Express pas cher<\/h2>\r\n\r\n\r\n\r\n<h3 class=\"wp-block-heading\">D\u00e9couvrez votre itin\u00e9raire de voyage sur le web, le mobile ou l&#039;application et r\u00e9servez des billets Tavavili Express pas chers en ligne d\u00e8s maintenant.<\/h3>\r\n\r\n\r\n\r\n<p>R\u00e9servation en ligne Tavavili Express simplifi\u00e9e. Tavavili express est une entreprise de transport interurbain de passagers bas\u00e9e \u00e0 Ruvuma - Songea, la r\u00e9gion montagneuse du sud de la Tanzanie. La r\u00e9servation en ligne de billets de bus Tavavili Express est s\u00e9curis\u00e9e et vous fait gagner du temps et de l&#039;argent.<\/p>\r\n\r\n\r\n\r\n\r\n\r\n<h2 class=\"wp-block-heading\">FAQ sur la r\u00e9servation en ligne de Tavavili Express, les billets de bus, les itin\u00e9raires, les tarifs et les horaires<\/h2>\r\n\r\n\r\n\r\n<h3 class=\"wp-block-heading\">Quelles sont les c\u00e9l\u00e8bres lignes de bus Tavavili Express couvertes en Tanzanie ?<\/h3>\r\n<p>\u2022 Songea \u00e0 Dodoma via Njombe<br \/>\u2022 Songea et Dar es Salaam et Tunduru<br \/>\u2022 Dar es Salaam et Babati et Kondoa<br \/>\u2022 Dodoma \u00e0 Dar es Salam<\/p>\r\n\r\n\r\n\r\n<h3>Ligne de la flotte de bus express Tavavili<\/h3>\r\n<p>Ils ont de nouvelles bases de luxe nouvellement achet\u00e9es en Chine, toutes \u00e9tant un mod\u00e8le de grimpeur Zhongtong avec un charmant int\u00e9rieur personnalis\u00e9.<\/p>\r\n<p>Leurs bus sont soign\u00e9s et propres pour vous offrir un safari m\u00e9morable et frais de votre point de d\u00e9part \u00e0 l&#039;endroit souhait\u00e9 en Tanzanie.<\/p>\r\n<p>Les bus express Tavaili ont un design int\u00e9rieur relaxant et des caract\u00e9ristiques pour vous renouveler tout au long du trajet.<\/p>\r\n<h3>Billet de bus et ligne de service Tavavili Express<\/h3>\r\n<p>L&#039;entreprise propose des services quotidiens de transport de passagers de la ville de Songea vers d&#039;autres r\u00e9gions de Tanzanie, principalement les r\u00e9gions de Dodoma et de Dar es Salaam.<\/p>\r\n<p>Ils ont des d\u00e9parts le matin dans toutes les gares routi\u00e8res o\u00f9 se trouvent leurs bureaux pour la r\u00e9servation de billets et d&#039;autres probl\u00e8mes li\u00e9s aux voyages ainsi que des services.<\/p>\r\n<p>La r\u00e9servation de billets express Tavavili peut \u00eatre effectu\u00e9e via Internet ou au bureau en appelant leur repr\u00e9sentant de l&#039;entreprise pour vous aider avec les billets.<\/p>\r\n<p>L&#039;entreprise achemine \u00e9galement des colis \u00e0 des prix \u00e9quitables vers tous les endroits o\u00f9 leurs bus se rendaient, visitent leurs bureaux ou appellent leurs agents pour obtenir de l&#039;aide.<\/p>\r\n\r\n\r\n\r\n<h3 class=\"wp-block-heading\">Quels sont les coordonn\u00e9es et le nombre de bus Tavavili Express ?<\/h3>\r\n\r\n\r\n\r\n<p>Ruvuma Songea.<\/p>\r\n\r\n\r\n\r\n\r\n\r\n<h2 class=\"wp-block-heading\">Tavavili Express R\u00e9servation de billets de bus en ligne Conseils Dodoma<\/h2>\r\n<p>L&#039;entreprise a \u00e9t\u00e9 cr\u00e9\u00e9e vers 2020 et est devenue l&#039;une des grandes rivales d&#039;autres entreprises l\u00e9gendaires sur ces routes vers et depuis la ville de Songea.<\/p>\r\n<p>Ils disposent d&#039;un nombre suffisant de bus pour offrir un transport fiable \u00e0 vos besoins et leur personnel exp\u00e9riment\u00e9 est l\u00e0 pour vous fournir ce que vous attendez de votre safari.<\/p>","protected":false},"excerpt":{"rendered":"<p>Cheap Tavavili Express Online Bus Ticket Booking Discover your travel route on web, mobile or app and book cheap Tavavili Express tickets online now. Tavavili Express online booking made easy. Tavavili express is an intercity passenger transportation firm based in Ruvuma \u2013 Songea, The southern highland area of Tanzania. Tavavili Express online bus ticket booking [&hellip;]<\/p>\n","protected":false},"author":1,"featured_media":13999,"parent":25524,"menu_order":0,"comment_status":"closed","ping_status":"closed","template":"template-home-modern.php","meta":{"footnotes":""},"class_list":["post-27691","page","type-page","status-publish","has-post-thumbnail","hentry"],"yoast_head":"<!-- This site is optimized with the Yoast SEO plugin v27.3 - https:\/\/yoast.com\/product\/yoast-seo-wordpress\/ -->\n<title>Tavavili Express Online Booking, Bus Tickets, Routes, Schedule &amp; Fares - Tiketi.com<\/title>\n<meta name=\"description\" content=\"Looking for Tavavili Express online booking, app, bus routes, fare and schedule? Make cheap Tavavili Express online bus ticket booking now\" \/>\n<meta name=\"robots\" content=\"index, follow, max-snippet:-1, max-image-preview:large, max-video-preview:-1\" \/>\n<link rel=\"canonical\" href=\"https:\/\/tiketi.com\/fr-fr\/companies\/buses\/tavavili-express\/\" \/>\n<meta property=\"og:locale\" content=\"fr_FR\" \/>\n<meta property=\"og:type\" content=\"article\" \/>\n<meta property=\"og:title\" content=\"Tavavili Express Online Booking, Bus Tickets, Routes, Schedule &amp; Fares - Tiketi.com\" \/>\n<meta property=\"og:description\" content=\"Looking for Tavavili Express online booking, app, bus routes, fare and schedule? Make cheap Tavavili Express online bus ticket booking now\" \/>\n<meta property=\"og:url\" content=\"https:\/\/tiketi.com\/fr-fr\/companies\/buses\/tavavili-express\/\" \/>\n<meta property=\"og:site_name\" content=\"Tiketi.com\" \/>\n<meta property=\"article:publisher\" content=\"https:\/\/www.facebook.com\/TiketiCom\/\" \/>\n<meta property=\"article:modified_time\" content=\"2023-04-12T09:26:33+00:00\" \/>\n<meta property=\"og:image\" content=\"https:\/\/tiketi.com\/wp-content\/uploads\/2022\/01\/bus-ticket-online-booking.jpg\" \/>\n\t<meta property=\"og:image:width\" content=\"1200\" \/>\n\t<meta property=\"og:image:height\" content=\"206\" \/>\n\t<meta property=\"og:image:type\" content=\"image\/jpeg\" \/>\n<meta name=\"twitter:card\" content=\"summary_large_image\" \/>\n<meta name=\"twitter:label1\" content=\"Dur\u00e9e de lecture estim\u00e9e\" \/>\n\t<meta name=\"twitter:data1\" content=\"2 minutes\" \/>\n<script type=\"application\/ld+json\" class=\"yoast-schema-graph\">{\"@context\":\"https:\\\/\\\/schema.org\",\"@graph\":[{\"@type\":\"WebPage\",\"@id\":\"https:\\\/\\\/tiketi.com\\\/en-gb\\\/companies\\\/buses\\\/tavavili-express\\\/\",\"url\":\"https:\\\/\\\/tiketi.com\\\/en-gb\\\/companies\\\/buses\\\/tavavili-express\\\/\",\"name\":\"Tavavili Express Online Booking, Bus Tickets, Routes, Schedule &amp; Fares - Tiketi.com\",\"isPartOf\":{\"@id\":\"https:\\\/\\\/tiketi.com\\\/#website\"},\"primaryImageOfPage\":{\"@id\":\"https:\\\/\\\/tiketi.com\\\/en-gb\\\/companies\\\/buses\\\/tavavili-express\\\/#primaryimage\"},\"image\":{\"@id\":\"https:\\\/\\\/tiketi.com\\\/en-gb\\\/companies\\\/buses\\\/tavavili-express\\\/#primaryimage\"},\"thumbnailUrl\":\"https:\\\/\\\/tiketi.com\\\/wp-content\\\/uploads\\\/2022\\\/01\\\/bus-ticket-online-booking.jpg\",\"datePublished\":\"2023-04-12T09:23:06+00:00\",\"dateModified\":\"2023-04-12T09:26:33+00:00\",\"description\":\"Looking for Tavavili Express online booking, app, bus routes, fare and schedule? Make cheap Tavavili Express online bus ticket booking now\",\"breadcrumb\":{\"@id\":\"https:\\\/\\\/tiketi.com\\\/en-gb\\\/companies\\\/buses\\\/tavavili-express\\\/#breadcrumb\"},\"inLanguage\":\"fr-FR\",\"potentialAction\":[{\"@type\":\"ReadAction\",\"target\":[\"https:\\\/\\\/tiketi.com\\\/en-gb\\\/companies\\\/buses\\\/tavavili-express\\\/\"]}]},{\"@type\":\"ImageObject\",\"inLanguage\":\"fr-FR\",\"@id\":\"https:\\\/\\\/tiketi.com\\\/en-gb\\\/companies\\\/buses\\\/tavavili-express\\\/#primaryimage\",\"url\":\"https:\\\/\\\/tiketi.com\\\/wp-content\\\/uploads\\\/2022\\\/01\\\/bus-ticket-online-booking.jpg\",\"contentUrl\":\"https:\\\/\\\/tiketi.com\\\/wp-content\\\/uploads\\\/2022\\\/01\\\/bus-ticket-online-booking.jpg\",\"width\":1200,\"height\":206,\"caption\":\"Online Bus Ticket Booking\"},{\"@type\":\"BreadcrumbList\",\"@id\":\"https:\\\/\\\/tiketi.com\\\/en-gb\\\/companies\\\/buses\\\/tavavili-express\\\/#breadcrumb\",\"itemListElement\":[{\"@type\":\"ListItem\",\"position\":1,\"name\":\"Home\",\"item\":\"https:\\\/\\\/tiketi.com\\\/\"},{\"@type\":\"ListItem\",\"position\":2,\"name\":\"Companies\",\"item\":\"https:\\\/\\\/tiketi.com\\\/companies\\\/\"},{\"@type\":\"ListItem\",\"position\":3,\"name\":\"Buses\",\"item\":\"https:\\\/\\\/tiketi.com\\\/companies\\\/buses\\\/\"},{\"@type\":\"ListItem\",\"position\":4,\"name\":\"Tavavili Express Online Booking, Bus Tickets, Routes, Schedule &amp; Fares\"}]},{\"@type\":\"WebSite\",\"@id\":\"https:\\\/\\\/tiketi.com\\\/#website\",\"url\":\"https:\\\/\\\/tiketi.com\\\/\",\"name\":\"Flight & Bus Tickets, Tour Packages & Activitites - Tiketi.com\",\"description\":\"Flight &amp; Bus Tickets, Tours, Activitites\",\"publisher\":{\"@id\":\"https:\\\/\\\/tiketi.com\\\/#organization\"},\"potentialAction\":[{\"@type\":\"SearchAction\",\"target\":{\"@type\":\"EntryPoint\",\"urlTemplate\":\"https:\\\/\\\/tiketi.com\\\/?s={search_term_string}\"},\"query-input\":{\"@type\":\"PropertyValueSpecification\",\"valueRequired\":true,\"valueName\":\"search_term_string\"}}],\"inLanguage\":\"fr-FR\"},{\"@type\":\"Organization\",\"@id\":\"https:\\\/\\\/tiketi.com\\\/#organization\",\"name\":\"Tiketi.com\",\"alternateName\":\"Tiketi\",\"url\":\"https:\\\/\\\/tiketi.com\\\/\",\"logo\":{\"@type\":\"ImageObject\",\"inLanguage\":\"fr-FR\",\"@id\":\"https:\\\/\\\/tiketi.com\\\/#\\\/schema\\\/logo\\\/image\\\/\",\"url\":\"https:\\\/\\\/tiketi.com\\\/wp-content\\\/uploads\\\/2019\\\/05\\\/tiketi-logo-696.png\",\"contentUrl\":\"https:\\\/\\\/tiketi.com\\\/wp-content\\\/uploads\\\/2019\\\/05\\\/tiketi-logo-696.png\",\"width\":696,\"height\":696,\"caption\":\"Tiketi.com\"},\"image\":{\"@id\":\"https:\\\/\\\/tiketi.com\\\/#\\\/schema\\\/logo\\\/image\\\/\"},\"sameAs\":[\"https:\\\/\\\/www.facebook.com\\\/TiketiCom\\\/\"]}]}<\/script>\n<!-- \/ Yoast SEO plugin. -->","yoast_head_json":{"title":"Tavavili Express R\u00e9servation en ligne, Billets de bus, Trajets, Horaires &amp; Tarifs - Tiketi.com","description":"Vous recherchez une r\u00e9servation en ligne, une application, des itin\u00e9raires de bus, des tarifs et des horaires pour Tavavili Express\u00a0? R\u00e9servez d\u00e8s maintenant vos billets de bus en ligne Tavavili Express \u00e0 bas prix","robots":{"index":"index","follow":"follow","max-snippet":"max-snippet:-1","max-image-preview":"max-image-preview:large","max-video-preview":"max-video-preview:-1"},"canonical":"https:\/\/tiketi.com\/fr-fr\/companies\/buses\/tavavili-express\/","og_locale":"fr_FR","og_type":"article","og_title":"Tavavili Express Online Booking, Bus Tickets, Routes, Schedule &amp; Fares - Tiketi.com","og_description":"Looking for Tavavili Express online booking, app, bus routes, fare and schedule? Make cheap Tavavili Express online bus ticket booking now","og_url":"https:\/\/tiketi.com\/fr-fr\/companies\/buses\/tavavili-express\/","og_site_name":"Tiketi.com","article_publisher":"https:\/\/www.facebook.com\/TiketiCom\/","article_modified_time":"2023-04-12T09:26:33+00:00","og_image":[{"width":1200,"height":206,"url":"https:\/\/tiketi.com\/wp-content\/uploads\/2022\/01\/bus-ticket-online-booking.jpg","type":"image\/jpeg"}],"twitter_card":"summary_large_image","twitter_misc":{"Dur\u00e9e de lecture estim\u00e9e":"2 minutes"},"schema":{"@context":"https:\/\/schema.org","@graph":[{"@type":"WebPage","@id":"https:\/\/tiketi.com\/en-gb\/companies\/buses\/tavavili-express\/","url":"https:\/\/tiketi.com\/en-gb\/companies\/buses\/tavavili-express\/","name":"Tavavili Express R\u00e9servation en ligne, Billets de bus, Trajets, Horaires &amp; Tarifs - Tiketi.com","isPartOf":{"@id":"https:\/\/tiketi.com\/#website"},"primaryImageOfPage":{"@id":"https:\/\/tiketi.com\/en-gb\/companies\/buses\/tavavili-express\/#primaryimage"},"image":{"@id":"https:\/\/tiketi.com\/en-gb\/companies\/buses\/tavavili-express\/#primaryimage"},"thumbnailUrl":"https:\/\/tiketi.com\/wp-content\/uploads\/2022\/01\/bus-ticket-online-booking.jpg","datePublished":"2023-04-12T09:23:06+00:00","dateModified":"2023-04-12T09:26:33+00:00","description":"Vous recherchez une r\u00e9servation en ligne, une application, des itin\u00e9raires de bus, des tarifs et des horaires pour Tavavili Express\u00a0? R\u00e9servez d\u00e8s maintenant vos billets de bus en ligne Tavavili Express \u00e0 bas prix","breadcrumb":{"@id":"https:\/\/tiketi.com\/en-gb\/companies\/buses\/tavavili-express\/#breadcrumb"},"inLanguage":"fr-FR","potentialAction":[{"@type":"ReadAction","target":["https:\/\/tiketi.com\/en-gb\/companies\/buses\/tavavili-express\/"]}]},{"@type":"ImageObject","inLanguage":"fr-FR","@id":"https:\/\/tiketi.com\/en-gb\/companies\/buses\/tavavili-express\/#primaryimage","url":"https:\/\/tiketi.com\/wp-content\/uploads\/2022\/01\/bus-ticket-online-booking.jpg","contentUrl":"https:\/\/tiketi.com\/wp-content\/uploads\/2022\/01\/bus-ticket-online-booking.jpg","width":1200,"height":206,"caption":"Online Bus Ticket Booking"},{"@type":"BreadcrumbList","@id":"https:\/\/tiketi.com\/en-gb\/companies\/buses\/tavavili-express\/#breadcrumb","itemListElement":[{"@type":"ListItem","position":1,"name":"Home","item":"https:\/\/tiketi.com\/"},{"@type":"ListItem","position":2,"name":"Companies","item":"https:\/\/tiketi.com\/companies\/"},{"@type":"ListItem","position":3,"name":"Buses","item":"https:\/\/tiketi.com\/companies\/buses\/"},{"@type":"ListItem","position":4,"name":"Tavavili Express Online Booking, Bus Tickets, Routes, Schedule &amp; Fares"}]},{"@type":"WebSite","@id":"https:\/\/tiketi.com\/#website","url":"https:\/\/tiketi.com\/","name":"Billets d&#039;avion et de bus, forfaits touristiques et activit\u00e9s - Tiketi.com","description":"Billets d&#039;avion et de bus, Tours, Activit\u00e9s","publisher":{"@id":"https:\/\/tiketi.com\/#organization"},"potentialAction":[{"@type":"SearchAction","target":{"@type":"EntryPoint","urlTemplate":"https:\/\/tiketi.com\/?s={search_term_string}"},"query-input":{"@type":"PropertyValueSpecification","valueRequired":true,"valueName":"search_term_string"}}],"inLanguage":"fr-FR"},{"@type":"Organization","@id":"https:\/\/tiketi.com\/#organization","name":"Tiketi.com","alternateName":"Tiketi","url":"https:\/\/tiketi.com\/","logo":{"@type":"ImageObject","inLanguage":"fr-FR","@id":"https:\/\/tiketi.com\/#\/schema\/logo\/image\/","url":"https:\/\/tiketi.com\/wp-content\/uploads\/2019\/05\/tiketi-logo-696.png","contentUrl":"https:\/\/tiketi.com\/wp-content\/uploads\/2019\/05\/tiketi-logo-696.png","width":696,"height":696,"caption":"Tiketi.com"},"image":{"@id":"https:\/\/tiketi.com\/#\/schema\/logo\/image\/"},"sameAs":["https:\/\/www.facebook.com\/TiketiCom\/"]}]}},"_links":{"self":[{"href":"https:\/\/tiketi.com\/fr-fr\/wp-json\/wp\/v2\/pages\/27691","targetHints":{"allow":["GET"]}}],"collection":[{"href":"https:\/\/tiketi.com\/fr-fr\/wp-json\/wp\/v2\/pages"}],"about":[{"href":"https:\/\/tiketi.com\/fr-fr\/wp-json\/wp\/v2\/types\/page"}],"author":[{"embeddable":true,"href":"https:\/\/tiketi.com\/fr-fr\/wp-json\/wp\/v2\/users\/1"}],"replies":[{"embeddable":true,"href":"https:\/\/tiketi.com\/fr-fr\/wp-json\/wp\/v2\/comments?post=27691"}],"version-history":[{"count":0,"href":"https:\/\/tiketi.com\/fr-fr\/wp-json\/wp\/v2\/pages\/27691\/revisions"}],"up":[{"embeddable":true,"href":"https:\/\/tiketi.com\/fr-fr\/wp-json\/wp\/v2\/pages\/25524"}],"wp:featuredmedia":[{"embeddable":true,"href":"https:\/\/tiketi.com\/fr-fr\/wp-json\/wp\/v2\/media\/13999"}],"wp:attachment":[{"href":"https:\/\/tiketi.com\/fr-fr\/wp-json\/wp\/v2\/media?parent=27691"}],"curies":[{"name":"wp","href":"https:\/\/api.w.org\/{rel}","templated":true}]}}