{"id":27692,"date":"2023-04-12T10:35:49","date_gmt":"2023-04-12T09:35:49","guid":{"rendered":"https:\/\/tiketi.com\/?page_id=27692"},"modified":"2023-04-12T10:39:00","modified_gmt":"2023-04-12T09:39:00","slug":"unique-shuttle-nairobi","status":"publish","type":"page","link":"https:\/\/tiketi.com\/fr-fr\/companies\/buses\/unique-shuttle-nairobi\/","title":{"rendered":"R\u00e9servation en ligne de navette unique, billets de bus, itin\u00e9raires, horaires et tarifs"},"content":{"rendered":"<h2 class=\"wp-block-heading\">R\u00e9servation de billets de bus en ligne pas cher Unique Shuttle<\/h2>\r\n\r\n\r\n\r\n<h3 class=\"wp-block-heading\">D\u00e9couvrez votre itin\u00e9raire de voyage sur le Web, le mobile ou l&#039;application et r\u00e9servez en ligne d\u00e8s maintenant des billets Unique Shuttle Nairobi \u00e0 bas prix.<\/h3>\r\n\r\n\r\n\r\n<p>La r\u00e9servation en ligne de navette unique en toute simplicit\u00e9. La navette unique est l&#039;une des c\u00e9l\u00e8bres marques de transport de passagers dans le comt\u00e9 de la ville orientale du Kenya, connue sous le nom de Meru. La r\u00e9servation de billets de bus en ligne Unique Shuttle est s\u00e9curis\u00e9e et vous permet d&#039;\u00e9conomiser du temps et de l&#039;argent.<\/p>\r\n\r\n\r\n\r\n\r\n\r\n<h2 class=\"wp-block-heading\">FAQ sur la r\u00e9servation en ligne de navette unique, les billets de bus, les itin\u00e9raires, les tarifs et les horaires<\/h2>\r\n\r\n\r\n\r\n<h3 class=\"wp-block-heading\">Quels sont les c\u00e9l\u00e8bres itin\u00e9raires de bus Unique Shuttle couverts au Kenya ?<\/h3>\r\n\r\n\r\n\r\n<p>\u2022 Nairobi \u00e0 Eldoret<br \/>\u2022 Nairobi \u00e0 Nanyuku<br \/>\u2022 Nairobi \u00e0 Nakuru<br \/>\u2022 Nairobi \u00e0 Meru<br \/>\u2022 Mombasa \u00e0 Meru<br \/>\u2022 Mombasa \u00e0 Nakuru<\/p>\r\n<h3>Ligne de flotte de navette unique au Kenya<\/h3>\r\n<p>Avec leur nouvelle \u00e9dition de Nissan Caravan et Toyota Hiace Quantum, la firme vous assure d&#039;avoir un voyage d\u00e9tendu et s\u00e9curitaire sur tous leurs itin\u00e9raires vers vos lieux.<\/p>\r\n<p>Tous leurs v\u00e9hicules sont nouvellement import\u00e9s des producteurs de la marque nomm\u00e9e avec un design int\u00e9rieur personnalis\u00e9 pour un voyage sp\u00e9cial et \u00e9l\u00e9gant avec le Kenya.<\/p>\r\n<p>Leurs v\u00e9hicules sont conduits par des chauffeurs experts pour vous offrir des visites en toute s\u00e9curit\u00e9. Tout leur personnel a une exp\u00e9rience commerciale pour bien prendre soin de leurs clients.<\/p>\r\n<p>Les flottes de navettes uniques sont \u00e9quip\u00e9es du meilleur syst\u00e8me de divertissement visuel jusqu&#039;\u00e0 chez vous et de la climatisation pour le refroidissement.<\/p>\r\n<h3>Ligne de service de navette unique au Kenya<\/h3>\r\n<p>Leur entreprise a simplement facilit\u00e9 la circulation des personnes entre les plus grandes villes d&#039;affaires du Kenya avec leur principal hub de passagers dans la ville de Nairobi.<\/p>\r\n<p>Ils assurent le transport r\u00e9gulier de passagers de la ville de Mombasa et de Nairobi \u00e0 Meru et \u00e0 d&#039;autres comt\u00e9s de l&#039;arri\u00e8re-pays du Kenya.<\/p>\r\n<p>Outre le transport de passagers, l&#039;entreprise offre \u00e9galement des services de messagerie en transportant des colis toutes destinations sur leurs itin\u00e9raires.<\/p>\r\n\r\n\r\n\r\n<h3 class=\"wp-block-heading\">Quels sont les coordonn\u00e9es et le nombre de bus Unique Shuttle ?<\/h3>\r\n\r\n\r\n\r\n<p>Chemin d&#039;Accra, Nairobi, Kenya.<\/p>\r\n\r\n\r\n\r\n<h2 class=\"wp-block-heading\">Conseils de r\u00e9servation de billets de bus en ligne Unique Shuttle<\/h2>\r\n<p>Il s&#039;agit d&#039;une soci\u00e9t\u00e9 de navette Matatu qui assure des liaisons quotidiennes entre la capitale Nairobi et la ville c\u00f4ti\u00e8re de Mombasa jusqu&#039;\u00e0 la ville de Meru.<\/p>\r\n<p>Ils sont dans l&#039;industrie du transport depuis de nombreuses ann\u00e9es et depuis leur cr\u00e9ation. Ils ont r\u00e9ussi \u00e0 se forger une meilleure r\u00e9putation aupr\u00e8s des clients.<\/p>","protected":false},"excerpt":{"rendered":"<p>Cheap Unique Shuttle Online Bus Ticket Booking Discover your travel route on web, mobile or app and book cheap Unique Shuttle Nairobi tickets online now. Unique Shuttle online booking made easy. Unique shuttle is one among the famous passenger transportation brand in Eastern city county of Kenya known as Meru. Unique Shuttle online bus ticket [&hellip;]<\/p>\n","protected":false},"author":1,"featured_media":13999,"parent":25524,"menu_order":0,"comment_status":"closed","ping_status":"closed","template":"template-home-modern.php","meta":{"footnotes":""},"class_list":["post-27692","page","type-page","status-publish","has-post-thumbnail","hentry"],"yoast_head":"<!-- This site is optimized with the Yoast SEO plugin v27.2 - https:\/\/yoast.com\/product\/yoast-seo-wordpress\/ -->\n<title>Unique Shuttle Online Booking, Bus Tickets, Routes, Schedule &amp; Fares - Tiketi.com<\/title>\n<meta name=\"description\" content=\"Looking for Unique Shuttle online booking, app, bus routes, fare and schedule? Make cheap Unique Shuttle online bus ticket booking now\" \/>\n<meta name=\"robots\" content=\"index, follow, max-snippet:-1, max-image-preview:large, max-video-preview:-1\" \/>\n<link rel=\"canonical\" href=\"https:\/\/tiketi.com\/fr-fr\/companies\/buses\/unique-shuttle-nairobi\/\" \/>\n<meta property=\"og:locale\" content=\"fr_FR\" \/>\n<meta property=\"og:type\" content=\"article\" \/>\n<meta property=\"og:title\" content=\"Unique Shuttle Online Booking, Bus Tickets, Routes, Schedule &amp; Fares - Tiketi.com\" \/>\n<meta property=\"og:description\" content=\"Looking for Unique Shuttle online booking, app, bus routes, fare and schedule? Make cheap Unique Shuttle online bus ticket booking now\" \/>\n<meta property=\"og:url\" content=\"https:\/\/tiketi.com\/fr-fr\/companies\/buses\/unique-shuttle-nairobi\/\" \/>\n<meta property=\"og:site_name\" content=\"Tiketi.com\" \/>\n<meta property=\"article:publisher\" content=\"https:\/\/www.facebook.com\/TiketiCom\/\" \/>\n<meta property=\"article:modified_time\" content=\"2023-04-12T09:39:00+00:00\" \/>\n<meta property=\"og:image\" content=\"https:\/\/tiketi.com\/wp-content\/uploads\/2022\/01\/bus-ticket-online-booking.jpg\" \/>\n\t<meta property=\"og:image:width\" content=\"1200\" \/>\n\t<meta property=\"og:image:height\" content=\"206\" \/>\n\t<meta property=\"og:image:type\" content=\"image\/jpeg\" \/>\n<meta name=\"twitter:card\" content=\"summary_large_image\" \/>\n<meta name=\"twitter:label1\" content=\"Dur\u00e9e de lecture estim\u00e9e\" \/>\n\t<meta name=\"twitter:data1\" content=\"2 minutes\" \/>\n<script type=\"application\/ld+json\" class=\"yoast-schema-graph\">{\"@context\":\"https:\/\/schema.org\",\"@graph\":[{\"@type\":\"WebPage\",\"@id\":\"https:\/\/tiketi.com\/companies\/buses\/unique-shuttle-nairobi\/\",\"url\":\"https:\/\/tiketi.com\/companies\/buses\/unique-shuttle-nairobi\/\",\"name\":\"Unique Shuttle Online Booking, Bus Tickets, Routes, Schedule &amp; Fares - Tiketi.com\",\"isPartOf\":{\"@id\":\"https:\/\/tiketi.com\/#website\"},\"primaryImageOfPage\":{\"@id\":\"https:\/\/tiketi.com\/companies\/buses\/unique-shuttle-nairobi\/#primaryimage\"},\"image\":{\"@id\":\"https:\/\/tiketi.com\/companies\/buses\/unique-shuttle-nairobi\/#primaryimage\"},\"thumbnailUrl\":\"https:\/\/tiketi.com\/wp-content\/uploads\/2022\/01\/bus-ticket-online-booking.jpg\",\"datePublished\":\"2023-04-12T09:35:49+00:00\",\"dateModified\":\"2023-04-12T09:39:00+00:00\",\"description\":\"Looking for Unique Shuttle online booking, app, bus routes, fare and schedule? Make cheap Unique Shuttle online bus ticket booking now\",\"breadcrumb\":{\"@id\":\"https:\/\/tiketi.com\/companies\/buses\/unique-shuttle-nairobi\/#breadcrumb\"},\"inLanguage\":\"fr-FR\",\"potentialAction\":[{\"@type\":\"ReadAction\",\"target\":[\"https:\/\/tiketi.com\/companies\/buses\/unique-shuttle-nairobi\/\"]}]},{\"@type\":\"ImageObject\",\"inLanguage\":\"fr-FR\",\"@id\":\"https:\/\/tiketi.com\/companies\/buses\/unique-shuttle-nairobi\/#primaryimage\",\"url\":\"https:\/\/tiketi.com\/wp-content\/uploads\/2022\/01\/bus-ticket-online-booking.jpg\",\"contentUrl\":\"https:\/\/tiketi.com\/wp-content\/uploads\/2022\/01\/bus-ticket-online-booking.jpg\",\"width\":1200,\"height\":206,\"caption\":\"Online Bus Ticket Booking\"},{\"@type\":\"BreadcrumbList\",\"@id\":\"https:\/\/tiketi.com\/companies\/buses\/unique-shuttle-nairobi\/#breadcrumb\",\"itemListElement\":[{\"@type\":\"ListItem\",\"position\":1,\"name\":\"Home\",\"item\":\"https:\/\/tiketi.com\/\"},{\"@type\":\"ListItem\",\"position\":2,\"name\":\"Companies\",\"item\":\"https:\/\/tiketi.com\/companies\/\"},{\"@type\":\"ListItem\",\"position\":3,\"name\":\"Buses\",\"item\":\"https:\/\/tiketi.com\/companies\/buses\/\"},{\"@type\":\"ListItem\",\"position\":4,\"name\":\"Unique Shuttle Online Booking, Bus Tickets, Routes, Schedule &amp; Fares\"}]},{\"@type\":\"WebSite\",\"@id\":\"https:\/\/tiketi.com\/#website\",\"url\":\"https:\/\/tiketi.com\/\",\"name\":\"Flight & Bus Tickets, Tour Packages & Activitites - Tiketi.com\",\"description\":\"Flight &amp; Bus Tickets, Tours, Activitites\",\"publisher\":{\"@id\":\"https:\/\/tiketi.com\/#organization\"},\"potentialAction\":[{\"@type\":\"SearchAction\",\"target\":{\"@type\":\"EntryPoint\",\"urlTemplate\":\"https:\/\/tiketi.com\/?s={search_term_string}\"},\"query-input\":{\"@type\":\"PropertyValueSpecification\",\"valueRequired\":true,\"valueName\":\"search_term_string\"}}],\"inLanguage\":\"fr-FR\"},{\"@type\":\"Organization\",\"@id\":\"https:\/\/tiketi.com\/#organization\",\"name\":\"Tiketi.com\",\"alternateName\":\"Tiketi\",\"url\":\"https:\/\/tiketi.com\/\",\"logo\":{\"@type\":\"ImageObject\",\"inLanguage\":\"fr-FR\",\"@id\":\"https:\/\/tiketi.com\/#\/schema\/logo\/image\/\",\"url\":\"https:\/\/tiketi.com\/wp-content\/uploads\/2019\/05\/tiketi-logo-696.png\",\"contentUrl\":\"https:\/\/tiketi.com\/wp-content\/uploads\/2019\/05\/tiketi-logo-696.png\",\"width\":696,\"height\":696,\"caption\":\"Tiketi.com\"},\"image\":{\"@id\":\"https:\/\/tiketi.com\/#\/schema\/logo\/image\/\"},\"sameAs\":[\"https:\/\/www.facebook.com\/TiketiCom\/\"]}]}<\/script>\n<!-- \/ Yoast SEO plugin. -->","yoast_head_json":{"title":"Navette Unique R\u00e9servation en Ligne, Billets de Bus, Trajets, Horaires &amp; Tarifs - Tiketi.com","description":"Vous recherchez une r\u00e9servation en ligne Unique Shuttle, une application, des itin\u00e9raires de bus, des tarifs et des horaires ? R\u00e9servez d\u00e8s maintenant vos billets de bus en ligne Unique Shuttle \u00e0 bas prix","robots":{"index":"index","follow":"follow","max-snippet":"max-snippet:-1","max-image-preview":"max-image-preview:large","max-video-preview":"max-video-preview:-1"},"canonical":"https:\/\/tiketi.com\/fr-fr\/companies\/buses\/unique-shuttle-nairobi\/","og_locale":"fr_FR","og_type":"article","og_title":"Unique Shuttle Online Booking, Bus Tickets, Routes, Schedule &amp; Fares - Tiketi.com","og_description":"Looking for Unique Shuttle online booking, app, bus routes, fare and schedule? Make cheap Unique Shuttle online bus ticket booking now","og_url":"https:\/\/tiketi.com\/fr-fr\/companies\/buses\/unique-shuttle-nairobi\/","og_site_name":"Tiketi.com","article_publisher":"https:\/\/www.facebook.com\/TiketiCom\/","article_modified_time":"2023-04-12T09:39:00+00:00","og_image":[{"width":1200,"height":206,"url":"https:\/\/tiketi.com\/wp-content\/uploads\/2022\/01\/bus-ticket-online-booking.jpg","type":"image\/jpeg"}],"twitter_card":"summary_large_image","twitter_misc":{"Dur\u00e9e de lecture estim\u00e9e":"2 minutes"},"schema":{"@context":"https:\/\/schema.org","@graph":[{"@type":"WebPage","@id":"https:\/\/tiketi.com\/companies\/buses\/unique-shuttle-nairobi\/","url":"https:\/\/tiketi.com\/companies\/buses\/unique-shuttle-nairobi\/","name":"Navette Unique R\u00e9servation en Ligne, Billets de Bus, Trajets, Horaires &amp; Tarifs - Tiketi.com","isPartOf":{"@id":"https:\/\/tiketi.com\/#website"},"primaryImageOfPage":{"@id":"https:\/\/tiketi.com\/companies\/buses\/unique-shuttle-nairobi\/#primaryimage"},"image":{"@id":"https:\/\/tiketi.com\/companies\/buses\/unique-shuttle-nairobi\/#primaryimage"},"thumbnailUrl":"https:\/\/tiketi.com\/wp-content\/uploads\/2022\/01\/bus-ticket-online-booking.jpg","datePublished":"2023-04-12T09:35:49+00:00","dateModified":"2023-04-12T09:39:00+00:00","description":"Vous recherchez une r\u00e9servation en ligne Unique Shuttle, une application, des itin\u00e9raires de bus, des tarifs et des horaires ? R\u00e9servez d\u00e8s maintenant vos billets de bus en ligne Unique Shuttle \u00e0 bas prix","breadcrumb":{"@id":"https:\/\/tiketi.com\/companies\/buses\/unique-shuttle-nairobi\/#breadcrumb"},"inLanguage":"fr-FR","potentialAction":[{"@type":"ReadAction","target":["https:\/\/tiketi.com\/companies\/buses\/unique-shuttle-nairobi\/"]}]},{"@type":"ImageObject","inLanguage":"fr-FR","@id":"https:\/\/tiketi.com\/companies\/buses\/unique-shuttle-nairobi\/#primaryimage","url":"https:\/\/tiketi.com\/wp-content\/uploads\/2022\/01\/bus-ticket-online-booking.jpg","contentUrl":"https:\/\/tiketi.com\/wp-content\/uploads\/2022\/01\/bus-ticket-online-booking.jpg","width":1200,"height":206,"caption":"Online Bus Ticket Booking"},{"@type":"BreadcrumbList","@id":"https:\/\/tiketi.com\/companies\/buses\/unique-shuttle-nairobi\/#breadcrumb","itemListElement":[{"@type":"ListItem","position":1,"name":"Home","item":"https:\/\/tiketi.com\/"},{"@type":"ListItem","position":2,"name":"Companies","item":"https:\/\/tiketi.com\/companies\/"},{"@type":"ListItem","position":3,"name":"Buses","item":"https:\/\/tiketi.com\/companies\/buses\/"},{"@type":"ListItem","position":4,"name":"Unique Shuttle Online Booking, Bus Tickets, Routes, Schedule &amp; Fares"}]},{"@type":"WebSite","@id":"https:\/\/tiketi.com\/#website","url":"https:\/\/tiketi.com\/","name":"Billets d&#039;avion et de bus, forfaits touristiques et activit\u00e9s - Tiketi.com","description":"Billets d&#039;avion et de bus, Tours, Activit\u00e9s","publisher":{"@id":"https:\/\/tiketi.com\/#organization"},"potentialAction":[{"@type":"SearchAction","target":{"@type":"EntryPoint","urlTemplate":"https:\/\/tiketi.com\/?s={search_term_string}"},"query-input":{"@type":"PropertyValueSpecification","valueRequired":true,"valueName":"search_term_string"}}],"inLanguage":"fr-FR"},{"@type":"Organization","@id":"https:\/\/tiketi.com\/#organization","name":"Tiketi.com","alternateName":"Tiketi","url":"https:\/\/tiketi.com\/","logo":{"@type":"ImageObject","inLanguage":"fr-FR","@id":"https:\/\/tiketi.com\/#\/schema\/logo\/image\/","url":"https:\/\/tiketi.com\/wp-content\/uploads\/2019\/05\/tiketi-logo-696.png","contentUrl":"https:\/\/tiketi.com\/wp-content\/uploads\/2019\/05\/tiketi-logo-696.png","width":696,"height":696,"caption":"Tiketi.com"},"image":{"@id":"https:\/\/tiketi.com\/#\/schema\/logo\/image\/"},"sameAs":["https:\/\/www.facebook.com\/TiketiCom\/"]}]}},"_links":{"self":[{"href":"https:\/\/tiketi.com\/fr-fr\/wp-json\/wp\/v2\/pages\/27692","targetHints":{"allow":["GET"]}}],"collection":[{"href":"https:\/\/tiketi.com\/fr-fr\/wp-json\/wp\/v2\/pages"}],"about":[{"href":"https:\/\/tiketi.com\/fr-fr\/wp-json\/wp\/v2\/types\/page"}],"author":[{"embeddable":true,"href":"https:\/\/tiketi.com\/fr-fr\/wp-json\/wp\/v2\/users\/1"}],"replies":[{"embeddable":true,"href":"https:\/\/tiketi.com\/fr-fr\/wp-json\/wp\/v2\/comments?post=27692"}],"version-history":[{"count":0,"href":"https:\/\/tiketi.com\/fr-fr\/wp-json\/wp\/v2\/pages\/27692\/revisions"}],"up":[{"embeddable":true,"href":"https:\/\/tiketi.com\/fr-fr\/wp-json\/wp\/v2\/pages\/25524"}],"wp:featuredmedia":[{"embeddable":true,"href":"https:\/\/tiketi.com\/fr-fr\/wp-json\/wp\/v2\/media\/13999"}],"wp:attachment":[{"href":"https:\/\/tiketi.com\/fr-fr\/wp-json\/wp\/v2\/media?parent=27692"}],"curies":[{"name":"wp","href":"https:\/\/api.w.org\/{rel}","templated":true}]}}