{"id":27693,"date":"2023-04-12T10:48:24","date_gmt":"2023-04-12T09:48:24","guid":{"rendered":"https:\/\/tiketi.com\/?page_id=27693"},"modified":"2023-04-12T10:48:24","modified_gmt":"2023-04-12T09:48:24","slug":"vanga-express-mombasa","status":"publish","type":"page","link":"https:\/\/tiketi.com\/fr-fr\/companies\/buses\/vanga-express-mombasa\/","title":{"rendered":"R\u00e9servation en ligne Vanga Express, billets de bus, itin\u00e9raires, horaires et tarifs"},"content":{"rendered":"<h2 class=\"wp-block-heading\">R\u00e9servation de billets de bus en ligne Vanga pas cher<\/h2>\r\n\r\n\r\n\r\n<h3 class=\"wp-block-heading\">D\u00e9couvrez votre itin\u00e9raire de voyage sur le web, le mobile ou l&#039;application et r\u00e9servez d\u00e8s maintenant des billets de bus Vanga pas chers en ligne.<\/h3>\r\n\r\n\r\n\r\n<p>R\u00e9servation en ligne Vanga Express simplifi\u00e9e. Vanga Express est une entreprise de transport de passagers et d&#039;autocars enregistr\u00e9e au Kenya, bas\u00e9e \u00e0 Mombasa, sur la route de Majengo Mombasa, sur la c\u00f4te kenyane. La r\u00e9servation en ligne de billets de bus Vanga est s\u00e9curis\u00e9e et vous fait gagner du temps et de l&#039;argent.<\/p>\r\n\r\n\r\n\r\n\r\n\r\n<h2 class=\"wp-block-heading\">FAQ sur la r\u00e9servation en ligne de Vanga Express, les billets de bus, les itin\u00e9raires, les tarifs et les horaires<\/h2>\r\n\r\n\r\n\r\n<h3 class=\"wp-block-heading\">Quelles sont les c\u00e9l\u00e8bres lignes de bus Vanga couvertes au Kenya ?<\/h3>\r\n\r\n\r\n\r\n<p>\u2022 Mombasa \u00e0 Kisumu<br \/>\u2022 Mombasa \u00e0 Meru<br \/>\u2022 Mombasa \u00e0 Embu<br \/>\u2022 Nairobi \u00e0 Meru<br \/>\u2022 Mombasa \u00e0 Maua<\/p>\r\n<h3>Ligne de la flotte de bus Vanga Express<\/h3>\r\n<p>Vanga g\u00e8re une large gamme de flottes avec des v\u00e9hicules Nissan UD et Scania dans leur liste. Tous ces \u00e9l\u00e9ments ont des carrosseries fabriqu\u00e9es dans le pays par les plus grands constructeurs d&#039;autocars au Kenya.<\/p>\r\n<p>Tous ces autocars sont con\u00e7us de mani\u00e8re \u00e0 offrir aux voyageurs un voyage sp\u00e9cial et \u00e9l\u00e9gant dans le pays. Les voyageurs ont le choix d&#039;utiliser la classe \u00e9conomique ou la classe affaires pour le voyage pr\u00e9vu.<\/p>\r\n<h3>Ligne de service de bus Vanga Express<\/h3>\r\n<p>Vanga fait partie des c\u00e9l\u00e8bres soci\u00e9t\u00e9s de transfert de passagers reconnues sur la route Mombasa-Meru. L&#039;entreprise propose des transports en commun quotidiens bien planifi\u00e9s de Mombasa \u00e0 Nairobi en passant par l&#039;arri\u00e8re-pays.<\/p>\r\n<p>Ils offrent \u00e9galement des services de transfert de colis sur tous les lieux et zones o\u00f9 ils ont des agents et des bureaux locaux avec une s\u00e9curit\u00e9 garantie pour vos colis.<\/p>\r\n<p>Le processus de r\u00e9servation peut \u00eatre effectu\u00e9 \u00e0 leur bureau situ\u00e9 dans tous les arr\u00eats de bus et terminaux ainsi que dans d&#039;autres bureaux priv\u00e9s \u00e0 l&#039;ext\u00e9rieur des terminaux. Vanga Express propose \u00e9galement des r\u00e9servations en ligne en appelant leurs num\u00e9ros de service client.<\/p>\r\n<p>Ils proposent des d\u00e9parts l&#039;apr\u00e8s-midi et le matin dans toutes les gares routi\u00e8res, o\u00f9 vous pouvez obtenir une large gamme de planification de votre safari.<\/p>\r\n\r\n\r\n\r\n<h3 class=\"wp-block-heading\">Quels sont les coordonn\u00e9es et le nombre de bus Vanga\u00a0?<\/h3>\r\n\r\n\r\n\r\n<p>Majengo Mombasa Road Mvita,<br \/>Mombasa, Kenya.<\/p>\r\n\r\n\r\n\r\n<h2 class=\"wp-block-heading\">Conseils de r\u00e9servation de billets de bus en ligne Vanga<\/h2>\r\n<p>Ils sont dans l&#039;industrie du transport de passagers depuis de nombreuses ann\u00e9es et ils ont r\u00e9ussi \u00e0 dominer la route Meru et Mombasa, laissant d&#039;autres entreprises derri\u00e8re eux.<\/p>\r\n<p>L&#039;entreprise offre les meilleurs services \u00e0 la client\u00e8le bien organis\u00e9s, ce qui en fait la meilleure marque parmi d&#039;autres sur toutes les routes Nairobi et Mombasa.<\/p>","protected":false},"excerpt":{"rendered":"<p>Cheap Vanga Online Bus Ticket Booking Discover your travel route on web, mobile or app and book cheap Vanga bus tickets online now. Vanga Express online booking made easy. Vanga Express bus is a Kenyan registered passenger and coach transportation firm based in a Coast city of Mombasa, Majengo Mombasa road, Kenya. Vanga online bus [&hellip;]<\/p>\n","protected":false},"author":1,"featured_media":13999,"parent":25524,"menu_order":0,"comment_status":"closed","ping_status":"closed","template":"template-home-modern.php","meta":{"footnotes":""},"class_list":["post-27693","page","type-page","status-publish","has-post-thumbnail","hentry"],"yoast_head":"<!-- This site is optimized with the Yoast SEO plugin v27.2 - https:\/\/yoast.com\/product\/yoast-seo-wordpress\/ -->\n<title>Vanga Express Online Booking, Bus Tickets, Routes, Schedule &amp; Fares - Tiketi.com<\/title>\n<meta name=\"description\" content=\"Looking for Vanga Express online booking, app, bus routes, fare and schedule? Make cheap Vanga online bus ticket booking now\" \/>\n<meta name=\"robots\" content=\"index, follow, max-snippet:-1, max-image-preview:large, max-video-preview:-1\" \/>\n<link rel=\"canonical\" href=\"https:\/\/tiketi.com\/fr-fr\/companies\/buses\/vanga-express-mombasa\/\" \/>\n<meta property=\"og:locale\" content=\"fr_FR\" \/>\n<meta property=\"og:type\" content=\"article\" \/>\n<meta property=\"og:title\" content=\"Vanga Express Online Booking, Bus Tickets, Routes, Schedule &amp; Fares - Tiketi.com\" \/>\n<meta property=\"og:description\" content=\"Looking for Vanga Express online booking, app, bus routes, fare and schedule? Make cheap Vanga online bus ticket booking now\" \/>\n<meta property=\"og:url\" content=\"https:\/\/tiketi.com\/fr-fr\/companies\/buses\/vanga-express-mombasa\/\" \/>\n<meta property=\"og:site_name\" content=\"Tiketi.com\" \/>\n<meta property=\"article:publisher\" content=\"https:\/\/www.facebook.com\/TiketiCom\/\" \/>\n<meta property=\"og:image\" content=\"https:\/\/tiketi.com\/wp-content\/uploads\/2022\/01\/bus-ticket-online-booking.jpg\" \/>\n\t<meta property=\"og:image:width\" content=\"1200\" \/>\n\t<meta property=\"og:image:height\" content=\"206\" \/>\n\t<meta property=\"og:image:type\" content=\"image\/jpeg\" \/>\n<meta name=\"twitter:card\" content=\"summary_large_image\" \/>\n<meta name=\"twitter:label1\" content=\"Dur\u00e9e de lecture estim\u00e9e\" \/>\n\t<meta name=\"twitter:data1\" content=\"2 minutes\" \/>\n<script type=\"application\/ld+json\" class=\"yoast-schema-graph\">{\"@context\":\"https:\/\/schema.org\",\"@graph\":[{\"@type\":\"WebPage\",\"@id\":\"https:\/\/tiketi.com\/companies\/buses\/vanga-express-mombasa\/\",\"url\":\"https:\/\/tiketi.com\/companies\/buses\/vanga-express-mombasa\/\",\"name\":\"Vanga Express Online Booking, Bus Tickets, Routes, Schedule &amp; Fares - Tiketi.com\",\"isPartOf\":{\"@id\":\"https:\/\/tiketi.com\/#website\"},\"primaryImageOfPage\":{\"@id\":\"https:\/\/tiketi.com\/companies\/buses\/vanga-express-mombasa\/#primaryimage\"},\"image\":{\"@id\":\"https:\/\/tiketi.com\/companies\/buses\/vanga-express-mombasa\/#primaryimage\"},\"thumbnailUrl\":\"https:\/\/tiketi.com\/wp-content\/uploads\/2022\/01\/bus-ticket-online-booking.jpg\",\"datePublished\":\"2023-04-12T09:48:24+00:00\",\"description\":\"Looking for Vanga Express online booking, app, bus routes, fare and schedule? Make cheap Vanga online bus ticket booking now\",\"breadcrumb\":{\"@id\":\"https:\/\/tiketi.com\/companies\/buses\/vanga-express-mombasa\/#breadcrumb\"},\"inLanguage\":\"fr-FR\",\"potentialAction\":[{\"@type\":\"ReadAction\",\"target\":[\"https:\/\/tiketi.com\/companies\/buses\/vanga-express-mombasa\/\"]}]},{\"@type\":\"ImageObject\",\"inLanguage\":\"fr-FR\",\"@id\":\"https:\/\/tiketi.com\/companies\/buses\/vanga-express-mombasa\/#primaryimage\",\"url\":\"https:\/\/tiketi.com\/wp-content\/uploads\/2022\/01\/bus-ticket-online-booking.jpg\",\"contentUrl\":\"https:\/\/tiketi.com\/wp-content\/uploads\/2022\/01\/bus-ticket-online-booking.jpg\",\"width\":1200,\"height\":206,\"caption\":\"Online Bus Ticket Booking\"},{\"@type\":\"BreadcrumbList\",\"@id\":\"https:\/\/tiketi.com\/companies\/buses\/vanga-express-mombasa\/#breadcrumb\",\"itemListElement\":[{\"@type\":\"ListItem\",\"position\":1,\"name\":\"Home\",\"item\":\"https:\/\/tiketi.com\/\"},{\"@type\":\"ListItem\",\"position\":2,\"name\":\"Companies\",\"item\":\"https:\/\/tiketi.com\/companies\/\"},{\"@type\":\"ListItem\",\"position\":3,\"name\":\"Buses\",\"item\":\"https:\/\/tiketi.com\/companies\/buses\/\"},{\"@type\":\"ListItem\",\"position\":4,\"name\":\"Vanga Express Online Booking, Bus Tickets, Routes, Schedule &amp; Fares\"}]},{\"@type\":\"WebSite\",\"@id\":\"https:\/\/tiketi.com\/#website\",\"url\":\"https:\/\/tiketi.com\/\",\"name\":\"Flight & Bus Tickets, Tour Packages & Activitites - Tiketi.com\",\"description\":\"Flight &amp; Bus Tickets, Tours, Activitites\",\"publisher\":{\"@id\":\"https:\/\/tiketi.com\/#organization\"},\"potentialAction\":[{\"@type\":\"SearchAction\",\"target\":{\"@type\":\"EntryPoint\",\"urlTemplate\":\"https:\/\/tiketi.com\/?s={search_term_string}\"},\"query-input\":{\"@type\":\"PropertyValueSpecification\",\"valueRequired\":true,\"valueName\":\"search_term_string\"}}],\"inLanguage\":\"fr-FR\"},{\"@type\":\"Organization\",\"@id\":\"https:\/\/tiketi.com\/#organization\",\"name\":\"Tiketi.com\",\"alternateName\":\"Tiketi\",\"url\":\"https:\/\/tiketi.com\/\",\"logo\":{\"@type\":\"ImageObject\",\"inLanguage\":\"fr-FR\",\"@id\":\"https:\/\/tiketi.com\/#\/schema\/logo\/image\/\",\"url\":\"https:\/\/tiketi.com\/wp-content\/uploads\/2019\/05\/tiketi-logo-696.png\",\"contentUrl\":\"https:\/\/tiketi.com\/wp-content\/uploads\/2019\/05\/tiketi-logo-696.png\",\"width\":696,\"height\":696,\"caption\":\"Tiketi.com\"},\"image\":{\"@id\":\"https:\/\/tiketi.com\/#\/schema\/logo\/image\/\"},\"sameAs\":[\"https:\/\/www.facebook.com\/TiketiCom\/\"]}]}<\/script>\n<!-- \/ Yoast SEO plugin. -->","yoast_head_json":{"title":"Vanga Express R\u00e9servation en ligne, Billets de bus, Trajets, Horaires &amp; Tarifs - Tiketi.com","description":"Vous recherchez une r\u00e9servation en ligne Vanga Express, une application, des itin\u00e9raires de bus, des tarifs et des horaires? R\u00e9servez d\u00e8s maintenant vos billets de bus en ligne \u00e0 bas prix Vanga","robots":{"index":"index","follow":"follow","max-snippet":"max-snippet:-1","max-image-preview":"max-image-preview:large","max-video-preview":"max-video-preview:-1"},"canonical":"https:\/\/tiketi.com\/fr-fr\/companies\/buses\/vanga-express-mombasa\/","og_locale":"fr_FR","og_type":"article","og_title":"Vanga Express Online Booking, Bus Tickets, Routes, Schedule &amp; Fares - Tiketi.com","og_description":"Looking for Vanga Express online booking, app, bus routes, fare and schedule? Make cheap Vanga online bus ticket booking now","og_url":"https:\/\/tiketi.com\/fr-fr\/companies\/buses\/vanga-express-mombasa\/","og_site_name":"Tiketi.com","article_publisher":"https:\/\/www.facebook.com\/TiketiCom\/","og_image":[{"width":1200,"height":206,"url":"https:\/\/tiketi.com\/wp-content\/uploads\/2022\/01\/bus-ticket-online-booking.jpg","type":"image\/jpeg"}],"twitter_card":"summary_large_image","twitter_misc":{"Dur\u00e9e de lecture estim\u00e9e":"2 minutes"},"schema":{"@context":"https:\/\/schema.org","@graph":[{"@type":"WebPage","@id":"https:\/\/tiketi.com\/companies\/buses\/vanga-express-mombasa\/","url":"https:\/\/tiketi.com\/companies\/buses\/vanga-express-mombasa\/","name":"Vanga Express R\u00e9servation en ligne, Billets de bus, Trajets, Horaires &amp; Tarifs - Tiketi.com","isPartOf":{"@id":"https:\/\/tiketi.com\/#website"},"primaryImageOfPage":{"@id":"https:\/\/tiketi.com\/companies\/buses\/vanga-express-mombasa\/#primaryimage"},"image":{"@id":"https:\/\/tiketi.com\/companies\/buses\/vanga-express-mombasa\/#primaryimage"},"thumbnailUrl":"https:\/\/tiketi.com\/wp-content\/uploads\/2022\/01\/bus-ticket-online-booking.jpg","datePublished":"2023-04-12T09:48:24+00:00","description":"Vous recherchez une r\u00e9servation en ligne Vanga Express, une application, des itin\u00e9raires de bus, des tarifs et des horaires? R\u00e9servez d\u00e8s maintenant vos billets de bus en ligne \u00e0 bas prix Vanga","breadcrumb":{"@id":"https:\/\/tiketi.com\/companies\/buses\/vanga-express-mombasa\/#breadcrumb"},"inLanguage":"fr-FR","potentialAction":[{"@type":"ReadAction","target":["https:\/\/tiketi.com\/companies\/buses\/vanga-express-mombasa\/"]}]},{"@type":"ImageObject","inLanguage":"fr-FR","@id":"https:\/\/tiketi.com\/companies\/buses\/vanga-express-mombasa\/#primaryimage","url":"https:\/\/tiketi.com\/wp-content\/uploads\/2022\/01\/bus-ticket-online-booking.jpg","contentUrl":"https:\/\/tiketi.com\/wp-content\/uploads\/2022\/01\/bus-ticket-online-booking.jpg","width":1200,"height":206,"caption":"Online Bus Ticket Booking"},{"@type":"BreadcrumbList","@id":"https:\/\/tiketi.com\/companies\/buses\/vanga-express-mombasa\/#breadcrumb","itemListElement":[{"@type":"ListItem","position":1,"name":"Home","item":"https:\/\/tiketi.com\/"},{"@type":"ListItem","position":2,"name":"Companies","item":"https:\/\/tiketi.com\/companies\/"},{"@type":"ListItem","position":3,"name":"Buses","item":"https:\/\/tiketi.com\/companies\/buses\/"},{"@type":"ListItem","position":4,"name":"Vanga Express Online Booking, Bus Tickets, Routes, Schedule &amp; Fares"}]},{"@type":"WebSite","@id":"https:\/\/tiketi.com\/#website","url":"https:\/\/tiketi.com\/","name":"Billets d&#039;avion et de bus, forfaits touristiques et activit\u00e9s - Tiketi.com","description":"Billets d&#039;avion et de bus, Tours, Activit\u00e9s","publisher":{"@id":"https:\/\/tiketi.com\/#organization"},"potentialAction":[{"@type":"SearchAction","target":{"@type":"EntryPoint","urlTemplate":"https:\/\/tiketi.com\/?s={search_term_string}"},"query-input":{"@type":"PropertyValueSpecification","valueRequired":true,"valueName":"search_term_string"}}],"inLanguage":"fr-FR"},{"@type":"Organization","@id":"https:\/\/tiketi.com\/#organization","name":"Tiketi.com","alternateName":"Tiketi","url":"https:\/\/tiketi.com\/","logo":{"@type":"ImageObject","inLanguage":"fr-FR","@id":"https:\/\/tiketi.com\/#\/schema\/logo\/image\/","url":"https:\/\/tiketi.com\/wp-content\/uploads\/2019\/05\/tiketi-logo-696.png","contentUrl":"https:\/\/tiketi.com\/wp-content\/uploads\/2019\/05\/tiketi-logo-696.png","width":696,"height":696,"caption":"Tiketi.com"},"image":{"@id":"https:\/\/tiketi.com\/#\/schema\/logo\/image\/"},"sameAs":["https:\/\/www.facebook.com\/TiketiCom\/"]}]}},"_links":{"self":[{"href":"https:\/\/tiketi.com\/fr-fr\/wp-json\/wp\/v2\/pages\/27693","targetHints":{"allow":["GET"]}}],"collection":[{"href":"https:\/\/tiketi.com\/fr-fr\/wp-json\/wp\/v2\/pages"}],"about":[{"href":"https:\/\/tiketi.com\/fr-fr\/wp-json\/wp\/v2\/types\/page"}],"author":[{"embeddable":true,"href":"https:\/\/tiketi.com\/fr-fr\/wp-json\/wp\/v2\/users\/1"}],"replies":[{"embeddable":true,"href":"https:\/\/tiketi.com\/fr-fr\/wp-json\/wp\/v2\/comments?post=27693"}],"version-history":[{"count":0,"href":"https:\/\/tiketi.com\/fr-fr\/wp-json\/wp\/v2\/pages\/27693\/revisions"}],"up":[{"embeddable":true,"href":"https:\/\/tiketi.com\/fr-fr\/wp-json\/wp\/v2\/pages\/25524"}],"wp:featuredmedia":[{"embeddable":true,"href":"https:\/\/tiketi.com\/fr-fr\/wp-json\/wp\/v2\/media\/13999"}],"wp:attachment":[{"href":"https:\/\/tiketi.com\/fr-fr\/wp-json\/wp\/v2\/media?parent=27693"}],"curies":[{"name":"wp","href":"https:\/\/api.w.org\/{rel}","templated":true}]}}