{"id":27695,"date":"2023-04-12T11:12:13","date_gmt":"2023-04-12T10:12:13","guid":{"rendered":"https:\/\/tiketi.com\/?page_id=27695"},"modified":"2023-04-12T11:16:05","modified_gmt":"2023-04-12T10:16:05","slug":"wezwe-express-coach","status":"publish","type":"page","link":"https:\/\/tiketi.com\/fr-fr\/companies\/buses\/wezwe-express-coach\/","title":{"rendered":"R\u00e9servation en ligne de bus Wezwe Express, billets de bus, itin\u00e9raires, horaires et tarifs"},"content":{"rendered":"<h2 class=\"wp-block-heading\">R\u00e9servation de billets de bus en ligne pas cher Wezwe Coach<\/h2>\r\n\r\n\r\n\r\n<h3 class=\"wp-block-heading\">D\u00e9couvrez votre itin\u00e9raire de voyage sur le Web, votre mobile ou votre application et r\u00e9servez d\u00e8s maintenant vos billets de bus pas chers Wezwe Coaches en ligne.<\/h3>\r\n\r\n\r\n\r\n<p>La r\u00e9servation en ligne de Wezwe Express Coach est facilit\u00e9e. Wezwe Coach est une entreprise de transport qui dessert des clients commerciaux, nationaux et industriels en Afrique du Sud depuis 1995. La r\u00e9servation de billets de bus en ligne Wezwe Coach est s\u00fbre et vous permet d&#039;\u00e9conomiser du temps et de l&#039;argent.<\/p>\r\n\r\n\r\n\r\n\r\n\r\n<h2 class=\"wp-block-heading\">FAQ sur la r\u00e9servation en ligne des autocars Wezwe Express, les billets de bus, les itin\u00e9raires, les tarifs et les horaires<\/h2>\r\n\r\n\r\n\r\n<h3 class=\"wp-block-heading\">Quelles sont les c\u00e9l\u00e8bres lignes de bus Wezwe Coaches desservies en Afrique du Sud ?<\/h3>\r\n\r\n\r\n\r\n<p>\u2022 Du Cap \u00e0 Johannesburg<br \/>\u2022 De Johannesburg \u00e0 Cape Town<br \/>\u2022 De Johannesbourg \u00e0 Hararew<br \/>\u2022 De Johannesbourg \u00e0 Bulawayo<\/p>\r\n<h3>Ligne de flotte d&#039;autocars et d&#039;entreprises de bus de Wezwe<\/h3>\r\n<p>L&#039;entreprise poss\u00e8de et exploite diff\u00e9rents types de bus provenant de diff\u00e9rents fabricants de la plan\u00e8te. Leur liste de flotte comprend des bus Scania avec des carrosseries de tourisme Irizar, Marcopolo, Higer et MCV.<\/p>\r\n<p>Ils disposent de bus semi-luxueux et \u00e9conomiques pour vous offrir le meilleur choix de voyage en fonction du montant dont vous disposez et de vos places.<\/p>\r\n<h3>Ligne de service du coach Wezwe<\/h3>\r\n<p>Si vous recherchez une location d&#039;autocars, ils peuvent aider une soci\u00e9t\u00e9 de location d&#039;autocars experte pour tous les services que vous recherchez.<br \/>Que ce soit pour un transport a\u00e9roportuaire, une visite de divertissement, une visite guid\u00e9e du Gauteng, un voyage scolaire ou universitaire, un voyage historique, un voyage de mariage, une soir\u00e9e cubbing, des matchs de football en direct ou m\u00eame pour des f\u00eates et un pique-nique.<\/p>\r\n<p>Ils sont ouverts \u00e0 discuter et vous proposent la meilleure location d&#039;autocars \u00e0 un prix raisonnable pour vous permettre de d\u00e9penser moins et vous offrir un prix abordable possible.<\/p>\r\n<p>Les autocars Wezwe assurent \u00e9galement des transports publics quotidiens entre Le Cap et Johannesburg et planifient \u00e9galement des trajets entre Bulaywayo et Johannesburg.<\/p>\r\n<h3>Quelles sont les coordonn\u00e9es et le num\u00e9ro des bus Wezwe Coaches ?<\/h3>\r\n\r\n\r\n\r\n\r\n\r\n<p><strong>Emplacement du Cap<\/strong><br \/>T\u00e9l : 021 203 5559<br \/>40, chemin Grant, parc Windsor<br \/>Le Cap<br \/>7570<\/p>\r\n<p><strong>Emplacement de Johannesburg<\/strong><br \/>41 Branksome Towers, Johannesburg, 2001, 21 Bok Sts<br \/>Afrique du Sud.<\/p>\r\n\r\n\r\n\r\n<h2 class=\"wp-block-heading\">Conseils pour la r\u00e9servation de billets de bus en ligne Wezwe Coach<\/h2>\r\n<p>L&#039;entreprise s&#039;adresse aux clients recherchant des services tels que la location de bus scolaires, ainsi que le transport pour de nombreuses conf\u00e9rences, entreprises, vacances, a\u00e9roports, longue distance, mariages, etc.<\/p>\r\n<p>Ils ont un esprit communautaire et sont fiers d&#039;appliquer les soins produits en tant qu&#039;entreprise dans la r\u00e9gion qu&#039;ils desservent.<\/p>","protected":false},"excerpt":{"rendered":"<p>Cheap Wezwe Coach Online Bus Ticket Booking Discover your travel route on web, mobile or app and book cheap Wezwe Coaches bus tickets online now. Wezwe Express Coach online booking made easy. Wezwe coach is a transportation firm which serves commercial, domestic, and industrial clients in South Africa since 1995. Wezwe Coach online bus ticket [&hellip;]<\/p>\n","protected":false},"author":1,"featured_media":13999,"parent":25524,"menu_order":0,"comment_status":"closed","ping_status":"closed","template":"template-home-modern.php","meta":{"footnotes":""},"class_list":["post-27695","page","type-page","status-publish","has-post-thumbnail","hentry"],"yoast_head":"<!-- This site is optimized with the Yoast SEO plugin v27.2 - https:\/\/yoast.com\/product\/yoast-seo-wordpress\/ -->\n<title>Wezwe Express Coach Online Booking, Bus Tickets, Routes, Schedule &amp; Fares - Tiketi.com<\/title>\n<meta name=\"description\" content=\"Looking for Wezwe Express Coach online booking, app, bus routes, fare and schedule? Make cheap Wezwe coach online bus ticket booking now\" \/>\n<meta name=\"robots\" content=\"index, follow, max-snippet:-1, max-image-preview:large, max-video-preview:-1\" \/>\n<link rel=\"canonical\" href=\"https:\/\/tiketi.com\/fr-fr\/companies\/buses\/wezwe-express-coach\/\" \/>\n<meta property=\"og:locale\" content=\"fr_FR\" \/>\n<meta property=\"og:type\" content=\"article\" \/>\n<meta property=\"og:title\" content=\"Wezwe Express Coach Online Booking, Bus Tickets, Routes, Schedule &amp; Fares - Tiketi.com\" \/>\n<meta property=\"og:description\" content=\"Looking for Wezwe Express Coach online booking, app, bus routes, fare and schedule? Make cheap Wezwe coach online bus ticket booking now\" \/>\n<meta property=\"og:url\" content=\"https:\/\/tiketi.com\/fr-fr\/companies\/buses\/wezwe-express-coach\/\" \/>\n<meta property=\"og:site_name\" content=\"Tiketi.com\" \/>\n<meta property=\"article:publisher\" content=\"https:\/\/www.facebook.com\/TiketiCom\/\" \/>\n<meta property=\"article:modified_time\" content=\"2023-04-12T10:16:05+00:00\" \/>\n<meta property=\"og:image\" content=\"https:\/\/tiketi.com\/wp-content\/uploads\/2022\/01\/bus-ticket-online-booking.jpg\" \/>\n\t<meta property=\"og:image:width\" content=\"1200\" \/>\n\t<meta property=\"og:image:height\" content=\"206\" \/>\n\t<meta property=\"og:image:type\" content=\"image\/jpeg\" \/>\n<meta name=\"twitter:card\" content=\"summary_large_image\" \/>\n<meta name=\"twitter:label1\" content=\"Dur\u00e9e de lecture estim\u00e9e\" \/>\n\t<meta name=\"twitter:data1\" content=\"2 minutes\" \/>\n<script type=\"application\/ld+json\" class=\"yoast-schema-graph\">{\"@context\":\"https:\/\/schema.org\",\"@graph\":[{\"@type\":\"WebPage\",\"@id\":\"https:\/\/tiketi.com\/companies\/buses\/wezwe-express-coach\/\",\"url\":\"https:\/\/tiketi.com\/companies\/buses\/wezwe-express-coach\/\",\"name\":\"Wezwe Express Coach Online Booking, Bus Tickets, Routes, Schedule &amp; Fares - Tiketi.com\",\"isPartOf\":{\"@id\":\"https:\/\/tiketi.com\/#website\"},\"primaryImageOfPage\":{\"@id\":\"https:\/\/tiketi.com\/companies\/buses\/wezwe-express-coach\/#primaryimage\"},\"image\":{\"@id\":\"https:\/\/tiketi.com\/companies\/buses\/wezwe-express-coach\/#primaryimage\"},\"thumbnailUrl\":\"https:\/\/tiketi.com\/wp-content\/uploads\/2022\/01\/bus-ticket-online-booking.jpg\",\"datePublished\":\"2023-04-12T10:12:13+00:00\",\"dateModified\":\"2023-04-12T10:16:05+00:00\",\"description\":\"Looking for Wezwe Express Coach online booking, app, bus routes, fare and schedule? Make cheap Wezwe coach online bus ticket booking now\",\"breadcrumb\":{\"@id\":\"https:\/\/tiketi.com\/companies\/buses\/wezwe-express-coach\/#breadcrumb\"},\"inLanguage\":\"fr-FR\",\"potentialAction\":[{\"@type\":\"ReadAction\",\"target\":[\"https:\/\/tiketi.com\/companies\/buses\/wezwe-express-coach\/\"]}]},{\"@type\":\"ImageObject\",\"inLanguage\":\"fr-FR\",\"@id\":\"https:\/\/tiketi.com\/companies\/buses\/wezwe-express-coach\/#primaryimage\",\"url\":\"https:\/\/tiketi.com\/wp-content\/uploads\/2022\/01\/bus-ticket-online-booking.jpg\",\"contentUrl\":\"https:\/\/tiketi.com\/wp-content\/uploads\/2022\/01\/bus-ticket-online-booking.jpg\",\"width\":1200,\"height\":206,\"caption\":\"Online Bus Ticket Booking\"},{\"@type\":\"BreadcrumbList\",\"@id\":\"https:\/\/tiketi.com\/companies\/buses\/wezwe-express-coach\/#breadcrumb\",\"itemListElement\":[{\"@type\":\"ListItem\",\"position\":1,\"name\":\"Home\",\"item\":\"https:\/\/tiketi.com\/\"},{\"@type\":\"ListItem\",\"position\":2,\"name\":\"Companies\",\"item\":\"https:\/\/tiketi.com\/companies\/\"},{\"@type\":\"ListItem\",\"position\":3,\"name\":\"Buses\",\"item\":\"https:\/\/tiketi.com\/companies\/buses\/\"},{\"@type\":\"ListItem\",\"position\":4,\"name\":\"Wezwe Express Coach Online Booking, Bus Tickets, Routes, Schedule &amp; Fares\"}]},{\"@type\":\"WebSite\",\"@id\":\"https:\/\/tiketi.com\/#website\",\"url\":\"https:\/\/tiketi.com\/\",\"name\":\"Flight & Bus Tickets, Tour Packages & Activitites - Tiketi.com\",\"description\":\"Flight &amp; Bus Tickets, Tours, Activitites\",\"publisher\":{\"@id\":\"https:\/\/tiketi.com\/#organization\"},\"potentialAction\":[{\"@type\":\"SearchAction\",\"target\":{\"@type\":\"EntryPoint\",\"urlTemplate\":\"https:\/\/tiketi.com\/?s={search_term_string}\"},\"query-input\":{\"@type\":\"PropertyValueSpecification\",\"valueRequired\":true,\"valueName\":\"search_term_string\"}}],\"inLanguage\":\"fr-FR\"},{\"@type\":\"Organization\",\"@id\":\"https:\/\/tiketi.com\/#organization\",\"name\":\"Tiketi.com\",\"alternateName\":\"Tiketi\",\"url\":\"https:\/\/tiketi.com\/\",\"logo\":{\"@type\":\"ImageObject\",\"inLanguage\":\"fr-FR\",\"@id\":\"https:\/\/tiketi.com\/#\/schema\/logo\/image\/\",\"url\":\"https:\/\/tiketi.com\/wp-content\/uploads\/2019\/05\/tiketi-logo-696.png\",\"contentUrl\":\"https:\/\/tiketi.com\/wp-content\/uploads\/2019\/05\/tiketi-logo-696.png\",\"width\":696,\"height\":696,\"caption\":\"Tiketi.com\"},\"image\":{\"@id\":\"https:\/\/tiketi.com\/#\/schema\/logo\/image\/\"},\"sameAs\":[\"https:\/\/www.facebook.com\/TiketiCom\/\"]}]}<\/script>\n<!-- \/ Yoast SEO plugin. -->","yoast_head_json":{"title":"R\u00e9servation en ligne de bus Wezwe Express, billets de bus, itin\u00e9raires, horaires et tarifs - Tiketi.com","description":"Vous recherchez une r\u00e9servation en ligne, une application, des itin\u00e9raires de bus, des tarifs et des horaires de Wezwe Express Coach\u00a0? R\u00e9servez d\u00e8s maintenant vos billets de bus en ligne pour Wezwe","robots":{"index":"index","follow":"follow","max-snippet":"max-snippet:-1","max-image-preview":"max-image-preview:large","max-video-preview":"max-video-preview:-1"},"canonical":"https:\/\/tiketi.com\/fr-fr\/companies\/buses\/wezwe-express-coach\/","og_locale":"fr_FR","og_type":"article","og_title":"Wezwe Express Coach Online Booking, Bus Tickets, Routes, Schedule &amp; Fares - Tiketi.com","og_description":"Looking for Wezwe Express Coach online booking, app, bus routes, fare and schedule? Make cheap Wezwe coach online bus ticket booking now","og_url":"https:\/\/tiketi.com\/fr-fr\/companies\/buses\/wezwe-express-coach\/","og_site_name":"Tiketi.com","article_publisher":"https:\/\/www.facebook.com\/TiketiCom\/","article_modified_time":"2023-04-12T10:16:05+00:00","og_image":[{"width":1200,"height":206,"url":"https:\/\/tiketi.com\/wp-content\/uploads\/2022\/01\/bus-ticket-online-booking.jpg","type":"image\/jpeg"}],"twitter_card":"summary_large_image","twitter_misc":{"Dur\u00e9e de lecture estim\u00e9e":"2 minutes"},"schema":{"@context":"https:\/\/schema.org","@graph":[{"@type":"WebPage","@id":"https:\/\/tiketi.com\/companies\/buses\/wezwe-express-coach\/","url":"https:\/\/tiketi.com\/companies\/buses\/wezwe-express-coach\/","name":"R\u00e9servation en ligne de bus Wezwe Express, billets de bus, itin\u00e9raires, horaires et tarifs - Tiketi.com","isPartOf":{"@id":"https:\/\/tiketi.com\/#website"},"primaryImageOfPage":{"@id":"https:\/\/tiketi.com\/companies\/buses\/wezwe-express-coach\/#primaryimage"},"image":{"@id":"https:\/\/tiketi.com\/companies\/buses\/wezwe-express-coach\/#primaryimage"},"thumbnailUrl":"https:\/\/tiketi.com\/wp-content\/uploads\/2022\/01\/bus-ticket-online-booking.jpg","datePublished":"2023-04-12T10:12:13+00:00","dateModified":"2023-04-12T10:16:05+00:00","description":"Vous recherchez une r\u00e9servation en ligne, une application, des itin\u00e9raires de bus, des tarifs et des horaires de Wezwe Express Coach\u00a0? R\u00e9servez d\u00e8s maintenant vos billets de bus en ligne pour Wezwe","breadcrumb":{"@id":"https:\/\/tiketi.com\/companies\/buses\/wezwe-express-coach\/#breadcrumb"},"inLanguage":"fr-FR","potentialAction":[{"@type":"ReadAction","target":["https:\/\/tiketi.com\/companies\/buses\/wezwe-express-coach\/"]}]},{"@type":"ImageObject","inLanguage":"fr-FR","@id":"https:\/\/tiketi.com\/companies\/buses\/wezwe-express-coach\/#primaryimage","url":"https:\/\/tiketi.com\/wp-content\/uploads\/2022\/01\/bus-ticket-online-booking.jpg","contentUrl":"https:\/\/tiketi.com\/wp-content\/uploads\/2022\/01\/bus-ticket-online-booking.jpg","width":1200,"height":206,"caption":"Online Bus Ticket Booking"},{"@type":"BreadcrumbList","@id":"https:\/\/tiketi.com\/companies\/buses\/wezwe-express-coach\/#breadcrumb","itemListElement":[{"@type":"ListItem","position":1,"name":"Home","item":"https:\/\/tiketi.com\/"},{"@type":"ListItem","position":2,"name":"Companies","item":"https:\/\/tiketi.com\/companies\/"},{"@type":"ListItem","position":3,"name":"Buses","item":"https:\/\/tiketi.com\/companies\/buses\/"},{"@type":"ListItem","position":4,"name":"Wezwe Express Coach Online Booking, Bus Tickets, Routes, Schedule &amp; Fares"}]},{"@type":"WebSite","@id":"https:\/\/tiketi.com\/#website","url":"https:\/\/tiketi.com\/","name":"Billets d&#039;avion et de bus, forfaits touristiques et activit\u00e9s - Tiketi.com","description":"Billets d&#039;avion et de bus, Tours, Activit\u00e9s","publisher":{"@id":"https:\/\/tiketi.com\/#organization"},"potentialAction":[{"@type":"SearchAction","target":{"@type":"EntryPoint","urlTemplate":"https:\/\/tiketi.com\/?s={search_term_string}"},"query-input":{"@type":"PropertyValueSpecification","valueRequired":true,"valueName":"search_term_string"}}],"inLanguage":"fr-FR"},{"@type":"Organization","@id":"https:\/\/tiketi.com\/#organization","name":"Tiketi.com","alternateName":"Tiketi","url":"https:\/\/tiketi.com\/","logo":{"@type":"ImageObject","inLanguage":"fr-FR","@id":"https:\/\/tiketi.com\/#\/schema\/logo\/image\/","url":"https:\/\/tiketi.com\/wp-content\/uploads\/2019\/05\/tiketi-logo-696.png","contentUrl":"https:\/\/tiketi.com\/wp-content\/uploads\/2019\/05\/tiketi-logo-696.png","width":696,"height":696,"caption":"Tiketi.com"},"image":{"@id":"https:\/\/tiketi.com\/#\/schema\/logo\/image\/"},"sameAs":["https:\/\/www.facebook.com\/TiketiCom\/"]}]}},"_links":{"self":[{"href":"https:\/\/tiketi.com\/fr-fr\/wp-json\/wp\/v2\/pages\/27695","targetHints":{"allow":["GET"]}}],"collection":[{"href":"https:\/\/tiketi.com\/fr-fr\/wp-json\/wp\/v2\/pages"}],"about":[{"href":"https:\/\/tiketi.com\/fr-fr\/wp-json\/wp\/v2\/types\/page"}],"author":[{"embeddable":true,"href":"https:\/\/tiketi.com\/fr-fr\/wp-json\/wp\/v2\/users\/1"}],"replies":[{"embeddable":true,"href":"https:\/\/tiketi.com\/fr-fr\/wp-json\/wp\/v2\/comments?post=27695"}],"version-history":[{"count":0,"href":"https:\/\/tiketi.com\/fr-fr\/wp-json\/wp\/v2\/pages\/27695\/revisions"}],"up":[{"embeddable":true,"href":"https:\/\/tiketi.com\/fr-fr\/wp-json\/wp\/v2\/pages\/25524"}],"wp:featuredmedia":[{"embeddable":true,"href":"https:\/\/tiketi.com\/fr-fr\/wp-json\/wp\/v2\/media\/13999"}],"wp:attachment":[{"href":"https:\/\/tiketi.com\/fr-fr\/wp-json\/wp\/v2\/media?parent=27695"}],"curies":[{"name":"wp","href":"https:\/\/api.w.org\/{rel}","templated":true}]}}