{"id":27696,"date":"2023-04-12T11:21:37","date_gmt":"2023-04-12T10:21:37","guid":{"rendered":"https:\/\/tiketi.com\/?page_id=27696"},"modified":"2023-04-12T11:21:37","modified_gmt":"2023-04-12T10:21:37","slug":"zube-trans-bus","status":"publish","type":"page","link":"https:\/\/tiketi.com\/fr-fr\/companies\/buses\/zube-trans-bus\/","title":{"rendered":"R\u00e9servation en ligne de bus Zube Trans, billets de bus, itin\u00e9raires et tarifs"},"content":{"rendered":"<h2 class=\"wp-block-heading\">R\u00e9servation de billets de bus pas chers en ligne Zube Trans<\/h2>\r\n\r\n\r\n\r\n<h3 class=\"wp-block-heading\">D\u00e9couvrez votre itin\u00e9raire de voyage sur le web, le mobile ou l&#039;application et r\u00e9servez d\u00e8s maintenant en ligne des billets de bus Zube Trans pas chers.<\/h3>\r\n\r\n\r\n\r\n<p>La r\u00e9servation en ligne du bus Zube Trans est facilit\u00e9e. Zube Trans fait partie des c\u00e9l\u00e8bres compagnies de bus qui assurent le transport quotidien de passagers et de colis entre la ville de Geita et la ville d&#039;affaires de Dar es Salaam. La r\u00e9servation de billets de bus en ligne Zube Trans est s\u00fbre et vous permet d&#039;\u00e9conomiser du temps et de l&#039;argent.<\/p>\r\n\r\n\r\n\r\n\r\n\r\n<h2 class=\"wp-block-heading\">Zube Trans bus R\u00e9servation en ligne, billets de bus, itin\u00e9raires, tarifs et horaires FAQ<\/h2>\r\n\r\n\r\n\r\n<h3 class=\"wp-block-heading\">Quels sont les c\u00e9l\u00e8bres itin\u00e9raires de bus Zube Trans couverts en Tanzanie ?<\/h3>\r\n<p>\u2022 Dar es Salam \u00e0 Dodoma<br \/>\u2022 Dar es Salam \u00e0 Geita<br \/>\u2022 Dar es Salam \u00e0 Tabora<br \/>\u2022 Dar es Salam \u00e0 Mwanza<\/p>\r\n<h3>Ligne de flotte de bus trans Zube<\/h3>\r\n\r\n\r\n\r\n<p>La liste de la flotte de l&#039;entreprise contient de nombreux bus diff\u00e9rents g\u00e9r\u00e9s par des machines Scania, la plupart d&#039;entre eux sont embellis par des carrosseries fabriqu\u00e9es localement par Darcoach et d&#039;autres fabricants d&#039;Afrique de l&#039;Est.<\/p>\r\n<p>Selon LATRA, l&#039;entreprise exploite des bus de luxe semi-ordinaires et ordinaires qui proposent des services et des \u00e9quipements de base \u00e0 bord pour leurs passagers.<\/p>\r\n<p>Leurs bus ont des si\u00e8ges inclinables deux par deux, certains d&#039;entre eux ont des ports de chargement USB sur chaque si\u00e8ge, un syst\u00e8me audiovisuel pour le divertissement, des lampes de lecture au plafond et un compartiment \u00e0 bagages, et de nombreuses autres fonctionnalit\u00e9s.<\/p>\r\n<h3>Billets de bus et ligne de flotte de Zube Trans<\/h3>\r\n<p>Zube offre des services de transport quotidiens de la ville de Dar es Salaam aux zones de la zone des lacs, en particulier Tabora, Geita, Mwanza et Shinyanga.<\/p>\r\n<p>L&#039;entreprise transporte \u00e0 la fois des colis et des passagers \u00e0 un co\u00fbt abordable, leurs frais de colis d\u00e9pendent de la taille et de la nature d&#039;un colis particulier.<\/p>\r\n<p>Les services de r\u00e9servation sont accessibles \u00e0 leurs bureaux plac\u00e9s dans toutes les gares routi\u00e8res sur leurs itin\u00e9raires. Vous pouvez \u00e9galement r\u00e9server vos billets en appelant leurs agents ou repr\u00e9sentants de bureau.<\/p>\r\n<p>Leurs bus ne sont accessibles que pour les d\u00e9parts du matin \u00e0 Geita et Dar es Salaam tandis que vous pouvez attendre les d\u00e9parts de l&#039;apr\u00e8s-midi \u00e0 Tabora, Dodoma et de nombreuses autres gares routi\u00e8res.<\/p>\r\n<h3>Quels sont les coordonn\u00e9es et le nombre de bus Zube Trans ?<\/h3>\r\n\r\n\r\n\r\n<p class=\"wp-block-heading\">ZUBE TRANS<br \/>Bo\u00eete postale 1563<br \/>33101 MWANZA<\/p>\r\n\r\n\r\n\r\n\r\n\r\n<h2 class=\"wp-block-heading\">Conseils de r\u00e9servation de billets de bus en ligne Zube Trans<\/h2>\r\n<p>C&#039;est l&#039;une des rares compagnies de bus qui assurent le transport direct par bus de la ville de Dar es Salaam \u00e0 Geita via la ville de Tabora et Dodoma.<\/p>\r\n<p>L&#039;entreprise a r\u00e9ussi \u00e0 se forger un meilleur statut aupr\u00e8s des clients, principalement les hommes d&#039;affaires qui se d\u00e9pla\u00e7aient depuis toujours entre ces destinations.<\/p>","protected":false},"excerpt":{"rendered":"<p>Cheap Zube Trans Online Bus Ticket Booking Discover your travel route on web, mobile or app and book cheap Zube Trans bus tickets online now. Zube Trans bus online booking made easy. Zube Trans is among the famous bus firm which give daily passengers and parcels transportation between the Geita town and the business city [&hellip;]<\/p>\n","protected":false},"author":1,"featured_media":13999,"parent":25524,"menu_order":0,"comment_status":"closed","ping_status":"closed","template":"template-home-modern.php","meta":{"footnotes":""},"class_list":["post-27696","page","type-page","status-publish","has-post-thumbnail","hentry"],"yoast_head":"<!-- This site is optimized with the Yoast SEO plugin v27.3 - https:\/\/yoast.com\/product\/yoast-seo-wordpress\/ -->\n<title>Zube Trans bus Online Booking, Bus Tickets, Routes &amp; Fares - Tiketi.com<\/title>\n<meta name=\"description\" content=\"Looking for Zube Trans bus online booking, app, bus routes, fare and schedule? Make cheap Zube Trans online bus ticket booking now\" \/>\n<meta name=\"robots\" content=\"index, follow, max-snippet:-1, max-image-preview:large, max-video-preview:-1\" \/>\n<link rel=\"canonical\" href=\"https:\/\/tiketi.com\/fr-fr\/companies\/buses\/zube-trans-bus\/\" \/>\n<meta property=\"og:locale\" content=\"fr_FR\" \/>\n<meta property=\"og:type\" content=\"article\" \/>\n<meta property=\"og:title\" content=\"Zube Trans bus Online Booking, Bus Tickets, Routes &amp; Fares - Tiketi.com\" \/>\n<meta property=\"og:description\" content=\"Looking for Zube Trans bus online booking, app, bus routes, fare and schedule? Make cheap Zube Trans online bus ticket booking now\" \/>\n<meta property=\"og:url\" content=\"https:\/\/tiketi.com\/fr-fr\/companies\/buses\/zube-trans-bus\/\" \/>\n<meta property=\"og:site_name\" content=\"Tiketi.com\" \/>\n<meta property=\"article:publisher\" content=\"https:\/\/www.facebook.com\/TiketiCom\/\" \/>\n<meta property=\"og:image\" content=\"https:\/\/tiketi.com\/wp-content\/uploads\/2022\/01\/bus-ticket-online-booking.jpg\" \/>\n\t<meta property=\"og:image:width\" content=\"1200\" \/>\n\t<meta property=\"og:image:height\" content=\"206\" \/>\n\t<meta property=\"og:image:type\" content=\"image\/jpeg\" \/>\n<meta name=\"twitter:card\" content=\"summary_large_image\" \/>\n<meta name=\"twitter:label1\" content=\"Dur\u00e9e de lecture estim\u00e9e\" \/>\n\t<meta name=\"twitter:data1\" content=\"2 minutes\" \/>\n<script type=\"application\/ld+json\" class=\"yoast-schema-graph\">{\"@context\":\"https:\\\/\\\/schema.org\",\"@graph\":[{\"@type\":\"WebPage\",\"@id\":\"https:\\\/\\\/tiketi.com\\\/companies\\\/buses\\\/zube-trans-bus\\\/\",\"url\":\"https:\\\/\\\/tiketi.com\\\/companies\\\/buses\\\/zube-trans-bus\\\/\",\"name\":\"Zube Trans bus Online Booking, Bus Tickets, Routes & Fares - Tiketi.com\",\"isPartOf\":{\"@id\":\"https:\\\/\\\/tiketi.com\\\/#website\"},\"primaryImageOfPage\":{\"@id\":\"https:\\\/\\\/tiketi.com\\\/companies\\\/buses\\\/zube-trans-bus\\\/#primaryimage\"},\"image\":{\"@id\":\"https:\\\/\\\/tiketi.com\\\/companies\\\/buses\\\/zube-trans-bus\\\/#primaryimage\"},\"thumbnailUrl\":\"https:\\\/\\\/tiketi.com\\\/wp-content\\\/uploads\\\/2022\\\/01\\\/bus-ticket-online-booking.jpg\",\"datePublished\":\"2023-04-12T10:21:37+00:00\",\"description\":\"Looking for Zube Trans bus online booking, app, bus routes, fare and schedule? Make cheap Zube Trans online bus ticket booking now\",\"breadcrumb\":{\"@id\":\"https:\\\/\\\/tiketi.com\\\/companies\\\/buses\\\/zube-trans-bus\\\/#breadcrumb\"},\"inLanguage\":\"fr-FR\",\"potentialAction\":[{\"@type\":\"ReadAction\",\"target\":[\"https:\\\/\\\/tiketi.com\\\/companies\\\/buses\\\/zube-trans-bus\\\/\"]}]},{\"@type\":\"ImageObject\",\"inLanguage\":\"fr-FR\",\"@id\":\"https:\\\/\\\/tiketi.com\\\/companies\\\/buses\\\/zube-trans-bus\\\/#primaryimage\",\"url\":\"https:\\\/\\\/tiketi.com\\\/wp-content\\\/uploads\\\/2022\\\/01\\\/bus-ticket-online-booking.jpg\",\"contentUrl\":\"https:\\\/\\\/tiketi.com\\\/wp-content\\\/uploads\\\/2022\\\/01\\\/bus-ticket-online-booking.jpg\",\"width\":1200,\"height\":206,\"caption\":\"Online Bus Ticket Booking\"},{\"@type\":\"BreadcrumbList\",\"@id\":\"https:\\\/\\\/tiketi.com\\\/companies\\\/buses\\\/zube-trans-bus\\\/#breadcrumb\",\"itemListElement\":[{\"@type\":\"ListItem\",\"position\":1,\"name\":\"Home\",\"item\":\"https:\\\/\\\/tiketi.com\\\/\"},{\"@type\":\"ListItem\",\"position\":2,\"name\":\"Companies\",\"item\":\"https:\\\/\\\/tiketi.com\\\/companies\\\/\"},{\"@type\":\"ListItem\",\"position\":3,\"name\":\"Buses\",\"item\":\"https:\\\/\\\/tiketi.com\\\/companies\\\/buses\\\/\"},{\"@type\":\"ListItem\",\"position\":4,\"name\":\"Zube Trans bus Online Booking, Bus Tickets, Routes &#038; Fares\"}]},{\"@type\":\"WebSite\",\"@id\":\"https:\\\/\\\/tiketi.com\\\/#website\",\"url\":\"https:\\\/\\\/tiketi.com\\\/\",\"name\":\"Flight & Bus Tickets, Tour Packages & Activitites - Tiketi.com\",\"description\":\"Flight &amp; Bus Tickets, Tours, Activitites\",\"publisher\":{\"@id\":\"https:\\\/\\\/tiketi.com\\\/#organization\"},\"potentialAction\":[{\"@type\":\"SearchAction\",\"target\":{\"@type\":\"EntryPoint\",\"urlTemplate\":\"https:\\\/\\\/tiketi.com\\\/?s={search_term_string}\"},\"query-input\":{\"@type\":\"PropertyValueSpecification\",\"valueRequired\":true,\"valueName\":\"search_term_string\"}}],\"inLanguage\":\"fr-FR\"},{\"@type\":\"Organization\",\"@id\":\"https:\\\/\\\/tiketi.com\\\/#organization\",\"name\":\"Tiketi.com\",\"alternateName\":\"Tiketi\",\"url\":\"https:\\\/\\\/tiketi.com\\\/\",\"logo\":{\"@type\":\"ImageObject\",\"inLanguage\":\"fr-FR\",\"@id\":\"https:\\\/\\\/tiketi.com\\\/#\\\/schema\\\/logo\\\/image\\\/\",\"url\":\"https:\\\/\\\/tiketi.com\\\/wp-content\\\/uploads\\\/2019\\\/05\\\/tiketi-logo-696.png\",\"contentUrl\":\"https:\\\/\\\/tiketi.com\\\/wp-content\\\/uploads\\\/2019\\\/05\\\/tiketi-logo-696.png\",\"width\":696,\"height\":696,\"caption\":\"Tiketi.com\"},\"image\":{\"@id\":\"https:\\\/\\\/tiketi.com\\\/#\\\/schema\\\/logo\\\/image\\\/\"},\"sameAs\":[\"https:\\\/\\\/www.facebook.com\\\/TiketiCom\\\/\"]}]}<\/script>\n<!-- \/ Yoast SEO plugin. -->","yoast_head_json":{"title":"Bus Zube Trans R\u00e9servation en ligne, Billets, Trajets &amp; Tarifs Bus - Tiketi.com","description":"Vous recherchez une r\u00e9servation en ligne de bus Zube Trans, une application, des itin\u00e9raires de bus, des tarifs et des horaires? R\u00e9servez d\u00e8s maintenant vos billets de bus en ligne Zube Trans pas chers","robots":{"index":"index","follow":"follow","max-snippet":"max-snippet:-1","max-image-preview":"max-image-preview:large","max-video-preview":"max-video-preview:-1"},"canonical":"https:\/\/tiketi.com\/fr-fr\/companies\/buses\/zube-trans-bus\/","og_locale":"fr_FR","og_type":"article","og_title":"Zube Trans bus Online Booking, Bus Tickets, Routes & Fares - Tiketi.com","og_description":"Looking for Zube Trans bus online booking, app, bus routes, fare and schedule? Make cheap Zube Trans online bus ticket booking now","og_url":"https:\/\/tiketi.com\/fr-fr\/companies\/buses\/zube-trans-bus\/","og_site_name":"Tiketi.com","article_publisher":"https:\/\/www.facebook.com\/TiketiCom\/","og_image":[{"width":1200,"height":206,"url":"https:\/\/tiketi.com\/wp-content\/uploads\/2022\/01\/bus-ticket-online-booking.jpg","type":"image\/jpeg"}],"twitter_card":"summary_large_image","twitter_misc":{"Dur\u00e9e de lecture estim\u00e9e":"2 minutes"},"schema":{"@context":"https:\/\/schema.org","@graph":[{"@type":"WebPage","@id":"https:\/\/tiketi.com\/companies\/buses\/zube-trans-bus\/","url":"https:\/\/tiketi.com\/companies\/buses\/zube-trans-bus\/","name":"Bus Zube Trans R\u00e9servation en ligne, Billets, Trajets &amp; Tarifs Bus - Tiketi.com","isPartOf":{"@id":"https:\/\/tiketi.com\/#website"},"primaryImageOfPage":{"@id":"https:\/\/tiketi.com\/companies\/buses\/zube-trans-bus\/#primaryimage"},"image":{"@id":"https:\/\/tiketi.com\/companies\/buses\/zube-trans-bus\/#primaryimage"},"thumbnailUrl":"https:\/\/tiketi.com\/wp-content\/uploads\/2022\/01\/bus-ticket-online-booking.jpg","datePublished":"2023-04-12T10:21:37+00:00","description":"Vous recherchez une r\u00e9servation en ligne de bus Zube Trans, une application, des itin\u00e9raires de bus, des tarifs et des horaires? R\u00e9servez d\u00e8s maintenant vos billets de bus en ligne Zube Trans pas chers","breadcrumb":{"@id":"https:\/\/tiketi.com\/companies\/buses\/zube-trans-bus\/#breadcrumb"},"inLanguage":"fr-FR","potentialAction":[{"@type":"ReadAction","target":["https:\/\/tiketi.com\/companies\/buses\/zube-trans-bus\/"]}]},{"@type":"ImageObject","inLanguage":"fr-FR","@id":"https:\/\/tiketi.com\/companies\/buses\/zube-trans-bus\/#primaryimage","url":"https:\/\/tiketi.com\/wp-content\/uploads\/2022\/01\/bus-ticket-online-booking.jpg","contentUrl":"https:\/\/tiketi.com\/wp-content\/uploads\/2022\/01\/bus-ticket-online-booking.jpg","width":1200,"height":206,"caption":"Online Bus Ticket Booking"},{"@type":"BreadcrumbList","@id":"https:\/\/tiketi.com\/companies\/buses\/zube-trans-bus\/#breadcrumb","itemListElement":[{"@type":"ListItem","position":1,"name":"Home","item":"https:\/\/tiketi.com\/"},{"@type":"ListItem","position":2,"name":"Companies","item":"https:\/\/tiketi.com\/companies\/"},{"@type":"ListItem","position":3,"name":"Buses","item":"https:\/\/tiketi.com\/companies\/buses\/"},{"@type":"ListItem","position":4,"name":"Zube Trans bus Online Booking, Bus Tickets, Routes &#038; Fares"}]},{"@type":"WebSite","@id":"https:\/\/tiketi.com\/#website","url":"https:\/\/tiketi.com\/","name":"Billets d&#039;avion et de bus, forfaits touristiques et activit\u00e9s - Tiketi.com","description":"Billets d&#039;avion et de bus, Tours, Activit\u00e9s","publisher":{"@id":"https:\/\/tiketi.com\/#organization"},"potentialAction":[{"@type":"SearchAction","target":{"@type":"EntryPoint","urlTemplate":"https:\/\/tiketi.com\/?s={search_term_string}"},"query-input":{"@type":"PropertyValueSpecification","valueRequired":true,"valueName":"search_term_string"}}],"inLanguage":"fr-FR"},{"@type":"Organization","@id":"https:\/\/tiketi.com\/#organization","name":"Tiketi.com","alternateName":"Tiketi","url":"https:\/\/tiketi.com\/","logo":{"@type":"ImageObject","inLanguage":"fr-FR","@id":"https:\/\/tiketi.com\/#\/schema\/logo\/image\/","url":"https:\/\/tiketi.com\/wp-content\/uploads\/2019\/05\/tiketi-logo-696.png","contentUrl":"https:\/\/tiketi.com\/wp-content\/uploads\/2019\/05\/tiketi-logo-696.png","width":696,"height":696,"caption":"Tiketi.com"},"image":{"@id":"https:\/\/tiketi.com\/#\/schema\/logo\/image\/"},"sameAs":["https:\/\/www.facebook.com\/TiketiCom\/"]}]}},"_links":{"self":[{"href":"https:\/\/tiketi.com\/fr-fr\/wp-json\/wp\/v2\/pages\/27696","targetHints":{"allow":["GET"]}}],"collection":[{"href":"https:\/\/tiketi.com\/fr-fr\/wp-json\/wp\/v2\/pages"}],"about":[{"href":"https:\/\/tiketi.com\/fr-fr\/wp-json\/wp\/v2\/types\/page"}],"author":[{"embeddable":true,"href":"https:\/\/tiketi.com\/fr-fr\/wp-json\/wp\/v2\/users\/1"}],"replies":[{"embeddable":true,"href":"https:\/\/tiketi.com\/fr-fr\/wp-json\/wp\/v2\/comments?post=27696"}],"version-history":[{"count":0,"href":"https:\/\/tiketi.com\/fr-fr\/wp-json\/wp\/v2\/pages\/27696\/revisions"}],"up":[{"embeddable":true,"href":"https:\/\/tiketi.com\/fr-fr\/wp-json\/wp\/v2\/pages\/25524"}],"wp:featuredmedia":[{"embeddable":true,"href":"https:\/\/tiketi.com\/fr-fr\/wp-json\/wp\/v2\/media\/13999"}],"wp:attachment":[{"href":"https:\/\/tiketi.com\/fr-fr\/wp-json\/wp\/v2\/media?parent=27696"}],"curies":[{"name":"wp","href":"https:\/\/api.w.org\/{rel}","templated":true}]}}