{"id":27724,"date":"2023-04-12T12:07:05","date_gmt":"2023-04-12T11:07:05","guid":{"rendered":"https:\/\/tiketi.com\/?page_id=27724"},"modified":"2025-08-03T19:11:14","modified_gmt":"2025-08-03T18:11:14","slug":"marangu-coach","status":"publish","type":"page","link":"https:\/\/tiketi.com\/fr-fr\/companies\/buses\/marangu-coach\/","title":{"rendered":"Marangu Coach R\u00e9servation en ligne, billets de bus, itin\u00e9raires, horaires et tarifs"},"content":{"rendered":"<h2 class=\"wp-block-heading\">R\u00e9servation de billets de bus en ligne pas cher Marangu Coach<\/h2>\r\n\r\n\r\n\r\n<h3 class=\"wp-block-heading\">D\u00e9couvrez votre itin\u00e9raire de voyage sur le web, le mobile ou l&#039;application et r\u00e9servez des billets pas chers Marangu Coach en ligne d\u00e8s maintenant.<\/h3>\r\n\r\n\r\n\r\n<p>La r\u00e9servation en ligne de Marangu Coach simplifi\u00e9e. Marangu Coach est une entreprise de transport de passagers qui est dans l&#039;industrie depuis la fin de 2015. Malgr\u00e9 le nom de l&#039;entreprise Marangu Coach, cette entreprise de bus dessert ses passagers de Dar es Salaam \u00e0 Arusha via Moshi avec un horaire de bus quotidien comme itin\u00e9raire principal. . La r\u00e9servation de billets de bus en ligne Marangu Coach est s\u00e9curis\u00e9e et vous permet d&#039;\u00e9conomiser du temps et de l&#039;argent.<\/p>\r\n\r\n\r\n\r\n<h2 class=\"wp-block-heading\">FAQ sur la r\u00e9servation en ligne de Marangu Coach, les billets de bus, les itin\u00e9raires, les tarifs et les horaires<\/h2>\r\n\r\n\r\n\r\n<h3 class=\"wp-block-heading\">Quels sont les c\u00e9l\u00e8bres itin\u00e9raires de bus Marangu Coach couverts en Tanzanie ?<\/h3>\r\n\r\n\r\n\r\n<p>\u2022 Moshi \u00e0 Dodoma via Arusha<br \/>\u2022 Arusha \u00e0 Dar es Salaam via Chalinze\/Bagamoyo<\/p>\r\n\r\n\r\n\r\n<h3>Services d&#039;autocars Marangu<\/h3>\r\n\r\n\r\n\r\n<p>Ils offrent des services de bus r\u00e9guliers quotidiens de Dar es Salaam \u00e0 Arusha et vice versa. Leurs bus partent de Dar es Salaam via Bagamoyo et parfois via Chalize jusqu&#039;\u00e0 Arusha avec un arr\u00eat cl\u00e9 dans la ville de Moshi.<\/p>\r\n\r\n\r\n\r\n<p>Ils ont un horaire sp\u00e9cifique pour quitter chaque terminal et les passagers peuvent r\u00e9server leurs billets dans leurs bureaux situ\u00e9s dans chaque terminal ou vous pouvez indiquer ci-dessous le num\u00e9ro propos\u00e9 pour effectuer votre r\u00e9servation ou effectuer une r\u00e9servation de billets de bus en ligne Marangu Coach. Outre le service de transport de passagers, ils font \u00e9galement transiter des colis \u00e0 des prix parfaits vers toutes les villes o\u00f9 leurs bus passent ou s&#039;arr\u00eatent.<\/p>\r\n\r\n\r\n\r\n<h3>Flotte d&#039;autocars Marangu<\/h3>\r\n\r\n\r\n\r\n<p>L&#039;entreprise a une nouvelle et derni\u00e8re flotte dans sa liste pour vous offrir des voyages relaxants lorsque vous choisirez de voyager avec eux. Ils ont des bus nouvellement achet\u00e9s en Chine et ils pr\u00e9f\u00e8rent utiliser un Yutong chinois avec des sp\u00e9cifications personnalis\u00e9es \u00e0 bord pour un voyage confortable.<\/p>\r\n\r\n\r\n\r\n<p>Ils activent \u00e9galement le WiFi gratuit pour que leurs clients puissent profiter d&#039;un syst\u00e8me de recharge Internet et USB parfait accessible \u00e0 chaque si\u00e8ge du bus.<\/p>\r\n\r\n\r\n\r\n<h3 class=\"wp-block-heading\">Quels sont les coordonn\u00e9es et le nombre de bus Marangu Coach ?<\/h3>\r\n\r\n\r\n\r\n<p>P.0 Box 78615 Dar es Salaam Tanzanie.<\/p>\r\n\r\n\r\n\r\n<h2 class=\"wp-block-heading\">Marangu Coach R\u00e9servation de billets de bus en ligne Conseils Dodoma<\/h2>\r\n\r\n\r\n\r\n<p>C&#039;est l&#039;une des entreprises de bus bien reconnues pour Dar es Salaam vers les itin\u00e9raires de la zone nord, l&#039;entreprise a r\u00e9ussi \u00e0 avoir un meilleur statut dans les services de transport de passagers. La plupart des clients utilisant cette entreprise b\u00e9n\u00e9ficient des meilleurs services et d&#039;un meilleur service client de la part de leurs serviteurs.<\/p>\r\n<h2>Autres compagnies de bus populaires en Tanzanie<\/h2>\r\n<table border=\"0\" cellspacing=\"1\" cellpadding=\"1\">\r\n<tbody>\r\n<tr>\r\n<td>\r\n<ul>\r\n<li><a href=\"https:\/\/tiketi.com\/fr-fr\/companies\/buses\/trinity-express\/\" target=\"_blank\" rel=\"noopener\">Trinity Express Booking<\/a><\/li>\r\n<\/ul>\r\n<\/td>\r\n<td style=\"width: 30px;\">\u00a0<\/td>\r\n<td>\r\n<ul>\r\n<li><a href=\"https:\/\/tiketi.com\/fr-fr\/companies\/buses\/kilimanjaro-express\/\" target=\"_blank\" rel=\"noopener\">R\u00e9servation Dar Express<\/a><\/li>\r\n<\/ul>\r\n<\/td>\r\n<td style=\"width: 30px;\">\u00a0<\/td>\r\n<td>\r\n<ul>\r\n<li><a href=\"https:\/\/tiketi.com\/fr-fr\/companies\/buses\/abood-bus\/\" target=\"_blank\" rel=\"noopener\">R\u00e9servation de bus Abood<\/a><\/li>\r\n<\/ul>\r\n<\/td>\r\n<\/tr>\r\n<tr>\r\n<td>\r\n<ul>\r\n<li><a href=\"https:\/\/tiketi.com\/fr-fr\/companies\/buses\/super-feo-bus\/\" target=\"_blank\" rel=\"noopener\">Super Feo Booking<\/a><\/li>\r\n<\/ul>\r\n<\/td>\r\n<td style=\"width: 30px;\">\u00a0<\/td>\r\n<td>\r\n<ul>\r\n<li><a href=\"https:\/\/tiketi.com\/fr-fr\/companies\/buses\/happy-nation-express\/\" target=\"_blank\" rel=\"noopener\">R\u00e9servation Happy Nation Express<\/a><\/li>\r\n<\/ul>\r\n<\/td>\r\n<td style=\"width: 30px;\">\u00a0<\/td>\r\n<td>\r\n<ul>\r\n<li><a href=\"https:\/\/tiketi.com\/fr-fr\/companies\/buses\/zuberi\/\" target=\"_blank\" rel=\"noopener\">Zuberi Bus Booking<\/a><\/li>\r\n<\/ul>\r\n<\/td>\r\n<\/tr>\r\n<tr>\r\n<td>\r\n<ul>\r\n<li><a href=\"https:\/\/tiketi.com\/fr-fr\/companies\/buses\/bm-luxury-coach\/\" target=\"_blank\" rel=\"noopener\">R\u00e9servation de bus BM<\/a><\/li>\r\n<\/ul>\r\n<\/td>\r\n<td style=\"width: 30px;\">\u00a0<\/td>\r\n<td>\r\n<ul>\r\n<li><a href=\"https:\/\/tiketi.com\/fr-fr\/companies\/buses\/satco-express\/\" target=\"_blank\" rel=\"noopener\">R\u00e9servation de bus Satco<\/a><\/li>\r\n<\/ul>\r\n<\/td>\r\n<td style=\"width: 30px;\">\u00a0<\/td>\r\n<td>\r\n<ul>\r\n<li><a href=\"https:\/\/tiketi.com\/fr-fr\/companies\/buses\/abc-autobus-de-classe-superieur\/\" target=\"_blank\" rel=\"noopener\">R\u00e9servation de bus ABC Upper Class<\/a><\/li>\r\n<\/ul>\r\n<\/td>\r\n<\/tr>\r\n<\/tbody>\r\n<\/table>\r\n<p>&nbsp;<\/p>\r\n<p>&nbsp;<\/p>\r\n<p>&nbsp;<\/p>","protected":false},"excerpt":{"rendered":"<p>Cheap Marangu Coach Online Bus Ticket Booking Discover your travel route on web, mobile or app and book cheap Marangu Coach tickets online now. Marangu Coach online booking made easy. Marangu Coach is a passenger transportation firm which has been in the industry since the late of 2015. Despite of the firm name Marangu Coach, [&hellip;]<\/p>\n","protected":false},"author":1,"featured_media":13999,"parent":25524,"menu_order":0,"comment_status":"closed","ping_status":"closed","template":"template-home-modern.php","meta":{"footnotes":""},"class_list":["post-27724","page","type-page","status-publish","has-post-thumbnail","hentry"],"yoast_head":"<!-- This site is optimized with the Yoast SEO plugin v27.3 - https:\/\/yoast.com\/product\/yoast-seo-wordpress\/ -->\n<title>Marangu Coach Online Booking, Bus Tickets, Routes, Schedule &amp; Fares - Tiketi.com<\/title>\n<meta name=\"description\" content=\"Looking for Marangu Coach online booking, app, bus tickets, routes, fare and schedule? Make cheap Marangu Coach online bus ticket booking now\" \/>\n<meta name=\"robots\" content=\"index, follow, max-snippet:-1, max-image-preview:large, max-video-preview:-1\" \/>\n<link rel=\"canonical\" href=\"https:\/\/tiketi.com\/fr-fr\/companies\/buses\/marangu-coach\/\" \/>\n<meta property=\"og:locale\" content=\"fr_FR\" \/>\n<meta property=\"og:type\" content=\"article\" \/>\n<meta property=\"og:title\" content=\"Marangu Coach Online Booking, Bus Tickets, Routes, Schedule &amp; Fares - Tiketi.com\" \/>\n<meta property=\"og:description\" content=\"Looking for Marangu Coach online booking, app, bus tickets, routes, fare and schedule? Make cheap Marangu Coach online bus ticket booking now\" \/>\n<meta property=\"og:url\" content=\"https:\/\/tiketi.com\/fr-fr\/companies\/buses\/marangu-coach\/\" \/>\n<meta property=\"og:site_name\" content=\"Tiketi.com\" \/>\n<meta property=\"article:publisher\" content=\"https:\/\/www.facebook.com\/TiketiCom\/\" \/>\n<meta property=\"article:modified_time\" content=\"2025-08-03T18:11:14+00:00\" \/>\n<meta property=\"og:image\" content=\"https:\/\/tiketi.com\/wp-content\/uploads\/2022\/01\/bus-ticket-online-booking.jpg\" \/>\n\t<meta property=\"og:image:width\" content=\"1200\" \/>\n\t<meta property=\"og:image:height\" content=\"206\" \/>\n\t<meta property=\"og:image:type\" content=\"image\/jpeg\" \/>\n<meta name=\"twitter:card\" content=\"summary_large_image\" \/>\n<meta name=\"twitter:label1\" content=\"Dur\u00e9e de lecture estim\u00e9e\" \/>\n\t<meta name=\"twitter:data1\" content=\"3 minutes\" \/>\n<script type=\"application\/ld+json\" class=\"yoast-schema-graph\">{\"@context\":\"https:\\\/\\\/schema.org\",\"@graph\":[{\"@type\":\"WebPage\",\"@id\":\"https:\\\/\\\/tiketi.com\\\/companies\\\/buses\\\/marangu-coach\\\/\",\"url\":\"https:\\\/\\\/tiketi.com\\\/companies\\\/buses\\\/marangu-coach\\\/\",\"name\":\"Marangu Coach Online Booking, Bus Tickets, Routes, Schedule & Fares - Tiketi.com\",\"isPartOf\":{\"@id\":\"https:\\\/\\\/tiketi.com\\\/#website\"},\"primaryImageOfPage\":{\"@id\":\"https:\\\/\\\/tiketi.com\\\/companies\\\/buses\\\/marangu-coach\\\/#primaryimage\"},\"image\":{\"@id\":\"https:\\\/\\\/tiketi.com\\\/companies\\\/buses\\\/marangu-coach\\\/#primaryimage\"},\"thumbnailUrl\":\"https:\\\/\\\/tiketi.com\\\/wp-content\\\/uploads\\\/2022\\\/01\\\/bus-ticket-online-booking.jpg\",\"datePublished\":\"2023-04-12T11:07:05+00:00\",\"dateModified\":\"2025-08-03T18:11:14+00:00\",\"description\":\"Looking for Marangu Coach online booking, app, bus tickets, routes, fare and schedule? Make cheap Marangu Coach online bus ticket booking now\",\"breadcrumb\":{\"@id\":\"https:\\\/\\\/tiketi.com\\\/companies\\\/buses\\\/marangu-coach\\\/#breadcrumb\"},\"inLanguage\":\"fr-FR\",\"potentialAction\":[{\"@type\":\"ReadAction\",\"target\":[\"https:\\\/\\\/tiketi.com\\\/companies\\\/buses\\\/marangu-coach\\\/\"]}]},{\"@type\":\"ImageObject\",\"inLanguage\":\"fr-FR\",\"@id\":\"https:\\\/\\\/tiketi.com\\\/companies\\\/buses\\\/marangu-coach\\\/#primaryimage\",\"url\":\"https:\\\/\\\/tiketi.com\\\/wp-content\\\/uploads\\\/2022\\\/01\\\/bus-ticket-online-booking.jpg\",\"contentUrl\":\"https:\\\/\\\/tiketi.com\\\/wp-content\\\/uploads\\\/2022\\\/01\\\/bus-ticket-online-booking.jpg\",\"width\":1200,\"height\":206,\"caption\":\"Online Bus Ticket Booking\"},{\"@type\":\"BreadcrumbList\",\"@id\":\"https:\\\/\\\/tiketi.com\\\/companies\\\/buses\\\/marangu-coach\\\/#breadcrumb\",\"itemListElement\":[{\"@type\":\"ListItem\",\"position\":1,\"name\":\"Home\",\"item\":\"https:\\\/\\\/tiketi.com\\\/\"},{\"@type\":\"ListItem\",\"position\":2,\"name\":\"Companies\",\"item\":\"https:\\\/\\\/tiketi.com\\\/companies\\\/\"},{\"@type\":\"ListItem\",\"position\":3,\"name\":\"Buses\",\"item\":\"https:\\\/\\\/tiketi.com\\\/companies\\\/buses\\\/\"},{\"@type\":\"ListItem\",\"position\":4,\"name\":\"Marangu Coach Online Booking, Bus Tickets, Routes, Schedule &#038; Fares\"}]},{\"@type\":\"WebSite\",\"@id\":\"https:\\\/\\\/tiketi.com\\\/#website\",\"url\":\"https:\\\/\\\/tiketi.com\\\/\",\"name\":\"Flight & Bus Tickets, Tour Packages & Activitites - Tiketi.com\",\"description\":\"Flight &amp; Bus Tickets, Tours, Activitites\",\"publisher\":{\"@id\":\"https:\\\/\\\/tiketi.com\\\/#organization\"},\"potentialAction\":[{\"@type\":\"SearchAction\",\"target\":{\"@type\":\"EntryPoint\",\"urlTemplate\":\"https:\\\/\\\/tiketi.com\\\/?s={search_term_string}\"},\"query-input\":{\"@type\":\"PropertyValueSpecification\",\"valueRequired\":true,\"valueName\":\"search_term_string\"}}],\"inLanguage\":\"fr-FR\"},{\"@type\":\"Organization\",\"@id\":\"https:\\\/\\\/tiketi.com\\\/#organization\",\"name\":\"Tiketi.com\",\"alternateName\":\"Tiketi\",\"url\":\"https:\\\/\\\/tiketi.com\\\/\",\"logo\":{\"@type\":\"ImageObject\",\"inLanguage\":\"fr-FR\",\"@id\":\"https:\\\/\\\/tiketi.com\\\/#\\\/schema\\\/logo\\\/image\\\/\",\"url\":\"https:\\\/\\\/tiketi.com\\\/wp-content\\\/uploads\\\/2019\\\/05\\\/tiketi-logo-696.png\",\"contentUrl\":\"https:\\\/\\\/tiketi.com\\\/wp-content\\\/uploads\\\/2019\\\/05\\\/tiketi-logo-696.png\",\"width\":696,\"height\":696,\"caption\":\"Tiketi.com\"},\"image\":{\"@id\":\"https:\\\/\\\/tiketi.com\\\/#\\\/schema\\\/logo\\\/image\\\/\"},\"sameAs\":[\"https:\\\/\\\/www.facebook.com\\\/TiketiCom\\\/\"]}]}<\/script>\n<!-- \/ Yoast SEO plugin. -->","yoast_head_json":{"title":"Marangu Coach R\u00e9servation en ligne, Billets de bus, Trajets, Horaires &amp; Tarifs - Tiketi.com","description":"Vous recherchez une r\u00e9servation en ligne Marangu Coach, une application, des billets de bus, des itin\u00e9raires, des tarifs et des horaires? R\u00e9servez d\u00e8s maintenant vos billets de bus en ligne Marangu Coach \u00e0 bas prix","robots":{"index":"index","follow":"follow","max-snippet":"max-snippet:-1","max-image-preview":"max-image-preview:large","max-video-preview":"max-video-preview:-1"},"canonical":"https:\/\/tiketi.com\/fr-fr\/companies\/buses\/marangu-coach\/","og_locale":"fr_FR","og_type":"article","og_title":"Marangu Coach Online Booking, Bus Tickets, Routes, Schedule & Fares - Tiketi.com","og_description":"Looking for Marangu Coach online booking, app, bus tickets, routes, fare and schedule? Make cheap Marangu Coach online bus ticket booking now","og_url":"https:\/\/tiketi.com\/fr-fr\/companies\/buses\/marangu-coach\/","og_site_name":"Tiketi.com","article_publisher":"https:\/\/www.facebook.com\/TiketiCom\/","article_modified_time":"2025-08-03T18:11:14+00:00","og_image":[{"width":1200,"height":206,"url":"https:\/\/tiketi.com\/wp-content\/uploads\/2022\/01\/bus-ticket-online-booking.jpg","type":"image\/jpeg"}],"twitter_card":"summary_large_image","twitter_misc":{"Dur\u00e9e de lecture estim\u00e9e":"3 minutes"},"schema":{"@context":"https:\/\/schema.org","@graph":[{"@type":"WebPage","@id":"https:\/\/tiketi.com\/companies\/buses\/marangu-coach\/","url":"https:\/\/tiketi.com\/companies\/buses\/marangu-coach\/","name":"Marangu Coach R\u00e9servation en ligne, Billets de bus, Trajets, Horaires &amp; Tarifs - Tiketi.com","isPartOf":{"@id":"https:\/\/tiketi.com\/#website"},"primaryImageOfPage":{"@id":"https:\/\/tiketi.com\/companies\/buses\/marangu-coach\/#primaryimage"},"image":{"@id":"https:\/\/tiketi.com\/companies\/buses\/marangu-coach\/#primaryimage"},"thumbnailUrl":"https:\/\/tiketi.com\/wp-content\/uploads\/2022\/01\/bus-ticket-online-booking.jpg","datePublished":"2023-04-12T11:07:05+00:00","dateModified":"2025-08-03T18:11:14+00:00","description":"Vous recherchez une r\u00e9servation en ligne Marangu Coach, une application, des billets de bus, des itin\u00e9raires, des tarifs et des horaires? R\u00e9servez d\u00e8s maintenant vos billets de bus en ligne Marangu Coach \u00e0 bas prix","breadcrumb":{"@id":"https:\/\/tiketi.com\/companies\/buses\/marangu-coach\/#breadcrumb"},"inLanguage":"fr-FR","potentialAction":[{"@type":"ReadAction","target":["https:\/\/tiketi.com\/companies\/buses\/marangu-coach\/"]}]},{"@type":"ImageObject","inLanguage":"fr-FR","@id":"https:\/\/tiketi.com\/companies\/buses\/marangu-coach\/#primaryimage","url":"https:\/\/tiketi.com\/wp-content\/uploads\/2022\/01\/bus-ticket-online-booking.jpg","contentUrl":"https:\/\/tiketi.com\/wp-content\/uploads\/2022\/01\/bus-ticket-online-booking.jpg","width":1200,"height":206,"caption":"Online Bus Ticket Booking"},{"@type":"BreadcrumbList","@id":"https:\/\/tiketi.com\/companies\/buses\/marangu-coach\/#breadcrumb","itemListElement":[{"@type":"ListItem","position":1,"name":"Home","item":"https:\/\/tiketi.com\/"},{"@type":"ListItem","position":2,"name":"Companies","item":"https:\/\/tiketi.com\/companies\/"},{"@type":"ListItem","position":3,"name":"Buses","item":"https:\/\/tiketi.com\/companies\/buses\/"},{"@type":"ListItem","position":4,"name":"Marangu Coach Online Booking, Bus Tickets, Routes, Schedule &#038; Fares"}]},{"@type":"WebSite","@id":"https:\/\/tiketi.com\/#website","url":"https:\/\/tiketi.com\/","name":"Billets d&#039;avion et de bus, forfaits touristiques et activit\u00e9s - Tiketi.com","description":"Billets d&#039;avion et de bus, Tours, Activit\u00e9s","publisher":{"@id":"https:\/\/tiketi.com\/#organization"},"potentialAction":[{"@type":"SearchAction","target":{"@type":"EntryPoint","urlTemplate":"https:\/\/tiketi.com\/?s={search_term_string}"},"query-input":{"@type":"PropertyValueSpecification","valueRequired":true,"valueName":"search_term_string"}}],"inLanguage":"fr-FR"},{"@type":"Organization","@id":"https:\/\/tiketi.com\/#organization","name":"Tiketi.com","alternateName":"Tiketi","url":"https:\/\/tiketi.com\/","logo":{"@type":"ImageObject","inLanguage":"fr-FR","@id":"https:\/\/tiketi.com\/#\/schema\/logo\/image\/","url":"https:\/\/tiketi.com\/wp-content\/uploads\/2019\/05\/tiketi-logo-696.png","contentUrl":"https:\/\/tiketi.com\/wp-content\/uploads\/2019\/05\/tiketi-logo-696.png","width":696,"height":696,"caption":"Tiketi.com"},"image":{"@id":"https:\/\/tiketi.com\/#\/schema\/logo\/image\/"},"sameAs":["https:\/\/www.facebook.com\/TiketiCom\/"]}]}},"_links":{"self":[{"href":"https:\/\/tiketi.com\/fr-fr\/wp-json\/wp\/v2\/pages\/27724","targetHints":{"allow":["GET"]}}],"collection":[{"href":"https:\/\/tiketi.com\/fr-fr\/wp-json\/wp\/v2\/pages"}],"about":[{"href":"https:\/\/tiketi.com\/fr-fr\/wp-json\/wp\/v2\/types\/page"}],"author":[{"embeddable":true,"href":"https:\/\/tiketi.com\/fr-fr\/wp-json\/wp\/v2\/users\/1"}],"replies":[{"embeddable":true,"href":"https:\/\/tiketi.com\/fr-fr\/wp-json\/wp\/v2\/comments?post=27724"}],"version-history":[{"count":1,"href":"https:\/\/tiketi.com\/fr-fr\/wp-json\/wp\/v2\/pages\/27724\/revisions"}],"predecessor-version":[{"id":32332,"href":"https:\/\/tiketi.com\/fr-fr\/wp-json\/wp\/v2\/pages\/27724\/revisions\/32332"}],"up":[{"embeddable":true,"href":"https:\/\/tiketi.com\/fr-fr\/wp-json\/wp\/v2\/pages\/25524"}],"wp:featuredmedia":[{"embeddable":true,"href":"https:\/\/tiketi.com\/fr-fr\/wp-json\/wp\/v2\/media\/13999"}],"wp:attachment":[{"href":"https:\/\/tiketi.com\/fr-fr\/wp-json\/wp\/v2\/media?parent=27724"}],"curies":[{"name":"wp","href":"https:\/\/api.w.org\/{rel}","templated":true}]}}