{"id":27725,"date":"2023-04-12T12:15:13","date_gmt":"2023-04-12T11:15:13","guid":{"rendered":"https:\/\/tiketi.com\/?page_id=27725"},"modified":"2023-04-12T12:16:22","modified_gmt":"2023-04-12T11:16:22","slug":"tilisho-safari-bus","status":"publish","type":"page","link":"https:\/\/tiketi.com\/fr-fr\/companies\/buses\/tilisho-safari-bus\/","title":{"rendered":"Tilisho Safari R\u00e9servation en ligne, billets de bus, itin\u00e9raires, horaires et tarifs"},"content":{"rendered":"<h2 class=\"wp-block-heading\">R\u00e9servation de billets de bus en ligne pas cher Tilisho Coach<\/h2>\n\n\n\n<h3 class=\"wp-block-heading\">D\u00e9couvrez votre itin\u00e9raire de voyage sur le web, le mobile ou l&#039;application et r\u00e9servez d\u00e8s maintenant en ligne des billets de bus Tilisho pas chers.<\/h3>\n\n\n\n<p>La r\u00e9servation en ligne de Tilisho Safari en toute simplicit\u00e9. Tilisho Safari est une compagnie de bus interurbain assurant un transfert quotidien de la r\u00e9gion du Kilimandjaro \u00e0 la ville de Dar es Salaam ainsi qu&#039;\u00e0 la ville d&#039;Arusha. Ils sont dans l&#039;industrie du transport depuis plus de vingt ans et ont commenc\u00e9 comme un petit service de bus intra-urbain op\u00e9rant uniquement dans la r\u00e9gion du Kilimandjaro. La r\u00e9servation de billets de bus en ligne Tilisho Coach est s\u00e9curis\u00e9e et vous permet d&#039;\u00e9conomiser du temps et de l&#039;argent.<\/p>\n\n\n\n<h2 class=\"wp-block-heading\">Tilisho Safari R\u00e9servation en ligne, billets de bus, itin\u00e9raires, tarifs et horaires FAQ<\/h2>\n\n\n\n<h3 class=\"wp-block-heading\">Quelles sont les c\u00e9l\u00e8bres lignes de bus Tilisho couvertes en Tanzanie ?<\/h3>\n\n\n\n<p>\u2022 Arusha \u00e0 Rombo via Moshi<br>\u2022 Karatu \u00e0 Rombo via Moshi<br>\u2022 Dar es Salaam \u00e0 Rombo via Bagamoyo<br>\u2022 Dar es Salaam Vers Tarakea via Chalinze<\/p>\n\n\n\n<p><h3>Ligne de flotte de safari Tilisho<\/h3><\/p>\n\n\n\n<p>Ils poss\u00e8dent une flotte luxueuse et moderne qui parcourt les longues distances de Rombo et Tarakea vers d&#039;autres villes commerciales de Tanzanie. Ils ont d&#039;autres bus nationaux pour les services intra-r\u00e9gionaux, mais la plupart de leurs bus sont de la meilleure qualit\u00e9.<\/p>\n\n\n\n<p><h3>Ligne de service de safari Tilisho<\/h3><\/p>\n\n\n\n<p>Ils fournissent des services de bus interurbains quotidiens de Tarakea et Rombo \u00e0 d&#039;autres grandes villes d&#039;affaires en Tanzanie de Moshi, Dar es Salaam et Arusha. Ils ont une visite bien programm\u00e9e pour leur bus interurbain avec un d\u00e9part le matin dans les villes et les villages.<\/p>\n\n\n\n<p><p>Les passagers peuvent faire la r\u00e9servation de leurs billets aux bureaux de bus plac\u00e9s dans tous les endroits ou au terminal pendant la journ\u00e9e du voyage. Les billets sont \u00e9galement accessibles via leurs agents de r\u00e9servation, en les appelant via ces num\u00e9ros de contact ou en r\u00e9servant des billets de bus en ligne pour les autocars Tilisho. Les bus Tilisho transportent \u00e9galement des colis vers toutes leurs places de bus avec des prix \u00e9quitables en fonction des types, de la nature et de la taille de vos colis.<\/p>\n<h3>Quels sont les coordonn\u00e9es et le nombre de bus Tilisho\u00a0?<\/h3>\n<p>Gare routi\u00e8re Ubungo Dar es Salaam.<\/p><\/p>\n\n\n\n<h2 class=\"wp-block-heading\">Tilisho Coach R\u00e9servation de billets de bus en ligne Conseils Moshi<\/h2>\n\n\n\n<p>Les bus Tilisho ont maintenant grandi et \u00e9tendu leurs services \u00e0 d&#039;autres villes commerciales gr\u00e2ce aux \u00e9normes innovations dans le nombre et les types de flotte qu&#039;ils g\u00e8rent. Ils ont la meilleure r\u00e9putation aupr\u00e8s de leurs clients sur leurs itin\u00e9raires interurbains en fonction des meilleurs services qu&#039;ils offrent \u00e0 leurs passagers et clients.<\/p>","protected":false},"excerpt":{"rendered":"<p>Cheap Tilisho Coach Online Bus Ticket Booking Discover your travel route on web, mobile or app and book cheap Tilisho bus tickets online now. Tilisho Safari online booking made easy. Tilisho Safari is an intercity bus firm providing daily transfer from Kilimanjaro area to Dar es Salaam city as well as Arusha city. They are [&hellip;]<\/p>\n","protected":false},"author":1,"featured_media":13999,"parent":25524,"menu_order":0,"comment_status":"closed","ping_status":"closed","template":"template-home-modern.php","meta":{"footnotes":""},"class_list":["post-27725","page","type-page","status-publish","has-post-thumbnail","hentry"],"yoast_head":"<!-- This site is optimized with the Yoast SEO plugin v27.5 - https:\/\/yoast.com\/product\/yoast-seo-wordpress\/ -->\n<title>Tilisho Safari Online Booking, Bus Tickets, Routes, Schedule &amp; Fares - Tiketi.com<\/title>\n<meta name=\"description\" content=\"Looking for Tilisho Safari online booking, app, bus tickets, routes, fares and schedule? Make cheap Tilisho coach online bus ticket booking\" \/>\n<meta name=\"robots\" content=\"index, follow, max-snippet:-1, max-image-preview:large, max-video-preview:-1\" \/>\n<link rel=\"canonical\" href=\"https:\/\/tiketi.com\/fr-fr\/companies\/buses\/tilisho-safari-bus\/\" \/>\n<meta property=\"og:locale\" content=\"fr_FR\" \/>\n<meta property=\"og:type\" content=\"article\" \/>\n<meta property=\"og:title\" content=\"Tilisho Safari Online Booking, Bus Tickets, Routes, Schedule &amp; Fares - Tiketi.com\" \/>\n<meta property=\"og:description\" content=\"Looking for Tilisho Safari online booking, app, bus tickets, routes, fares and schedule? Make cheap Tilisho coach online bus ticket booking\" \/>\n<meta property=\"og:url\" content=\"https:\/\/tiketi.com\/fr-fr\/companies\/buses\/tilisho-safari-bus\/\" \/>\n<meta property=\"og:site_name\" content=\"Tiketi.com\" \/>\n<meta property=\"article:publisher\" content=\"https:\/\/www.facebook.com\/TiketiCom\/\" \/>\n<meta property=\"article:modified_time\" content=\"2023-04-12T11:16:22+00:00\" \/>\n<meta property=\"og:image\" content=\"https:\/\/tiketi.com\/wp-content\/uploads\/2022\/01\/bus-ticket-online-booking.jpg\" \/>\n\t<meta property=\"og:image:width\" content=\"1200\" \/>\n\t<meta property=\"og:image:height\" content=\"206\" \/>\n\t<meta property=\"og:image:type\" content=\"image\/jpeg\" \/>\n<meta name=\"twitter:card\" content=\"summary_large_image\" \/>\n<meta name=\"twitter:label1\" content=\"Dur\u00e9e de lecture estim\u00e9e\" \/>\n\t<meta name=\"twitter:data1\" content=\"2 minutes\" \/>\n<script type=\"application\/ld+json\" class=\"yoast-schema-graph\">{\"@context\":\"https:\\\/\\\/schema.org\",\"@graph\":[{\"@type\":\"WebPage\",\"@id\":\"https:\\\/\\\/tiketi.com\\\/companies\\\/buses\\\/tilisho-safari-bus\\\/\",\"url\":\"https:\\\/\\\/tiketi.com\\\/companies\\\/buses\\\/tilisho-safari-bus\\\/\",\"name\":\"Tilisho Safari Online Booking, Bus Tickets, Routes, Schedule & Fares - Tiketi.com\",\"isPartOf\":{\"@id\":\"https:\\\/\\\/tiketi.com\\\/#website\"},\"primaryImageOfPage\":{\"@id\":\"https:\\\/\\\/tiketi.com\\\/companies\\\/buses\\\/tilisho-safari-bus\\\/#primaryimage\"},\"image\":{\"@id\":\"https:\\\/\\\/tiketi.com\\\/companies\\\/buses\\\/tilisho-safari-bus\\\/#primaryimage\"},\"thumbnailUrl\":\"https:\\\/\\\/tiketi.com\\\/wp-content\\\/uploads\\\/2022\\\/01\\\/bus-ticket-online-booking.jpg\",\"datePublished\":\"2023-04-12T11:15:13+00:00\",\"dateModified\":\"2023-04-12T11:16:22+00:00\",\"description\":\"Looking for Tilisho Safari online booking, app, bus tickets, routes, fares and schedule? Make cheap Tilisho coach online bus ticket booking\",\"breadcrumb\":{\"@id\":\"https:\\\/\\\/tiketi.com\\\/companies\\\/buses\\\/tilisho-safari-bus\\\/#breadcrumb\"},\"inLanguage\":\"fr-FR\",\"potentialAction\":[{\"@type\":\"ReadAction\",\"target\":[\"https:\\\/\\\/tiketi.com\\\/companies\\\/buses\\\/tilisho-safari-bus\\\/\"]}]},{\"@type\":\"ImageObject\",\"inLanguage\":\"fr-FR\",\"@id\":\"https:\\\/\\\/tiketi.com\\\/companies\\\/buses\\\/tilisho-safari-bus\\\/#primaryimage\",\"url\":\"https:\\\/\\\/tiketi.com\\\/wp-content\\\/uploads\\\/2022\\\/01\\\/bus-ticket-online-booking.jpg\",\"contentUrl\":\"https:\\\/\\\/tiketi.com\\\/wp-content\\\/uploads\\\/2022\\\/01\\\/bus-ticket-online-booking.jpg\",\"width\":1200,\"height\":206,\"caption\":\"Online Bus Ticket Booking\"},{\"@type\":\"BreadcrumbList\",\"@id\":\"https:\\\/\\\/tiketi.com\\\/companies\\\/buses\\\/tilisho-safari-bus\\\/#breadcrumb\",\"itemListElement\":[{\"@type\":\"ListItem\",\"position\":1,\"name\":\"Home\",\"item\":\"https:\\\/\\\/tiketi.com\\\/\"},{\"@type\":\"ListItem\",\"position\":2,\"name\":\"Companies\",\"item\":\"https:\\\/\\\/tiketi.com\\\/companies\\\/\"},{\"@type\":\"ListItem\",\"position\":3,\"name\":\"Buses\",\"item\":\"https:\\\/\\\/tiketi.com\\\/companies\\\/buses\\\/\"},{\"@type\":\"ListItem\",\"position\":4,\"name\":\"Tilisho Safari Online Booking, Bus Tickets, Routes, Schedule &#038; Fares\"}]},{\"@type\":\"WebSite\",\"@id\":\"https:\\\/\\\/tiketi.com\\\/#website\",\"url\":\"https:\\\/\\\/tiketi.com\\\/\",\"name\":\"Flight & Bus Tickets, Tour Packages & Activitites - Tiketi.com\",\"description\":\"Flight &amp; Bus Tickets, Tours, Activitites\",\"publisher\":{\"@id\":\"https:\\\/\\\/tiketi.com\\\/#organization\"},\"potentialAction\":[{\"@type\":\"SearchAction\",\"target\":{\"@type\":\"EntryPoint\",\"urlTemplate\":\"https:\\\/\\\/tiketi.com\\\/?s={search_term_string}\"},\"query-input\":{\"@type\":\"PropertyValueSpecification\",\"valueRequired\":true,\"valueName\":\"search_term_string\"}}],\"inLanguage\":\"fr-FR\"},{\"@type\":\"Organization\",\"@id\":\"https:\\\/\\\/tiketi.com\\\/#organization\",\"name\":\"Tiketi.com\",\"alternateName\":\"Tiketi\",\"url\":\"https:\\\/\\\/tiketi.com\\\/\",\"logo\":{\"@type\":\"ImageObject\",\"inLanguage\":\"fr-FR\",\"@id\":\"https:\\\/\\\/tiketi.com\\\/#\\\/schema\\\/logo\\\/image\\\/\",\"url\":\"https:\\\/\\\/tiketi.com\\\/wp-content\\\/uploads\\\/2019\\\/05\\\/tiketi-logo-696.png\",\"contentUrl\":\"https:\\\/\\\/tiketi.com\\\/wp-content\\\/uploads\\\/2019\\\/05\\\/tiketi-logo-696.png\",\"width\":696,\"height\":696,\"caption\":\"Tiketi.com\"},\"image\":{\"@id\":\"https:\\\/\\\/tiketi.com\\\/#\\\/schema\\\/logo\\\/image\\\/\"},\"sameAs\":[\"https:\\\/\\\/www.facebook.com\\\/TiketiCom\\\/\"]}]}<\/script>\n<!-- \/ Yoast SEO plugin. -->","yoast_head_json":{"title":"Tilisho Safari R\u00e9servation en ligne, Billets de bus, Itin\u00e9raires, Horaires &amp; Tarifs - Tiketi.com","description":"Vous recherchez une r\u00e9servation en ligne Tilisho Safari, une application, des billets de bus, des itin\u00e9raires, des tarifs et des horaires? R\u00e9servez vos billets de bus pas chers en ligne pour l&#039;autocar Tilisho","robots":{"index":"index","follow":"follow","max-snippet":"max-snippet:-1","max-image-preview":"max-image-preview:large","max-video-preview":"max-video-preview:-1"},"canonical":"https:\/\/tiketi.com\/fr-fr\/companies\/buses\/tilisho-safari-bus\/","og_locale":"fr_FR","og_type":"article","og_title":"Tilisho Safari Online Booking, Bus Tickets, Routes, Schedule & Fares - Tiketi.com","og_description":"Looking for Tilisho Safari online booking, app, bus tickets, routes, fares and schedule? Make cheap Tilisho coach online bus ticket booking","og_url":"https:\/\/tiketi.com\/fr-fr\/companies\/buses\/tilisho-safari-bus\/","og_site_name":"Tiketi.com","article_publisher":"https:\/\/www.facebook.com\/TiketiCom\/","article_modified_time":"2023-04-12T11:16:22+00:00","og_image":[{"width":1200,"height":206,"url":"https:\/\/tiketi.com\/wp-content\/uploads\/2022\/01\/bus-ticket-online-booking.jpg","type":"image\/jpeg"}],"twitter_card":"summary_large_image","twitter_misc":{"Dur\u00e9e de lecture estim\u00e9e":"2 minutes"},"schema":{"@context":"https:\/\/schema.org","@graph":[{"@type":"WebPage","@id":"https:\/\/tiketi.com\/companies\/buses\/tilisho-safari-bus\/","url":"https:\/\/tiketi.com\/companies\/buses\/tilisho-safari-bus\/","name":"Tilisho Safari R\u00e9servation en ligne, Billets de bus, Itin\u00e9raires, Horaires &amp; Tarifs - Tiketi.com","isPartOf":{"@id":"https:\/\/tiketi.com\/#website"},"primaryImageOfPage":{"@id":"https:\/\/tiketi.com\/companies\/buses\/tilisho-safari-bus\/#primaryimage"},"image":{"@id":"https:\/\/tiketi.com\/companies\/buses\/tilisho-safari-bus\/#primaryimage"},"thumbnailUrl":"https:\/\/tiketi.com\/wp-content\/uploads\/2022\/01\/bus-ticket-online-booking.jpg","datePublished":"2023-04-12T11:15:13+00:00","dateModified":"2023-04-12T11:16:22+00:00","description":"Vous recherchez une r\u00e9servation en ligne Tilisho Safari, une application, des billets de bus, des itin\u00e9raires, des tarifs et des horaires? R\u00e9servez vos billets de bus pas chers en ligne pour l&#039;autocar Tilisho","breadcrumb":{"@id":"https:\/\/tiketi.com\/companies\/buses\/tilisho-safari-bus\/#breadcrumb"},"inLanguage":"fr-FR","potentialAction":[{"@type":"ReadAction","target":["https:\/\/tiketi.com\/companies\/buses\/tilisho-safari-bus\/"]}]},{"@type":"ImageObject","inLanguage":"fr-FR","@id":"https:\/\/tiketi.com\/companies\/buses\/tilisho-safari-bus\/#primaryimage","url":"https:\/\/tiketi.com\/wp-content\/uploads\/2022\/01\/bus-ticket-online-booking.jpg","contentUrl":"https:\/\/tiketi.com\/wp-content\/uploads\/2022\/01\/bus-ticket-online-booking.jpg","width":1200,"height":206,"caption":"Online Bus Ticket Booking"},{"@type":"BreadcrumbList","@id":"https:\/\/tiketi.com\/companies\/buses\/tilisho-safari-bus\/#breadcrumb","itemListElement":[{"@type":"ListItem","position":1,"name":"Home","item":"https:\/\/tiketi.com\/"},{"@type":"ListItem","position":2,"name":"Companies","item":"https:\/\/tiketi.com\/companies\/"},{"@type":"ListItem","position":3,"name":"Buses","item":"https:\/\/tiketi.com\/companies\/buses\/"},{"@type":"ListItem","position":4,"name":"Tilisho Safari Online Booking, Bus Tickets, Routes, Schedule &#038; Fares"}]},{"@type":"WebSite","@id":"https:\/\/tiketi.com\/#website","url":"https:\/\/tiketi.com\/","name":"Billets d&#039;avion et de bus, forfaits touristiques et activit\u00e9s - Tiketi.com","description":"Billets d&#039;avion et de bus, Tours, Activit\u00e9s","publisher":{"@id":"https:\/\/tiketi.com\/#organization"},"potentialAction":[{"@type":"SearchAction","target":{"@type":"EntryPoint","urlTemplate":"https:\/\/tiketi.com\/?s={search_term_string}"},"query-input":{"@type":"PropertyValueSpecification","valueRequired":true,"valueName":"search_term_string"}}],"inLanguage":"fr-FR"},{"@type":"Organization","@id":"https:\/\/tiketi.com\/#organization","name":"Tiketi.com","alternateName":"Tiketi","url":"https:\/\/tiketi.com\/","logo":{"@type":"ImageObject","inLanguage":"fr-FR","@id":"https:\/\/tiketi.com\/#\/schema\/logo\/image\/","url":"https:\/\/tiketi.com\/wp-content\/uploads\/2019\/05\/tiketi-logo-696.png","contentUrl":"https:\/\/tiketi.com\/wp-content\/uploads\/2019\/05\/tiketi-logo-696.png","width":696,"height":696,"caption":"Tiketi.com"},"image":{"@id":"https:\/\/tiketi.com\/#\/schema\/logo\/image\/"},"sameAs":["https:\/\/www.facebook.com\/TiketiCom\/"]}]}},"_links":{"self":[{"href":"https:\/\/tiketi.com\/fr-fr\/wp-json\/wp\/v2\/pages\/27725","targetHints":{"allow":["GET"]}}],"collection":[{"href":"https:\/\/tiketi.com\/fr-fr\/wp-json\/wp\/v2\/pages"}],"about":[{"href":"https:\/\/tiketi.com\/fr-fr\/wp-json\/wp\/v2\/types\/page"}],"author":[{"embeddable":true,"href":"https:\/\/tiketi.com\/fr-fr\/wp-json\/wp\/v2\/users\/1"}],"replies":[{"embeddable":true,"href":"https:\/\/tiketi.com\/fr-fr\/wp-json\/wp\/v2\/comments?post=27725"}],"version-history":[{"count":0,"href":"https:\/\/tiketi.com\/fr-fr\/wp-json\/wp\/v2\/pages\/27725\/revisions"}],"up":[{"embeddable":true,"href":"https:\/\/tiketi.com\/fr-fr\/wp-json\/wp\/v2\/pages\/25524"}],"wp:featuredmedia":[{"embeddable":true,"href":"https:\/\/tiketi.com\/fr-fr\/wp-json\/wp\/v2\/media\/13999"}],"wp:attachment":[{"href":"https:\/\/tiketi.com\/fr-fr\/wp-json\/wp\/v2\/media?parent=27725"}],"curies":[{"name":"wp","href":"https:\/\/api.w.org\/{rel}","templated":true}]}}