{"id":27726,"date":"2023-04-12T12:22:50","date_gmt":"2023-04-12T11:22:50","guid":{"rendered":"https:\/\/tiketi.com\/?page_id=27726"},"modified":"2023-04-12T12:22:50","modified_gmt":"2023-04-12T11:22:50","slug":"selous-express-bus","status":"publish","type":"page","link":"https:\/\/tiketi.com\/fr-fr\/companies\/buses\/selous-express-bus\/","title":{"rendered":"R\u00e9servation en ligne Selous Express, billets de bus, itin\u00e9raires, horaires et tarifs"},"content":{"rendered":"<h2 class=\"wp-block-heading\">R\u00e9servation de billets de bus pas chers en ligne Selous Express<\/h2>\r\n\r\n\r\n\r\n<h3 class=\"wp-block-heading\">D\u00e9couvrez votre itin\u00e9raire de voyage sur le web, le mobile ou l&#039;application et r\u00e9servez des billets Selous Express pas chers en ligne d\u00e8s maintenant.<\/h3>\r\n\r\n\r\n\r\n<p>R\u00e9servation en ligne Selous Express simplifi\u00e9e. Selous Express est une soci\u00e9t\u00e9 jumelle de transport de passagers de la soci\u00e9t\u00e9 Super Feo Express dont le si\u00e8ge social est situ\u00e9 dans la ville de Songea, dans la r\u00e9gion de Ruvuma, en Tanzanie. La r\u00e9servation de billets de bus en ligne Selous Express est s\u00e9curis\u00e9e et vous fait gagner du temps et de l&#039;argent.<\/p>\r\n\r\n\r\n\r\n<h2 class=\"wp-block-heading\">FAQ sur la r\u00e9servation en ligne de Selous Express, les billets de bus, les itin\u00e9raires, les tarifs et les horaires<\/h2>\r\n\r\n\r\n\r\n<h3 class=\"wp-block-heading\">Quelles sont les c\u00e9l\u00e8bres lignes de bus Selous Express couvertes en Tanzanie ?<\/h3>\r\n\r\n\r\n\r\n<p>Songea \u00e0 Mbeya<br \/>Songea \u00e0 Dodoma via Iringa<br \/>Songea \u00e0 Dar es Salaam via Lindi<br \/>Songea \u00e0 Tunduma<\/p>\r\n<h3>Ligne de la flotte de bus Selous Express<\/h3>\r\n<p>L&#039;entreprise poss\u00e8de et g\u00e8re une flotte de luxe et moderne \u00e0 partir d&#039;une large gamme de fabricants comme Zhongtong, Yutong et Scania avec leurs nouvelles carrosseries Marcopolo G7.<\/p>\r\n<p>Leurs bus sont soign\u00e9s et propres avec des caract\u00e9ristiques int\u00e9rieures et des vues personnalis\u00e9es. Ces bus sont con\u00e7us pour offrir au visiteur un voyage relaxant tout au long du trajet jusqu&#039;\u00e0 chez lui.<\/p>\r\n<h3>Ligne de la flotte de bus Selous Express<\/h3>\r\n<p>L&#039;entreprise poss\u00e8de et g\u00e8re une flotte moderne et luxueuse d&#039;une gamme de fabricants comme Zhongtong, Yutong et Scania avec leurs nouvelles carrosseries Marcopolo G7.<\/p>\r\n<p>Leurs bus sont soign\u00e9s et propres avec des caract\u00e9ristiques int\u00e9rieures et une vue personnalis\u00e9es, ces bus sont con\u00e7us pour offrir au visiteur un voyage relaxant tout au long du trajet jusqu&#039;\u00e0 chez lui.<\/p>\r\n<h3>Ligne de service de bus express du Selous<\/h3>\r\n<p>La soci\u00e9t\u00e9 propose un transport public r\u00e9gulier de passagers de la ville de Songea vers d&#039;autres r\u00e9gions de Tanzanie, principalement Dar es Salaam via la r\u00e9gion de Lindi.<\/p>\r\n<p>Ils ont des d\u00e9parts quotidiens le matin dans toutes les gares routi\u00e8res o\u00f9 un passager a la possibilit\u00e9 de faire une r\u00e9servation au terminal ou de faire une r\u00e9servation de billet de bus en ligne Selous Express ou en appelant leurs bureaux.<\/p>\r\n<p>Outre le transport de passagers, le bus express de Selous achemine \u00e9galement des colis au meilleur prix vers tous les endroits o\u00f9 leurs bus se rendaient.<\/p>\r\n<h3>Quels sont les coordonn\u00e9es et le nombre de bus Selous Express ?<\/h3>\r\n\r\n\r\n\r\n<p>Bo\u00eete postale 301, Ruvuma<br \/>T\u00e9l\u00e9phone : 0754 468 422<\/p>\r\n\r\n\r\n\r\n<h2 class=\"wp-block-heading\">R\u00e9servation de billets de bus en ligne Selous Express Dodoma, Mbeya<\/h2>\r\n\r\n\r\n\r\n<p>L&#039;entreprise a \u00e9t\u00e9 cr\u00e9\u00e9e il y a quelques ann\u00e9es pour faire face aux d\u00e9fis commerciaux des rivaux de bus Super Feo sur les routes Songea \u00e0 Dar es Salaam.<\/p>\r\n<p>C&#039;est l&#039;une des meilleures entreprises \u00e0 se produire dans l&#039;industrie du transport de passagers suite \u00e0 leurs bons et modernes services \u00e0 leurs clients.<\/p>","protected":false},"excerpt":{"rendered":"<p>Cheap Selous Express Online Bus Ticket Booking Discover your travel route on web, mobile or app and book cheap Selous Express tickets online now. Selous Express online booking made easy. Selous Express is a passenger transportation twin firm of Super Feo Express firm with head quarter at Songea town in Ruvuma area, Tanzania. Selous Express [&hellip;]<\/p>\n","protected":false},"author":1,"featured_media":13999,"parent":25524,"menu_order":0,"comment_status":"closed","ping_status":"closed","template":"template-home-modern.php","meta":{"footnotes":""},"class_list":["post-27726","page","type-page","status-publish","has-post-thumbnail","hentry"],"yoast_head":"<!-- This site is optimized with the Yoast SEO plugin v27.3 - https:\/\/yoast.com\/product\/yoast-seo-wordpress\/ -->\n<title>Selous Express Online Booking, Bus Tickets, Routes, Schedule &amp; Fares - Tiketi.com<\/title>\n<meta name=\"description\" content=\"Looking for Selous Express online booking, app, bus tickets, routes, fares and schedule? Make cheap Selous Express online bus ticket booking\" \/>\n<meta name=\"robots\" content=\"index, follow, max-snippet:-1, max-image-preview:large, max-video-preview:-1\" \/>\n<link rel=\"canonical\" href=\"https:\/\/tiketi.com\/fr-fr\/companies\/buses\/selous-express-bus\/\" \/>\n<meta property=\"og:locale\" content=\"fr_FR\" \/>\n<meta property=\"og:type\" content=\"article\" \/>\n<meta property=\"og:title\" content=\"Selous Express Online Booking, Bus Tickets, Routes, Schedule &amp; Fares - Tiketi.com\" \/>\n<meta property=\"og:description\" content=\"Looking for Selous Express online booking, app, bus tickets, routes, fares and schedule? Make cheap Selous Express online bus ticket booking\" \/>\n<meta property=\"og:url\" content=\"https:\/\/tiketi.com\/fr-fr\/companies\/buses\/selous-express-bus\/\" \/>\n<meta property=\"og:site_name\" content=\"Tiketi.com\" \/>\n<meta property=\"article:publisher\" content=\"https:\/\/www.facebook.com\/TiketiCom\/\" \/>\n<meta property=\"og:image\" content=\"https:\/\/tiketi.com\/wp-content\/uploads\/2022\/01\/bus-ticket-online-booking.jpg\" \/>\n\t<meta property=\"og:image:width\" content=\"1200\" \/>\n\t<meta property=\"og:image:height\" content=\"206\" \/>\n\t<meta property=\"og:image:type\" content=\"image\/jpeg\" \/>\n<meta name=\"twitter:card\" content=\"summary_large_image\" \/>\n<meta name=\"twitter:label1\" content=\"Dur\u00e9e de lecture estim\u00e9e\" \/>\n\t<meta name=\"twitter:data1\" content=\"2 minutes\" \/>\n<script type=\"application\/ld+json\" class=\"yoast-schema-graph\">{\"@context\":\"https:\\\/\\\/schema.org\",\"@graph\":[{\"@type\":\"WebPage\",\"@id\":\"https:\\\/\\\/tiketi.com\\\/companies\\\/buses\\\/selous-express-bus\\\/\",\"url\":\"https:\\\/\\\/tiketi.com\\\/companies\\\/buses\\\/selous-express-bus\\\/\",\"name\":\"Selous Express Online Booking, Bus Tickets, Routes, Schedule &amp; Fares - Tiketi.com\",\"isPartOf\":{\"@id\":\"https:\\\/\\\/tiketi.com\\\/#website\"},\"primaryImageOfPage\":{\"@id\":\"https:\\\/\\\/tiketi.com\\\/companies\\\/buses\\\/selous-express-bus\\\/#primaryimage\"},\"image\":{\"@id\":\"https:\\\/\\\/tiketi.com\\\/companies\\\/buses\\\/selous-express-bus\\\/#primaryimage\"},\"thumbnailUrl\":\"https:\\\/\\\/tiketi.com\\\/wp-content\\\/uploads\\\/2022\\\/01\\\/bus-ticket-online-booking.jpg\",\"datePublished\":\"2023-04-12T11:22:50+00:00\",\"description\":\"Looking for Selous Express online booking, app, bus tickets, routes, fares and schedule? Make cheap Selous Express online bus ticket booking\",\"breadcrumb\":{\"@id\":\"https:\\\/\\\/tiketi.com\\\/companies\\\/buses\\\/selous-express-bus\\\/#breadcrumb\"},\"inLanguage\":\"fr-FR\",\"potentialAction\":[{\"@type\":\"ReadAction\",\"target\":[\"https:\\\/\\\/tiketi.com\\\/companies\\\/buses\\\/selous-express-bus\\\/\"]}]},{\"@type\":\"ImageObject\",\"inLanguage\":\"fr-FR\",\"@id\":\"https:\\\/\\\/tiketi.com\\\/companies\\\/buses\\\/selous-express-bus\\\/#primaryimage\",\"url\":\"https:\\\/\\\/tiketi.com\\\/wp-content\\\/uploads\\\/2022\\\/01\\\/bus-ticket-online-booking.jpg\",\"contentUrl\":\"https:\\\/\\\/tiketi.com\\\/wp-content\\\/uploads\\\/2022\\\/01\\\/bus-ticket-online-booking.jpg\",\"width\":1200,\"height\":206,\"caption\":\"Online Bus Ticket Booking\"},{\"@type\":\"BreadcrumbList\",\"@id\":\"https:\\\/\\\/tiketi.com\\\/companies\\\/buses\\\/selous-express-bus\\\/#breadcrumb\",\"itemListElement\":[{\"@type\":\"ListItem\",\"position\":1,\"name\":\"Home\",\"item\":\"https:\\\/\\\/tiketi.com\\\/\"},{\"@type\":\"ListItem\",\"position\":2,\"name\":\"Companies\",\"item\":\"https:\\\/\\\/tiketi.com\\\/companies\\\/\"},{\"@type\":\"ListItem\",\"position\":3,\"name\":\"Buses\",\"item\":\"https:\\\/\\\/tiketi.com\\\/companies\\\/buses\\\/\"},{\"@type\":\"ListItem\",\"position\":4,\"name\":\"Selous Express Online Booking, Bus Tickets, Routes, Schedule &amp; Fares\"}]},{\"@type\":\"WebSite\",\"@id\":\"https:\\\/\\\/tiketi.com\\\/#website\",\"url\":\"https:\\\/\\\/tiketi.com\\\/\",\"name\":\"Flight & Bus Tickets, Tour Packages & Activitites - Tiketi.com\",\"description\":\"Flight &amp; Bus Tickets, Tours, Activitites\",\"publisher\":{\"@id\":\"https:\\\/\\\/tiketi.com\\\/#organization\"},\"potentialAction\":[{\"@type\":\"SearchAction\",\"target\":{\"@type\":\"EntryPoint\",\"urlTemplate\":\"https:\\\/\\\/tiketi.com\\\/?s={search_term_string}\"},\"query-input\":{\"@type\":\"PropertyValueSpecification\",\"valueRequired\":true,\"valueName\":\"search_term_string\"}}],\"inLanguage\":\"fr-FR\"},{\"@type\":\"Organization\",\"@id\":\"https:\\\/\\\/tiketi.com\\\/#organization\",\"name\":\"Tiketi.com\",\"alternateName\":\"Tiketi\",\"url\":\"https:\\\/\\\/tiketi.com\\\/\",\"logo\":{\"@type\":\"ImageObject\",\"inLanguage\":\"fr-FR\",\"@id\":\"https:\\\/\\\/tiketi.com\\\/#\\\/schema\\\/logo\\\/image\\\/\",\"url\":\"https:\\\/\\\/tiketi.com\\\/wp-content\\\/uploads\\\/2019\\\/05\\\/tiketi-logo-696.png\",\"contentUrl\":\"https:\\\/\\\/tiketi.com\\\/wp-content\\\/uploads\\\/2019\\\/05\\\/tiketi-logo-696.png\",\"width\":696,\"height\":696,\"caption\":\"Tiketi.com\"},\"image\":{\"@id\":\"https:\\\/\\\/tiketi.com\\\/#\\\/schema\\\/logo\\\/image\\\/\"},\"sameAs\":[\"https:\\\/\\\/www.facebook.com\\\/TiketiCom\\\/\"]}]}<\/script>\n<!-- \/ Yoast SEO plugin. -->","yoast_head_json":{"title":"R\u00e9servation en ligne Selous Express, Billets de bus, Trajets, Horaires &amp; Tarifs - Tiketi.com","description":"Vous recherchez une r\u00e9servation en ligne Selous Express, une application, des billets de bus, des itin\u00e9raires, des tarifs et des horaires? R\u00e9servez vos billets de bus en ligne Selous Express pas chers","robots":{"index":"index","follow":"follow","max-snippet":"max-snippet:-1","max-image-preview":"max-image-preview:large","max-video-preview":"max-video-preview:-1"},"canonical":"https:\/\/tiketi.com\/fr-fr\/companies\/buses\/selous-express-bus\/","og_locale":"fr_FR","og_type":"article","og_title":"Selous Express Online Booking, Bus Tickets, Routes, Schedule &amp; Fares - Tiketi.com","og_description":"Looking for Selous Express online booking, app, bus tickets, routes, fares and schedule? Make cheap Selous Express online bus ticket booking","og_url":"https:\/\/tiketi.com\/fr-fr\/companies\/buses\/selous-express-bus\/","og_site_name":"Tiketi.com","article_publisher":"https:\/\/www.facebook.com\/TiketiCom\/","og_image":[{"width":1200,"height":206,"url":"https:\/\/tiketi.com\/wp-content\/uploads\/2022\/01\/bus-ticket-online-booking.jpg","type":"image\/jpeg"}],"twitter_card":"summary_large_image","twitter_misc":{"Dur\u00e9e de lecture estim\u00e9e":"2 minutes"},"schema":{"@context":"https:\/\/schema.org","@graph":[{"@type":"WebPage","@id":"https:\/\/tiketi.com\/companies\/buses\/selous-express-bus\/","url":"https:\/\/tiketi.com\/companies\/buses\/selous-express-bus\/","name":"R\u00e9servation en ligne Selous Express, Billets de bus, Trajets, Horaires &amp; Tarifs - Tiketi.com","isPartOf":{"@id":"https:\/\/tiketi.com\/#website"},"primaryImageOfPage":{"@id":"https:\/\/tiketi.com\/companies\/buses\/selous-express-bus\/#primaryimage"},"image":{"@id":"https:\/\/tiketi.com\/companies\/buses\/selous-express-bus\/#primaryimage"},"thumbnailUrl":"https:\/\/tiketi.com\/wp-content\/uploads\/2022\/01\/bus-ticket-online-booking.jpg","datePublished":"2023-04-12T11:22:50+00:00","description":"Vous recherchez une r\u00e9servation en ligne Selous Express, une application, des billets de bus, des itin\u00e9raires, des tarifs et des horaires? R\u00e9servez vos billets de bus en ligne Selous Express pas chers","breadcrumb":{"@id":"https:\/\/tiketi.com\/companies\/buses\/selous-express-bus\/#breadcrumb"},"inLanguage":"fr-FR","potentialAction":[{"@type":"ReadAction","target":["https:\/\/tiketi.com\/companies\/buses\/selous-express-bus\/"]}]},{"@type":"ImageObject","inLanguage":"fr-FR","@id":"https:\/\/tiketi.com\/companies\/buses\/selous-express-bus\/#primaryimage","url":"https:\/\/tiketi.com\/wp-content\/uploads\/2022\/01\/bus-ticket-online-booking.jpg","contentUrl":"https:\/\/tiketi.com\/wp-content\/uploads\/2022\/01\/bus-ticket-online-booking.jpg","width":1200,"height":206,"caption":"Online Bus Ticket Booking"},{"@type":"BreadcrumbList","@id":"https:\/\/tiketi.com\/companies\/buses\/selous-express-bus\/#breadcrumb","itemListElement":[{"@type":"ListItem","position":1,"name":"Home","item":"https:\/\/tiketi.com\/"},{"@type":"ListItem","position":2,"name":"Companies","item":"https:\/\/tiketi.com\/companies\/"},{"@type":"ListItem","position":3,"name":"Buses","item":"https:\/\/tiketi.com\/companies\/buses\/"},{"@type":"ListItem","position":4,"name":"Selous Express Online Booking, Bus Tickets, Routes, Schedule &amp; Fares"}]},{"@type":"WebSite","@id":"https:\/\/tiketi.com\/#website","url":"https:\/\/tiketi.com\/","name":"Billets d&#039;avion et de bus, forfaits touristiques et activit\u00e9s - Tiketi.com","description":"Billets d&#039;avion et de bus, Tours, Activit\u00e9s","publisher":{"@id":"https:\/\/tiketi.com\/#organization"},"potentialAction":[{"@type":"SearchAction","target":{"@type":"EntryPoint","urlTemplate":"https:\/\/tiketi.com\/?s={search_term_string}"},"query-input":{"@type":"PropertyValueSpecification","valueRequired":true,"valueName":"search_term_string"}}],"inLanguage":"fr-FR"},{"@type":"Organization","@id":"https:\/\/tiketi.com\/#organization","name":"Tiketi.com","alternateName":"Tiketi","url":"https:\/\/tiketi.com\/","logo":{"@type":"ImageObject","inLanguage":"fr-FR","@id":"https:\/\/tiketi.com\/#\/schema\/logo\/image\/","url":"https:\/\/tiketi.com\/wp-content\/uploads\/2019\/05\/tiketi-logo-696.png","contentUrl":"https:\/\/tiketi.com\/wp-content\/uploads\/2019\/05\/tiketi-logo-696.png","width":696,"height":696,"caption":"Tiketi.com"},"image":{"@id":"https:\/\/tiketi.com\/#\/schema\/logo\/image\/"},"sameAs":["https:\/\/www.facebook.com\/TiketiCom\/"]}]}},"_links":{"self":[{"href":"https:\/\/tiketi.com\/fr-fr\/wp-json\/wp\/v2\/pages\/27726","targetHints":{"allow":["GET"]}}],"collection":[{"href":"https:\/\/tiketi.com\/fr-fr\/wp-json\/wp\/v2\/pages"}],"about":[{"href":"https:\/\/tiketi.com\/fr-fr\/wp-json\/wp\/v2\/types\/page"}],"author":[{"embeddable":true,"href":"https:\/\/tiketi.com\/fr-fr\/wp-json\/wp\/v2\/users\/1"}],"replies":[{"embeddable":true,"href":"https:\/\/tiketi.com\/fr-fr\/wp-json\/wp\/v2\/comments?post=27726"}],"version-history":[{"count":0,"href":"https:\/\/tiketi.com\/fr-fr\/wp-json\/wp\/v2\/pages\/27726\/revisions"}],"up":[{"embeddable":true,"href":"https:\/\/tiketi.com\/fr-fr\/wp-json\/wp\/v2\/pages\/25524"}],"wp:featuredmedia":[{"embeddable":true,"href":"https:\/\/tiketi.com\/fr-fr\/wp-json\/wp\/v2\/media\/13999"}],"wp:attachment":[{"href":"https:\/\/tiketi.com\/fr-fr\/wp-json\/wp\/v2\/media?parent=27726"}],"curies":[{"name":"wp","href":"https:\/\/api.w.org\/{rel}","templated":true}]}}