{"id":27727,"date":"2023-04-12T12:24:05","date_gmt":"2023-04-12T11:24:05","guid":{"rendered":"https:\/\/tiketi.com\/?page_id=27727"},"modified":"2024-08-22T09:19:51","modified_gmt":"2024-08-22T08:19:51","slug":"upendo-express","status":"publish","type":"page","link":"https:\/\/tiketi.com\/fr-fr\/companies\/buses\/upendo-express\/","title":{"rendered":"R\u00e9servation en ligne de bus Upendo, billets de bus, itin\u00e9raires, horaires et tarifs"},"content":{"rendered":"<h2 class=\"wp-block-heading\">R\u00e9servation de billets de bus en ligne Upendo pas cher<\/h2>\r\n\r\n\r\n\r\n<h3 class=\"wp-block-heading\">D\u00e9couvrez votre itin\u00e9raire de voyage sur le web, le mobile ou l&#039;application et r\u00e9servez des billets de bus Upendo pas chers en ligne d\u00e8s maintenant.<\/h3>\r\n\r\n\r\n\r\n<p>Upendo Bus r\u00e9servation en ligne facile. L&#039;autocar des voyageurs d&#039;Upendo Bus est dans l&#039;industrie du transport depuis plus de vingt passagers au service de la ville d&#039;Iringa vers d&#039;autres r\u00e9gions et villes de Tanzanie. La r\u00e9servation de billets de bus en ligne Upendo est s\u00e9curis\u00e9e et vous permet d&#039;\u00e9conomiser du temps et de l&#039;argent.<\/p>\r\n\r\n\r\n\r\n<h2 class=\"wp-block-heading\">Upendo Bus R\u00e9servation en ligne, billets de bus, itin\u00e9raires, tarifs et horaires FAQ<\/h2>\r\n\r\n\r\n\r\n<h3 class=\"wp-block-heading\">Quels sont les c\u00e9l\u00e8bres itin\u00e9raires de bus Upendo couverts en Tanzanie\u00a0?<\/h3>\r\n\r\n\r\n\r\n<p>Les op\u00e9rateurs de bus Upendo sur les itin\u00e9raires suivants en Tanzanie continentale\u00a0:<\/p>\r\n\r\n\r\n\r\n<p>\u2022 Iringa \u00e0 Tunduma<br \/>\u2022 Iringa \u00e0 Dodoma<br \/>\u2022 Iringa \u00e0 Dar es Salam<br \/>\u2022 Iringa \u00e0 Mbeya<br \/>\u2022 Dar es Salaam \u00e0 Njombe<br \/>\u2022 Dar es Salaam \u00e0 Mafinga<\/p>\r\n\r\n\r\n\r\n<h3>Flotte d&#039;autocars des voyageurs d&#039;autobus Upendo<\/h3>\r\n<p>Le bus Upendo a un grand nombre de flottes allant d&#039;un mini bus aux autocars principaux, leurs mini bus sont pour des trajets \u00e0 petite distance principalement vers les villes voisines d&#039;Iringa Municipal tandis que les autocars principaux sont pour des trajets longue distance.<br \/>La plupart de leurs principaux autocars sont le mod\u00e8le Scania Mos et le mod\u00e8le de bus chinois; la plupart des mod\u00e8les chinois sont des bus plus hauts qui empruntent les itin\u00e9raires Njome, Dar es Salaam, Mbeya et Mafinga.<\/p>\r\n<p>Leurs minibus sont des mod\u00e8les de bus Fuso et la plupart d&#039;entre eux empruntent les itin\u00e9raires Tunduma, Dodoma et Mbeya depuis Iringa.<\/p>\r\n\r\n\r\n\r\n<h3>Voyageurs en bus Upendo Coach Service Line<\/h3>\r\n\r\n\r\n\r\n<p>Upendo bus est sp\u00e9cialis\u00e9 dans les services de transport de passagers avec un d\u00e9part quotidien dans toutes les villes et communes o\u00f9 ils ont des places.<br \/>Les services de r\u00e9servation sont accessibles \u00e0 leurs bureaux dans tous les terminaux ainsi qu&#039;aupr\u00e8s de leurs agents qui sont accessibles \u00e0 tous les arr\u00eats de bus.<br \/>Vous pouvez \u00e9galement effectuer votre r\u00e9servation de billets en ligne en les appelant via les contacts indiqu\u00e9s ci-dessous.<\/p>\r\n\r\n\r\n\r\n<h3 class=\"wp-block-heading\">Quels sont les coordonn\u00e9es et le nombre de bus Upendo\u00a0?<\/h3>\r\n\r\n\r\n\r\n<p>Bus Upendo<br \/>Adresse : Si\u00e8ge social :<br \/>POBox 723, Iringa, Tanzanie<\/p>\r\n\r\n\r\n\r\n<p>Adresse : Bureau de Dar es Salaam :<br \/>POBox 762168, Dar es Salaam, Tanzanie<\/p>\r\n\r\n\r\n\r\n<h2 class=\"wp-block-heading\">Upendo R\u00e9servation de billets de bus en ligne Conseils Dodoma<\/h2>\r\n\r\n\r\n\r\n<p>En 2007, l&#039;activit\u00e9 de l&#039;entreprise s&#039;est \u00e9tendue pour inclure le transport de marchandises, et donc l&#039;enregistrement du nouveau nom Budget Movers Company limited.<\/p>\r\n<p>Le si\u00e8ge social de l&#039;entreprise est situ\u00e9 dans la ville d&#039;Iringa avec un important parc de service \/ maintenance de gros v\u00e9hicules \u00e0 Ubungo external \u00e0 Dar es Salaam et d&#039;autres succursales \u00e0 Njombe et Mbeya.<\/p>","protected":false},"excerpt":{"rendered":"<p>Cheap Upendo Online Bus Ticket Booking Discover your travel route on web, mobile or app and book cheap Upendo Bus tickets online now. Upendo Bus online booking made easy. Upendo Bus travelers coach has been in the transport industry for more than twenty serving passenger from Iringa town to other areas and towns in Tanzania. [&hellip;]<\/p>\n","protected":false},"author":1,"featured_media":13999,"parent":25524,"menu_order":0,"comment_status":"closed","ping_status":"closed","template":"template-home-modern.php","meta":{"footnotes":""},"class_list":["post-27727","page","type-page","status-publish","has-post-thumbnail","hentry"],"yoast_head":"<!-- This site is optimized with the Yoast SEO plugin v27.3 - https:\/\/yoast.com\/product\/yoast-seo-wordpress\/ -->\n<title>Upendo Bus Online Booking, Bus Tickets, Routes, Schedule &amp; Fares - Tiketi.com<\/title>\n<meta name=\"description\" content=\"Looking for Super Baraka online booking, app, bus routes, fare and schedule? Make cheap Super Baraka Express online bus ticket booking now\" \/>\n<meta name=\"robots\" content=\"index, follow, max-snippet:-1, max-image-preview:large, max-video-preview:-1\" \/>\n<link rel=\"canonical\" href=\"https:\/\/tiketi.com\/fr-fr\/companies\/buses\/upendo-express\/\" \/>\n<meta property=\"og:locale\" content=\"fr_FR\" \/>\n<meta property=\"og:type\" content=\"article\" \/>\n<meta property=\"og:title\" content=\"Upendo Bus Online Booking, Bus Tickets, Routes, Schedule &amp; Fares - Tiketi.com\" \/>\n<meta property=\"og:description\" content=\"Looking for Super Baraka online booking, app, bus routes, fare and schedule? Make cheap Super Baraka Express online bus ticket booking now\" \/>\n<meta property=\"og:url\" content=\"https:\/\/tiketi.com\/fr-fr\/companies\/buses\/upendo-express\/\" \/>\n<meta property=\"og:site_name\" content=\"Tiketi.com\" \/>\n<meta property=\"article:publisher\" content=\"https:\/\/www.facebook.com\/TiketiCom\/\" \/>\n<meta property=\"article:modified_time\" content=\"2024-08-22T08:19:51+00:00\" \/>\n<meta property=\"og:image\" content=\"https:\/\/tiketi.com\/wp-content\/uploads\/2022\/01\/bus-ticket-online-booking.jpg\" \/>\n\t<meta property=\"og:image:width\" content=\"1200\" \/>\n\t<meta property=\"og:image:height\" content=\"206\" \/>\n\t<meta property=\"og:image:type\" content=\"image\/jpeg\" \/>\n<meta name=\"twitter:card\" content=\"summary_large_image\" \/>\n<meta name=\"twitter:label1\" content=\"Dur\u00e9e de lecture estim\u00e9e\" \/>\n\t<meta name=\"twitter:data1\" content=\"2 minutes\" \/>\n<script type=\"application\/ld+json\" class=\"yoast-schema-graph\">{\"@context\":\"https:\\\/\\\/schema.org\",\"@graph\":[{\"@type\":\"WebPage\",\"@id\":\"https:\\\/\\\/tiketi.com\\\/companies\\\/buses\\\/upendo-express\\\/\",\"url\":\"https:\\\/\\\/tiketi.com\\\/companies\\\/buses\\\/upendo-express\\\/\",\"name\":\"Upendo Bus Online Booking, Bus Tickets, Routes, Schedule & Fares - Tiketi.com\",\"isPartOf\":{\"@id\":\"https:\\\/\\\/tiketi.com\\\/#website\"},\"primaryImageOfPage\":{\"@id\":\"https:\\\/\\\/tiketi.com\\\/companies\\\/buses\\\/upendo-express\\\/#primaryimage\"},\"image\":{\"@id\":\"https:\\\/\\\/tiketi.com\\\/companies\\\/buses\\\/upendo-express\\\/#primaryimage\"},\"thumbnailUrl\":\"https:\\\/\\\/tiketi.com\\\/wp-content\\\/uploads\\\/2022\\\/01\\\/bus-ticket-online-booking.jpg\",\"datePublished\":\"2023-04-12T11:24:05+00:00\",\"dateModified\":\"2024-08-22T08:19:51+00:00\",\"description\":\"Looking for Super Baraka online booking, app, bus routes, fare and schedule? Make cheap Super Baraka Express online bus ticket booking now\",\"breadcrumb\":{\"@id\":\"https:\\\/\\\/tiketi.com\\\/companies\\\/buses\\\/upendo-express\\\/#breadcrumb\"},\"inLanguage\":\"fr-FR\",\"potentialAction\":[{\"@type\":\"ReadAction\",\"target\":[\"https:\\\/\\\/tiketi.com\\\/companies\\\/buses\\\/upendo-express\\\/\"]}]},{\"@type\":\"ImageObject\",\"inLanguage\":\"fr-FR\",\"@id\":\"https:\\\/\\\/tiketi.com\\\/companies\\\/buses\\\/upendo-express\\\/#primaryimage\",\"url\":\"https:\\\/\\\/tiketi.com\\\/wp-content\\\/uploads\\\/2022\\\/01\\\/bus-ticket-online-booking.jpg\",\"contentUrl\":\"https:\\\/\\\/tiketi.com\\\/wp-content\\\/uploads\\\/2022\\\/01\\\/bus-ticket-online-booking.jpg\",\"width\":1200,\"height\":206,\"caption\":\"Online Bus Ticket Booking\"},{\"@type\":\"BreadcrumbList\",\"@id\":\"https:\\\/\\\/tiketi.com\\\/companies\\\/buses\\\/upendo-express\\\/#breadcrumb\",\"itemListElement\":[{\"@type\":\"ListItem\",\"position\":1,\"name\":\"Home\",\"item\":\"https:\\\/\\\/tiketi.com\\\/\"},{\"@type\":\"ListItem\",\"position\":2,\"name\":\"Companies\",\"item\":\"https:\\\/\\\/tiketi.com\\\/companies\\\/\"},{\"@type\":\"ListItem\",\"position\":3,\"name\":\"Buses\",\"item\":\"https:\\\/\\\/tiketi.com\\\/companies\\\/buses\\\/\"},{\"@type\":\"ListItem\",\"position\":4,\"name\":\"Upendo Bus Online Booking, Bus Tickets, Routes, Schedule &#038; Fares\"}]},{\"@type\":\"WebSite\",\"@id\":\"https:\\\/\\\/tiketi.com\\\/#website\",\"url\":\"https:\\\/\\\/tiketi.com\\\/\",\"name\":\"Flight & Bus Tickets, Tour Packages & Activitites - Tiketi.com\",\"description\":\"Flight &amp; Bus Tickets, Tours, Activitites\",\"publisher\":{\"@id\":\"https:\\\/\\\/tiketi.com\\\/#organization\"},\"potentialAction\":[{\"@type\":\"SearchAction\",\"target\":{\"@type\":\"EntryPoint\",\"urlTemplate\":\"https:\\\/\\\/tiketi.com\\\/?s={search_term_string}\"},\"query-input\":{\"@type\":\"PropertyValueSpecification\",\"valueRequired\":true,\"valueName\":\"search_term_string\"}}],\"inLanguage\":\"fr-FR\"},{\"@type\":\"Organization\",\"@id\":\"https:\\\/\\\/tiketi.com\\\/#organization\",\"name\":\"Tiketi.com\",\"alternateName\":\"Tiketi\",\"url\":\"https:\\\/\\\/tiketi.com\\\/\",\"logo\":{\"@type\":\"ImageObject\",\"inLanguage\":\"fr-FR\",\"@id\":\"https:\\\/\\\/tiketi.com\\\/#\\\/schema\\\/logo\\\/image\\\/\",\"url\":\"https:\\\/\\\/tiketi.com\\\/wp-content\\\/uploads\\\/2019\\\/05\\\/tiketi-logo-696.png\",\"contentUrl\":\"https:\\\/\\\/tiketi.com\\\/wp-content\\\/uploads\\\/2019\\\/05\\\/tiketi-logo-696.png\",\"width\":696,\"height\":696,\"caption\":\"Tiketi.com\"},\"image\":{\"@id\":\"https:\\\/\\\/tiketi.com\\\/#\\\/schema\\\/logo\\\/image\\\/\"},\"sameAs\":[\"https:\\\/\\\/www.facebook.com\\\/TiketiCom\\\/\"]}]}<\/script>\n<!-- \/ Yoast SEO plugin. -->","yoast_head_json":{"title":"Upendo Bus R\u00e9servation en ligne, Billets de bus, Trajets, Horaires &amp; Tarifs - Tiketi.com","description":"Vous recherchez une r\u00e9servation en ligne, une application, des itin\u00e9raires de bus, des tarifs et des horaires pour Super Baraka\u00a0? R\u00e9servez d\u00e8s maintenant vos billets de bus en ligne Super Baraka Express \u00e0 bas prix","robots":{"index":"index","follow":"follow","max-snippet":"max-snippet:-1","max-image-preview":"max-image-preview:large","max-video-preview":"max-video-preview:-1"},"canonical":"https:\/\/tiketi.com\/fr-fr\/companies\/buses\/upendo-express\/","og_locale":"fr_FR","og_type":"article","og_title":"Upendo Bus Online Booking, Bus Tickets, Routes, Schedule & Fares - Tiketi.com","og_description":"Looking for Super Baraka online booking, app, bus routes, fare and schedule? Make cheap Super Baraka Express online bus ticket booking now","og_url":"https:\/\/tiketi.com\/fr-fr\/companies\/buses\/upendo-express\/","og_site_name":"Tiketi.com","article_publisher":"https:\/\/www.facebook.com\/TiketiCom\/","article_modified_time":"2024-08-22T08:19:51+00:00","og_image":[{"width":1200,"height":206,"url":"https:\/\/tiketi.com\/wp-content\/uploads\/2022\/01\/bus-ticket-online-booking.jpg","type":"image\/jpeg"}],"twitter_card":"summary_large_image","twitter_misc":{"Dur\u00e9e de lecture estim\u00e9e":"2 minutes"},"schema":{"@context":"https:\/\/schema.org","@graph":[{"@type":"WebPage","@id":"https:\/\/tiketi.com\/companies\/buses\/upendo-express\/","url":"https:\/\/tiketi.com\/companies\/buses\/upendo-express\/","name":"Upendo Bus R\u00e9servation en ligne, Billets de bus, Trajets, Horaires &amp; Tarifs - Tiketi.com","isPartOf":{"@id":"https:\/\/tiketi.com\/#website"},"primaryImageOfPage":{"@id":"https:\/\/tiketi.com\/companies\/buses\/upendo-express\/#primaryimage"},"image":{"@id":"https:\/\/tiketi.com\/companies\/buses\/upendo-express\/#primaryimage"},"thumbnailUrl":"https:\/\/tiketi.com\/wp-content\/uploads\/2022\/01\/bus-ticket-online-booking.jpg","datePublished":"2023-04-12T11:24:05+00:00","dateModified":"2024-08-22T08:19:51+00:00","description":"Vous recherchez une r\u00e9servation en ligne, une application, des itin\u00e9raires de bus, des tarifs et des horaires pour Super Baraka\u00a0? R\u00e9servez d\u00e8s maintenant vos billets de bus en ligne Super Baraka Express \u00e0 bas prix","breadcrumb":{"@id":"https:\/\/tiketi.com\/companies\/buses\/upendo-express\/#breadcrumb"},"inLanguage":"fr-FR","potentialAction":[{"@type":"ReadAction","target":["https:\/\/tiketi.com\/companies\/buses\/upendo-express\/"]}]},{"@type":"ImageObject","inLanguage":"fr-FR","@id":"https:\/\/tiketi.com\/companies\/buses\/upendo-express\/#primaryimage","url":"https:\/\/tiketi.com\/wp-content\/uploads\/2022\/01\/bus-ticket-online-booking.jpg","contentUrl":"https:\/\/tiketi.com\/wp-content\/uploads\/2022\/01\/bus-ticket-online-booking.jpg","width":1200,"height":206,"caption":"Online Bus Ticket Booking"},{"@type":"BreadcrumbList","@id":"https:\/\/tiketi.com\/companies\/buses\/upendo-express\/#breadcrumb","itemListElement":[{"@type":"ListItem","position":1,"name":"Home","item":"https:\/\/tiketi.com\/"},{"@type":"ListItem","position":2,"name":"Companies","item":"https:\/\/tiketi.com\/companies\/"},{"@type":"ListItem","position":3,"name":"Buses","item":"https:\/\/tiketi.com\/companies\/buses\/"},{"@type":"ListItem","position":4,"name":"Upendo Bus Online Booking, Bus Tickets, Routes, Schedule &#038; Fares"}]},{"@type":"WebSite","@id":"https:\/\/tiketi.com\/#website","url":"https:\/\/tiketi.com\/","name":"Billets d&#039;avion et de bus, forfaits touristiques et activit\u00e9s - Tiketi.com","description":"Billets d&#039;avion et de bus, Tours, Activit\u00e9s","publisher":{"@id":"https:\/\/tiketi.com\/#organization"},"potentialAction":[{"@type":"SearchAction","target":{"@type":"EntryPoint","urlTemplate":"https:\/\/tiketi.com\/?s={search_term_string}"},"query-input":{"@type":"PropertyValueSpecification","valueRequired":true,"valueName":"search_term_string"}}],"inLanguage":"fr-FR"},{"@type":"Organization","@id":"https:\/\/tiketi.com\/#organization","name":"Tiketi.com","alternateName":"Tiketi","url":"https:\/\/tiketi.com\/","logo":{"@type":"ImageObject","inLanguage":"fr-FR","@id":"https:\/\/tiketi.com\/#\/schema\/logo\/image\/","url":"https:\/\/tiketi.com\/wp-content\/uploads\/2019\/05\/tiketi-logo-696.png","contentUrl":"https:\/\/tiketi.com\/wp-content\/uploads\/2019\/05\/tiketi-logo-696.png","width":696,"height":696,"caption":"Tiketi.com"},"image":{"@id":"https:\/\/tiketi.com\/#\/schema\/logo\/image\/"},"sameAs":["https:\/\/www.facebook.com\/TiketiCom\/"]}]}},"_links":{"self":[{"href":"https:\/\/tiketi.com\/fr-fr\/wp-json\/wp\/v2\/pages\/27727","targetHints":{"allow":["GET"]}}],"collection":[{"href":"https:\/\/tiketi.com\/fr-fr\/wp-json\/wp\/v2\/pages"}],"about":[{"href":"https:\/\/tiketi.com\/fr-fr\/wp-json\/wp\/v2\/types\/page"}],"author":[{"embeddable":true,"href":"https:\/\/tiketi.com\/fr-fr\/wp-json\/wp\/v2\/users\/1"}],"replies":[{"embeddable":true,"href":"https:\/\/tiketi.com\/fr-fr\/wp-json\/wp\/v2\/comments?post=27727"}],"version-history":[{"count":1,"href":"https:\/\/tiketi.com\/fr-fr\/wp-json\/wp\/v2\/pages\/27727\/revisions"}],"predecessor-version":[{"id":31010,"href":"https:\/\/tiketi.com\/fr-fr\/wp-json\/wp\/v2\/pages\/27727\/revisions\/31010"}],"up":[{"embeddable":true,"href":"https:\/\/tiketi.com\/fr-fr\/wp-json\/wp\/v2\/pages\/25524"}],"wp:featuredmedia":[{"embeddable":true,"href":"https:\/\/tiketi.com\/fr-fr\/wp-json\/wp\/v2\/media\/13999"}],"wp:attachment":[{"href":"https:\/\/tiketi.com\/fr-fr\/wp-json\/wp\/v2\/media?parent=27727"}],"curies":[{"name":"wp","href":"https:\/\/api.w.org\/{rel}","templated":true}]}}