{"id":27858,"date":"2023-05-05T09:33:22","date_gmt":"2023-05-05T08:33:22","guid":{"rendered":"https:\/\/tiketi.com\/?page_id=27858"},"modified":"2023-05-05T10:44:29","modified_gmt":"2023-05-05T09:44:29","slug":"kandahar-investment","status":"publish","type":"page","link":"https:\/\/tiketi.com\/fr-fr\/companies\/buses\/kandahar-investment\/","title":{"rendered":"Kandahar Investment R\u00e9servation en ligne, billets de bus, itin\u00e9raires et tarifs"},"content":{"rendered":"<h2>R\u00e9servation de billets de bus en ligne pas cher \u00e0 Kandahar<\/h2>\n<h3>D\u00e9couvrez votre itin\u00e9raire de voyage sur le Web mobile ou sur une application et r\u00e9servez d\u00e8s maintenant des billets de bus bon march\u00e9 pour Kandahar en ligne.<\/h3>\n<p>R\u00e9servation en ligne de Kandahar Investment La r\u00e9servation en ligne est simplifi\u00e9e. Kandahar Investment Bus est une entreprise de transport enregistr\u00e9e en Tanzanie offrant son service depuis la zone nord vers les zones de prise, y compris Bukoba. La r\u00e9servation de billets de bus en ligne \u00e0 Kandahar est s\u00fbre et vous permet d&#039;\u00e9conomiser du temps et de l&#039;argent.<\/p>\n<h2>Kandahar Investment R\u00e9servation en ligne en Tanzanie, horaires des billets de bus, itin\u00e9raires et tarifs FAQ<\/h2>\n<h3>Quelles sont les lignes de bus de Kandahar Investment les plus connues quotidiennement ?<\/h3>\n<p>Moshi \u00e0 Singida<br \/>\nMoshi \u00e0 Kiomboi<br \/>\nMoshi \u00e0 Dodoma<br \/>\nMoshi \u00e0 Bukoba<br \/>\nMoshi \u00e0 Karagwe<\/p>\n<h3>Ligne de flotte d&#039;autobus d&#039;investissement \u00e0 Kandahar<\/h3>\n<p>L&#039;entreprise poss\u00e8de diff\u00e9rents types de bus, y compris des bus de fabrication nationale g\u00e9r\u00e9s par des machines Scania. La soci\u00e9t\u00e9 poss\u00e8de \u00e9galement des bus chinois comme Zhongtong et Higer.<\/p>\n<p>La plupart de leurs bus sont de classe semi-luxe avec des services \u00e0 bord parfaits comme des services de t\u00e9l\u00e9vision et de la bonne musique pour se rafra\u00eechir. Ces bus disposent \u00e9galement d&#039;un syst\u00e8me de chargement USB sur chaque si\u00e8ge, de boissons gazeuses ainsi que de la climatisation et de collations.<\/p>\n<p>Ces bus disposent \u00e9galement de bagages \u00e0 main, de 2 x 2 si\u00e8ges inclinables, d&#039;un accoudoir avec lampe de lecture et de nombreuses autres fonctionnalit\u00e9s parfaites pour les voyages longue distance.<\/p>\n<h3>Ligne de service d&#039;autobus d&#039;investissement de Kandahar<\/h3>\n<p>L&#039;entreprise met en relation les personnes qui voyagent entre les r\u00e9gions du Lac et du Nord. Ils se d\u00e9placent sans cesse de la ville de Moshi vers la r\u00e9gion de Bukoba et d&#039;autres villes voisines.<\/p>\n<p>Ils facturent des prix tr\u00e8s bas \u00e0 toutes les personnes en fonction de leurs destinations. Les frais de colis sont \u00e9galement pay\u00e9s en fonction de la taille et de la nature d&#039;un colis particulier.<\/p>\n<p>Les services de r\u00e9servation sont accessibles dans leurs bureaux situ\u00e9s dans chaque gare routi\u00e8re. Vous pouvez \u00e9galement r\u00e9server des billets de bus en ligne \u00e0 Kandahar ou en appelant les num\u00e9ros de service client indiqu\u00e9s sous cet article.<\/p>\n<h3>Quelles sont les coordonn\u00e9es et le num\u00e9ro des bus de Kandahar\u00a0?<\/h3>\n<p>Si\u00e8ge social\u00a0: Ville de Moshi<\/p>\n<h2>Conseils pour la r\u00e9servation de billets de bus en ligne \u00e0 Kandahar<\/h2>\n<p>L&#039;entreprise est active dans le secteur du transport depuis plus de quinze ans et relie les personnes et leurs colis dans de nombreuses r\u00e9gions des r\u00e9gions du Lac et de la zone Nord.<\/p>\n<p>Leurs tarifs et leurs prix sont abordables pour tous, quel que soit leur statut de vie. Vous pouvez essayer de r\u00e9server avec eux pour n&#039;importe quelle option de voyage dans les r\u00e9gions.<\/p>","protected":false},"excerpt":{"rendered":"<p>Cheap Kandahar Online Bus Ticket Booking Discover your travel route on web mobile or app and book cheap Kandahar bus tickets online now. Kandahar Investment online booking online booking made easy. Kandahar investment bus is a transportation firm registered in Tanzania offering its service from the Northern area to the take zone areas including Bukoba. [&hellip;]<\/p>\n","protected":false},"author":1,"featured_media":13999,"parent":25524,"menu_order":0,"comment_status":"closed","ping_status":"closed","template":"template-home-modern.php","meta":{"footnotes":""},"class_list":["post-27858","page","type-page","status-publish","has-post-thumbnail","hentry"],"yoast_head":"<!-- This site is optimized with the Yoast SEO plugin v27.3 - https:\/\/yoast.com\/product\/yoast-seo-wordpress\/ -->\n<title>Kandahar Investment Online Booking, Bus Tickets, Routes &amp; Fares - Tiketi.com<\/title>\n<meta name=\"description\" content=\"Looking for Kandahar Investment online booking, app, bus routes, fare and schedule? Make cheap Kandahar online bus ticket booking now\" \/>\n<meta name=\"robots\" content=\"index, follow, max-snippet:-1, max-image-preview:large, max-video-preview:-1\" \/>\n<link rel=\"canonical\" href=\"https:\/\/tiketi.com\/fr-fr\/companies\/buses\/kandahar-investment\/\" \/>\n<meta property=\"og:locale\" content=\"fr_FR\" \/>\n<meta property=\"og:type\" content=\"article\" \/>\n<meta property=\"og:title\" content=\"Kandahar Investment Online Booking, Bus Tickets, Routes &amp; Fares - Tiketi.com\" \/>\n<meta property=\"og:description\" content=\"Looking for Kandahar Investment online booking, app, bus routes, fare and schedule? Make cheap Kandahar online bus ticket booking now\" \/>\n<meta property=\"og:url\" content=\"https:\/\/tiketi.com\/fr-fr\/companies\/buses\/kandahar-investment\/\" \/>\n<meta property=\"og:site_name\" content=\"Tiketi.com\" \/>\n<meta property=\"article:publisher\" content=\"https:\/\/www.facebook.com\/TiketiCom\/\" \/>\n<meta property=\"article:modified_time\" content=\"2023-05-05T09:44:29+00:00\" \/>\n<meta property=\"og:image\" content=\"https:\/\/tiketi.com\/wp-content\/uploads\/2022\/01\/bus-ticket-online-booking.jpg\" \/>\n\t<meta property=\"og:image:width\" content=\"1200\" \/>\n\t<meta property=\"og:image:height\" content=\"206\" \/>\n\t<meta property=\"og:image:type\" content=\"image\/jpeg\" \/>\n<meta name=\"twitter:card\" content=\"summary_large_image\" \/>\n<meta name=\"twitter:label1\" content=\"Dur\u00e9e de lecture estim\u00e9e\" \/>\n\t<meta name=\"twitter:data1\" content=\"2 minutes\" \/>\n<script type=\"application\/ld+json\" class=\"yoast-schema-graph\">{\"@context\":\"https:\\\/\\\/schema.org\",\"@graph\":[{\"@type\":\"WebPage\",\"@id\":\"https:\\\/\\\/tiketi.com\\\/companies\\\/buses\\\/kandahar-investment\\\/\",\"url\":\"https:\\\/\\\/tiketi.com\\\/companies\\\/buses\\\/kandahar-investment\\\/\",\"name\":\"Kandahar Investment Online Booking, Bus Tickets, Routes & Fares - Tiketi.com\",\"isPartOf\":{\"@id\":\"https:\\\/\\\/tiketi.com\\\/#website\"},\"primaryImageOfPage\":{\"@id\":\"https:\\\/\\\/tiketi.com\\\/companies\\\/buses\\\/kandahar-investment\\\/#primaryimage\"},\"image\":{\"@id\":\"https:\\\/\\\/tiketi.com\\\/companies\\\/buses\\\/kandahar-investment\\\/#primaryimage\"},\"thumbnailUrl\":\"https:\\\/\\\/tiketi.com\\\/wp-content\\\/uploads\\\/2022\\\/01\\\/bus-ticket-online-booking.jpg\",\"datePublished\":\"2023-05-05T08:33:22+00:00\",\"dateModified\":\"2023-05-05T09:44:29+00:00\",\"description\":\"Looking for Kandahar Investment online booking, app, bus routes, fare and schedule? Make cheap Kandahar online bus ticket booking now\",\"breadcrumb\":{\"@id\":\"https:\\\/\\\/tiketi.com\\\/companies\\\/buses\\\/kandahar-investment\\\/#breadcrumb\"},\"inLanguage\":\"fr-FR\",\"potentialAction\":[{\"@type\":\"ReadAction\",\"target\":[\"https:\\\/\\\/tiketi.com\\\/companies\\\/buses\\\/kandahar-investment\\\/\"]}]},{\"@type\":\"ImageObject\",\"inLanguage\":\"fr-FR\",\"@id\":\"https:\\\/\\\/tiketi.com\\\/companies\\\/buses\\\/kandahar-investment\\\/#primaryimage\",\"url\":\"https:\\\/\\\/tiketi.com\\\/wp-content\\\/uploads\\\/2022\\\/01\\\/bus-ticket-online-booking.jpg\",\"contentUrl\":\"https:\\\/\\\/tiketi.com\\\/wp-content\\\/uploads\\\/2022\\\/01\\\/bus-ticket-online-booking.jpg\",\"width\":1200,\"height\":206,\"caption\":\"Online Bus Ticket Booking\"},{\"@type\":\"BreadcrumbList\",\"@id\":\"https:\\\/\\\/tiketi.com\\\/companies\\\/buses\\\/kandahar-investment\\\/#breadcrumb\",\"itemListElement\":[{\"@type\":\"ListItem\",\"position\":1,\"name\":\"Home\",\"item\":\"https:\\\/\\\/tiketi.com\\\/\"},{\"@type\":\"ListItem\",\"position\":2,\"name\":\"Companies\",\"item\":\"https:\\\/\\\/tiketi.com\\\/companies\\\/\"},{\"@type\":\"ListItem\",\"position\":3,\"name\":\"Buses\",\"item\":\"https:\\\/\\\/tiketi.com\\\/companies\\\/buses\\\/\"},{\"@type\":\"ListItem\",\"position\":4,\"name\":\"Kandahar Investment Online Booking, Bus Tickets, Routes &#038; Fares\"}]},{\"@type\":\"WebSite\",\"@id\":\"https:\\\/\\\/tiketi.com\\\/#website\",\"url\":\"https:\\\/\\\/tiketi.com\\\/\",\"name\":\"Flight & Bus Tickets, Tour Packages & Activitites - Tiketi.com\",\"description\":\"Flight &amp; Bus Tickets, Tours, Activitites\",\"publisher\":{\"@id\":\"https:\\\/\\\/tiketi.com\\\/#organization\"},\"potentialAction\":[{\"@type\":\"SearchAction\",\"target\":{\"@type\":\"EntryPoint\",\"urlTemplate\":\"https:\\\/\\\/tiketi.com\\\/?s={search_term_string}\"},\"query-input\":{\"@type\":\"PropertyValueSpecification\",\"valueRequired\":true,\"valueName\":\"search_term_string\"}}],\"inLanguage\":\"fr-FR\"},{\"@type\":\"Organization\",\"@id\":\"https:\\\/\\\/tiketi.com\\\/#organization\",\"name\":\"Tiketi.com\",\"alternateName\":\"Tiketi\",\"url\":\"https:\\\/\\\/tiketi.com\\\/\",\"logo\":{\"@type\":\"ImageObject\",\"inLanguage\":\"fr-FR\",\"@id\":\"https:\\\/\\\/tiketi.com\\\/#\\\/schema\\\/logo\\\/image\\\/\",\"url\":\"https:\\\/\\\/tiketi.com\\\/wp-content\\\/uploads\\\/2019\\\/05\\\/tiketi-logo-696.png\",\"contentUrl\":\"https:\\\/\\\/tiketi.com\\\/wp-content\\\/uploads\\\/2019\\\/05\\\/tiketi-logo-696.png\",\"width\":696,\"height\":696,\"caption\":\"Tiketi.com\"},\"image\":{\"@id\":\"https:\\\/\\\/tiketi.com\\\/#\\\/schema\\\/logo\\\/image\\\/\"},\"sameAs\":[\"https:\\\/\\\/www.facebook.com\\\/TiketiCom\\\/\"]}]}<\/script>\n<!-- \/ Yoast SEO plugin. -->","yoast_head_json":{"title":"Kandahar Investment R\u00e9servation en ligne, billets de bus, itin\u00e9raires et tarifs - Tiketi.com","description":"Vous recherchez une r\u00e9servation en ligne, une application, des itin\u00e9raires de bus, des tarifs et des horaires de Kandahar Investment\u00a0? R\u00e9servez d\u00e8s maintenant vos billets de bus en ligne pour Kandahar","robots":{"index":"index","follow":"follow","max-snippet":"max-snippet:-1","max-image-preview":"max-image-preview:large","max-video-preview":"max-video-preview:-1"},"canonical":"https:\/\/tiketi.com\/fr-fr\/companies\/buses\/kandahar-investment\/","og_locale":"fr_FR","og_type":"article","og_title":"Kandahar Investment Online Booking, Bus Tickets, Routes & Fares - Tiketi.com","og_description":"Looking for Kandahar Investment online booking, app, bus routes, fare and schedule? Make cheap Kandahar online bus ticket booking now","og_url":"https:\/\/tiketi.com\/fr-fr\/companies\/buses\/kandahar-investment\/","og_site_name":"Tiketi.com","article_publisher":"https:\/\/www.facebook.com\/TiketiCom\/","article_modified_time":"2023-05-05T09:44:29+00:00","og_image":[{"width":1200,"height":206,"url":"https:\/\/tiketi.com\/wp-content\/uploads\/2022\/01\/bus-ticket-online-booking.jpg","type":"image\/jpeg"}],"twitter_card":"summary_large_image","twitter_misc":{"Dur\u00e9e de lecture estim\u00e9e":"2 minutes"},"schema":{"@context":"https:\/\/schema.org","@graph":[{"@type":"WebPage","@id":"https:\/\/tiketi.com\/companies\/buses\/kandahar-investment\/","url":"https:\/\/tiketi.com\/companies\/buses\/kandahar-investment\/","name":"Kandahar Investment R\u00e9servation en ligne, billets de bus, itin\u00e9raires et tarifs - Tiketi.com","isPartOf":{"@id":"https:\/\/tiketi.com\/#website"},"primaryImageOfPage":{"@id":"https:\/\/tiketi.com\/companies\/buses\/kandahar-investment\/#primaryimage"},"image":{"@id":"https:\/\/tiketi.com\/companies\/buses\/kandahar-investment\/#primaryimage"},"thumbnailUrl":"https:\/\/tiketi.com\/wp-content\/uploads\/2022\/01\/bus-ticket-online-booking.jpg","datePublished":"2023-05-05T08:33:22+00:00","dateModified":"2023-05-05T09:44:29+00:00","description":"Vous recherchez une r\u00e9servation en ligne, une application, des itin\u00e9raires de bus, des tarifs et des horaires de Kandahar Investment\u00a0? R\u00e9servez d\u00e8s maintenant vos billets de bus en ligne pour Kandahar","breadcrumb":{"@id":"https:\/\/tiketi.com\/companies\/buses\/kandahar-investment\/#breadcrumb"},"inLanguage":"fr-FR","potentialAction":[{"@type":"ReadAction","target":["https:\/\/tiketi.com\/companies\/buses\/kandahar-investment\/"]}]},{"@type":"ImageObject","inLanguage":"fr-FR","@id":"https:\/\/tiketi.com\/companies\/buses\/kandahar-investment\/#primaryimage","url":"https:\/\/tiketi.com\/wp-content\/uploads\/2022\/01\/bus-ticket-online-booking.jpg","contentUrl":"https:\/\/tiketi.com\/wp-content\/uploads\/2022\/01\/bus-ticket-online-booking.jpg","width":1200,"height":206,"caption":"Online Bus Ticket Booking"},{"@type":"BreadcrumbList","@id":"https:\/\/tiketi.com\/companies\/buses\/kandahar-investment\/#breadcrumb","itemListElement":[{"@type":"ListItem","position":1,"name":"Home","item":"https:\/\/tiketi.com\/"},{"@type":"ListItem","position":2,"name":"Companies","item":"https:\/\/tiketi.com\/companies\/"},{"@type":"ListItem","position":3,"name":"Buses","item":"https:\/\/tiketi.com\/companies\/buses\/"},{"@type":"ListItem","position":4,"name":"Kandahar Investment Online Booking, Bus Tickets, Routes &#038; Fares"}]},{"@type":"WebSite","@id":"https:\/\/tiketi.com\/#website","url":"https:\/\/tiketi.com\/","name":"Billets d&#039;avion et de bus, forfaits touristiques et activit\u00e9s - Tiketi.com","description":"Billets d&#039;avion et de bus, Tours, Activit\u00e9s","publisher":{"@id":"https:\/\/tiketi.com\/#organization"},"potentialAction":[{"@type":"SearchAction","target":{"@type":"EntryPoint","urlTemplate":"https:\/\/tiketi.com\/?s={search_term_string}"},"query-input":{"@type":"PropertyValueSpecification","valueRequired":true,"valueName":"search_term_string"}}],"inLanguage":"fr-FR"},{"@type":"Organization","@id":"https:\/\/tiketi.com\/#organization","name":"Tiketi.com","alternateName":"Tiketi","url":"https:\/\/tiketi.com\/","logo":{"@type":"ImageObject","inLanguage":"fr-FR","@id":"https:\/\/tiketi.com\/#\/schema\/logo\/image\/","url":"https:\/\/tiketi.com\/wp-content\/uploads\/2019\/05\/tiketi-logo-696.png","contentUrl":"https:\/\/tiketi.com\/wp-content\/uploads\/2019\/05\/tiketi-logo-696.png","width":696,"height":696,"caption":"Tiketi.com"},"image":{"@id":"https:\/\/tiketi.com\/#\/schema\/logo\/image\/"},"sameAs":["https:\/\/www.facebook.com\/TiketiCom\/"]}]}},"_links":{"self":[{"href":"https:\/\/tiketi.com\/fr-fr\/wp-json\/wp\/v2\/pages\/27858","targetHints":{"allow":["GET"]}}],"collection":[{"href":"https:\/\/tiketi.com\/fr-fr\/wp-json\/wp\/v2\/pages"}],"about":[{"href":"https:\/\/tiketi.com\/fr-fr\/wp-json\/wp\/v2\/types\/page"}],"author":[{"embeddable":true,"href":"https:\/\/tiketi.com\/fr-fr\/wp-json\/wp\/v2\/users\/1"}],"replies":[{"embeddable":true,"href":"https:\/\/tiketi.com\/fr-fr\/wp-json\/wp\/v2\/comments?post=27858"}],"version-history":[{"count":0,"href":"https:\/\/tiketi.com\/fr-fr\/wp-json\/wp\/v2\/pages\/27858\/revisions"}],"up":[{"embeddable":true,"href":"https:\/\/tiketi.com\/fr-fr\/wp-json\/wp\/v2\/pages\/25524"}],"wp:featuredmedia":[{"embeddable":true,"href":"https:\/\/tiketi.com\/fr-fr\/wp-json\/wp\/v2\/media\/13999"}],"wp:attachment":[{"href":"https:\/\/tiketi.com\/fr-fr\/wp-json\/wp\/v2\/media?parent=27858"}],"curies":[{"name":"wp","href":"https:\/\/api.w.org\/{rel}","templated":true}]}}