{"id":27859,"date":"2023-05-05T09:33:56","date_gmt":"2023-05-05T08:33:56","guid":{"rendered":"https:\/\/tiketi.com\/?page_id=27859"},"modified":"2023-05-05T10:55:05","modified_gmt":"2023-05-05T09:55:05","slug":"an-classic-bus","status":"publish","type":"page","link":"https:\/\/tiketi.com\/fr-fr\/companies\/buses\/an-classic-bus\/","title":{"rendered":"AN Classic Bus R\u00e9servation en ligne, billets de bus, itin\u00e9raires et tarifs"},"content":{"rendered":"<h2>R\u00e9servation de billets de bus en ligne AN Classic Bus pas cher<\/h2>\n<h3>D\u00e9couvrez votre itin\u00e9raire de voyage sur le Web, sur mobile ou sur une application et r\u00e9servez d\u00e8s maintenant des billets AN Classic Bus \u00e0 bas prix en ligne.<\/h3>\n<p>La r\u00e9servation en ligne d&#039;AN Classic Bus est facilit\u00e9e. AN Classic Bus est une entreprise de transport de colis et de passagers qui assure des services quotidiens depuis la zone du lac (Kigma) vers d&#039;autres r\u00e9gions du continent tanzanien. La r\u00e9servation de billets de bus en ligne AN Classic Bus est s\u00fbre et vous permet d&#039;\u00e9conomiser du temps et de l&#039;argent.<\/p>\n<h2>AN Classic Bus R\u00e9servation en ligne en Tanzanie, billets de bus, horaires, itin\u00e9raires et tarifs FAQ<\/h2>\n<h3>Quelles sont les lignes de bus AN Classic Bus les plus connues quotidiennement ?<\/h3>\n<p>Kigoma \u00e0 Itigi<br \/>Kigoma \u00e0 Manyoni<br \/>Kigoma \u00e0 Singida<br \/>Kigoma \u00e0 Dar es Salaam<br \/>De Kigoma \u00e0 Dodoma<br \/>Kigoma \u00e0 Tabora<\/p>\n<h3>Une ligne de flotte de bus classique<\/h3>\n<p>La liste ferme de la flotte comprend une gamme de mod\u00e8les de bus, y compris des bus fabriqu\u00e9s localement et exploit\u00e9s par la machine Scania. La liste comprend \u00e9galement des bus chinois comme Higer, Yutong et Zhongtong.<\/p>\n<p>Leur liste comprend des bus de classe de luxe semi-ordinaires pour offrir aux visiteurs une gamme de choix lors de leur voyage pr\u00e9vu. Mais certains itin\u00e9raires ne proposent que des itin\u00e9raires de classe g\u00e9n\u00e9rale.<\/p>\n<p>Leurs bus disposent de 2 x 2 si\u00e8ges inclinables pour le semi-luxe et de 2 x 2 pour les lampes de lecture ordinaires, d&#039;annonce et de plafonnier, et d&#039;un syst\u00e8me audiovisuel pour le divertissement.<\/p>\n<h3>Une ligne de service de bus classique<\/h3>\n<p>Cette entreprise propose une ligne de bus directe de la ville de Dar es Salaam \u00e0 Kigoma et \u00e0 d&#039;autres zones de la zone centrale et des lacs. Ils assurent des d\u00e9parts quotidiens le matin dans toutes les gares.<\/p>\n<p>Ils proposent des services de transfert de passagers ainsi que des colis \u00e0 des prix bon march\u00e9 en fonction du lieu concern\u00e9. Les frais de colis varient \u00e9galement en fonction de la taille et de la nature.<\/p>\n<p>La r\u00e9servation de billets peut \u00eatre effectu\u00e9e \u00e0 leur bureau situ\u00e9 dans chaque gare routi\u00e8re et dans leurs bureaux priv\u00e9s \u00e0 l&#039;ext\u00e9rieur des gares routi\u00e8res ou vous pouvez effectuer une r\u00e9servation de billets de bus en ligne AN Classic bus.<\/p>\n<h3>Quelles sont les coordonn\u00e9es et le num\u00e9ro des bus AN Classic Bus\u00a0?<\/h3>\n<p>Si\u00e8ge social : Kigoma, Tanzanie<\/p>\n<h2>Conseils pour la r\u00e9servation de billets de bus en ligne AN Classic Bus<\/h2>\n<p>L&#039;entreprise est c\u00e9l\u00e8bre pour ses voyages longue distance, principalement pour la route Kigoma-Dar es Salaam en passant par Dodoma et la ville de Tabora. Le voyage a dur\u00e9 environ deux jours.<\/p>\n<p>L&#039;entreprise est active dans le secteur du transport depuis longtemps et dessert les visiteurs de la r\u00e9gion des Lacs avant d&#039;\u00e9tendre son itin\u00e9raire aux r\u00e9gions de l&#039;Est et du Centre.<\/p>\n<p>\u00a0<\/p>","protected":false},"excerpt":{"rendered":"<p>Cheap AN Classic Bus Online Bus Ticket Booking Discover your travel route on web, mobile or app and book cheap AN Classic Bus tickets online now. AN Classic Bus online booking made easy. AN classic bus is a parcels and passengers transportation firm which give daily services from the Lake zone area (Kigma) to other [&hellip;]<\/p>\n","protected":false},"author":1,"featured_media":13999,"parent":25524,"menu_order":0,"comment_status":"closed","ping_status":"closed","template":"template-home-modern.php","meta":{"footnotes":""},"class_list":["post-27859","page","type-page","status-publish","has-post-thumbnail","hentry"],"yoast_head":"<!-- This site is optimized with the Yoast SEO plugin v27.2 - https:\/\/yoast.com\/product\/yoast-seo-wordpress\/ -->\n<title>AN Classic Bus Online Booking, Bus Tickets, Routes &amp; Fares - Tiketi.com<\/title>\n<meta name=\"description\" content=\"Looking for AN Classic Bus online booking Tanzania, app, bus routes, fare and schedule? Make cheap AN Classic Bus online bus ticket booking now\" \/>\n<meta name=\"robots\" content=\"index, follow, max-snippet:-1, max-image-preview:large, max-video-preview:-1\" \/>\n<link rel=\"canonical\" href=\"https:\/\/tiketi.com\/fr-fr\/companies\/buses\/an-classic-bus\/\" \/>\n<meta property=\"og:locale\" content=\"fr_FR\" \/>\n<meta property=\"og:type\" content=\"article\" \/>\n<meta property=\"og:title\" content=\"AN Classic Bus Online Booking, Bus Tickets, Routes &amp; Fares - Tiketi.com\" \/>\n<meta property=\"og:description\" content=\"Looking for AN Classic Bus online booking Tanzania, app, bus routes, fare and schedule? Make cheap AN Classic Bus online bus ticket booking now\" \/>\n<meta property=\"og:url\" content=\"https:\/\/tiketi.com\/fr-fr\/companies\/buses\/an-classic-bus\/\" \/>\n<meta property=\"og:site_name\" content=\"Tiketi.com\" \/>\n<meta property=\"article:publisher\" content=\"https:\/\/www.facebook.com\/TiketiCom\/\" \/>\n<meta property=\"article:modified_time\" content=\"2023-05-05T09:55:05+00:00\" \/>\n<meta property=\"og:image\" content=\"https:\/\/tiketi.com\/wp-content\/uploads\/2022\/01\/bus-ticket-online-booking.jpg\" \/>\n\t<meta property=\"og:image:width\" content=\"1200\" \/>\n\t<meta property=\"og:image:height\" content=\"206\" \/>\n\t<meta property=\"og:image:type\" content=\"image\/jpeg\" \/>\n<meta name=\"twitter:card\" content=\"summary_large_image\" \/>\n<meta name=\"twitter:label1\" content=\"Dur\u00e9e de lecture estim\u00e9e\" \/>\n\t<meta name=\"twitter:data1\" content=\"2 minutes\" \/>\n<script type=\"application\/ld+json\" class=\"yoast-schema-graph\">{\"@context\":\"https:\/\/schema.org\",\"@graph\":[{\"@type\":\"WebPage\",\"@id\":\"https:\/\/tiketi.com\/companies\/buses\/an-classic-bus\/\",\"url\":\"https:\/\/tiketi.com\/companies\/buses\/an-classic-bus\/\",\"name\":\"AN Classic Bus Online Booking, Bus Tickets, Routes & Fares - Tiketi.com\",\"isPartOf\":{\"@id\":\"https:\/\/tiketi.com\/#website\"},\"primaryImageOfPage\":{\"@id\":\"https:\/\/tiketi.com\/companies\/buses\/an-classic-bus\/#primaryimage\"},\"image\":{\"@id\":\"https:\/\/tiketi.com\/companies\/buses\/an-classic-bus\/#primaryimage\"},\"thumbnailUrl\":\"https:\/\/tiketi.com\/wp-content\/uploads\/2022\/01\/bus-ticket-online-booking.jpg\",\"datePublished\":\"2023-05-05T08:33:56+00:00\",\"dateModified\":\"2023-05-05T09:55:05+00:00\",\"description\":\"Looking for AN Classic Bus online booking Tanzania, app, bus routes, fare and schedule? Make cheap AN Classic Bus online bus ticket booking now\",\"breadcrumb\":{\"@id\":\"https:\/\/tiketi.com\/companies\/buses\/an-classic-bus\/#breadcrumb\"},\"inLanguage\":\"fr-FR\",\"potentialAction\":[{\"@type\":\"ReadAction\",\"target\":[\"https:\/\/tiketi.com\/companies\/buses\/an-classic-bus\/\"]}]},{\"@type\":\"ImageObject\",\"inLanguage\":\"fr-FR\",\"@id\":\"https:\/\/tiketi.com\/companies\/buses\/an-classic-bus\/#primaryimage\",\"url\":\"https:\/\/tiketi.com\/wp-content\/uploads\/2022\/01\/bus-ticket-online-booking.jpg\",\"contentUrl\":\"https:\/\/tiketi.com\/wp-content\/uploads\/2022\/01\/bus-ticket-online-booking.jpg\",\"width\":1200,\"height\":206,\"caption\":\"Online Bus Ticket Booking\"},{\"@type\":\"BreadcrumbList\",\"@id\":\"https:\/\/tiketi.com\/companies\/buses\/an-classic-bus\/#breadcrumb\",\"itemListElement\":[{\"@type\":\"ListItem\",\"position\":1,\"name\":\"Home\",\"item\":\"https:\/\/tiketi.com\/\"},{\"@type\":\"ListItem\",\"position\":2,\"name\":\"Companies\",\"item\":\"https:\/\/tiketi.com\/companies\/\"},{\"@type\":\"ListItem\",\"position\":3,\"name\":\"Buses\",\"item\":\"https:\/\/tiketi.com\/companies\/buses\/\"},{\"@type\":\"ListItem\",\"position\":4,\"name\":\"AN Classic Bus Online Booking, Bus Tickets, Routes &#038; Fares\"}]},{\"@type\":\"WebSite\",\"@id\":\"https:\/\/tiketi.com\/#website\",\"url\":\"https:\/\/tiketi.com\/\",\"name\":\"Flight & Bus Tickets, Tour Packages & Activitites - Tiketi.com\",\"description\":\"Flight &amp; Bus Tickets, Tours, Activitites\",\"publisher\":{\"@id\":\"https:\/\/tiketi.com\/#organization\"},\"potentialAction\":[{\"@type\":\"SearchAction\",\"target\":{\"@type\":\"EntryPoint\",\"urlTemplate\":\"https:\/\/tiketi.com\/?s={search_term_string}\"},\"query-input\":{\"@type\":\"PropertyValueSpecification\",\"valueRequired\":true,\"valueName\":\"search_term_string\"}}],\"inLanguage\":\"fr-FR\"},{\"@type\":\"Organization\",\"@id\":\"https:\/\/tiketi.com\/#organization\",\"name\":\"Tiketi.com\",\"alternateName\":\"Tiketi\",\"url\":\"https:\/\/tiketi.com\/\",\"logo\":{\"@type\":\"ImageObject\",\"inLanguage\":\"fr-FR\",\"@id\":\"https:\/\/tiketi.com\/#\/schema\/logo\/image\/\",\"url\":\"https:\/\/tiketi.com\/wp-content\/uploads\/2019\/05\/tiketi-logo-696.png\",\"contentUrl\":\"https:\/\/tiketi.com\/wp-content\/uploads\/2019\/05\/tiketi-logo-696.png\",\"width\":696,\"height\":696,\"caption\":\"Tiketi.com\"},\"image\":{\"@id\":\"https:\/\/tiketi.com\/#\/schema\/logo\/image\/\"},\"sameAs\":[\"https:\/\/www.facebook.com\/TiketiCom\/\"]}]}<\/script>\n<!-- \/ Yoast SEO plugin. -->","yoast_head_json":{"title":"AN Classic Bus R\u00e9servation en ligne, billets de bus, itin\u00e9raires et tarifs - Tiketi.com","description":"Vous recherchez la r\u00e9servation en ligne d&#039;AN Classic Bus en Tanzanie, une application, des itin\u00e9raires de bus, des tarifs et des horaires\u00a0? R\u00e9servez d\u00e8s maintenant vos billets de bus en ligne AN Classic Bus \u00e0 bas prix","robots":{"index":"index","follow":"follow","max-snippet":"max-snippet:-1","max-image-preview":"max-image-preview:large","max-video-preview":"max-video-preview:-1"},"canonical":"https:\/\/tiketi.com\/fr-fr\/companies\/buses\/an-classic-bus\/","og_locale":"fr_FR","og_type":"article","og_title":"AN Classic Bus Online Booking, Bus Tickets, Routes & Fares - Tiketi.com","og_description":"Looking for AN Classic Bus online booking Tanzania, app, bus routes, fare and schedule? Make cheap AN Classic Bus online bus ticket booking now","og_url":"https:\/\/tiketi.com\/fr-fr\/companies\/buses\/an-classic-bus\/","og_site_name":"Tiketi.com","article_publisher":"https:\/\/www.facebook.com\/TiketiCom\/","article_modified_time":"2023-05-05T09:55:05+00:00","og_image":[{"width":1200,"height":206,"url":"https:\/\/tiketi.com\/wp-content\/uploads\/2022\/01\/bus-ticket-online-booking.jpg","type":"image\/jpeg"}],"twitter_card":"summary_large_image","twitter_misc":{"Dur\u00e9e de lecture estim\u00e9e":"2 minutes"},"schema":{"@context":"https:\/\/schema.org","@graph":[{"@type":"WebPage","@id":"https:\/\/tiketi.com\/companies\/buses\/an-classic-bus\/","url":"https:\/\/tiketi.com\/companies\/buses\/an-classic-bus\/","name":"AN Classic Bus R\u00e9servation en ligne, billets de bus, itin\u00e9raires et tarifs - Tiketi.com","isPartOf":{"@id":"https:\/\/tiketi.com\/#website"},"primaryImageOfPage":{"@id":"https:\/\/tiketi.com\/companies\/buses\/an-classic-bus\/#primaryimage"},"image":{"@id":"https:\/\/tiketi.com\/companies\/buses\/an-classic-bus\/#primaryimage"},"thumbnailUrl":"https:\/\/tiketi.com\/wp-content\/uploads\/2022\/01\/bus-ticket-online-booking.jpg","datePublished":"2023-05-05T08:33:56+00:00","dateModified":"2023-05-05T09:55:05+00:00","description":"Vous recherchez la r\u00e9servation en ligne d&#039;AN Classic Bus en Tanzanie, une application, des itin\u00e9raires de bus, des tarifs et des horaires\u00a0? R\u00e9servez d\u00e8s maintenant vos billets de bus en ligne AN Classic Bus \u00e0 bas prix","breadcrumb":{"@id":"https:\/\/tiketi.com\/companies\/buses\/an-classic-bus\/#breadcrumb"},"inLanguage":"fr-FR","potentialAction":[{"@type":"ReadAction","target":["https:\/\/tiketi.com\/companies\/buses\/an-classic-bus\/"]}]},{"@type":"ImageObject","inLanguage":"fr-FR","@id":"https:\/\/tiketi.com\/companies\/buses\/an-classic-bus\/#primaryimage","url":"https:\/\/tiketi.com\/wp-content\/uploads\/2022\/01\/bus-ticket-online-booking.jpg","contentUrl":"https:\/\/tiketi.com\/wp-content\/uploads\/2022\/01\/bus-ticket-online-booking.jpg","width":1200,"height":206,"caption":"Online Bus Ticket Booking"},{"@type":"BreadcrumbList","@id":"https:\/\/tiketi.com\/companies\/buses\/an-classic-bus\/#breadcrumb","itemListElement":[{"@type":"ListItem","position":1,"name":"Home","item":"https:\/\/tiketi.com\/"},{"@type":"ListItem","position":2,"name":"Companies","item":"https:\/\/tiketi.com\/companies\/"},{"@type":"ListItem","position":3,"name":"Buses","item":"https:\/\/tiketi.com\/companies\/buses\/"},{"@type":"ListItem","position":4,"name":"AN Classic Bus Online Booking, Bus Tickets, Routes &#038; Fares"}]},{"@type":"WebSite","@id":"https:\/\/tiketi.com\/#website","url":"https:\/\/tiketi.com\/","name":"Billets d&#039;avion et de bus, forfaits touristiques et activit\u00e9s - Tiketi.com","description":"Billets d&#039;avion et de bus, Tours, Activit\u00e9s","publisher":{"@id":"https:\/\/tiketi.com\/#organization"},"potentialAction":[{"@type":"SearchAction","target":{"@type":"EntryPoint","urlTemplate":"https:\/\/tiketi.com\/?s={search_term_string}"},"query-input":{"@type":"PropertyValueSpecification","valueRequired":true,"valueName":"search_term_string"}}],"inLanguage":"fr-FR"},{"@type":"Organization","@id":"https:\/\/tiketi.com\/#organization","name":"Tiketi.com","alternateName":"Tiketi","url":"https:\/\/tiketi.com\/","logo":{"@type":"ImageObject","inLanguage":"fr-FR","@id":"https:\/\/tiketi.com\/#\/schema\/logo\/image\/","url":"https:\/\/tiketi.com\/wp-content\/uploads\/2019\/05\/tiketi-logo-696.png","contentUrl":"https:\/\/tiketi.com\/wp-content\/uploads\/2019\/05\/tiketi-logo-696.png","width":696,"height":696,"caption":"Tiketi.com"},"image":{"@id":"https:\/\/tiketi.com\/#\/schema\/logo\/image\/"},"sameAs":["https:\/\/www.facebook.com\/TiketiCom\/"]}]}},"_links":{"self":[{"href":"https:\/\/tiketi.com\/fr-fr\/wp-json\/wp\/v2\/pages\/27859","targetHints":{"allow":["GET"]}}],"collection":[{"href":"https:\/\/tiketi.com\/fr-fr\/wp-json\/wp\/v2\/pages"}],"about":[{"href":"https:\/\/tiketi.com\/fr-fr\/wp-json\/wp\/v2\/types\/page"}],"author":[{"embeddable":true,"href":"https:\/\/tiketi.com\/fr-fr\/wp-json\/wp\/v2\/users\/1"}],"replies":[{"embeddable":true,"href":"https:\/\/tiketi.com\/fr-fr\/wp-json\/wp\/v2\/comments?post=27859"}],"version-history":[{"count":0,"href":"https:\/\/tiketi.com\/fr-fr\/wp-json\/wp\/v2\/pages\/27859\/revisions"}],"up":[{"embeddable":true,"href":"https:\/\/tiketi.com\/fr-fr\/wp-json\/wp\/v2\/pages\/25524"}],"wp:featuredmedia":[{"embeddable":true,"href":"https:\/\/tiketi.com\/fr-fr\/wp-json\/wp\/v2\/media\/13999"}],"wp:attachment":[{"href":"https:\/\/tiketi.com\/fr-fr\/wp-json\/wp\/v2\/media?parent=27859"}],"curies":[{"name":"wp","href":"https:\/\/api.w.org\/{rel}","templated":true}]}}