{"id":27861,"date":"2023-05-05T09:34:20","date_gmt":"2023-05-05T08:34:20","guid":{"rendered":"https:\/\/tiketi.com\/?page_id=27861"},"modified":"2023-05-05T10:52:00","modified_gmt":"2023-05-05T09:52:00","slug":"jobela-star-bus","status":"publish","type":"page","link":"https:\/\/tiketi.com\/fr-fr\/companies\/buses\/jobela-star-bus\/","title":{"rendered":"Jobela Star Bus R\u00e9servations en ligne, billets de bus, itin\u00e9raires et tarifs"},"content":{"rendered":"<h2>R\u00e9servation de billets de bus en ligne Jobela Star Bus pas cher<\/h2>\n<h3>D\u00e9couvrez votre itin\u00e9raire de voyage sur le Web, sur mobile ou sur une application et r\u00e9servez d\u00e8s maintenant des billets Jobela Star Bus pas chers en ligne.<\/h3>\n<p>Les r\u00e9servations en ligne de Jobela Star Bus sont facilit\u00e9es. Le service de bus vedette Jobela est une entreprise de bus appartenant \u00e0 100 % \u00e0 des Noirs.<br \/>C&#039;est un leader dans les voyages en bus longue distance et locaux depuis la ville du Cap vers des endroits du Cap oriental autour de l&#039;Afrique du Sud et exploite \u00e9galement des routes transfrontali\u00e8res de Johannesburg au Malawi. La r\u00e9servation de billets de bus en ligne Jobela Star Bus est s\u00fbre et vous permet d&#039;\u00e9conomiser du temps et de l&#039;argent.<\/p>\n<h2>Jobela Star Bus R\u00e9servations en ligne, billets de bus, horaires, itin\u00e9raires et tarifs FAQ<\/h2>\n<h3>Quelles sont les lignes de bus Jobela Star Bus les plus connues quotidiennement ?<\/h3>\n<p>Jozi \u00e0 BT R1700<br \/>Jozi \u00e0 LL R1700<br \/>Jozi \u00e0 MZ R2100<br \/>Malawi en jozi 70 000 K<br \/>Le Malawi atteint 100 000 K<br \/>Du Cap \u00e0 Blantyre R2200<br \/>Du Cap \u00e0 Lilongwe R2200<br \/>Du Cap \u00e0 Mzuzu R2600<\/p>\n<h3><span style=\"font-family: georgia, palatino, serif;\">Ligne de service de bus \u00e9toile Jobela<\/span><\/h3>\n<p>Cette entreprise dispose d&#039;une flotte d&#039;autocars de luxe et d&#039;autobus bien entretenus dans ses entrep\u00f4ts \u00e0 Johannesburg et au Cap. Ils ont des bus propres avec des remorques et arrivent \u00e0 l&#039;heure aux destinations. La r\u00e9servation de billets de bus en ligne Jobela Star Bus est s\u00fbre et vous permet d&#039;\u00e9conomiser du temps et de l&#039;argent.<\/p>\n<h3>Flotte de bus et ligne de service Jobela Star<\/h3>\n<p>Cette entreprise dispose d&#039;une flotte d&#039;autocars de luxe et d&#039;autobus bien entretenus dans ses entrep\u00f4ts au Cap et \u00e0 Johannesburg\u00a0; ils ont des bus propres avec des remorques et arrivent \u00e0 l&#039;heure aux endroits.<\/p>\n<p>Tous leurs v\u00e9hicules sont \u00e9quip\u00e9s de syst\u00e8mes informatiques de bord, d&#039;un syst\u00e8me de suivi par satellite des maisons enregistr\u00e9es ainsi que d&#039;un contact t\u00e9l\u00e9phonique 24 heures sur 24.<\/p>\n<p>Leurs chauffeurs sont tous des chauffeurs longue distance bien exp\u00e9riment\u00e9s et form\u00e9s, parfaitement conscients du service n\u00e9cessaire pour d\u00e9tendre leurs clients.<\/p>\n<p>Pendant que vous voyagez avec le bus Jobela, vous adorerez les divertissements \u00e0 bord comme le syst\u00e8me de musique, les services de t\u00e9l\u00e9vision et bien d&#039;autres encore.<\/p>\n<p>Leurs bus sont dot\u00e9s de services de climatisation tout au long du voyage, d&#039;un r\u00e9frig\u00e9rateur \u00e0 bord, d&#039;un syst\u00e8me de recharge \u00e0 bord pour vous, ainsi que de toilettes pour un petit appel.<\/p>\n<h3>Quelles sont les coordonn\u00e9es et le num\u00e9ro des bus Jobela Star Bus ?<\/h3>\n<p>Afrique du Sud<br \/>B\u00e2timent Victor<br \/>164, rue Pritchard et Nuggit<br \/>Johannesbourg<\/p>\n<h2>Conseils pour la r\u00e9servation de billets de bus en ligne Jobela Star Bus<\/h2>\n<p>L&#039;entreprise s&#039;efforce d&#039;\u00e9tablir des relations continues avec ses passagers, en acqu\u00e9rant continuellement une compr\u00e9hension de leurs besoins en mati\u00e8re de voyage ainsi que de leurs besoins futurs.<\/p>\n<p>Tous leurs v\u00e9hicules sont \u00e9quip\u00e9s d&#039;un syst\u00e8me informatique de bord, d&#039;un suivi par satellite v\u00e9rifi\u00e9 en interne et d&#039;un contact t\u00e9l\u00e9phonique vingt-quatre heures sur vingt-quatre.<\/p>\n<p>\u00a0<\/p>","protected":false},"excerpt":{"rendered":"<p>Cheap Jobela Star Bus Online Bus Ticket Booking Discover your travel route on web, mobile or app and book cheap Jobela Star Bus tickets online now. Jobela Star Bus online bookings made easy. Jobela star bus service is a hundred percent black owned bus firm.It is a leader in long and local distance bus travel [&hellip;]<\/p>\n","protected":false},"author":1,"featured_media":13999,"parent":25524,"menu_order":0,"comment_status":"closed","ping_status":"closed","template":"template-home-modern.php","meta":{"footnotes":""},"class_list":["post-27861","page","type-page","status-publish","has-post-thumbnail","hentry"],"yoast_head":"<!-- This site is optimized with the Yoast SEO plugin v27.5 - https:\/\/yoast.com\/product\/yoast-seo-wordpress\/ -->\n<title>Jobela Star Bus Online Bookings, Bus Tickets, Routes &amp; Fares - Tiketi.com<\/title>\n<meta name=\"description\" content=\"Looking for Jobela Star bus online booking, app, bus routes, fare and schedule? Make cheap Jobela Star bus online bus ticket booking now\" \/>\n<meta name=\"robots\" content=\"index, follow, max-snippet:-1, max-image-preview:large, max-video-preview:-1\" \/>\n<link rel=\"canonical\" href=\"https:\/\/tiketi.com\/fr-fr\/kampuni\/mabasi\/jobela-star-bus\/\" \/>\n<meta property=\"og:locale\" content=\"fr_FR\" \/>\n<meta property=\"og:type\" content=\"article\" \/>\n<meta property=\"og:title\" content=\"Jobela Star Bus Online Bookings, Bus Tickets, Routes &amp; Fares - Tiketi.com\" \/>\n<meta property=\"og:description\" content=\"Looking for Jobela Star bus online booking, app, bus routes, fare and schedule? Make cheap Jobela Star bus online bus ticket booking now\" \/>\n<meta property=\"og:url\" content=\"https:\/\/tiketi.com\/fr-fr\/kampuni\/mabasi\/jobela-star-bus\/\" \/>\n<meta property=\"og:site_name\" content=\"Tiketi.com\" \/>\n<meta property=\"article:publisher\" content=\"https:\/\/www.facebook.com\/TiketiCom\/\" \/>\n<meta property=\"article:modified_time\" content=\"2023-05-05T09:52:00+00:00\" \/>\n<meta property=\"og:image\" content=\"https:\/\/tiketi.com\/wp-content\/uploads\/2022\/01\/bus-ticket-online-booking.jpg\" \/>\n\t<meta property=\"og:image:width\" content=\"1200\" \/>\n\t<meta property=\"og:image:height\" content=\"206\" \/>\n\t<meta property=\"og:image:type\" content=\"image\/jpeg\" \/>\n<meta name=\"twitter:card\" content=\"summary_large_image\" \/>\n<meta name=\"twitter:label1\" content=\"Dur\u00e9e de lecture estim\u00e9e\" \/>\n\t<meta name=\"twitter:data1\" content=\"2 minutes\" \/>\n<script type=\"application\/ld+json\" class=\"yoast-schema-graph\">{\"@context\":\"https:\\\/\\\/schema.org\",\"@graph\":[{\"@type\":\"WebPage\",\"@id\":\"https:\\\/\\\/tiketi.com\\\/sw\\\/kampuni\\\/mabasi\\\/jobela-star-bus\\\/\",\"url\":\"https:\\\/\\\/tiketi.com\\\/sw\\\/kampuni\\\/mabasi\\\/jobela-star-bus\\\/\",\"name\":\"Jobela Star Bus Online Bookings, Bus Tickets, Routes & Fares - Tiketi.com\",\"isPartOf\":{\"@id\":\"https:\\\/\\\/tiketi.com\\\/#website\"},\"primaryImageOfPage\":{\"@id\":\"https:\\\/\\\/tiketi.com\\\/sw\\\/kampuni\\\/mabasi\\\/jobela-star-bus\\\/#primaryimage\"},\"image\":{\"@id\":\"https:\\\/\\\/tiketi.com\\\/sw\\\/kampuni\\\/mabasi\\\/jobela-star-bus\\\/#primaryimage\"},\"thumbnailUrl\":\"https:\\\/\\\/tiketi.com\\\/wp-content\\\/uploads\\\/2022\\\/01\\\/bus-ticket-online-booking.jpg\",\"datePublished\":\"2023-05-05T08:34:20+00:00\",\"dateModified\":\"2023-05-05T09:52:00+00:00\",\"description\":\"Looking for Jobela Star bus online booking, app, bus routes, fare and schedule? Make cheap Jobela Star bus online bus ticket booking now\",\"breadcrumb\":{\"@id\":\"https:\\\/\\\/tiketi.com\\\/sw\\\/kampuni\\\/mabasi\\\/jobela-star-bus\\\/#breadcrumb\"},\"inLanguage\":\"fr-FR\",\"potentialAction\":[{\"@type\":\"ReadAction\",\"target\":[\"https:\\\/\\\/tiketi.com\\\/sw\\\/kampuni\\\/mabasi\\\/jobela-star-bus\\\/\"]}]},{\"@type\":\"ImageObject\",\"inLanguage\":\"fr-FR\",\"@id\":\"https:\\\/\\\/tiketi.com\\\/sw\\\/kampuni\\\/mabasi\\\/jobela-star-bus\\\/#primaryimage\",\"url\":\"https:\\\/\\\/tiketi.com\\\/wp-content\\\/uploads\\\/2022\\\/01\\\/bus-ticket-online-booking.jpg\",\"contentUrl\":\"https:\\\/\\\/tiketi.com\\\/wp-content\\\/uploads\\\/2022\\\/01\\\/bus-ticket-online-booking.jpg\",\"width\":1200,\"height\":206,\"caption\":\"Online Bus Ticket Booking\"},{\"@type\":\"BreadcrumbList\",\"@id\":\"https:\\\/\\\/tiketi.com\\\/sw\\\/kampuni\\\/mabasi\\\/jobela-star-bus\\\/#breadcrumb\",\"itemListElement\":[{\"@type\":\"ListItem\",\"position\":1,\"name\":\"Home\",\"item\":\"https:\\\/\\\/tiketi.com\\\/\"},{\"@type\":\"ListItem\",\"position\":2,\"name\":\"Companies\",\"item\":\"https:\\\/\\\/tiketi.com\\\/companies\\\/\"},{\"@type\":\"ListItem\",\"position\":3,\"name\":\"Buses\",\"item\":\"https:\\\/\\\/tiketi.com\\\/companies\\\/buses\\\/\"},{\"@type\":\"ListItem\",\"position\":4,\"name\":\"Jobela Star Bus Online Bookings, Bus Tickets, Routes &#038; Fares\"}]},{\"@type\":\"WebSite\",\"@id\":\"https:\\\/\\\/tiketi.com\\\/#website\",\"url\":\"https:\\\/\\\/tiketi.com\\\/\",\"name\":\"Flight & Bus Tickets, Tour Packages & Activitites - Tiketi.com\",\"description\":\"Flight &amp; Bus Tickets, Tours, Activitites\",\"publisher\":{\"@id\":\"https:\\\/\\\/tiketi.com\\\/#organization\"},\"potentialAction\":[{\"@type\":\"SearchAction\",\"target\":{\"@type\":\"EntryPoint\",\"urlTemplate\":\"https:\\\/\\\/tiketi.com\\\/?s={search_term_string}\"},\"query-input\":{\"@type\":\"PropertyValueSpecification\",\"valueRequired\":true,\"valueName\":\"search_term_string\"}}],\"inLanguage\":\"fr-FR\"},{\"@type\":\"Organization\",\"@id\":\"https:\\\/\\\/tiketi.com\\\/#organization\",\"name\":\"Tiketi.com\",\"alternateName\":\"Tiketi\",\"url\":\"https:\\\/\\\/tiketi.com\\\/\",\"logo\":{\"@type\":\"ImageObject\",\"inLanguage\":\"fr-FR\",\"@id\":\"https:\\\/\\\/tiketi.com\\\/#\\\/schema\\\/logo\\\/image\\\/\",\"url\":\"https:\\\/\\\/tiketi.com\\\/wp-content\\\/uploads\\\/2019\\\/05\\\/tiketi-logo-696.png\",\"contentUrl\":\"https:\\\/\\\/tiketi.com\\\/wp-content\\\/uploads\\\/2019\\\/05\\\/tiketi-logo-696.png\",\"width\":696,\"height\":696,\"caption\":\"Tiketi.com\"},\"image\":{\"@id\":\"https:\\\/\\\/tiketi.com\\\/#\\\/schema\\\/logo\\\/image\\\/\"},\"sameAs\":[\"https:\\\/\\\/www.facebook.com\\\/TiketiCom\\\/\"]}]}<\/script>\n<!-- \/ Yoast SEO plugin. -->","yoast_head_json":{"title":"Jobela Star Bus R\u00e9servations en ligne, billets de bus, itin\u00e9raires et tarifs - Tiketi.com","description":"Vous recherchez une r\u00e9servation en ligne de bus Jobela Star, une application, des itin\u00e9raires de bus, des tarifs et des horaires\u00a0? R\u00e9servez d\u00e8s maintenant vos billets de bus en ligne Jobela Star bus pas chers","robots":{"index":"index","follow":"follow","max-snippet":"max-snippet:-1","max-image-preview":"max-image-preview:large","max-video-preview":"max-video-preview:-1"},"canonical":"https:\/\/tiketi.com\/fr-fr\/kampuni\/mabasi\/jobela-star-bus\/","og_locale":"fr_FR","og_type":"article","og_title":"Jobela Star Bus Online Bookings, Bus Tickets, Routes & Fares - Tiketi.com","og_description":"Looking for Jobela Star bus online booking, app, bus routes, fare and schedule? Make cheap Jobela Star bus online bus ticket booking now","og_url":"https:\/\/tiketi.com\/fr-fr\/kampuni\/mabasi\/jobela-star-bus\/","og_site_name":"Tiketi.com","article_publisher":"https:\/\/www.facebook.com\/TiketiCom\/","article_modified_time":"2023-05-05T09:52:00+00:00","og_image":[{"width":1200,"height":206,"url":"https:\/\/tiketi.com\/wp-content\/uploads\/2022\/01\/bus-ticket-online-booking.jpg","type":"image\/jpeg"}],"twitter_card":"summary_large_image","twitter_misc":{"Dur\u00e9e de lecture estim\u00e9e":"2 minutes"},"schema":{"@context":"https:\/\/schema.org","@graph":[{"@type":"WebPage","@id":"https:\/\/tiketi.com\/sw\/kampuni\/mabasi\/jobela-star-bus\/","url":"https:\/\/tiketi.com\/sw\/kampuni\/mabasi\/jobela-star-bus\/","name":"Jobela Star Bus R\u00e9servations en ligne, billets de bus, itin\u00e9raires et tarifs - Tiketi.com","isPartOf":{"@id":"https:\/\/tiketi.com\/#website"},"primaryImageOfPage":{"@id":"https:\/\/tiketi.com\/sw\/kampuni\/mabasi\/jobela-star-bus\/#primaryimage"},"image":{"@id":"https:\/\/tiketi.com\/sw\/kampuni\/mabasi\/jobela-star-bus\/#primaryimage"},"thumbnailUrl":"https:\/\/tiketi.com\/wp-content\/uploads\/2022\/01\/bus-ticket-online-booking.jpg","datePublished":"2023-05-05T08:34:20+00:00","dateModified":"2023-05-05T09:52:00+00:00","description":"Vous recherchez une r\u00e9servation en ligne de bus Jobela Star, une application, des itin\u00e9raires de bus, des tarifs et des horaires\u00a0? R\u00e9servez d\u00e8s maintenant vos billets de bus en ligne Jobela Star bus pas chers","breadcrumb":{"@id":"https:\/\/tiketi.com\/sw\/kampuni\/mabasi\/jobela-star-bus\/#breadcrumb"},"inLanguage":"fr-FR","potentialAction":[{"@type":"ReadAction","target":["https:\/\/tiketi.com\/sw\/kampuni\/mabasi\/jobela-star-bus\/"]}]},{"@type":"ImageObject","inLanguage":"fr-FR","@id":"https:\/\/tiketi.com\/sw\/kampuni\/mabasi\/jobela-star-bus\/#primaryimage","url":"https:\/\/tiketi.com\/wp-content\/uploads\/2022\/01\/bus-ticket-online-booking.jpg","contentUrl":"https:\/\/tiketi.com\/wp-content\/uploads\/2022\/01\/bus-ticket-online-booking.jpg","width":1200,"height":206,"caption":"Online Bus Ticket Booking"},{"@type":"BreadcrumbList","@id":"https:\/\/tiketi.com\/sw\/kampuni\/mabasi\/jobela-star-bus\/#breadcrumb","itemListElement":[{"@type":"ListItem","position":1,"name":"Home","item":"https:\/\/tiketi.com\/"},{"@type":"ListItem","position":2,"name":"Companies","item":"https:\/\/tiketi.com\/companies\/"},{"@type":"ListItem","position":3,"name":"Buses","item":"https:\/\/tiketi.com\/companies\/buses\/"},{"@type":"ListItem","position":4,"name":"Jobela Star Bus Online Bookings, Bus Tickets, Routes &#038; Fares"}]},{"@type":"WebSite","@id":"https:\/\/tiketi.com\/#website","url":"https:\/\/tiketi.com\/","name":"Billets d&#039;avion et de bus, forfaits touristiques et activit\u00e9s - Tiketi.com","description":"Billets d&#039;avion et de bus, Tours, Activit\u00e9s","publisher":{"@id":"https:\/\/tiketi.com\/#organization"},"potentialAction":[{"@type":"SearchAction","target":{"@type":"EntryPoint","urlTemplate":"https:\/\/tiketi.com\/?s={search_term_string}"},"query-input":{"@type":"PropertyValueSpecification","valueRequired":true,"valueName":"search_term_string"}}],"inLanguage":"fr-FR"},{"@type":"Organization","@id":"https:\/\/tiketi.com\/#organization","name":"Tiketi.com","alternateName":"Tiketi","url":"https:\/\/tiketi.com\/","logo":{"@type":"ImageObject","inLanguage":"fr-FR","@id":"https:\/\/tiketi.com\/#\/schema\/logo\/image\/","url":"https:\/\/tiketi.com\/wp-content\/uploads\/2019\/05\/tiketi-logo-696.png","contentUrl":"https:\/\/tiketi.com\/wp-content\/uploads\/2019\/05\/tiketi-logo-696.png","width":696,"height":696,"caption":"Tiketi.com"},"image":{"@id":"https:\/\/tiketi.com\/#\/schema\/logo\/image\/"},"sameAs":["https:\/\/www.facebook.com\/TiketiCom\/"]}]}},"_links":{"self":[{"href":"https:\/\/tiketi.com\/fr-fr\/wp-json\/wp\/v2\/pages\/27861","targetHints":{"allow":["GET"]}}],"collection":[{"href":"https:\/\/tiketi.com\/fr-fr\/wp-json\/wp\/v2\/pages"}],"about":[{"href":"https:\/\/tiketi.com\/fr-fr\/wp-json\/wp\/v2\/types\/page"}],"author":[{"embeddable":true,"href":"https:\/\/tiketi.com\/fr-fr\/wp-json\/wp\/v2\/users\/1"}],"replies":[{"embeddable":true,"href":"https:\/\/tiketi.com\/fr-fr\/wp-json\/wp\/v2\/comments?post=27861"}],"version-history":[{"count":0,"href":"https:\/\/tiketi.com\/fr-fr\/wp-json\/wp\/v2\/pages\/27861\/revisions"}],"up":[{"embeddable":true,"href":"https:\/\/tiketi.com\/fr-fr\/wp-json\/wp\/v2\/pages\/25524"}],"wp:featuredmedia":[{"embeddable":true,"href":"https:\/\/tiketi.com\/fr-fr\/wp-json\/wp\/v2\/media\/13999"}],"wp:attachment":[{"href":"https:\/\/tiketi.com\/fr-fr\/wp-json\/wp\/v2\/media?parent=27861"}],"curies":[{"name":"wp","href":"https:\/\/api.w.org\/{rel}","templated":true}]}}