{"id":28116,"date":"2023-05-26T09:40:49","date_gmt":"2023-05-26T08:40:49","guid":{"rendered":"https:\/\/tiketi.com\/?page_id=28116"},"modified":"2023-05-26T10:19:03","modified_gmt":"2023-05-26T09:19:03","slug":"nairobi-to-moshi","status":"publish","type":"page","link":"https:\/\/tiketi.com\/fr-fr\/routes\/bus\/nairobi-to-moshi\/","title":{"rendered":"Bus from Nairobi to Moshi Bus Tickets, Fare, Schedule &amp; Route"},"content":{"rendered":"<h2>Cheap Bus Tickets from Nairobi to Moshi Online Booking<\/h2>\n<h3>Discover your travel route on web, mobile or app and book cheap bus ticket from Nairobi to Moshi online now.<\/h3>\n<p>Compare and do cheap bus from Nairobi to Moshi bus tickets booking online and travel Nairobi to Moshi by bus. Moshi is a little and dynamic Tanzanian market town. It is the capital of the Kilimanjaro area. Here are the ideas how to book bus tickets from Nairobi to Moshi:<\/p>\n<h2>Bus from Nairobi to Moshi Bus Tickets Booking, Routes, Schedules &amp; Fares FAQs<\/h2>\n<h3>Is the Nairobi to Moshi bus the affordable way to get&nbsp;to Moshi?<\/h3>\n<p>The affordable way to get from Nairobi to Moshi bus which costs $30 -$38 and takes around 7&nbsp;h.<\/p>\n<h3>How do I get from Nairobi to Moshi the quickest?<\/h3>\n<p>The quickest way to get from Nairobi to Moshi is to <u><a href=\"https:\/\/tiketi.com\/fr-fr\/flightst\/\" target=\"_blank\" rel=\"noopener\">voler<\/a><\/u>. Taking this choice will cost $75 &#8211; $370 and takes 1h 50m.<\/p>\n<h3>Is it possible to travel Nairobi to Moshi by bus direct?<\/h3>\n<p>No, there is no direct bus between Moshi and Nairobi. Anyway, there are services departing from Gerezani and arriving at Moshi through Nairobi. The journey, including transfers, takes about 7 h.<\/p>\n<h3>What is the distance between Nairobi to Moshi by bus?<\/h3>\n<p>The distance between Nairobi to Moshi by bus is 328 km.<\/p>\n<h3>How do I travel from Nairobi to Moshi without a personal vehicle?<\/h3>\n<p>The top way to get from Nairobi to Moshi without a personal vehicle is by bus which takes around 7 h.<\/p>\n<h2>Bus Tickets from Nairobi to Moshi Tips<\/h2>\n<p>Ce qui rend Moshi si sp\u00e9cial, c&#039;est le fait qu&#039;il est cach\u00e9 derri\u00e8re l&#039;un des paysages les plus charmants du monde, le mont Kilimandjaro enneig\u00e9. Peu importe o\u00f9 vous vous promenez \u00e0 Moshi, la montagne est toujours \u00e0 port\u00e9e de main. La ville est situ\u00e9e \u00e0 890 m d&#039;altitude, Moshi est le type d&#039;endroit o\u00f9 l&#039;on peut se d\u00e9tendre dans un environnement convivial et il est simple d&#039;entrer en contact avec les habitants. Passez quelques jours \u00e0 Moshi et d\u00e9couvrez ce qu&#039;il a \u00e0 offrir.<\/p>","protected":false},"excerpt":{"rendered":"<p>Cheap Bus Tickets from Nairobi to Moshi Online Booking Discover your travel route on web, mobile or app and book cheap bus ticket from Nairobi to Moshi online now. Compare and do cheap bus from Nairobi to Moshi bus tickets booking online and travel Nairobi to Moshi by bus. Moshi is a little and dynamic [&hellip;]<\/p>\n","protected":false},"author":1,"featured_media":13999,"parent":25566,"menu_order":0,"comment_status":"closed","ping_status":"closed","template":"template-home-modern.php","meta":{"footnotes":""},"class_list":["post-28116","page","type-page","status-publish","has-post-thumbnail","hentry"],"yoast_head":"<!-- This site is optimized with the Yoast SEO plugin v27.4 - https:\/\/yoast.com\/product\/yoast-seo-wordpress\/ -->\n<title>Bus from Nairobi to Moshi Bus Tickets, Fare, Schedule &amp; Route - Tiketi.com<\/title>\n<meta name=\"description\" content=\"Looking for bus from\u00a0Nairobi to Moshi bus ticket booking app, route &amp; fare? Book cheap bus tickets from Nairobi to Moshi online\" \/>\n<meta name=\"robots\" content=\"index, follow, max-snippet:-1, max-image-preview:large, max-video-preview:-1\" \/>\n<link rel=\"canonical\" href=\"https:\/\/tiketi.com\/fr-fr\/njia\/nauli-mabasi\/nairobi-to-moshi\/\" \/>\n<meta property=\"og:locale\" content=\"fr_FR\" \/>\n<meta property=\"og:type\" content=\"article\" \/>\n<meta property=\"og:title\" content=\"Bus from Nairobi to Moshi Bus Tickets, Fare, Schedule &amp; Route - Tiketi.com\" \/>\n<meta property=\"og:description\" content=\"Looking for bus from\u00a0Nairobi to Moshi bus ticket booking app, route &amp; fare? Book cheap bus tickets from Nairobi to Moshi online\" \/>\n<meta property=\"og:url\" content=\"https:\/\/tiketi.com\/fr-fr\/njia\/nauli-mabasi\/nairobi-to-moshi\/\" \/>\n<meta property=\"og:site_name\" content=\"Tiketi.com\" \/>\n<meta property=\"article:publisher\" content=\"https:\/\/www.facebook.com\/TiketiCom\/\" \/>\n<meta property=\"article:modified_time\" content=\"2023-05-26T09:19:03+00:00\" \/>\n<meta property=\"og:image\" content=\"https:\/\/tiketi.com\/wp-content\/uploads\/2022\/01\/bus-ticket-online-booking.jpg\" \/>\n\t<meta property=\"og:image:width\" content=\"1200\" \/>\n\t<meta property=\"og:image:height\" content=\"206\" \/>\n\t<meta property=\"og:image:type\" content=\"image\/jpeg\" \/>\n<meta name=\"twitter:card\" content=\"summary_large_image\" \/>\n<meta name=\"twitter:label1\" content=\"Dur\u00e9e de lecture estim\u00e9e\" \/>\n\t<meta name=\"twitter:data1\" content=\"2 minutes\" \/>\n<script type=\"application\/ld+json\" class=\"yoast-schema-graph\">{\"@context\":\"https:\\\/\\\/schema.org\",\"@graph\":[{\"@type\":\"WebPage\",\"@id\":\"https:\\\/\\\/tiketi.com\\\/sw\\\/njia\\\/nauli-mabasi\\\/nairobi-to-moshi\\\/\",\"url\":\"https:\\\/\\\/tiketi.com\\\/sw\\\/njia\\\/nauli-mabasi\\\/nairobi-to-moshi\\\/\",\"name\":\"Bus from Nairobi to Moshi Bus Tickets, Fare, Schedule &amp; Route - Tiketi.com\",\"isPartOf\":{\"@id\":\"https:\\\/\\\/tiketi.com\\\/#website\"},\"primaryImageOfPage\":{\"@id\":\"https:\\\/\\\/tiketi.com\\\/sw\\\/njia\\\/nauli-mabasi\\\/nairobi-to-moshi\\\/#primaryimage\"},\"image\":{\"@id\":\"https:\\\/\\\/tiketi.com\\\/sw\\\/njia\\\/nauli-mabasi\\\/nairobi-to-moshi\\\/#primaryimage\"},\"thumbnailUrl\":\"https:\\\/\\\/tiketi.com\\\/wp-content\\\/uploads\\\/2022\\\/01\\\/bus-ticket-online-booking.jpg\",\"datePublished\":\"2023-05-26T08:40:49+00:00\",\"dateModified\":\"2023-05-26T09:19:03+00:00\",\"description\":\"Looking for bus from\u00a0Nairobi to Moshi bus ticket booking app, route & fare? Book cheap bus tickets from Nairobi to Moshi online\",\"breadcrumb\":{\"@id\":\"https:\\\/\\\/tiketi.com\\\/sw\\\/njia\\\/nauli-mabasi\\\/nairobi-to-moshi\\\/#breadcrumb\"},\"inLanguage\":\"fr-FR\",\"potentialAction\":[{\"@type\":\"ReadAction\",\"target\":[\"https:\\\/\\\/tiketi.com\\\/sw\\\/njia\\\/nauli-mabasi\\\/nairobi-to-moshi\\\/\"]}]},{\"@type\":\"ImageObject\",\"inLanguage\":\"fr-FR\",\"@id\":\"https:\\\/\\\/tiketi.com\\\/sw\\\/njia\\\/nauli-mabasi\\\/nairobi-to-moshi\\\/#primaryimage\",\"url\":\"https:\\\/\\\/tiketi.com\\\/wp-content\\\/uploads\\\/2022\\\/01\\\/bus-ticket-online-booking.jpg\",\"contentUrl\":\"https:\\\/\\\/tiketi.com\\\/wp-content\\\/uploads\\\/2022\\\/01\\\/bus-ticket-online-booking.jpg\",\"width\":1200,\"height\":206,\"caption\":\"Online Bus Ticket Booking\"},{\"@type\":\"BreadcrumbList\",\"@id\":\"https:\\\/\\\/tiketi.com\\\/sw\\\/njia\\\/nauli-mabasi\\\/nairobi-to-moshi\\\/#breadcrumb\",\"itemListElement\":[{\"@type\":\"ListItem\",\"position\":1,\"name\":\"Home\",\"item\":\"https:\\\/\\\/tiketi.com\\\/\"},{\"@type\":\"ListItem\",\"position\":2,\"name\":\"Routes\",\"item\":\"https:\\\/\\\/tiketi.com\\\/routes\\\/\"},{\"@type\":\"ListItem\",\"position\":3,\"name\":\"Bus\",\"item\":\"https:\\\/\\\/tiketi.com\\\/routes\\\/bus\\\/\"},{\"@type\":\"ListItem\",\"position\":4,\"name\":\"Bus from Nairobi to Moshi Bus Tickets, Fare, Schedule &amp; Route\"}]},{\"@type\":\"WebSite\",\"@id\":\"https:\\\/\\\/tiketi.com\\\/#website\",\"url\":\"https:\\\/\\\/tiketi.com\\\/\",\"name\":\"Flight & Bus Tickets, Tour Packages & Activitites - Tiketi.com\",\"description\":\"Flight &amp; Bus Tickets, Tours, Activitites\",\"publisher\":{\"@id\":\"https:\\\/\\\/tiketi.com\\\/#organization\"},\"potentialAction\":[{\"@type\":\"SearchAction\",\"target\":{\"@type\":\"EntryPoint\",\"urlTemplate\":\"https:\\\/\\\/tiketi.com\\\/?s={search_term_string}\"},\"query-input\":{\"@type\":\"PropertyValueSpecification\",\"valueRequired\":true,\"valueName\":\"search_term_string\"}}],\"inLanguage\":\"fr-FR\"},{\"@type\":\"Organization\",\"@id\":\"https:\\\/\\\/tiketi.com\\\/#organization\",\"name\":\"Tiketi.com\",\"alternateName\":\"Tiketi\",\"url\":\"https:\\\/\\\/tiketi.com\\\/\",\"logo\":{\"@type\":\"ImageObject\",\"inLanguage\":\"fr-FR\",\"@id\":\"https:\\\/\\\/tiketi.com\\\/#\\\/schema\\\/logo\\\/image\\\/\",\"url\":\"https:\\\/\\\/tiketi.com\\\/wp-content\\\/uploads\\\/2019\\\/05\\\/tiketi-logo-696.png\",\"contentUrl\":\"https:\\\/\\\/tiketi.com\\\/wp-content\\\/uploads\\\/2019\\\/05\\\/tiketi-logo-696.png\",\"width\":696,\"height\":696,\"caption\":\"Tiketi.com\"},\"image\":{\"@id\":\"https:\\\/\\\/tiketi.com\\\/#\\\/schema\\\/logo\\\/image\\\/\"},\"sameAs\":[\"https:\\\/\\\/www.facebook.com\\\/TiketiCom\\\/\"]}]}<\/script>\n<!-- \/ Yoast SEO plugin. -->","yoast_head_json":{"title":"Bus from Nairobi to Moshi Bus Tickets, Fare, Schedule &amp; Route - Tiketi.com","description":"Looking for bus from\u00a0Nairobi to Moshi bus ticket booking app, route & fare? Book cheap bus tickets from Nairobi to Moshi online","robots":{"index":"index","follow":"follow","max-snippet":"max-snippet:-1","max-image-preview":"max-image-preview:large","max-video-preview":"max-video-preview:-1"},"canonical":"https:\/\/tiketi.com\/fr-fr\/njia\/nauli-mabasi\/nairobi-to-moshi\/","og_locale":"fr_FR","og_type":"article","og_title":"Bus from Nairobi to Moshi Bus Tickets, Fare, Schedule &amp; Route - Tiketi.com","og_description":"Looking for bus from\u00a0Nairobi to Moshi bus ticket booking app, route & fare? Book cheap bus tickets from Nairobi to Moshi online","og_url":"https:\/\/tiketi.com\/fr-fr\/njia\/nauli-mabasi\/nairobi-to-moshi\/","og_site_name":"Tiketi.com","article_publisher":"https:\/\/www.facebook.com\/TiketiCom\/","article_modified_time":"2023-05-26T09:19:03+00:00","og_image":[{"width":1200,"height":206,"url":"https:\/\/tiketi.com\/wp-content\/uploads\/2022\/01\/bus-ticket-online-booking.jpg","type":"image\/jpeg"}],"twitter_card":"summary_large_image","twitter_misc":{"Dur\u00e9e de lecture estim\u00e9e":"2 minutes"},"schema":{"@context":"https:\/\/schema.org","@graph":[{"@type":"WebPage","@id":"https:\/\/tiketi.com\/sw\/njia\/nauli-mabasi\/nairobi-to-moshi\/","url":"https:\/\/tiketi.com\/sw\/njia\/nauli-mabasi\/nairobi-to-moshi\/","name":"Bus from Nairobi to Moshi Bus Tickets, Fare, Schedule &amp; Route - Tiketi.com","isPartOf":{"@id":"https:\/\/tiketi.com\/#website"},"primaryImageOfPage":{"@id":"https:\/\/tiketi.com\/sw\/njia\/nauli-mabasi\/nairobi-to-moshi\/#primaryimage"},"image":{"@id":"https:\/\/tiketi.com\/sw\/njia\/nauli-mabasi\/nairobi-to-moshi\/#primaryimage"},"thumbnailUrl":"https:\/\/tiketi.com\/wp-content\/uploads\/2022\/01\/bus-ticket-online-booking.jpg","datePublished":"2023-05-26T08:40:49+00:00","dateModified":"2023-05-26T09:19:03+00:00","description":"Looking for bus from\u00a0Nairobi to Moshi bus ticket booking app, route & fare? Book cheap bus tickets from Nairobi to Moshi online","breadcrumb":{"@id":"https:\/\/tiketi.com\/sw\/njia\/nauli-mabasi\/nairobi-to-moshi\/#breadcrumb"},"inLanguage":"fr-FR","potentialAction":[{"@type":"ReadAction","target":["https:\/\/tiketi.com\/sw\/njia\/nauli-mabasi\/nairobi-to-moshi\/"]}]},{"@type":"ImageObject","inLanguage":"fr-FR","@id":"https:\/\/tiketi.com\/sw\/njia\/nauli-mabasi\/nairobi-to-moshi\/#primaryimage","url":"https:\/\/tiketi.com\/wp-content\/uploads\/2022\/01\/bus-ticket-online-booking.jpg","contentUrl":"https:\/\/tiketi.com\/wp-content\/uploads\/2022\/01\/bus-ticket-online-booking.jpg","width":1200,"height":206,"caption":"Online Bus Ticket Booking"},{"@type":"BreadcrumbList","@id":"https:\/\/tiketi.com\/sw\/njia\/nauli-mabasi\/nairobi-to-moshi\/#breadcrumb","itemListElement":[{"@type":"ListItem","position":1,"name":"Home","item":"https:\/\/tiketi.com\/"},{"@type":"ListItem","position":2,"name":"Routes","item":"https:\/\/tiketi.com\/routes\/"},{"@type":"ListItem","position":3,"name":"Bus","item":"https:\/\/tiketi.com\/routes\/bus\/"},{"@type":"ListItem","position":4,"name":"Bus from Nairobi to Moshi Bus Tickets, Fare, Schedule &amp; Route"}]},{"@type":"WebSite","@id":"https:\/\/tiketi.com\/#website","url":"https:\/\/tiketi.com\/","name":"Billets d&#039;avion et de bus, forfaits touristiques et activit\u00e9s - Tiketi.com","description":"Billets d&#039;avion et de bus, Tours, Activit\u00e9s","publisher":{"@id":"https:\/\/tiketi.com\/#organization"},"potentialAction":[{"@type":"SearchAction","target":{"@type":"EntryPoint","urlTemplate":"https:\/\/tiketi.com\/?s={search_term_string}"},"query-input":{"@type":"PropertyValueSpecification","valueRequired":true,"valueName":"search_term_string"}}],"inLanguage":"fr-FR"},{"@type":"Organization","@id":"https:\/\/tiketi.com\/#organization","name":"Tiketi.com","alternateName":"Tiketi","url":"https:\/\/tiketi.com\/","logo":{"@type":"ImageObject","inLanguage":"fr-FR","@id":"https:\/\/tiketi.com\/#\/schema\/logo\/image\/","url":"https:\/\/tiketi.com\/wp-content\/uploads\/2019\/05\/tiketi-logo-696.png","contentUrl":"https:\/\/tiketi.com\/wp-content\/uploads\/2019\/05\/tiketi-logo-696.png","width":696,"height":696,"caption":"Tiketi.com"},"image":{"@id":"https:\/\/tiketi.com\/#\/schema\/logo\/image\/"},"sameAs":["https:\/\/www.facebook.com\/TiketiCom\/"]}]}},"_links":{"self":[{"href":"https:\/\/tiketi.com\/fr-fr\/wp-json\/wp\/v2\/pages\/28116","targetHints":{"allow":["GET"]}}],"collection":[{"href":"https:\/\/tiketi.com\/fr-fr\/wp-json\/wp\/v2\/pages"}],"about":[{"href":"https:\/\/tiketi.com\/fr-fr\/wp-json\/wp\/v2\/types\/page"}],"author":[{"embeddable":true,"href":"https:\/\/tiketi.com\/fr-fr\/wp-json\/wp\/v2\/users\/1"}],"replies":[{"embeddable":true,"href":"https:\/\/tiketi.com\/fr-fr\/wp-json\/wp\/v2\/comments?post=28116"}],"version-history":[{"count":0,"href":"https:\/\/tiketi.com\/fr-fr\/wp-json\/wp\/v2\/pages\/28116\/revisions"}],"up":[{"embeddable":true,"href":"https:\/\/tiketi.com\/fr-fr\/wp-json\/wp\/v2\/pages\/25566"}],"wp:featuredmedia":[{"embeddable":true,"href":"https:\/\/tiketi.com\/fr-fr\/wp-json\/wp\/v2\/media\/13999"}],"wp:attachment":[{"href":"https:\/\/tiketi.com\/fr-fr\/wp-json\/wp\/v2\/media?parent=28116"}],"curies":[{"name":"wp","href":"https:\/\/api.w.org\/{rel}","templated":true}]}}