{"id":28171,"date":"2023-06-17T16:53:11","date_gmt":"2023-06-17T15:53:11","guid":{"rendered":"https:\/\/tiketi.com\/?page_id=28171"},"modified":"2023-06-17T17:20:46","modified_gmt":"2023-06-17T16:20:46","slug":"mallessas-line-luxury-bus","status":"publish","type":"page","link":"https:\/\/tiketi.com\/fr-fr\/companies\/buses\/mallessas-line-luxury-bus\/","title":{"rendered":"R\u00e9servation en ligne de bus de luxe Mallessa&#039;s Line, billets de bus, horaires, itin\u00e9raires et tarifs"},"content":{"rendered":"<div>&nbsp;<\/div>\n\n\n<h2 class=\"wp-block-heading\">R\u00e9servation de billets de bus en ligne de luxe Mallessa&#039;s Line pas cher<\/h2>\n\n\n\n<h3 class=\"wp-block-heading\">D\u00e9couvrez votre itin\u00e9raire de voyage sur le web, le mobile ou l&#039;application et r\u00e9servez d\u00e8s maintenant vos billets de bus Mallessa&#039;s Line pas chers.<\/h3>\n\n\n<p>La r\u00e9servation en ligne des bus de luxe de la ligne Mallessa est facilit\u00e9e. Malessa Line Luxury Bus est une entreprise de transport de passagers enregistr\u00e9e en Tanzanie continentale avec ses principaux bureaux \u00e0 Dar es Salaam, Kahama et Dodoma. Faites la r\u00e9servation de billets de bus en ligne Mallessa&#039;s Line Luxury et \u00e9conomisez du temps et de l&#039;argent.<\/p>\n<h2>FAQ sur la r\u00e9servation en ligne des bus de luxe de la ligne Mallessa, les billets de bus, les horaires, les itin\u00e9raires et les tarifs<\/h2>\n<h3>Quels sont les itin\u00e9raires de bus Mallessa&#039;s Line Luxury les plus c\u00e9l\u00e8bres quotidiennement ?<\/h3>\n<ul>\n<li>Dar es Salaam \u00e0 Chato<\/li>\n<li>Dar es Salaam \u00e0 Ushirombo<\/li>\n<li>Dar es Salaam \u00e0 Lunzewe<\/li>\n<li>Dar es Salaam \u00e0 Bwanga<\/li>\n<li>Dar es Salaam \u00e0 Geita<\/li>\n<li>Dar es Salaam \u00e0 Dodoma<\/li>\n<\/ul>\n<h3>Flotte de bus de luxe de la ligne Malessa<\/h3>\n<div>C&#039;est l&#039;une des principales entreprises de Tanzanie qui poss\u00e8de et g\u00e8re des bus de luxe sur les longs trajets. Leurs bus sont nouvellement import\u00e9s de Chine avec des am\u00e9nagements int\u00e9rieurs sp\u00e9ciaux.<\/div>\n<div>Leurs bus sont livr\u00e9s avec des sp\u00e9cifications int\u00e9rieures personnalis\u00e9es pour offrir \u00e0 leurs clients ce qu&#039;ils d\u00e9sirent pendant leur voyage. Pas besoin de s&#039;arr\u00eater pour un petit coup de fil, tout peut s&#039;effectuer via les toilettes \u00e0 bord.<\/div>\n<div>\u00a0<\/div>\n<div>\u2981 Services de climatisation<\/div>\n<div>\u2981 Audio visuel pour l&#039;annonce et le divertissement<\/div>\n<div>\u2981 Snacks et boissons gratuits \u00e0 bord<\/div>\n<div>\u2981 Wifi gratuit \u00e0 bord pour vos smartphones<\/div>\n<h3>Services de bus de luxe de la ligne Malessa<\/h3>\n<div>L&#039;entreprise offre des services de bus quotidiens de la ville d&#039;affaires aux r\u00e9gions de l&#039;arri\u00e8re-pays comme Mwanza, Dodoma, Geita et de nombreuses autres r\u00e9gions.<\/div>\n<div>\u00a0<\/div>\n<div>L&#039;entreprise assure le transport de colis et de passagers \u00e0 des prix avantageux. Ils n&#039;ont que des d\u00e9parts dans toutes les gares routi\u00e8res sauf celles de la gare entre leurs itin\u00e9raires.<\/div>\n<div>\u00a0<\/div>\n<div>Leurs bus sont \u00e9galement accessibles pour les \u00e9coles de location uniques, les \u00e9glises, les organisations, les groupes individuels et autres.<\/div>\n<h3>Quelles sont les coordonn\u00e9es des bureaux de r\u00e9servation de bus Mallessa&#039;s Line Luxury ?<\/h3>\n<div>Dar es Salam\/Mwanza, Tanzanie<\/div>\n<h2>Mallessa&#039;s Line Luxury Conseils de r\u00e9servation de billets de bus en ligne<\/h2>\n<div>\n<div>L&#039;entreprise prend en charge les voyages en bus sur de longues distances au milieu de 2022 lorsqu&#039;elle a r\u00e9ussi \u00e0 apporter de nouveaux bus chinois Yutong et des bus d&#039;occasion de la soci\u00e9t\u00e9 monstre du pays.<\/div>\n<div>\u00a0<\/div>\n<div>Actuellement, l&#039;entreprise offre une concurrence puissante aux autres entreprises qui empruntent le m\u00eame itin\u00e9raire pour les services de luxe de Dar es Salaam \u00e0 Geita, Dodoma, Chato et Kahama.<\/div>\n<\/div>","protected":false},"excerpt":{"rendered":"<p>&nbsp; Cheap Mallessa&#8217;s Line Luxury Online Bus Ticket Booking Discover your travel route on web, mobile or app and do cheap Mallessa&#8217;s Line bus tickets booking now. Mallessa&#8217;s Line Luxury bus online booking made easy. Malessa line luxury bus is a passenger transportation firm registered in the mainland Tanzania with their key offices in Dar [&hellip;]<\/p>\n","protected":false},"author":1,"featured_media":13999,"parent":25524,"menu_order":0,"comment_status":"closed","ping_status":"closed","template":"template-home-modern.php","meta":{"footnotes":""},"class_list":["post-28171","page","type-page","status-publish","has-post-thumbnail","hentry"],"yoast_head":"<!-- This site is optimized with the Yoast SEO plugin v27.4 - https:\/\/yoast.com\/product\/yoast-seo-wordpress\/ -->\n<title>Mallessa&#039;s Line Luxury Bus Online Booking, Bus Tickets, Schedule, Routes &amp; Fares - Tiketi.com<\/title>\n<meta name=\"description\" content=\"Looking for Mallessa&#039;s Line Luxury bus online booking Tanzania, app, contact, bus routes, fares and schedule? Make a Mallessa&#039;s Line Luxury online bus ticket booking now\" \/>\n<meta name=\"robots\" content=\"index, follow, max-snippet:-1, max-image-preview:large, max-video-preview:-1\" \/>\n<link rel=\"canonical\" href=\"https:\/\/tiketi.com\/fr-fr\/companies\/buses\/mallessas-line-luxury-bus\/\" \/>\n<meta property=\"og:locale\" content=\"fr_FR\" \/>\n<meta property=\"og:type\" content=\"article\" \/>\n<meta property=\"og:title\" content=\"Mallessa&#039;s Line Luxury Bus Online Booking, Bus Tickets, Schedule, Routes &amp; Fares - Tiketi.com\" \/>\n<meta property=\"og:description\" content=\"Looking for Mallessa&#039;s Line Luxury bus online booking Tanzania, app, contact, bus routes, fares and schedule? Make a Mallessa&#039;s Line Luxury online bus ticket booking now\" \/>\n<meta property=\"og:url\" content=\"https:\/\/tiketi.com\/fr-fr\/companies\/buses\/mallessas-line-luxury-bus\/\" \/>\n<meta property=\"og:site_name\" content=\"Tiketi.com\" \/>\n<meta property=\"article:publisher\" content=\"https:\/\/www.facebook.com\/TiketiCom\/\" \/>\n<meta property=\"article:modified_time\" content=\"2023-06-17T16:20:46+00:00\" \/>\n<meta property=\"og:image\" content=\"https:\/\/tiketi.com\/wp-content\/uploads\/2022\/01\/bus-ticket-online-booking.jpg\" \/>\n\t<meta property=\"og:image:width\" content=\"1200\" \/>\n\t<meta property=\"og:image:height\" content=\"206\" \/>\n\t<meta property=\"og:image:type\" content=\"image\/jpeg\" \/>\n<meta name=\"twitter:card\" content=\"summary_large_image\" \/>\n<meta name=\"twitter:label1\" content=\"Dur\u00e9e de lecture estim\u00e9e\" \/>\n\t<meta name=\"twitter:data1\" content=\"2 minutes\" \/>\n<script type=\"application\/ld+json\" class=\"yoast-schema-graph\">{\"@context\":\"https:\\\/\\\/schema.org\",\"@graph\":[{\"@type\":\"WebPage\",\"@id\":\"https:\\\/\\\/tiketi.com\\\/companies\\\/buses\\\/mallessas-line-luxury-bus\\\/\",\"url\":\"https:\\\/\\\/tiketi.com\\\/companies\\\/buses\\\/mallessas-line-luxury-bus\\\/\",\"name\":\"Mallessa's Line Luxury Bus Online Booking, Bus Tickets, Schedule, Routes & Fares - Tiketi.com\",\"isPartOf\":{\"@id\":\"https:\\\/\\\/tiketi.com\\\/#website\"},\"primaryImageOfPage\":{\"@id\":\"https:\\\/\\\/tiketi.com\\\/companies\\\/buses\\\/mallessas-line-luxury-bus\\\/#primaryimage\"},\"image\":{\"@id\":\"https:\\\/\\\/tiketi.com\\\/companies\\\/buses\\\/mallessas-line-luxury-bus\\\/#primaryimage\"},\"thumbnailUrl\":\"https:\\\/\\\/tiketi.com\\\/wp-content\\\/uploads\\\/2022\\\/01\\\/bus-ticket-online-booking.jpg\",\"datePublished\":\"2023-06-17T15:53:11+00:00\",\"dateModified\":\"2023-06-17T16:20:46+00:00\",\"description\":\"Looking for Mallessa's Line Luxury bus online booking Tanzania, app, contact, bus routes, fares and schedule? Make a Mallessa's Line Luxury online bus ticket booking now\",\"breadcrumb\":{\"@id\":\"https:\\\/\\\/tiketi.com\\\/companies\\\/buses\\\/mallessas-line-luxury-bus\\\/#breadcrumb\"},\"inLanguage\":\"fr-FR\",\"potentialAction\":[{\"@type\":\"ReadAction\",\"target\":[\"https:\\\/\\\/tiketi.com\\\/companies\\\/buses\\\/mallessas-line-luxury-bus\\\/\"]}]},{\"@type\":\"ImageObject\",\"inLanguage\":\"fr-FR\",\"@id\":\"https:\\\/\\\/tiketi.com\\\/companies\\\/buses\\\/mallessas-line-luxury-bus\\\/#primaryimage\",\"url\":\"https:\\\/\\\/tiketi.com\\\/wp-content\\\/uploads\\\/2022\\\/01\\\/bus-ticket-online-booking.jpg\",\"contentUrl\":\"https:\\\/\\\/tiketi.com\\\/wp-content\\\/uploads\\\/2022\\\/01\\\/bus-ticket-online-booking.jpg\",\"width\":1200,\"height\":206,\"caption\":\"Online Bus Ticket Booking\"},{\"@type\":\"BreadcrumbList\",\"@id\":\"https:\\\/\\\/tiketi.com\\\/companies\\\/buses\\\/mallessas-line-luxury-bus\\\/#breadcrumb\",\"itemListElement\":[{\"@type\":\"ListItem\",\"position\":1,\"name\":\"Home\",\"item\":\"https:\\\/\\\/tiketi.com\\\/\"},{\"@type\":\"ListItem\",\"position\":2,\"name\":\"Companies\",\"item\":\"https:\\\/\\\/tiketi.com\\\/companies\\\/\"},{\"@type\":\"ListItem\",\"position\":3,\"name\":\"Buses\",\"item\":\"https:\\\/\\\/tiketi.com\\\/companies\\\/buses\\\/\"},{\"@type\":\"ListItem\",\"position\":4,\"name\":\"Mallessa&#8217;s Line Luxury Bus Online Booking, Bus Tickets, Schedule, Routes &#038; Fares\"}]},{\"@type\":\"WebSite\",\"@id\":\"https:\\\/\\\/tiketi.com\\\/#website\",\"url\":\"https:\\\/\\\/tiketi.com\\\/\",\"name\":\"Flight & Bus Tickets, Tour Packages & Activitites - Tiketi.com\",\"description\":\"Flight &amp; Bus Tickets, Tours, Activitites\",\"publisher\":{\"@id\":\"https:\\\/\\\/tiketi.com\\\/#organization\"},\"potentialAction\":[{\"@type\":\"SearchAction\",\"target\":{\"@type\":\"EntryPoint\",\"urlTemplate\":\"https:\\\/\\\/tiketi.com\\\/?s={search_term_string}\"},\"query-input\":{\"@type\":\"PropertyValueSpecification\",\"valueRequired\":true,\"valueName\":\"search_term_string\"}}],\"inLanguage\":\"fr-FR\"},{\"@type\":\"Organization\",\"@id\":\"https:\\\/\\\/tiketi.com\\\/#organization\",\"name\":\"Tiketi.com\",\"alternateName\":\"Tiketi\",\"url\":\"https:\\\/\\\/tiketi.com\\\/\",\"logo\":{\"@type\":\"ImageObject\",\"inLanguage\":\"fr-FR\",\"@id\":\"https:\\\/\\\/tiketi.com\\\/#\\\/schema\\\/logo\\\/image\\\/\",\"url\":\"https:\\\/\\\/tiketi.com\\\/wp-content\\\/uploads\\\/2019\\\/05\\\/tiketi-logo-696.png\",\"contentUrl\":\"https:\\\/\\\/tiketi.com\\\/wp-content\\\/uploads\\\/2019\\\/05\\\/tiketi-logo-696.png\",\"width\":696,\"height\":696,\"caption\":\"Tiketi.com\"},\"image\":{\"@id\":\"https:\\\/\\\/tiketi.com\\\/#\\\/schema\\\/logo\\\/image\\\/\"},\"sameAs\":[\"https:\\\/\\\/www.facebook.com\\\/TiketiCom\\\/\"]}]}<\/script>\n<!-- \/ Yoast SEO plugin. -->","yoast_head_json":{"title":"Mallessa&#039;s Line Luxury Bus R\u00e9servation en ligne, Billets de bus, Horaires, Trajets &amp; Tarifs - Tiketi.com","description":"Vous recherchez Mallessa&#039;s Line Luxury bus r\u00e9servation en ligne Tanzanie, application, contact, trajets de bus, tarifs et horaires? Faites une r\u00e9servation de billet de bus en ligne Mallessa&#039;s Line Luxury maintenant","robots":{"index":"index","follow":"follow","max-snippet":"max-snippet:-1","max-image-preview":"max-image-preview:large","max-video-preview":"max-video-preview:-1"},"canonical":"https:\/\/tiketi.com\/fr-fr\/companies\/buses\/mallessas-line-luxury-bus\/","og_locale":"fr_FR","og_type":"article","og_title":"Mallessa's Line Luxury Bus Online Booking, Bus Tickets, Schedule, Routes & Fares - Tiketi.com","og_description":"Looking for Mallessa's Line Luxury bus online booking Tanzania, app, contact, bus routes, fares and schedule? Make a Mallessa's Line Luxury online bus ticket booking now","og_url":"https:\/\/tiketi.com\/fr-fr\/companies\/buses\/mallessas-line-luxury-bus\/","og_site_name":"Tiketi.com","article_publisher":"https:\/\/www.facebook.com\/TiketiCom\/","article_modified_time":"2023-06-17T16:20:46+00:00","og_image":[{"width":1200,"height":206,"url":"https:\/\/tiketi.com\/wp-content\/uploads\/2022\/01\/bus-ticket-online-booking.jpg","type":"image\/jpeg"}],"twitter_card":"summary_large_image","twitter_misc":{"Dur\u00e9e de lecture estim\u00e9e":"2 minutes"},"schema":{"@context":"https:\/\/schema.org","@graph":[{"@type":"WebPage","@id":"https:\/\/tiketi.com\/companies\/buses\/mallessas-line-luxury-bus\/","url":"https:\/\/tiketi.com\/companies\/buses\/mallessas-line-luxury-bus\/","name":"Mallessa&#039;s Line Luxury Bus R\u00e9servation en ligne, Billets de bus, Horaires, Trajets &amp; Tarifs - Tiketi.com","isPartOf":{"@id":"https:\/\/tiketi.com\/#website"},"primaryImageOfPage":{"@id":"https:\/\/tiketi.com\/companies\/buses\/mallessas-line-luxury-bus\/#primaryimage"},"image":{"@id":"https:\/\/tiketi.com\/companies\/buses\/mallessas-line-luxury-bus\/#primaryimage"},"thumbnailUrl":"https:\/\/tiketi.com\/wp-content\/uploads\/2022\/01\/bus-ticket-online-booking.jpg","datePublished":"2023-06-17T15:53:11+00:00","dateModified":"2023-06-17T16:20:46+00:00","description":"Vous recherchez Mallessa&#039;s Line Luxury bus r\u00e9servation en ligne Tanzanie, application, contact, trajets de bus, tarifs et horaires? Faites une r\u00e9servation de billet de bus en ligne Mallessa&#039;s Line Luxury maintenant","breadcrumb":{"@id":"https:\/\/tiketi.com\/companies\/buses\/mallessas-line-luxury-bus\/#breadcrumb"},"inLanguage":"fr-FR","potentialAction":[{"@type":"ReadAction","target":["https:\/\/tiketi.com\/companies\/buses\/mallessas-line-luxury-bus\/"]}]},{"@type":"ImageObject","inLanguage":"fr-FR","@id":"https:\/\/tiketi.com\/companies\/buses\/mallessas-line-luxury-bus\/#primaryimage","url":"https:\/\/tiketi.com\/wp-content\/uploads\/2022\/01\/bus-ticket-online-booking.jpg","contentUrl":"https:\/\/tiketi.com\/wp-content\/uploads\/2022\/01\/bus-ticket-online-booking.jpg","width":1200,"height":206,"caption":"Online Bus Ticket Booking"},{"@type":"BreadcrumbList","@id":"https:\/\/tiketi.com\/companies\/buses\/mallessas-line-luxury-bus\/#breadcrumb","itemListElement":[{"@type":"ListItem","position":1,"name":"Home","item":"https:\/\/tiketi.com\/"},{"@type":"ListItem","position":2,"name":"Companies","item":"https:\/\/tiketi.com\/companies\/"},{"@type":"ListItem","position":3,"name":"Buses","item":"https:\/\/tiketi.com\/companies\/buses\/"},{"@type":"ListItem","position":4,"name":"Mallessa&#8217;s Line Luxury Bus Online Booking, Bus Tickets, Schedule, Routes &#038; Fares"}]},{"@type":"WebSite","@id":"https:\/\/tiketi.com\/#website","url":"https:\/\/tiketi.com\/","name":"Billets d&#039;avion et de bus, forfaits touristiques et activit\u00e9s - Tiketi.com","description":"Billets d&#039;avion et de bus, Tours, Activit\u00e9s","publisher":{"@id":"https:\/\/tiketi.com\/#organization"},"potentialAction":[{"@type":"SearchAction","target":{"@type":"EntryPoint","urlTemplate":"https:\/\/tiketi.com\/?s={search_term_string}"},"query-input":{"@type":"PropertyValueSpecification","valueRequired":true,"valueName":"search_term_string"}}],"inLanguage":"fr-FR"},{"@type":"Organization","@id":"https:\/\/tiketi.com\/#organization","name":"Tiketi.com","alternateName":"Tiketi","url":"https:\/\/tiketi.com\/","logo":{"@type":"ImageObject","inLanguage":"fr-FR","@id":"https:\/\/tiketi.com\/#\/schema\/logo\/image\/","url":"https:\/\/tiketi.com\/wp-content\/uploads\/2019\/05\/tiketi-logo-696.png","contentUrl":"https:\/\/tiketi.com\/wp-content\/uploads\/2019\/05\/tiketi-logo-696.png","width":696,"height":696,"caption":"Tiketi.com"},"image":{"@id":"https:\/\/tiketi.com\/#\/schema\/logo\/image\/"},"sameAs":["https:\/\/www.facebook.com\/TiketiCom\/"]}]}},"_links":{"self":[{"href":"https:\/\/tiketi.com\/fr-fr\/wp-json\/wp\/v2\/pages\/28171","targetHints":{"allow":["GET"]}}],"collection":[{"href":"https:\/\/tiketi.com\/fr-fr\/wp-json\/wp\/v2\/pages"}],"about":[{"href":"https:\/\/tiketi.com\/fr-fr\/wp-json\/wp\/v2\/types\/page"}],"author":[{"embeddable":true,"href":"https:\/\/tiketi.com\/fr-fr\/wp-json\/wp\/v2\/users\/1"}],"replies":[{"embeddable":true,"href":"https:\/\/tiketi.com\/fr-fr\/wp-json\/wp\/v2\/comments?post=28171"}],"version-history":[{"count":0,"href":"https:\/\/tiketi.com\/fr-fr\/wp-json\/wp\/v2\/pages\/28171\/revisions"}],"up":[{"embeddable":true,"href":"https:\/\/tiketi.com\/fr-fr\/wp-json\/wp\/v2\/pages\/25524"}],"wp:featuredmedia":[{"embeddable":true,"href":"https:\/\/tiketi.com\/fr-fr\/wp-json\/wp\/v2\/media\/13999"}],"wp:attachment":[{"href":"https:\/\/tiketi.com\/fr-fr\/wp-json\/wp\/v2\/media?parent=28171"}],"curies":[{"name":"wp","href":"https:\/\/api.w.org\/{rel}","templated":true}]}}