{"id":28187,"date":"2023-06-17T17:21:55","date_gmt":"2023-06-17T16:21:55","guid":{"rendered":"https:\/\/tiketi.com\/?page_id=28187"},"modified":"2023-07-04T08:08:40","modified_gmt":"2023-07-04T07:08:40","slug":"mv-mwanza","status":"publish","type":"page","link":"https:\/\/tiketi.com\/fr-fr\/ferry\/mv-mwanza\/","title":{"rendered":"R\u00e9servation en ligne du ferry MV Mwanza, billets de bateau, horaires, itin\u00e9raires et tarifs"},"content":{"rendered":"<h2 class=\"wp-block-heading\">R\u00e9servation de billets en ligne pas cher pour le bateau MV Mwanza<\/h2>\n\n\n\n<h3 class=\"wp-block-heading\">D\u00e9couvrez votre itin\u00e9raire sur le web, le mobile ou l&#039;application et r\u00e9servez en ligne des billets Ferry MV Mwanza Hapa Kazi Tu pas chers.<\/h3>\n\n\n\n<p>La r\u00e9servation en ligne du ferry MV Mwanza en Tanzanie en toute simplicit\u00e9. La Tanzanie a lanc\u00e9 sur le lac Victoria le plus grand navire \u00e0 passagers et cargo d&#039;eau douce jamais produit en Afrique de l&#039;Est, le MV Mwanza Hapa Kazi Tu. Faites la r\u00e9servation de billets en ligne pour le bateau MV Mwanza et \u00e9conomisez de l&#039;argent et du temps.<\/p>\n\n\n\n<p><h2>R\u00e9servation en ligne du ferry MV Mwanza, billets de bateau, horaires, itin\u00e9raires et tarifs FAQ<\/h2><\/p>\n\n\n\n<p><h3>Quels sont les itin\u00e9raires MV Mwanza les plus c\u00e9l\u00e8bres au quotidien ?<\/h3><\/p>\n\n\n\n<p>On suppose que le navire sillonne le lac Victoria, offrant un r\u00e9seau de transport et de commerce cl\u00e9 entre Portbell et Jinja en Ouganda, Kisumu au Kenya et Kemondo, Bukoba, Mwanza, Musoma en Tanzanie.<\/p>\n\n\n\n<p>Le navire disposera d&#039;une section VIP pour les dirigeants nationaux ainsi que d&#039;installations VIP permanentes, notamment une section de premi\u00e8re classe d&#039;une capacit\u00e9 de soixante personnes, une classe affaires de cent personnes, une deuxi\u00e8me classe de deux cents personnes et une troisi\u00e8me classe de huit cents personnes. .<\/p>\n\n\n\n<p>Il est construit pour 109 milliards de shillings tanzaniens.<span style=\"font-size: revert; color: initial; letter-spacing: 0px;\">S&#039;exprimant lors de l&#039;\u00e9v\u00e9nement pour d\u00e9barquer le navire \u00e0 terre, le secr\u00e9taire permanent de la Tanzanie au minist\u00e8re des Travaux publics et des Transports et Gabriel Migire ont d\u00e9clar\u00e9 que la construction du navire \u00e9tait une initiative visant \u00e0 am\u00e9liorer les \u00e9changes entre les zones bordant le lac.<\/span><\/p>\r\n<p>\n\n\n<p>\u00a0<\/p>\n<p>Gerson Msigwa, le porte-parole du gouvernement, a d\u00e9clar\u00e9 que cela durera cinquante ans.<\/p>\n<p>Outre la navigation entre Bukoba et Mwanza, le navire transportera \u00e9galement des passagers et des marchandises vers les pays voisins de l&#039;Ouganda \u00e0 Portbell et Jinja et au Kenya en accostant au port de Kisumu.<\/p>\n<h2 class=\"wp-block-heading\">Conseils de r\u00e9servation de billets en ligne pour le bateau MV Mwanza<\/h2>\n<p>La construction des navires a \u00e9t\u00e9 dirig\u00e9e par 2 entreprises sud-cor\u00e9ennes, KangNam et Gas Entec Corporation, et a d\u00e9but\u00e9 en janvier 2019. Les cuirass\u00e9s, qui mesurent 92,5 m\u00e8tres de long, 20 m\u00e8tres de haut et 17 m\u00e8tres de large, co\u00fbteront plus de 100 milliards de Tsh.<\/p>\n<p>Le navire MV Mwanza Hapa Kazi Tu, lanc\u00e9 en 2023 au port sud de Mwanza, peut transporter 1 200 passagers, quatre cents tonnes de fret, vingt petits v\u00e9hicules et 3 camions.<\/p>","protected":false},"excerpt":{"rendered":"<p>Cheap MV Mwanza Boat Online Ticket Booking Discover your travel route on web, mobile or app and do cheap Ferry MV Mwanza Hapa Kazi Tu tickets booking online. Ferry MV Mwanza online booking Tanzania made easy. Tanzania has floated East Africa biggest-ever domestically produced fresh water passenger and cargo ship, the MV Mwanza Hapa Kazi [&hellip;]<\/p>\n","protected":false},"author":1,"featured_media":16435,"parent":26807,"menu_order":0,"comment_status":"closed","ping_status":"closed","template":"template-home-modern.php","meta":{"footnotes":""},"class_list":["post-28187","page","type-page","status-publish","has-post-thumbnail","hentry"],"yoast_head":"<!-- This site is optimized with the Yoast SEO plugin v27.3 - https:\/\/yoast.com\/product\/yoast-seo-wordpress\/ -->\n<title>Ferry MV Mwanza Online Booking, Boat Tickets, Schedule, Routes &amp; Fares - Tiketi.com<\/title>\n<meta name=\"description\" content=\"Looking for ferry MV Mwanza online booking in Tanzania, app, boat tickets, routes, fares &amp; schedule? Make MV Mwanza boat online ticket booking\" \/>\n<meta name=\"robots\" content=\"index, follow, max-snippet:-1, max-image-preview:large, max-video-preview:-1\" \/>\n<link rel=\"canonical\" href=\"https:\/\/tiketi.com\/fr-fr\/ferry\/mv-mwanza\/\" \/>\n<meta property=\"og:locale\" content=\"fr_FR\" \/>\n<meta property=\"og:type\" content=\"article\" \/>\n<meta property=\"og:title\" content=\"Ferry MV Mwanza Online Booking, Boat Tickets, Schedule, Routes &amp; Fares - Tiketi.com\" \/>\n<meta property=\"og:description\" content=\"Looking for ferry MV Mwanza online booking in Tanzania, app, boat tickets, routes, fares &amp; schedule? Make MV Mwanza boat online ticket booking\" \/>\n<meta property=\"og:url\" content=\"https:\/\/tiketi.com\/fr-fr\/ferry\/mv-mwanza\/\" \/>\n<meta property=\"og:site_name\" content=\"Tiketi.com\" \/>\n<meta property=\"article:publisher\" content=\"https:\/\/www.facebook.com\/TiketiCom\/\" \/>\n<meta property=\"article:modified_time\" content=\"2023-07-04T07:08:40+00:00\" \/>\n<meta property=\"og:image\" content=\"https:\/\/tiketi.com\/wp-content\/uploads\/2022\/02\/ferry-cruise-ship-voyage-41.jpg\" \/>\n\t<meta property=\"og:image:width\" content=\"1200\" \/>\n\t<meta property=\"og:image:height\" content=\"200\" \/>\n\t<meta property=\"og:image:type\" content=\"image\/jpeg\" \/>\n<meta name=\"twitter:card\" content=\"summary_large_image\" \/>\n<meta name=\"twitter:label1\" content=\"Dur\u00e9e de lecture estim\u00e9e\" \/>\n\t<meta name=\"twitter:data1\" content=\"2 minutes\" \/>\n<script type=\"application\/ld+json\" class=\"yoast-schema-graph\">{\"@context\":\"https:\\\/\\\/schema.org\",\"@graph\":[{\"@type\":\"WebPage\",\"@id\":\"https:\\\/\\\/tiketi.com\\\/ferry\\\/mv-mwanza\\\/\",\"url\":\"https:\\\/\\\/tiketi.com\\\/ferry\\\/mv-mwanza\\\/\",\"name\":\"Ferry MV Mwanza Online Booking, Boat Tickets, Schedule, Routes & Fares - Tiketi.com\",\"isPartOf\":{\"@id\":\"https:\\\/\\\/tiketi.com\\\/#website\"},\"primaryImageOfPage\":{\"@id\":\"https:\\\/\\\/tiketi.com\\\/ferry\\\/mv-mwanza\\\/#primaryimage\"},\"image\":{\"@id\":\"https:\\\/\\\/tiketi.com\\\/ferry\\\/mv-mwanza\\\/#primaryimage\"},\"thumbnailUrl\":\"https:\\\/\\\/tiketi.com\\\/wp-content\\\/uploads\\\/2022\\\/02\\\/ferry-cruise-ship-voyage-41.jpg\",\"datePublished\":\"2023-06-17T16:21:55+00:00\",\"dateModified\":\"2023-07-04T07:08:40+00:00\",\"description\":\"Looking for ferry MV Mwanza online booking in Tanzania, app, boat tickets, routes, fares & schedule? Make MV Mwanza boat online ticket booking\",\"breadcrumb\":{\"@id\":\"https:\\\/\\\/tiketi.com\\\/ferry\\\/mv-mwanza\\\/#breadcrumb\"},\"inLanguage\":\"fr-FR\",\"potentialAction\":[{\"@type\":\"ReadAction\",\"target\":[\"https:\\\/\\\/tiketi.com\\\/ferry\\\/mv-mwanza\\\/\"]}]},{\"@type\":\"ImageObject\",\"inLanguage\":\"fr-FR\",\"@id\":\"https:\\\/\\\/tiketi.com\\\/ferry\\\/mv-mwanza\\\/#primaryimage\",\"url\":\"https:\\\/\\\/tiketi.com\\\/wp-content\\\/uploads\\\/2022\\\/02\\\/ferry-cruise-ship-voyage-41.jpg\",\"contentUrl\":\"https:\\\/\\\/tiketi.com\\\/wp-content\\\/uploads\\\/2022\\\/02\\\/ferry-cruise-ship-voyage-41.jpg\",\"width\":1200,\"height\":200,\"caption\":\"Ferry Boat Tickets\"},{\"@type\":\"BreadcrumbList\",\"@id\":\"https:\\\/\\\/tiketi.com\\\/ferry\\\/mv-mwanza\\\/#breadcrumb\",\"itemListElement\":[{\"@type\":\"ListItem\",\"position\":1,\"name\":\"Home\",\"item\":\"https:\\\/\\\/tiketi.com\\\/\"},{\"@type\":\"ListItem\",\"position\":2,\"name\":\"Ferry\",\"item\":\"https:\\\/\\\/tiketi.com\\\/ferry\\\/\"},{\"@type\":\"ListItem\",\"position\":3,\"name\":\"Ferry MV Mwanza Online Booking, Boat Tickets, Schedule, Routes &#038; Fares\"}]},{\"@type\":\"WebSite\",\"@id\":\"https:\\\/\\\/tiketi.com\\\/#website\",\"url\":\"https:\\\/\\\/tiketi.com\\\/\",\"name\":\"Flight & Bus Tickets, Tour Packages & Activitites - Tiketi.com\",\"description\":\"Flight &amp; Bus Tickets, Tours, Activitites\",\"publisher\":{\"@id\":\"https:\\\/\\\/tiketi.com\\\/#organization\"},\"potentialAction\":[{\"@type\":\"SearchAction\",\"target\":{\"@type\":\"EntryPoint\",\"urlTemplate\":\"https:\\\/\\\/tiketi.com\\\/?s={search_term_string}\"},\"query-input\":{\"@type\":\"PropertyValueSpecification\",\"valueRequired\":true,\"valueName\":\"search_term_string\"}}],\"inLanguage\":\"fr-FR\"},{\"@type\":\"Organization\",\"@id\":\"https:\\\/\\\/tiketi.com\\\/#organization\",\"name\":\"Tiketi.com\",\"alternateName\":\"Tiketi\",\"url\":\"https:\\\/\\\/tiketi.com\\\/\",\"logo\":{\"@type\":\"ImageObject\",\"inLanguage\":\"fr-FR\",\"@id\":\"https:\\\/\\\/tiketi.com\\\/#\\\/schema\\\/logo\\\/image\\\/\",\"url\":\"https:\\\/\\\/tiketi.com\\\/wp-content\\\/uploads\\\/2019\\\/05\\\/tiketi-logo-696.png\",\"contentUrl\":\"https:\\\/\\\/tiketi.com\\\/wp-content\\\/uploads\\\/2019\\\/05\\\/tiketi-logo-696.png\",\"width\":696,\"height\":696,\"caption\":\"Tiketi.com\"},\"image\":{\"@id\":\"https:\\\/\\\/tiketi.com\\\/#\\\/schema\\\/logo\\\/image\\\/\"},\"sameAs\":[\"https:\\\/\\\/www.facebook.com\\\/TiketiCom\\\/\"]}]}<\/script>\n<!-- \/ Yoast SEO plugin. -->","yoast_head_json":{"title":"Ferry MV Mwanza R\u00e9servation en ligne, Billets Bateau, Horaires, Trajets &amp; Tarifs - Tiketi.com","description":"Vous recherchez une r\u00e9servation en ligne de ferry MV Mwanza en Tanzanie, une application, des billets de bateau, des itin\u00e9raires, des tarifs et des horaires? Faire la r\u00e9servation de billets en ligne pour le bateau MV Mwanza","robots":{"index":"index","follow":"follow","max-snippet":"max-snippet:-1","max-image-preview":"max-image-preview:large","max-video-preview":"max-video-preview:-1"},"canonical":"https:\/\/tiketi.com\/fr-fr\/ferry\/mv-mwanza\/","og_locale":"fr_FR","og_type":"article","og_title":"Ferry MV Mwanza Online Booking, Boat Tickets, Schedule, Routes & Fares - Tiketi.com","og_description":"Looking for ferry MV Mwanza online booking in Tanzania, app, boat tickets, routes, fares & schedule? Make MV Mwanza boat online ticket booking","og_url":"https:\/\/tiketi.com\/fr-fr\/ferry\/mv-mwanza\/","og_site_name":"Tiketi.com","article_publisher":"https:\/\/www.facebook.com\/TiketiCom\/","article_modified_time":"2023-07-04T07:08:40+00:00","og_image":[{"width":1200,"height":200,"url":"https:\/\/tiketi.com\/wp-content\/uploads\/2022\/02\/ferry-cruise-ship-voyage-41.jpg","type":"image\/jpeg"}],"twitter_card":"summary_large_image","twitter_misc":{"Dur\u00e9e de lecture estim\u00e9e":"2 minutes"},"schema":{"@context":"https:\/\/schema.org","@graph":[{"@type":"WebPage","@id":"https:\/\/tiketi.com\/ferry\/mv-mwanza\/","url":"https:\/\/tiketi.com\/ferry\/mv-mwanza\/","name":"Ferry MV Mwanza R\u00e9servation en ligne, Billets Bateau, Horaires, Trajets &amp; Tarifs - Tiketi.com","isPartOf":{"@id":"https:\/\/tiketi.com\/#website"},"primaryImageOfPage":{"@id":"https:\/\/tiketi.com\/ferry\/mv-mwanza\/#primaryimage"},"image":{"@id":"https:\/\/tiketi.com\/ferry\/mv-mwanza\/#primaryimage"},"thumbnailUrl":"https:\/\/tiketi.com\/wp-content\/uploads\/2022\/02\/ferry-cruise-ship-voyage-41.jpg","datePublished":"2023-06-17T16:21:55+00:00","dateModified":"2023-07-04T07:08:40+00:00","description":"Vous recherchez une r\u00e9servation en ligne de ferry MV Mwanza en Tanzanie, une application, des billets de bateau, des itin\u00e9raires, des tarifs et des horaires? Faire la r\u00e9servation de billets en ligne pour le bateau MV Mwanza","breadcrumb":{"@id":"https:\/\/tiketi.com\/ferry\/mv-mwanza\/#breadcrumb"},"inLanguage":"fr-FR","potentialAction":[{"@type":"ReadAction","target":["https:\/\/tiketi.com\/ferry\/mv-mwanza\/"]}]},{"@type":"ImageObject","inLanguage":"fr-FR","@id":"https:\/\/tiketi.com\/ferry\/mv-mwanza\/#primaryimage","url":"https:\/\/tiketi.com\/wp-content\/uploads\/2022\/02\/ferry-cruise-ship-voyage-41.jpg","contentUrl":"https:\/\/tiketi.com\/wp-content\/uploads\/2022\/02\/ferry-cruise-ship-voyage-41.jpg","width":1200,"height":200,"caption":"Ferry Boat Tickets"},{"@type":"BreadcrumbList","@id":"https:\/\/tiketi.com\/ferry\/mv-mwanza\/#breadcrumb","itemListElement":[{"@type":"ListItem","position":1,"name":"Home","item":"https:\/\/tiketi.com\/"},{"@type":"ListItem","position":2,"name":"Ferry","item":"https:\/\/tiketi.com\/ferry\/"},{"@type":"ListItem","position":3,"name":"Ferry MV Mwanza Online Booking, Boat Tickets, Schedule, Routes &#038; Fares"}]},{"@type":"WebSite","@id":"https:\/\/tiketi.com\/#website","url":"https:\/\/tiketi.com\/","name":"Billets d&#039;avion et de bus, forfaits touristiques et activit\u00e9s - Tiketi.com","description":"Billets d&#039;avion et de bus, Tours, Activit\u00e9s","publisher":{"@id":"https:\/\/tiketi.com\/#organization"},"potentialAction":[{"@type":"SearchAction","target":{"@type":"EntryPoint","urlTemplate":"https:\/\/tiketi.com\/?s={search_term_string}"},"query-input":{"@type":"PropertyValueSpecification","valueRequired":true,"valueName":"search_term_string"}}],"inLanguage":"fr-FR"},{"@type":"Organization","@id":"https:\/\/tiketi.com\/#organization","name":"Tiketi.com","alternateName":"Tiketi","url":"https:\/\/tiketi.com\/","logo":{"@type":"ImageObject","inLanguage":"fr-FR","@id":"https:\/\/tiketi.com\/#\/schema\/logo\/image\/","url":"https:\/\/tiketi.com\/wp-content\/uploads\/2019\/05\/tiketi-logo-696.png","contentUrl":"https:\/\/tiketi.com\/wp-content\/uploads\/2019\/05\/tiketi-logo-696.png","width":696,"height":696,"caption":"Tiketi.com"},"image":{"@id":"https:\/\/tiketi.com\/#\/schema\/logo\/image\/"},"sameAs":["https:\/\/www.facebook.com\/TiketiCom\/"]}]}},"_links":{"self":[{"href":"https:\/\/tiketi.com\/fr-fr\/wp-json\/wp\/v2\/pages\/28187","targetHints":{"allow":["GET"]}}],"collection":[{"href":"https:\/\/tiketi.com\/fr-fr\/wp-json\/wp\/v2\/pages"}],"about":[{"href":"https:\/\/tiketi.com\/fr-fr\/wp-json\/wp\/v2\/types\/page"}],"author":[{"embeddable":true,"href":"https:\/\/tiketi.com\/fr-fr\/wp-json\/wp\/v2\/users\/1"}],"replies":[{"embeddable":true,"href":"https:\/\/tiketi.com\/fr-fr\/wp-json\/wp\/v2\/comments?post=28187"}],"version-history":[{"count":0,"href":"https:\/\/tiketi.com\/fr-fr\/wp-json\/wp\/v2\/pages\/28187\/revisions"}],"up":[{"embeddable":true,"href":"https:\/\/tiketi.com\/fr-fr\/wp-json\/wp\/v2\/pages\/26807"}],"wp:featuredmedia":[{"embeddable":true,"href":"https:\/\/tiketi.com\/fr-fr\/wp-json\/wp\/v2\/media\/16435"}],"wp:attachment":[{"href":"https:\/\/tiketi.com\/fr-fr\/wp-json\/wp\/v2\/media?parent=28187"}],"curies":[{"name":"wp","href":"https:\/\/api.w.org\/{rel}","templated":true}]}}