{"id":28513,"date":"2023-07-05T13:33:47","date_gmt":"2023-07-05T12:33:47","guid":{"rendered":"https:\/\/tiketi.com\/?page_id=28513"},"modified":"2023-07-05T13:35:16","modified_gmt":"2023-07-05T12:35:16","slug":"mwanza-to-dodoma","status":"publish","type":"page","link":"https:\/\/tiketi.com\/fr-fr\/routes\/bus\/mwanza-to-dodoma\/","title":{"rendered":"Bus de Mwanza \u00e0 Dodoma Billets de bus, itin\u00e9raire, horaires et tarifs"},"content":{"rendered":"<h2>Billets de bus pas chers de Mwanza \u00e0 Dodoma R\u00e9servation en ligne<\/h2>\n<h3>D\u00e9couvrez votre itin\u00e9raire sur le web, le mobile ou l&#039;application et r\u00e9servez en ligne maintenant un billet de bus pas cher de Mwanza \u00e0 Dodoma.<\/h3>\n<p>Faire le bus de Mwanza \u00e0 Dodoma r\u00e9servation en ligne de billets de bus et voyager de Mwanza \u00e0 Dodoma en bus. Situ\u00e9e au c\u0153ur de la Tanzanie, Dodoma est le si\u00e8ge national de l&#039;administration et de la capitale politique. Voici le guide sur la fa\u00e7on de r\u00e9server des billets de bus pas chers de Mwanza \u00e0 Dodoma :<\/p>\n<h2>Bus de Mwanza \u00e0 Dodoma FAQ sur les billets de bus, les itin\u00e9raires, les horaires et les tarifs<\/h2>\n<h3>Mwanza \u00e0 Dodoma en bus<\/h3>\n<p>La distance totale en ligne droite entre Mwanza et Dodoma est de 513 KM et cent m\u00e8tres. La distance en miles de Mwanza \u00e0 Dodoma est de 318.8 miles. Il s&#039;agit d&#039;une distance en ligne droite et la plupart du temps, la distance de d\u00e9placement r\u00e9elle entre Mwanza et Dodoma peut \u00eatre plus \u00e9lev\u00e9e ou changer en raison de la courbure de la route.<\/p>\n<p>La distance de conduite de Mwanza \u00e0 Dodoma en bus est de 668 KM et 755 m\u00e8tres. La distance routi\u00e8re bas\u00e9e sur le mile entre ces 2 points est de 415,5 miles.<\/p>\n<h3>Temps de trajet Mwanza \u00e0 Dodoma en bus<\/h3>\n<p>Dodoma est situ\u00e9 \u00e0 environ 513 km de Mwanza, donc si vous voyagez \u00e0 la vitesse continue de 50 km par heure, vous pouvez atteindre Mwanza en 13 heures et dix-huit minutes. Le temps de trajet de votre bus de Mwanza \u00e0 Dodoma peut varier en fonction de la vitesse de votre bus, de la vitesse du train ou du v\u00e9hicule que vous utilisez.<\/p>\n<h3>Y a-t-il un bus direct de Mwanza \u00e0 Dodoma ?<\/h3>\n<p>Oui, il y a un bus direct, qui part de Dodoma et arrive \u00e0 Dodoma.<\/p>\n<h3>Quel est l&#039;horaire des services de bus de Mwanza \u00e0 Dodoma ?<\/h3>\n<p>Les services de bus de Mwanza \u00e0 Dodoma partent 3 fois par semaine, et op\u00e8rent Dimanche, Vendredi et Mardi. Le trajet dure environ 13h10.<\/p>\n<h3>Quel est le prix des billets de bus de Mwanza \u00e0 Dodoma ?<\/h3>\n<p>Le bus est le moyen abordable de se rendre de Mwanza \u00e0 Dodoma. Le tarif des billets de bus pas chers de Mwanza \u00e0 Dodoma est de $16 \u2013 $45 et dure 9h 59m.<\/p>","protected":false},"excerpt":{"rendered":"<p>Cheap Bus Tickets from Mwanza to Dodoma\u00a0Online Booking Discover your travel route on web, mobile or app and book cheap bus ticket from Mwanza to Dodoma online now. Do bus from Mwanza to Dodoma bus ticket online booking and travel Mwanza to Dodoma by bus. Placed in Tanzania heartland, Dodoma is the nation seat of [&hellip;]<\/p>\n","protected":false},"author":1,"featured_media":13999,"parent":25566,"menu_order":0,"comment_status":"closed","ping_status":"closed","template":"template-home-modern.php","meta":{"footnotes":""},"class_list":["post-28513","page","type-page","status-publish","has-post-thumbnail","hentry"],"yoast_head":"<!-- This site is optimized with the Yoast SEO plugin v27.4 - https:\/\/yoast.com\/product\/yoast-seo-wordpress\/ -->\n<title>Bus from Mwanza to Dodoma Bus Tickets, Route, Schedule &amp; Fares - Tiketi.com<\/title>\n<meta name=\"robots\" content=\"index, follow, max-snippet:-1, max-image-preview:large, max-video-preview:-1\" \/>\n<link rel=\"canonical\" href=\"https:\/\/tiketi.com\/fr-fr\/njia\/nauli-mabasi\/mwanza-to-dodoma\/\" \/>\n<meta property=\"og:locale\" content=\"fr_FR\" \/>\n<meta property=\"og:type\" content=\"article\" \/>\n<meta property=\"og:title\" content=\"Bus from Mwanza to Dodoma Bus Tickets, Route, Schedule &amp; Fares - Tiketi.com\" \/>\n<meta property=\"og:description\" content=\"Cheap Bus Tickets from Mwanza to Dodoma\u00a0Online Booking Discover your travel route on web, mobile or app and book cheap bus ticket from Mwanza to Dodoma online now. Do bus from Mwanza to Dodoma bus ticket online booking and travel Mwanza to Dodoma by bus. Placed in Tanzania heartland, Dodoma is the nation seat of [&hellip;]\" \/>\n<meta property=\"og:url\" content=\"https:\/\/tiketi.com\/fr-fr\/njia\/nauli-mabasi\/mwanza-to-dodoma\/\" \/>\n<meta property=\"og:site_name\" content=\"Tiketi.com\" \/>\n<meta property=\"article:publisher\" content=\"https:\/\/www.facebook.com\/TiketiCom\/\" \/>\n<meta property=\"article:modified_time\" content=\"2023-07-05T12:35:16+00:00\" \/>\n<meta property=\"og:image\" content=\"https:\/\/tiketi.com\/wp-content\/uploads\/2022\/01\/bus-ticket-online-booking.jpg\" \/>\n\t<meta property=\"og:image:width\" content=\"1200\" \/>\n\t<meta property=\"og:image:height\" content=\"206\" \/>\n\t<meta property=\"og:image:type\" content=\"image\/jpeg\" \/>\n<meta name=\"twitter:card\" content=\"summary_large_image\" \/>\n<meta name=\"twitter:label1\" content=\"Dur\u00e9e de lecture estim\u00e9e\" \/>\n\t<meta name=\"twitter:data1\" content=\"2 minutes\" \/>\n<script type=\"application\/ld+json\" class=\"yoast-schema-graph\">{\"@context\":\"https:\\\/\\\/schema.org\",\"@graph\":[{\"@type\":\"WebPage\",\"@id\":\"https:\\\/\\\/tiketi.com\\\/sw\\\/njia\\\/nauli-mabasi\\\/mwanza-to-dodoma\\\/\",\"url\":\"https:\\\/\\\/tiketi.com\\\/sw\\\/njia\\\/nauli-mabasi\\\/mwanza-to-dodoma\\\/\",\"name\":\"Bus from Mwanza to Dodoma Bus Tickets, Route, Schedule & Fares - Tiketi.com\",\"isPartOf\":{\"@id\":\"https:\\\/\\\/tiketi.com\\\/#website\"},\"primaryImageOfPage\":{\"@id\":\"https:\\\/\\\/tiketi.com\\\/sw\\\/njia\\\/nauli-mabasi\\\/mwanza-to-dodoma\\\/#primaryimage\"},\"image\":{\"@id\":\"https:\\\/\\\/tiketi.com\\\/sw\\\/njia\\\/nauli-mabasi\\\/mwanza-to-dodoma\\\/#primaryimage\"},\"thumbnailUrl\":\"https:\\\/\\\/tiketi.com\\\/wp-content\\\/uploads\\\/2022\\\/01\\\/bus-ticket-online-booking.jpg\",\"datePublished\":\"2023-07-05T12:33:47+00:00\",\"dateModified\":\"2023-07-05T12:35:16+00:00\",\"breadcrumb\":{\"@id\":\"https:\\\/\\\/tiketi.com\\\/sw\\\/njia\\\/nauli-mabasi\\\/mwanza-to-dodoma\\\/#breadcrumb\"},\"inLanguage\":\"fr-FR\",\"potentialAction\":[{\"@type\":\"ReadAction\",\"target\":[\"https:\\\/\\\/tiketi.com\\\/sw\\\/njia\\\/nauli-mabasi\\\/mwanza-to-dodoma\\\/\"]}]},{\"@type\":\"ImageObject\",\"inLanguage\":\"fr-FR\",\"@id\":\"https:\\\/\\\/tiketi.com\\\/sw\\\/njia\\\/nauli-mabasi\\\/mwanza-to-dodoma\\\/#primaryimage\",\"url\":\"https:\\\/\\\/tiketi.com\\\/wp-content\\\/uploads\\\/2022\\\/01\\\/bus-ticket-online-booking.jpg\",\"contentUrl\":\"https:\\\/\\\/tiketi.com\\\/wp-content\\\/uploads\\\/2022\\\/01\\\/bus-ticket-online-booking.jpg\",\"width\":1200,\"height\":206,\"caption\":\"Online Bus Ticket Booking\"},{\"@type\":\"BreadcrumbList\",\"@id\":\"https:\\\/\\\/tiketi.com\\\/sw\\\/njia\\\/nauli-mabasi\\\/mwanza-to-dodoma\\\/#breadcrumb\",\"itemListElement\":[{\"@type\":\"ListItem\",\"position\":1,\"name\":\"Home\",\"item\":\"https:\\\/\\\/tiketi.com\\\/\"},{\"@type\":\"ListItem\",\"position\":2,\"name\":\"Routes\",\"item\":\"https:\\\/\\\/tiketi.com\\\/routes\\\/\"},{\"@type\":\"ListItem\",\"position\":3,\"name\":\"Bus\",\"item\":\"https:\\\/\\\/tiketi.com\\\/routes\\\/bus\\\/\"},{\"@type\":\"ListItem\",\"position\":4,\"name\":\"Bus from Mwanza to Dodoma Bus Tickets, Route, Schedule &#038; Fares\"}]},{\"@type\":\"WebSite\",\"@id\":\"https:\\\/\\\/tiketi.com\\\/#website\",\"url\":\"https:\\\/\\\/tiketi.com\\\/\",\"name\":\"Flight & Bus Tickets, Tour Packages & Activitites - Tiketi.com\",\"description\":\"Flight &amp; Bus Tickets, Tours, Activitites\",\"publisher\":{\"@id\":\"https:\\\/\\\/tiketi.com\\\/#organization\"},\"potentialAction\":[{\"@type\":\"SearchAction\",\"target\":{\"@type\":\"EntryPoint\",\"urlTemplate\":\"https:\\\/\\\/tiketi.com\\\/?s={search_term_string}\"},\"query-input\":{\"@type\":\"PropertyValueSpecification\",\"valueRequired\":true,\"valueName\":\"search_term_string\"}}],\"inLanguage\":\"fr-FR\"},{\"@type\":\"Organization\",\"@id\":\"https:\\\/\\\/tiketi.com\\\/#organization\",\"name\":\"Tiketi.com\",\"alternateName\":\"Tiketi\",\"url\":\"https:\\\/\\\/tiketi.com\\\/\",\"logo\":{\"@type\":\"ImageObject\",\"inLanguage\":\"fr-FR\",\"@id\":\"https:\\\/\\\/tiketi.com\\\/#\\\/schema\\\/logo\\\/image\\\/\",\"url\":\"https:\\\/\\\/tiketi.com\\\/wp-content\\\/uploads\\\/2019\\\/05\\\/tiketi-logo-696.png\",\"contentUrl\":\"https:\\\/\\\/tiketi.com\\\/wp-content\\\/uploads\\\/2019\\\/05\\\/tiketi-logo-696.png\",\"width\":696,\"height\":696,\"caption\":\"Tiketi.com\"},\"image\":{\"@id\":\"https:\\\/\\\/tiketi.com\\\/#\\\/schema\\\/logo\\\/image\\\/\"},\"sameAs\":[\"https:\\\/\\\/www.facebook.com\\\/TiketiCom\\\/\"]}]}<\/script>\n<!-- \/ Yoast SEO plugin. -->","yoast_head_json":{"title":"Bus de Mwanza \u00e0 Dodoma Billets, Itin\u00e9raires, Horaires &amp; Tarifs de Bus - Tiketi.com","robots":{"index":"index","follow":"follow","max-snippet":"max-snippet:-1","max-image-preview":"max-image-preview:large","max-video-preview":"max-video-preview:-1"},"canonical":"https:\/\/tiketi.com\/fr-fr\/njia\/nauli-mabasi\/mwanza-to-dodoma\/","og_locale":"fr_FR","og_type":"article","og_title":"Bus from Mwanza to Dodoma Bus Tickets, Route, Schedule & Fares - Tiketi.com","og_description":"Cheap Bus Tickets from Mwanza to Dodoma\u00a0Online Booking Discover your travel route on web, mobile or app and book cheap bus ticket from Mwanza to Dodoma online now. Do bus from Mwanza to Dodoma bus ticket online booking and travel Mwanza to Dodoma by bus. Placed in Tanzania heartland, Dodoma is the nation seat of [&hellip;]","og_url":"https:\/\/tiketi.com\/fr-fr\/njia\/nauli-mabasi\/mwanza-to-dodoma\/","og_site_name":"Tiketi.com","article_publisher":"https:\/\/www.facebook.com\/TiketiCom\/","article_modified_time":"2023-07-05T12:35:16+00:00","og_image":[{"width":1200,"height":206,"url":"https:\/\/tiketi.com\/wp-content\/uploads\/2022\/01\/bus-ticket-online-booking.jpg","type":"image\/jpeg"}],"twitter_card":"summary_large_image","twitter_misc":{"Dur\u00e9e de lecture estim\u00e9e":"2 minutes"},"schema":{"@context":"https:\/\/schema.org","@graph":[{"@type":"WebPage","@id":"https:\/\/tiketi.com\/sw\/njia\/nauli-mabasi\/mwanza-to-dodoma\/","url":"https:\/\/tiketi.com\/sw\/njia\/nauli-mabasi\/mwanza-to-dodoma\/","name":"Bus de Mwanza \u00e0 Dodoma Billets, Itin\u00e9raires, Horaires &amp; Tarifs de Bus - Tiketi.com","isPartOf":{"@id":"https:\/\/tiketi.com\/#website"},"primaryImageOfPage":{"@id":"https:\/\/tiketi.com\/sw\/njia\/nauli-mabasi\/mwanza-to-dodoma\/#primaryimage"},"image":{"@id":"https:\/\/tiketi.com\/sw\/njia\/nauli-mabasi\/mwanza-to-dodoma\/#primaryimage"},"thumbnailUrl":"https:\/\/tiketi.com\/wp-content\/uploads\/2022\/01\/bus-ticket-online-booking.jpg","datePublished":"2023-07-05T12:33:47+00:00","dateModified":"2023-07-05T12:35:16+00:00","breadcrumb":{"@id":"https:\/\/tiketi.com\/sw\/njia\/nauli-mabasi\/mwanza-to-dodoma\/#breadcrumb"},"inLanguage":"fr-FR","potentialAction":[{"@type":"ReadAction","target":["https:\/\/tiketi.com\/sw\/njia\/nauli-mabasi\/mwanza-to-dodoma\/"]}]},{"@type":"ImageObject","inLanguage":"fr-FR","@id":"https:\/\/tiketi.com\/sw\/njia\/nauli-mabasi\/mwanza-to-dodoma\/#primaryimage","url":"https:\/\/tiketi.com\/wp-content\/uploads\/2022\/01\/bus-ticket-online-booking.jpg","contentUrl":"https:\/\/tiketi.com\/wp-content\/uploads\/2022\/01\/bus-ticket-online-booking.jpg","width":1200,"height":206,"caption":"Online Bus Ticket Booking"},{"@type":"BreadcrumbList","@id":"https:\/\/tiketi.com\/sw\/njia\/nauli-mabasi\/mwanza-to-dodoma\/#breadcrumb","itemListElement":[{"@type":"ListItem","position":1,"name":"Home","item":"https:\/\/tiketi.com\/"},{"@type":"ListItem","position":2,"name":"Routes","item":"https:\/\/tiketi.com\/routes\/"},{"@type":"ListItem","position":3,"name":"Bus","item":"https:\/\/tiketi.com\/routes\/bus\/"},{"@type":"ListItem","position":4,"name":"Bus from Mwanza to Dodoma Bus Tickets, Route, Schedule &#038; Fares"}]},{"@type":"WebSite","@id":"https:\/\/tiketi.com\/#website","url":"https:\/\/tiketi.com\/","name":"Billets d&#039;avion et de bus, forfaits touristiques et activit\u00e9s - Tiketi.com","description":"Billets d&#039;avion et de bus, Tours, Activit\u00e9s","publisher":{"@id":"https:\/\/tiketi.com\/#organization"},"potentialAction":[{"@type":"SearchAction","target":{"@type":"EntryPoint","urlTemplate":"https:\/\/tiketi.com\/?s={search_term_string}"},"query-input":{"@type":"PropertyValueSpecification","valueRequired":true,"valueName":"search_term_string"}}],"inLanguage":"fr-FR"},{"@type":"Organization","@id":"https:\/\/tiketi.com\/#organization","name":"Tiketi.com","alternateName":"Tiketi","url":"https:\/\/tiketi.com\/","logo":{"@type":"ImageObject","inLanguage":"fr-FR","@id":"https:\/\/tiketi.com\/#\/schema\/logo\/image\/","url":"https:\/\/tiketi.com\/wp-content\/uploads\/2019\/05\/tiketi-logo-696.png","contentUrl":"https:\/\/tiketi.com\/wp-content\/uploads\/2019\/05\/tiketi-logo-696.png","width":696,"height":696,"caption":"Tiketi.com"},"image":{"@id":"https:\/\/tiketi.com\/#\/schema\/logo\/image\/"},"sameAs":["https:\/\/www.facebook.com\/TiketiCom\/"]}]}},"_links":{"self":[{"href":"https:\/\/tiketi.com\/fr-fr\/wp-json\/wp\/v2\/pages\/28513","targetHints":{"allow":["GET"]}}],"collection":[{"href":"https:\/\/tiketi.com\/fr-fr\/wp-json\/wp\/v2\/pages"}],"about":[{"href":"https:\/\/tiketi.com\/fr-fr\/wp-json\/wp\/v2\/types\/page"}],"author":[{"embeddable":true,"href":"https:\/\/tiketi.com\/fr-fr\/wp-json\/wp\/v2\/users\/1"}],"replies":[{"embeddable":true,"href":"https:\/\/tiketi.com\/fr-fr\/wp-json\/wp\/v2\/comments?post=28513"}],"version-history":[{"count":0,"href":"https:\/\/tiketi.com\/fr-fr\/wp-json\/wp\/v2\/pages\/28513\/revisions"}],"up":[{"embeddable":true,"href":"https:\/\/tiketi.com\/fr-fr\/wp-json\/wp\/v2\/pages\/25566"}],"wp:featuredmedia":[{"embeddable":true,"href":"https:\/\/tiketi.com\/fr-fr\/wp-json\/wp\/v2\/media\/13999"}],"wp:attachment":[{"href":"https:\/\/tiketi.com\/fr-fr\/wp-json\/wp\/v2\/media?parent=28513"}],"curies":[{"name":"wp","href":"https:\/\/api.w.org\/{rel}","templated":true}]}}