{"id":28667,"date":"2023-07-11T12:50:13","date_gmt":"2023-07-11T11:50:13","guid":{"rendered":"https:\/\/tiketi.com\/?page_id=28667"},"modified":"2023-07-11T17:14:52","modified_gmt":"2023-07-11T16:14:52","slug":"katarama-luxury-bus","status":"publish","type":"page","link":"https:\/\/tiketi.com\/fr-fr\/companies\/buses\/katarama-luxury-bus\/","title":{"rendered":"Katarama Luxury R\u00e9servation en ligne, billets de bus, itin\u00e9raires et tarifs"},"content":{"rendered":"<div>\n<h2>Bus de luxe Katarama pas cher R\u00e9servation de billets en ligne<\/h2>\n<h3>D\u00e9couvrez votre itin\u00e9raire sur le Web, sur mobile ou sur une application et r\u00e9servez en ligne vos billets de bus Katarama Luxury.<\/h3>\n<p>La r\u00e9servation en ligne de Katarama Luxury est simplifi\u00e9e. Katarama Luxury Bus assure le transport longue distance entre Mwanza et Dar es Salaam, avec des arr\u00eats \u00e0 Shinyanga et dans d&#039;autres villes. Faites \u00e9galement la r\u00e9servation de billets en ligne pour le bus Katarama Luxury et \u00e9conomisez du temps et de l&#039;argent. Voici le guide sur la fa\u00e7on de r\u00e9server en ligne le bus Katarama Luxury bus\u00a0:<\/p>\n<\/div>\n<div>\n<h2>Katarama Luxury R\u00e9servation en ligne, billets de bus, itin\u00e9raires, horaires et tarifs FAQ<\/h2>\n<h3>Quelles sont les c\u00e9l\u00e8bres lignes de bus Katarama Luxury ?<\/h3>\n<\/div>\n<div>Mwanza \u00e0 Dar es Salam<\/div>\n<div><\/div>\n<div>\n<h3>Ligne de flotte de bus de luxe Katarama<\/h3>\n<p>L&#039;entreprise poss\u00e8de et g\u00e8re des bus de luxe des fabricants de bus Marcopolo g\u00e9r\u00e9s par Scania Machine. Leurs bus sont parmi les rares bus \u00e0 offrir des services haut de gamme \u00e0 leurs clients. Vous pouvez essayer les bus fermes pour vivre un voyage \u00e9l\u00e9gant et sp\u00e9cial tout au long du trajet.<\/p>\n<\/div>\n<div>Vous trouverez ci-dessous quelques-uns des services et fonctionnalit\u00e9s accessibles \u00e0 bord de leurs bus\u00a0:<\/div>\n<div><\/div>\n<div>\u2022 Accoudoir pour un voyage d\u00e9tendu<\/div>\n<div>\u2022 2 si\u00e8ges inclinables avec suffisamment d&#039;espace pour les jambes des adultes<\/div>\n<div>\u2022 Audiovisuel pour l&#039;annonce et le divertissement<\/div>\n<div>\u2022 Climatiseur avec panneau de commande individuel<\/div>\n<div>\u2022 Syst\u00e8me de chargement USB sur le si\u00e8ge<\/div>\n<div>\u2022 Lampes de lecture au pavillon et coffre \u00e0 bagages<\/div>\n<div>\u2022 Services Wi-Fi gratuits \u00e0 bord<\/div>\n<h3>Ligne de service de bus de luxe Katarama<\/h3>\n<div>Ils assurent le transport de passagers ainsi que de colis de la ville de Mwanza \u00e0 Dar es Salaam et \u00e0 d&#039;autres villes c\u00e9l\u00e8bres sur leur route vers la ville d&#039;affaires.<\/div>\n<div><\/div>\n<div>Ils organisent des d\u00e9parts quotidiens le matin dans les deux villes, o\u00f9 les visiteurs ont la possibilit\u00e9 de r\u00e9server \u00e0 temps dans leurs bureaux situ\u00e9s dans les terminaux de bus.<\/div>\n<div>\n<h3>Quelles sont les coordonn\u00e9es des bus Katarama Luxury bus ?<\/h3>\n<\/div>\n<div>ADRESSE PRINCIPALE DU BUREAU<\/div>\n<div>BOITE PO 150 GEITA<\/div>\n<div>MWANZA<\/div>\n<h2>Conseils pour la r\u00e9servation de billets en ligne du bus de luxe Katarama<\/h2>\n<div>Le si\u00e8ge social de l&#039;entreprise est situ\u00e9 dans la ville de Mwanza tandis que ses autres bureaux sont situ\u00e9s \u00e0 Dodoma, Shinyanga et Dar es Salaam. Ils fournissent des services de luxe sur leurs itin\u00e9raires.<\/div>\n<div>\n<div><\/div>\n<div>C&#039;est l&#039;une des rares entreprises \u00e0 poss\u00e9der et \u00e0 exploiter des bus Marcopolo. Leurs bus viennent d&#039;\u00eatre achet\u00e9s et fonctionnent bien.<\/div>\n<\/div>\n<div><\/div>\n<div><\/div>","protected":false},"excerpt":{"rendered":"<p>Cheap Katarama Luxury bus Online Ticket Booking Discover your travel route on web, mobile or app and book Katarama Luxury bus tickets online. Katarama Luxury online booking made easy. Katarama Luxury Bus provides long-distance transportation between Mwanza and Dar es Salaam, with stops in Shinyanga and other towns. So do Katarama Luxury bus online ticket [&hellip;]<\/p>\n","protected":false},"author":1,"featured_media":13999,"parent":25524,"menu_order":0,"comment_status":"closed","ping_status":"closed","template":"template-home-modern.php","meta":{"footnotes":""},"class_list":["post-28667","page","type-page","status-publish","has-post-thumbnail","hentry"],"yoast_head":"<!-- This site is optimized with the Yoast SEO plugin v27.4 - https:\/\/yoast.com\/product\/yoast-seo-wordpress\/ -->\n<title>Katarama Luxury Online Booking, Bus Tickets, Routes &amp; Fares - Tiketi.com<\/title>\n<meta name=\"description\" content=\"Looking for Katarama Luxury online booking, bus tickets, routes, fares and schedule timing? Make a Katarama Luxury bus online ticket booking\" \/>\n<meta name=\"robots\" content=\"index, follow, max-snippet:-1, max-image-preview:large, max-video-preview:-1\" \/>\n<link rel=\"canonical\" href=\"https:\/\/tiketi.com\/fr-fr\/companies\/buses\/katarama-luxury-bus\/\" \/>\n<meta property=\"og:locale\" content=\"fr_FR\" \/>\n<meta property=\"og:type\" content=\"article\" \/>\n<meta property=\"og:title\" content=\"Katarama Luxury Online Booking, Bus Tickets, Routes &amp; Fares - Tiketi.com\" \/>\n<meta property=\"og:description\" content=\"Looking for Katarama Luxury online booking, bus tickets, routes, fares and schedule timing? Make a Katarama Luxury bus online ticket booking\" \/>\n<meta property=\"og:url\" content=\"https:\/\/tiketi.com\/fr-fr\/companies\/buses\/katarama-luxury-bus\/\" \/>\n<meta property=\"og:site_name\" content=\"Tiketi.com\" \/>\n<meta property=\"article:publisher\" content=\"https:\/\/www.facebook.com\/TiketiCom\/\" \/>\n<meta property=\"article:modified_time\" content=\"2023-07-11T16:14:52+00:00\" \/>\n<meta property=\"og:image\" content=\"https:\/\/tiketi.com\/wp-content\/uploads\/2022\/01\/bus-ticket-online-booking.jpg\" \/>\n\t<meta property=\"og:image:width\" content=\"1200\" \/>\n\t<meta property=\"og:image:height\" content=\"206\" \/>\n\t<meta property=\"og:image:type\" content=\"image\/jpeg\" \/>\n<meta name=\"twitter:card\" content=\"summary_large_image\" \/>\n<meta name=\"twitter:label1\" content=\"Dur\u00e9e de lecture estim\u00e9e\" \/>\n\t<meta name=\"twitter:data1\" content=\"2 minutes\" \/>\n<script type=\"application\/ld+json\" class=\"yoast-schema-graph\">{\"@context\":\"https:\\\/\\\/schema.org\",\"@graph\":[{\"@type\":\"WebPage\",\"@id\":\"https:\\\/\\\/tiketi.com\\\/companies\\\/buses\\\/katarama-luxury-bus\\\/\",\"url\":\"https:\\\/\\\/tiketi.com\\\/companies\\\/buses\\\/katarama-luxury-bus\\\/\",\"name\":\"Katarama Luxury Online Booking, Bus Tickets, Routes & Fares - Tiketi.com\",\"isPartOf\":{\"@id\":\"https:\\\/\\\/tiketi.com\\\/#website\"},\"primaryImageOfPage\":{\"@id\":\"https:\\\/\\\/tiketi.com\\\/companies\\\/buses\\\/katarama-luxury-bus\\\/#primaryimage\"},\"image\":{\"@id\":\"https:\\\/\\\/tiketi.com\\\/companies\\\/buses\\\/katarama-luxury-bus\\\/#primaryimage\"},\"thumbnailUrl\":\"https:\\\/\\\/tiketi.com\\\/wp-content\\\/uploads\\\/2022\\\/01\\\/bus-ticket-online-booking.jpg\",\"datePublished\":\"2023-07-11T11:50:13+00:00\",\"dateModified\":\"2023-07-11T16:14:52+00:00\",\"description\":\"Looking for Katarama Luxury online booking, bus tickets, routes, fares and schedule timing? Make a Katarama Luxury bus online ticket booking\",\"breadcrumb\":{\"@id\":\"https:\\\/\\\/tiketi.com\\\/companies\\\/buses\\\/katarama-luxury-bus\\\/#breadcrumb\"},\"inLanguage\":\"fr-FR\",\"potentialAction\":[{\"@type\":\"ReadAction\",\"target\":[\"https:\\\/\\\/tiketi.com\\\/companies\\\/buses\\\/katarama-luxury-bus\\\/\"]}]},{\"@type\":\"ImageObject\",\"inLanguage\":\"fr-FR\",\"@id\":\"https:\\\/\\\/tiketi.com\\\/companies\\\/buses\\\/katarama-luxury-bus\\\/#primaryimage\",\"url\":\"https:\\\/\\\/tiketi.com\\\/wp-content\\\/uploads\\\/2022\\\/01\\\/bus-ticket-online-booking.jpg\",\"contentUrl\":\"https:\\\/\\\/tiketi.com\\\/wp-content\\\/uploads\\\/2022\\\/01\\\/bus-ticket-online-booking.jpg\",\"width\":1200,\"height\":206,\"caption\":\"Online Bus Ticket Booking\"},{\"@type\":\"BreadcrumbList\",\"@id\":\"https:\\\/\\\/tiketi.com\\\/companies\\\/buses\\\/katarama-luxury-bus\\\/#breadcrumb\",\"itemListElement\":[{\"@type\":\"ListItem\",\"position\":1,\"name\":\"Home\",\"item\":\"https:\\\/\\\/tiketi.com\\\/\"},{\"@type\":\"ListItem\",\"position\":2,\"name\":\"Companies\",\"item\":\"https:\\\/\\\/tiketi.com\\\/companies\\\/\"},{\"@type\":\"ListItem\",\"position\":3,\"name\":\"Buses\",\"item\":\"https:\\\/\\\/tiketi.com\\\/companies\\\/buses\\\/\"},{\"@type\":\"ListItem\",\"position\":4,\"name\":\"Katarama Luxury Online Booking, Bus Tickets, Routes &#038; Fares\"}]},{\"@type\":\"WebSite\",\"@id\":\"https:\\\/\\\/tiketi.com\\\/#website\",\"url\":\"https:\\\/\\\/tiketi.com\\\/\",\"name\":\"Flight & Bus Tickets, Tour Packages & Activitites - Tiketi.com\",\"description\":\"Flight &amp; Bus Tickets, Tours, Activitites\",\"publisher\":{\"@id\":\"https:\\\/\\\/tiketi.com\\\/#organization\"},\"potentialAction\":[{\"@type\":\"SearchAction\",\"target\":{\"@type\":\"EntryPoint\",\"urlTemplate\":\"https:\\\/\\\/tiketi.com\\\/?s={search_term_string}\"},\"query-input\":{\"@type\":\"PropertyValueSpecification\",\"valueRequired\":true,\"valueName\":\"search_term_string\"}}],\"inLanguage\":\"fr-FR\"},{\"@type\":\"Organization\",\"@id\":\"https:\\\/\\\/tiketi.com\\\/#organization\",\"name\":\"Tiketi.com\",\"alternateName\":\"Tiketi\",\"url\":\"https:\\\/\\\/tiketi.com\\\/\",\"logo\":{\"@type\":\"ImageObject\",\"inLanguage\":\"fr-FR\",\"@id\":\"https:\\\/\\\/tiketi.com\\\/#\\\/schema\\\/logo\\\/image\\\/\",\"url\":\"https:\\\/\\\/tiketi.com\\\/wp-content\\\/uploads\\\/2019\\\/05\\\/tiketi-logo-696.png\",\"contentUrl\":\"https:\\\/\\\/tiketi.com\\\/wp-content\\\/uploads\\\/2019\\\/05\\\/tiketi-logo-696.png\",\"width\":696,\"height\":696,\"caption\":\"Tiketi.com\"},\"image\":{\"@id\":\"https:\\\/\\\/tiketi.com\\\/#\\\/schema\\\/logo\\\/image\\\/\"},\"sameAs\":[\"https:\\\/\\\/www.facebook.com\\\/TiketiCom\\\/\"]}]}<\/script>\n<!-- \/ Yoast SEO plugin. -->","yoast_head_json":{"title":"Katarama Luxury R\u00e9servation en ligne, billets de bus, itin\u00e9raires et tarifs - Tiketi.com","description":"Vous recherchez une r\u00e9servation en ligne de Katarama Luxury, des billets de bus, des itin\u00e9raires, des tarifs et des horaires ? R\u00e9servation en ligne de billets de bus Katarama Luxury","robots":{"index":"index","follow":"follow","max-snippet":"max-snippet:-1","max-image-preview":"max-image-preview:large","max-video-preview":"max-video-preview:-1"},"canonical":"https:\/\/tiketi.com\/fr-fr\/companies\/buses\/katarama-luxury-bus\/","og_locale":"fr_FR","og_type":"article","og_title":"Katarama Luxury Online Booking, Bus Tickets, Routes & Fares - Tiketi.com","og_description":"Looking for Katarama Luxury online booking, bus tickets, routes, fares and schedule timing? Make a Katarama Luxury bus online ticket booking","og_url":"https:\/\/tiketi.com\/fr-fr\/companies\/buses\/katarama-luxury-bus\/","og_site_name":"Tiketi.com","article_publisher":"https:\/\/www.facebook.com\/TiketiCom\/","article_modified_time":"2023-07-11T16:14:52+00:00","og_image":[{"width":1200,"height":206,"url":"https:\/\/tiketi.com\/wp-content\/uploads\/2022\/01\/bus-ticket-online-booking.jpg","type":"image\/jpeg"}],"twitter_card":"summary_large_image","twitter_misc":{"Dur\u00e9e de lecture estim\u00e9e":"2 minutes"},"schema":{"@context":"https:\/\/schema.org","@graph":[{"@type":"WebPage","@id":"https:\/\/tiketi.com\/companies\/buses\/katarama-luxury-bus\/","url":"https:\/\/tiketi.com\/companies\/buses\/katarama-luxury-bus\/","name":"Katarama Luxury R\u00e9servation en ligne, billets de bus, itin\u00e9raires et tarifs - Tiketi.com","isPartOf":{"@id":"https:\/\/tiketi.com\/#website"},"primaryImageOfPage":{"@id":"https:\/\/tiketi.com\/companies\/buses\/katarama-luxury-bus\/#primaryimage"},"image":{"@id":"https:\/\/tiketi.com\/companies\/buses\/katarama-luxury-bus\/#primaryimage"},"thumbnailUrl":"https:\/\/tiketi.com\/wp-content\/uploads\/2022\/01\/bus-ticket-online-booking.jpg","datePublished":"2023-07-11T11:50:13+00:00","dateModified":"2023-07-11T16:14:52+00:00","description":"Vous recherchez une r\u00e9servation en ligne de Katarama Luxury, des billets de bus, des itin\u00e9raires, des tarifs et des horaires ? R\u00e9servation en ligne de billets de bus Katarama Luxury","breadcrumb":{"@id":"https:\/\/tiketi.com\/companies\/buses\/katarama-luxury-bus\/#breadcrumb"},"inLanguage":"fr-FR","potentialAction":[{"@type":"ReadAction","target":["https:\/\/tiketi.com\/companies\/buses\/katarama-luxury-bus\/"]}]},{"@type":"ImageObject","inLanguage":"fr-FR","@id":"https:\/\/tiketi.com\/companies\/buses\/katarama-luxury-bus\/#primaryimage","url":"https:\/\/tiketi.com\/wp-content\/uploads\/2022\/01\/bus-ticket-online-booking.jpg","contentUrl":"https:\/\/tiketi.com\/wp-content\/uploads\/2022\/01\/bus-ticket-online-booking.jpg","width":1200,"height":206,"caption":"Online Bus Ticket Booking"},{"@type":"BreadcrumbList","@id":"https:\/\/tiketi.com\/companies\/buses\/katarama-luxury-bus\/#breadcrumb","itemListElement":[{"@type":"ListItem","position":1,"name":"Home","item":"https:\/\/tiketi.com\/"},{"@type":"ListItem","position":2,"name":"Companies","item":"https:\/\/tiketi.com\/companies\/"},{"@type":"ListItem","position":3,"name":"Buses","item":"https:\/\/tiketi.com\/companies\/buses\/"},{"@type":"ListItem","position":4,"name":"Katarama Luxury Online Booking, Bus Tickets, Routes &#038; Fares"}]},{"@type":"WebSite","@id":"https:\/\/tiketi.com\/#website","url":"https:\/\/tiketi.com\/","name":"Billets d&#039;avion et de bus, forfaits touristiques et activit\u00e9s - Tiketi.com","description":"Billets d&#039;avion et de bus, Tours, Activit\u00e9s","publisher":{"@id":"https:\/\/tiketi.com\/#organization"},"potentialAction":[{"@type":"SearchAction","target":{"@type":"EntryPoint","urlTemplate":"https:\/\/tiketi.com\/?s={search_term_string}"},"query-input":{"@type":"PropertyValueSpecification","valueRequired":true,"valueName":"search_term_string"}}],"inLanguage":"fr-FR"},{"@type":"Organization","@id":"https:\/\/tiketi.com\/#organization","name":"Tiketi.com","alternateName":"Tiketi","url":"https:\/\/tiketi.com\/","logo":{"@type":"ImageObject","inLanguage":"fr-FR","@id":"https:\/\/tiketi.com\/#\/schema\/logo\/image\/","url":"https:\/\/tiketi.com\/wp-content\/uploads\/2019\/05\/tiketi-logo-696.png","contentUrl":"https:\/\/tiketi.com\/wp-content\/uploads\/2019\/05\/tiketi-logo-696.png","width":696,"height":696,"caption":"Tiketi.com"},"image":{"@id":"https:\/\/tiketi.com\/#\/schema\/logo\/image\/"},"sameAs":["https:\/\/www.facebook.com\/TiketiCom\/"]}]}},"_links":{"self":[{"href":"https:\/\/tiketi.com\/fr-fr\/wp-json\/wp\/v2\/pages\/28667","targetHints":{"allow":["GET"]}}],"collection":[{"href":"https:\/\/tiketi.com\/fr-fr\/wp-json\/wp\/v2\/pages"}],"about":[{"href":"https:\/\/tiketi.com\/fr-fr\/wp-json\/wp\/v2\/types\/page"}],"author":[{"embeddable":true,"href":"https:\/\/tiketi.com\/fr-fr\/wp-json\/wp\/v2\/users\/1"}],"replies":[{"embeddable":true,"href":"https:\/\/tiketi.com\/fr-fr\/wp-json\/wp\/v2\/comments?post=28667"}],"version-history":[{"count":0,"href":"https:\/\/tiketi.com\/fr-fr\/wp-json\/wp\/v2\/pages\/28667\/revisions"}],"up":[{"embeddable":true,"href":"https:\/\/tiketi.com\/fr-fr\/wp-json\/wp\/v2\/pages\/25524"}],"wp:featuredmedia":[{"embeddable":true,"href":"https:\/\/tiketi.com\/fr-fr\/wp-json\/wp\/v2\/media\/13999"}],"wp:attachment":[{"href":"https:\/\/tiketi.com\/fr-fr\/wp-json\/wp\/v2\/media?parent=28667"}],"curies":[{"name":"wp","href":"https:\/\/api.w.org\/{rel}","templated":true}]}}