{"id":28670,"date":"2023-07-11T12:42:52","date_gmt":"2023-07-11T11:42:52","guid":{"rendered":"https:\/\/tiketi.com\/?page_id=28670"},"modified":"2023-07-11T12:59:38","modified_gmt":"2023-07-11T11:59:38","slug":"mohamed-trans","status":"publish","type":"page","link":"https:\/\/tiketi.com\/fr-fr\/companies\/buses\/mohamed-trans\/","title":{"rendered":"R\u00e9servation en ligne de Mohamed Trans, billets de bus, itin\u00e9raires, horaires et tarifs"},"content":{"rendered":"<h2>R\u00e9servation de billets en ligne Mohamed Trans pas cher<\/h2>\n<h3>D\u00e9couvrez votre itin\u00e9raire de voyage sur le web, le mobile ou l&#039;application et faites la r\u00e9servation en ligne de bus Mohamed Trans maintenant.<\/h3>\n<p>La r\u00e9servation en ligne de Mohamed Trans simplifi\u00e9e. Mohamed Trans Ltd Bus est une compagnie de bus interurbain qui propose le transport entre la ville de Mwanza et d&#039;autres villes de Tanzanie. L&#039;entreprise a \u00e9t\u00e9 fond\u00e9e en 2008 et s&#039;est depuis impos\u00e9e comme l&#039;une des grandes compagnies de bus en Tanzanie. Alors faites la r\u00e9servation de billets en ligne Mohamed Trans et \u00e9conomisez du temps et de l&#039;argent. Voici le guide sur la fa\u00e7on de faire la r\u00e9servation en ligne du bus Mohamed Trans:<\/p>\n<h2>FAQ sur la r\u00e9servation en ligne de Mohamed Trans, les billets de bus, les itin\u00e9raires, les horaires et les tarifs<\/h2>\n<h3>Quels sont les c\u00e9l\u00e8bres itin\u00e9raires Mohamed Trans ?<\/h3>\n<p>\u2022 Dar es Salam \u2013 Dodoma<br \/>\n\u2022 Tanga - Singida via Moshi<br \/>\n\u2022 Dar es Salam \u2013 Kahama<br \/>\n\u2022 Dar es Salam \u2013 Geita<br \/>\n\u2022 Mwanza \u2013 Singida<br \/>\n\u2022 Mwanza-Morogoro<br \/>\n\u2022 Mwanza \u2013 Dar es Salam<br \/>\n\u2022 Mwanza-Dododma<br \/>\n\u2022 Dar es Salam - Bukoba<br \/>\n\u2022 Dar es Salam \u2013 Musoma<\/p>\n<h3>Ligne de la flotte de bus Mohamed Trans<\/h3>\n<p>Mohamed Trans ltd g\u00e8re une flotte d&#039;autobus Scania, dont certains ont des carrosseries Marcopolo et d&#039;autres avec des carrosseries fabriqu\u00e9es dans le pays. Les bus sont \u00e9quip\u00e9s de syst\u00e8mes de climatisation \u00e0 la pointe de la technologie, de si\u00e8ges relaxants et de syst\u00e8mes de divertissement \u00e0 bord. Certains bus offrent \u00e9galement des biscuits et des boissons non alcoolis\u00e9es aux passagers pendant le trajet.<\/p>\n<h3>Principales caract\u00e9ristiques des bus Mohamed Trans<\/h3>\n<p>\u2022 L&#039;entreprise dispose d&#039;une flotte de plus de cinquante bus.<br \/>\n\u2022 Les bus sont \u00e9quip\u00e9s de Wi-Fi, afin que les passagers puissent rester connect\u00e9s pendant leur voyage.<br \/>\n\u2022 L&#039;entreprise offre une gamme d&#039;options de billets, y compris des billets aller-retour, des billets simples et des rabais de groupe.<br \/>\n\u2022 Mohammed Trans Ltd Bus est membre de l&#039;association des op\u00e9rateurs de bus de Tanzanie, qui veille \u00e0 ce que l&#039;entreprise r\u00e9ponde \u00e0 des normes \u00e9lev\u00e9es de service et de s\u00e9curit\u00e9.<\/p>\n<h3>Quelles sont les coordonn\u00e9es des bus Mohamed Trans ?<\/h3>\n<p>Morogoro Road , Ubungo Business Centre, , Dar es Salaam, Tanzanie<br \/>\nBo\u00eete postale 492, Shinyanga<\/p>\n<h2>Conseils de r\u00e9servation de billets en ligne Mohamed Trans<\/h2>\n<p>L&#039;itin\u00e9raire principal de la r\u00e9servation de billets en ligne de Mohamed Trans est Mwanza \u00e0 Dar es Salaam, mais il dessert \u00e9galement d&#039;autres grandes villes de Tanzanie, telles que Moshi, Arusha et Dodoma. Mohammed Trans Ltd propose des d\u00e9parts quotidiens sur ses itin\u00e9raires et les billets peuvent \u00eatre achet\u00e9s en ligne ou au bureau de la soci\u00e9t\u00e9 \u00e0 Dar es Salaam et Mwanza.<\/p>\n<p>L&#039;entreprise s&#039;engage \u00e0 offrir \u00e0 ses passagers une exp\u00e9rience de voyage relaxante, s\u00fbre et fiable. Les bus Mohamed Trans sont r\u00e9guli\u00e8rement entretenus, et le personnel est courtois et bien form\u00e9.<\/p>","protected":false},"excerpt":{"rendered":"<p>Cheap Mohamed Trans Online Ticket Booking Discover your travel route on web, mobile or app and do Mohamed Trans bus online booking now. Mohamed Trans online booking made easy. Mohamed Trans Ltd Bus is an intercity bus company that offers transportation between Mwanza city and other towns in Tanzania The firm was founded in 2008 [&hellip;]<\/p>\n","protected":false},"author":1,"featured_media":13999,"parent":25524,"menu_order":0,"comment_status":"closed","ping_status":"closed","template":"template-home-modern.php","meta":{"footnotes":""},"class_list":["post-28670","page","type-page","status-publish","has-post-thumbnail","hentry"],"yoast_head":"<!-- This site is optimized with the Yoast SEO plugin v27.4 - https:\/\/yoast.com\/product\/yoast-seo-wordpress\/ -->\n<title>Mohamed Trans Online Booking, Bus Tickets, Routes, Schedule &amp; Fares - Tiketi.com<\/title>\n<meta name=\"description\" content=\"Looking for Simba Mtoto online booking, bus routes, fares and schedule timing? Make a Simba Mtoto online ticket booking now and save money\" \/>\n<meta name=\"robots\" content=\"index, follow, max-snippet:-1, max-image-preview:large, max-video-preview:-1\" \/>\n<link rel=\"canonical\" href=\"https:\/\/tiketi.com\/fr-fr\/companies\/buses\/mohamed-trans\/\" \/>\n<meta property=\"og:locale\" content=\"fr_FR\" \/>\n<meta property=\"og:type\" content=\"article\" \/>\n<meta property=\"og:title\" content=\"Mohamed Trans Online Booking, Bus Tickets, Routes, Schedule &amp; Fares - Tiketi.com\" \/>\n<meta property=\"og:description\" content=\"Looking for Simba Mtoto online booking, bus routes, fares and schedule timing? Make a Simba Mtoto online ticket booking now and save money\" \/>\n<meta property=\"og:url\" content=\"https:\/\/tiketi.com\/fr-fr\/companies\/buses\/mohamed-trans\/\" \/>\n<meta property=\"og:site_name\" content=\"Tiketi.com\" \/>\n<meta property=\"article:publisher\" content=\"https:\/\/www.facebook.com\/TiketiCom\/\" \/>\n<meta property=\"article:modified_time\" content=\"2023-07-11T11:59:38+00:00\" \/>\n<meta property=\"og:image\" content=\"https:\/\/tiketi.com\/wp-content\/uploads\/2022\/01\/bus-ticket-online-booking.jpg\" \/>\n\t<meta property=\"og:image:width\" content=\"1200\" \/>\n\t<meta property=\"og:image:height\" content=\"206\" \/>\n\t<meta property=\"og:image:type\" content=\"image\/jpeg\" \/>\n<meta name=\"twitter:card\" content=\"summary_large_image\" \/>\n<meta name=\"twitter:label1\" content=\"Dur\u00e9e de lecture estim\u00e9e\" \/>\n\t<meta name=\"twitter:data1\" content=\"2 minutes\" \/>\n<script type=\"application\/ld+json\" class=\"yoast-schema-graph\">{\"@context\":\"https:\\\/\\\/schema.org\",\"@graph\":[{\"@type\":\"WebPage\",\"@id\":\"https:\\\/\\\/tiketi.com\\\/companies\\\/buses\\\/mohamed-trans\\\/\",\"url\":\"https:\\\/\\\/tiketi.com\\\/companies\\\/buses\\\/mohamed-trans\\\/\",\"name\":\"Mohamed Trans Online Booking, Bus Tickets, Routes, Schedule & Fares - Tiketi.com\",\"isPartOf\":{\"@id\":\"https:\\\/\\\/tiketi.com\\\/#website\"},\"primaryImageOfPage\":{\"@id\":\"https:\\\/\\\/tiketi.com\\\/companies\\\/buses\\\/mohamed-trans\\\/#primaryimage\"},\"image\":{\"@id\":\"https:\\\/\\\/tiketi.com\\\/companies\\\/buses\\\/mohamed-trans\\\/#primaryimage\"},\"thumbnailUrl\":\"https:\\\/\\\/tiketi.com\\\/wp-content\\\/uploads\\\/2022\\\/01\\\/bus-ticket-online-booking.jpg\",\"datePublished\":\"2023-07-11T11:42:52+00:00\",\"dateModified\":\"2023-07-11T11:59:38+00:00\",\"description\":\"Looking for Simba Mtoto online booking, bus routes, fares and schedule timing? Make a Simba Mtoto online ticket booking now and save money\",\"breadcrumb\":{\"@id\":\"https:\\\/\\\/tiketi.com\\\/companies\\\/buses\\\/mohamed-trans\\\/#breadcrumb\"},\"inLanguage\":\"fr-FR\",\"potentialAction\":[{\"@type\":\"ReadAction\",\"target\":[\"https:\\\/\\\/tiketi.com\\\/companies\\\/buses\\\/mohamed-trans\\\/\"]}]},{\"@type\":\"ImageObject\",\"inLanguage\":\"fr-FR\",\"@id\":\"https:\\\/\\\/tiketi.com\\\/companies\\\/buses\\\/mohamed-trans\\\/#primaryimage\",\"url\":\"https:\\\/\\\/tiketi.com\\\/wp-content\\\/uploads\\\/2022\\\/01\\\/bus-ticket-online-booking.jpg\",\"contentUrl\":\"https:\\\/\\\/tiketi.com\\\/wp-content\\\/uploads\\\/2022\\\/01\\\/bus-ticket-online-booking.jpg\",\"width\":1200,\"height\":206,\"caption\":\"Online Bus Ticket Booking\"},{\"@type\":\"BreadcrumbList\",\"@id\":\"https:\\\/\\\/tiketi.com\\\/companies\\\/buses\\\/mohamed-trans\\\/#breadcrumb\",\"itemListElement\":[{\"@type\":\"ListItem\",\"position\":1,\"name\":\"Home\",\"item\":\"https:\\\/\\\/tiketi.com\\\/\"},{\"@type\":\"ListItem\",\"position\":2,\"name\":\"Companies\",\"item\":\"https:\\\/\\\/tiketi.com\\\/companies\\\/\"},{\"@type\":\"ListItem\",\"position\":3,\"name\":\"Buses\",\"item\":\"https:\\\/\\\/tiketi.com\\\/companies\\\/buses\\\/\"},{\"@type\":\"ListItem\",\"position\":4,\"name\":\"Mohamed Trans Online Booking, Bus Tickets, Routes, Schedule &#038; Fares\"}]},{\"@type\":\"WebSite\",\"@id\":\"https:\\\/\\\/tiketi.com\\\/#website\",\"url\":\"https:\\\/\\\/tiketi.com\\\/\",\"name\":\"Flight & Bus Tickets, Tour Packages & Activitites - Tiketi.com\",\"description\":\"Flight &amp; Bus Tickets, Tours, Activitites\",\"publisher\":{\"@id\":\"https:\\\/\\\/tiketi.com\\\/#organization\"},\"potentialAction\":[{\"@type\":\"SearchAction\",\"target\":{\"@type\":\"EntryPoint\",\"urlTemplate\":\"https:\\\/\\\/tiketi.com\\\/?s={search_term_string}\"},\"query-input\":{\"@type\":\"PropertyValueSpecification\",\"valueRequired\":true,\"valueName\":\"search_term_string\"}}],\"inLanguage\":\"fr-FR\"},{\"@type\":\"Organization\",\"@id\":\"https:\\\/\\\/tiketi.com\\\/#organization\",\"name\":\"Tiketi.com\",\"alternateName\":\"Tiketi\",\"url\":\"https:\\\/\\\/tiketi.com\\\/\",\"logo\":{\"@type\":\"ImageObject\",\"inLanguage\":\"fr-FR\",\"@id\":\"https:\\\/\\\/tiketi.com\\\/#\\\/schema\\\/logo\\\/image\\\/\",\"url\":\"https:\\\/\\\/tiketi.com\\\/wp-content\\\/uploads\\\/2019\\\/05\\\/tiketi-logo-696.png\",\"contentUrl\":\"https:\\\/\\\/tiketi.com\\\/wp-content\\\/uploads\\\/2019\\\/05\\\/tiketi-logo-696.png\",\"width\":696,\"height\":696,\"caption\":\"Tiketi.com\"},\"image\":{\"@id\":\"https:\\\/\\\/tiketi.com\\\/#\\\/schema\\\/logo\\\/image\\\/\"},\"sameAs\":[\"https:\\\/\\\/www.facebook.com\\\/TiketiCom\\\/\"]}]}<\/script>\n<!-- \/ Yoast SEO plugin. -->","yoast_head_json":{"title":"Mohamed Trans R\u00e9servation en ligne, Billets de bus, Trajets, Horaires &amp; Tarifs - Tiketi.com","description":"Vous recherchez une r\u00e9servation en ligne Simba Mtoto, des itin\u00e9raires de bus, des tarifs et des horaires? Faites une r\u00e9servation en ligne de billets Simba Mtoto maintenant et \u00e9conomisez de l&#039;argent","robots":{"index":"index","follow":"follow","max-snippet":"max-snippet:-1","max-image-preview":"max-image-preview:large","max-video-preview":"max-video-preview:-1"},"canonical":"https:\/\/tiketi.com\/fr-fr\/companies\/buses\/mohamed-trans\/","og_locale":"fr_FR","og_type":"article","og_title":"Mohamed Trans Online Booking, Bus Tickets, Routes, Schedule & Fares - Tiketi.com","og_description":"Looking for Simba Mtoto online booking, bus routes, fares and schedule timing? Make a Simba Mtoto online ticket booking now and save money","og_url":"https:\/\/tiketi.com\/fr-fr\/companies\/buses\/mohamed-trans\/","og_site_name":"Tiketi.com","article_publisher":"https:\/\/www.facebook.com\/TiketiCom\/","article_modified_time":"2023-07-11T11:59:38+00:00","og_image":[{"width":1200,"height":206,"url":"https:\/\/tiketi.com\/wp-content\/uploads\/2022\/01\/bus-ticket-online-booking.jpg","type":"image\/jpeg"}],"twitter_card":"summary_large_image","twitter_misc":{"Dur\u00e9e de lecture estim\u00e9e":"2 minutes"},"schema":{"@context":"https:\/\/schema.org","@graph":[{"@type":"WebPage","@id":"https:\/\/tiketi.com\/companies\/buses\/mohamed-trans\/","url":"https:\/\/tiketi.com\/companies\/buses\/mohamed-trans\/","name":"Mohamed Trans R\u00e9servation en ligne, Billets de bus, Trajets, Horaires &amp; Tarifs - Tiketi.com","isPartOf":{"@id":"https:\/\/tiketi.com\/#website"},"primaryImageOfPage":{"@id":"https:\/\/tiketi.com\/companies\/buses\/mohamed-trans\/#primaryimage"},"image":{"@id":"https:\/\/tiketi.com\/companies\/buses\/mohamed-trans\/#primaryimage"},"thumbnailUrl":"https:\/\/tiketi.com\/wp-content\/uploads\/2022\/01\/bus-ticket-online-booking.jpg","datePublished":"2023-07-11T11:42:52+00:00","dateModified":"2023-07-11T11:59:38+00:00","description":"Vous recherchez une r\u00e9servation en ligne Simba Mtoto, des itin\u00e9raires de bus, des tarifs et des horaires? Faites une r\u00e9servation en ligne de billets Simba Mtoto maintenant et \u00e9conomisez de l&#039;argent","breadcrumb":{"@id":"https:\/\/tiketi.com\/companies\/buses\/mohamed-trans\/#breadcrumb"},"inLanguage":"fr-FR","potentialAction":[{"@type":"ReadAction","target":["https:\/\/tiketi.com\/companies\/buses\/mohamed-trans\/"]}]},{"@type":"ImageObject","inLanguage":"fr-FR","@id":"https:\/\/tiketi.com\/companies\/buses\/mohamed-trans\/#primaryimage","url":"https:\/\/tiketi.com\/wp-content\/uploads\/2022\/01\/bus-ticket-online-booking.jpg","contentUrl":"https:\/\/tiketi.com\/wp-content\/uploads\/2022\/01\/bus-ticket-online-booking.jpg","width":1200,"height":206,"caption":"Online Bus Ticket Booking"},{"@type":"BreadcrumbList","@id":"https:\/\/tiketi.com\/companies\/buses\/mohamed-trans\/#breadcrumb","itemListElement":[{"@type":"ListItem","position":1,"name":"Home","item":"https:\/\/tiketi.com\/"},{"@type":"ListItem","position":2,"name":"Companies","item":"https:\/\/tiketi.com\/companies\/"},{"@type":"ListItem","position":3,"name":"Buses","item":"https:\/\/tiketi.com\/companies\/buses\/"},{"@type":"ListItem","position":4,"name":"Mohamed Trans Online Booking, Bus Tickets, Routes, Schedule &#038; Fares"}]},{"@type":"WebSite","@id":"https:\/\/tiketi.com\/#website","url":"https:\/\/tiketi.com\/","name":"Billets d&#039;avion et de bus, forfaits touristiques et activit\u00e9s - Tiketi.com","description":"Billets d&#039;avion et de bus, Tours, Activit\u00e9s","publisher":{"@id":"https:\/\/tiketi.com\/#organization"},"potentialAction":[{"@type":"SearchAction","target":{"@type":"EntryPoint","urlTemplate":"https:\/\/tiketi.com\/?s={search_term_string}"},"query-input":{"@type":"PropertyValueSpecification","valueRequired":true,"valueName":"search_term_string"}}],"inLanguage":"fr-FR"},{"@type":"Organization","@id":"https:\/\/tiketi.com\/#organization","name":"Tiketi.com","alternateName":"Tiketi","url":"https:\/\/tiketi.com\/","logo":{"@type":"ImageObject","inLanguage":"fr-FR","@id":"https:\/\/tiketi.com\/#\/schema\/logo\/image\/","url":"https:\/\/tiketi.com\/wp-content\/uploads\/2019\/05\/tiketi-logo-696.png","contentUrl":"https:\/\/tiketi.com\/wp-content\/uploads\/2019\/05\/tiketi-logo-696.png","width":696,"height":696,"caption":"Tiketi.com"},"image":{"@id":"https:\/\/tiketi.com\/#\/schema\/logo\/image\/"},"sameAs":["https:\/\/www.facebook.com\/TiketiCom\/"]}]}},"_links":{"self":[{"href":"https:\/\/tiketi.com\/fr-fr\/wp-json\/wp\/v2\/pages\/28670","targetHints":{"allow":["GET"]}}],"collection":[{"href":"https:\/\/tiketi.com\/fr-fr\/wp-json\/wp\/v2\/pages"}],"about":[{"href":"https:\/\/tiketi.com\/fr-fr\/wp-json\/wp\/v2\/types\/page"}],"author":[{"embeddable":true,"href":"https:\/\/tiketi.com\/fr-fr\/wp-json\/wp\/v2\/users\/1"}],"replies":[{"embeddable":true,"href":"https:\/\/tiketi.com\/fr-fr\/wp-json\/wp\/v2\/comments?post=28670"}],"version-history":[{"count":0,"href":"https:\/\/tiketi.com\/fr-fr\/wp-json\/wp\/v2\/pages\/28670\/revisions"}],"up":[{"embeddable":true,"href":"https:\/\/tiketi.com\/fr-fr\/wp-json\/wp\/v2\/pages\/25524"}],"wp:featuredmedia":[{"embeddable":true,"href":"https:\/\/tiketi.com\/fr-fr\/wp-json\/wp\/v2\/media\/13999"}],"wp:attachment":[{"href":"https:\/\/tiketi.com\/fr-fr\/wp-json\/wp\/v2\/media?parent=28670"}],"curies":[{"name":"wp","href":"https:\/\/api.w.org\/{rel}","templated":true}]}}