{"id":28672,"date":"2023-07-11T12:26:09","date_gmt":"2023-07-11T11:26:09","guid":{"rendered":"https:\/\/tiketi.com\/?page_id=28672"},"modified":"2023-07-28T17:33:17","modified_gmt":"2023-07-28T16:33:17","slug":"simba-mtoto","status":"publish","type":"page","link":"https:\/\/tiketi.com\/fr-fr\/companies\/buses\/simba-mtoto\/","title":{"rendered":"R\u00e9servation en ligne Simba Mtoto, billets de bus, itin\u00e9raires et tarifs"},"content":{"rendered":"<div>\n<h2>R\u00e9servation de billets en ligne Simba Mtoto pas cher Dar, Dodoma \u00e0 Tanga<\/h2>\n<h3>D\u00e9couvrez votre itin\u00e9raire de voyage sur le web, le mobile ou l&#039;application et faites la r\u00e9servation en ligne de bus Simba Mtoto maintenant.<\/h3>\n<p>Simba Mtoto r\u00e9servation en ligne Dodoma To Tanga en toute simplicit\u00e9. Simba Mtoto Bus est une soci\u00e9t\u00e9 \u00e0 responsabilit\u00e9 limit\u00e9e cr\u00e9\u00e9e en 1988 en vertu des lois tanzaniennes sur les soci\u00e9t\u00e9s. Depuis ses d\u00e9buts en 1988, l&#039;entreprise s&#039;est d\u00e9velopp\u00e9e pour devenir un nom connu dans l&#039;industrie du transport tanzanien. Faites de m\u00eame pour la r\u00e9servation de billets en ligne Simba Mtoto et \u00e9conomisez du temps et de l&#039;argent. Voici le guide sur la fa\u00e7on de faire la r\u00e9servation en ligne du bus Simba Mtoto :<\/p>\n<\/div>\n<div>\n<h2>R\u00e9servation en ligne Simba Mtoto Dar, Dodoma \u00e0 Tanga, billets de bus, itin\u00e9raires, horaires et tarifs FAQ<\/h2>\n<h3>Quels sont les c\u00e9l\u00e8bres itin\u00e9raires Simba Mtoto ?<\/h3>\n<div>Tanga \u00e0 Dar es Salam<\/div>\n<div>Tanga \u00e0 Turiani<\/div>\n<div>Tanga \u00e0 Dodoma<\/div>\n<\/div>\n<h3>Ligne de la flotte de bus Simba Mtoto<\/h3>\n<div>La ligne de flotte ferme est compos\u00e9e de Scania, Yutong et Golden Dragon. Parmi ces entreprises, SCANIA fournit 90% de leurs v\u00e9hicules de tourisme connus pour d\u00e9tendre les trajets.<\/div>\n<div><\/div>\n<div>Leur transport \u00e0 l&#039;\u00e9tranger est entrepris par une flotte de camions FAW, Scania et Yutong. Ces camions sont \u00e9quip\u00e9s de remorques \u00e0 plateau, de remorques \u00e0 carrosserie lat\u00e9rale et de bennes basculantes.<\/div>\n<h3>La ligne de service de l&#039;entreprise<\/h3>\n<div>Le bus Simba Mtoto a un bus de passagers fabriqu\u00e9 par Golden Dragon, Scania et Yutong. Parmi ces entreprises, Scania fournit quatre-vingt-dix pour cent de leurs v\u00e9hicules de tourisme qui sont connus pour des trajets relaxants et s\u00fbrs. Les bus climatis\u00e9s et ordinaires sont des transports de marchandises accessibles. Leur transport de marchandises est assur\u00e9 par une flotte de camions SCANIA, FAW et Yutong. Les camions sont \u00e9quip\u00e9s d&#039;une vari\u00e9t\u00e9 de remorques.<\/div>\n<div>\n<h3>Quelles sont les coordonn\u00e9es des bus Simba Mtoto ?<\/h3>\n<\/div>\n<div>La compagnie de bus Simba Mtoto se rendra \u00e0 l&#039;endroit de votre choix. Entrez en contact avec eux en utilisant les coordonn\u00e9es de r\u00e9servation en ligne du bus Simba Mtoto ci-dessous et r\u00e9solvez tous vos probl\u00e8mes dans les plus brefs d\u00e9lais.<\/div>\n<div><\/div>\n<div>Simba Mtoto Transport Ltd<\/div>\n<div>Tanga, Tanzanie.<\/div>\n<div>\n<div>\n<h2>R\u00e9servation de billets en ligne Simba Mtoto Conseils de Dodoma \u00e0 Tanga<\/h2>\n<p>La grande exp\u00e9rience dans l&#039;exploitation de tous les types de transport de marchandises et de transport de passagers nous permet de faire du service \u00e0 la client\u00e8le un excellent point de rep\u00e8re pour le secteur des transports.<\/p>\n<\/div>\n<div>La soci\u00e9t\u00e9 a son si\u00e8ge social \u00e0 Tanga City, en Tanzanie, et poss\u00e8de des succursales et des d\u00e9p\u00f4ts \u00e0 Dar es Salaam, Arusha, Dodoma et Morogoro.<\/div>\n<div><\/div>\n<div>Pr\u00e8s de 260 membres du personnel sont employ\u00e9s avec du personnel de bureau et des chauffeurs.<\/div>\n<\/div>\n<div><\/div>","protected":false},"excerpt":{"rendered":"<p>Cheap Simba Mtoto Online Ticket Booking Dar, Dodoma To Tanga Discover your travel route on web, mobile or app and do Simba Mtoto bus online booking now. Simba Mtoto online booking Dodoma To Tanga made easy. Simba Mtoto Bus is a private limited firm established in 1988 under Tanzanian firm laws. Beginnings in 1988, the [&hellip;]<\/p>\n","protected":false},"author":1,"featured_media":13999,"parent":25524,"menu_order":0,"comment_status":"closed","ping_status":"closed","template":"template-home-modern.php","meta":{"footnotes":""},"class_list":["post-28672","page","type-page","status-publish","has-post-thumbnail","hentry"],"yoast_head":"<!-- This site is optimized with the Yoast SEO plugin v27.3 - https:\/\/yoast.com\/product\/yoast-seo-wordpress\/ -->\n<title>Simba Mtoto Online Booking, Bus Tickets, Routes &amp; Fares - Tiketi.com<\/title>\n<meta name=\"description\" content=\"Looking for Simba Mtoto online booking, bus routes, fares and schedule timing? Make a Simba Mtoto online ticket booking now and save money\" \/>\n<meta name=\"robots\" content=\"index, follow, max-snippet:-1, max-image-preview:large, max-video-preview:-1\" \/>\n<link rel=\"canonical\" href=\"https:\/\/tiketi.com\/fr-fr\/kampuni\/mabasi\/simba-mtoto\/\" \/>\n<meta property=\"og:locale\" content=\"fr_FR\" \/>\n<meta property=\"og:type\" content=\"article\" \/>\n<meta property=\"og:title\" content=\"Simba Mtoto Online Booking, Bus Tickets, Routes &amp; Fares - Tiketi.com\" \/>\n<meta property=\"og:description\" content=\"Looking for Simba Mtoto online booking, bus routes, fares and schedule timing? Make a Simba Mtoto online ticket booking now and save money\" \/>\n<meta property=\"og:url\" content=\"https:\/\/tiketi.com\/fr-fr\/kampuni\/mabasi\/simba-mtoto\/\" \/>\n<meta property=\"og:site_name\" content=\"Tiketi.com\" \/>\n<meta property=\"article:publisher\" content=\"https:\/\/www.facebook.com\/TiketiCom\/\" \/>\n<meta property=\"article:modified_time\" content=\"2023-07-28T16:33:17+00:00\" \/>\n<meta property=\"og:image\" content=\"https:\/\/tiketi.com\/wp-content\/uploads\/2022\/01\/bus-ticket-online-booking.jpg\" \/>\n\t<meta property=\"og:image:width\" content=\"1200\" \/>\n\t<meta property=\"og:image:height\" content=\"206\" \/>\n\t<meta property=\"og:image:type\" content=\"image\/jpeg\" \/>\n<meta name=\"twitter:card\" content=\"summary_large_image\" \/>\n<meta name=\"twitter:label1\" content=\"Dur\u00e9e de lecture estim\u00e9e\" \/>\n\t<meta name=\"twitter:data1\" content=\"2 minutes\" \/>\n<script type=\"application\/ld+json\" class=\"yoast-schema-graph\">{\"@context\":\"https:\\\/\\\/schema.org\",\"@graph\":[{\"@type\":\"WebPage\",\"@id\":\"https:\\\/\\\/tiketi.com\\\/sw\\\/kampuni\\\/mabasi\\\/simba-mtoto\\\/\",\"url\":\"https:\\\/\\\/tiketi.com\\\/sw\\\/kampuni\\\/mabasi\\\/simba-mtoto\\\/\",\"name\":\"Simba Mtoto Online Booking, Bus Tickets, Routes & Fares - Tiketi.com\",\"isPartOf\":{\"@id\":\"https:\\\/\\\/tiketi.com\\\/#website\"},\"primaryImageOfPage\":{\"@id\":\"https:\\\/\\\/tiketi.com\\\/sw\\\/kampuni\\\/mabasi\\\/simba-mtoto\\\/#primaryimage\"},\"image\":{\"@id\":\"https:\\\/\\\/tiketi.com\\\/sw\\\/kampuni\\\/mabasi\\\/simba-mtoto\\\/#primaryimage\"},\"thumbnailUrl\":\"https:\\\/\\\/tiketi.com\\\/wp-content\\\/uploads\\\/2022\\\/01\\\/bus-ticket-online-booking.jpg\",\"datePublished\":\"2023-07-11T11:26:09+00:00\",\"dateModified\":\"2023-07-28T16:33:17+00:00\",\"description\":\"Looking for Simba Mtoto online booking, bus routes, fares and schedule timing? Make a Simba Mtoto online ticket booking now and save money\",\"breadcrumb\":{\"@id\":\"https:\\\/\\\/tiketi.com\\\/sw\\\/kampuni\\\/mabasi\\\/simba-mtoto\\\/#breadcrumb\"},\"inLanguage\":\"fr-FR\",\"potentialAction\":[{\"@type\":\"ReadAction\",\"target\":[\"https:\\\/\\\/tiketi.com\\\/sw\\\/kampuni\\\/mabasi\\\/simba-mtoto\\\/\"]}]},{\"@type\":\"ImageObject\",\"inLanguage\":\"fr-FR\",\"@id\":\"https:\\\/\\\/tiketi.com\\\/sw\\\/kampuni\\\/mabasi\\\/simba-mtoto\\\/#primaryimage\",\"url\":\"https:\\\/\\\/tiketi.com\\\/wp-content\\\/uploads\\\/2022\\\/01\\\/bus-ticket-online-booking.jpg\",\"contentUrl\":\"https:\\\/\\\/tiketi.com\\\/wp-content\\\/uploads\\\/2022\\\/01\\\/bus-ticket-online-booking.jpg\",\"width\":1200,\"height\":206,\"caption\":\"Online Bus Ticket Booking\"},{\"@type\":\"BreadcrumbList\",\"@id\":\"https:\\\/\\\/tiketi.com\\\/sw\\\/kampuni\\\/mabasi\\\/simba-mtoto\\\/#breadcrumb\",\"itemListElement\":[{\"@type\":\"ListItem\",\"position\":1,\"name\":\"Home\",\"item\":\"https:\\\/\\\/tiketi.com\\\/\"},{\"@type\":\"ListItem\",\"position\":2,\"name\":\"Companies\",\"item\":\"https:\\\/\\\/tiketi.com\\\/companies\\\/\"},{\"@type\":\"ListItem\",\"position\":3,\"name\":\"Buses\",\"item\":\"https:\\\/\\\/tiketi.com\\\/companies\\\/buses\\\/\"},{\"@type\":\"ListItem\",\"position\":4,\"name\":\"Simba Mtoto Online Booking, Bus Tickets, Routes &#038; Fares\"}]},{\"@type\":\"WebSite\",\"@id\":\"https:\\\/\\\/tiketi.com\\\/#website\",\"url\":\"https:\\\/\\\/tiketi.com\\\/\",\"name\":\"Flight & Bus Tickets, Tour Packages & Activitites - Tiketi.com\",\"description\":\"Flight &amp; Bus Tickets, Tours, Activitites\",\"publisher\":{\"@id\":\"https:\\\/\\\/tiketi.com\\\/#organization\"},\"potentialAction\":[{\"@type\":\"SearchAction\",\"target\":{\"@type\":\"EntryPoint\",\"urlTemplate\":\"https:\\\/\\\/tiketi.com\\\/?s={search_term_string}\"},\"query-input\":{\"@type\":\"PropertyValueSpecification\",\"valueRequired\":true,\"valueName\":\"search_term_string\"}}],\"inLanguage\":\"fr-FR\"},{\"@type\":\"Organization\",\"@id\":\"https:\\\/\\\/tiketi.com\\\/#organization\",\"name\":\"Tiketi.com\",\"alternateName\":\"Tiketi\",\"url\":\"https:\\\/\\\/tiketi.com\\\/\",\"logo\":{\"@type\":\"ImageObject\",\"inLanguage\":\"fr-FR\",\"@id\":\"https:\\\/\\\/tiketi.com\\\/#\\\/schema\\\/logo\\\/image\\\/\",\"url\":\"https:\\\/\\\/tiketi.com\\\/wp-content\\\/uploads\\\/2019\\\/05\\\/tiketi-logo-696.png\",\"contentUrl\":\"https:\\\/\\\/tiketi.com\\\/wp-content\\\/uploads\\\/2019\\\/05\\\/tiketi-logo-696.png\",\"width\":696,\"height\":696,\"caption\":\"Tiketi.com\"},\"image\":{\"@id\":\"https:\\\/\\\/tiketi.com\\\/#\\\/schema\\\/logo\\\/image\\\/\"},\"sameAs\":[\"https:\\\/\\\/www.facebook.com\\\/TiketiCom\\\/\"]}]}<\/script>\n<!-- \/ Yoast SEO plugin. -->","yoast_head_json":{"title":"R\u00e9servation en ligne Simba Mtoto, Billets de bus, Trajets &amp; Tarifs - Tiketi.com","description":"Vous recherchez une r\u00e9servation en ligne Simba Mtoto, des itin\u00e9raires de bus, des tarifs et des horaires? Faites une r\u00e9servation en ligne de billets Simba Mtoto maintenant et \u00e9conomisez de l&#039;argent","robots":{"index":"index","follow":"follow","max-snippet":"max-snippet:-1","max-image-preview":"max-image-preview:large","max-video-preview":"max-video-preview:-1"},"canonical":"https:\/\/tiketi.com\/fr-fr\/kampuni\/mabasi\/simba-mtoto\/","og_locale":"fr_FR","og_type":"article","og_title":"Simba Mtoto Online Booking, Bus Tickets, Routes & Fares - Tiketi.com","og_description":"Looking for Simba Mtoto online booking, bus routes, fares and schedule timing? Make a Simba Mtoto online ticket booking now and save money","og_url":"https:\/\/tiketi.com\/fr-fr\/kampuni\/mabasi\/simba-mtoto\/","og_site_name":"Tiketi.com","article_publisher":"https:\/\/www.facebook.com\/TiketiCom\/","article_modified_time":"2023-07-28T16:33:17+00:00","og_image":[{"width":1200,"height":206,"url":"https:\/\/tiketi.com\/wp-content\/uploads\/2022\/01\/bus-ticket-online-booking.jpg","type":"image\/jpeg"}],"twitter_card":"summary_large_image","twitter_misc":{"Dur\u00e9e de lecture estim\u00e9e":"2 minutes"},"schema":{"@context":"https:\/\/schema.org","@graph":[{"@type":"WebPage","@id":"https:\/\/tiketi.com\/sw\/kampuni\/mabasi\/simba-mtoto\/","url":"https:\/\/tiketi.com\/sw\/kampuni\/mabasi\/simba-mtoto\/","name":"R\u00e9servation en ligne Simba Mtoto, Billets de bus, Trajets &amp; Tarifs - Tiketi.com","isPartOf":{"@id":"https:\/\/tiketi.com\/#website"},"primaryImageOfPage":{"@id":"https:\/\/tiketi.com\/sw\/kampuni\/mabasi\/simba-mtoto\/#primaryimage"},"image":{"@id":"https:\/\/tiketi.com\/sw\/kampuni\/mabasi\/simba-mtoto\/#primaryimage"},"thumbnailUrl":"https:\/\/tiketi.com\/wp-content\/uploads\/2022\/01\/bus-ticket-online-booking.jpg","datePublished":"2023-07-11T11:26:09+00:00","dateModified":"2023-07-28T16:33:17+00:00","description":"Vous recherchez une r\u00e9servation en ligne Simba Mtoto, des itin\u00e9raires de bus, des tarifs et des horaires? Faites une r\u00e9servation en ligne de billets Simba Mtoto maintenant et \u00e9conomisez de l&#039;argent","breadcrumb":{"@id":"https:\/\/tiketi.com\/sw\/kampuni\/mabasi\/simba-mtoto\/#breadcrumb"},"inLanguage":"fr-FR","potentialAction":[{"@type":"ReadAction","target":["https:\/\/tiketi.com\/sw\/kampuni\/mabasi\/simba-mtoto\/"]}]},{"@type":"ImageObject","inLanguage":"fr-FR","@id":"https:\/\/tiketi.com\/sw\/kampuni\/mabasi\/simba-mtoto\/#primaryimage","url":"https:\/\/tiketi.com\/wp-content\/uploads\/2022\/01\/bus-ticket-online-booking.jpg","contentUrl":"https:\/\/tiketi.com\/wp-content\/uploads\/2022\/01\/bus-ticket-online-booking.jpg","width":1200,"height":206,"caption":"Online Bus Ticket Booking"},{"@type":"BreadcrumbList","@id":"https:\/\/tiketi.com\/sw\/kampuni\/mabasi\/simba-mtoto\/#breadcrumb","itemListElement":[{"@type":"ListItem","position":1,"name":"Home","item":"https:\/\/tiketi.com\/"},{"@type":"ListItem","position":2,"name":"Companies","item":"https:\/\/tiketi.com\/companies\/"},{"@type":"ListItem","position":3,"name":"Buses","item":"https:\/\/tiketi.com\/companies\/buses\/"},{"@type":"ListItem","position":4,"name":"Simba Mtoto Online Booking, Bus Tickets, Routes &#038; Fares"}]},{"@type":"WebSite","@id":"https:\/\/tiketi.com\/#website","url":"https:\/\/tiketi.com\/","name":"Billets d&#039;avion et de bus, forfaits touristiques et activit\u00e9s - Tiketi.com","description":"Billets d&#039;avion et de bus, Tours, Activit\u00e9s","publisher":{"@id":"https:\/\/tiketi.com\/#organization"},"potentialAction":[{"@type":"SearchAction","target":{"@type":"EntryPoint","urlTemplate":"https:\/\/tiketi.com\/?s={search_term_string}"},"query-input":{"@type":"PropertyValueSpecification","valueRequired":true,"valueName":"search_term_string"}}],"inLanguage":"fr-FR"},{"@type":"Organization","@id":"https:\/\/tiketi.com\/#organization","name":"Tiketi.com","alternateName":"Tiketi","url":"https:\/\/tiketi.com\/","logo":{"@type":"ImageObject","inLanguage":"fr-FR","@id":"https:\/\/tiketi.com\/#\/schema\/logo\/image\/","url":"https:\/\/tiketi.com\/wp-content\/uploads\/2019\/05\/tiketi-logo-696.png","contentUrl":"https:\/\/tiketi.com\/wp-content\/uploads\/2019\/05\/tiketi-logo-696.png","width":696,"height":696,"caption":"Tiketi.com"},"image":{"@id":"https:\/\/tiketi.com\/#\/schema\/logo\/image\/"},"sameAs":["https:\/\/www.facebook.com\/TiketiCom\/"]}]}},"_links":{"self":[{"href":"https:\/\/tiketi.com\/fr-fr\/wp-json\/wp\/v2\/pages\/28672","targetHints":{"allow":["GET"]}}],"collection":[{"href":"https:\/\/tiketi.com\/fr-fr\/wp-json\/wp\/v2\/pages"}],"about":[{"href":"https:\/\/tiketi.com\/fr-fr\/wp-json\/wp\/v2\/types\/page"}],"author":[{"embeddable":true,"href":"https:\/\/tiketi.com\/fr-fr\/wp-json\/wp\/v2\/users\/1"}],"replies":[{"embeddable":true,"href":"https:\/\/tiketi.com\/fr-fr\/wp-json\/wp\/v2\/comments?post=28672"}],"version-history":[{"count":0,"href":"https:\/\/tiketi.com\/fr-fr\/wp-json\/wp\/v2\/pages\/28672\/revisions"}],"up":[{"embeddable":true,"href":"https:\/\/tiketi.com\/fr-fr\/wp-json\/wp\/v2\/pages\/25524"}],"wp:featuredmedia":[{"embeddable":true,"href":"https:\/\/tiketi.com\/fr-fr\/wp-json\/wp\/v2\/media\/13999"}],"wp:attachment":[{"href":"https:\/\/tiketi.com\/fr-fr\/wp-json\/wp\/v2\/media?parent=28672"}],"curies":[{"name":"wp","href":"https:\/\/api.w.org\/{rel}","templated":true}]}}