{"id":28760,"date":"2023-07-12T19:07:56","date_gmt":"2023-07-12T18:07:56","guid":{"rendered":"https:\/\/tiketi.com\/?page_id=28760"},"modified":"2023-07-12T19:12:21","modified_gmt":"2023-07-12T18:12:21","slug":"kampala-to-kibaale","status":"publish","type":"page","link":"https:\/\/tiketi.com\/fr-fr\/routes\/bus\/kampala-to-kibaale\/","title":{"rendered":"Bus de Kampala \u00e0 Kibaale Billets de bus, tarif, horaires et itin\u00e9raire"},"content":{"rendered":"<h2>Billets de bus pas chers de Kampala \u00e0 Kibaale R\u00e9servation en ligne<\/h2>\n<h3 class=\"wp-block-heading\">D\u00e9couvrez votre itin\u00e9raire sur le web, le mobile ou l&#039;application et r\u00e9servez en ligne maintenant un billet de bus pas cher de Kampala \u00e0 Kibaale.<\/h3>\n<p>Comparez les prix et r\u00e9servez vos billets de bus pas chers de Kampala \u00e0 Kibaale en ligne. Kibaale est une ville de l&#039;ouest de l&#039;Ouganda. C&#039;est le principal centre administratif, municipal et \u00e9conomique de la r\u00e9gion de Kibaale, et le chef-lieu du district s&#039;y trouve. Voici comment r\u00e9server vos billets de bus de Kampala \u00e0 Kibaale\u00a0:<\/p>\n<h2>Bus de Kampala \u00e0 Kibaale R\u00e9servation de billets de bus, itin\u00e9raires, horaires et tarifs FAQ<\/h2>\n<p><strong>Quel est le moyen abordable pour se rendre de Kampala \u00e0 Kibaale ?<\/strong><\/p>\n<p>Le moyen le plus \u00e9conomique de se rendre de Kampala \u00e0 Kibaale en bus. Billets de bus pas chers de Kampala \u00e0 Kibaale ($18 \u2013 $27), dur\u00e9e du trajet\u00a0: 3\u00a0h\u00a050.<\/p>\n<p><strong>Quel est le moyen le plus rapide pour se rendre de Kampala \u00e0 Kibaale ?<\/strong><\/p>\n<p>Le moyen le plus rapide de se rendre de Kampala \u00e0 Kibaale est le bus. Le trajet en bus de Kampala \u00e0 Kibaale co\u00fbte $18 \u2013 $27 et dure 3 h 50.<\/p>\n<p><strong>Quelle est la distance \u00e0 parcourir en bus entre Kampala et Kibaale ?<\/strong><\/p>\n<p>Quelle est la distance du trajet de bus Kampala \u00e0 Kibaale est de 176 km.<\/p>\n<p><strong>Puis-je conduire de Kamapala \u00e0 Kibaale ?<\/strong><\/p>\n<p>Oui, la distance entre Kibaale et Kampala est de 212 km.<\/p>\n<h2>Billets de bus depuis Kibaale et Kampala Tips<\/h2>\n<p>L&#039;une des attractions les plus c\u00e9l\u00e8bres est le parc national de la for\u00eat de Kibale, situ\u00e9 dans l&#039;ouest de l&#039;Ouganda, \u00e0 environ 5-6 heures de route de l&#039;a\u00e9roport international d&#039;Entebbe. Le parc national de Kibale a la plus grande population de chimpanz\u00e9s avec environ 1500 individus et est le meilleur endroit pour parcourir les chimpanz\u00e9s sauvages habitu\u00e9s en pleine Afrique. La for\u00eat de Kibaale couvre une superficie de 795 kilom\u00e8tres carr\u00e9s et abrite des chimpanz\u00e9s sauvages et 12 autres primates c\u00e9l\u00e8bres, ce qui en fait l&#039;un des meilleurs parcs nationaux \u00e0 visiter lors de votre safari en Ouganda.<\/p>\n<p>Vous pouvez profiter d&#039;une randonn\u00e9e d&#039;une demi-journ\u00e9e avec les chimpanz\u00e9s dans l&#039;apr\u00e8s-midi ou le matin ou d\u00e9cider d&#039;effectuer une journ\u00e9e compl\u00e8te d&#039;habituation des chimpanz\u00e9s. Kibale a 3 communaut\u00e9s habitu\u00e9es qui peuvent \u00eatre parcourues mais afin de diminuer la concurrence alimentaire, ces communaut\u00e9s sont compos\u00e9es de 50 \u00e0 150 personnes et ont tendance \u00e0 se diviser en petits groupes de 10 \u00e0 20 personnes.<\/p>","protected":false},"excerpt":{"rendered":"<p>Cheap Bus Tickets from Kampala to Kibaale Online Booking Discover your travel route on web, mobile or app and book cheap bus ticket from Kampala to Kibaale online now. Compare and do cheap bus from Kampala to Kibaale bus tickets booking online and travel Kampala to Kibaale by bus. Kibaale is a town in the [&hellip;]<\/p>\n","protected":false},"author":1,"featured_media":13999,"parent":25566,"menu_order":0,"comment_status":"closed","ping_status":"closed","template":"template-home-modern.php","meta":{"footnotes":""},"class_list":["post-28760","page","type-page","status-publish","has-post-thumbnail","hentry"],"yoast_head":"<!-- This site is optimized with the Yoast SEO plugin v27.3 - https:\/\/yoast.com\/product\/yoast-seo-wordpress\/ -->\n<title>Bus from Kampala to Kibaale Bus Tickets, Fare, Schedule &amp; Route - Tiketi.com<\/title>\n<meta name=\"description\" content=\"Looking for bus from Kampala to Kibaale bus tickets booking app, schedules &amp; fares? Book cheap bus tickets from Kampala to Kibaale online now\" \/>\n<meta name=\"robots\" content=\"index, follow, max-snippet:-1, max-image-preview:large, max-video-preview:-1\" \/>\n<link rel=\"canonical\" href=\"https:\/\/tiketi.com\/fr-fr\/routes\/bus\/kampala-to-kibaale\/\" \/>\n<meta property=\"og:locale\" content=\"fr_FR\" \/>\n<meta property=\"og:type\" content=\"article\" \/>\n<meta property=\"og:title\" content=\"Bus from Kampala to Kibaale Bus Tickets, Fare, Schedule &amp; Route - Tiketi.com\" \/>\n<meta property=\"og:description\" content=\"Looking for bus from Kampala to Kibaale bus tickets booking app, schedules &amp; fares? Book cheap bus tickets from Kampala to Kibaale online now\" \/>\n<meta property=\"og:url\" content=\"https:\/\/tiketi.com\/fr-fr\/routes\/bus\/kampala-to-kibaale\/\" \/>\n<meta property=\"og:site_name\" content=\"Tiketi.com\" \/>\n<meta property=\"article:publisher\" content=\"https:\/\/www.facebook.com\/TiketiCom\/\" \/>\n<meta property=\"article:modified_time\" content=\"2023-07-12T18:12:21+00:00\" \/>\n<meta property=\"og:image\" content=\"https:\/\/tiketi.com\/wp-content\/uploads\/2022\/01\/bus-ticket-online-booking.jpg\" \/>\n\t<meta property=\"og:image:width\" content=\"1200\" \/>\n\t<meta property=\"og:image:height\" content=\"206\" \/>\n\t<meta property=\"og:image:type\" content=\"image\/jpeg\" \/>\n<meta name=\"twitter:card\" content=\"summary_large_image\" \/>\n<meta name=\"twitter:label1\" content=\"Dur\u00e9e de lecture estim\u00e9e\" \/>\n\t<meta name=\"twitter:data1\" content=\"2 minutes\" \/>\n<script type=\"application\/ld+json\" class=\"yoast-schema-graph\">{\"@context\":\"https:\\\/\\\/schema.org\",\"@graph\":[{\"@type\":\"WebPage\",\"@id\":\"https:\\\/\\\/tiketi.com\\\/routes\\\/bus\\\/kampala-to-kibaale\\\/\",\"url\":\"https:\\\/\\\/tiketi.com\\\/routes\\\/bus\\\/kampala-to-kibaale\\\/\",\"name\":\"Bus from Kampala to Kibaale Bus Tickets, Fare, Schedule & Route - Tiketi.com\",\"isPartOf\":{\"@id\":\"https:\\\/\\\/tiketi.com\\\/#website\"},\"primaryImageOfPage\":{\"@id\":\"https:\\\/\\\/tiketi.com\\\/routes\\\/bus\\\/kampala-to-kibaale\\\/#primaryimage\"},\"image\":{\"@id\":\"https:\\\/\\\/tiketi.com\\\/routes\\\/bus\\\/kampala-to-kibaale\\\/#primaryimage\"},\"thumbnailUrl\":\"https:\\\/\\\/tiketi.com\\\/wp-content\\\/uploads\\\/2022\\\/01\\\/bus-ticket-online-booking.jpg\",\"datePublished\":\"2023-07-12T18:07:56+00:00\",\"dateModified\":\"2023-07-12T18:12:21+00:00\",\"description\":\"Looking for bus from Kampala to Kibaale bus tickets booking app, schedules & fares? Book cheap bus tickets from Kampala to Kibaale online now\",\"breadcrumb\":{\"@id\":\"https:\\\/\\\/tiketi.com\\\/routes\\\/bus\\\/kampala-to-kibaale\\\/#breadcrumb\"},\"inLanguage\":\"fr-FR\",\"potentialAction\":[{\"@type\":\"ReadAction\",\"target\":[\"https:\\\/\\\/tiketi.com\\\/routes\\\/bus\\\/kampala-to-kibaale\\\/\"]}]},{\"@type\":\"ImageObject\",\"inLanguage\":\"fr-FR\",\"@id\":\"https:\\\/\\\/tiketi.com\\\/routes\\\/bus\\\/kampala-to-kibaale\\\/#primaryimage\",\"url\":\"https:\\\/\\\/tiketi.com\\\/wp-content\\\/uploads\\\/2022\\\/01\\\/bus-ticket-online-booking.jpg\",\"contentUrl\":\"https:\\\/\\\/tiketi.com\\\/wp-content\\\/uploads\\\/2022\\\/01\\\/bus-ticket-online-booking.jpg\",\"width\":1200,\"height\":206,\"caption\":\"Online Bus Ticket Booking\"},{\"@type\":\"BreadcrumbList\",\"@id\":\"https:\\\/\\\/tiketi.com\\\/routes\\\/bus\\\/kampala-to-kibaale\\\/#breadcrumb\",\"itemListElement\":[{\"@type\":\"ListItem\",\"position\":1,\"name\":\"Home\",\"item\":\"https:\\\/\\\/tiketi.com\\\/\"},{\"@type\":\"ListItem\",\"position\":2,\"name\":\"Routes\",\"item\":\"https:\\\/\\\/tiketi.com\\\/routes\\\/\"},{\"@type\":\"ListItem\",\"position\":3,\"name\":\"Bus\",\"item\":\"https:\\\/\\\/tiketi.com\\\/routes\\\/bus\\\/\"},{\"@type\":\"ListItem\",\"position\":4,\"name\":\"Bus from Kampala to Kibaale Bus Tickets, Fare, Schedule &#038; Route\"}]},{\"@type\":\"WebSite\",\"@id\":\"https:\\\/\\\/tiketi.com\\\/#website\",\"url\":\"https:\\\/\\\/tiketi.com\\\/\",\"name\":\"Flight & Bus Tickets, Tour Packages & Activitites - Tiketi.com\",\"description\":\"Flight &amp; Bus Tickets, Tours, Activitites\",\"publisher\":{\"@id\":\"https:\\\/\\\/tiketi.com\\\/#organization\"},\"potentialAction\":[{\"@type\":\"SearchAction\",\"target\":{\"@type\":\"EntryPoint\",\"urlTemplate\":\"https:\\\/\\\/tiketi.com\\\/?s={search_term_string}\"},\"query-input\":{\"@type\":\"PropertyValueSpecification\",\"valueRequired\":true,\"valueName\":\"search_term_string\"}}],\"inLanguage\":\"fr-FR\"},{\"@type\":\"Organization\",\"@id\":\"https:\\\/\\\/tiketi.com\\\/#organization\",\"name\":\"Tiketi.com\",\"alternateName\":\"Tiketi\",\"url\":\"https:\\\/\\\/tiketi.com\\\/\",\"logo\":{\"@type\":\"ImageObject\",\"inLanguage\":\"fr-FR\",\"@id\":\"https:\\\/\\\/tiketi.com\\\/#\\\/schema\\\/logo\\\/image\\\/\",\"url\":\"https:\\\/\\\/tiketi.com\\\/wp-content\\\/uploads\\\/2019\\\/05\\\/tiketi-logo-696.png\",\"contentUrl\":\"https:\\\/\\\/tiketi.com\\\/wp-content\\\/uploads\\\/2019\\\/05\\\/tiketi-logo-696.png\",\"width\":696,\"height\":696,\"caption\":\"Tiketi.com\"},\"image\":{\"@id\":\"https:\\\/\\\/tiketi.com\\\/#\\\/schema\\\/logo\\\/image\\\/\"},\"sameAs\":[\"https:\\\/\\\/www.facebook.com\\\/TiketiCom\\\/\"]}]}<\/script>\n<!-- \/ Yoast SEO plugin. -->","yoast_head_json":{"title":"Bus de Kampala \u00e0 Kibaale Billets de Bus, Tarif, Horaires &amp; Itin\u00e9raire - Tiketi.com","description":"\u00c0 la recherche d&#039;une application de r\u00e9servation de billets de bus de Kampala \u00e0 Kibaale, des horaires et des tarifs\u00a0? R\u00e9servez en ligne maintenant des billets de bus \u00e0 bas prix de Kampala \u00e0 Kibaale","robots":{"index":"index","follow":"follow","max-snippet":"max-snippet:-1","max-image-preview":"max-image-preview:large","max-video-preview":"max-video-preview:-1"},"canonical":"https:\/\/tiketi.com\/fr-fr\/routes\/bus\/kampala-to-kibaale\/","og_locale":"fr_FR","og_type":"article","og_title":"Bus from Kampala to Kibaale Bus Tickets, Fare, Schedule & Route - Tiketi.com","og_description":"Looking for bus from Kampala to Kibaale bus tickets booking app, schedules & fares? Book cheap bus tickets from Kampala to Kibaale online now","og_url":"https:\/\/tiketi.com\/fr-fr\/routes\/bus\/kampala-to-kibaale\/","og_site_name":"Tiketi.com","article_publisher":"https:\/\/www.facebook.com\/TiketiCom\/","article_modified_time":"2023-07-12T18:12:21+00:00","og_image":[{"width":1200,"height":206,"url":"https:\/\/tiketi.com\/wp-content\/uploads\/2022\/01\/bus-ticket-online-booking.jpg","type":"image\/jpeg"}],"twitter_card":"summary_large_image","twitter_misc":{"Dur\u00e9e de lecture estim\u00e9e":"2 minutes"},"schema":{"@context":"https:\/\/schema.org","@graph":[{"@type":"WebPage","@id":"https:\/\/tiketi.com\/routes\/bus\/kampala-to-kibaale\/","url":"https:\/\/tiketi.com\/routes\/bus\/kampala-to-kibaale\/","name":"Bus de Kampala \u00e0 Kibaale Billets de Bus, Tarif, Horaires &amp; Itin\u00e9raire - Tiketi.com","isPartOf":{"@id":"https:\/\/tiketi.com\/#website"},"primaryImageOfPage":{"@id":"https:\/\/tiketi.com\/routes\/bus\/kampala-to-kibaale\/#primaryimage"},"image":{"@id":"https:\/\/tiketi.com\/routes\/bus\/kampala-to-kibaale\/#primaryimage"},"thumbnailUrl":"https:\/\/tiketi.com\/wp-content\/uploads\/2022\/01\/bus-ticket-online-booking.jpg","datePublished":"2023-07-12T18:07:56+00:00","dateModified":"2023-07-12T18:12:21+00:00","description":"\u00c0 la recherche d&#039;une application de r\u00e9servation de billets de bus de Kampala \u00e0 Kibaale, des horaires et des tarifs\u00a0? R\u00e9servez en ligne maintenant des billets de bus \u00e0 bas prix de Kampala \u00e0 Kibaale","breadcrumb":{"@id":"https:\/\/tiketi.com\/routes\/bus\/kampala-to-kibaale\/#breadcrumb"},"inLanguage":"fr-FR","potentialAction":[{"@type":"ReadAction","target":["https:\/\/tiketi.com\/routes\/bus\/kampala-to-kibaale\/"]}]},{"@type":"ImageObject","inLanguage":"fr-FR","@id":"https:\/\/tiketi.com\/routes\/bus\/kampala-to-kibaale\/#primaryimage","url":"https:\/\/tiketi.com\/wp-content\/uploads\/2022\/01\/bus-ticket-online-booking.jpg","contentUrl":"https:\/\/tiketi.com\/wp-content\/uploads\/2022\/01\/bus-ticket-online-booking.jpg","width":1200,"height":206,"caption":"Online Bus Ticket Booking"},{"@type":"BreadcrumbList","@id":"https:\/\/tiketi.com\/routes\/bus\/kampala-to-kibaale\/#breadcrumb","itemListElement":[{"@type":"ListItem","position":1,"name":"Home","item":"https:\/\/tiketi.com\/"},{"@type":"ListItem","position":2,"name":"Routes","item":"https:\/\/tiketi.com\/routes\/"},{"@type":"ListItem","position":3,"name":"Bus","item":"https:\/\/tiketi.com\/routes\/bus\/"},{"@type":"ListItem","position":4,"name":"Bus from Kampala to Kibaale Bus Tickets, Fare, Schedule &#038; Route"}]},{"@type":"WebSite","@id":"https:\/\/tiketi.com\/#website","url":"https:\/\/tiketi.com\/","name":"Billets d&#039;avion et de bus, forfaits touristiques et activit\u00e9s - Tiketi.com","description":"Billets d&#039;avion et de bus, Tours, Activit\u00e9s","publisher":{"@id":"https:\/\/tiketi.com\/#organization"},"potentialAction":[{"@type":"SearchAction","target":{"@type":"EntryPoint","urlTemplate":"https:\/\/tiketi.com\/?s={search_term_string}"},"query-input":{"@type":"PropertyValueSpecification","valueRequired":true,"valueName":"search_term_string"}}],"inLanguage":"fr-FR"},{"@type":"Organization","@id":"https:\/\/tiketi.com\/#organization","name":"Tiketi.com","alternateName":"Tiketi","url":"https:\/\/tiketi.com\/","logo":{"@type":"ImageObject","inLanguage":"fr-FR","@id":"https:\/\/tiketi.com\/#\/schema\/logo\/image\/","url":"https:\/\/tiketi.com\/wp-content\/uploads\/2019\/05\/tiketi-logo-696.png","contentUrl":"https:\/\/tiketi.com\/wp-content\/uploads\/2019\/05\/tiketi-logo-696.png","width":696,"height":696,"caption":"Tiketi.com"},"image":{"@id":"https:\/\/tiketi.com\/#\/schema\/logo\/image\/"},"sameAs":["https:\/\/www.facebook.com\/TiketiCom\/"]}]}},"_links":{"self":[{"href":"https:\/\/tiketi.com\/fr-fr\/wp-json\/wp\/v2\/pages\/28760","targetHints":{"allow":["GET"]}}],"collection":[{"href":"https:\/\/tiketi.com\/fr-fr\/wp-json\/wp\/v2\/pages"}],"about":[{"href":"https:\/\/tiketi.com\/fr-fr\/wp-json\/wp\/v2\/types\/page"}],"author":[{"embeddable":true,"href":"https:\/\/tiketi.com\/fr-fr\/wp-json\/wp\/v2\/users\/1"}],"replies":[{"embeddable":true,"href":"https:\/\/tiketi.com\/fr-fr\/wp-json\/wp\/v2\/comments?post=28760"}],"version-history":[{"count":0,"href":"https:\/\/tiketi.com\/fr-fr\/wp-json\/wp\/v2\/pages\/28760\/revisions"}],"up":[{"embeddable":true,"href":"https:\/\/tiketi.com\/fr-fr\/wp-json\/wp\/v2\/pages\/25566"}],"wp:featuredmedia":[{"embeddable":true,"href":"https:\/\/tiketi.com\/fr-fr\/wp-json\/wp\/v2\/media\/13999"}],"wp:attachment":[{"href":"https:\/\/tiketi.com\/fr-fr\/wp-json\/wp\/v2\/media?parent=28760"}],"curies":[{"name":"wp","href":"https:\/\/api.w.org\/{rel}","templated":true}]}}