{"id":29130,"date":"2023-08-29T10:03:33","date_gmt":"2023-08-29T09:03:33","guid":{"rendered":"https:\/\/tiketi.com\/?page_id=29130"},"modified":"2023-08-29T10:14:38","modified_gmt":"2023-08-29T09:14:38","slug":"asante-rabi-express","status":"publish","type":"page","link":"https:\/\/tiketi.com\/fr-fr\/companies\/asante-rabi-express\/","title":{"rendered":"Asante Rabi Express R\u00e9servation en ligne, billets de bus, itin\u00e9raires, horaires et tarifs"},"content":{"rendered":"<h2>R\u00e9servation de billets en ligne pour le bus Asante Rabi pas cher<\/h2>\n<h3>D\u00e9couvrez votre itin\u00e9raire de voyage sur le Web, votre mobile ou votre application et r\u00e9servez en ligne des billets de bus Asante Rabi Express Express pas chers.<\/h3>\n<p>La r\u00e9servation en ligne d&#039;Asante Rabi Express est facilit\u00e9e. Asante Rabi Express est une compagnie de bus interurbain bas\u00e9e \u00e0 Arusha qui propose des services entre la zone nord, Mwanza et la r\u00e9gion du lac comme destination finale. Faites de m\u00eame en r\u00e9servant des billets en ligne pour le bus Asante Rabi en Tanzanie maintenant\u00a0!<\/p>\n<h2>Asante Rabi Express R\u00e9servation en ligne, billets de bus, itin\u00e9raires, tarifs et horaires FAQ<\/h2>\n<h3>Quelles sont les c\u00e9l\u00e8bres lignes de bus Asante Rabi Express ?<\/h3>\n<p>\u2022 Arusha \u00e0 Shinyanga via Singida<br \/>\n\u2022 Arusha \u00e0 Mwanza via Singida<\/p>\n<h3>Ligne de flotte Asante<\/h3>\n<p>L&#039;entreprise utilise uniquement des bus Scania, r\u00e9put\u00e9s pour leur confort et leur fiabilit\u00e9. Les bus ont diff\u00e9rentes carrosseries de Master et Marcopolo Fabricators, leur donnant un look moderne et \u00e9l\u00e9gant.<br \/>\nTous les bus font l&#039;objet d&#039;un entretien programm\u00e9 pour garantir qu&#039;ils sont dans les meilleures conditions pour chaque voyage. Les bus sont bien entretenus et propres, avec les caract\u00e9ristiques suivantes\u00a0:<\/p>\n<p>\u2022\u00a0Ports de chargement USB \u00e0 chaque si\u00e8ge<br \/>\n\u2022 2\u00d72 si\u00e8ges inclinables<br \/>\n\u2022 Wifi gratuit<br \/>\n\u2022\u00a0T\u00e9l\u00e9vision fine pour le divertissement<br \/>\n\u2022 Climatisation dans certains bus<br \/>\n\u2022 des collations et des boissons gratuites<br \/>\n\u2022 Un meilleur syst\u00e8me audio<br \/>\nLes bus sont le meilleur moyen de voyager avec style et confort.<\/p>\n<h3>Ligne de service Asante Rabi<\/h3>\n<p>L&#039;entreprise fournit des services de transport de passagers dans la zone Nord et la zone Lac. Ils ont un d\u00e9part quotidien pr\u00e9vu le matin de Mwanza \u00e0 Arusha, et vice versa.<\/p>\n<p>Services de r\u00e9servation accessibles au terminal, aux bureaux de bus ou en les appelant via les num\u00e9ros indiqu\u00e9s ci-dessous.<br \/>\nAsante Rabi Express fournit des services de livraison de colis entre les deux zones \u00e0 des prix \u00e9quitables pour tous les clients. Vous pouvez d\u00e9poser vos colis dans leurs bureaux ou \u00e0 la gare routi\u00e8re.<\/p>\n<h3>Quelles sont les coordonn\u00e9es du bureau de r\u00e9servation Asante Rabi Express Bus ?<\/h3>\n<div>\n<p>Levolosi Arusha TZ, 23104, Tanzanie<\/p>\n<\/div>\n<div>\n<h2>Conseils de r\u00e9servation de billets en ligne pour le bus Asante Rabi pas cher<\/h2>\n<p>Ils sont pr\u00e9sents dans le secteur des transports depuis plus de dix ans et constituent d\u00e9sormais les plus grands concurrents des autres entreprises desservant ces itin\u00e9raires. L&#039;entreprise propose un transport quotidien r\u00e9gulier de passagers avec plus d&#039;un autocar quittant chaque terminal chaque jour.<\/p>\n<\/div>","protected":false},"excerpt":{"rendered":"<p>Cheap Asante Rabi Bus Online Ticket Booking Discover your travel route on web, mobile or app and book cheap Asante Rabi Express Express bus tickets online. Asante Rabi Express online booking made easy. Asante Rabi Express is an intercity bus company based in Arusha that offers services between the Northern area, Mwanza and lake area [&hellip;]<\/p>\n","protected":false},"author":1,"featured_media":13999,"parent":25539,"menu_order":0,"comment_status":"closed","ping_status":"closed","template":"template-home-modern.php","meta":{"footnotes":""},"class_list":["post-29130","page","type-page","status-publish","has-post-thumbnail","hentry"],"yoast_head":"<!-- This site is optimized with the Yoast SEO plugin v27.3 - https:\/\/yoast.com\/product\/yoast-seo-wordpress\/ -->\n<title>Asante Rabi Express Online Booking, Bus Tickets, Routes, Schedule &amp; Fares - Tiketi.com<\/title>\n<meta name=\"description\" content=\"Looking for Asante Rabi Express online booking, app, contacts, routes, fares and schedule? Make a cheap Asante Rabi bus online ticket booking\" \/>\n<meta name=\"robots\" content=\"index, follow, max-snippet:-1, max-image-preview:large, max-video-preview:-1\" \/>\n<link rel=\"canonical\" href=\"https:\/\/tiketi.com\/fr-fr\/companies\/asante-rabi-express\/\" \/>\n<meta property=\"og:locale\" content=\"fr_FR\" \/>\n<meta property=\"og:type\" content=\"article\" \/>\n<meta property=\"og:title\" content=\"Asante Rabi Express Online Booking, Bus Tickets, Routes, Schedule &amp; Fares - Tiketi.com\" \/>\n<meta property=\"og:description\" content=\"Looking for Asante Rabi Express online booking, app, contacts, routes, fares and schedule? Make a cheap Asante Rabi bus online ticket booking\" \/>\n<meta property=\"og:url\" content=\"https:\/\/tiketi.com\/fr-fr\/companies\/asante-rabi-express\/\" \/>\n<meta property=\"og:site_name\" content=\"Tiketi.com\" \/>\n<meta property=\"article:publisher\" content=\"https:\/\/www.facebook.com\/TiketiCom\/\" \/>\n<meta property=\"article:modified_time\" content=\"2023-08-29T09:14:38+00:00\" \/>\n<meta property=\"og:image\" content=\"https:\/\/tiketi.com\/wp-content\/uploads\/2022\/01\/bus-ticket-online-booking.jpg\" \/>\n\t<meta property=\"og:image:width\" content=\"1200\" \/>\n\t<meta property=\"og:image:height\" content=\"206\" \/>\n\t<meta property=\"og:image:type\" content=\"image\/jpeg\" \/>\n<meta name=\"twitter:card\" content=\"summary_large_image\" \/>\n<meta name=\"twitter:label1\" content=\"Dur\u00e9e de lecture estim\u00e9e\" \/>\n\t<meta name=\"twitter:data1\" content=\"2 minutes\" \/>\n<script type=\"application\/ld+json\" class=\"yoast-schema-graph\">{\"@context\":\"https:\\\/\\\/schema.org\",\"@graph\":[{\"@type\":\"WebPage\",\"@id\":\"https:\\\/\\\/tiketi.com\\\/companies\\\/asante-rabi-express\\\/\",\"url\":\"https:\\\/\\\/tiketi.com\\\/companies\\\/asante-rabi-express\\\/\",\"name\":\"Asante Rabi Express Online Booking, Bus Tickets, Routes, Schedule & Fares - Tiketi.com\",\"isPartOf\":{\"@id\":\"https:\\\/\\\/tiketi.com\\\/#website\"},\"primaryImageOfPage\":{\"@id\":\"https:\\\/\\\/tiketi.com\\\/companies\\\/asante-rabi-express\\\/#primaryimage\"},\"image\":{\"@id\":\"https:\\\/\\\/tiketi.com\\\/companies\\\/asante-rabi-express\\\/#primaryimage\"},\"thumbnailUrl\":\"https:\\\/\\\/tiketi.com\\\/wp-content\\\/uploads\\\/2022\\\/01\\\/bus-ticket-online-booking.jpg\",\"datePublished\":\"2023-08-29T09:03:33+00:00\",\"dateModified\":\"2023-08-29T09:14:38+00:00\",\"description\":\"Looking for Asante Rabi Express online booking, app, contacts, routes, fares and schedule? Make a cheap Asante Rabi bus online ticket booking\",\"breadcrumb\":{\"@id\":\"https:\\\/\\\/tiketi.com\\\/companies\\\/asante-rabi-express\\\/#breadcrumb\"},\"inLanguage\":\"fr-FR\",\"potentialAction\":[{\"@type\":\"ReadAction\",\"target\":[\"https:\\\/\\\/tiketi.com\\\/companies\\\/asante-rabi-express\\\/\"]}]},{\"@type\":\"ImageObject\",\"inLanguage\":\"fr-FR\",\"@id\":\"https:\\\/\\\/tiketi.com\\\/companies\\\/asante-rabi-express\\\/#primaryimage\",\"url\":\"https:\\\/\\\/tiketi.com\\\/wp-content\\\/uploads\\\/2022\\\/01\\\/bus-ticket-online-booking.jpg\",\"contentUrl\":\"https:\\\/\\\/tiketi.com\\\/wp-content\\\/uploads\\\/2022\\\/01\\\/bus-ticket-online-booking.jpg\",\"width\":1200,\"height\":206,\"caption\":\"Online Bus Ticket Booking\"},{\"@type\":\"BreadcrumbList\",\"@id\":\"https:\\\/\\\/tiketi.com\\\/companies\\\/asante-rabi-express\\\/#breadcrumb\",\"itemListElement\":[{\"@type\":\"ListItem\",\"position\":1,\"name\":\"Home\",\"item\":\"https:\\\/\\\/tiketi.com\\\/\"},{\"@type\":\"ListItem\",\"position\":2,\"name\":\"Companies\",\"item\":\"https:\\\/\\\/tiketi.com\\\/companies\\\/\"},{\"@type\":\"ListItem\",\"position\":3,\"name\":\"Asante Rabi Express Online Booking, Bus Tickets, Routes, Schedule &#038; Fares\"}]},{\"@type\":\"WebSite\",\"@id\":\"https:\\\/\\\/tiketi.com\\\/#website\",\"url\":\"https:\\\/\\\/tiketi.com\\\/\",\"name\":\"Flight & Bus Tickets, Tour Packages & Activitites - Tiketi.com\",\"description\":\"Flight &amp; Bus Tickets, Tours, Activitites\",\"publisher\":{\"@id\":\"https:\\\/\\\/tiketi.com\\\/#organization\"},\"potentialAction\":[{\"@type\":\"SearchAction\",\"target\":{\"@type\":\"EntryPoint\",\"urlTemplate\":\"https:\\\/\\\/tiketi.com\\\/?s={search_term_string}\"},\"query-input\":{\"@type\":\"PropertyValueSpecification\",\"valueRequired\":true,\"valueName\":\"search_term_string\"}}],\"inLanguage\":\"fr-FR\"},{\"@type\":\"Organization\",\"@id\":\"https:\\\/\\\/tiketi.com\\\/#organization\",\"name\":\"Tiketi.com\",\"alternateName\":\"Tiketi\",\"url\":\"https:\\\/\\\/tiketi.com\\\/\",\"logo\":{\"@type\":\"ImageObject\",\"inLanguage\":\"fr-FR\",\"@id\":\"https:\\\/\\\/tiketi.com\\\/#\\\/schema\\\/logo\\\/image\\\/\",\"url\":\"https:\\\/\\\/tiketi.com\\\/wp-content\\\/uploads\\\/2019\\\/05\\\/tiketi-logo-696.png\",\"contentUrl\":\"https:\\\/\\\/tiketi.com\\\/wp-content\\\/uploads\\\/2019\\\/05\\\/tiketi-logo-696.png\",\"width\":696,\"height\":696,\"caption\":\"Tiketi.com\"},\"image\":{\"@id\":\"https:\\\/\\\/tiketi.com\\\/#\\\/schema\\\/logo\\\/image\\\/\"},\"sameAs\":[\"https:\\\/\\\/www.facebook.com\\\/TiketiCom\\\/\"]}]}<\/script>\n<!-- \/ Yoast SEO plugin. -->","yoast_head_json":{"title":"Asante Rabi Express R\u00e9servation en ligne, billets de bus, itin\u00e9raires, horaires et tarifs - Tiketi.com","description":"Vous recherchez une r\u00e9servation en ligne, une application, des contacts, des itin\u00e9raires, des tarifs et des horaires sur Asante Rabi Express\u00a0? R\u00e9servation en ligne de billets de bus Asante Rabi pas chers","robots":{"index":"index","follow":"follow","max-snippet":"max-snippet:-1","max-image-preview":"max-image-preview:large","max-video-preview":"max-video-preview:-1"},"canonical":"https:\/\/tiketi.com\/fr-fr\/companies\/asante-rabi-express\/","og_locale":"fr_FR","og_type":"article","og_title":"Asante Rabi Express Online Booking, Bus Tickets, Routes, Schedule & Fares - Tiketi.com","og_description":"Looking for Asante Rabi Express online booking, app, contacts, routes, fares and schedule? Make a cheap Asante Rabi bus online ticket booking","og_url":"https:\/\/tiketi.com\/fr-fr\/companies\/asante-rabi-express\/","og_site_name":"Tiketi.com","article_publisher":"https:\/\/www.facebook.com\/TiketiCom\/","article_modified_time":"2023-08-29T09:14:38+00:00","og_image":[{"width":1200,"height":206,"url":"https:\/\/tiketi.com\/wp-content\/uploads\/2022\/01\/bus-ticket-online-booking.jpg","type":"image\/jpeg"}],"twitter_card":"summary_large_image","twitter_misc":{"Dur\u00e9e de lecture estim\u00e9e":"2 minutes"},"schema":{"@context":"https:\/\/schema.org","@graph":[{"@type":"WebPage","@id":"https:\/\/tiketi.com\/companies\/asante-rabi-express\/","url":"https:\/\/tiketi.com\/companies\/asante-rabi-express\/","name":"Asante Rabi Express R\u00e9servation en ligne, billets de bus, itin\u00e9raires, horaires et tarifs - Tiketi.com","isPartOf":{"@id":"https:\/\/tiketi.com\/#website"},"primaryImageOfPage":{"@id":"https:\/\/tiketi.com\/companies\/asante-rabi-express\/#primaryimage"},"image":{"@id":"https:\/\/tiketi.com\/companies\/asante-rabi-express\/#primaryimage"},"thumbnailUrl":"https:\/\/tiketi.com\/wp-content\/uploads\/2022\/01\/bus-ticket-online-booking.jpg","datePublished":"2023-08-29T09:03:33+00:00","dateModified":"2023-08-29T09:14:38+00:00","description":"Vous recherchez une r\u00e9servation en ligne, une application, des contacts, des itin\u00e9raires, des tarifs et des horaires sur Asante Rabi Express\u00a0? R\u00e9servation en ligne de billets de bus Asante Rabi pas chers","breadcrumb":{"@id":"https:\/\/tiketi.com\/companies\/asante-rabi-express\/#breadcrumb"},"inLanguage":"fr-FR","potentialAction":[{"@type":"ReadAction","target":["https:\/\/tiketi.com\/companies\/asante-rabi-express\/"]}]},{"@type":"ImageObject","inLanguage":"fr-FR","@id":"https:\/\/tiketi.com\/companies\/asante-rabi-express\/#primaryimage","url":"https:\/\/tiketi.com\/wp-content\/uploads\/2022\/01\/bus-ticket-online-booking.jpg","contentUrl":"https:\/\/tiketi.com\/wp-content\/uploads\/2022\/01\/bus-ticket-online-booking.jpg","width":1200,"height":206,"caption":"Online Bus Ticket Booking"},{"@type":"BreadcrumbList","@id":"https:\/\/tiketi.com\/companies\/asante-rabi-express\/#breadcrumb","itemListElement":[{"@type":"ListItem","position":1,"name":"Home","item":"https:\/\/tiketi.com\/"},{"@type":"ListItem","position":2,"name":"Companies","item":"https:\/\/tiketi.com\/companies\/"},{"@type":"ListItem","position":3,"name":"Asante Rabi Express Online Booking, Bus Tickets, Routes, Schedule &#038; Fares"}]},{"@type":"WebSite","@id":"https:\/\/tiketi.com\/#website","url":"https:\/\/tiketi.com\/","name":"Billets d&#039;avion et de bus, forfaits touristiques et activit\u00e9s - Tiketi.com","description":"Billets d&#039;avion et de bus, Tours, Activit\u00e9s","publisher":{"@id":"https:\/\/tiketi.com\/#organization"},"potentialAction":[{"@type":"SearchAction","target":{"@type":"EntryPoint","urlTemplate":"https:\/\/tiketi.com\/?s={search_term_string}"},"query-input":{"@type":"PropertyValueSpecification","valueRequired":true,"valueName":"search_term_string"}}],"inLanguage":"fr-FR"},{"@type":"Organization","@id":"https:\/\/tiketi.com\/#organization","name":"Tiketi.com","alternateName":"Tiketi","url":"https:\/\/tiketi.com\/","logo":{"@type":"ImageObject","inLanguage":"fr-FR","@id":"https:\/\/tiketi.com\/#\/schema\/logo\/image\/","url":"https:\/\/tiketi.com\/wp-content\/uploads\/2019\/05\/tiketi-logo-696.png","contentUrl":"https:\/\/tiketi.com\/wp-content\/uploads\/2019\/05\/tiketi-logo-696.png","width":696,"height":696,"caption":"Tiketi.com"},"image":{"@id":"https:\/\/tiketi.com\/#\/schema\/logo\/image\/"},"sameAs":["https:\/\/www.facebook.com\/TiketiCom\/"]}]}},"_links":{"self":[{"href":"https:\/\/tiketi.com\/fr-fr\/wp-json\/wp\/v2\/pages\/29130","targetHints":{"allow":["GET"]}}],"collection":[{"href":"https:\/\/tiketi.com\/fr-fr\/wp-json\/wp\/v2\/pages"}],"about":[{"href":"https:\/\/tiketi.com\/fr-fr\/wp-json\/wp\/v2\/types\/page"}],"author":[{"embeddable":true,"href":"https:\/\/tiketi.com\/fr-fr\/wp-json\/wp\/v2\/users\/1"}],"replies":[{"embeddable":true,"href":"https:\/\/tiketi.com\/fr-fr\/wp-json\/wp\/v2\/comments?post=29130"}],"version-history":[{"count":0,"href":"https:\/\/tiketi.com\/fr-fr\/wp-json\/wp\/v2\/pages\/29130\/revisions"}],"up":[{"embeddable":true,"href":"https:\/\/tiketi.com\/fr-fr\/wp-json\/wp\/v2\/pages\/25539"}],"wp:featuredmedia":[{"embeddable":true,"href":"https:\/\/tiketi.com\/fr-fr\/wp-json\/wp\/v2\/media\/13999"}],"wp:attachment":[{"href":"https:\/\/tiketi.com\/fr-fr\/wp-json\/wp\/v2\/media?parent=29130"}],"curies":[{"name":"wp","href":"https:\/\/api.w.org\/{rel}","templated":true}]}}