{"id":29132,"date":"2023-08-29T10:36:50","date_gmt":"2023-08-29T09:36:50","guid":{"rendered":"https:\/\/tiketi.com\/?page_id=29132"},"modified":"2025-08-03T20:47:37","modified_gmt":"2025-08-03T19:47:37","slug":"adventure-connection-bus","status":"publish","type":"page","link":"https:\/\/tiketi.com\/fr-fr\/companies\/buses\/adventure-connection-bus\/","title":{"rendered":"Adventure Connection Bus R\u00e9servation en ligne, billets, itin\u00e9raires et tarifs"},"content":{"rendered":"<h2>R\u00e9servation de billets de bus en ligne Adventure Connection pas cher<\/h2>\n<h3>D\u00e9couvrez votre itin\u00e9raire de voyage sur le Web, sur mobile ou sur une application et r\u00e9servez en ligne des billets de bus Adventure Connection bus Express pas chers.<\/h3>\n<p>La r\u00e9servation en ligne du bus Adventure Connection est simplifi\u00e9e. Adventure Connection Bus est une compagnie de bus interurbain qui relie Otherparties et Kigoma en Tanzanie, y compris la grande ville de Dar es Salaam. C&#039;est l&#039;une des plus anciennes compagnies de bus encore en activit\u00e9 dans le pays. Alors faites la r\u00e9servation de billets de bus en ligne Adventure Connection d\u00e8s maintenant\u00a0!<\/p>\n<h2>Bus Adventure Connection R\u00e9servation en ligne, billets de bus, itin\u00e9raires, tarifs et horaires FAQ<\/h2>\n<h3>Quelles sont les c\u00e9l\u00e8bres lignes de bus Adventure Connection ?<\/h3>\n<p>Le bus aventure circule sur les itin\u00e9raires suivants\u00a0:<\/p>\n<p>\u2022 Dar es Salaam \u00e0 Bukoba<br \/>\n\u2022 De Dar es Salaam \u00e0 Kasulu<br \/>\n\u2022 De Dar es Salaam \u00e0 Mpanda<br \/>\n\u2022 Dar es Salam \u00e0 Bujumbura<br \/>\n\u2022 Dar es Salam \u00e0 Kigoma<br \/>\n\u2022 De Kigoma \u00e0 Mwanza<br \/>\n\u2022 Kigoma \u00e0 Kahama<br \/>\n\u2022 De Kigoma \u00e0 Dodoma<br \/>\n\u2022 Kigoma \u00e0 Arusha<br \/>\n\u2022 De Kigoma \u00e0 Bukoba<br \/>\n\u2022 Kigoma \u00e0 Sumbawanga et Mpanda<br \/>\n\u2022 De Kigoma \u00e0 Dodoma<br \/>\n\u2022 De Mwanza \u00e0 Mpanda et Tabora<\/p>\n<h2>Avantages des billets de bus Adventure Connection<\/h2>\n<p>Voici quelques-uns des avantages de la r\u00e9servation en ligne de billets de bus Adventure Connection\u00a0:<\/p>\n<h3>Facilit\u00e9<\/h3>\n<p>Vous pouvez r\u00e9server vos billets de n\u2019importe o\u00f9, \u00e0 condition de disposer d\u2019une connexion en ligne. Cela signifie que vous pouvez r\u00e9server vos billets depuis votre travail, chez vous ou m\u00eame en d\u00e9placement.<\/p>\n<h3>La flexibilit\u00e9<\/h3>\n<p>Vous pouvez simplement annuler ou modifier vos billets jusqu&#039;\u00e0 24 heures avant la date de votre voyage. Il s&#039;agit d&#039;une fonctionnalit\u00e9 int\u00e9ressante si vos projets changent ou si vous devez ajuster votre itin\u00e9raire de voyage.<\/p>\n<h3>Abordable<\/h3>\n<p>Vous pourrez peut-\u00eatre trouver des promotions et des r\u00e9ductions lorsque vous r\u00e9servez en ligne. Adventure Connection offre g\u00e9n\u00e9ralement des r\u00e9ductions aux personnes \u00e2g\u00e9es, aux \u00e9tudiants et aux militaires. Vous pouvez \u00e9galement trouver des promotions et des r\u00e9ductions sur des sites tiers.<\/p>\n<div>\n<h3>Quelles sont les coordonn\u00e9es du bureau de r\u00e9servation de billets de bus en ligne Adventure Connection ?<\/h3>\n<p>Le si\u00e8ge social d\u2019Adventure Bus est \u00e0 Kigoma, en Tanzanie<\/p>\n<\/div>\n<div>\n<h2>Conseils de r\u00e9servation de billets de bus en ligne Adventure Connection pas chers<\/h2>\n<p>L&#039;entreprise a d\u00e9marr\u00e9 ses op\u00e9rations avec des bus Nissan et Scania avec des carrosseries assembl\u00e9es localement. Mais ces derniers jours, ils ont apport\u00e9 des innovations \u00e0 leur flotte en ajoutant les derniers bus chinois Yutong, Zhongtong et Higer.<\/p>\n<p>Ils utilisent d\u00e9sormais Golden Dragon et Chinese Higer.<\/p>\n<p>Le bus Adventure Connection exploite des bus de luxe semi et ordinaires. Certains de leurs bus proposent des divertissements \u00e0 bord, notamment de la musique, la t\u00e9l\u00e9vision, des boissons non alcoolis\u00e9es et bien d&#039;autres encore.<\/p>\n<h2>Autres compagnies de bus populaires en Tanzanie<\/h2>\n<table border=\"0\" cellspacing=\"1\" cellpadding=\"1\">\n<tbody>\n<tr>\n<td>\n<ul>\n<li><a href=\"https:\/\/tiketi.com\/fr-fr\/companies\/buses\/trinity-express\/\" target=\"_blank\" rel=\"noopener\">Trinity Express Booking<\/a><\/li>\n<\/ul>\n<\/td>\n<td style=\"width: 30px;\"><\/td>\n<td>\n<ul>\n<li><a href=\"https:\/\/tiketi.com\/fr-fr\/companies\/buses\/kilimanjaro-express\/\" target=\"_blank\" rel=\"noopener\">R\u00e9servation Dar Express<\/a><\/li>\n<\/ul>\n<\/td>\n<td style=\"width: 30px;\"><\/td>\n<td>\n<ul>\n<li><a href=\"https:\/\/tiketi.com\/fr-fr\/companies\/buses\/abood-bus\/\" target=\"_blank\" rel=\"noopener\">R\u00e9servation de bus Abood<\/a><\/li>\n<\/ul>\n<\/td>\n<\/tr>\n<tr>\n<td>\n<ul>\n<li><a href=\"https:\/\/tiketi.com\/fr-fr\/companies\/buses\/masalu-high-class\/\" target=\"_blank\" rel=\"noopener\">Masalu High Class Bus Booking<\/a><\/li>\n<\/ul>\n<\/td>\n<td style=\"width: 30px;\"><\/td>\n<td>\n<ul>\n<li><a href=\"https:\/\/tiketi.com\/fr-fr\/companies\/buses\/happy-nation-express\/\" target=\"_blank\" rel=\"noopener\">R\u00e9servation Happy Nation Express<\/a><\/li>\n<\/ul>\n<\/td>\n<td style=\"width: 30px;\"><\/td>\n<td>\n<ul>\n<li><a href=\"https:\/\/tiketi.com\/fr-fr\/companies\/buses\/esther-luxury-coach\/\" target=\"_blank\" rel=\"noopener\">R\u00e9servation d&#039;autocars de luxe Esther<\/a><\/li>\n<\/ul>\n<\/td>\n<\/tr>\n<tr>\n<td>\n<ul>\n<li><a href=\"https:\/\/tiketi.com\/fr-fr\/companies\/buses\/bm-luxury-coach\/\" target=\"_blank\" rel=\"noopener\">R\u00e9servation de bus BM<\/a><\/li>\n<\/ul>\n<\/td>\n<td style=\"width: 30px;\"><\/td>\n<td>\n<ul>\n<li><a href=\"https:\/\/tiketi.com\/fr-fr\/companies\/buses\/satco-express\/\" target=\"_blank\" rel=\"noopener\">R\u00e9servation de bus Satco<\/a><\/li>\n<\/ul>\n<\/td>\n<td style=\"width: 30px;\"><\/td>\n<td>\n<ul>\n<li><a href=\"https:\/\/tiketi.com\/fr-fr\/companies\/buses\/abc-autobus-de-classe-superieur\/\" target=\"_blank\" rel=\"noopener\">R\u00e9servation de bus ABC Upper Class<\/a><\/li>\n<\/ul>\n<\/td>\n<\/tr>\n<\/tbody>\n<\/table>\n<\/div>\n<p>&nbsp;<\/p>\n<p>&nbsp;<\/p>\n<p>&nbsp;<\/p>","protected":false},"excerpt":{"rendered":"<p>Cheap Adventure Connection Online Bus Ticket Booking Discover your travel route on web, mobile or app and book cheap Adventure Connection bus Express bus tickets online. Adventure Connection bus online booking made easy. Adventure Connection Bus is an intercity bus company that runs between Otherparties and Kigoma in Tanzania, including the big city of Dar [&hellip;]<\/p>\n","protected":false},"author":1,"featured_media":13999,"parent":25524,"menu_order":0,"comment_status":"closed","ping_status":"closed","template":"template-home-modern.php","meta":{"footnotes":""},"class_list":["post-29132","page","type-page","status-publish","has-post-thumbnail","hentry"],"yoast_head":"<!-- This site is optimized with the Yoast SEO plugin v27.3 - https:\/\/yoast.com\/product\/yoast-seo-wordpress\/ -->\n<title>Adventure Connection Bus Online Booking, Tickets, Routes &amp; Fares - Tiketi.com<\/title>\n<meta name=\"description\" content=\"Looking for Adventure Connection bus online booking, app, contacts, routes, fares and schedule? Make a Adventure Connection online bus ticket booking\" \/>\n<meta name=\"robots\" content=\"index, follow, max-snippet:-1, max-image-preview:large, max-video-preview:-1\" \/>\n<link rel=\"canonical\" href=\"https:\/\/tiketi.com\/fr-fr\/companies\/buses\/adventure-connection-bus\/\" \/>\n<meta property=\"og:locale\" content=\"fr_FR\" \/>\n<meta property=\"og:type\" content=\"article\" \/>\n<meta property=\"og:title\" content=\"Adventure Connection Bus Online Booking, Tickets, Routes &amp; Fares - Tiketi.com\" \/>\n<meta property=\"og:description\" content=\"Looking for Adventure Connection bus online booking, app, contacts, routes, fares and schedule? Make a Adventure Connection online bus ticket booking\" \/>\n<meta property=\"og:url\" content=\"https:\/\/tiketi.com\/fr-fr\/companies\/buses\/adventure-connection-bus\/\" \/>\n<meta property=\"og:site_name\" content=\"Tiketi.com\" \/>\n<meta property=\"article:publisher\" content=\"https:\/\/www.facebook.com\/TiketiCom\/\" \/>\n<meta property=\"article:modified_time\" content=\"2025-08-03T19:47:37+00:00\" \/>\n<meta property=\"og:image\" content=\"https:\/\/tiketi.com\/wp-content\/uploads\/2022\/01\/bus-ticket-online-booking.jpg\" \/>\n\t<meta property=\"og:image:width\" content=\"1200\" \/>\n\t<meta property=\"og:image:height\" content=\"206\" \/>\n\t<meta property=\"og:image:type\" content=\"image\/jpeg\" \/>\n<meta name=\"twitter:card\" content=\"summary_large_image\" \/>\n<meta name=\"twitter:label1\" content=\"Dur\u00e9e de lecture estim\u00e9e\" \/>\n\t<meta name=\"twitter:data1\" content=\"3 minutes\" \/>\n<script type=\"application\/ld+json\" class=\"yoast-schema-graph\">{\"@context\":\"https:\\\/\\\/schema.org\",\"@graph\":[{\"@type\":\"WebPage\",\"@id\":\"https:\\\/\\\/tiketi.com\\\/companies\\\/buses\\\/adventure-connection-bus\\\/\",\"url\":\"https:\\\/\\\/tiketi.com\\\/companies\\\/buses\\\/adventure-connection-bus\\\/\",\"name\":\"Adventure Connection Bus Online Booking, Tickets, Routes & Fares - Tiketi.com\",\"isPartOf\":{\"@id\":\"https:\\\/\\\/tiketi.com\\\/#website\"},\"primaryImageOfPage\":{\"@id\":\"https:\\\/\\\/tiketi.com\\\/companies\\\/buses\\\/adventure-connection-bus\\\/#primaryimage\"},\"image\":{\"@id\":\"https:\\\/\\\/tiketi.com\\\/companies\\\/buses\\\/adventure-connection-bus\\\/#primaryimage\"},\"thumbnailUrl\":\"https:\\\/\\\/tiketi.com\\\/wp-content\\\/uploads\\\/2022\\\/01\\\/bus-ticket-online-booking.jpg\",\"datePublished\":\"2023-08-29T09:36:50+00:00\",\"dateModified\":\"2025-08-03T19:47:37+00:00\",\"description\":\"Looking for Adventure Connection bus online booking, app, contacts, routes, fares and schedule? Make a Adventure Connection online bus ticket booking\",\"breadcrumb\":{\"@id\":\"https:\\\/\\\/tiketi.com\\\/companies\\\/buses\\\/adventure-connection-bus\\\/#breadcrumb\"},\"inLanguage\":\"fr-FR\",\"potentialAction\":[{\"@type\":\"ReadAction\",\"target\":[\"https:\\\/\\\/tiketi.com\\\/companies\\\/buses\\\/adventure-connection-bus\\\/\"]}]},{\"@type\":\"ImageObject\",\"inLanguage\":\"fr-FR\",\"@id\":\"https:\\\/\\\/tiketi.com\\\/companies\\\/buses\\\/adventure-connection-bus\\\/#primaryimage\",\"url\":\"https:\\\/\\\/tiketi.com\\\/wp-content\\\/uploads\\\/2022\\\/01\\\/bus-ticket-online-booking.jpg\",\"contentUrl\":\"https:\\\/\\\/tiketi.com\\\/wp-content\\\/uploads\\\/2022\\\/01\\\/bus-ticket-online-booking.jpg\",\"width\":1200,\"height\":206,\"caption\":\"Online Bus Ticket Booking\"},{\"@type\":\"BreadcrumbList\",\"@id\":\"https:\\\/\\\/tiketi.com\\\/companies\\\/buses\\\/adventure-connection-bus\\\/#breadcrumb\",\"itemListElement\":[{\"@type\":\"ListItem\",\"position\":1,\"name\":\"Home\",\"item\":\"https:\\\/\\\/tiketi.com\\\/\"},{\"@type\":\"ListItem\",\"position\":2,\"name\":\"Companies\",\"item\":\"https:\\\/\\\/tiketi.com\\\/companies\\\/\"},{\"@type\":\"ListItem\",\"position\":3,\"name\":\"Buses\",\"item\":\"https:\\\/\\\/tiketi.com\\\/companies\\\/buses\\\/\"},{\"@type\":\"ListItem\",\"position\":4,\"name\":\"Adventure Connection Bus Online Booking, Tickets, Routes &#038; Fares\"}]},{\"@type\":\"WebSite\",\"@id\":\"https:\\\/\\\/tiketi.com\\\/#website\",\"url\":\"https:\\\/\\\/tiketi.com\\\/\",\"name\":\"Flight & Bus Tickets, Tour Packages & Activitites - Tiketi.com\",\"description\":\"Flight &amp; Bus Tickets, Tours, Activitites\",\"publisher\":{\"@id\":\"https:\\\/\\\/tiketi.com\\\/#organization\"},\"potentialAction\":[{\"@type\":\"SearchAction\",\"target\":{\"@type\":\"EntryPoint\",\"urlTemplate\":\"https:\\\/\\\/tiketi.com\\\/?s={search_term_string}\"},\"query-input\":{\"@type\":\"PropertyValueSpecification\",\"valueRequired\":true,\"valueName\":\"search_term_string\"}}],\"inLanguage\":\"fr-FR\"},{\"@type\":\"Organization\",\"@id\":\"https:\\\/\\\/tiketi.com\\\/#organization\",\"name\":\"Tiketi.com\",\"alternateName\":\"Tiketi\",\"url\":\"https:\\\/\\\/tiketi.com\\\/\",\"logo\":{\"@type\":\"ImageObject\",\"inLanguage\":\"fr-FR\",\"@id\":\"https:\\\/\\\/tiketi.com\\\/#\\\/schema\\\/logo\\\/image\\\/\",\"url\":\"https:\\\/\\\/tiketi.com\\\/wp-content\\\/uploads\\\/2019\\\/05\\\/tiketi-logo-696.png\",\"contentUrl\":\"https:\\\/\\\/tiketi.com\\\/wp-content\\\/uploads\\\/2019\\\/05\\\/tiketi-logo-696.png\",\"width\":696,\"height\":696,\"caption\":\"Tiketi.com\"},\"image\":{\"@id\":\"https:\\\/\\\/tiketi.com\\\/#\\\/schema\\\/logo\\\/image\\\/\"},\"sameAs\":[\"https:\\\/\\\/www.facebook.com\\\/TiketiCom\\\/\"]}]}<\/script>\n<!-- \/ Yoast SEO plugin. -->","yoast_head_json":{"title":"Adventure Connection Bus R\u00e9servation en ligne, billets, itin\u00e9raires et tarifs - Tiketi.com","description":"Vous recherchez une r\u00e9servation en ligne de bus Adventure Connection, une application, des contacts, des itin\u00e9raires, des tarifs et des horaires\u00a0? Effectuer une r\u00e9servation de billet de bus en ligne Adventure Connection","robots":{"index":"index","follow":"follow","max-snippet":"max-snippet:-1","max-image-preview":"max-image-preview:large","max-video-preview":"max-video-preview:-1"},"canonical":"https:\/\/tiketi.com\/fr-fr\/companies\/buses\/adventure-connection-bus\/","og_locale":"fr_FR","og_type":"article","og_title":"Adventure Connection Bus Online Booking, Tickets, Routes & Fares - Tiketi.com","og_description":"Looking for Adventure Connection bus online booking, app, contacts, routes, fares and schedule? Make a Adventure Connection online bus ticket booking","og_url":"https:\/\/tiketi.com\/fr-fr\/companies\/buses\/adventure-connection-bus\/","og_site_name":"Tiketi.com","article_publisher":"https:\/\/www.facebook.com\/TiketiCom\/","article_modified_time":"2025-08-03T19:47:37+00:00","og_image":[{"width":1200,"height":206,"url":"https:\/\/tiketi.com\/wp-content\/uploads\/2022\/01\/bus-ticket-online-booking.jpg","type":"image\/jpeg"}],"twitter_card":"summary_large_image","twitter_misc":{"Dur\u00e9e de lecture estim\u00e9e":"3 minutes"},"schema":{"@context":"https:\/\/schema.org","@graph":[{"@type":"WebPage","@id":"https:\/\/tiketi.com\/companies\/buses\/adventure-connection-bus\/","url":"https:\/\/tiketi.com\/companies\/buses\/adventure-connection-bus\/","name":"Adventure Connection Bus R\u00e9servation en ligne, billets, itin\u00e9raires et tarifs - Tiketi.com","isPartOf":{"@id":"https:\/\/tiketi.com\/#website"},"primaryImageOfPage":{"@id":"https:\/\/tiketi.com\/companies\/buses\/adventure-connection-bus\/#primaryimage"},"image":{"@id":"https:\/\/tiketi.com\/companies\/buses\/adventure-connection-bus\/#primaryimage"},"thumbnailUrl":"https:\/\/tiketi.com\/wp-content\/uploads\/2022\/01\/bus-ticket-online-booking.jpg","datePublished":"2023-08-29T09:36:50+00:00","dateModified":"2025-08-03T19:47:37+00:00","description":"Vous recherchez une r\u00e9servation en ligne de bus Adventure Connection, une application, des contacts, des itin\u00e9raires, des tarifs et des horaires\u00a0? Effectuer une r\u00e9servation de billet de bus en ligne Adventure Connection","breadcrumb":{"@id":"https:\/\/tiketi.com\/companies\/buses\/adventure-connection-bus\/#breadcrumb"},"inLanguage":"fr-FR","potentialAction":[{"@type":"ReadAction","target":["https:\/\/tiketi.com\/companies\/buses\/adventure-connection-bus\/"]}]},{"@type":"ImageObject","inLanguage":"fr-FR","@id":"https:\/\/tiketi.com\/companies\/buses\/adventure-connection-bus\/#primaryimage","url":"https:\/\/tiketi.com\/wp-content\/uploads\/2022\/01\/bus-ticket-online-booking.jpg","contentUrl":"https:\/\/tiketi.com\/wp-content\/uploads\/2022\/01\/bus-ticket-online-booking.jpg","width":1200,"height":206,"caption":"Online Bus Ticket Booking"},{"@type":"BreadcrumbList","@id":"https:\/\/tiketi.com\/companies\/buses\/adventure-connection-bus\/#breadcrumb","itemListElement":[{"@type":"ListItem","position":1,"name":"Home","item":"https:\/\/tiketi.com\/"},{"@type":"ListItem","position":2,"name":"Companies","item":"https:\/\/tiketi.com\/companies\/"},{"@type":"ListItem","position":3,"name":"Buses","item":"https:\/\/tiketi.com\/companies\/buses\/"},{"@type":"ListItem","position":4,"name":"Adventure Connection Bus Online Booking, Tickets, Routes &#038; Fares"}]},{"@type":"WebSite","@id":"https:\/\/tiketi.com\/#website","url":"https:\/\/tiketi.com\/","name":"Billets d&#039;avion et de bus, forfaits touristiques et activit\u00e9s - Tiketi.com","description":"Billets d&#039;avion et de bus, Tours, Activit\u00e9s","publisher":{"@id":"https:\/\/tiketi.com\/#organization"},"potentialAction":[{"@type":"SearchAction","target":{"@type":"EntryPoint","urlTemplate":"https:\/\/tiketi.com\/?s={search_term_string}"},"query-input":{"@type":"PropertyValueSpecification","valueRequired":true,"valueName":"search_term_string"}}],"inLanguage":"fr-FR"},{"@type":"Organization","@id":"https:\/\/tiketi.com\/#organization","name":"Tiketi.com","alternateName":"Tiketi","url":"https:\/\/tiketi.com\/","logo":{"@type":"ImageObject","inLanguage":"fr-FR","@id":"https:\/\/tiketi.com\/#\/schema\/logo\/image\/","url":"https:\/\/tiketi.com\/wp-content\/uploads\/2019\/05\/tiketi-logo-696.png","contentUrl":"https:\/\/tiketi.com\/wp-content\/uploads\/2019\/05\/tiketi-logo-696.png","width":696,"height":696,"caption":"Tiketi.com"},"image":{"@id":"https:\/\/tiketi.com\/#\/schema\/logo\/image\/"},"sameAs":["https:\/\/www.facebook.com\/TiketiCom\/"]}]}},"_links":{"self":[{"href":"https:\/\/tiketi.com\/fr-fr\/wp-json\/wp\/v2\/pages\/29132","targetHints":{"allow":["GET"]}}],"collection":[{"href":"https:\/\/tiketi.com\/fr-fr\/wp-json\/wp\/v2\/pages"}],"about":[{"href":"https:\/\/tiketi.com\/fr-fr\/wp-json\/wp\/v2\/types\/page"}],"author":[{"embeddable":true,"href":"https:\/\/tiketi.com\/fr-fr\/wp-json\/wp\/v2\/users\/1"}],"replies":[{"embeddable":true,"href":"https:\/\/tiketi.com\/fr-fr\/wp-json\/wp\/v2\/comments?post=29132"}],"version-history":[{"count":2,"href":"https:\/\/tiketi.com\/fr-fr\/wp-json\/wp\/v2\/pages\/29132\/revisions"}],"predecessor-version":[{"id":32348,"href":"https:\/\/tiketi.com\/fr-fr\/wp-json\/wp\/v2\/pages\/29132\/revisions\/32348"}],"up":[{"embeddable":true,"href":"https:\/\/tiketi.com\/fr-fr\/wp-json\/wp\/v2\/pages\/25524"}],"wp:featuredmedia":[{"embeddable":true,"href":"https:\/\/tiketi.com\/fr-fr\/wp-json\/wp\/v2\/media\/13999"}],"wp:attachment":[{"href":"https:\/\/tiketi.com\/fr-fr\/wp-json\/wp\/v2\/media?parent=29132"}],"curies":[{"name":"wp","href":"https:\/\/api.w.org\/{rel}","templated":true}]}}