{"id":29133,"date":"2023-08-29T09:58:36","date_gmt":"2023-08-29T08:58:36","guid":{"rendered":"https:\/\/tiketi.com\/?page_id=29133"},"modified":"2023-08-29T10:14:33","modified_gmt":"2023-08-29T09:14:33","slug":"kiazi-kitamu-express","status":"publish","type":"page","link":"https:\/\/tiketi.com\/fr-fr\/companies\/buses\/kiazi-kitamu-express\/","title":{"rendered":"Kiazi Kitamu R\u00e9servation en ligne, billets de bus, itin\u00e9raires, horaires et tarifs"},"content":{"rendered":"<h2>R\u00e9servation de billets de bus Kiazi Kitamu pas cher en ligne<\/h2>\n<h3>D\u00e9couvrez votre itin\u00e9raire sur le Web, votre mobile ou votre application et r\u00e9servez en ligne des billets de bus Kiazi Kitamu pas chers.<\/h3>\n<p>La r\u00e9servation en ligne de Kiazi Kitamu est facilit\u00e9e. Kiazi Kitamu est l&#039;une des compagnies de bus les plus importantes et les plus fiables de Tanzanie. Ils sont dans l&#039;industrie du transport depuis plus de quinze ans et jouissent d&#039;un statut bien \u00e9tabli pour fournir un service de qualit\u00e9 sup\u00e9rieure. L&#039;entreprise assure des services de transport quotidiens entre Mwanza et Arusha, deux des plus grandes villes du nord de la Tanzanie. Le trajet dure environ douze heures et les bus Kiazi Kitamu sont r\u00e9put\u00e9s pour leur fiabilit\u00e9 et leur confort. Alors faites la r\u00e9servation de billets en ligne pour le bus Kiazi Kitamu d\u00e8s maintenant\u00a0!<\/p>\n<h2>Kiazi Kitamu R\u00e9servation en ligne, billets de bus, itin\u00e9raires, tarifs et horaires FAQ<\/h2>\n<h3>Quelles sont les c\u00e9l\u00e8bres lignes de bus Kiazi Kitamu ?<\/h3>\n<p>Kiazi Kitamu propose des services de bus quotidiens sur les itin\u00e9raires suivants\u00a0:<\/p>\n<p>\u2022 D&#039;Arusha \u00e0 Kigoma<br \/>\n\u2022 D&#039;Arusha \u00e0 Engaruka<br \/>\n\u2022 Arusha \u00e0 Mwanza via Singida<\/p>\n<h3>Ligne de service de bus Kiazi Kitamu<\/h3>\n<p>L&#039;entreprise fournit des services quotidiens de transport de colis et de passagers entre les zones Nord et Lake. Ceux-ci contiennent Arusha et Mwanza.<\/p>\n<p>Son service de bus est fiable et pratique pour tout type de personnes, y compris les \u00e9tudiants, les hommes d&#039;affaires et autres voyageurs r\u00e9guliers \u00e0 l&#039;int\u00e9rieur et \u00e0 l&#039;ext\u00e9rieur du pays.<\/p>\n<p>Vous pouvez r\u00e9server un billet de bus Kiazi Kitamu en ligne ou visiter les terminaux et gares routi\u00e8res.<\/p>\n<h3>Quelles sont les coordonn\u00e9es du bureau de r\u00e9servation de Kiazi Kitamu Bus ?<\/h3>\n<p>Mwanza, Tanzanie<\/p>\n<div>\n<h2>Conseils de r\u00e9servation de billets de bus Kiazi Kitamu pas chers en ligne<\/h2>\n<p>Les bus de l&#039;entreprise sont \u00e9quip\u00e9s de la climatisation, de si\u00e8ges inclinables et d&#039;une connexion Wi-Fi gratuite. Ils fournissent \u00e9galement des collations et des boissons gratuites \u00e0 bord. Kiazi Kitamu s&#039;engage \u00e0 offrir \u00e0 ses passagers une exp\u00e9rience de voyage s\u00fbre et amusante.<\/p>\n<p>D&#039;autres caract\u00e9ristiques incluent un espace suppl\u00e9mentaire pour les jambes et un accoudoir pour un voyage incroyable jusqu&#039;\u00e0 vos destinations.<\/p>\n<p><strong>Caract\u00e9ristiques<\/strong><\/p>\n<p>\u2022 L&#039;entreprise dispose d&#039;une flotte de plus d&#039;une vingtaine de bus, tous r\u00e9guli\u00e8rement entretenus.<br \/>\n\u2022 Kiazi Kitamu dispose d&#039;une \u00e9quipe de chauffeurs professionnels hautement qualifi\u00e9s et soucieux de la s\u00e9curit\u00e9.<br \/>\n\u2022 L&#039;\u00e9quipe du service client de la soci\u00e9t\u00e9 est toujours accessible pour r\u00e9pondre aux questions et aider les passagers dans leurs pr\u00e9paratifs de voyage.<\/p>\n<p>Si vous recherchez un moyen de transport d\u00e9tendu et fiable entre Mwanza et Arusha, Kiazi Kitamu est le meilleur choix.<\/p>\n<\/div>","protected":false},"excerpt":{"rendered":"<p>Cheap Kiazi Kitamu Bus Online Ticket Booking Discover your travel route on web, mobile or app and book cheap Kiazi Kitamu bus tickets online. Kiazi Kitamu online booking made easy. Kiazi Kitamu is one of the top and most reliable bus firms in Tanzania. They have been in the transportation industry for over fifteen years [&hellip;]<\/p>\n","protected":false},"author":1,"featured_media":13999,"parent":25524,"menu_order":0,"comment_status":"closed","ping_status":"closed","template":"template-home-modern.php","meta":{"footnotes":""},"class_list":["post-29133","page","type-page","status-publish","has-post-thumbnail","hentry"],"yoast_head":"<!-- This site is optimized with the Yoast SEO plugin v27.3 - https:\/\/yoast.com\/product\/yoast-seo-wordpress\/ -->\n<title>Kiazi Kitamu Online Booking, Bus Tickets, Routes, Schedule &amp; Fares - Tiketi.com<\/title>\n<meta name=\"description\" content=\"Looking for Kiazi Kitamu online booking, app, contacts, routes, fares and schedule? Make a cheap Kiazi Kitamu bus online ticket booking now\" \/>\n<meta name=\"robots\" content=\"index, follow, max-snippet:-1, max-image-preview:large, max-video-preview:-1\" \/>\n<link rel=\"canonical\" href=\"https:\/\/tiketi.com\/fr-fr\/kampuni\/mabasi\/kiazi-kitamu-express\/\" \/>\n<meta property=\"og:locale\" content=\"fr_FR\" \/>\n<meta property=\"og:type\" content=\"article\" \/>\n<meta property=\"og:title\" content=\"Kiazi Kitamu Online Booking, Bus Tickets, Routes, Schedule &amp; Fares - Tiketi.com\" \/>\n<meta property=\"og:description\" content=\"Looking for Kiazi Kitamu online booking, app, contacts, routes, fares and schedule? Make a cheap Kiazi Kitamu bus online ticket booking now\" \/>\n<meta property=\"og:url\" content=\"https:\/\/tiketi.com\/fr-fr\/kampuni\/mabasi\/kiazi-kitamu-express\/\" \/>\n<meta property=\"og:site_name\" content=\"Tiketi.com\" \/>\n<meta property=\"article:publisher\" content=\"https:\/\/www.facebook.com\/TiketiCom\/\" \/>\n<meta property=\"article:modified_time\" content=\"2023-08-29T09:14:33+00:00\" \/>\n<meta property=\"og:image\" content=\"https:\/\/tiketi.com\/wp-content\/uploads\/2022\/01\/bus-ticket-online-booking.jpg\" \/>\n\t<meta property=\"og:image:width\" content=\"1200\" \/>\n\t<meta property=\"og:image:height\" content=\"206\" \/>\n\t<meta property=\"og:image:type\" content=\"image\/jpeg\" \/>\n<meta name=\"twitter:card\" content=\"summary_large_image\" \/>\n<meta name=\"twitter:label1\" content=\"Dur\u00e9e de lecture estim\u00e9e\" \/>\n\t<meta name=\"twitter:data1\" content=\"2 minutes\" \/>\n<script type=\"application\/ld+json\" class=\"yoast-schema-graph\">{\"@context\":\"https:\\\/\\\/schema.org\",\"@graph\":[{\"@type\":\"WebPage\",\"@id\":\"https:\\\/\\\/tiketi.com\\\/sw\\\/kampuni\\\/mabasi\\\/kiazi-kitamu-express\\\/\",\"url\":\"https:\\\/\\\/tiketi.com\\\/sw\\\/kampuni\\\/mabasi\\\/kiazi-kitamu-express\\\/\",\"name\":\"Kiazi Kitamu Online Booking, Bus Tickets, Routes, Schedule & Fares - Tiketi.com\",\"isPartOf\":{\"@id\":\"https:\\\/\\\/tiketi.com\\\/#website\"},\"primaryImageOfPage\":{\"@id\":\"https:\\\/\\\/tiketi.com\\\/sw\\\/kampuni\\\/mabasi\\\/kiazi-kitamu-express\\\/#primaryimage\"},\"image\":{\"@id\":\"https:\\\/\\\/tiketi.com\\\/sw\\\/kampuni\\\/mabasi\\\/kiazi-kitamu-express\\\/#primaryimage\"},\"thumbnailUrl\":\"https:\\\/\\\/tiketi.com\\\/wp-content\\\/uploads\\\/2022\\\/01\\\/bus-ticket-online-booking.jpg\",\"datePublished\":\"2023-08-29T08:58:36+00:00\",\"dateModified\":\"2023-08-29T09:14:33+00:00\",\"description\":\"Looking for Kiazi Kitamu online booking, app, contacts, routes, fares and schedule? Make a cheap Kiazi Kitamu bus online ticket booking now\",\"breadcrumb\":{\"@id\":\"https:\\\/\\\/tiketi.com\\\/sw\\\/kampuni\\\/mabasi\\\/kiazi-kitamu-express\\\/#breadcrumb\"},\"inLanguage\":\"fr-FR\",\"potentialAction\":[{\"@type\":\"ReadAction\",\"target\":[\"https:\\\/\\\/tiketi.com\\\/sw\\\/kampuni\\\/mabasi\\\/kiazi-kitamu-express\\\/\"]}]},{\"@type\":\"ImageObject\",\"inLanguage\":\"fr-FR\",\"@id\":\"https:\\\/\\\/tiketi.com\\\/sw\\\/kampuni\\\/mabasi\\\/kiazi-kitamu-express\\\/#primaryimage\",\"url\":\"https:\\\/\\\/tiketi.com\\\/wp-content\\\/uploads\\\/2022\\\/01\\\/bus-ticket-online-booking.jpg\",\"contentUrl\":\"https:\\\/\\\/tiketi.com\\\/wp-content\\\/uploads\\\/2022\\\/01\\\/bus-ticket-online-booking.jpg\",\"width\":1200,\"height\":206,\"caption\":\"Online Bus Ticket Booking\"},{\"@type\":\"BreadcrumbList\",\"@id\":\"https:\\\/\\\/tiketi.com\\\/sw\\\/kampuni\\\/mabasi\\\/kiazi-kitamu-express\\\/#breadcrumb\",\"itemListElement\":[{\"@type\":\"ListItem\",\"position\":1,\"name\":\"Home\",\"item\":\"https:\\\/\\\/tiketi.com\\\/\"},{\"@type\":\"ListItem\",\"position\":2,\"name\":\"Companies\",\"item\":\"https:\\\/\\\/tiketi.com\\\/companies\\\/\"},{\"@type\":\"ListItem\",\"position\":3,\"name\":\"Buses\",\"item\":\"https:\\\/\\\/tiketi.com\\\/companies\\\/buses\\\/\"},{\"@type\":\"ListItem\",\"position\":4,\"name\":\"Kiazi Kitamu Online Booking, Bus Tickets, Routes, Schedule &#038; Fares\"}]},{\"@type\":\"WebSite\",\"@id\":\"https:\\\/\\\/tiketi.com\\\/#website\",\"url\":\"https:\\\/\\\/tiketi.com\\\/\",\"name\":\"Flight & Bus Tickets, Tour Packages & Activitites - Tiketi.com\",\"description\":\"Flight &amp; Bus Tickets, Tours, Activitites\",\"publisher\":{\"@id\":\"https:\\\/\\\/tiketi.com\\\/#organization\"},\"potentialAction\":[{\"@type\":\"SearchAction\",\"target\":{\"@type\":\"EntryPoint\",\"urlTemplate\":\"https:\\\/\\\/tiketi.com\\\/?s={search_term_string}\"},\"query-input\":{\"@type\":\"PropertyValueSpecification\",\"valueRequired\":true,\"valueName\":\"search_term_string\"}}],\"inLanguage\":\"fr-FR\"},{\"@type\":\"Organization\",\"@id\":\"https:\\\/\\\/tiketi.com\\\/#organization\",\"name\":\"Tiketi.com\",\"alternateName\":\"Tiketi\",\"url\":\"https:\\\/\\\/tiketi.com\\\/\",\"logo\":{\"@type\":\"ImageObject\",\"inLanguage\":\"fr-FR\",\"@id\":\"https:\\\/\\\/tiketi.com\\\/#\\\/schema\\\/logo\\\/image\\\/\",\"url\":\"https:\\\/\\\/tiketi.com\\\/wp-content\\\/uploads\\\/2019\\\/05\\\/tiketi-logo-696.png\",\"contentUrl\":\"https:\\\/\\\/tiketi.com\\\/wp-content\\\/uploads\\\/2019\\\/05\\\/tiketi-logo-696.png\",\"width\":696,\"height\":696,\"caption\":\"Tiketi.com\"},\"image\":{\"@id\":\"https:\\\/\\\/tiketi.com\\\/#\\\/schema\\\/logo\\\/image\\\/\"},\"sameAs\":[\"https:\\\/\\\/www.facebook.com\\\/TiketiCom\\\/\"]}]}<\/script>\n<!-- \/ Yoast SEO plugin. -->","yoast_head_json":{"title":"Kiazi Kitamu R\u00e9servation en ligne, billets de bus, itin\u00e9raires, horaires et tarifs - Tiketi.com","description":"Vous recherchez une r\u00e9servation en ligne, une application, des contacts, des itin\u00e9raires, des tarifs et des horaires pour Kiazi Kitamu\u00a0? R\u00e9servez d\u00e8s maintenant votre billet de bus Kiazi Kitamu en ligne pas cher","robots":{"index":"index","follow":"follow","max-snippet":"max-snippet:-1","max-image-preview":"max-image-preview:large","max-video-preview":"max-video-preview:-1"},"canonical":"https:\/\/tiketi.com\/fr-fr\/kampuni\/mabasi\/kiazi-kitamu-express\/","og_locale":"fr_FR","og_type":"article","og_title":"Kiazi Kitamu Online Booking, Bus Tickets, Routes, Schedule & Fares - Tiketi.com","og_description":"Looking for Kiazi Kitamu online booking, app, contacts, routes, fares and schedule? Make a cheap Kiazi Kitamu bus online ticket booking now","og_url":"https:\/\/tiketi.com\/fr-fr\/kampuni\/mabasi\/kiazi-kitamu-express\/","og_site_name":"Tiketi.com","article_publisher":"https:\/\/www.facebook.com\/TiketiCom\/","article_modified_time":"2023-08-29T09:14:33+00:00","og_image":[{"width":1200,"height":206,"url":"https:\/\/tiketi.com\/wp-content\/uploads\/2022\/01\/bus-ticket-online-booking.jpg","type":"image\/jpeg"}],"twitter_card":"summary_large_image","twitter_misc":{"Dur\u00e9e de lecture estim\u00e9e":"2 minutes"},"schema":{"@context":"https:\/\/schema.org","@graph":[{"@type":"WebPage","@id":"https:\/\/tiketi.com\/sw\/kampuni\/mabasi\/kiazi-kitamu-express\/","url":"https:\/\/tiketi.com\/sw\/kampuni\/mabasi\/kiazi-kitamu-express\/","name":"Kiazi Kitamu R\u00e9servation en ligne, billets de bus, itin\u00e9raires, horaires et tarifs - Tiketi.com","isPartOf":{"@id":"https:\/\/tiketi.com\/#website"},"primaryImageOfPage":{"@id":"https:\/\/tiketi.com\/sw\/kampuni\/mabasi\/kiazi-kitamu-express\/#primaryimage"},"image":{"@id":"https:\/\/tiketi.com\/sw\/kampuni\/mabasi\/kiazi-kitamu-express\/#primaryimage"},"thumbnailUrl":"https:\/\/tiketi.com\/wp-content\/uploads\/2022\/01\/bus-ticket-online-booking.jpg","datePublished":"2023-08-29T08:58:36+00:00","dateModified":"2023-08-29T09:14:33+00:00","description":"Vous recherchez une r\u00e9servation en ligne, une application, des contacts, des itin\u00e9raires, des tarifs et des horaires pour Kiazi Kitamu\u00a0? R\u00e9servez d\u00e8s maintenant votre billet de bus Kiazi Kitamu en ligne pas cher","breadcrumb":{"@id":"https:\/\/tiketi.com\/sw\/kampuni\/mabasi\/kiazi-kitamu-express\/#breadcrumb"},"inLanguage":"fr-FR","potentialAction":[{"@type":"ReadAction","target":["https:\/\/tiketi.com\/sw\/kampuni\/mabasi\/kiazi-kitamu-express\/"]}]},{"@type":"ImageObject","inLanguage":"fr-FR","@id":"https:\/\/tiketi.com\/sw\/kampuni\/mabasi\/kiazi-kitamu-express\/#primaryimage","url":"https:\/\/tiketi.com\/wp-content\/uploads\/2022\/01\/bus-ticket-online-booking.jpg","contentUrl":"https:\/\/tiketi.com\/wp-content\/uploads\/2022\/01\/bus-ticket-online-booking.jpg","width":1200,"height":206,"caption":"Online Bus Ticket Booking"},{"@type":"BreadcrumbList","@id":"https:\/\/tiketi.com\/sw\/kampuni\/mabasi\/kiazi-kitamu-express\/#breadcrumb","itemListElement":[{"@type":"ListItem","position":1,"name":"Home","item":"https:\/\/tiketi.com\/"},{"@type":"ListItem","position":2,"name":"Companies","item":"https:\/\/tiketi.com\/companies\/"},{"@type":"ListItem","position":3,"name":"Buses","item":"https:\/\/tiketi.com\/companies\/buses\/"},{"@type":"ListItem","position":4,"name":"Kiazi Kitamu Online Booking, Bus Tickets, Routes, Schedule &#038; Fares"}]},{"@type":"WebSite","@id":"https:\/\/tiketi.com\/#website","url":"https:\/\/tiketi.com\/","name":"Billets d&#039;avion et de bus, forfaits touristiques et activit\u00e9s - Tiketi.com","description":"Billets d&#039;avion et de bus, Tours, Activit\u00e9s","publisher":{"@id":"https:\/\/tiketi.com\/#organization"},"potentialAction":[{"@type":"SearchAction","target":{"@type":"EntryPoint","urlTemplate":"https:\/\/tiketi.com\/?s={search_term_string}"},"query-input":{"@type":"PropertyValueSpecification","valueRequired":true,"valueName":"search_term_string"}}],"inLanguage":"fr-FR"},{"@type":"Organization","@id":"https:\/\/tiketi.com\/#organization","name":"Tiketi.com","alternateName":"Tiketi","url":"https:\/\/tiketi.com\/","logo":{"@type":"ImageObject","inLanguage":"fr-FR","@id":"https:\/\/tiketi.com\/#\/schema\/logo\/image\/","url":"https:\/\/tiketi.com\/wp-content\/uploads\/2019\/05\/tiketi-logo-696.png","contentUrl":"https:\/\/tiketi.com\/wp-content\/uploads\/2019\/05\/tiketi-logo-696.png","width":696,"height":696,"caption":"Tiketi.com"},"image":{"@id":"https:\/\/tiketi.com\/#\/schema\/logo\/image\/"},"sameAs":["https:\/\/www.facebook.com\/TiketiCom\/"]}]}},"_links":{"self":[{"href":"https:\/\/tiketi.com\/fr-fr\/wp-json\/wp\/v2\/pages\/29133","targetHints":{"allow":["GET"]}}],"collection":[{"href":"https:\/\/tiketi.com\/fr-fr\/wp-json\/wp\/v2\/pages"}],"about":[{"href":"https:\/\/tiketi.com\/fr-fr\/wp-json\/wp\/v2\/types\/page"}],"author":[{"embeddable":true,"href":"https:\/\/tiketi.com\/fr-fr\/wp-json\/wp\/v2\/users\/1"}],"replies":[{"embeddable":true,"href":"https:\/\/tiketi.com\/fr-fr\/wp-json\/wp\/v2\/comments?post=29133"}],"version-history":[{"count":0,"href":"https:\/\/tiketi.com\/fr-fr\/wp-json\/wp\/v2\/pages\/29133\/revisions"}],"up":[{"embeddable":true,"href":"https:\/\/tiketi.com\/fr-fr\/wp-json\/wp\/v2\/pages\/25524"}],"wp:featuredmedia":[{"embeddable":true,"href":"https:\/\/tiketi.com\/fr-fr\/wp-json\/wp\/v2\/media\/13999"}],"wp:attachment":[{"href":"https:\/\/tiketi.com\/fr-fr\/wp-json\/wp\/v2\/media?parent=29133"}],"curies":[{"name":"wp","href":"https:\/\/api.w.org\/{rel}","templated":true}]}}