{"id":29134,"date":"2023-08-29T09:52:21","date_gmt":"2023-08-29T08:52:21","guid":{"rendered":"https:\/\/tiketi.com\/?page_id=29134"},"modified":"2023-08-29T10:25:08","modified_gmt":"2023-08-29T09:25:08","slug":"fikoshi-bus","status":"publish","type":"page","link":"https:\/\/tiketi.com\/fr-fr\/companies\/buses\/fikoshi-bus\/","title":{"rendered":"R\u00e9servation en ligne de bus Fikoshi, billets de bus, itin\u00e9raires, horaires et tarifs"},"content":{"rendered":"<div>\n<h2>R\u00e9servation de billets de bus Fikoshi en ligne pas cher<\/h2>\n<h3>D\u00e9couvrez votre itin\u00e9raire sur le Web, sur votre mobile ou sur une application et r\u00e9servez en ligne des billets de bus Fikoshi bon march\u00e9.<\/h3>\n<p>La r\u00e9servation en ligne des bus Fikoshi est facilit\u00e9e. Fikoshi bus Investment est une entreprise de transport de colis et de passagers qui fournit un service de transfert quotidien aux habitants et aux visiteurs. L&#039;entreprise a son si\u00e8ge \u00e0 Mwanza, \u00e9galement appel\u00e9e Rock City, et fournit des services de voyage en bus fiables vers les r\u00e9gions des hautes terres du sud de la Tanzanie, telles qu&#039;Iringa, Mbeya et d&#039;autres villes. Alors faites la r\u00e9servation de billets de bus en ligne Fikoshi d\u00e8s maintenant\u00a0!<\/p>\n<\/div>\n<div>\n<h2>Fikoshi Bus R\u00e9servation en ligne, billets de bus, itin\u00e9raires, tarifs et horaires FAQ<\/h2>\n<h3>Quelles sont les c\u00e9l\u00e8bres lignes de bus Fikoshi ?<\/h3>\n<div>\u00a0 \u00a0 \u2022 De Mwanza \u00e0 Kigoma<\/div>\n<div>\u00a0 \u00a0 \u2022 De Mwanza \u00e0 Bukoba<\/div>\n<div>\u00a0 \u00a0 \u2022 De Mwanza \u00e0 Mbeya<\/div>\n<div>\u00a0 \u00a0 \u2022 De Mwanza \u00e0 Dodoma<\/div>\n<div>\u00a0 \u00a0 \u2022 De Mwanza \u00e0 Mpanda<\/div>\n<\/div>\n<h3>Ligne de flotte Fikoshi<\/h3>\n<div>La flotte de l&#039;entreprise se compose de v\u00e9hicules presque Scania avec de charmantes carrosseries fabriqu\u00e9s par diff\u00e9rents producteurs, tels que Master Fabricators, Dar Coach, SKS et quelques marques chinoises comme Higer.<\/div>\n<div><\/div>\n<div>L&#039;entreprise poss\u00e8de et exploite des bus semi-luxueux dot\u00e9s de si\u00e8ges inclinables 2\u00d72, de services de t\u00e9l\u00e9vision, d&#039;espace suppl\u00e9mentaire pour les jambes et de divertissements. Les bus disposent \u00e9galement de lampes de lecture au plafond et de compartiments \u00e0 bagages.<\/div>\n<div><\/div>\n<div>Voici une explication plus d\u00e9taill\u00e9e des caract\u00e9ristiques des bus de la compagnie :<\/div>\n<div><\/div>\n<div><strong>Des places<\/strong>: Les bus disposent de si\u00e8ges inclinables 2\u00d72 avec un espace suppl\u00e9mentaire pour les jambes. Cela offre aux passagers un trajet spacieux et d\u00e9tendu.<\/div>\n<div><\/div>\n<div><strong>Divertissement<\/strong>: Les bus disposent de services de t\u00e9l\u00e9vision et de musique pour se divertir. Cela permet aux passagers de se d\u00e9tendre et de profiter du voyage.<\/div>\n<div><\/div>\n<div><strong>Autres caract\u00e9ristiques<\/strong>: Les bus disposent \u00e9galement de compartiments \u00e0 bagages sup\u00e9rieurs et de lampes de lecture.<\/div>\n<div>Certains d\u2019entre eux disposent de ports de chargement USB sur chaque accoudoir et si\u00e8ge. Ces caract\u00e9ristiques rendent les bus plus d\u00e9tendus et plus pratiques pour les passagers.<\/div>\n<h3>Ligne de service d&#039;investissement dans les bus Fikoshi<\/h3>\n<div>Pour un trajet s\u00fbr et relaxant de la ville de Mwanza vers d&#039;autres r\u00e9gions des hauts plateaux du sud et du centre, Fikoshi est l&#039;une des meilleures entreprises \u00e0 choisir.<\/div>\n<div>\n<h3>Quelles sont les coordonn\u00e9es du bureau de r\u00e9servation de billets de bus en ligne de Fikoshi ?<\/h3>\n<p>Mwanza, Tanzanie<\/p>\n<\/div>\n<div>\n<h2>Conseils de r\u00e9servation de billets de bus en ligne Fikoshi bon march\u00e9<\/h2>\n<\/div>\n<div>Le bus Fikoshi est pr\u00e9sent dans l&#039;industrie du transport depuis pr\u00e8s d&#039;une d\u00e9cennie et s&#039;est b\u00e2ti une r\u00e9putation c\u00e9l\u00e8bre dans le pays. L&#039;entreprise est appr\u00e9ci\u00e9e pour son personnel fiable, d\u00e9tendu et amical.<\/div>\n<div><\/div>\n<div><\/div>\n<div><\/div>","protected":false},"excerpt":{"rendered":"<p>Cheap Fikoshi Online Bus Ticket Booking Discover your travel route on web, mobile or app and book cheap Fikoshi bus tickets online. Fikoshi bus online booking made easy. Fikoshi bus investment is a parcel and passenger transportation firm that provides daily transfer service for locals and visitors. The firm is headquartered in Mwanza, also called [&hellip;]<\/p>\n","protected":false},"author":1,"featured_media":13999,"parent":25524,"menu_order":0,"comment_status":"closed","ping_status":"closed","template":"template-home-modern.php","meta":{"footnotes":""},"class_list":["post-29134","page","type-page","status-publish","has-post-thumbnail","hentry"],"yoast_head":"<!-- This site is optimized with the Yoast SEO plugin v27.3 - https:\/\/yoast.com\/product\/yoast-seo-wordpress\/ -->\n<title>Fikoshi Bus Online Booking, Bus Tickets, Routes, Schedule &amp; Fares - Tiketi.com<\/title>\n<meta name=\"description\" content=\"Looking for Fikoshi online booking, app, contacts, routes, fares and schedule? Make a cheap Fikoshi bus online ticket booking now\" \/>\n<meta name=\"robots\" content=\"index, follow, max-snippet:-1, max-image-preview:large, max-video-preview:-1\" \/>\n<link rel=\"canonical\" href=\"https:\/\/tiketi.com\/fr-fr\/companies\/buses\/fikoshi-bus\/\" \/>\n<meta property=\"og:locale\" content=\"fr_FR\" \/>\n<meta property=\"og:type\" content=\"article\" \/>\n<meta property=\"og:title\" content=\"Fikoshi Bus Online Booking, Bus Tickets, Routes, Schedule &amp; Fares - Tiketi.com\" \/>\n<meta property=\"og:description\" content=\"Looking for Fikoshi online booking, app, contacts, routes, fares and schedule? Make a cheap Fikoshi bus online ticket booking now\" \/>\n<meta property=\"og:url\" content=\"https:\/\/tiketi.com\/fr-fr\/companies\/buses\/fikoshi-bus\/\" \/>\n<meta property=\"og:site_name\" content=\"Tiketi.com\" \/>\n<meta property=\"article:publisher\" content=\"https:\/\/www.facebook.com\/TiketiCom\/\" \/>\n<meta property=\"article:modified_time\" content=\"2023-08-29T09:25:08+00:00\" \/>\n<meta property=\"og:image\" content=\"https:\/\/tiketi.com\/wp-content\/uploads\/2022\/01\/bus-ticket-online-booking.jpg\" \/>\n\t<meta property=\"og:image:width\" content=\"1200\" \/>\n\t<meta property=\"og:image:height\" content=\"206\" \/>\n\t<meta property=\"og:image:type\" content=\"image\/jpeg\" \/>\n<meta name=\"twitter:card\" content=\"summary_large_image\" \/>\n<meta name=\"twitter:label1\" content=\"Dur\u00e9e de lecture estim\u00e9e\" \/>\n\t<meta name=\"twitter:data1\" content=\"2 minutes\" \/>\n<script type=\"application\/ld+json\" class=\"yoast-schema-graph\">{\"@context\":\"https:\\\/\\\/schema.org\",\"@graph\":[{\"@type\":\"WebPage\",\"@id\":\"https:\\\/\\\/tiketi.com\\\/companies\\\/buses\\\/fikoshi-bus\\\/\",\"url\":\"https:\\\/\\\/tiketi.com\\\/companies\\\/buses\\\/fikoshi-bus\\\/\",\"name\":\"Fikoshi Bus Online Booking, Bus Tickets, Routes, Schedule & Fares - Tiketi.com\",\"isPartOf\":{\"@id\":\"https:\\\/\\\/tiketi.com\\\/#website\"},\"primaryImageOfPage\":{\"@id\":\"https:\\\/\\\/tiketi.com\\\/companies\\\/buses\\\/fikoshi-bus\\\/#primaryimage\"},\"image\":{\"@id\":\"https:\\\/\\\/tiketi.com\\\/companies\\\/buses\\\/fikoshi-bus\\\/#primaryimage\"},\"thumbnailUrl\":\"https:\\\/\\\/tiketi.com\\\/wp-content\\\/uploads\\\/2022\\\/01\\\/bus-ticket-online-booking.jpg\",\"datePublished\":\"2023-08-29T08:52:21+00:00\",\"dateModified\":\"2023-08-29T09:25:08+00:00\",\"description\":\"Looking for Fikoshi online booking, app, contacts, routes, fares and schedule? Make a cheap Fikoshi bus online ticket booking now\",\"breadcrumb\":{\"@id\":\"https:\\\/\\\/tiketi.com\\\/companies\\\/buses\\\/fikoshi-bus\\\/#breadcrumb\"},\"inLanguage\":\"fr-FR\",\"potentialAction\":[{\"@type\":\"ReadAction\",\"target\":[\"https:\\\/\\\/tiketi.com\\\/companies\\\/buses\\\/fikoshi-bus\\\/\"]}]},{\"@type\":\"ImageObject\",\"inLanguage\":\"fr-FR\",\"@id\":\"https:\\\/\\\/tiketi.com\\\/companies\\\/buses\\\/fikoshi-bus\\\/#primaryimage\",\"url\":\"https:\\\/\\\/tiketi.com\\\/wp-content\\\/uploads\\\/2022\\\/01\\\/bus-ticket-online-booking.jpg\",\"contentUrl\":\"https:\\\/\\\/tiketi.com\\\/wp-content\\\/uploads\\\/2022\\\/01\\\/bus-ticket-online-booking.jpg\",\"width\":1200,\"height\":206,\"caption\":\"Online Bus Ticket Booking\"},{\"@type\":\"BreadcrumbList\",\"@id\":\"https:\\\/\\\/tiketi.com\\\/companies\\\/buses\\\/fikoshi-bus\\\/#breadcrumb\",\"itemListElement\":[{\"@type\":\"ListItem\",\"position\":1,\"name\":\"Home\",\"item\":\"https:\\\/\\\/tiketi.com\\\/\"},{\"@type\":\"ListItem\",\"position\":2,\"name\":\"Companies\",\"item\":\"https:\\\/\\\/tiketi.com\\\/companies\\\/\"},{\"@type\":\"ListItem\",\"position\":3,\"name\":\"Buses\",\"item\":\"https:\\\/\\\/tiketi.com\\\/companies\\\/buses\\\/\"},{\"@type\":\"ListItem\",\"position\":4,\"name\":\"Fikoshi Bus Online Booking, Bus Tickets, Routes, Schedule &#038; Fares\"}]},{\"@type\":\"WebSite\",\"@id\":\"https:\\\/\\\/tiketi.com\\\/#website\",\"url\":\"https:\\\/\\\/tiketi.com\\\/\",\"name\":\"Flight & Bus Tickets, Tour Packages & Activitites - Tiketi.com\",\"description\":\"Flight &amp; Bus Tickets, Tours, Activitites\",\"publisher\":{\"@id\":\"https:\\\/\\\/tiketi.com\\\/#organization\"},\"potentialAction\":[{\"@type\":\"SearchAction\",\"target\":{\"@type\":\"EntryPoint\",\"urlTemplate\":\"https:\\\/\\\/tiketi.com\\\/?s={search_term_string}\"},\"query-input\":{\"@type\":\"PropertyValueSpecification\",\"valueRequired\":true,\"valueName\":\"search_term_string\"}}],\"inLanguage\":\"fr-FR\"},{\"@type\":\"Organization\",\"@id\":\"https:\\\/\\\/tiketi.com\\\/#organization\",\"name\":\"Tiketi.com\",\"alternateName\":\"Tiketi\",\"url\":\"https:\\\/\\\/tiketi.com\\\/\",\"logo\":{\"@type\":\"ImageObject\",\"inLanguage\":\"fr-FR\",\"@id\":\"https:\\\/\\\/tiketi.com\\\/#\\\/schema\\\/logo\\\/image\\\/\",\"url\":\"https:\\\/\\\/tiketi.com\\\/wp-content\\\/uploads\\\/2019\\\/05\\\/tiketi-logo-696.png\",\"contentUrl\":\"https:\\\/\\\/tiketi.com\\\/wp-content\\\/uploads\\\/2019\\\/05\\\/tiketi-logo-696.png\",\"width\":696,\"height\":696,\"caption\":\"Tiketi.com\"},\"image\":{\"@id\":\"https:\\\/\\\/tiketi.com\\\/#\\\/schema\\\/logo\\\/image\\\/\"},\"sameAs\":[\"https:\\\/\\\/www.facebook.com\\\/TiketiCom\\\/\"]}]}<\/script>\n<!-- \/ Yoast SEO plugin. -->","yoast_head_json":{"title":"R\u00e9servation en ligne du bus Fikoshi, billets de bus, itin\u00e9raires, horaires et tarifs - Tiketi.com","description":"Vous recherchez une r\u00e9servation en ligne Fikoshi, une application, des contacts, des itin\u00e9raires, des tarifs et des horaires\u00a0? R\u00e9servez d\u00e8s maintenant votre billet de bus Fikoshi en ligne pas cher","robots":{"index":"index","follow":"follow","max-snippet":"max-snippet:-1","max-image-preview":"max-image-preview:large","max-video-preview":"max-video-preview:-1"},"canonical":"https:\/\/tiketi.com\/fr-fr\/companies\/buses\/fikoshi-bus\/","og_locale":"fr_FR","og_type":"article","og_title":"Fikoshi Bus Online Booking, Bus Tickets, Routes, Schedule & Fares - Tiketi.com","og_description":"Looking for Fikoshi online booking, app, contacts, routes, fares and schedule? Make a cheap Fikoshi bus online ticket booking now","og_url":"https:\/\/tiketi.com\/fr-fr\/companies\/buses\/fikoshi-bus\/","og_site_name":"Tiketi.com","article_publisher":"https:\/\/www.facebook.com\/TiketiCom\/","article_modified_time":"2023-08-29T09:25:08+00:00","og_image":[{"width":1200,"height":206,"url":"https:\/\/tiketi.com\/wp-content\/uploads\/2022\/01\/bus-ticket-online-booking.jpg","type":"image\/jpeg"}],"twitter_card":"summary_large_image","twitter_misc":{"Dur\u00e9e de lecture estim\u00e9e":"2 minutes"},"schema":{"@context":"https:\/\/schema.org","@graph":[{"@type":"WebPage","@id":"https:\/\/tiketi.com\/companies\/buses\/fikoshi-bus\/","url":"https:\/\/tiketi.com\/companies\/buses\/fikoshi-bus\/","name":"R\u00e9servation en ligne du bus Fikoshi, billets de bus, itin\u00e9raires, horaires et tarifs - Tiketi.com","isPartOf":{"@id":"https:\/\/tiketi.com\/#website"},"primaryImageOfPage":{"@id":"https:\/\/tiketi.com\/companies\/buses\/fikoshi-bus\/#primaryimage"},"image":{"@id":"https:\/\/tiketi.com\/companies\/buses\/fikoshi-bus\/#primaryimage"},"thumbnailUrl":"https:\/\/tiketi.com\/wp-content\/uploads\/2022\/01\/bus-ticket-online-booking.jpg","datePublished":"2023-08-29T08:52:21+00:00","dateModified":"2023-08-29T09:25:08+00:00","description":"Vous recherchez une r\u00e9servation en ligne Fikoshi, une application, des contacts, des itin\u00e9raires, des tarifs et des horaires\u00a0? R\u00e9servez d\u00e8s maintenant votre billet de bus Fikoshi en ligne pas cher","breadcrumb":{"@id":"https:\/\/tiketi.com\/companies\/buses\/fikoshi-bus\/#breadcrumb"},"inLanguage":"fr-FR","potentialAction":[{"@type":"ReadAction","target":["https:\/\/tiketi.com\/companies\/buses\/fikoshi-bus\/"]}]},{"@type":"ImageObject","inLanguage":"fr-FR","@id":"https:\/\/tiketi.com\/companies\/buses\/fikoshi-bus\/#primaryimage","url":"https:\/\/tiketi.com\/wp-content\/uploads\/2022\/01\/bus-ticket-online-booking.jpg","contentUrl":"https:\/\/tiketi.com\/wp-content\/uploads\/2022\/01\/bus-ticket-online-booking.jpg","width":1200,"height":206,"caption":"Online Bus Ticket Booking"},{"@type":"BreadcrumbList","@id":"https:\/\/tiketi.com\/companies\/buses\/fikoshi-bus\/#breadcrumb","itemListElement":[{"@type":"ListItem","position":1,"name":"Home","item":"https:\/\/tiketi.com\/"},{"@type":"ListItem","position":2,"name":"Companies","item":"https:\/\/tiketi.com\/companies\/"},{"@type":"ListItem","position":3,"name":"Buses","item":"https:\/\/tiketi.com\/companies\/buses\/"},{"@type":"ListItem","position":4,"name":"Fikoshi Bus Online Booking, Bus Tickets, Routes, Schedule &#038; Fares"}]},{"@type":"WebSite","@id":"https:\/\/tiketi.com\/#website","url":"https:\/\/tiketi.com\/","name":"Billets d&#039;avion et de bus, forfaits touristiques et activit\u00e9s - Tiketi.com","description":"Billets d&#039;avion et de bus, Tours, Activit\u00e9s","publisher":{"@id":"https:\/\/tiketi.com\/#organization"},"potentialAction":[{"@type":"SearchAction","target":{"@type":"EntryPoint","urlTemplate":"https:\/\/tiketi.com\/?s={search_term_string}"},"query-input":{"@type":"PropertyValueSpecification","valueRequired":true,"valueName":"search_term_string"}}],"inLanguage":"fr-FR"},{"@type":"Organization","@id":"https:\/\/tiketi.com\/#organization","name":"Tiketi.com","alternateName":"Tiketi","url":"https:\/\/tiketi.com\/","logo":{"@type":"ImageObject","inLanguage":"fr-FR","@id":"https:\/\/tiketi.com\/#\/schema\/logo\/image\/","url":"https:\/\/tiketi.com\/wp-content\/uploads\/2019\/05\/tiketi-logo-696.png","contentUrl":"https:\/\/tiketi.com\/wp-content\/uploads\/2019\/05\/tiketi-logo-696.png","width":696,"height":696,"caption":"Tiketi.com"},"image":{"@id":"https:\/\/tiketi.com\/#\/schema\/logo\/image\/"},"sameAs":["https:\/\/www.facebook.com\/TiketiCom\/"]}]}},"_links":{"self":[{"href":"https:\/\/tiketi.com\/fr-fr\/wp-json\/wp\/v2\/pages\/29134","targetHints":{"allow":["GET"]}}],"collection":[{"href":"https:\/\/tiketi.com\/fr-fr\/wp-json\/wp\/v2\/pages"}],"about":[{"href":"https:\/\/tiketi.com\/fr-fr\/wp-json\/wp\/v2\/types\/page"}],"author":[{"embeddable":true,"href":"https:\/\/tiketi.com\/fr-fr\/wp-json\/wp\/v2\/users\/1"}],"replies":[{"embeddable":true,"href":"https:\/\/tiketi.com\/fr-fr\/wp-json\/wp\/v2\/comments?post=29134"}],"version-history":[{"count":0,"href":"https:\/\/tiketi.com\/fr-fr\/wp-json\/wp\/v2\/pages\/29134\/revisions"}],"up":[{"embeddable":true,"href":"https:\/\/tiketi.com\/fr-fr\/wp-json\/wp\/v2\/pages\/25524"}],"wp:featuredmedia":[{"embeddable":true,"href":"https:\/\/tiketi.com\/fr-fr\/wp-json\/wp\/v2\/media\/13999"}],"wp:attachment":[{"href":"https:\/\/tiketi.com\/fr-fr\/wp-json\/wp\/v2\/media?parent=29134"}],"curies":[{"name":"wp","href":"https:\/\/api.w.org\/{rel}","templated":true}]}}