{"id":30154,"date":"2023-12-20T14:05:41","date_gmt":"2023-12-20T13:05:41","guid":{"rendered":"https:\/\/tiketi.com\/?page_id=30154"},"modified":"2023-12-20T14:11:16","modified_gmt":"2023-12-20T13:11:16","slug":"sumry-high-class-bus","status":"publish","type":"page","link":"https:\/\/tiketi.com\/fr-fr\/companies\/buses\/sumry-high-class-bus\/","title":{"rendered":"R\u00e9servation en ligne de bus haut de gamme Sumry, billets de bus, itin\u00e9raires et tarifs"},"content":{"rendered":"<h2 class=\"wp-block-heading\">R\u00e9servation de billets de bus en ligne Sumry High Class<\/h2>\n\n\n\n<h3 class=\"wp-block-heading\">D\u00e9couvrez votre itin\u00e9raire sur le Web, sur votre mobile ou sur une application et r\u00e9servez en ligne des billets de bus Sumry High Class bon march\u00e9.<\/h3>\n\n\n\n<p>La r\u00e9servation en ligne de Sumry High Class Bus est facilit\u00e9e. Sumry High class bus \u00e9tait la plus grande entreprise de bus en Tanzanie, cr\u00e9\u00e9e il y a une vingtaine d&#039;ann\u00e9es. Alors faites la r\u00e9servation de billets de bus en ligne Sumry High Class d\u00e8s maintenant !<\/p>\n\n\n\n<h2 class=\"wp-block-heading\">R\u00e9servation en ligne de bus Sumry High Class, billets d&#039;autocar, itin\u00e9raires et tarifs FAQ<\/h2>\n\n\n\n<h3 class=\"wp-block-heading\">Quels sont les trajets en bus de Sumry High Class Bus ?<\/h3>\n\n\n\n<p>\u2022 Dar es Salaam \u00e0 Tunduma<br>\u2022 Dar es Salaam \u00e0 Mbeya<br>\u2022 Dar es Salaam \u00e0 Kyela<br>\u2022 Dar Salaam \u00e0 Arusha et Moshi<br>\u2022 Dar es Salaam \u00e0 Songea<br>\u2022 Dar es Salam \u00e0 Iringa<br>\u2022 Mbeya \u2013 Arusha en passant par Chalinze<\/p>\n\n\n\n<p>Le parcours de la soci\u00e9t\u00e9 comprenait des r\u00e9gions du sud de la Tanzanie, comme Iringa, Mbeya et Njombe. Les bus Sumry High Class \u00e9taient c\u00e9l\u00e8bres pour leurs si\u00e8ges incroyables, leur syst\u00e8me de climatisation, leurs si\u00e8ges inclinables et leurs syst\u00e8mes de divertissement embarqu\u00e9s. L&#039;entreprise a \u00e9galement fourni une large gamme de services, tels que des boissons et des collations, ainsi qu&#039;un service de navette depuis et vers le terminal de bus.<br>La classe Sumry High a arr\u00eat\u00e9 ses activit\u00e9s ces derni\u00e8res ann\u00e9es en raison d&#039;un certain nombre de facteurs, notamment des accidents de la route extr\u00eames et des probl\u00e8mes internes. L&#039;entreprise a \u00e9t\u00e9 impliqu\u00e9e dans de nombreux accidents mortels, ce qui a entra\u00een\u00e9 une baisse de confiance des passagers. De plus, l\u2019entreprise \u00e9tait confront\u00e9e \u00e0 des probl\u00e8mes financiers, ce qui rendait difficile le maintien d\u2019un niveau de service \u00e9lev\u00e9.<br>Malgr\u00e9 son existence \u00e9ph\u00e9m\u00e8re, le bus Sumry High Class \u00e9tait l&#039;un des meilleurs services de bus en Tanzanie. L&#039;entreprise avait une client\u00e8le fid\u00e8le et ses bus \u00e9taient r\u00e9put\u00e9s pour leur confort et leur s\u00e9curit\u00e9.<\/p>\n\n\n\n<h3 class=\"wp-block-heading\">Caract\u00e9ristiques principales du bus haut de gamme Sumry<\/h3>\n\n\n\n<p><p>Les bus Sumry High Class sont import\u00e9s de Malaisie.<br>L&#039;entreprise employait plus de 1 000 personnes.<\/p>\n<p>\u2022 Les bus Sumry High Class ont \u00e9t\u00e9 \u00e9quip\u00e9s de nouveaux dispositifs de s\u00e9curit\u00e9, notamment des airbags, des ceintures de s\u00e9curit\u00e9 et des extincteurs.<br>\u2022 L&#039;entreprise propose une large gamme de promotions et de r\u00e9ductions, telles que des r\u00e9ductions pour \u00e9tudiants et des forfaits familiaux.<br>\u2022 Sumry High Class \u00e9tait un sponsor de nombreux \u00e9v\u00e9nements sportifs et organisations culturelles.<\/p><\/p>\n\n\n\n<h2 class=\"wp-block-heading\">Quelles sont les coordonn\u00e9es du bureau de r\u00e9servation et de colis de Sumry High Class Bus ?<\/h2>\n\n\n\n<p>Mbeya, Tanzanie.<\/p>\n\n\n\n<h2 class=\"wp-block-heading\">Conseils pour la r\u00e9servation de billets de bus en ligne Sumry High Class<\/h2>\n\n\n\n<p class=\"wp-block-heading\">L&#039;entreprise \u00e9tait c\u00e9l\u00e8bre pour son service de haute qualit\u00e9 et ses bus luxueux. La classe Sumry High repr\u00e9sentait \u00e0 l&#039;\u00e9poque un d\u00e9fi de taille pour sa soci\u00e9t\u00e9 rivale, Scandinavia Express. <\/p>","protected":false},"excerpt":{"rendered":"<p>Sumry High Class Online Bus Ticket Booking Discover your travel route on web, mobile or app and book cheap Sumry High Class Bus tickets online. Sumry High Class Bus online booking made easy.\u00a0Sumry High class bus was the biggest bus firm in Tanzania, established about twenty years ago. So do Sumry High Class online bus [&hellip;]<\/p>\n","protected":false},"author":1,"featured_media":13999,"parent":25524,"menu_order":0,"comment_status":"closed","ping_status":"closed","template":"template-home-modern.php","meta":{"footnotes":""},"class_list":["post-30154","page","type-page","status-publish","has-post-thumbnail","hentry"],"yoast_head":"<!-- This site is optimized with the Yoast SEO plugin v27.4 - https:\/\/yoast.com\/product\/yoast-seo-wordpress\/ -->\n<title>Sumry High Class Bus Online Booking, Bus Tickets, Routes &amp; Fares - Tiketi.com<\/title>\n<meta name=\"description\" content=\"Looking for Sumry High Class Bus online booking? Make a Sumry High Class online bus ticket booking online now and save time and money!\" \/>\n<meta name=\"robots\" content=\"index, follow, max-snippet:-1, max-image-preview:large, max-video-preview:-1\" \/>\n<link rel=\"canonical\" href=\"https:\/\/tiketi.com\/fr-fr\/companies\/buses\/sumry-high-class-bus\/\" \/>\n<meta property=\"og:locale\" content=\"fr_FR\" \/>\n<meta property=\"og:type\" content=\"article\" \/>\n<meta property=\"og:title\" content=\"Sumry High Class Bus Online Booking, Bus Tickets, Routes &amp; Fares - Tiketi.com\" \/>\n<meta property=\"og:description\" content=\"Looking for Sumry High Class Bus online booking? Make a Sumry High Class online bus ticket booking online now and save time and money!\" \/>\n<meta property=\"og:url\" content=\"https:\/\/tiketi.com\/fr-fr\/companies\/buses\/sumry-high-class-bus\/\" \/>\n<meta property=\"og:site_name\" content=\"Tiketi.com\" \/>\n<meta property=\"article:publisher\" content=\"https:\/\/www.facebook.com\/TiketiCom\/\" \/>\n<meta property=\"article:modified_time\" content=\"2023-12-20T13:11:16+00:00\" \/>\n<meta property=\"og:image\" content=\"https:\/\/tiketi.com\/wp-content\/uploads\/2022\/01\/bus-ticket-online-booking.jpg\" \/>\n\t<meta property=\"og:image:width\" content=\"1200\" \/>\n\t<meta property=\"og:image:height\" content=\"206\" \/>\n\t<meta property=\"og:image:type\" content=\"image\/jpeg\" \/>\n<meta name=\"twitter:card\" content=\"summary_large_image\" \/>\n<meta name=\"twitter:label1\" content=\"Dur\u00e9e de lecture estim\u00e9e\" \/>\n\t<meta name=\"twitter:data1\" content=\"2 minutes\" \/>\n<script type=\"application\/ld+json\" class=\"yoast-schema-graph\">{\"@context\":\"https:\\\/\\\/schema.org\",\"@graph\":[{\"@type\":\"WebPage\",\"@id\":\"https:\\\/\\\/tiketi.com\\\/companies\\\/buses\\\/sumry-high-class-bus\\\/\",\"url\":\"https:\\\/\\\/tiketi.com\\\/companies\\\/buses\\\/sumry-high-class-bus\\\/\",\"name\":\"Sumry High Class Bus Online Booking, Bus Tickets, Routes &amp; Fares - Tiketi.com\",\"isPartOf\":{\"@id\":\"https:\\\/\\\/tiketi.com\\\/#website\"},\"primaryImageOfPage\":{\"@id\":\"https:\\\/\\\/tiketi.com\\\/companies\\\/buses\\\/sumry-high-class-bus\\\/#primaryimage\"},\"image\":{\"@id\":\"https:\\\/\\\/tiketi.com\\\/companies\\\/buses\\\/sumry-high-class-bus\\\/#primaryimage\"},\"thumbnailUrl\":\"https:\\\/\\\/tiketi.com\\\/wp-content\\\/uploads\\\/2022\\\/01\\\/bus-ticket-online-booking.jpg\",\"datePublished\":\"2023-12-20T13:05:41+00:00\",\"dateModified\":\"2023-12-20T13:11:16+00:00\",\"description\":\"Looking for Sumry High Class Bus online booking? Make a Sumry High Class online bus ticket booking online now and save time and money!\",\"breadcrumb\":{\"@id\":\"https:\\\/\\\/tiketi.com\\\/companies\\\/buses\\\/sumry-high-class-bus\\\/#breadcrumb\"},\"inLanguage\":\"fr-FR\",\"potentialAction\":[{\"@type\":\"ReadAction\",\"target\":[\"https:\\\/\\\/tiketi.com\\\/companies\\\/buses\\\/sumry-high-class-bus\\\/\"]}]},{\"@type\":\"ImageObject\",\"inLanguage\":\"fr-FR\",\"@id\":\"https:\\\/\\\/tiketi.com\\\/companies\\\/buses\\\/sumry-high-class-bus\\\/#primaryimage\",\"url\":\"https:\\\/\\\/tiketi.com\\\/wp-content\\\/uploads\\\/2022\\\/01\\\/bus-ticket-online-booking.jpg\",\"contentUrl\":\"https:\\\/\\\/tiketi.com\\\/wp-content\\\/uploads\\\/2022\\\/01\\\/bus-ticket-online-booking.jpg\",\"width\":1200,\"height\":206,\"caption\":\"Online Bus Ticket Booking\"},{\"@type\":\"BreadcrumbList\",\"@id\":\"https:\\\/\\\/tiketi.com\\\/companies\\\/buses\\\/sumry-high-class-bus\\\/#breadcrumb\",\"itemListElement\":[{\"@type\":\"ListItem\",\"position\":1,\"name\":\"Home\",\"item\":\"https:\\\/\\\/tiketi.com\\\/\"},{\"@type\":\"ListItem\",\"position\":2,\"name\":\"Companies\",\"item\":\"https:\\\/\\\/tiketi.com\\\/companies\\\/\"},{\"@type\":\"ListItem\",\"position\":3,\"name\":\"Buses\",\"item\":\"https:\\\/\\\/tiketi.com\\\/companies\\\/buses\\\/\"},{\"@type\":\"ListItem\",\"position\":4,\"name\":\"Sumry High Class Bus Online Booking, Bus Tickets, Routes &amp; Fares\"}]},{\"@type\":\"WebSite\",\"@id\":\"https:\\\/\\\/tiketi.com\\\/#website\",\"url\":\"https:\\\/\\\/tiketi.com\\\/\",\"name\":\"Flight & Bus Tickets, Tour Packages & Activitites - Tiketi.com\",\"description\":\"Flight &amp; Bus Tickets, Tours, Activitites\",\"publisher\":{\"@id\":\"https:\\\/\\\/tiketi.com\\\/#organization\"},\"potentialAction\":[{\"@type\":\"SearchAction\",\"target\":{\"@type\":\"EntryPoint\",\"urlTemplate\":\"https:\\\/\\\/tiketi.com\\\/?s={search_term_string}\"},\"query-input\":{\"@type\":\"PropertyValueSpecification\",\"valueRequired\":true,\"valueName\":\"search_term_string\"}}],\"inLanguage\":\"fr-FR\"},{\"@type\":\"Organization\",\"@id\":\"https:\\\/\\\/tiketi.com\\\/#organization\",\"name\":\"Tiketi.com\",\"alternateName\":\"Tiketi\",\"url\":\"https:\\\/\\\/tiketi.com\\\/\",\"logo\":{\"@type\":\"ImageObject\",\"inLanguage\":\"fr-FR\",\"@id\":\"https:\\\/\\\/tiketi.com\\\/#\\\/schema\\\/logo\\\/image\\\/\",\"url\":\"https:\\\/\\\/tiketi.com\\\/wp-content\\\/uploads\\\/2019\\\/05\\\/tiketi-logo-696.png\",\"contentUrl\":\"https:\\\/\\\/tiketi.com\\\/wp-content\\\/uploads\\\/2019\\\/05\\\/tiketi-logo-696.png\",\"width\":696,\"height\":696,\"caption\":\"Tiketi.com\"},\"image\":{\"@id\":\"https:\\\/\\\/tiketi.com\\\/#\\\/schema\\\/logo\\\/image\\\/\"},\"sameAs\":[\"https:\\\/\\\/www.facebook.com\\\/TiketiCom\\\/\"]}]}<\/script>\n<!-- \/ Yoast SEO plugin. -->","yoast_head_json":{"title":"R\u00e9servation en ligne de bus haut de gamme Sumry, billets de bus, itin\u00e9raires et tarifs - Tiketi.com","description":"Vous recherchez une r\u00e9servation en ligne pour le bus Sumry High Class ? Faites une r\u00e9servation de billet de bus en ligne Sumry High Class d\u00e8s maintenant et \u00e9conomisez du temps et de l&#039;argent !","robots":{"index":"index","follow":"follow","max-snippet":"max-snippet:-1","max-image-preview":"max-image-preview:large","max-video-preview":"max-video-preview:-1"},"canonical":"https:\/\/tiketi.com\/fr-fr\/companies\/buses\/sumry-high-class-bus\/","og_locale":"fr_FR","og_type":"article","og_title":"Sumry High Class Bus Online Booking, Bus Tickets, Routes &amp; Fares - Tiketi.com","og_description":"Looking for Sumry High Class Bus online booking? Make a Sumry High Class online bus ticket booking online now and save time and money!","og_url":"https:\/\/tiketi.com\/fr-fr\/companies\/buses\/sumry-high-class-bus\/","og_site_name":"Tiketi.com","article_publisher":"https:\/\/www.facebook.com\/TiketiCom\/","article_modified_time":"2023-12-20T13:11:16+00:00","og_image":[{"width":1200,"height":206,"url":"https:\/\/tiketi.com\/wp-content\/uploads\/2022\/01\/bus-ticket-online-booking.jpg","type":"image\/jpeg"}],"twitter_card":"summary_large_image","twitter_misc":{"Dur\u00e9e de lecture estim\u00e9e":"2 minutes"},"schema":{"@context":"https:\/\/schema.org","@graph":[{"@type":"WebPage","@id":"https:\/\/tiketi.com\/companies\/buses\/sumry-high-class-bus\/","url":"https:\/\/tiketi.com\/companies\/buses\/sumry-high-class-bus\/","name":"R\u00e9servation en ligne de bus haut de gamme Sumry, billets de bus, itin\u00e9raires et tarifs - Tiketi.com","isPartOf":{"@id":"https:\/\/tiketi.com\/#website"},"primaryImageOfPage":{"@id":"https:\/\/tiketi.com\/companies\/buses\/sumry-high-class-bus\/#primaryimage"},"image":{"@id":"https:\/\/tiketi.com\/companies\/buses\/sumry-high-class-bus\/#primaryimage"},"thumbnailUrl":"https:\/\/tiketi.com\/wp-content\/uploads\/2022\/01\/bus-ticket-online-booking.jpg","datePublished":"2023-12-20T13:05:41+00:00","dateModified":"2023-12-20T13:11:16+00:00","description":"Vous recherchez une r\u00e9servation en ligne pour le bus Sumry High Class ? Faites une r\u00e9servation de billet de bus en ligne Sumry High Class d\u00e8s maintenant et \u00e9conomisez du temps et de l&#039;argent !","breadcrumb":{"@id":"https:\/\/tiketi.com\/companies\/buses\/sumry-high-class-bus\/#breadcrumb"},"inLanguage":"fr-FR","potentialAction":[{"@type":"ReadAction","target":["https:\/\/tiketi.com\/companies\/buses\/sumry-high-class-bus\/"]}]},{"@type":"ImageObject","inLanguage":"fr-FR","@id":"https:\/\/tiketi.com\/companies\/buses\/sumry-high-class-bus\/#primaryimage","url":"https:\/\/tiketi.com\/wp-content\/uploads\/2022\/01\/bus-ticket-online-booking.jpg","contentUrl":"https:\/\/tiketi.com\/wp-content\/uploads\/2022\/01\/bus-ticket-online-booking.jpg","width":1200,"height":206,"caption":"Online Bus Ticket Booking"},{"@type":"BreadcrumbList","@id":"https:\/\/tiketi.com\/companies\/buses\/sumry-high-class-bus\/#breadcrumb","itemListElement":[{"@type":"ListItem","position":1,"name":"Home","item":"https:\/\/tiketi.com\/"},{"@type":"ListItem","position":2,"name":"Companies","item":"https:\/\/tiketi.com\/companies\/"},{"@type":"ListItem","position":3,"name":"Buses","item":"https:\/\/tiketi.com\/companies\/buses\/"},{"@type":"ListItem","position":4,"name":"Sumry High Class Bus Online Booking, Bus Tickets, Routes &amp; Fares"}]},{"@type":"WebSite","@id":"https:\/\/tiketi.com\/#website","url":"https:\/\/tiketi.com\/","name":"Billets d&#039;avion et de bus, forfaits touristiques et activit\u00e9s - Tiketi.com","description":"Billets d&#039;avion et de bus, Tours, Activit\u00e9s","publisher":{"@id":"https:\/\/tiketi.com\/#organization"},"potentialAction":[{"@type":"SearchAction","target":{"@type":"EntryPoint","urlTemplate":"https:\/\/tiketi.com\/?s={search_term_string}"},"query-input":{"@type":"PropertyValueSpecification","valueRequired":true,"valueName":"search_term_string"}}],"inLanguage":"fr-FR"},{"@type":"Organization","@id":"https:\/\/tiketi.com\/#organization","name":"Tiketi.com","alternateName":"Tiketi","url":"https:\/\/tiketi.com\/","logo":{"@type":"ImageObject","inLanguage":"fr-FR","@id":"https:\/\/tiketi.com\/#\/schema\/logo\/image\/","url":"https:\/\/tiketi.com\/wp-content\/uploads\/2019\/05\/tiketi-logo-696.png","contentUrl":"https:\/\/tiketi.com\/wp-content\/uploads\/2019\/05\/tiketi-logo-696.png","width":696,"height":696,"caption":"Tiketi.com"},"image":{"@id":"https:\/\/tiketi.com\/#\/schema\/logo\/image\/"},"sameAs":["https:\/\/www.facebook.com\/TiketiCom\/"]}]}},"_links":{"self":[{"href":"https:\/\/tiketi.com\/fr-fr\/wp-json\/wp\/v2\/pages\/30154","targetHints":{"allow":["GET"]}}],"collection":[{"href":"https:\/\/tiketi.com\/fr-fr\/wp-json\/wp\/v2\/pages"}],"about":[{"href":"https:\/\/tiketi.com\/fr-fr\/wp-json\/wp\/v2\/types\/page"}],"author":[{"embeddable":true,"href":"https:\/\/tiketi.com\/fr-fr\/wp-json\/wp\/v2\/users\/1"}],"replies":[{"embeddable":true,"href":"https:\/\/tiketi.com\/fr-fr\/wp-json\/wp\/v2\/comments?post=30154"}],"version-history":[{"count":0,"href":"https:\/\/tiketi.com\/fr-fr\/wp-json\/wp\/v2\/pages\/30154\/revisions"}],"up":[{"embeddable":true,"href":"https:\/\/tiketi.com\/fr-fr\/wp-json\/wp\/v2\/pages\/25524"}],"wp:featuredmedia":[{"embeddable":true,"href":"https:\/\/tiketi.com\/fr-fr\/wp-json\/wp\/v2\/media\/13999"}],"wp:attachment":[{"href":"https:\/\/tiketi.com\/fr-fr\/wp-json\/wp\/v2\/media?parent=30154"}],"curies":[{"name":"wp","href":"https:\/\/api.w.org\/{rel}","templated":true}]}}