{"id":30155,"date":"2023-12-20T15:04:28","date_gmt":"2023-12-20T14:04:28","guid":{"rendered":"https:\/\/tiketi.com\/?page_id=30155"},"modified":"2024-11-08T19:08:12","modified_gmt":"2024-11-08T18:08:12","slug":"laviha-luxury-bus","status":"publish","type":"page","link":"https:\/\/tiketi.com\/fr-fr\/companies\/buses\/laviha-luxury-bus\/","title":{"rendered":"R\u00e9servation en ligne de bus de luxe Laviha, billets de bus, itin\u00e9raires et tarifs"},"content":{"rendered":"<h2 class=\"wp-block-heading\">R\u00e9servation de billets de bus de luxe en ligne Laviha<\/h2>\r\n\r\n\r\n\r\n<h3 class=\"wp-block-heading\">D\u00e9couvrez votre itin\u00e9raire de voyage sur le Web, sur mobile ou sur une application et r\u00e9servez en ligne des billets de bus de luxe Laviha pas chers.<\/h3>\r\n\r\n\r\n\r\n<p>Laviha Luxury bus online booking made easy. Laviha luxury bus is the only parcels and passenger <a href=\"https:\/\/tiketi.com\/fr-fr\/coaches\/tanzania-bus-tickets\/\" target=\"_blank\" rel=\"noopener\">transportation firm in Tanzania<\/a> that plies the Kilombero to Arusha through Chalinze and Msolwa. The firm was founded in 2018 with the aim of providing direct bus services on this route, which was previously underserved. So do Laviha luxury online bus ticket booking now!<\/p>\r\n\r\n\r\n\r\n<h2 class=\"wp-block-heading\">R\u00e9servation en ligne de bus de luxe Laviha, billets d&#039;autocar, itin\u00e9raires et tarifs FAQ<\/h2>\r\n\r\n\r\n\r\n<h3 class=\"wp-block-heading\">What are\u00a0the Laviha luxury\u00a0bus routes?<\/h3>\r\n\r\n\r\n\r\n<p>Il circule sur les itin\u00e9raires suivants avec des d\u00e9parts quotidiens le matin et quelques d\u00e9parts l&#039;apr\u00e8s-midi.<\/p>\r\n\r\n\r\n\r\n<p>\u2022 Kilombero \u00e0 Dar es Salaam<br \/>\u2022 Kilombero \u00e0 Arusha<br \/>\u2022 Ifakara pour oser le Salaam<\/p>\r\n\r\n\r\n\r\n<h3 class=\"wp-block-heading\">Comment r\u00e9server des billets de bus Laviha Luxury\u00a0:<\/h3>\r\n\r\n\r\n\r\n<p>\u2022 En personne dans l&#039;une des agences de bus de luxe Laviha.<br \/>\u2022 En ligne en utilisant le formulaire de recherche ci-dessus.<\/p>\r\n\r\n\r\n\r\n<h3 class=\"wp-block-heading\">Ligne de service de bus de luxe Laviha<\/h3>\r\n\r\n\r\n\r\n<p>Le bus de luxe Laviha est le seul choix pour un voyage quotidien fiable et optimal entre Arusha et la ville de Kilombero. L&#039;entreprise propose des d\u00e9parts quotidiens le matin depuis toutes les gares, tous les billets peuvent \u00eatre r\u00e9serv\u00e9s en personne dans n&#039;importe quel bureau de l&#039;entreprise ou en ligne.<br \/>Le tarif du bus d\u00e9pend de votre lieu, mais est g\u00e9n\u00e9ralement fixe.<\/p>\r\n\r\n\r\n\r\n<h3 class=\"wp-block-heading\">Voici les avantages de voyager avec le bus de luxe Laviha<\/h3>\r\n\r\n\r\n\r\n<p>\u2022 Des bus modernes avec climatisation, si\u00e8ges inclinables et toilettes<br \/>\u2022 Les billets peuvent \u00eatre r\u00e9serv\u00e9s en ligne ou en personne<br \/>\u2022 Des conducteurs exp\u00e9riment\u00e9s soucieux de la s\u00e9curit\u00e9<\/p>\r\n\r\n\r\n\r\n<h3 class=\"wp-block-heading\">Voici les avantages de voyager avec le bus de luxe Laviha :<\/h3>\r\n\r\n\r\n\r\n<ul class=\"wp-block-list\">\r\n<li>Bus modernes avec climatisation, si\u00e8ges inclinables et toilettes<\/li>\r\n\r\n\r\n\r\n<li>Les billets peuvent \u00eatre r\u00e9serv\u00e9s en ligne ou en personne<\/li>\r\n\r\n\r\n\r\n<li>Des chauffeurs exp\u00e9riment\u00e9s soucieux de la s\u00e9curit\u00e9. Lignes de bus de luxe Laviha Il circule sur les itin\u00e9raires suivants avec des d\u00e9parts quotidiens le matin et quelques d\u00e9parts l&#039;apr\u00e8s-midi.<\/li>\r\n\r\n\r\n\r\n<li>Kilombero \u00e0 Dar es Salaam \u2022 Kilombero \u00e0 Arusha \u2022 Ifakara pour oser Salaam Comment r\u00e9server des billets de bus Laviha Luxury<\/li>\r\n\r\n\r\n\r\n<li>En personne dans l&#039;un des bureaux de bus de luxe Laviha<\/li>\r\n\r\n\r\n\r\n<li>En ligne en appelant le num\u00e9ro du service client indiqu\u00e9 ci-dessous<\/li>\r\n<\/ul>\r\n\r\n\r\n\r\n<h2 class=\"wp-block-heading\">Quelles sont les coordonn\u00e9es du bureau de r\u00e9servation et de colis de luxe Laviha ?<\/h2>\r\n\r\n\r\n\r\n<p>Bus de luxe Laviha<br \/>Bureau : Arusha, Msamvu et Dar es Salaam<br \/>Si\u00e8ge social : Kilombero, Morogoro<\/p>\r\n\r\n\r\n\r\n<h2 class=\"wp-block-heading\">Laviha luxury\u00a0Online Bus Ticket Booking Tips<\/h2>\r\n\r\n\r\n\r\n<p>Le bus de luxe Laviha offre le meilleur service, avec des bus modernes \u00e9quip\u00e9s de climatisation, de si\u00e8ges de luxe et de toilettes. L&#039;entreprise dispose \u00e9galement d&#039;une \u00e9quipe de rivi\u00e8res exp\u00e9riment\u00e9es et soucieuses de la s\u00e9curit\u00e9.<\/p>\r\n<p><span style=\"font-size: revert; color: initial;\">In addition to the Kilombero to Arusha route, this bus also runs on the Kilombero to Dar es Salaam and Ifakara to routes of Dar es Salaam. The firm provides daily departures on all of its Tanzania routes, and Laviha Luxury bus tickets can be purchased online.<\/span><\/p>","protected":false},"excerpt":{"rendered":"<p>Laviha Luxury Online Bus Ticket Booking Discover your travel route on web, mobile or app and book cheap Laviha luxury bus tickets online. Laviha Luxury bus online booking made easy. Laviha luxury bus is the only parcels and passenger transportation firm in Tanzania that plies the Kilombero to Arusha through Chalinze and Msolwa. The firm [&hellip;]<\/p>\n","protected":false},"author":1,"featured_media":13999,"parent":25524,"menu_order":0,"comment_status":"closed","ping_status":"closed","template":"template-home-modern.php","meta":{"footnotes":""},"class_list":["post-30155","page","type-page","status-publish","has-post-thumbnail","hentry"],"yoast_head":"<!-- This site is optimized with the Yoast SEO plugin v27.2 - https:\/\/yoast.com\/product\/yoast-seo-wordpress\/ -->\n<title>Laviha Luxury Bus Online Booking, Bus Tickets, Routes &amp; Fares - Tiketi.com<\/title>\n<meta name=\"description\" content=\"Looking for Laviha Luxury bus online booking? Make a Laviha Luxury online bus ticket booking online now and save time and money!\" \/>\n<meta name=\"robots\" content=\"index, follow, max-snippet:-1, max-image-preview:large, max-video-preview:-1\" \/>\n<link rel=\"canonical\" href=\"https:\/\/tiketi.com\/fr-fr\/kampuni\/mabasi\/laviha-luxury-bus\/\" \/>\n<meta property=\"og:locale\" content=\"fr_FR\" \/>\n<meta property=\"og:type\" content=\"article\" \/>\n<meta property=\"og:title\" content=\"Laviha Luxury Bus Online Booking, Bus Tickets, Routes &amp; Fares - Tiketi.com\" \/>\n<meta property=\"og:description\" content=\"Looking for Laviha Luxury bus online booking? Make a Laviha Luxury online bus ticket booking online now and save time and money!\" \/>\n<meta property=\"og:url\" content=\"https:\/\/tiketi.com\/fr-fr\/kampuni\/mabasi\/laviha-luxury-bus\/\" \/>\n<meta property=\"og:site_name\" content=\"Tiketi.com\" \/>\n<meta property=\"article:publisher\" content=\"https:\/\/www.facebook.com\/TiketiCom\/\" \/>\n<meta property=\"article:modified_time\" content=\"2024-11-08T18:08:12+00:00\" \/>\n<meta property=\"og:image\" content=\"https:\/\/tiketi.com\/wp-content\/uploads\/2022\/01\/bus-ticket-online-booking.jpg\" \/>\n\t<meta property=\"og:image:width\" content=\"1200\" \/>\n\t<meta property=\"og:image:height\" content=\"206\" \/>\n\t<meta property=\"og:image:type\" content=\"image\/jpeg\" \/>\n<meta name=\"twitter:card\" content=\"summary_large_image\" \/>\n<meta name=\"twitter:label1\" content=\"Dur\u00e9e de lecture estim\u00e9e\" \/>\n\t<meta name=\"twitter:data1\" content=\"3 minutes\" \/>\n<script type=\"application\/ld+json\" class=\"yoast-schema-graph\">{\"@context\":\"https:\/\/schema.org\",\"@graph\":[{\"@type\":\"WebPage\",\"@id\":\"https:\/\/tiketi.com\/sw\/kampuni\/mabasi\/laviha-luxury-bus\/\",\"url\":\"https:\/\/tiketi.com\/sw\/kampuni\/mabasi\/laviha-luxury-bus\/\",\"name\":\"Laviha Luxury Bus Online Booking, Bus Tickets, Routes & Fares - Tiketi.com\",\"isPartOf\":{\"@id\":\"https:\/\/tiketi.com\/#website\"},\"primaryImageOfPage\":{\"@id\":\"https:\/\/tiketi.com\/sw\/kampuni\/mabasi\/laviha-luxury-bus\/#primaryimage\"},\"image\":{\"@id\":\"https:\/\/tiketi.com\/sw\/kampuni\/mabasi\/laviha-luxury-bus\/#primaryimage\"},\"thumbnailUrl\":\"https:\/\/tiketi.com\/wp-content\/uploads\/2022\/01\/bus-ticket-online-booking.jpg\",\"datePublished\":\"2023-12-20T14:04:28+00:00\",\"dateModified\":\"2024-11-08T18:08:12+00:00\",\"description\":\"Looking for Laviha Luxury bus online booking? Make a Laviha Luxury online bus ticket booking online now and save time and money!\",\"breadcrumb\":{\"@id\":\"https:\/\/tiketi.com\/sw\/kampuni\/mabasi\/laviha-luxury-bus\/#breadcrumb\"},\"inLanguage\":\"fr-FR\",\"potentialAction\":[{\"@type\":\"ReadAction\",\"target\":[\"https:\/\/tiketi.com\/sw\/kampuni\/mabasi\/laviha-luxury-bus\/\"]}]},{\"@type\":\"ImageObject\",\"inLanguage\":\"fr-FR\",\"@id\":\"https:\/\/tiketi.com\/sw\/kampuni\/mabasi\/laviha-luxury-bus\/#primaryimage\",\"url\":\"https:\/\/tiketi.com\/wp-content\/uploads\/2022\/01\/bus-ticket-online-booking.jpg\",\"contentUrl\":\"https:\/\/tiketi.com\/wp-content\/uploads\/2022\/01\/bus-ticket-online-booking.jpg\",\"width\":1200,\"height\":206,\"caption\":\"Online Bus Ticket Booking\"},{\"@type\":\"BreadcrumbList\",\"@id\":\"https:\/\/tiketi.com\/sw\/kampuni\/mabasi\/laviha-luxury-bus\/#breadcrumb\",\"itemListElement\":[{\"@type\":\"ListItem\",\"position\":1,\"name\":\"Home\",\"item\":\"https:\/\/tiketi.com\/\"},{\"@type\":\"ListItem\",\"position\":2,\"name\":\"Companies\",\"item\":\"https:\/\/tiketi.com\/companies\/\"},{\"@type\":\"ListItem\",\"position\":3,\"name\":\"Buses\",\"item\":\"https:\/\/tiketi.com\/companies\/buses\/\"},{\"@type\":\"ListItem\",\"position\":4,\"name\":\"Laviha Luxury Bus Online Booking, Bus Tickets, Routes &#038; Fares\"}]},{\"@type\":\"WebSite\",\"@id\":\"https:\/\/tiketi.com\/#website\",\"url\":\"https:\/\/tiketi.com\/\",\"name\":\"Flight & Bus Tickets, Tour Packages & Activitites - Tiketi.com\",\"description\":\"Flight &amp; Bus Tickets, Tours, Activitites\",\"publisher\":{\"@id\":\"https:\/\/tiketi.com\/#organization\"},\"potentialAction\":[{\"@type\":\"SearchAction\",\"target\":{\"@type\":\"EntryPoint\",\"urlTemplate\":\"https:\/\/tiketi.com\/?s={search_term_string}\"},\"query-input\":{\"@type\":\"PropertyValueSpecification\",\"valueRequired\":true,\"valueName\":\"search_term_string\"}}],\"inLanguage\":\"fr-FR\"},{\"@type\":\"Organization\",\"@id\":\"https:\/\/tiketi.com\/#organization\",\"name\":\"Tiketi.com\",\"alternateName\":\"Tiketi\",\"url\":\"https:\/\/tiketi.com\/\",\"logo\":{\"@type\":\"ImageObject\",\"inLanguage\":\"fr-FR\",\"@id\":\"https:\/\/tiketi.com\/#\/schema\/logo\/image\/\",\"url\":\"https:\/\/tiketi.com\/wp-content\/uploads\/2019\/05\/tiketi-logo-696.png\",\"contentUrl\":\"https:\/\/tiketi.com\/wp-content\/uploads\/2019\/05\/tiketi-logo-696.png\",\"width\":696,\"height\":696,\"caption\":\"Tiketi.com\"},\"image\":{\"@id\":\"https:\/\/tiketi.com\/#\/schema\/logo\/image\/\"},\"sameAs\":[\"https:\/\/www.facebook.com\/TiketiCom\/\"]}]}<\/script>\n<!-- \/ Yoast SEO plugin. -->","yoast_head_json":{"title":"R\u00e9servation en ligne de bus de luxe Laviha, billets de bus, itin\u00e9raires et tarifs - Tiketi.com","description":"Vous recherchez une r\u00e9servation en ligne de bus Laviha Luxury ? Faites une r\u00e9servation de billet de bus Laviha Luxury en ligne d\u00e8s maintenant et \u00e9conomisez du temps et de l&#039;argent !","robots":{"index":"index","follow":"follow","max-snippet":"max-snippet:-1","max-image-preview":"max-image-preview:large","max-video-preview":"max-video-preview:-1"},"canonical":"https:\/\/tiketi.com\/fr-fr\/kampuni\/mabasi\/laviha-luxury-bus\/","og_locale":"fr_FR","og_type":"article","og_title":"Laviha Luxury Bus Online Booking, Bus Tickets, Routes & Fares - Tiketi.com","og_description":"Looking for Laviha Luxury bus online booking? Make a Laviha Luxury online bus ticket booking online now and save time and money!","og_url":"https:\/\/tiketi.com\/fr-fr\/kampuni\/mabasi\/laviha-luxury-bus\/","og_site_name":"Tiketi.com","article_publisher":"https:\/\/www.facebook.com\/TiketiCom\/","article_modified_time":"2024-11-08T18:08:12+00:00","og_image":[{"width":1200,"height":206,"url":"https:\/\/tiketi.com\/wp-content\/uploads\/2022\/01\/bus-ticket-online-booking.jpg","type":"image\/jpeg"}],"twitter_card":"summary_large_image","twitter_misc":{"Dur\u00e9e de lecture estim\u00e9e":"3 minutes"},"schema":{"@context":"https:\/\/schema.org","@graph":[{"@type":"WebPage","@id":"https:\/\/tiketi.com\/sw\/kampuni\/mabasi\/laviha-luxury-bus\/","url":"https:\/\/tiketi.com\/sw\/kampuni\/mabasi\/laviha-luxury-bus\/","name":"R\u00e9servation en ligne de bus de luxe Laviha, billets de bus, itin\u00e9raires et tarifs - Tiketi.com","isPartOf":{"@id":"https:\/\/tiketi.com\/#website"},"primaryImageOfPage":{"@id":"https:\/\/tiketi.com\/sw\/kampuni\/mabasi\/laviha-luxury-bus\/#primaryimage"},"image":{"@id":"https:\/\/tiketi.com\/sw\/kampuni\/mabasi\/laviha-luxury-bus\/#primaryimage"},"thumbnailUrl":"https:\/\/tiketi.com\/wp-content\/uploads\/2022\/01\/bus-ticket-online-booking.jpg","datePublished":"2023-12-20T14:04:28+00:00","dateModified":"2024-11-08T18:08:12+00:00","description":"Vous recherchez une r\u00e9servation en ligne de bus Laviha Luxury ? Faites une r\u00e9servation de billet de bus Laviha Luxury en ligne d\u00e8s maintenant et \u00e9conomisez du temps et de l&#039;argent !","breadcrumb":{"@id":"https:\/\/tiketi.com\/sw\/kampuni\/mabasi\/laviha-luxury-bus\/#breadcrumb"},"inLanguage":"fr-FR","potentialAction":[{"@type":"ReadAction","target":["https:\/\/tiketi.com\/sw\/kampuni\/mabasi\/laviha-luxury-bus\/"]}]},{"@type":"ImageObject","inLanguage":"fr-FR","@id":"https:\/\/tiketi.com\/sw\/kampuni\/mabasi\/laviha-luxury-bus\/#primaryimage","url":"https:\/\/tiketi.com\/wp-content\/uploads\/2022\/01\/bus-ticket-online-booking.jpg","contentUrl":"https:\/\/tiketi.com\/wp-content\/uploads\/2022\/01\/bus-ticket-online-booking.jpg","width":1200,"height":206,"caption":"Online Bus Ticket Booking"},{"@type":"BreadcrumbList","@id":"https:\/\/tiketi.com\/sw\/kampuni\/mabasi\/laviha-luxury-bus\/#breadcrumb","itemListElement":[{"@type":"ListItem","position":1,"name":"Home","item":"https:\/\/tiketi.com\/"},{"@type":"ListItem","position":2,"name":"Companies","item":"https:\/\/tiketi.com\/companies\/"},{"@type":"ListItem","position":3,"name":"Buses","item":"https:\/\/tiketi.com\/companies\/buses\/"},{"@type":"ListItem","position":4,"name":"Laviha Luxury Bus Online Booking, Bus Tickets, Routes &#038; Fares"}]},{"@type":"WebSite","@id":"https:\/\/tiketi.com\/#website","url":"https:\/\/tiketi.com\/","name":"Billets d&#039;avion et de bus, forfaits touristiques et activit\u00e9s - Tiketi.com","description":"Billets d&#039;avion et de bus, Tours, Activit\u00e9s","publisher":{"@id":"https:\/\/tiketi.com\/#organization"},"potentialAction":[{"@type":"SearchAction","target":{"@type":"EntryPoint","urlTemplate":"https:\/\/tiketi.com\/?s={search_term_string}"},"query-input":{"@type":"PropertyValueSpecification","valueRequired":true,"valueName":"search_term_string"}}],"inLanguage":"fr-FR"},{"@type":"Organization","@id":"https:\/\/tiketi.com\/#organization","name":"Tiketi.com","alternateName":"Tiketi","url":"https:\/\/tiketi.com\/","logo":{"@type":"ImageObject","inLanguage":"fr-FR","@id":"https:\/\/tiketi.com\/#\/schema\/logo\/image\/","url":"https:\/\/tiketi.com\/wp-content\/uploads\/2019\/05\/tiketi-logo-696.png","contentUrl":"https:\/\/tiketi.com\/wp-content\/uploads\/2019\/05\/tiketi-logo-696.png","width":696,"height":696,"caption":"Tiketi.com"},"image":{"@id":"https:\/\/tiketi.com\/#\/schema\/logo\/image\/"},"sameAs":["https:\/\/www.facebook.com\/TiketiCom\/"]}]}},"_links":{"self":[{"href":"https:\/\/tiketi.com\/fr-fr\/wp-json\/wp\/v2\/pages\/30155","targetHints":{"allow":["GET"]}}],"collection":[{"href":"https:\/\/tiketi.com\/fr-fr\/wp-json\/wp\/v2\/pages"}],"about":[{"href":"https:\/\/tiketi.com\/fr-fr\/wp-json\/wp\/v2\/types\/page"}],"author":[{"embeddable":true,"href":"https:\/\/tiketi.com\/fr-fr\/wp-json\/wp\/v2\/users\/1"}],"replies":[{"embeddable":true,"href":"https:\/\/tiketi.com\/fr-fr\/wp-json\/wp\/v2\/comments?post=30155"}],"version-history":[{"count":1,"href":"https:\/\/tiketi.com\/fr-fr\/wp-json\/wp\/v2\/pages\/30155\/revisions"}],"predecessor-version":[{"id":31135,"href":"https:\/\/tiketi.com\/fr-fr\/wp-json\/wp\/v2\/pages\/30155\/revisions\/31135"}],"up":[{"embeddable":true,"href":"https:\/\/tiketi.com\/fr-fr\/wp-json\/wp\/v2\/pages\/25524"}],"wp:featuredmedia":[{"embeddable":true,"href":"https:\/\/tiketi.com\/fr-fr\/wp-json\/wp\/v2\/media\/13999"}],"wp:attachment":[{"href":"https:\/\/tiketi.com\/fr-fr\/wp-json\/wp\/v2\/media?parent=30155"}],"curies":[{"name":"wp","href":"https:\/\/api.w.org\/{rel}","templated":true}]}}