{"id":30191,"date":"2023-12-20T18:07:19","date_gmt":"2023-12-20T17:07:19","guid":{"rendered":"https:\/\/tiketi.com\/?page_id=30191"},"modified":"2024-11-08T18:57:57","modified_gmt":"2024-11-08T17:57:57","slug":"big-tree-coaches","status":"publish","type":"page","link":"https:\/\/tiketi.com\/fr-fr\/companies\/buses\/big-tree-coaches\/","title":{"rendered":"Big Tree Coaches R\u00e9servation en ligne, billets de bus, itin\u00e9raires et tarifs"},"content":{"rendered":"<h2>Big Tree Coaches R\u00e9servation de billets de bus en ligne<code><\/code><\/h2>\r\n\r\n\r\n\r\n<h3 class=\"wp-block-heading\">D\u00e9couvrez votre itin\u00e9raire sur le Web, sur mobile ou sur une application et r\u00e9servez en ligne des billets Big Tree Coaches \u00e0 bas prix.<\/h3>\r\n\r\n\r\n\r\n<p>La r\u00e9servation en ligne de Big Tree Coaches est facilit\u00e9e. Big Tree Coaches est une compagnie de bus g\u00e9r\u00e9e par Neville Tours et limit\u00e9e aux voyages en Afrique du Sud. Il s&#039;agit d&#039;une entreprise de logistique de voyages et de tourisme qui a ouvert ses portes en 2017. L&#039;entreprise s&#039;est enregistr\u00e9e pour offrir de nombreux types de services de transport \u00e0 des clients internationaux et locaux, notamment des itin\u00e9raires de bus quotidiens et des forfaits touristiques. Alors faites la r\u00e9servation de billets de bus en ligne Big Tree Coaches d\u00e8s maintenant\u00a0!<\/p>\r\n\r\n\r\n\r\n<h2 class=\"wp-block-heading\">Big Tree Coaches Online Booking, Coach Bus Tickets, Routes &amp; Fares\u00a0FAQs<\/h2>\r\n\r\n\r\n\r\n<h3 class=\"wp-block-heading\">What are\u00a0the Big Tree Coaches\u00a0bus routes?<\/h3>\r\n\r\n\r\n\r\n<ul class=\"wp-block-list\">\r\n<li>Le Cap pour monter Fletcher<\/li>\r\n\r\n\r\n\r\n<li>Le Cap \u00e0 Matatiele<\/li>\r\n<\/ul>\r\n\r\n\r\n\r\n<h3>Ligne de flotte d&#039;autocars Big Tree<\/h3>\r\n<p>L&#039;entreprise poss\u00e8de et g\u00e8re diff\u00e9rents types et tailles d&#039;autocars et de petits bus pour r\u00e9pondre aux besoins de ses clients en fonction de leur capacit\u00e9 de payer et du nombre de visiteurs.<\/p>\r\n<p>Ils g\u00e8rent un bus midi de 23 places pour desservir les visites du Cap et du Cap oriental et un bus de 65 places pour desservir le transport des \u00e9tudiants du minist\u00e8re de l&#039;\u00c9ducation.<\/p>\r\n<p>Tous ces bus disposent d\u2019une couverture d\u2019assurance premium pour sauver l\u2019entreprise et les clients. Leurs bus sont dot\u00e9s d&#039;un design int\u00e9rieur et de fonctionnalit\u00e9s personnalis\u00e9s pour offrir aux voyageurs ce qu&#039;ils d\u00e9sirent.<\/p>\r\n<p>\u2022 Lampes de lecture au pavillon et coffre \u00e0 bagages<\/p>\r\n<p>\u2022 Climatisation avec panneau de commande individuel<\/p>\r\n<p>\u2022 Syst\u00e8me de chargement USB individuel sur chaque si\u00e8ge<\/p>\r\n<h3>Ligne de service des autocars Big Tree<\/h3>\r\n<p>L&#039;entreprise propose de nombreux services, notamment des forfaits touristiques et de voyage, le transport de passagers aux clients locaux et internationaux visitant le parc national Kruger. Ils effectuent \u00e9galement des voyages au Cap et au Cap oriental deux fois par semaine. Nous proposons \u00e9galement des services de transport scolaire dans la r\u00e9gion du Cap oriental dans le cadre d&#039;un contrat avec le minist\u00e8re de l&#039;\u00c9ducation du Cap oriental. La r\u00e9servation de billets peut \u00eatre effectu\u00e9e dans leurs bureaux et en les appelant via les num\u00e9ros de contact indiqu\u00e9s sous cet article.<\/p>\r\n<h2>Quelles sont les coordonn\u00e9es du bureau de r\u00e9servation et de colis de Big Tree Coaches ?<\/h2>\r\n\r\n\r\n\r\n<p>Address: Cindys Travel, 117 Long Street, Matatiele, South Africa.<\/p>\r\n\r\n\r\n\r\n<h2 class=\"wp-block-heading\">Conseils pour la r\u00e9servation de billets en ligne Big Tree Bus<\/h2>\r\n<p>They are well recognized in <a href=\"https:\/\/tiketi.com\/fr-fr\/online-bus-tickets-in-southern-africa\/\" target=\"_blank\" rel=\"noopener\">South Africa transportation<\/a> industry by giving affordable and reliable services to different groups of people.<\/p>","protected":false},"excerpt":{"rendered":"<p>Big Tree Coaches Online Bus Ticket Booking Discover your travel route on web, mobile or app and book cheap Big Tree Coaches tickets online. Big Tree Coaches online booking made easy. Big Tree Coaches is a bus firm that run by Neville Tours and travel limited in South Africa. It is a travel and tourism [&hellip;]<\/p>\n","protected":false},"author":1,"featured_media":13999,"parent":25524,"menu_order":0,"comment_status":"closed","ping_status":"closed","template":"template-home-modern.php","meta":{"footnotes":""},"class_list":["post-30191","page","type-page","status-publish","has-post-thumbnail","hentry"],"yoast_head":"<!-- This site is optimized with the Yoast SEO plugin v27.3 - https:\/\/yoast.com\/product\/yoast-seo-wordpress\/ -->\n<title>Big Tree Coaches Online Booking, Bus Tickets, Routes &amp; Fares - Tiketi.com<\/title>\n<meta name=\"description\" content=\"Looking for Big Tree Coaches online booking? Make a Big Tree bus online ticket booking online now and save time and money!\" \/>\n<meta name=\"robots\" content=\"index, follow, max-snippet:-1, max-image-preview:large, max-video-preview:-1\" \/>\n<link rel=\"canonical\" href=\"https:\/\/tiketi.com\/fr-fr\/companies\/buses\/big-tree-coaches\/\" \/>\n<meta property=\"og:locale\" content=\"fr_FR\" \/>\n<meta property=\"og:type\" content=\"article\" \/>\n<meta property=\"og:title\" content=\"Big Tree Coaches Online Booking, Bus Tickets, Routes &amp; Fares - Tiketi.com\" \/>\n<meta property=\"og:description\" content=\"Looking for Big Tree Coaches online booking? Make a Big Tree bus online ticket booking online now and save time and money!\" \/>\n<meta property=\"og:url\" content=\"https:\/\/tiketi.com\/fr-fr\/companies\/buses\/big-tree-coaches\/\" \/>\n<meta property=\"og:site_name\" content=\"Tiketi.com\" \/>\n<meta property=\"article:publisher\" content=\"https:\/\/www.facebook.com\/TiketiCom\/\" \/>\n<meta property=\"article:modified_time\" content=\"2024-11-08T17:57:57+00:00\" \/>\n<meta property=\"og:image\" content=\"https:\/\/tiketi.com\/wp-content\/uploads\/2022\/01\/bus-ticket-online-booking.jpg\" \/>\n\t<meta property=\"og:image:width\" content=\"1200\" \/>\n\t<meta property=\"og:image:height\" content=\"206\" \/>\n\t<meta property=\"og:image:type\" content=\"image\/jpeg\" \/>\n<meta name=\"twitter:card\" content=\"summary_large_image\" \/>\n<meta name=\"twitter:label1\" content=\"Dur\u00e9e de lecture estim\u00e9e\" \/>\n\t<meta name=\"twitter:data1\" content=\"2 minutes\" \/>\n<script type=\"application\/ld+json\" class=\"yoast-schema-graph\">{\"@context\":\"https:\\\/\\\/schema.org\",\"@graph\":[{\"@type\":\"WebPage\",\"@id\":\"https:\\\/\\\/tiketi.com\\\/companies\\\/buses\\\/big-tree-coaches\\\/\",\"url\":\"https:\\\/\\\/tiketi.com\\\/companies\\\/buses\\\/big-tree-coaches\\\/\",\"name\":\"Big Tree Coaches Online Booking, Bus Tickets, Routes & Fares - Tiketi.com\",\"isPartOf\":{\"@id\":\"https:\\\/\\\/tiketi.com\\\/#website\"},\"primaryImageOfPage\":{\"@id\":\"https:\\\/\\\/tiketi.com\\\/companies\\\/buses\\\/big-tree-coaches\\\/#primaryimage\"},\"image\":{\"@id\":\"https:\\\/\\\/tiketi.com\\\/companies\\\/buses\\\/big-tree-coaches\\\/#primaryimage\"},\"thumbnailUrl\":\"https:\\\/\\\/tiketi.com\\\/wp-content\\\/uploads\\\/2022\\\/01\\\/bus-ticket-online-booking.jpg\",\"datePublished\":\"2023-12-20T17:07:19+00:00\",\"dateModified\":\"2024-11-08T17:57:57+00:00\",\"description\":\"Looking for Big Tree Coaches online booking? Make a Big Tree bus online ticket booking online now and save time and money!\",\"breadcrumb\":{\"@id\":\"https:\\\/\\\/tiketi.com\\\/companies\\\/buses\\\/big-tree-coaches\\\/#breadcrumb\"},\"inLanguage\":\"fr-FR\",\"potentialAction\":[{\"@type\":\"ReadAction\",\"target\":[\"https:\\\/\\\/tiketi.com\\\/companies\\\/buses\\\/big-tree-coaches\\\/\"]}]},{\"@type\":\"ImageObject\",\"inLanguage\":\"fr-FR\",\"@id\":\"https:\\\/\\\/tiketi.com\\\/companies\\\/buses\\\/big-tree-coaches\\\/#primaryimage\",\"url\":\"https:\\\/\\\/tiketi.com\\\/wp-content\\\/uploads\\\/2022\\\/01\\\/bus-ticket-online-booking.jpg\",\"contentUrl\":\"https:\\\/\\\/tiketi.com\\\/wp-content\\\/uploads\\\/2022\\\/01\\\/bus-ticket-online-booking.jpg\",\"width\":1200,\"height\":206,\"caption\":\"Online Bus Ticket Booking\"},{\"@type\":\"BreadcrumbList\",\"@id\":\"https:\\\/\\\/tiketi.com\\\/companies\\\/buses\\\/big-tree-coaches\\\/#breadcrumb\",\"itemListElement\":[{\"@type\":\"ListItem\",\"position\":1,\"name\":\"Home\",\"item\":\"https:\\\/\\\/tiketi.com\\\/\"},{\"@type\":\"ListItem\",\"position\":2,\"name\":\"Companies\",\"item\":\"https:\\\/\\\/tiketi.com\\\/companies\\\/\"},{\"@type\":\"ListItem\",\"position\":3,\"name\":\"Buses\",\"item\":\"https:\\\/\\\/tiketi.com\\\/companies\\\/buses\\\/\"},{\"@type\":\"ListItem\",\"position\":4,\"name\":\"Big Tree Coaches Online Booking, Bus Tickets, Routes &#038; Fares\"}]},{\"@type\":\"WebSite\",\"@id\":\"https:\\\/\\\/tiketi.com\\\/#website\",\"url\":\"https:\\\/\\\/tiketi.com\\\/\",\"name\":\"Flight & Bus Tickets, Tour Packages & Activitites - Tiketi.com\",\"description\":\"Flight &amp; Bus Tickets, Tours, Activitites\",\"publisher\":{\"@id\":\"https:\\\/\\\/tiketi.com\\\/#organization\"},\"potentialAction\":[{\"@type\":\"SearchAction\",\"target\":{\"@type\":\"EntryPoint\",\"urlTemplate\":\"https:\\\/\\\/tiketi.com\\\/?s={search_term_string}\"},\"query-input\":{\"@type\":\"PropertyValueSpecification\",\"valueRequired\":true,\"valueName\":\"search_term_string\"}}],\"inLanguage\":\"fr-FR\"},{\"@type\":\"Organization\",\"@id\":\"https:\\\/\\\/tiketi.com\\\/#organization\",\"name\":\"Tiketi.com\",\"alternateName\":\"Tiketi\",\"url\":\"https:\\\/\\\/tiketi.com\\\/\",\"logo\":{\"@type\":\"ImageObject\",\"inLanguage\":\"fr-FR\",\"@id\":\"https:\\\/\\\/tiketi.com\\\/#\\\/schema\\\/logo\\\/image\\\/\",\"url\":\"https:\\\/\\\/tiketi.com\\\/wp-content\\\/uploads\\\/2019\\\/05\\\/tiketi-logo-696.png\",\"contentUrl\":\"https:\\\/\\\/tiketi.com\\\/wp-content\\\/uploads\\\/2019\\\/05\\\/tiketi-logo-696.png\",\"width\":696,\"height\":696,\"caption\":\"Tiketi.com\"},\"image\":{\"@id\":\"https:\\\/\\\/tiketi.com\\\/#\\\/schema\\\/logo\\\/image\\\/\"},\"sameAs\":[\"https:\\\/\\\/www.facebook.com\\\/TiketiCom\\\/\"]}]}<\/script>\n<!-- \/ Yoast SEO plugin. -->","yoast_head_json":{"title":"Big Tree Coaches R\u00e9servation en ligne, billets de bus, itin\u00e9raires et tarifs - Tiketi.com","description":"Vous recherchez une r\u00e9servation en ligne pour Big Tree Coaches ? R\u00e9servez d\u00e8s maintenant votre billet de bus Big Tree en ligne et \u00e9conomisez du temps et de l&#039;argent !","robots":{"index":"index","follow":"follow","max-snippet":"max-snippet:-1","max-image-preview":"max-image-preview:large","max-video-preview":"max-video-preview:-1"},"canonical":"https:\/\/tiketi.com\/fr-fr\/companies\/buses\/big-tree-coaches\/","og_locale":"fr_FR","og_type":"article","og_title":"Big Tree Coaches Online Booking, Bus Tickets, Routes & Fares - Tiketi.com","og_description":"Looking for Big Tree Coaches online booking? Make a Big Tree bus online ticket booking online now and save time and money!","og_url":"https:\/\/tiketi.com\/fr-fr\/companies\/buses\/big-tree-coaches\/","og_site_name":"Tiketi.com","article_publisher":"https:\/\/www.facebook.com\/TiketiCom\/","article_modified_time":"2024-11-08T17:57:57+00:00","og_image":[{"width":1200,"height":206,"url":"https:\/\/tiketi.com\/wp-content\/uploads\/2022\/01\/bus-ticket-online-booking.jpg","type":"image\/jpeg"}],"twitter_card":"summary_large_image","twitter_misc":{"Dur\u00e9e de lecture estim\u00e9e":"2 minutes"},"schema":{"@context":"https:\/\/schema.org","@graph":[{"@type":"WebPage","@id":"https:\/\/tiketi.com\/companies\/buses\/big-tree-coaches\/","url":"https:\/\/tiketi.com\/companies\/buses\/big-tree-coaches\/","name":"Big Tree Coaches R\u00e9servation en ligne, billets de bus, itin\u00e9raires et tarifs - Tiketi.com","isPartOf":{"@id":"https:\/\/tiketi.com\/#website"},"primaryImageOfPage":{"@id":"https:\/\/tiketi.com\/companies\/buses\/big-tree-coaches\/#primaryimage"},"image":{"@id":"https:\/\/tiketi.com\/companies\/buses\/big-tree-coaches\/#primaryimage"},"thumbnailUrl":"https:\/\/tiketi.com\/wp-content\/uploads\/2022\/01\/bus-ticket-online-booking.jpg","datePublished":"2023-12-20T17:07:19+00:00","dateModified":"2024-11-08T17:57:57+00:00","description":"Vous recherchez une r\u00e9servation en ligne pour Big Tree Coaches ? R\u00e9servez d\u00e8s maintenant votre billet de bus Big Tree en ligne et \u00e9conomisez du temps et de l&#039;argent !","breadcrumb":{"@id":"https:\/\/tiketi.com\/companies\/buses\/big-tree-coaches\/#breadcrumb"},"inLanguage":"fr-FR","potentialAction":[{"@type":"ReadAction","target":["https:\/\/tiketi.com\/companies\/buses\/big-tree-coaches\/"]}]},{"@type":"ImageObject","inLanguage":"fr-FR","@id":"https:\/\/tiketi.com\/companies\/buses\/big-tree-coaches\/#primaryimage","url":"https:\/\/tiketi.com\/wp-content\/uploads\/2022\/01\/bus-ticket-online-booking.jpg","contentUrl":"https:\/\/tiketi.com\/wp-content\/uploads\/2022\/01\/bus-ticket-online-booking.jpg","width":1200,"height":206,"caption":"Online Bus Ticket Booking"},{"@type":"BreadcrumbList","@id":"https:\/\/tiketi.com\/companies\/buses\/big-tree-coaches\/#breadcrumb","itemListElement":[{"@type":"ListItem","position":1,"name":"Home","item":"https:\/\/tiketi.com\/"},{"@type":"ListItem","position":2,"name":"Companies","item":"https:\/\/tiketi.com\/companies\/"},{"@type":"ListItem","position":3,"name":"Buses","item":"https:\/\/tiketi.com\/companies\/buses\/"},{"@type":"ListItem","position":4,"name":"Big Tree Coaches Online Booking, Bus Tickets, Routes &#038; Fares"}]},{"@type":"WebSite","@id":"https:\/\/tiketi.com\/#website","url":"https:\/\/tiketi.com\/","name":"Billets d&#039;avion et de bus, forfaits touristiques et activit\u00e9s - Tiketi.com","description":"Billets d&#039;avion et de bus, Tours, Activit\u00e9s","publisher":{"@id":"https:\/\/tiketi.com\/#organization"},"potentialAction":[{"@type":"SearchAction","target":{"@type":"EntryPoint","urlTemplate":"https:\/\/tiketi.com\/?s={search_term_string}"},"query-input":{"@type":"PropertyValueSpecification","valueRequired":true,"valueName":"search_term_string"}}],"inLanguage":"fr-FR"},{"@type":"Organization","@id":"https:\/\/tiketi.com\/#organization","name":"Tiketi.com","alternateName":"Tiketi","url":"https:\/\/tiketi.com\/","logo":{"@type":"ImageObject","inLanguage":"fr-FR","@id":"https:\/\/tiketi.com\/#\/schema\/logo\/image\/","url":"https:\/\/tiketi.com\/wp-content\/uploads\/2019\/05\/tiketi-logo-696.png","contentUrl":"https:\/\/tiketi.com\/wp-content\/uploads\/2019\/05\/tiketi-logo-696.png","width":696,"height":696,"caption":"Tiketi.com"},"image":{"@id":"https:\/\/tiketi.com\/#\/schema\/logo\/image\/"},"sameAs":["https:\/\/www.facebook.com\/TiketiCom\/"]}]}},"_links":{"self":[{"href":"https:\/\/tiketi.com\/fr-fr\/wp-json\/wp\/v2\/pages\/30191","targetHints":{"allow":["GET"]}}],"collection":[{"href":"https:\/\/tiketi.com\/fr-fr\/wp-json\/wp\/v2\/pages"}],"about":[{"href":"https:\/\/tiketi.com\/fr-fr\/wp-json\/wp\/v2\/types\/page"}],"author":[{"embeddable":true,"href":"https:\/\/tiketi.com\/fr-fr\/wp-json\/wp\/v2\/users\/1"}],"replies":[{"embeddable":true,"href":"https:\/\/tiketi.com\/fr-fr\/wp-json\/wp\/v2\/comments?post=30191"}],"version-history":[{"count":1,"href":"https:\/\/tiketi.com\/fr-fr\/wp-json\/wp\/v2\/pages\/30191\/revisions"}],"predecessor-version":[{"id":31129,"href":"https:\/\/tiketi.com\/fr-fr\/wp-json\/wp\/v2\/pages\/30191\/revisions\/31129"}],"up":[{"embeddable":true,"href":"https:\/\/tiketi.com\/fr-fr\/wp-json\/wp\/v2\/pages\/25524"}],"wp:featuredmedia":[{"embeddable":true,"href":"https:\/\/tiketi.com\/fr-fr\/wp-json\/wp\/v2\/media\/13999"}],"wp:attachment":[{"href":"https:\/\/tiketi.com\/fr-fr\/wp-json\/wp\/v2\/media?parent=30191"}],"curies":[{"name":"wp","href":"https:\/\/api.w.org\/{rel}","templated":true}]}}