{"id":30192,"date":"2023-12-20T18:24:57","date_gmt":"2023-12-20T17:24:57","guid":{"rendered":"https:\/\/tiketi.com\/?page_id=30192"},"modified":"2025-08-02T13:52:22","modified_gmt":"2025-08-02T12:52:22","slug":"super-feo-bus","status":"publish","type":"page","link":"https:\/\/tiketi.com\/fr-fr\/companies\/buses\/super-feo-bus\/","title":{"rendered":"R\u00e9servation en ligne de bus Super Feo, billets de bus, itin\u00e9raires et tarifs"},"content":{"rendered":"<h2 class=\"wp-block-heading\">R\u00e9servation de billets en ligne pour le bus Super Feo<\/h2>\r\n\r\n\r\n\r\n<h3 class=\"wp-block-heading\">D\u00e9couvrez votre itin\u00e9raire sur le Web, sur votre mobile ou sur une application et r\u00e9servez en ligne des billets Super Feo Bus pas chers.<\/h3>\r\n\r\n\r\n\r\n<p>La r\u00e9servation en ligne de Super Feo Bus est simplifi\u00e9e. Super Feo bus est une soci\u00e9t\u00e9 de bus interurbains de services aux passagers bas\u00e9e dans la r\u00e9gion de Songea, dans le sud de la Tanzanie. Alors faites la r\u00e9servation de billets en ligne Super Feo Bus d\u00e8s maintenant !<\/p>\r\n\r\n\r\n\r\n<h2 class=\"wp-block-heading\">R\u00e9servation en ligne de bus Super Feo, billets de bus, itin\u00e9raires et tarifs\u00a0: FAQ<\/h2>\r\n\r\n\r\n\r\n<h3 class=\"wp-block-heading\">Quels sont les itin\u00e9raires de bus Super Feo Bus ?<\/h3>\r\n\r\n\r\n\r\n<p>Songea \u00e0 Njombe<br \/>Masasi \u00e0 Iringa via Songea<br \/>Mbinga \u00e0 Mbeya<br \/>Mbinga \u00e0 Njombe<br \/>De Songea \u00e0 Mbinga<br \/>Songea \u00e0 Dodoma via Iringa<br \/>Tunduru \u00e0 Mbeya<br \/>Songea \u00e0 Dar es Salaam via Morogoro<br \/>Songea \u00e0 Dar es Salaam via Lindi<br \/>Mbinga \u00e0 Dar es Salaam<br \/>De Song\u00e9a \u00e0 Iringa<br \/>Songea \u00e0 Mbeya<\/p>\r\n\r\n\r\n\r\n<h3>Ligne de flotte express Super Feo<\/h3>\r\n<p>Autrefois, avant l&#039;invasion chinoise de l&#039;industrie des transports en Tanzanie, l&#039;entreprise utilisait des mod\u00e8les de bus Nissan et Scania avec une carrosserie assembl\u00e9e au Kenya. Mais ces derni\u00e8res ann\u00e9es, ils ont connu une grande innovation en r\u00e9investissant dans des mod\u00e8les de bus chinois. L&#039;entreprise poss\u00e8de et g\u00e8re d\u00e9sormais des bus Yutong et Chinese Higer, tous ces bus sont de nouveaux mod\u00e8les avec une conception personnalis\u00e9e. Ils comprenaient \u00e9galement des bus Scania Marcopolo de la s\u00e9rie G7.<\/p>\r\n<h3>Ligne de service express Super Feo<\/h3>\r\n<p>Le bus Super Feo offre des services de transport de passagers de la r\u00e9gion de Ruvuma vers d&#039;autres parties ou zones de Tanzanie. Ils ont un d\u00e9part quotidien le matin dans toutes les zones et leurs clients peuvent b\u00e9n\u00e9ficier de l&#039;aide de leurs agents.<\/p>\r\n<h3>Quelles sont les coordonn\u00e9es du bureau de r\u00e9servation de bus et de colis Super Feo ?<\/h3>\r\n\r\n\r\n\r\n<p>Super Feo Bus PO Box 301, Ruvuma<\/p>\r\n\r\n\r\n\r\n<h2 class=\"wp-block-heading\">Conseils pour la r\u00e9servation de billets en ligne du bus Super Feo<\/h2>\r\n<p>Ils sont dans le secteur du transport depuis plus de vingt ans et ont r\u00e9ussi \u00e0 construire une meilleure marque parmi les clients habitu\u00e9s depuis toujours \u00e0 voyager dans la zone sud.<br \/>L&#039;entreprise fournit des services quotidiens de transfert de passagers vers diverses zones de <a href=\"https:\/\/tiketi.com\/fr-fr\/coaches\/tanzania-bus-tickets\/\" target=\"_blank\" rel=\"noopener\">Tanzanie<\/a> le d\u00e9p\u00f4t principal \u00e9tant \u00e0 Songea.<\/p>\r\n<p>Ils transf\u00e8rent leurs passagers vers la zone centrale, la capitale \u00e9conomique Dar es Salaam ainsi que vers les r\u00e9gions des Hautes Terres du Sud.<\/p>\r\n<p>Ils ont un d\u00e9part pr\u00e9vu le matin \u00e0 tous les terminaux avec un service de prise en charge \u00e0 certains endroits o\u00f9 leurs bus s&#039;arr\u00eataient auparavant ou l\u00e0 o\u00f9 les agents ont des bureaux.<\/p>\r\n<h2>Autres compagnies de bus populaires en Tanzanie<\/h2>\r\n<table border=\"0\" cellspacing=\"1\" cellpadding=\"1\">\r\n<tbody>\r\n<tr>\r\n<td>\r\n<ul>\r\n<li><a href=\"https:\/\/tiketi.com\/fr-fr\/companies\/buses\/bm-luxury-coach\/\" target=\"_blank\" rel=\"noopener\">R\u00e9servation d&#039;autocars BM<\/a><\/li>\r\n<\/ul>\r\n<\/td>\r\n<td style=\"width: 30px;\">\u00a0<\/td>\r\n<td>\r\n<ul>\r\n<li><a href=\"https:\/\/tiketi.com\/fr-fr\/companies\/buses\/kilimanjaro-express\/\" target=\"_blank\" rel=\"noopener\">R\u00e9servation du Kilimandjaro Express<\/a><\/li>\r\n<\/ul>\r\n<\/td>\r\n<td style=\"width: 30px;\">\u00a0<\/td>\r\n<td>\r\n<ul>\r\n<li><a href=\"https:\/\/tiketi.com\/fr-fr\/companies\/buses\/arusha-express\/\" target=\"_blank\" rel=\"noopener\">R\u00e9servation Arusha Express<\/a><\/li>\r\n<\/ul>\r\n<\/td>\r\n<\/tr>\r\n<tr>\r\n<td>\r\n<ul>\r\n<li><a href=\"https:\/\/tiketi.com\/fr-fr\/companies\/buses\/frester-buses\/\" target=\"_blank\" rel=\"noopener\">Frester Bus Booking<\/a><\/li>\r\n<\/ul>\r\n<\/td>\r\n<td style=\"width: 30px;\">\u00a0<\/td>\r\n<td>\r\n<ul>\r\n<li><a href=\"https:\/\/tiketi.com\/fr-fr\/companies\/buses\/happy-nation-express\/\" target=\"_blank\" rel=\"noopener\">R\u00e9servation Happy Nation Express<\/a><\/li>\r\n<\/ul>\r\n<\/td>\r\n<td style=\"width: 30px;\">\u00a0<\/td>\r\n<td>\r\n<ul>\r\n<li><a href=\"https:\/\/tiketi.com\/fr-fr\/companies\/buses\/esther-luxury-coach\/\" target=\"_blank\" rel=\"noopener\">R\u00e9servation d&#039;autocars de luxe Esther<\/a><\/li>\r\n<\/ul>\r\n<\/td>\r\n<\/tr>\r\n<tr>\r\n<td>\r\n<ul>\r\n<li><a href=\"https:\/\/tiketi.com\/fr-fr\/companies\/buses\/shabiby-line\/\" target=\"_blank\" rel=\"noopener\">R\u00e9servation de bus Shabiby Line<\/a><\/li>\r\n<\/ul>\r\n<\/td>\r\n<td style=\"width: 30px;\">\u00a0<\/td>\r\n<td>\r\n<ul>\r\n<li><a href=\"https:\/\/tiketi.com\/fr-fr\/companies\/buses\/satco-express\/\" target=\"_blank\" rel=\"noopener\">R\u00e9servation de bus Satco<\/a><\/li>\r\n<\/ul>\r\n<\/td>\r\n<td style=\"width: 30px;\">\u00a0<\/td>\r\n<td>\r\n<ul>\r\n<li><a href=\"https:\/\/tiketi.com\/fr-fr\/companies\/buses\/abc-autobus-de-classe-superieur\/\" target=\"_blank\" rel=\"noopener\">R\u00e9servation de bus ABC Upper Class<\/a><\/li>\r\n<\/ul>\r\n<\/td>\r\n<\/tr>\r\n<\/tbody>\r\n<\/table>\r\n<p>&nbsp;<\/p>\r\n<p>&nbsp;<\/p>","protected":false},"excerpt":{"rendered":"<p>Super Feo Bus Online Ticket Booking Discover your travel route on web, mobile or app and book cheap Super Feo Bus tickets online. Super Feo Bus online booking made easy. Super Feo bus is a passenger services intercity bus firm based in Songea area, the southern part of Tanzania. So do Super Feo Bus online [&hellip;]<\/p>\n","protected":false},"author":1,"featured_media":13999,"parent":25524,"menu_order":0,"comment_status":"closed","ping_status":"closed","template":"template-home-modern.php","meta":{"footnotes":""},"class_list":["post-30192","page","type-page","status-publish","has-post-thumbnail","hentry"],"yoast_head":"<!-- This site is optimized with the Yoast SEO plugin v27.3 - https:\/\/yoast.com\/product\/yoast-seo-wordpress\/ -->\n<title>Super Feo Bus Online Booking, Bus Tickets, Routes &amp; Fares - Tiketi.com<\/title>\n<meta name=\"description\" content=\"Looking for Super Feo Bus online booking? Make a Super Feo online bus ticket booking online now and save time and money!\" \/>\n<meta name=\"robots\" content=\"index, follow, max-snippet:-1, max-image-preview:large, max-video-preview:-1\" \/>\n<link rel=\"canonical\" href=\"https:\/\/tiketi.com\/fr-fr\/companies\/buses\/super-feo-bus\/\" \/>\n<meta property=\"og:locale\" content=\"fr_FR\" \/>\n<meta property=\"og:type\" content=\"article\" \/>\n<meta property=\"og:title\" content=\"Super Feo Bus Online Booking, Bus Tickets, Routes &amp; Fares - Tiketi.com\" \/>\n<meta property=\"og:description\" content=\"Looking for Super Feo Bus online booking? Make a Super Feo online bus ticket booking online now and save time and money!\" \/>\n<meta property=\"og:url\" content=\"https:\/\/tiketi.com\/fr-fr\/companies\/buses\/super-feo-bus\/\" \/>\n<meta property=\"og:site_name\" content=\"Tiketi.com\" \/>\n<meta property=\"article:publisher\" content=\"https:\/\/www.facebook.com\/TiketiCom\/\" \/>\n<meta property=\"article:modified_time\" content=\"2025-08-02T12:52:22+00:00\" \/>\n<meta property=\"og:image\" content=\"https:\/\/tiketi.com\/wp-content\/uploads\/2022\/01\/bus-ticket-online-booking.jpg\" \/>\n\t<meta property=\"og:image:width\" content=\"1200\" \/>\n\t<meta property=\"og:image:height\" content=\"206\" \/>\n\t<meta property=\"og:image:type\" content=\"image\/jpeg\" \/>\n<meta name=\"twitter:card\" content=\"summary_large_image\" \/>\n<meta name=\"twitter:label1\" content=\"Dur\u00e9e de lecture estim\u00e9e\" \/>\n\t<meta name=\"twitter:data1\" content=\"3 minutes\" \/>\n<script type=\"application\/ld+json\" class=\"yoast-schema-graph\">{\"@context\":\"https:\\\/\\\/schema.org\",\"@graph\":[{\"@type\":\"WebPage\",\"@id\":\"https:\\\/\\\/tiketi.com\\\/companies\\\/buses\\\/super-feo-bus\\\/\",\"url\":\"https:\\\/\\\/tiketi.com\\\/companies\\\/buses\\\/super-feo-bus\\\/\",\"name\":\"Super Feo Bus Online Booking, Bus Tickets, Routes &amp; Fares - Tiketi.com\",\"isPartOf\":{\"@id\":\"https:\\\/\\\/tiketi.com\\\/#website\"},\"primaryImageOfPage\":{\"@id\":\"https:\\\/\\\/tiketi.com\\\/companies\\\/buses\\\/super-feo-bus\\\/#primaryimage\"},\"image\":{\"@id\":\"https:\\\/\\\/tiketi.com\\\/companies\\\/buses\\\/super-feo-bus\\\/#primaryimage\"},\"thumbnailUrl\":\"https:\\\/\\\/tiketi.com\\\/wp-content\\\/uploads\\\/2022\\\/01\\\/bus-ticket-online-booking.jpg\",\"datePublished\":\"2023-12-20T17:24:57+00:00\",\"dateModified\":\"2025-08-02T12:52:22+00:00\",\"description\":\"Looking for Super Feo Bus online booking? Make a Super Feo online bus ticket booking online now and save time and money!\",\"breadcrumb\":{\"@id\":\"https:\\\/\\\/tiketi.com\\\/companies\\\/buses\\\/super-feo-bus\\\/#breadcrumb\"},\"inLanguage\":\"fr-FR\",\"potentialAction\":[{\"@type\":\"ReadAction\",\"target\":[\"https:\\\/\\\/tiketi.com\\\/companies\\\/buses\\\/super-feo-bus\\\/\"]}]},{\"@type\":\"ImageObject\",\"inLanguage\":\"fr-FR\",\"@id\":\"https:\\\/\\\/tiketi.com\\\/companies\\\/buses\\\/super-feo-bus\\\/#primaryimage\",\"url\":\"https:\\\/\\\/tiketi.com\\\/wp-content\\\/uploads\\\/2022\\\/01\\\/bus-ticket-online-booking.jpg\",\"contentUrl\":\"https:\\\/\\\/tiketi.com\\\/wp-content\\\/uploads\\\/2022\\\/01\\\/bus-ticket-online-booking.jpg\",\"width\":1200,\"height\":206,\"caption\":\"Online Bus Ticket Booking\"},{\"@type\":\"BreadcrumbList\",\"@id\":\"https:\\\/\\\/tiketi.com\\\/companies\\\/buses\\\/super-feo-bus\\\/#breadcrumb\",\"itemListElement\":[{\"@type\":\"ListItem\",\"position\":1,\"name\":\"Home\",\"item\":\"https:\\\/\\\/tiketi.com\\\/\"},{\"@type\":\"ListItem\",\"position\":2,\"name\":\"Companies\",\"item\":\"https:\\\/\\\/tiketi.com\\\/companies\\\/\"},{\"@type\":\"ListItem\",\"position\":3,\"name\":\"Buses\",\"item\":\"https:\\\/\\\/tiketi.com\\\/companies\\\/buses\\\/\"},{\"@type\":\"ListItem\",\"position\":4,\"name\":\"Super Feo Bus Online Booking, Bus Tickets, Routes &amp; Fares\"}]},{\"@type\":\"WebSite\",\"@id\":\"https:\\\/\\\/tiketi.com\\\/#website\",\"url\":\"https:\\\/\\\/tiketi.com\\\/\",\"name\":\"Flight & Bus Tickets, Tour Packages & Activitites - Tiketi.com\",\"description\":\"Flight &amp; Bus Tickets, Tours, Activitites\",\"publisher\":{\"@id\":\"https:\\\/\\\/tiketi.com\\\/#organization\"},\"potentialAction\":[{\"@type\":\"SearchAction\",\"target\":{\"@type\":\"EntryPoint\",\"urlTemplate\":\"https:\\\/\\\/tiketi.com\\\/?s={search_term_string}\"},\"query-input\":{\"@type\":\"PropertyValueSpecification\",\"valueRequired\":true,\"valueName\":\"search_term_string\"}}],\"inLanguage\":\"fr-FR\"},{\"@type\":\"Organization\",\"@id\":\"https:\\\/\\\/tiketi.com\\\/#organization\",\"name\":\"Tiketi.com\",\"alternateName\":\"Tiketi\",\"url\":\"https:\\\/\\\/tiketi.com\\\/\",\"logo\":{\"@type\":\"ImageObject\",\"inLanguage\":\"fr-FR\",\"@id\":\"https:\\\/\\\/tiketi.com\\\/#\\\/schema\\\/logo\\\/image\\\/\",\"url\":\"https:\\\/\\\/tiketi.com\\\/wp-content\\\/uploads\\\/2019\\\/05\\\/tiketi-logo-696.png\",\"contentUrl\":\"https:\\\/\\\/tiketi.com\\\/wp-content\\\/uploads\\\/2019\\\/05\\\/tiketi-logo-696.png\",\"width\":696,\"height\":696,\"caption\":\"Tiketi.com\"},\"image\":{\"@id\":\"https:\\\/\\\/tiketi.com\\\/#\\\/schema\\\/logo\\\/image\\\/\"},\"sameAs\":[\"https:\\\/\\\/www.facebook.com\\\/TiketiCom\\\/\"]}]}<\/script>\n<!-- \/ Yoast SEO plugin. -->","yoast_head_json":{"title":"R\u00e9servation en ligne du bus Super Feo, billets de bus, itin\u00e9raires et tarifs - Tiketi.com","description":"Vous recherchez une r\u00e9servation en ligne pour Super Feo Bus ? R\u00e9servez d\u00e8s maintenant votre billet de bus Super Feo en ligne et \u00e9conomisez du temps et de l&#039;argent !","robots":{"index":"index","follow":"follow","max-snippet":"max-snippet:-1","max-image-preview":"max-image-preview:large","max-video-preview":"max-video-preview:-1"},"canonical":"https:\/\/tiketi.com\/fr-fr\/companies\/buses\/super-feo-bus\/","og_locale":"fr_FR","og_type":"article","og_title":"Super Feo Bus Online Booking, Bus Tickets, Routes &amp; Fares - Tiketi.com","og_description":"Looking for Super Feo Bus online booking? Make a Super Feo online bus ticket booking online now and save time and money!","og_url":"https:\/\/tiketi.com\/fr-fr\/companies\/buses\/super-feo-bus\/","og_site_name":"Tiketi.com","article_publisher":"https:\/\/www.facebook.com\/TiketiCom\/","article_modified_time":"2025-08-02T12:52:22+00:00","og_image":[{"width":1200,"height":206,"url":"https:\/\/tiketi.com\/wp-content\/uploads\/2022\/01\/bus-ticket-online-booking.jpg","type":"image\/jpeg"}],"twitter_card":"summary_large_image","twitter_misc":{"Dur\u00e9e de lecture estim\u00e9e":"3 minutes"},"schema":{"@context":"https:\/\/schema.org","@graph":[{"@type":"WebPage","@id":"https:\/\/tiketi.com\/companies\/buses\/super-feo-bus\/","url":"https:\/\/tiketi.com\/companies\/buses\/super-feo-bus\/","name":"R\u00e9servation en ligne du bus Super Feo, billets de bus, itin\u00e9raires et tarifs - Tiketi.com","isPartOf":{"@id":"https:\/\/tiketi.com\/#website"},"primaryImageOfPage":{"@id":"https:\/\/tiketi.com\/companies\/buses\/super-feo-bus\/#primaryimage"},"image":{"@id":"https:\/\/tiketi.com\/companies\/buses\/super-feo-bus\/#primaryimage"},"thumbnailUrl":"https:\/\/tiketi.com\/wp-content\/uploads\/2022\/01\/bus-ticket-online-booking.jpg","datePublished":"2023-12-20T17:24:57+00:00","dateModified":"2025-08-02T12:52:22+00:00","description":"Vous recherchez une r\u00e9servation en ligne pour Super Feo Bus ? R\u00e9servez d\u00e8s maintenant votre billet de bus Super Feo en ligne et \u00e9conomisez du temps et de l&#039;argent !","breadcrumb":{"@id":"https:\/\/tiketi.com\/companies\/buses\/super-feo-bus\/#breadcrumb"},"inLanguage":"fr-FR","potentialAction":[{"@type":"ReadAction","target":["https:\/\/tiketi.com\/companies\/buses\/super-feo-bus\/"]}]},{"@type":"ImageObject","inLanguage":"fr-FR","@id":"https:\/\/tiketi.com\/companies\/buses\/super-feo-bus\/#primaryimage","url":"https:\/\/tiketi.com\/wp-content\/uploads\/2022\/01\/bus-ticket-online-booking.jpg","contentUrl":"https:\/\/tiketi.com\/wp-content\/uploads\/2022\/01\/bus-ticket-online-booking.jpg","width":1200,"height":206,"caption":"Online Bus Ticket Booking"},{"@type":"BreadcrumbList","@id":"https:\/\/tiketi.com\/companies\/buses\/super-feo-bus\/#breadcrumb","itemListElement":[{"@type":"ListItem","position":1,"name":"Home","item":"https:\/\/tiketi.com\/"},{"@type":"ListItem","position":2,"name":"Companies","item":"https:\/\/tiketi.com\/companies\/"},{"@type":"ListItem","position":3,"name":"Buses","item":"https:\/\/tiketi.com\/companies\/buses\/"},{"@type":"ListItem","position":4,"name":"Super Feo Bus Online Booking, Bus Tickets, Routes &amp; Fares"}]},{"@type":"WebSite","@id":"https:\/\/tiketi.com\/#website","url":"https:\/\/tiketi.com\/","name":"Billets d&#039;avion et de bus, forfaits touristiques et activit\u00e9s - Tiketi.com","description":"Billets d&#039;avion et de bus, Tours, Activit\u00e9s","publisher":{"@id":"https:\/\/tiketi.com\/#organization"},"potentialAction":[{"@type":"SearchAction","target":{"@type":"EntryPoint","urlTemplate":"https:\/\/tiketi.com\/?s={search_term_string}"},"query-input":{"@type":"PropertyValueSpecification","valueRequired":true,"valueName":"search_term_string"}}],"inLanguage":"fr-FR"},{"@type":"Organization","@id":"https:\/\/tiketi.com\/#organization","name":"Tiketi.com","alternateName":"Tiketi","url":"https:\/\/tiketi.com\/","logo":{"@type":"ImageObject","inLanguage":"fr-FR","@id":"https:\/\/tiketi.com\/#\/schema\/logo\/image\/","url":"https:\/\/tiketi.com\/wp-content\/uploads\/2019\/05\/tiketi-logo-696.png","contentUrl":"https:\/\/tiketi.com\/wp-content\/uploads\/2019\/05\/tiketi-logo-696.png","width":696,"height":696,"caption":"Tiketi.com"},"image":{"@id":"https:\/\/tiketi.com\/#\/schema\/logo\/image\/"},"sameAs":["https:\/\/www.facebook.com\/TiketiCom\/"]}]}},"_links":{"self":[{"href":"https:\/\/tiketi.com\/fr-fr\/wp-json\/wp\/v2\/pages\/30192","targetHints":{"allow":["GET"]}}],"collection":[{"href":"https:\/\/tiketi.com\/fr-fr\/wp-json\/wp\/v2\/pages"}],"about":[{"href":"https:\/\/tiketi.com\/fr-fr\/wp-json\/wp\/v2\/types\/page"}],"author":[{"embeddable":true,"href":"https:\/\/tiketi.com\/fr-fr\/wp-json\/wp\/v2\/users\/1"}],"replies":[{"embeddable":true,"href":"https:\/\/tiketi.com\/fr-fr\/wp-json\/wp\/v2\/comments?post=30192"}],"version-history":[{"count":3,"href":"https:\/\/tiketi.com\/fr-fr\/wp-json\/wp\/v2\/pages\/30192\/revisions"}],"predecessor-version":[{"id":32301,"href":"https:\/\/tiketi.com\/fr-fr\/wp-json\/wp\/v2\/pages\/30192\/revisions\/32301"}],"up":[{"embeddable":true,"href":"https:\/\/tiketi.com\/fr-fr\/wp-json\/wp\/v2\/pages\/25524"}],"wp:featuredmedia":[{"embeddable":true,"href":"https:\/\/tiketi.com\/fr-fr\/wp-json\/wp\/v2\/media\/13999"}],"wp:attachment":[{"href":"https:\/\/tiketi.com\/fr-fr\/wp-json\/wp\/v2\/media?parent=30192"}],"curies":[{"name":"wp","href":"https:\/\/api.w.org\/{rel}","templated":true}]}}