{"id":30193,"date":"2023-12-20T18:43:41","date_gmt":"2023-12-20T17:43:41","guid":{"rendered":"https:\/\/tiketi.com\/?page_id=30193"},"modified":"2024-11-08T18:54:50","modified_gmt":"2024-11-08T17:54:50","slug":"carryboy-luxury-coaches","status":"publish","type":"page","link":"https:\/\/tiketi.com\/fr-fr\/companies\/buses\/carryboy-luxury-coaches\/","title":{"rendered":"Carryboy Luxury Coaches R\u00e9servation en ligne, billets de bus, itin\u00e9raire et tarifs"},"content":{"rendered":"<h2>Carryboy Luxury Coaches R\u00e9servation de billets de bus en ligne<code><\/code><\/h2>\r\n\r\n\r\n\r\n<h3 class=\"wp-block-heading\">D\u00e9couvrez votre itin\u00e9raire de voyage sur le Web, sur mobile ou sur une application et r\u00e9servez en ligne des billets Carryboy Luxury Coaches pas chers.<\/h3>\r\n\r\n\r\n\r\n<p>La r\u00e9servation en ligne des autocars de luxe Carryboy est facilit\u00e9e. Carryboy Luxury Coaches est une soci\u00e9t\u00e9 de bus enregistr\u00e9e en Afrique du Sud qui propose des voyages internationaux vers le pays voisin du Zimbabwe. Faites de m\u00eame avec la r\u00e9servation de billets de bus en ligne Carryboy Luxury Coaches d\u00e8s maintenant\u00a0!<\/p>\r\n\r\n\r\n\r\n<h2 class=\"wp-block-heading\">R\u00e9servation en ligne des autocars de luxe Carryboy, billets d&#039;autocar, itin\u00e9raires et tarifs FAQ<\/h2>\r\n\r\n\r\n\r\n<h3 class=\"wp-block-heading\">Quels sont les trajets en bus de Carryboy Luxury Coaches ?<\/h3>\r\n\r\n\r\n\r\n<p>Les autocars de luxe Carryboy circulent sur les itin\u00e9raires suivants : Bulawayo \u00e0 Johannesburg Tous les lundis, dimanches, jeudis et vendredis Johannesburg \u00e0 Bulawayo Tous les mercredis, mardis, samedis et vendredis.<\/p>\r\n<h3>Ligne de flotte d&#039;autocars de luxe Carryboy<\/h3>\r\n<p>L&#039;entreprise dispose de bus luxueux et modernes qui relient les villes de Bulawayo et de Johannesburg dans les deux pays. Tous ces \u00e9l\u00e9ments sont nouvellement achet\u00e9s aupr\u00e8s des fabricants. Leurs bus disposent d&#039;une couverture d&#039;assurance premium pour prot\u00e9ger les actifs de l&#039;entreprise ainsi que les clients en cas d&#039;\u00e9v\u00e9nements impr\u00e9vus. Cela augmente la valeur de la marque pour de nombreuses personnes. Tous les bus de la liste de la flotte sont dot\u00e9s d&#039;un design int\u00e9rieur de luxe et de fonctionnalit\u00e9s permettant d&#039;offrir \u00e0 leurs passagers des exp\u00e9riences de voyage sp\u00e9ciales.<\/p>\r\n<h3>Ligne de service d&#039;autocars de luxe Carryboy<\/h3>\r\n<p>They give daily bus transportation service from the business city of <a href=\"https:\/\/tiketi.com\/fr-fr\/cheap-bus-tickets-from-bulawayo-to-johannesburg\/\" target=\"_blank\" rel=\"noopener\">Johannesburg to Bulawayo<\/a> city and vice versa. The bus departs during the afternoon from bus station. Their booking offices are accessible at Power House Bus station in Renkini bus terminal in Bulawayo and Johannesburg terminal where you can get access to book your tickets. And below are some of those features and designs which accessible on Carryboy luxury coaches:<\/p>\r\n<p>\u2022 Arm rest on every seat for a relax travel<\/p>\r\n<p>\u2022 2 x 2 si\u00e8ges inclinables avec suffisamment d&#039;espace pour les jambes<\/p>\r\n<p>\u2022 Audiovisuel pour l&#039;annonce et le divertissement<\/p>\r\n<p>\u2022 Air condition with individual control panel<\/p>\r\n<h2>Quelles sont les coordonn\u00e9es du bureau de r\u00e9servation et de colis de Carryboy Luxury Coaches ?<\/h2>\r\n\r\n\r\n\r\n<p>Adresse : Station routi\u00e8re Powerhouse, 88 Simmonds St, Braamfontein, Johannesburg, 2000, Afrique du Sud Heures : Ouvert \u22c5 Ferme \u00e0 17h<\/p>\r\n\r\n\r\n\r\n<h2 class=\"wp-block-heading\">Conseils pour la r\u00e9servation de billets de bus en ligne Carryboy Luxury Coaches<\/h2>\r\n<p>L&#039;entreprise joue le r\u00f4le le plus important dans le mouvement des personnes et des colis entre les 2 pays et propose des prix tr\u00e8s abordables aux clients sur les routes. Ils offrent un voyage sans tracas en garantissant \u00e0 leurs clients la possibilit\u00e9 de r\u00e9server leurs billets pendant qu&#039;ils sont assis dans leurs locaux en proposant une option de r\u00e9servation en ligne via de nombreux portails de r\u00e9servation.<\/p>","protected":false},"excerpt":{"rendered":"<p>Carryboy Luxury Coaches Online Bus Ticket Booking Discover your travel route on web, mobile or app and book cheap Carryboy Luxury Coaches tickets online. Carryboy Luxury Coaches online booking made easy. Carryboy luxury coaches is a South African registered bus firm which provides international trips to the neighboring Zimbabwe country.\u00a0So do Carryboy Luxury Coaches online [&hellip;]<\/p>\n","protected":false},"author":1,"featured_media":13999,"parent":25524,"menu_order":0,"comment_status":"closed","ping_status":"closed","template":"template-home-modern.php","meta":{"footnotes":""},"class_list":["post-30193","page","type-page","status-publish","has-post-thumbnail","hentry"],"yoast_head":"<!-- This site is optimized with the Yoast SEO plugin v27.3 - https:\/\/yoast.com\/product\/yoast-seo-wordpress\/ -->\n<title>Carryboy Luxury Coaches Online Booking, Bus Tickets, Route &amp; Fare - Tiketi.com<\/title>\n<meta name=\"description\" content=\"Looking for Carryboy Luxury Coaches online booking? Make a Carryboy Luxury Coaches online bus ticket booking online now and save time and money!\" \/>\n<meta name=\"robots\" content=\"index, follow, max-snippet:-1, max-image-preview:large, max-video-preview:-1\" \/>\n<link rel=\"canonical\" href=\"https:\/\/tiketi.com\/fr-fr\/companies\/buses\/carryboy-luxury-coaches\/\" \/>\n<meta property=\"og:locale\" content=\"fr_FR\" \/>\n<meta property=\"og:type\" content=\"article\" \/>\n<meta property=\"og:title\" content=\"Carryboy Luxury Coaches Online Booking, Bus Tickets, Route &amp; Fare - Tiketi.com\" \/>\n<meta property=\"og:description\" content=\"Looking for Carryboy Luxury Coaches online booking? Make a Carryboy Luxury Coaches online bus ticket booking online now and save time and money!\" \/>\n<meta property=\"og:url\" content=\"https:\/\/tiketi.com\/fr-fr\/companies\/buses\/carryboy-luxury-coaches\/\" \/>\n<meta property=\"og:site_name\" content=\"Tiketi.com\" \/>\n<meta property=\"article:publisher\" content=\"https:\/\/www.facebook.com\/TiketiCom\/\" \/>\n<meta property=\"article:modified_time\" content=\"2024-11-08T17:54:50+00:00\" \/>\n<meta property=\"og:image\" content=\"https:\/\/tiketi.com\/wp-content\/uploads\/2022\/01\/bus-ticket-online-booking.jpg\" \/>\n\t<meta property=\"og:image:width\" content=\"1200\" \/>\n\t<meta property=\"og:image:height\" content=\"206\" \/>\n\t<meta property=\"og:image:type\" content=\"image\/jpeg\" \/>\n<meta name=\"twitter:card\" content=\"summary_large_image\" \/>\n<meta name=\"twitter:label1\" content=\"Dur\u00e9e de lecture estim\u00e9e\" \/>\n\t<meta name=\"twitter:data1\" content=\"2 minutes\" \/>\n<script type=\"application\/ld+json\" class=\"yoast-schema-graph\">{\"@context\":\"https:\\\/\\\/schema.org\",\"@graph\":[{\"@type\":\"WebPage\",\"@id\":\"https:\\\/\\\/tiketi.com\\\/companies\\\/buses\\\/carryboy-luxury-coaches\\\/\",\"url\":\"https:\\\/\\\/tiketi.com\\\/companies\\\/buses\\\/carryboy-luxury-coaches\\\/\",\"name\":\"Carryboy Luxury Coaches Online Booking, Bus Tickets, Route & Fare - Tiketi.com\",\"isPartOf\":{\"@id\":\"https:\\\/\\\/tiketi.com\\\/#website\"},\"primaryImageOfPage\":{\"@id\":\"https:\\\/\\\/tiketi.com\\\/companies\\\/buses\\\/carryboy-luxury-coaches\\\/#primaryimage\"},\"image\":{\"@id\":\"https:\\\/\\\/tiketi.com\\\/companies\\\/buses\\\/carryboy-luxury-coaches\\\/#primaryimage\"},\"thumbnailUrl\":\"https:\\\/\\\/tiketi.com\\\/wp-content\\\/uploads\\\/2022\\\/01\\\/bus-ticket-online-booking.jpg\",\"datePublished\":\"2023-12-20T17:43:41+00:00\",\"dateModified\":\"2024-11-08T17:54:50+00:00\",\"description\":\"Looking for Carryboy Luxury Coaches online booking? Make a Carryboy Luxury Coaches online bus ticket booking online now and save time and money!\",\"breadcrumb\":{\"@id\":\"https:\\\/\\\/tiketi.com\\\/companies\\\/buses\\\/carryboy-luxury-coaches\\\/#breadcrumb\"},\"inLanguage\":\"fr-FR\",\"potentialAction\":[{\"@type\":\"ReadAction\",\"target\":[\"https:\\\/\\\/tiketi.com\\\/companies\\\/buses\\\/carryboy-luxury-coaches\\\/\"]}]},{\"@type\":\"ImageObject\",\"inLanguage\":\"fr-FR\",\"@id\":\"https:\\\/\\\/tiketi.com\\\/companies\\\/buses\\\/carryboy-luxury-coaches\\\/#primaryimage\",\"url\":\"https:\\\/\\\/tiketi.com\\\/wp-content\\\/uploads\\\/2022\\\/01\\\/bus-ticket-online-booking.jpg\",\"contentUrl\":\"https:\\\/\\\/tiketi.com\\\/wp-content\\\/uploads\\\/2022\\\/01\\\/bus-ticket-online-booking.jpg\",\"width\":1200,\"height\":206,\"caption\":\"Online Bus Ticket Booking\"},{\"@type\":\"BreadcrumbList\",\"@id\":\"https:\\\/\\\/tiketi.com\\\/companies\\\/buses\\\/carryboy-luxury-coaches\\\/#breadcrumb\",\"itemListElement\":[{\"@type\":\"ListItem\",\"position\":1,\"name\":\"Home\",\"item\":\"https:\\\/\\\/tiketi.com\\\/\"},{\"@type\":\"ListItem\",\"position\":2,\"name\":\"Companies\",\"item\":\"https:\\\/\\\/tiketi.com\\\/companies\\\/\"},{\"@type\":\"ListItem\",\"position\":3,\"name\":\"Buses\",\"item\":\"https:\\\/\\\/tiketi.com\\\/companies\\\/buses\\\/\"},{\"@type\":\"ListItem\",\"position\":4,\"name\":\"Carryboy Luxury Coaches Online Booking, Bus Tickets, Route &#038; Fare\"}]},{\"@type\":\"WebSite\",\"@id\":\"https:\\\/\\\/tiketi.com\\\/#website\",\"url\":\"https:\\\/\\\/tiketi.com\\\/\",\"name\":\"Flight & Bus Tickets, Tour Packages & Activitites - Tiketi.com\",\"description\":\"Flight &amp; Bus Tickets, Tours, Activitites\",\"publisher\":{\"@id\":\"https:\\\/\\\/tiketi.com\\\/#organization\"},\"potentialAction\":[{\"@type\":\"SearchAction\",\"target\":{\"@type\":\"EntryPoint\",\"urlTemplate\":\"https:\\\/\\\/tiketi.com\\\/?s={search_term_string}\"},\"query-input\":{\"@type\":\"PropertyValueSpecification\",\"valueRequired\":true,\"valueName\":\"search_term_string\"}}],\"inLanguage\":\"fr-FR\"},{\"@type\":\"Organization\",\"@id\":\"https:\\\/\\\/tiketi.com\\\/#organization\",\"name\":\"Tiketi.com\",\"alternateName\":\"Tiketi\",\"url\":\"https:\\\/\\\/tiketi.com\\\/\",\"logo\":{\"@type\":\"ImageObject\",\"inLanguage\":\"fr-FR\",\"@id\":\"https:\\\/\\\/tiketi.com\\\/#\\\/schema\\\/logo\\\/image\\\/\",\"url\":\"https:\\\/\\\/tiketi.com\\\/wp-content\\\/uploads\\\/2019\\\/05\\\/tiketi-logo-696.png\",\"contentUrl\":\"https:\\\/\\\/tiketi.com\\\/wp-content\\\/uploads\\\/2019\\\/05\\\/tiketi-logo-696.png\",\"width\":696,\"height\":696,\"caption\":\"Tiketi.com\"},\"image\":{\"@id\":\"https:\\\/\\\/tiketi.com\\\/#\\\/schema\\\/logo\\\/image\\\/\"},\"sameAs\":[\"https:\\\/\\\/www.facebook.com\\\/TiketiCom\\\/\"]}]}<\/script>\n<!-- \/ Yoast SEO plugin. -->","yoast_head_json":{"title":"Carryboy Luxury Coaches R\u00e9servation en ligne, billets de bus, itin\u00e9raire et tarifs - Tiketi.com","description":"Vous recherchez une r\u00e9servation en ligne pour les autocars de luxe Carryboy ? Faites une r\u00e9servation de billet de bus en ligne Carryboy Luxury Coaches en ligne d\u00e8s maintenant et \u00e9conomisez du temps et de l&#039;argent !","robots":{"index":"index","follow":"follow","max-snippet":"max-snippet:-1","max-image-preview":"max-image-preview:large","max-video-preview":"max-video-preview:-1"},"canonical":"https:\/\/tiketi.com\/fr-fr\/companies\/buses\/carryboy-luxury-coaches\/","og_locale":"fr_FR","og_type":"article","og_title":"Carryboy Luxury Coaches Online Booking, Bus Tickets, Route & Fare - Tiketi.com","og_description":"Looking for Carryboy Luxury Coaches online booking? Make a Carryboy Luxury Coaches online bus ticket booking online now and save time and money!","og_url":"https:\/\/tiketi.com\/fr-fr\/companies\/buses\/carryboy-luxury-coaches\/","og_site_name":"Tiketi.com","article_publisher":"https:\/\/www.facebook.com\/TiketiCom\/","article_modified_time":"2024-11-08T17:54:50+00:00","og_image":[{"width":1200,"height":206,"url":"https:\/\/tiketi.com\/wp-content\/uploads\/2022\/01\/bus-ticket-online-booking.jpg","type":"image\/jpeg"}],"twitter_card":"summary_large_image","twitter_misc":{"Dur\u00e9e de lecture estim\u00e9e":"2 minutes"},"schema":{"@context":"https:\/\/schema.org","@graph":[{"@type":"WebPage","@id":"https:\/\/tiketi.com\/companies\/buses\/carryboy-luxury-coaches\/","url":"https:\/\/tiketi.com\/companies\/buses\/carryboy-luxury-coaches\/","name":"Carryboy Luxury Coaches R\u00e9servation en ligne, billets de bus, itin\u00e9raire et tarifs - Tiketi.com","isPartOf":{"@id":"https:\/\/tiketi.com\/#website"},"primaryImageOfPage":{"@id":"https:\/\/tiketi.com\/companies\/buses\/carryboy-luxury-coaches\/#primaryimage"},"image":{"@id":"https:\/\/tiketi.com\/companies\/buses\/carryboy-luxury-coaches\/#primaryimage"},"thumbnailUrl":"https:\/\/tiketi.com\/wp-content\/uploads\/2022\/01\/bus-ticket-online-booking.jpg","datePublished":"2023-12-20T17:43:41+00:00","dateModified":"2024-11-08T17:54:50+00:00","description":"Vous recherchez une r\u00e9servation en ligne pour les autocars de luxe Carryboy ? Faites une r\u00e9servation de billet de bus en ligne Carryboy Luxury Coaches en ligne d\u00e8s maintenant et \u00e9conomisez du temps et de l&#039;argent !","breadcrumb":{"@id":"https:\/\/tiketi.com\/companies\/buses\/carryboy-luxury-coaches\/#breadcrumb"},"inLanguage":"fr-FR","potentialAction":[{"@type":"ReadAction","target":["https:\/\/tiketi.com\/companies\/buses\/carryboy-luxury-coaches\/"]}]},{"@type":"ImageObject","inLanguage":"fr-FR","@id":"https:\/\/tiketi.com\/companies\/buses\/carryboy-luxury-coaches\/#primaryimage","url":"https:\/\/tiketi.com\/wp-content\/uploads\/2022\/01\/bus-ticket-online-booking.jpg","contentUrl":"https:\/\/tiketi.com\/wp-content\/uploads\/2022\/01\/bus-ticket-online-booking.jpg","width":1200,"height":206,"caption":"Online Bus Ticket Booking"},{"@type":"BreadcrumbList","@id":"https:\/\/tiketi.com\/companies\/buses\/carryboy-luxury-coaches\/#breadcrumb","itemListElement":[{"@type":"ListItem","position":1,"name":"Home","item":"https:\/\/tiketi.com\/"},{"@type":"ListItem","position":2,"name":"Companies","item":"https:\/\/tiketi.com\/companies\/"},{"@type":"ListItem","position":3,"name":"Buses","item":"https:\/\/tiketi.com\/companies\/buses\/"},{"@type":"ListItem","position":4,"name":"Carryboy Luxury Coaches Online Booking, Bus Tickets, Route &#038; Fare"}]},{"@type":"WebSite","@id":"https:\/\/tiketi.com\/#website","url":"https:\/\/tiketi.com\/","name":"Billets d&#039;avion et de bus, forfaits touristiques et activit\u00e9s - Tiketi.com","description":"Billets d&#039;avion et de bus, Tours, Activit\u00e9s","publisher":{"@id":"https:\/\/tiketi.com\/#organization"},"potentialAction":[{"@type":"SearchAction","target":{"@type":"EntryPoint","urlTemplate":"https:\/\/tiketi.com\/?s={search_term_string}"},"query-input":{"@type":"PropertyValueSpecification","valueRequired":true,"valueName":"search_term_string"}}],"inLanguage":"fr-FR"},{"@type":"Organization","@id":"https:\/\/tiketi.com\/#organization","name":"Tiketi.com","alternateName":"Tiketi","url":"https:\/\/tiketi.com\/","logo":{"@type":"ImageObject","inLanguage":"fr-FR","@id":"https:\/\/tiketi.com\/#\/schema\/logo\/image\/","url":"https:\/\/tiketi.com\/wp-content\/uploads\/2019\/05\/tiketi-logo-696.png","contentUrl":"https:\/\/tiketi.com\/wp-content\/uploads\/2019\/05\/tiketi-logo-696.png","width":696,"height":696,"caption":"Tiketi.com"},"image":{"@id":"https:\/\/tiketi.com\/#\/schema\/logo\/image\/"},"sameAs":["https:\/\/www.facebook.com\/TiketiCom\/"]}]}},"_links":{"self":[{"href":"https:\/\/tiketi.com\/fr-fr\/wp-json\/wp\/v2\/pages\/30193","targetHints":{"allow":["GET"]}}],"collection":[{"href":"https:\/\/tiketi.com\/fr-fr\/wp-json\/wp\/v2\/pages"}],"about":[{"href":"https:\/\/tiketi.com\/fr-fr\/wp-json\/wp\/v2\/types\/page"}],"author":[{"embeddable":true,"href":"https:\/\/tiketi.com\/fr-fr\/wp-json\/wp\/v2\/users\/1"}],"replies":[{"embeddable":true,"href":"https:\/\/tiketi.com\/fr-fr\/wp-json\/wp\/v2\/comments?post=30193"}],"version-history":[{"count":1,"href":"https:\/\/tiketi.com\/fr-fr\/wp-json\/wp\/v2\/pages\/30193\/revisions"}],"predecessor-version":[{"id":31127,"href":"https:\/\/tiketi.com\/fr-fr\/wp-json\/wp\/v2\/pages\/30193\/revisions\/31127"}],"up":[{"embeddable":true,"href":"https:\/\/tiketi.com\/fr-fr\/wp-json\/wp\/v2\/pages\/25524"}],"wp:featuredmedia":[{"embeddable":true,"href":"https:\/\/tiketi.com\/fr-fr\/wp-json\/wp\/v2\/media\/13999"}],"wp:attachment":[{"href":"https:\/\/tiketi.com\/fr-fr\/wp-json\/wp\/v2\/media?parent=30193"}],"curies":[{"name":"wp","href":"https:\/\/api.w.org\/{rel}","templated":true}]}}