{"id":30224,"date":"2023-12-21T11:15:09","date_gmt":"2023-12-21T10:15:09","guid":{"rendered":"https:\/\/tiketi.com\/?page_id=30224"},"modified":"2024-11-08T18:46:40","modified_gmt":"2024-11-08T17:46:40","slug":"jonda-bus","status":"publish","type":"page","link":"https:\/\/tiketi.com\/fr-fr\/companies\/buses\/jonda-bus\/","title":{"rendered":"R\u00e9servation en ligne de bus Jonda, billets de bus, itin\u00e9raires et tarifs"},"content":{"rendered":"<h2>R\u00e9servation de billets de bus en ligne Jonda pas cher<code><\/code><\/h2>\r\n\r\n\r\n\r\n<h3 class=\"wp-block-heading\">D\u00e9couvrez votre itin\u00e9raire sur le Web, sur votre mobile ou sur une application et r\u00e9servez des billets de bus Jonda pas chers en ligne.<\/h3>\r\n\r\n\r\n\r\n<p>Jonda bus online booking made easy. Jonda bus tours give a daily scheduled passenger transport services in Lusaka and Zambia to other cities and towns within the country. They also have a cross boarder transport services from Lusaka to Kitwe Zambia and Lilongwe Malawi to Johannesburg South Africa.\u00a0So do Jonda online bus ticket booking now!<\/p>\r\n\r\n\r\n\r\n<h2 class=\"wp-block-heading\">Jonda bus Online Booking, Coach Bus Tickets, Routes &amp; Fares\u00a0FAQs<\/h2>\r\n\r\n\r\n\r\n<h3 class=\"wp-block-heading\">What are\u00a0the Jonda bus\u00a0bus routes?<\/h3>\r\n\r\n\r\n\r\n<p>Cipata \u00e0 Lusaka<br \/>1er Bus&gt; 05h00<br \/>2\u00e8me bus&gt; 06h00<br \/>3\u00e8me Bus&gt; 07h00<\/p>\r\n<p>Chipata \u00e0 Mfuwe<br \/>1 Bus&gt; 13h00<\/p>\r\n<p>Lusaka \u00e0 Chipata<br \/>1er Bus&gt; 05h00<br \/>2\u00e8me bus&gt; 06h00<br \/>3\u00e8me Bus&gt; 10h00<\/p>\r\n<h3>Ligne de flotte de visites en bus Jonda<\/h3>\r\n<p><span style=\"font-size: revert; color: initial;\">L&#039;entreprise dispose d&#039;une nouvelle flotte de si\u00e8ges de diff\u00e9rentes places, tous \u00e9tant des mod\u00e8les de bus Scania avec des carrosseries bien personnalis\u00e9es des marques Irizar et Marcopolo.<\/span><\/p>\r\n<p>Toute leur flotte effectue un entretien programm\u00e9 pour les maintenir en forme pour leurs voyages pr\u00e9vus \u00e0 l&#039;int\u00e9rieur et \u00e0 l&#039;ext\u00e9rieur de la Zambie.<br \/>Leurs bus disposent de si\u00e8ges inclinables avec suffisamment d&#039;espace pour les jambes pour vous offrir un voyage calme et agr\u00e9able.<\/p>\r\n<p><span style=\"font-size: revert; color: initial;\">Certains de leurs bus disposent d&#039;un syst\u00e8me de recharge USB sur chaque si\u00e8ge pour vous permettre d&#039;alimenter vos smartphones.<\/span><\/p>\r\n<p>Tous les nouveaux autocars de Jondabus disposent d&#039;une grande t\u00e9l\u00e9vision \u00e0 \u00e9cran plasma destin\u00e9e \u00e0 vous offrir de nouveaux divertissements comme de la musique, des s\u00e9ries et des films. N&#039;oubliez pas que leurs bus sont \u00e9galement \u00e9quip\u00e9s du meilleur syst\u00e8me audio pour que vous puissiez profiter de la meilleure musique.<\/p>\r\n\r\n\r\n\r\n<h3>Ligne de service de transport Jonda<\/h3>\r\n<p>Leur objectif principal est le transport de passagers dans les zones de la SADC depuis la Zambie, pays m\u00e8re.<\/p>\r\n<p>Ils ont un d\u00e9part quotidien pour les routes de la Zambie et un d\u00e9part journalier sp\u00e9cifique pour le Malawi et l&#039;Afrique du Sud \u00e9galement.<\/p>\r\n<p>Apart from passenger transport services, Jonda bus also give parcel transportation services within\u00a0popular <a href=\"https:\/\/tiketi.com\/fr-fr\/destinations\/zambia\/\" target=\"_blank\" rel=\"noopener\">holiday destinations in Zambia<\/a> and towns to Malawi and South Africa. Their buses have a bulk luggage carrier.<\/p>\r\n\r\n\r\n\r\n<h3>Quelles sont les coordonn\u00e9es du bureau de r\u00e9servation de bus et de colis de Jonda ?<\/h3>\r\n\r\n\r\n\r\n<p>9J9W+4P6, Chipata, Zambie<\/p>\r\n\r\n\r\n\r\n<h2 class=\"wp-block-heading\">Conseils pour la r\u00e9servation de billets de bus en ligne Jonda<\/h2>\r\n<p>Jonda est la meilleure entreprise de services de bus en ce qui concerne plusieurs des meilleures r\u00e9putations de ses clients.<\/p>\r\n<p>Ils disposent d&#039;un personnel expert bien form\u00e9 qui travaille main dans la main avec leur direction pour garantir que vous b\u00e9n\u00e9ficiez des meilleurs services de l&#039;entreprise.<\/p>","protected":false},"excerpt":{"rendered":"<p>Cheap Jonda Online Bus Ticket Booking Discover your travel route on web, mobile or app and book cheap Jonda bus tickets online. Jonda bus online booking made easy. Jonda bus tours give a daily scheduled passenger transport services in Lusaka and Zambia to other cities and towns within the country. They also have a cross [&hellip;]<\/p>\n","protected":false},"author":1,"featured_media":13999,"parent":25524,"menu_order":0,"comment_status":"closed","ping_status":"closed","template":"template-home-modern.php","meta":{"footnotes":""},"class_list":["post-30224","page","type-page","status-publish","has-post-thumbnail","hentry"],"yoast_head":"<!-- This site is optimized with the Yoast SEO plugin v27.3 - https:\/\/yoast.com\/product\/yoast-seo-wordpress\/ -->\n<title>Jonda Bus Online Booking, Coach Bus Tickets, Routes &amp; Fares - Tiketi.com<\/title>\n<meta name=\"description\" content=\"Looking for Jonda Bus online booking? Make a Jonda online bus ticket booking online now and save time and money!\" \/>\n<meta name=\"robots\" content=\"index, follow, max-snippet:-1, max-image-preview:large, max-video-preview:-1\" \/>\n<link rel=\"canonical\" href=\"https:\/\/tiketi.com\/fr-fr\/companies\/buses\/jonda-bus\/\" \/>\n<meta property=\"og:locale\" content=\"fr_FR\" \/>\n<meta property=\"og:type\" content=\"article\" \/>\n<meta property=\"og:title\" content=\"Jonda Bus Online Booking, Coach Bus Tickets, Routes &amp; Fares - Tiketi.com\" \/>\n<meta property=\"og:description\" content=\"Looking for Jonda Bus online booking? Make a Jonda online bus ticket booking online now and save time and money!\" \/>\n<meta property=\"og:url\" content=\"https:\/\/tiketi.com\/fr-fr\/companies\/buses\/jonda-bus\/\" \/>\n<meta property=\"og:site_name\" content=\"Tiketi.com\" \/>\n<meta property=\"article:publisher\" content=\"https:\/\/www.facebook.com\/TiketiCom\/\" \/>\n<meta property=\"article:modified_time\" content=\"2024-11-08T17:46:40+00:00\" \/>\n<meta property=\"og:image\" content=\"https:\/\/tiketi.com\/wp-content\/uploads\/2022\/01\/bus-ticket-online-booking.jpg\" \/>\n\t<meta property=\"og:image:width\" content=\"1200\" \/>\n\t<meta property=\"og:image:height\" content=\"206\" \/>\n\t<meta property=\"og:image:type\" content=\"image\/jpeg\" \/>\n<meta name=\"twitter:card\" content=\"summary_large_image\" \/>\n<meta name=\"twitter:label1\" content=\"Dur\u00e9e de lecture estim\u00e9e\" \/>\n\t<meta name=\"twitter:data1\" content=\"2 minutes\" \/>\n<script type=\"application\/ld+json\" class=\"yoast-schema-graph\">{\"@context\":\"https:\\\/\\\/schema.org\",\"@graph\":[{\"@type\":\"WebPage\",\"@id\":\"https:\\\/\\\/tiketi.com\\\/en-gb\\\/companies\\\/buses\\\/jonda-bus\\\/\",\"url\":\"https:\\\/\\\/tiketi.com\\\/en-gb\\\/companies\\\/buses\\\/jonda-bus\\\/\",\"name\":\"Jonda Bus Online Booking, Coach Bus Tickets, Routes & Fares - Tiketi.com\",\"isPartOf\":{\"@id\":\"https:\\\/\\\/tiketi.com\\\/#website\"},\"primaryImageOfPage\":{\"@id\":\"https:\\\/\\\/tiketi.com\\\/en-gb\\\/companies\\\/buses\\\/jonda-bus\\\/#primaryimage\"},\"image\":{\"@id\":\"https:\\\/\\\/tiketi.com\\\/en-gb\\\/companies\\\/buses\\\/jonda-bus\\\/#primaryimage\"},\"thumbnailUrl\":\"https:\\\/\\\/tiketi.com\\\/wp-content\\\/uploads\\\/2022\\\/01\\\/bus-ticket-online-booking.jpg\",\"datePublished\":\"2023-12-21T10:15:09+00:00\",\"dateModified\":\"2024-11-08T17:46:40+00:00\",\"description\":\"Looking for Jonda Bus online booking? Make a Jonda online bus ticket booking online now and save time and money!\",\"breadcrumb\":{\"@id\":\"https:\\\/\\\/tiketi.com\\\/en-gb\\\/companies\\\/buses\\\/jonda-bus\\\/#breadcrumb\"},\"inLanguage\":\"fr-FR\",\"potentialAction\":[{\"@type\":\"ReadAction\",\"target\":[\"https:\\\/\\\/tiketi.com\\\/en-gb\\\/companies\\\/buses\\\/jonda-bus\\\/\"]}]},{\"@type\":\"ImageObject\",\"inLanguage\":\"fr-FR\",\"@id\":\"https:\\\/\\\/tiketi.com\\\/en-gb\\\/companies\\\/buses\\\/jonda-bus\\\/#primaryimage\",\"url\":\"https:\\\/\\\/tiketi.com\\\/wp-content\\\/uploads\\\/2022\\\/01\\\/bus-ticket-online-booking.jpg\",\"contentUrl\":\"https:\\\/\\\/tiketi.com\\\/wp-content\\\/uploads\\\/2022\\\/01\\\/bus-ticket-online-booking.jpg\",\"width\":1200,\"height\":206,\"caption\":\"Online Bus Ticket Booking\"},{\"@type\":\"BreadcrumbList\",\"@id\":\"https:\\\/\\\/tiketi.com\\\/en-gb\\\/companies\\\/buses\\\/jonda-bus\\\/#breadcrumb\",\"itemListElement\":[{\"@type\":\"ListItem\",\"position\":1,\"name\":\"Home\",\"item\":\"https:\\\/\\\/tiketi.com\\\/\"},{\"@type\":\"ListItem\",\"position\":2,\"name\":\"Companies\",\"item\":\"https:\\\/\\\/tiketi.com\\\/companies\\\/\"},{\"@type\":\"ListItem\",\"position\":3,\"name\":\"Buses\",\"item\":\"https:\\\/\\\/tiketi.com\\\/companies\\\/buses\\\/\"},{\"@type\":\"ListItem\",\"position\":4,\"name\":\"Jonda Bus Online Booking, Coach Bus Tickets, Routes &#038; Fares\"}]},{\"@type\":\"WebSite\",\"@id\":\"https:\\\/\\\/tiketi.com\\\/#website\",\"url\":\"https:\\\/\\\/tiketi.com\\\/\",\"name\":\"Flight & Bus Tickets, Tour Packages & Activitites - Tiketi.com\",\"description\":\"Flight &amp; Bus Tickets, Tours, Activitites\",\"publisher\":{\"@id\":\"https:\\\/\\\/tiketi.com\\\/#organization\"},\"potentialAction\":[{\"@type\":\"SearchAction\",\"target\":{\"@type\":\"EntryPoint\",\"urlTemplate\":\"https:\\\/\\\/tiketi.com\\\/?s={search_term_string}\"},\"query-input\":{\"@type\":\"PropertyValueSpecification\",\"valueRequired\":true,\"valueName\":\"search_term_string\"}}],\"inLanguage\":\"fr-FR\"},{\"@type\":\"Organization\",\"@id\":\"https:\\\/\\\/tiketi.com\\\/#organization\",\"name\":\"Tiketi.com\",\"alternateName\":\"Tiketi\",\"url\":\"https:\\\/\\\/tiketi.com\\\/\",\"logo\":{\"@type\":\"ImageObject\",\"inLanguage\":\"fr-FR\",\"@id\":\"https:\\\/\\\/tiketi.com\\\/#\\\/schema\\\/logo\\\/image\\\/\",\"url\":\"https:\\\/\\\/tiketi.com\\\/wp-content\\\/uploads\\\/2019\\\/05\\\/tiketi-logo-696.png\",\"contentUrl\":\"https:\\\/\\\/tiketi.com\\\/wp-content\\\/uploads\\\/2019\\\/05\\\/tiketi-logo-696.png\",\"width\":696,\"height\":696,\"caption\":\"Tiketi.com\"},\"image\":{\"@id\":\"https:\\\/\\\/tiketi.com\\\/#\\\/schema\\\/logo\\\/image\\\/\"},\"sameAs\":[\"https:\\\/\\\/www.facebook.com\\\/TiketiCom\\\/\"]}]}<\/script>\n<!-- \/ Yoast SEO plugin. -->","yoast_head_json":{"title":"R\u00e9servation en ligne de bus Jonda, billets d&#039;autocar, itin\u00e9raires et tarifs - Tiketi.com","description":"Vous recherchez une r\u00e9servation en ligne de Jonda Bus ? Faites une r\u00e9servation de billet de bus en ligne Jonda d\u00e8s maintenant et \u00e9conomisez du temps et de l&#039;argent !","robots":{"index":"index","follow":"follow","max-snippet":"max-snippet:-1","max-image-preview":"max-image-preview:large","max-video-preview":"max-video-preview:-1"},"canonical":"https:\/\/tiketi.com\/fr-fr\/companies\/buses\/jonda-bus\/","og_locale":"fr_FR","og_type":"article","og_title":"Jonda Bus Online Booking, Coach Bus Tickets, Routes & Fares - Tiketi.com","og_description":"Looking for Jonda Bus online booking? Make a Jonda online bus ticket booking online now and save time and money!","og_url":"https:\/\/tiketi.com\/fr-fr\/companies\/buses\/jonda-bus\/","og_site_name":"Tiketi.com","article_publisher":"https:\/\/www.facebook.com\/TiketiCom\/","article_modified_time":"2024-11-08T17:46:40+00:00","og_image":[{"width":1200,"height":206,"url":"https:\/\/tiketi.com\/wp-content\/uploads\/2022\/01\/bus-ticket-online-booking.jpg","type":"image\/jpeg"}],"twitter_card":"summary_large_image","twitter_misc":{"Dur\u00e9e de lecture estim\u00e9e":"2 minutes"},"schema":{"@context":"https:\/\/schema.org","@graph":[{"@type":"WebPage","@id":"https:\/\/tiketi.com\/en-gb\/companies\/buses\/jonda-bus\/","url":"https:\/\/tiketi.com\/en-gb\/companies\/buses\/jonda-bus\/","name":"R\u00e9servation en ligne de bus Jonda, billets d&#039;autocar, itin\u00e9raires et tarifs - Tiketi.com","isPartOf":{"@id":"https:\/\/tiketi.com\/#website"},"primaryImageOfPage":{"@id":"https:\/\/tiketi.com\/en-gb\/companies\/buses\/jonda-bus\/#primaryimage"},"image":{"@id":"https:\/\/tiketi.com\/en-gb\/companies\/buses\/jonda-bus\/#primaryimage"},"thumbnailUrl":"https:\/\/tiketi.com\/wp-content\/uploads\/2022\/01\/bus-ticket-online-booking.jpg","datePublished":"2023-12-21T10:15:09+00:00","dateModified":"2024-11-08T17:46:40+00:00","description":"Vous recherchez une r\u00e9servation en ligne de Jonda Bus ? Faites une r\u00e9servation de billet de bus en ligne Jonda d\u00e8s maintenant et \u00e9conomisez du temps et de l&#039;argent !","breadcrumb":{"@id":"https:\/\/tiketi.com\/en-gb\/companies\/buses\/jonda-bus\/#breadcrumb"},"inLanguage":"fr-FR","potentialAction":[{"@type":"ReadAction","target":["https:\/\/tiketi.com\/en-gb\/companies\/buses\/jonda-bus\/"]}]},{"@type":"ImageObject","inLanguage":"fr-FR","@id":"https:\/\/tiketi.com\/en-gb\/companies\/buses\/jonda-bus\/#primaryimage","url":"https:\/\/tiketi.com\/wp-content\/uploads\/2022\/01\/bus-ticket-online-booking.jpg","contentUrl":"https:\/\/tiketi.com\/wp-content\/uploads\/2022\/01\/bus-ticket-online-booking.jpg","width":1200,"height":206,"caption":"Online Bus Ticket Booking"},{"@type":"BreadcrumbList","@id":"https:\/\/tiketi.com\/en-gb\/companies\/buses\/jonda-bus\/#breadcrumb","itemListElement":[{"@type":"ListItem","position":1,"name":"Home","item":"https:\/\/tiketi.com\/"},{"@type":"ListItem","position":2,"name":"Companies","item":"https:\/\/tiketi.com\/companies\/"},{"@type":"ListItem","position":3,"name":"Buses","item":"https:\/\/tiketi.com\/companies\/buses\/"},{"@type":"ListItem","position":4,"name":"Jonda Bus Online Booking, Coach Bus Tickets, Routes &#038; Fares"}]},{"@type":"WebSite","@id":"https:\/\/tiketi.com\/#website","url":"https:\/\/tiketi.com\/","name":"Billets d&#039;avion et de bus, forfaits touristiques et activit\u00e9s - Tiketi.com","description":"Billets d&#039;avion et de bus, Tours, Activit\u00e9s","publisher":{"@id":"https:\/\/tiketi.com\/#organization"},"potentialAction":[{"@type":"SearchAction","target":{"@type":"EntryPoint","urlTemplate":"https:\/\/tiketi.com\/?s={search_term_string}"},"query-input":{"@type":"PropertyValueSpecification","valueRequired":true,"valueName":"search_term_string"}}],"inLanguage":"fr-FR"},{"@type":"Organization","@id":"https:\/\/tiketi.com\/#organization","name":"Tiketi.com","alternateName":"Tiketi","url":"https:\/\/tiketi.com\/","logo":{"@type":"ImageObject","inLanguage":"fr-FR","@id":"https:\/\/tiketi.com\/#\/schema\/logo\/image\/","url":"https:\/\/tiketi.com\/wp-content\/uploads\/2019\/05\/tiketi-logo-696.png","contentUrl":"https:\/\/tiketi.com\/wp-content\/uploads\/2019\/05\/tiketi-logo-696.png","width":696,"height":696,"caption":"Tiketi.com"},"image":{"@id":"https:\/\/tiketi.com\/#\/schema\/logo\/image\/"},"sameAs":["https:\/\/www.facebook.com\/TiketiCom\/"]}]}},"_links":{"self":[{"href":"https:\/\/tiketi.com\/fr-fr\/wp-json\/wp\/v2\/pages\/30224","targetHints":{"allow":["GET"]}}],"collection":[{"href":"https:\/\/tiketi.com\/fr-fr\/wp-json\/wp\/v2\/pages"}],"about":[{"href":"https:\/\/tiketi.com\/fr-fr\/wp-json\/wp\/v2\/types\/page"}],"author":[{"embeddable":true,"href":"https:\/\/tiketi.com\/fr-fr\/wp-json\/wp\/v2\/users\/1"}],"replies":[{"embeddable":true,"href":"https:\/\/tiketi.com\/fr-fr\/wp-json\/wp\/v2\/comments?post=30224"}],"version-history":[{"count":1,"href":"https:\/\/tiketi.com\/fr-fr\/wp-json\/wp\/v2\/pages\/30224\/revisions"}],"predecessor-version":[{"id":31122,"href":"https:\/\/tiketi.com\/fr-fr\/wp-json\/wp\/v2\/pages\/30224\/revisions\/31122"}],"up":[{"embeddable":true,"href":"https:\/\/tiketi.com\/fr-fr\/wp-json\/wp\/v2\/pages\/25524"}],"wp:featuredmedia":[{"embeddable":true,"href":"https:\/\/tiketi.com\/fr-fr\/wp-json\/wp\/v2\/media\/13999"}],"wp:attachment":[{"href":"https:\/\/tiketi.com\/fr-fr\/wp-json\/wp\/v2\/media?parent=30224"}],"curies":[{"name":"wp","href":"https:\/\/api.w.org\/{rel}","templated":true}]}}