{"id":30250,"date":"2023-12-21T13:44:35","date_gmt":"2023-12-21T12:44:35","guid":{"rendered":"https:\/\/tiketi.com\/?page_id=30250"},"modified":"2024-11-08T18:42:43","modified_gmt":"2024-11-08T17:42:43","slug":"sososo-coaches","status":"publish","type":"page","link":"https:\/\/tiketi.com\/fr-fr\/companies\/buses\/sososo-coaches\/","title":{"rendered":"Sososo Coaches R\u00e9servation en ligne, billets de bus, itin\u00e9raires et tarifs"},"content":{"rendered":"<div>\n<h2>Sososo Coaches R\u00e9servation de billets de bus en ligne<\/h2>\n<h3>D\u00e9couvrez votre itin\u00e9raire sur le Web, sur mobile ou sur une application et r\u00e9servez en ligne des billets Sososo Coaches bon march\u00e9.<\/h3>\n<p>La r\u00e9servation en ligne de Sososo Coaches est simplifi\u00e9e. Le service d&#039;autocar Sososo est l&#039;un des plus grands op\u00e9rateurs du Malawi. Sososo exploite un entra\u00eeneur complet\u00a0; ils fournissent tous les services li\u00e9s aux autocars tels que des rafra\u00eechissements, de la musique et des services de messagerie. Faites de m\u00eame avec la r\u00e9servation de billets de bus en ligne Sososo Coaches d\u00e8s maintenant\u00a0!<\/p>\n<\/div>\n<div>\n<h2>Sososo Coaches R\u00e9servation en ligne, billets d&#039;autocar, itin\u00e9raires et tarifs FAQ<\/h2>\n<h3>Quels sont les trajets en bus de Sososo Coaches ?<\/h3>\n<\/div>\n<div>S&#039;am\u00e9liorer chaque jour est la cl\u00e9 de la victoire et la cl\u00e9 de grandes choses. Si vous avez un accident, ne vous laissez pas atteindre.<\/div>\n<div>Tout cela est incroyable. Nous apprendrons en cours de route que nous ne passerons probablement pas une meilleure journ\u00e9e ici et l\u00e0. Soyez sinc\u00e8re, restez r\u00e9el et oubliez-le.<\/div>\n<h3>Gares routi\u00e8res de Sososo et d\u00e9parts<\/h3>\n<div>A Blantyre, leur lieu de d\u00e9part est la station-service Petroda pr\u00e8s de la tour de l&#039;horloge et \u00e0 Mzuzu.<\/div>\n<div>A Liongwe, ils s&#039;arr\u00eatent au magasin de jeux et nous partons pour Blantyre \u00e0 13h00 et pour Mzuzu nous partons \u00e0 11h00. L&#039;arriv\u00e9e pour Mzuzu et Blantyre est \u00e0 17h30.<\/div>\n<div><\/div>\n<div><\/div>\n<div>Blantyre \u00e0 Lilongwe 7h et 13h30<\/div>\n<div>Lilongwe \u00e0 Mzuzu \u2013 12h00 et 7h00<\/div>\n<div>Lilongwe \u00e0 Blantyre 13h00 et 7h00.<\/div>\n<div>Mzuzu \u00e0 Blantyre 7h00 tous les jours<\/div>\n<div>Blantyre \u00e0 Mzuzu 7h00 tous les jours<\/div>\n<div>Mzuzu \u00e0 Lilongwe 7h et 14h<\/div>\n<div><\/div>\n<div><\/div>\n<div>Mzuzu, ils partent du pressing Mzuzu pr\u00e8s du CCAP de St. Andrew, \u00e0 Blantyre nous partons du remplissage Petroda pr\u00e8s de Clocktower et \u00e0 Lilongwe nous partons des magasins Game.<\/div>\n<div>\n<h3>Quelles sont les coordonn\u00e9es du bureau de r\u00e9servation et de colis de Sososo Coaches ?<\/h3>\n<\/div>\n<div>Lilongwe : auberge Akulinji, b\u00e2timent des magasins Behind Game.<\/div>\n<div>\n<h2>Conseils pour r\u00e9server des billets de bus en ligne avec Sososo Coaches<\/h2>\n<div>Leurs bus disposent d&#039;un grand espace pour les bagages et pour les jambes. Ils sont importants pour \u00eatre entra\u00eeneur et ils gardent le temps.<\/div>\n<div>Sososo coaches call you to try their service and they promise that they will take you to your town or popular <a href=\"https:\/\/tiketi.com\/fr-fr\/destinations\/malawi\/\" target=\"_blank\" rel=\"noopener\">destinations de vacances au Malawi<\/a> with relax and stable buses.<\/div>\n<\/div>","protected":false},"excerpt":{"rendered":"<p>Sososo Coaches Online Bus Ticket Booking Discover your travel route on web, mobile or app and book cheap Sososo Coaches tickets online. Sososo Coaches online booking made easy. Sososo coach\u2019s service is among the biggest operator in Malawi. Sososo is operating full coach; they provide all coach related services such as refreshments, music and courier [&hellip;]<\/p>\n","protected":false},"author":1,"featured_media":13999,"parent":25524,"menu_order":0,"comment_status":"closed","ping_status":"closed","template":"template-home-modern.php","meta":{"footnotes":""},"class_list":["post-30250","page","type-page","status-publish","has-post-thumbnail","hentry"],"yoast_head":"<!-- This site is optimized with the Yoast SEO plugin v27.2 - https:\/\/yoast.com\/product\/yoast-seo-wordpress\/ -->\n<title>Sososo Coaches Online Booking, Bus Tickets, Routes &amp; Fares - Tiketi.com<\/title>\n<meta name=\"description\" content=\"Looking for Sososo Coaches online booking? Make a Sososo Coaches online bus ticket booking online now and save time and money!\" \/>\n<meta name=\"robots\" content=\"index, follow, max-snippet:-1, max-image-preview:large, max-video-preview:-1\" \/>\n<link rel=\"canonical\" href=\"https:\/\/tiketi.com\/fr-fr\/companies\/buses\/sososo-coaches\/\" \/>\n<meta property=\"og:locale\" content=\"fr_FR\" \/>\n<meta property=\"og:type\" content=\"article\" \/>\n<meta property=\"og:title\" content=\"Sososo Coaches Online Booking, Bus Tickets, Routes &amp; Fares - Tiketi.com\" \/>\n<meta property=\"og:description\" content=\"Looking for Sososo Coaches online booking? Make a Sososo Coaches online bus ticket booking online now and save time and money!\" \/>\n<meta property=\"og:url\" content=\"https:\/\/tiketi.com\/fr-fr\/companies\/buses\/sososo-coaches\/\" \/>\n<meta property=\"og:site_name\" content=\"Tiketi.com\" \/>\n<meta property=\"article:publisher\" content=\"https:\/\/www.facebook.com\/TiketiCom\/\" \/>\n<meta property=\"article:modified_time\" content=\"2024-11-08T17:42:43+00:00\" \/>\n<meta property=\"og:image\" content=\"https:\/\/tiketi.com\/wp-content\/uploads\/2022\/01\/bus-ticket-online-booking.jpg\" \/>\n\t<meta property=\"og:image:width\" content=\"1200\" \/>\n\t<meta property=\"og:image:height\" content=\"206\" \/>\n\t<meta property=\"og:image:type\" content=\"image\/jpeg\" \/>\n<meta name=\"twitter:card\" content=\"summary_large_image\" \/>\n<meta name=\"twitter:label1\" content=\"Dur\u00e9e de lecture estim\u00e9e\" \/>\n\t<meta name=\"twitter:data1\" content=\"2 minutes\" \/>\n<script type=\"application\/ld+json\" class=\"yoast-schema-graph\">{\"@context\":\"https:\/\/schema.org\",\"@graph\":[{\"@type\":\"WebPage\",\"@id\":\"https:\/\/tiketi.com\/companies\/buses\/sososo-coaches\/\",\"url\":\"https:\/\/tiketi.com\/companies\/buses\/sososo-coaches\/\",\"name\":\"Sososo Coaches Online Booking, Bus Tickets, Routes & Fares - Tiketi.com\",\"isPartOf\":{\"@id\":\"https:\/\/tiketi.com\/#website\"},\"primaryImageOfPage\":{\"@id\":\"https:\/\/tiketi.com\/companies\/buses\/sososo-coaches\/#primaryimage\"},\"image\":{\"@id\":\"https:\/\/tiketi.com\/companies\/buses\/sososo-coaches\/#primaryimage\"},\"thumbnailUrl\":\"https:\/\/tiketi.com\/wp-content\/uploads\/2022\/01\/bus-ticket-online-booking.jpg\",\"datePublished\":\"2023-12-21T12:44:35+00:00\",\"dateModified\":\"2024-11-08T17:42:43+00:00\",\"description\":\"Looking for Sososo Coaches online booking? Make a Sososo Coaches online bus ticket booking online now and save time and money!\",\"breadcrumb\":{\"@id\":\"https:\/\/tiketi.com\/companies\/buses\/sososo-coaches\/#breadcrumb\"},\"inLanguage\":\"fr-FR\",\"potentialAction\":[{\"@type\":\"ReadAction\",\"target\":[\"https:\/\/tiketi.com\/companies\/buses\/sososo-coaches\/\"]}]},{\"@type\":\"ImageObject\",\"inLanguage\":\"fr-FR\",\"@id\":\"https:\/\/tiketi.com\/companies\/buses\/sososo-coaches\/#primaryimage\",\"url\":\"https:\/\/tiketi.com\/wp-content\/uploads\/2022\/01\/bus-ticket-online-booking.jpg\",\"contentUrl\":\"https:\/\/tiketi.com\/wp-content\/uploads\/2022\/01\/bus-ticket-online-booking.jpg\",\"width\":1200,\"height\":206,\"caption\":\"Online Bus Ticket Booking\"},{\"@type\":\"BreadcrumbList\",\"@id\":\"https:\/\/tiketi.com\/companies\/buses\/sososo-coaches\/#breadcrumb\",\"itemListElement\":[{\"@type\":\"ListItem\",\"position\":1,\"name\":\"Home\",\"item\":\"https:\/\/tiketi.com\/\"},{\"@type\":\"ListItem\",\"position\":2,\"name\":\"Companies\",\"item\":\"https:\/\/tiketi.com\/companies\/\"},{\"@type\":\"ListItem\",\"position\":3,\"name\":\"Buses\",\"item\":\"https:\/\/tiketi.com\/companies\/buses\/\"},{\"@type\":\"ListItem\",\"position\":4,\"name\":\"Sososo Coaches Online Booking, Bus Tickets, Routes &#038; Fares\"}]},{\"@type\":\"WebSite\",\"@id\":\"https:\/\/tiketi.com\/#website\",\"url\":\"https:\/\/tiketi.com\/\",\"name\":\"Flight & Bus Tickets, Tour Packages & Activitites - Tiketi.com\",\"description\":\"Flight &amp; Bus Tickets, Tours, Activitites\",\"publisher\":{\"@id\":\"https:\/\/tiketi.com\/#organization\"},\"potentialAction\":[{\"@type\":\"SearchAction\",\"target\":{\"@type\":\"EntryPoint\",\"urlTemplate\":\"https:\/\/tiketi.com\/?s={search_term_string}\"},\"query-input\":{\"@type\":\"PropertyValueSpecification\",\"valueRequired\":true,\"valueName\":\"search_term_string\"}}],\"inLanguage\":\"fr-FR\"},{\"@type\":\"Organization\",\"@id\":\"https:\/\/tiketi.com\/#organization\",\"name\":\"Tiketi.com\",\"alternateName\":\"Tiketi\",\"url\":\"https:\/\/tiketi.com\/\",\"logo\":{\"@type\":\"ImageObject\",\"inLanguage\":\"fr-FR\",\"@id\":\"https:\/\/tiketi.com\/#\/schema\/logo\/image\/\",\"url\":\"https:\/\/tiketi.com\/wp-content\/uploads\/2019\/05\/tiketi-logo-696.png\",\"contentUrl\":\"https:\/\/tiketi.com\/wp-content\/uploads\/2019\/05\/tiketi-logo-696.png\",\"width\":696,\"height\":696,\"caption\":\"Tiketi.com\"},\"image\":{\"@id\":\"https:\/\/tiketi.com\/#\/schema\/logo\/image\/\"},\"sameAs\":[\"https:\/\/www.facebook.com\/TiketiCom\/\"]}]}<\/script>\n<!-- \/ Yoast SEO plugin. -->","yoast_head_json":{"title":"R\u00e9servation en ligne des autocars Sososo, billets de bus, itin\u00e9raires et tarifs - Tiketi.com","description":"Vous recherchez une r\u00e9servation en ligne pour les entra\u00eeneurs Sososo\u00a0? Faites une r\u00e9servation de billet de bus en ligne Sososo Coaches d\u00e8s maintenant et \u00e9conomisez du temps et de l&#039;argent !","robots":{"index":"index","follow":"follow","max-snippet":"max-snippet:-1","max-image-preview":"max-image-preview:large","max-video-preview":"max-video-preview:-1"},"canonical":"https:\/\/tiketi.com\/fr-fr\/companies\/buses\/sososo-coaches\/","og_locale":"fr_FR","og_type":"article","og_title":"Sososo Coaches Online Booking, Bus Tickets, Routes & Fares - Tiketi.com","og_description":"Looking for Sososo Coaches online booking? Make a Sososo Coaches online bus ticket booking online now and save time and money!","og_url":"https:\/\/tiketi.com\/fr-fr\/companies\/buses\/sososo-coaches\/","og_site_name":"Tiketi.com","article_publisher":"https:\/\/www.facebook.com\/TiketiCom\/","article_modified_time":"2024-11-08T17:42:43+00:00","og_image":[{"width":1200,"height":206,"url":"https:\/\/tiketi.com\/wp-content\/uploads\/2022\/01\/bus-ticket-online-booking.jpg","type":"image\/jpeg"}],"twitter_card":"summary_large_image","twitter_misc":{"Dur\u00e9e de lecture estim\u00e9e":"2 minutes"},"schema":{"@context":"https:\/\/schema.org","@graph":[{"@type":"WebPage","@id":"https:\/\/tiketi.com\/companies\/buses\/sososo-coaches\/","url":"https:\/\/tiketi.com\/companies\/buses\/sososo-coaches\/","name":"R\u00e9servation en ligne des autocars Sososo, billets de bus, itin\u00e9raires et tarifs - Tiketi.com","isPartOf":{"@id":"https:\/\/tiketi.com\/#website"},"primaryImageOfPage":{"@id":"https:\/\/tiketi.com\/companies\/buses\/sososo-coaches\/#primaryimage"},"image":{"@id":"https:\/\/tiketi.com\/companies\/buses\/sososo-coaches\/#primaryimage"},"thumbnailUrl":"https:\/\/tiketi.com\/wp-content\/uploads\/2022\/01\/bus-ticket-online-booking.jpg","datePublished":"2023-12-21T12:44:35+00:00","dateModified":"2024-11-08T17:42:43+00:00","description":"Vous recherchez une r\u00e9servation en ligne pour les entra\u00eeneurs Sososo\u00a0? Faites une r\u00e9servation de billet de bus en ligne Sososo Coaches d\u00e8s maintenant et \u00e9conomisez du temps et de l&#039;argent !","breadcrumb":{"@id":"https:\/\/tiketi.com\/companies\/buses\/sososo-coaches\/#breadcrumb"},"inLanguage":"fr-FR","potentialAction":[{"@type":"ReadAction","target":["https:\/\/tiketi.com\/companies\/buses\/sososo-coaches\/"]}]},{"@type":"ImageObject","inLanguage":"fr-FR","@id":"https:\/\/tiketi.com\/companies\/buses\/sososo-coaches\/#primaryimage","url":"https:\/\/tiketi.com\/wp-content\/uploads\/2022\/01\/bus-ticket-online-booking.jpg","contentUrl":"https:\/\/tiketi.com\/wp-content\/uploads\/2022\/01\/bus-ticket-online-booking.jpg","width":1200,"height":206,"caption":"Online Bus Ticket Booking"},{"@type":"BreadcrumbList","@id":"https:\/\/tiketi.com\/companies\/buses\/sososo-coaches\/#breadcrumb","itemListElement":[{"@type":"ListItem","position":1,"name":"Home","item":"https:\/\/tiketi.com\/"},{"@type":"ListItem","position":2,"name":"Companies","item":"https:\/\/tiketi.com\/companies\/"},{"@type":"ListItem","position":3,"name":"Buses","item":"https:\/\/tiketi.com\/companies\/buses\/"},{"@type":"ListItem","position":4,"name":"Sososo Coaches Online Booking, Bus Tickets, Routes &#038; Fares"}]},{"@type":"WebSite","@id":"https:\/\/tiketi.com\/#website","url":"https:\/\/tiketi.com\/","name":"Billets d&#039;avion et de bus, forfaits touristiques et activit\u00e9s - Tiketi.com","description":"Billets d&#039;avion et de bus, Tours, Activit\u00e9s","publisher":{"@id":"https:\/\/tiketi.com\/#organization"},"potentialAction":[{"@type":"SearchAction","target":{"@type":"EntryPoint","urlTemplate":"https:\/\/tiketi.com\/?s={search_term_string}"},"query-input":{"@type":"PropertyValueSpecification","valueRequired":true,"valueName":"search_term_string"}}],"inLanguage":"fr-FR"},{"@type":"Organization","@id":"https:\/\/tiketi.com\/#organization","name":"Tiketi.com","alternateName":"Tiketi","url":"https:\/\/tiketi.com\/","logo":{"@type":"ImageObject","inLanguage":"fr-FR","@id":"https:\/\/tiketi.com\/#\/schema\/logo\/image\/","url":"https:\/\/tiketi.com\/wp-content\/uploads\/2019\/05\/tiketi-logo-696.png","contentUrl":"https:\/\/tiketi.com\/wp-content\/uploads\/2019\/05\/tiketi-logo-696.png","width":696,"height":696,"caption":"Tiketi.com"},"image":{"@id":"https:\/\/tiketi.com\/#\/schema\/logo\/image\/"},"sameAs":["https:\/\/www.facebook.com\/TiketiCom\/"]}]}},"_links":{"self":[{"href":"https:\/\/tiketi.com\/fr-fr\/wp-json\/wp\/v2\/pages\/30250","targetHints":{"allow":["GET"]}}],"collection":[{"href":"https:\/\/tiketi.com\/fr-fr\/wp-json\/wp\/v2\/pages"}],"about":[{"href":"https:\/\/tiketi.com\/fr-fr\/wp-json\/wp\/v2\/types\/page"}],"author":[{"embeddable":true,"href":"https:\/\/tiketi.com\/fr-fr\/wp-json\/wp\/v2\/users\/1"}],"replies":[{"embeddable":true,"href":"https:\/\/tiketi.com\/fr-fr\/wp-json\/wp\/v2\/comments?post=30250"}],"version-history":[{"count":1,"href":"https:\/\/tiketi.com\/fr-fr\/wp-json\/wp\/v2\/pages\/30250\/revisions"}],"predecessor-version":[{"id":31120,"href":"https:\/\/tiketi.com\/fr-fr\/wp-json\/wp\/v2\/pages\/30250\/revisions\/31120"}],"up":[{"embeddable":true,"href":"https:\/\/tiketi.com\/fr-fr\/wp-json\/wp\/v2\/pages\/25524"}],"wp:featuredmedia":[{"embeddable":true,"href":"https:\/\/tiketi.com\/fr-fr\/wp-json\/wp\/v2\/media\/13999"}],"wp:attachment":[{"href":"https:\/\/tiketi.com\/fr-fr\/wp-json\/wp\/v2\/media?parent=30250"}],"curies":[{"name":"wp","href":"https:\/\/api.w.org\/{rel}","templated":true}]}}