{"id":30253,"date":"2023-12-21T14:12:43","date_gmt":"2023-12-21T13:12:43","guid":{"rendered":"https:\/\/tiketi.com\/?page_id=30253"},"modified":"2024-11-08T18:33:04","modified_gmt":"2024-11-08T17:33:04","slug":"east-delta-bus","status":"publish","type":"page","link":"https:\/\/tiketi.com\/fr-fr\/companies\/buses\/east-delta-bus\/","title":{"rendered":"R\u00e9servation en ligne de bus East Delta, billets d&#039;autocar, itin\u00e9raires et tarifs"},"content":{"rendered":"<div>\n<h2>R\u00e9servation de billets de bus en ligne East Delta<\/h2>\n<h3>D\u00e9couvrez votre itin\u00e9raire de voyage sur le Web, sur mobile ou sur une application et r\u00e9servez des billets East Delta \u00e0 bas prix en ligne.<\/h3>\n<p>La r\u00e9servation en ligne des bus East Delta est facilit\u00e9e. Elle a \u00e9t\u00e9 cr\u00e9\u00e9e en 1961 et dispose d&#039;un permis d&#039;exercice (A) 9001. L&#039;entreprise vise \u00e0 r\u00e9aliser des travaux de transport public et priv\u00e9 de passagers par v\u00e9hicules et autobus sur des lignes r\u00e9guli\u00e8res ou dans le cadre d&#039;op\u00e9rations uniques pour le tourisme, les voyages, etc. Les bus du Delta Est sont \u00e9galement effectuer tous types d&#039;emplois et de services touristiques de tous types et \u00e0 tous leurs dipl\u00f4mes. Alors faites la r\u00e9servation de billets de bus en ligne East Delta maintenant !<\/p>\n<\/div>\n<div>\n<h2>R\u00e9servation en ligne de bus East Delta, billets d&#039;autocar, itin\u00e9raires et tarifs FAQ<\/h2>\n<h3>Quels sont les itin\u00e9raires de bus East Delta ?<\/h3>\n<\/div>\n<div>Itin\u00e9raires du bus East Delta en \u00c9gypte\u00a0:<\/div>\n<div><\/div>\n<div>\u00a0 \u00a0 \u2022 Du Caire \u00e0 Port-Sa\u00efd<\/div>\n<div>\u00a0 \u00a0 \u2022 Cario \u00e0 Isma\u00eflia<\/div>\n<div>\u00a0 \u00a0 \u2022 Du Caire \u00e0 Suez<\/div>\n<div>\u00a0 \u00a0 \u2022 Du Caire \u00e0 Charm el-Cheikh<\/div>\n<div>\u00a0 \u00a0 \u2022 Du Caire \u00e0 Nuweiba<\/div>\n<div>\u00a0 \u00a0 \u2022 Du Caire \u00e0 Ras Sidr<\/div>\n<div>\u00a0 \u00a0 \u2022 Du Caire \u00e0 Sainte-Catherine<\/div>\n<div>\u00a0 \u00a0 \u2022 Du Caire \u00e0 El Arish<\/div>\n<div>\u00a0 \u00a0 \u2022 Du Caire \u00e0 Dahab<\/div>\n<div>\u00a0 \u00a0 \u2022 Du Caire \u00e0 Manoura<\/div>\n<div>\u00a0 \u00a0 \u2022 Zagazing \u00e0 Charm el-Cheikh<\/div>\n<div>\u00a0 \u00a0 \u2022 Charm el-Cheikh au nouveau lieu<\/div>\n<div>\n<h3>Quelles sont les coordonn\u00e9es du bureau de r\u00e9servation et de colis d&#039;East Delta ?<\/h3>\n<\/div>\n<div>Autobus Delta Est<\/div>\n<div>Le centre principal de l&#039;entreprise<\/div>\n<div>Adresse : 4 rue El Tayaran, Le Caire, Nasr City.<\/div>\n<div>\n<h2>Conseils pour la r\u00e9servation de billets de bus en ligne East Delta<\/h2>\n<p>East Delta Bus est une soci\u00e9t\u00e9 par actions de la soci\u00e9t\u00e9 holding de transport maritime et terrestre selon les dispositions de la loi 203 de 1991 avec un capital autoris\u00e9 de 160 millions de LE et un capital \u00e9mis de 82,74 millions de livres sterling.<\/p>\n<div>L&#039;entreprise peut obtenir n&#039;importe quelle licence ou engagement pour exploiter n&#039;importe quelle ligne de transport g\u00e9n\u00e9ral.<\/div>\n<div>\u00c9galement g\u00e9rer les appels d&#039;offres et l&#039;entr\u00e9e et la conduite d&#039;affaires industrielles, commerciales, immobili\u00e8res et financi\u00e8res li\u00e9es \u00e0 son objectif et la r\u00e9alisation des agences commerciales sp\u00e9cialis\u00e9es dans l&#039;industrie des pi\u00e8ces de rechange automobiles.<\/div>\n<div><\/div>\n<div>They are agents for international road transport firms where we have a fleet of new cars bus up to 1000 and we have a big experience in the field of foreign <a href=\"https:\/\/tiketi.com\/fr-fr\/destinations\/egypt\/\" target=\"_blank\" rel=\"noopener\">tourism in Egypt<\/a>, and domestic tourism Umrah and Hajj.<\/div>\n<\/div>\n<div><\/div>","protected":false},"excerpt":{"rendered":"<p>East Delta Online Bus Ticket Booking Discover your travel route on web, mobile or app and book cheap East Delta tickets online. East Delta bus online booking made easy. It was started in 1961 and has a permit to practice (A) 9001. The firm aims to do public and private transport works for passengers by [&hellip;]<\/p>\n","protected":false},"author":1,"featured_media":13999,"parent":25524,"menu_order":0,"comment_status":"closed","ping_status":"closed","template":"template-home-modern.php","meta":{"footnotes":""},"class_list":["post-30253","page","type-page","status-publish","has-post-thumbnail","hentry"],"yoast_head":"<!-- This site is optimized with the Yoast SEO plugin v27.3 - https:\/\/yoast.com\/product\/yoast-seo-wordpress\/ -->\n<title>East Delta Bus Online Booking, Coach Bus Tickets, Routes &amp; Fares - Tiketi.com<\/title>\n<meta name=\"description\" content=\"Looking for East Delta Bus online booking? Make a East Delta Coach online bus ticket booking online now and save time and money!\" \/>\n<meta name=\"robots\" content=\"index, follow, max-snippet:-1, max-image-preview:large, max-video-preview:-1\" \/>\n<link rel=\"canonical\" href=\"https:\/\/tiketi.com\/fr-fr\/companies\/buses\/east-delta-bus\/\" \/>\n<meta property=\"og:locale\" content=\"fr_FR\" \/>\n<meta property=\"og:type\" content=\"article\" \/>\n<meta property=\"og:title\" content=\"East Delta Bus Online Booking, Coach Bus Tickets, Routes &amp; Fares - Tiketi.com\" \/>\n<meta property=\"og:description\" content=\"Looking for East Delta Bus online booking? Make a East Delta Coach online bus ticket booking online now and save time and money!\" \/>\n<meta property=\"og:url\" content=\"https:\/\/tiketi.com\/fr-fr\/companies\/buses\/east-delta-bus\/\" \/>\n<meta property=\"og:site_name\" content=\"Tiketi.com\" \/>\n<meta property=\"article:publisher\" content=\"https:\/\/www.facebook.com\/TiketiCom\/\" \/>\n<meta property=\"article:modified_time\" content=\"2024-11-08T17:33:04+00:00\" \/>\n<meta property=\"og:image\" content=\"https:\/\/tiketi.com\/wp-content\/uploads\/2022\/01\/bus-ticket-online-booking.jpg\" \/>\n\t<meta property=\"og:image:width\" content=\"1200\" \/>\n\t<meta property=\"og:image:height\" content=\"206\" \/>\n\t<meta property=\"og:image:type\" content=\"image\/jpeg\" \/>\n<meta name=\"twitter:card\" content=\"summary_large_image\" \/>\n<meta name=\"twitter:label1\" content=\"Dur\u00e9e de lecture estim\u00e9e\" \/>\n\t<meta name=\"twitter:data1\" content=\"2 minutes\" \/>\n<script type=\"application\/ld+json\" class=\"yoast-schema-graph\">{\"@context\":\"https:\\\/\\\/schema.org\",\"@graph\":[{\"@type\":\"WebPage\",\"@id\":\"https:\\\/\\\/tiketi.com\\\/companies\\\/buses\\\/east-delta-bus\\\/\",\"url\":\"https:\\\/\\\/tiketi.com\\\/companies\\\/buses\\\/east-delta-bus\\\/\",\"name\":\"East Delta Bus Online Booking, Coach Bus Tickets, Routes & Fares - Tiketi.com\",\"isPartOf\":{\"@id\":\"https:\\\/\\\/tiketi.com\\\/#website\"},\"primaryImageOfPage\":{\"@id\":\"https:\\\/\\\/tiketi.com\\\/companies\\\/buses\\\/east-delta-bus\\\/#primaryimage\"},\"image\":{\"@id\":\"https:\\\/\\\/tiketi.com\\\/companies\\\/buses\\\/east-delta-bus\\\/#primaryimage\"},\"thumbnailUrl\":\"https:\\\/\\\/tiketi.com\\\/wp-content\\\/uploads\\\/2022\\\/01\\\/bus-ticket-online-booking.jpg\",\"datePublished\":\"2023-12-21T13:12:43+00:00\",\"dateModified\":\"2024-11-08T17:33:04+00:00\",\"description\":\"Looking for East Delta Bus online booking? Make a East Delta Coach online bus ticket booking online now and save time and money!\",\"breadcrumb\":{\"@id\":\"https:\\\/\\\/tiketi.com\\\/companies\\\/buses\\\/east-delta-bus\\\/#breadcrumb\"},\"inLanguage\":\"fr-FR\",\"potentialAction\":[{\"@type\":\"ReadAction\",\"target\":[\"https:\\\/\\\/tiketi.com\\\/companies\\\/buses\\\/east-delta-bus\\\/\"]}]},{\"@type\":\"ImageObject\",\"inLanguage\":\"fr-FR\",\"@id\":\"https:\\\/\\\/tiketi.com\\\/companies\\\/buses\\\/east-delta-bus\\\/#primaryimage\",\"url\":\"https:\\\/\\\/tiketi.com\\\/wp-content\\\/uploads\\\/2022\\\/01\\\/bus-ticket-online-booking.jpg\",\"contentUrl\":\"https:\\\/\\\/tiketi.com\\\/wp-content\\\/uploads\\\/2022\\\/01\\\/bus-ticket-online-booking.jpg\",\"width\":1200,\"height\":206,\"caption\":\"Online Bus Ticket Booking\"},{\"@type\":\"BreadcrumbList\",\"@id\":\"https:\\\/\\\/tiketi.com\\\/companies\\\/buses\\\/east-delta-bus\\\/#breadcrumb\",\"itemListElement\":[{\"@type\":\"ListItem\",\"position\":1,\"name\":\"Home\",\"item\":\"https:\\\/\\\/tiketi.com\\\/\"},{\"@type\":\"ListItem\",\"position\":2,\"name\":\"Companies\",\"item\":\"https:\\\/\\\/tiketi.com\\\/companies\\\/\"},{\"@type\":\"ListItem\",\"position\":3,\"name\":\"Buses\",\"item\":\"https:\\\/\\\/tiketi.com\\\/companies\\\/buses\\\/\"},{\"@type\":\"ListItem\",\"position\":4,\"name\":\"East Delta Bus Online Booking, Coach Bus Tickets, Routes &#038; Fares\"}]},{\"@type\":\"WebSite\",\"@id\":\"https:\\\/\\\/tiketi.com\\\/#website\",\"url\":\"https:\\\/\\\/tiketi.com\\\/\",\"name\":\"Flight & Bus Tickets, Tour Packages & Activitites - Tiketi.com\",\"description\":\"Flight &amp; Bus Tickets, Tours, Activitites\",\"publisher\":{\"@id\":\"https:\\\/\\\/tiketi.com\\\/#organization\"},\"potentialAction\":[{\"@type\":\"SearchAction\",\"target\":{\"@type\":\"EntryPoint\",\"urlTemplate\":\"https:\\\/\\\/tiketi.com\\\/?s={search_term_string}\"},\"query-input\":{\"@type\":\"PropertyValueSpecification\",\"valueRequired\":true,\"valueName\":\"search_term_string\"}}],\"inLanguage\":\"fr-FR\"},{\"@type\":\"Organization\",\"@id\":\"https:\\\/\\\/tiketi.com\\\/#organization\",\"name\":\"Tiketi.com\",\"alternateName\":\"Tiketi\",\"url\":\"https:\\\/\\\/tiketi.com\\\/\",\"logo\":{\"@type\":\"ImageObject\",\"inLanguage\":\"fr-FR\",\"@id\":\"https:\\\/\\\/tiketi.com\\\/#\\\/schema\\\/logo\\\/image\\\/\",\"url\":\"https:\\\/\\\/tiketi.com\\\/wp-content\\\/uploads\\\/2019\\\/05\\\/tiketi-logo-696.png\",\"contentUrl\":\"https:\\\/\\\/tiketi.com\\\/wp-content\\\/uploads\\\/2019\\\/05\\\/tiketi-logo-696.png\",\"width\":696,\"height\":696,\"caption\":\"Tiketi.com\"},\"image\":{\"@id\":\"https:\\\/\\\/tiketi.com\\\/#\\\/schema\\\/logo\\\/image\\\/\"},\"sameAs\":[\"https:\\\/\\\/www.facebook.com\\\/TiketiCom\\\/\"]}]}<\/script>\n<!-- \/ Yoast SEO plugin. -->","yoast_head_json":{"title":"R\u00e9servation en ligne de bus East Delta, billets d&#039;autocar, itin\u00e9raires et tarifs - Tiketi.com","description":"Vous recherchez une r\u00e9servation en ligne pour East Delta Bus ? Faites une r\u00e9servation de billet de bus en ligne East Delta Coach en ligne d\u00e8s maintenant et \u00e9conomisez du temps et de l&#039;argent !","robots":{"index":"index","follow":"follow","max-snippet":"max-snippet:-1","max-image-preview":"max-image-preview:large","max-video-preview":"max-video-preview:-1"},"canonical":"https:\/\/tiketi.com\/fr-fr\/companies\/buses\/east-delta-bus\/","og_locale":"fr_FR","og_type":"article","og_title":"East Delta Bus Online Booking, Coach Bus Tickets, Routes & Fares - Tiketi.com","og_description":"Looking for East Delta Bus online booking? Make a East Delta Coach online bus ticket booking online now and save time and money!","og_url":"https:\/\/tiketi.com\/fr-fr\/companies\/buses\/east-delta-bus\/","og_site_name":"Tiketi.com","article_publisher":"https:\/\/www.facebook.com\/TiketiCom\/","article_modified_time":"2024-11-08T17:33:04+00:00","og_image":[{"width":1200,"height":206,"url":"https:\/\/tiketi.com\/wp-content\/uploads\/2022\/01\/bus-ticket-online-booking.jpg","type":"image\/jpeg"}],"twitter_card":"summary_large_image","twitter_misc":{"Dur\u00e9e de lecture estim\u00e9e":"2 minutes"},"schema":{"@context":"https:\/\/schema.org","@graph":[{"@type":"WebPage","@id":"https:\/\/tiketi.com\/companies\/buses\/east-delta-bus\/","url":"https:\/\/tiketi.com\/companies\/buses\/east-delta-bus\/","name":"R\u00e9servation en ligne de bus East Delta, billets d&#039;autocar, itin\u00e9raires et tarifs - Tiketi.com","isPartOf":{"@id":"https:\/\/tiketi.com\/#website"},"primaryImageOfPage":{"@id":"https:\/\/tiketi.com\/companies\/buses\/east-delta-bus\/#primaryimage"},"image":{"@id":"https:\/\/tiketi.com\/companies\/buses\/east-delta-bus\/#primaryimage"},"thumbnailUrl":"https:\/\/tiketi.com\/wp-content\/uploads\/2022\/01\/bus-ticket-online-booking.jpg","datePublished":"2023-12-21T13:12:43+00:00","dateModified":"2024-11-08T17:33:04+00:00","description":"Vous recherchez une r\u00e9servation en ligne pour East Delta Bus ? Faites une r\u00e9servation de billet de bus en ligne East Delta Coach en ligne d\u00e8s maintenant et \u00e9conomisez du temps et de l&#039;argent !","breadcrumb":{"@id":"https:\/\/tiketi.com\/companies\/buses\/east-delta-bus\/#breadcrumb"},"inLanguage":"fr-FR","potentialAction":[{"@type":"ReadAction","target":["https:\/\/tiketi.com\/companies\/buses\/east-delta-bus\/"]}]},{"@type":"ImageObject","inLanguage":"fr-FR","@id":"https:\/\/tiketi.com\/companies\/buses\/east-delta-bus\/#primaryimage","url":"https:\/\/tiketi.com\/wp-content\/uploads\/2022\/01\/bus-ticket-online-booking.jpg","contentUrl":"https:\/\/tiketi.com\/wp-content\/uploads\/2022\/01\/bus-ticket-online-booking.jpg","width":1200,"height":206,"caption":"Online Bus Ticket Booking"},{"@type":"BreadcrumbList","@id":"https:\/\/tiketi.com\/companies\/buses\/east-delta-bus\/#breadcrumb","itemListElement":[{"@type":"ListItem","position":1,"name":"Home","item":"https:\/\/tiketi.com\/"},{"@type":"ListItem","position":2,"name":"Companies","item":"https:\/\/tiketi.com\/companies\/"},{"@type":"ListItem","position":3,"name":"Buses","item":"https:\/\/tiketi.com\/companies\/buses\/"},{"@type":"ListItem","position":4,"name":"East Delta Bus Online Booking, Coach Bus Tickets, Routes &#038; Fares"}]},{"@type":"WebSite","@id":"https:\/\/tiketi.com\/#website","url":"https:\/\/tiketi.com\/","name":"Billets d&#039;avion et de bus, forfaits touristiques et activit\u00e9s - Tiketi.com","description":"Billets d&#039;avion et de bus, Tours, Activit\u00e9s","publisher":{"@id":"https:\/\/tiketi.com\/#organization"},"potentialAction":[{"@type":"SearchAction","target":{"@type":"EntryPoint","urlTemplate":"https:\/\/tiketi.com\/?s={search_term_string}"},"query-input":{"@type":"PropertyValueSpecification","valueRequired":true,"valueName":"search_term_string"}}],"inLanguage":"fr-FR"},{"@type":"Organization","@id":"https:\/\/tiketi.com\/#organization","name":"Tiketi.com","alternateName":"Tiketi","url":"https:\/\/tiketi.com\/","logo":{"@type":"ImageObject","inLanguage":"fr-FR","@id":"https:\/\/tiketi.com\/#\/schema\/logo\/image\/","url":"https:\/\/tiketi.com\/wp-content\/uploads\/2019\/05\/tiketi-logo-696.png","contentUrl":"https:\/\/tiketi.com\/wp-content\/uploads\/2019\/05\/tiketi-logo-696.png","width":696,"height":696,"caption":"Tiketi.com"},"image":{"@id":"https:\/\/tiketi.com\/#\/schema\/logo\/image\/"},"sameAs":["https:\/\/www.facebook.com\/TiketiCom\/"]}]}},"_links":{"self":[{"href":"https:\/\/tiketi.com\/fr-fr\/wp-json\/wp\/v2\/pages\/30253","targetHints":{"allow":["GET"]}}],"collection":[{"href":"https:\/\/tiketi.com\/fr-fr\/wp-json\/wp\/v2\/pages"}],"about":[{"href":"https:\/\/tiketi.com\/fr-fr\/wp-json\/wp\/v2\/types\/page"}],"author":[{"embeddable":true,"href":"https:\/\/tiketi.com\/fr-fr\/wp-json\/wp\/v2\/users\/1"}],"replies":[{"embeddable":true,"href":"https:\/\/tiketi.com\/fr-fr\/wp-json\/wp\/v2\/comments?post=30253"}],"version-history":[{"count":1,"href":"https:\/\/tiketi.com\/fr-fr\/wp-json\/wp\/v2\/pages\/30253\/revisions"}],"predecessor-version":[{"id":31115,"href":"https:\/\/tiketi.com\/fr-fr\/wp-json\/wp\/v2\/pages\/30253\/revisions\/31115"}],"up":[{"embeddable":true,"href":"https:\/\/tiketi.com\/fr-fr\/wp-json\/wp\/v2\/pages\/25524"}],"wp:featuredmedia":[{"embeddable":true,"href":"https:\/\/tiketi.com\/fr-fr\/wp-json\/wp\/v2\/media\/13999"}],"wp:attachment":[{"href":"https:\/\/tiketi.com\/fr-fr\/wp-json\/wp\/v2\/media?parent=30253"}],"curies":[{"name":"wp","href":"https:\/\/api.w.org\/{rel}","templated":true}]}}