{"id":30254,"date":"2023-12-21T14:17:34","date_gmt":"2023-12-21T13:17:34","guid":{"rendered":"https:\/\/tiketi.com\/?page_id=30254"},"modified":"2024-11-08T17:52:15","modified_gmt":"2024-11-08T16:52:15","slug":"west-delta-bus","status":"publish","type":"page","link":"https:\/\/tiketi.com\/fr-fr\/companies\/buses\/west-delta-bus\/","title":{"rendered":"R\u00e9servation en ligne de bus West Delta, billets, itin\u00e9raires et tarifs"},"content":{"rendered":"<div>\n<h2>R\u00e9servation de billets de bus en ligne pour West Delta<\/h2>\n<h3>D\u00e9couvrez votre itin\u00e9raire de voyage sur le Web, le mobile ou l&#039;application et r\u00e9servez des billets West Delta pas chers en ligne.<\/h3>\n<p>R\u00e9servation en ligne de bus West Delta simplifi\u00e9e. West Delta Bus, \u00e9galement appel\u00e9e West and Middle Delta Bus Company, est l&#039;une des soci\u00e9t\u00e9s de transport de passagers du groupe de transport terrestre et maritime. R\u00e9servez d\u00e8s maintenant vos billets de bus West Delta en ligne\u00a0!<\/p>\n<\/div>\n<div>\n<h2>R\u00e9servation en ligne de bus West Delta, billets de bus, itin\u00e9raires et tarifs\u00a0: FAQ<\/h2>\n<h3>Quels sont les itin\u00e9raires de bus de West Delta ?<\/h3>\n<div>L&#039;activit\u00e9 des bus du Delta Ouest atteint \u00e9galement le Sina\u00ef, la mer Rouge et Assouan, et comprend le transport de passagers entre les provinces, les voyages nationaux et \u00e9trangers et le transport touristique.<\/div>\n<div><\/div>\n<div>Les lignes de bus sont :<\/div>\n<div>(8) Raml- Alexandrie<\/div>\n<div>Le Caire \u2013 Damanhour<\/div>\n<div>Mahalla El Kubra occidental<\/div>\n<div>Menoufia \u2013 Kafr El Sheikh<\/div>\n<div><\/div>\n<\/div>\n<div>\n<h3>Compagnie et flotte de West Delta<\/h3>\n<p><span style=\"color: initial;\">La soci\u00e9t\u00e9 Central Delta a \u00e9t\u00e9 int\u00e9gr\u00e9e \u00e0 la soci\u00e9t\u00e9 West Delta Bus le 16 avril 2005. Depuis, la flotte de la soci\u00e9t\u00e9 a doubl\u00e9.<\/span><\/p>\n<\/div>\n<div>Ses lignes s&#039;\u00e9tendent pour relier les gouvernorats du Delta occidental et du Delta central \u00e0 sa densit\u00e9 et \u00e0 sa largeur.<\/div>\n<div><\/div>\n<div>Ainsi, la nouvelle entreprise consolide et r\u00e9organise ses efforts pour am\u00e9liorer la gamme de services fournis aux diff\u00e9rents niveaux et cat\u00e9gories du march\u00e9 du transport de passagers.<\/div>\n<div><\/div>\n<div>La ligne de l&#039;entreprise couvre le secteur occidental et le delta central en plus des voyages entre la Libye et l&#039;\u00c9gypte et des voyages vers la c\u00f4te nord.<\/div>\n<div><\/div>\n<div>Le service de r\u00e9servation automatis\u00e9 dans les principales gares du Caire, d&#039;Alexandrie et de Matroush est d\u00e9sormais propos\u00e9 via le syst\u00e8me de r\u00e9servation automatis\u00e9 via Internet.<\/div>\n<h3>Ligne de bus West Delta<\/h3>\n<div>L&#039;entreprise propose un service unique durant l&#039;\u00e9t\u00e9.<\/div>\n<div>Il fonctionne via le si\u00e8ge social \u00e0 <a href=\"https:\/\/tiketi.com\/fr-fr\/online-bus-tickets-from-cairo-to-alexandria\/\">Alexandrie<\/a> et ses succursales sont situ\u00e9es dans les gouvernorats du Caire, de Matruh et d&#039;Alexandrie, d&#039;El-Gharbia, d&#039;El-Menoufia et de Kafr El Sheikh.<\/div>\n<div>\n<h3>Quelles sont les coordonn\u00e9es du bureau de bus de West Delta ?<\/h3>\n<\/div>\n<div>Place Almaza, Almaza, Le Caire<\/div>\n<div>1343 Corniche El-Nil,<\/div>\n<div>Shoubra, Le Caire<\/div>\n<div>\n<h2>Conseils pour la r\u00e9servation de billets de bus en ligne pour West Delta<\/h2>\n<p>Elle fonctionne depuis les ann\u00e9es 1950 en tant qu&#039;entreprise du secteur priv\u00e9, puis en 1961 en tant que filiale d&#039;un minist\u00e8re des Transports, puis en tant qu&#039;entreprise du secteur public en 1970, puis en tant qu&#039;entreprise du secteur public conform\u00e9ment \u00e0 la loi 203 de 1991.<\/p>\n<\/div>","protected":false},"excerpt":{"rendered":"<p>West Delta Online Bus\u00a0Ticket Booking Discover your travel route on web, mobile or app and book cheap West Delta tickets online. West Delta bus online booking made easy. West Delta bus also called as West and middle Delta bus firm is one of the passenger transport firms of the holding firm for land and maritime [&hellip;]<\/p>\n","protected":false},"author":1,"featured_media":13999,"parent":25524,"menu_order":0,"comment_status":"closed","ping_status":"closed","template":"template-home-modern.php","meta":{"footnotes":""},"class_list":["post-30254","page","type-page","status-publish","has-post-thumbnail","hentry"],"yoast_head":"<!-- This site is optimized with the Yoast SEO plugin v27.2 - https:\/\/yoast.com\/product\/yoast-seo-wordpress\/ -->\n<title>West Delta Bus Online Booking, Coach Bus Tickets, Routes &amp; Fare - Tiketi.com<\/title>\n<meta name=\"description\" content=\"Looking for West Delta Bus Online Booking? Make a West Delta Coach online bus ticket booking online now and save time and money!\" \/>\n<meta name=\"robots\" content=\"index, follow, max-snippet:-1, max-image-preview:large, max-video-preview:-1\" \/>\n<link rel=\"canonical\" href=\"https:\/\/tiketi.com\/fr-fr\/companies\/buses\/west-delta-bus\/\" \/>\n<meta property=\"og:locale\" content=\"fr_FR\" \/>\n<meta property=\"og:type\" content=\"article\" \/>\n<meta property=\"og:title\" content=\"West Delta Bus Online Booking, Coach Bus Tickets, Routes &amp; Fare - Tiketi.com\" \/>\n<meta property=\"og:description\" content=\"Looking for West Delta Bus Online Booking? Make a West Delta Coach online bus ticket booking online now and save time and money!\" \/>\n<meta property=\"og:url\" content=\"https:\/\/tiketi.com\/fr-fr\/companies\/buses\/west-delta-bus\/\" \/>\n<meta property=\"og:site_name\" content=\"Tiketi.com\" \/>\n<meta property=\"article:publisher\" content=\"https:\/\/www.facebook.com\/TiketiCom\/\" \/>\n<meta property=\"article:modified_time\" content=\"2024-11-08T16:52:15+00:00\" \/>\n<meta property=\"og:image\" content=\"https:\/\/tiketi.com\/wp-content\/uploads\/2022\/01\/bus-ticket-online-booking.jpg\" \/>\n\t<meta property=\"og:image:width\" content=\"1200\" \/>\n\t<meta property=\"og:image:height\" content=\"206\" \/>\n\t<meta property=\"og:image:type\" content=\"image\/jpeg\" \/>\n<meta name=\"twitter:card\" content=\"summary_large_image\" \/>\n<meta name=\"twitter:label1\" content=\"Dur\u00e9e de lecture estim\u00e9e\" \/>\n\t<meta name=\"twitter:data1\" content=\"2 minutes\" \/>\n<script type=\"application\/ld+json\" class=\"yoast-schema-graph\">{\"@context\":\"https:\/\/schema.org\",\"@graph\":[{\"@type\":\"WebPage\",\"@id\":\"https:\/\/tiketi.com\/companies\/buses\/west-delta-bus\/\",\"url\":\"https:\/\/tiketi.com\/companies\/buses\/west-delta-bus\/\",\"name\":\"West Delta Bus Online Booking, Coach Bus Tickets, Routes & Fare - Tiketi.com\",\"isPartOf\":{\"@id\":\"https:\/\/tiketi.com\/#website\"},\"primaryImageOfPage\":{\"@id\":\"https:\/\/tiketi.com\/companies\/buses\/west-delta-bus\/#primaryimage\"},\"image\":{\"@id\":\"https:\/\/tiketi.com\/companies\/buses\/west-delta-bus\/#primaryimage\"},\"thumbnailUrl\":\"https:\/\/tiketi.com\/wp-content\/uploads\/2022\/01\/bus-ticket-online-booking.jpg\",\"datePublished\":\"2023-12-21T13:17:34+00:00\",\"dateModified\":\"2024-11-08T16:52:15+00:00\",\"description\":\"Looking for West Delta Bus Online Booking? Make a West Delta Coach online bus ticket booking online now and save time and money!\",\"breadcrumb\":{\"@id\":\"https:\/\/tiketi.com\/companies\/buses\/west-delta-bus\/#breadcrumb\"},\"inLanguage\":\"fr-FR\",\"potentialAction\":[{\"@type\":\"ReadAction\",\"target\":[\"https:\/\/tiketi.com\/companies\/buses\/west-delta-bus\/\"]}]},{\"@type\":\"ImageObject\",\"inLanguage\":\"fr-FR\",\"@id\":\"https:\/\/tiketi.com\/companies\/buses\/west-delta-bus\/#primaryimage\",\"url\":\"https:\/\/tiketi.com\/wp-content\/uploads\/2022\/01\/bus-ticket-online-booking.jpg\",\"contentUrl\":\"https:\/\/tiketi.com\/wp-content\/uploads\/2022\/01\/bus-ticket-online-booking.jpg\",\"width\":1200,\"height\":206,\"caption\":\"Online Bus Ticket Booking\"},{\"@type\":\"BreadcrumbList\",\"@id\":\"https:\/\/tiketi.com\/companies\/buses\/west-delta-bus\/#breadcrumb\",\"itemListElement\":[{\"@type\":\"ListItem\",\"position\":1,\"name\":\"Home\",\"item\":\"https:\/\/tiketi.com\/\"},{\"@type\":\"ListItem\",\"position\":2,\"name\":\"Companies\",\"item\":\"https:\/\/tiketi.com\/companies\/\"},{\"@type\":\"ListItem\",\"position\":3,\"name\":\"Buses\",\"item\":\"https:\/\/tiketi.com\/companies\/buses\/\"},{\"@type\":\"ListItem\",\"position\":4,\"name\":\"West Delta Bus Online Booking, Coach Bus Tickets, Routes &#038; Fare\"}]},{\"@type\":\"WebSite\",\"@id\":\"https:\/\/tiketi.com\/#website\",\"url\":\"https:\/\/tiketi.com\/\",\"name\":\"Flight & Bus Tickets, Tour Packages & Activitites - Tiketi.com\",\"description\":\"Flight &amp; Bus Tickets, Tours, Activitites\",\"publisher\":{\"@id\":\"https:\/\/tiketi.com\/#organization\"},\"potentialAction\":[{\"@type\":\"SearchAction\",\"target\":{\"@type\":\"EntryPoint\",\"urlTemplate\":\"https:\/\/tiketi.com\/?s={search_term_string}\"},\"query-input\":{\"@type\":\"PropertyValueSpecification\",\"valueRequired\":true,\"valueName\":\"search_term_string\"}}],\"inLanguage\":\"fr-FR\"},{\"@type\":\"Organization\",\"@id\":\"https:\/\/tiketi.com\/#organization\",\"name\":\"Tiketi.com\",\"alternateName\":\"Tiketi\",\"url\":\"https:\/\/tiketi.com\/\",\"logo\":{\"@type\":\"ImageObject\",\"inLanguage\":\"fr-FR\",\"@id\":\"https:\/\/tiketi.com\/#\/schema\/logo\/image\/\",\"url\":\"https:\/\/tiketi.com\/wp-content\/uploads\/2019\/05\/tiketi-logo-696.png\",\"contentUrl\":\"https:\/\/tiketi.com\/wp-content\/uploads\/2019\/05\/tiketi-logo-696.png\",\"width\":696,\"height\":696,\"caption\":\"Tiketi.com\"},\"image\":{\"@id\":\"https:\/\/tiketi.com\/#\/schema\/logo\/image\/\"},\"sameAs\":[\"https:\/\/www.facebook.com\/TiketiCom\/\"]}]}<\/script>\n<!-- \/ Yoast SEO plugin. -->","yoast_head_json":{"title":"R\u00e9servation en ligne de bus West Delta, billets, itin\u00e9raires et tarifs - Tiketi.com","description":"Vous cherchez une r\u00e9servation en ligne pour West Delta Bus\u00a0? R\u00e9servez d\u00e8s maintenant votre billet de bus West Delta Coach en ligne et gagnez du temps et de l&#039;argent\u00a0!","robots":{"index":"index","follow":"follow","max-snippet":"max-snippet:-1","max-image-preview":"max-image-preview:large","max-video-preview":"max-video-preview:-1"},"canonical":"https:\/\/tiketi.com\/fr-fr\/companies\/buses\/west-delta-bus\/","og_locale":"fr_FR","og_type":"article","og_title":"West Delta Bus Online Booking, Coach Bus Tickets, Routes & Fare - Tiketi.com","og_description":"Looking for West Delta Bus Online Booking? Make a West Delta Coach online bus ticket booking online now and save time and money!","og_url":"https:\/\/tiketi.com\/fr-fr\/companies\/buses\/west-delta-bus\/","og_site_name":"Tiketi.com","article_publisher":"https:\/\/www.facebook.com\/TiketiCom\/","article_modified_time":"2024-11-08T16:52:15+00:00","og_image":[{"width":1200,"height":206,"url":"https:\/\/tiketi.com\/wp-content\/uploads\/2022\/01\/bus-ticket-online-booking.jpg","type":"image\/jpeg"}],"twitter_card":"summary_large_image","twitter_misc":{"Dur\u00e9e de lecture estim\u00e9e":"2 minutes"},"schema":{"@context":"https:\/\/schema.org","@graph":[{"@type":"WebPage","@id":"https:\/\/tiketi.com\/companies\/buses\/west-delta-bus\/","url":"https:\/\/tiketi.com\/companies\/buses\/west-delta-bus\/","name":"R\u00e9servation en ligne de bus West Delta, billets, itin\u00e9raires et tarifs - Tiketi.com","isPartOf":{"@id":"https:\/\/tiketi.com\/#website"},"primaryImageOfPage":{"@id":"https:\/\/tiketi.com\/companies\/buses\/west-delta-bus\/#primaryimage"},"image":{"@id":"https:\/\/tiketi.com\/companies\/buses\/west-delta-bus\/#primaryimage"},"thumbnailUrl":"https:\/\/tiketi.com\/wp-content\/uploads\/2022\/01\/bus-ticket-online-booking.jpg","datePublished":"2023-12-21T13:17:34+00:00","dateModified":"2024-11-08T16:52:15+00:00","description":"Vous cherchez une r\u00e9servation en ligne pour West Delta Bus\u00a0? R\u00e9servez d\u00e8s maintenant votre billet de bus West Delta Coach en ligne et gagnez du temps et de l&#039;argent\u00a0!","breadcrumb":{"@id":"https:\/\/tiketi.com\/companies\/buses\/west-delta-bus\/#breadcrumb"},"inLanguage":"fr-FR","potentialAction":[{"@type":"ReadAction","target":["https:\/\/tiketi.com\/companies\/buses\/west-delta-bus\/"]}]},{"@type":"ImageObject","inLanguage":"fr-FR","@id":"https:\/\/tiketi.com\/companies\/buses\/west-delta-bus\/#primaryimage","url":"https:\/\/tiketi.com\/wp-content\/uploads\/2022\/01\/bus-ticket-online-booking.jpg","contentUrl":"https:\/\/tiketi.com\/wp-content\/uploads\/2022\/01\/bus-ticket-online-booking.jpg","width":1200,"height":206,"caption":"Online Bus Ticket Booking"},{"@type":"BreadcrumbList","@id":"https:\/\/tiketi.com\/companies\/buses\/west-delta-bus\/#breadcrumb","itemListElement":[{"@type":"ListItem","position":1,"name":"Home","item":"https:\/\/tiketi.com\/"},{"@type":"ListItem","position":2,"name":"Companies","item":"https:\/\/tiketi.com\/companies\/"},{"@type":"ListItem","position":3,"name":"Buses","item":"https:\/\/tiketi.com\/companies\/buses\/"},{"@type":"ListItem","position":4,"name":"West Delta Bus Online Booking, Coach Bus Tickets, Routes &#038; Fare"}]},{"@type":"WebSite","@id":"https:\/\/tiketi.com\/#website","url":"https:\/\/tiketi.com\/","name":"Billets d&#039;avion et de bus, forfaits touristiques et activit\u00e9s - Tiketi.com","description":"Billets d&#039;avion et de bus, Tours, Activit\u00e9s","publisher":{"@id":"https:\/\/tiketi.com\/#organization"},"potentialAction":[{"@type":"SearchAction","target":{"@type":"EntryPoint","urlTemplate":"https:\/\/tiketi.com\/?s={search_term_string}"},"query-input":{"@type":"PropertyValueSpecification","valueRequired":true,"valueName":"search_term_string"}}],"inLanguage":"fr-FR"},{"@type":"Organization","@id":"https:\/\/tiketi.com\/#organization","name":"Tiketi.com","alternateName":"Tiketi","url":"https:\/\/tiketi.com\/","logo":{"@type":"ImageObject","inLanguage":"fr-FR","@id":"https:\/\/tiketi.com\/#\/schema\/logo\/image\/","url":"https:\/\/tiketi.com\/wp-content\/uploads\/2019\/05\/tiketi-logo-696.png","contentUrl":"https:\/\/tiketi.com\/wp-content\/uploads\/2019\/05\/tiketi-logo-696.png","width":696,"height":696,"caption":"Tiketi.com"},"image":{"@id":"https:\/\/tiketi.com\/#\/schema\/logo\/image\/"},"sameAs":["https:\/\/www.facebook.com\/TiketiCom\/"]}]}},"_links":{"self":[{"href":"https:\/\/tiketi.com\/fr-fr\/wp-json\/wp\/v2\/pages\/30254","targetHints":{"allow":["GET"]}}],"collection":[{"href":"https:\/\/tiketi.com\/fr-fr\/wp-json\/wp\/v2\/pages"}],"about":[{"href":"https:\/\/tiketi.com\/fr-fr\/wp-json\/wp\/v2\/types\/page"}],"author":[{"embeddable":true,"href":"https:\/\/tiketi.com\/fr-fr\/wp-json\/wp\/v2\/users\/1"}],"replies":[{"embeddable":true,"href":"https:\/\/tiketi.com\/fr-fr\/wp-json\/wp\/v2\/comments?post=30254"}],"version-history":[{"count":5,"href":"https:\/\/tiketi.com\/fr-fr\/wp-json\/wp\/v2\/pages\/30254\/revisions"}],"predecessor-version":[{"id":31105,"href":"https:\/\/tiketi.com\/fr-fr\/wp-json\/wp\/v2\/pages\/30254\/revisions\/31105"}],"up":[{"embeddable":true,"href":"https:\/\/tiketi.com\/fr-fr\/wp-json\/wp\/v2\/pages\/25524"}],"wp:featuredmedia":[{"embeddable":true,"href":"https:\/\/tiketi.com\/fr-fr\/wp-json\/wp\/v2\/media\/13999"}],"wp:attachment":[{"href":"https:\/\/tiketi.com\/fr-fr\/wp-json\/wp\/v2\/media?parent=30254"}],"curies":[{"name":"wp","href":"https:\/\/api.w.org\/{rel}","templated":true}]}}