{"id":32185,"date":"2025-07-29T14:45:09","date_gmt":"2025-07-29T13:45:09","guid":{"rendered":"https:\/\/tiketi.com\/?page_id=32185"},"modified":"2025-08-03T15:18:02","modified_gmt":"2025-08-03T14:18:02","slug":"burj-khalifa-to-jumeirah-beach","status":"publish","type":"page","link":"https:\/\/tiketi.com\/fr-fr\/volants\/taxi-aerien\/dubai\/burj-khalifa-to-jumeirah-beach\/","title":{"rendered":"Easy Flying Taxi from Burj Khalifa to Jumeirah Beach Online Bookings"},"content":{"rendered":"<h2>Book an Air Taxi from Burj Khalifa to Jumeirah Beach: The Ultimate in Convenience and Luxury<\/h2>\n<p>The Cheap air taxi from Burj Khalifa to Jumeirah Beach booking app allows users to easily reserve helicopter and flying taxi flight tickets. Dubai, the city of innovation, ambition, and sheer opulence, offers visitors and residents a wealth of experiences, from its iconic skyline to world-renowned attractions. But as magnificent as the city is, its traffic can often test even the most patient traveler. Whether you&#8217;re stuck in traffic on Sheikh Zayed Road, waiting for a taxi, or fighting for a parking spot in the heart of Downtown Dubai, the minutes can easily slip away.<\/p>\n<p>That&#8217;s where air taxis come in. Picture this: Instead of enduring the usual congestion, you can soar effortlessly from the <strong>Burj Khalifa<\/strong> pour<strong> Jumeirah Beach<\/strong>, bypassing traffic and landing in minutes\u2014all while enjoying breathtaking views of the city\u2019s most iconic landmarks. This electric vertical takeoff and landing (eVTOL) service promises to deliver a fast, eco-friendly, and luxurious way to travel across Dubai.<\/p>\n<h2>Why Choose an Air Taxi?<\/h2>\n<ul>\n<li><strong>Gagnez du temps<\/strong> \u2013 Avoid the hassle of road traffic and enjoy a direct flight between the Burj Khalifa and Jumeirah Beach.<\/li>\n<li><strong>\u00c9cologique et silencieux<\/strong> \u2013 Nos avions \u00e9lectriques sont jusqu&#039;\u00e0 100 fois plus silencieux que les h\u00e9licopt\u00e8res traditionnels et ne produisent aucune \u00e9mission.<\/li>\n<li><strong>S\u00e9curit\u00e9 certifi\u00e9e<\/strong> \u2013 Nos avions sont pilot\u00e9s par des pilotes agr\u00e9\u00e9s et sont \u00e9quip\u00e9s de multiples syst\u00e8mes de s\u00e9curit\u00e9 redondants afin de garantir un voyage en toute s\u00e9curit\u00e9.<\/li>\n<li><strong>Comfortable Experience<\/strong> \u2013 D&#039;un simple clic, vous \u00eates parti \u2013 sans tracas, sans stress.<\/li>\n<li><strong>Effortless Booking<\/strong> \u2013 No waiting for cabs, no long drives through congested streets. Just a seamless, efficient ride from one iconic destination to the next.<\/li>\n<\/ul>\n<h2>How It Works: Booking Your Flying Taxi from Burj Khalifa to Jumeirah Beach<\/h2>\n<p>Booking your flight to the Jumeirah Beach from Burj Khalifa couldn\u2019t be simpler:<\/p>\n<ol>\n<li><strong>Ouvrez le <a href=\"https:\/\/tiketi.com\/fr-fr\/download-tiketi-app\/\" target=\"_blank\" rel=\"noopener\">Application Tiketi<\/a> ou site Web<\/strong><\/li>\n<li><strong>Select Your Departure <\/strong>\u2013 Choose from:<strong><br \/>\n\u25e6 Burj Khalifa Vertiport<\/strong> (for convenient access to Downtown Dubai, DIFC, and surrounding landmarks)<strong><br \/>\n\u25e6 Jumeirah Beach Vertiport<\/strong> (perfect for beachgoers, tourists, and locals enjoying the waterfront)<\/li>\n<li><strong>Pick Your Aircraft\u2013 <\/strong>Choose between a <strong>2-seat or 4-seat electric air taxi <\/strong>for a comfortable, eco-friendly journey.<\/li>\n<li><strong>Confirmer et partir<\/strong> \u2013 Arrive at your vertiport, and within moments, you\u2019ll be in the air, bypassing the traffic below.<\/li>\n<\/ol>\n<p>In just a few minutes, you\u2019ll be soaring over <strong>Crique de Duba\u00ef<\/strong>, <strong>Jumeirah Beach<\/strong>, and the iconic <strong>Burj Al-Arab<\/strong>, enjoying sweeping aerial views of the city&#8217;s stunning coastline, luxury hotels, and world-class attractions before landing near <strong>Jumeirah Beach<\/strong>.<\/p>\n<h2>Planned Routes:\u00a0Air Taxi from Burj Khalifa to Jumeirah Beach<\/h2>\n<p>Dubai&#8217;s compact, vertical city layout makes it the perfect destination for air taxis. These <strong>eVTOL routes<\/strong> are specifically designed to save you time and offer a unique perspective of the city\u2019s beauty, which can only be experienced from the sky.<\/p>\n<ul>\n<li><strong>Burj Khalifa \u2192 Jumeirah Beach<\/strong> \u2013 ~7 minutes (vs. 25\u201340 minutes by car in traffic)<\/li>\n<li><strong>Burj Khalifa \u2192 Dubai Marina<\/strong> \u2013 ~10 minutes (compared to 20\u201330 minutes by road)<\/li>\n<li><strong>Burj Khalifa \u2192 Dubai International Airport (DXB)<\/strong> \u2013 ~15 minutes (as opposed to 30\u201345 minutes by car)<\/li>\n<\/ul>\n<p>These routes not only save you time, but they also offer an exclusive chance to view Dubai&#8217;s breathtaking skyline, beaches, and luxury resorts from above.<\/p>\n<h2>Options de tarification et de r\u00e9servation des taxis volants<\/h2>\n<p>The pricing for these air taxis is designed to be competitive with other premium transportation options, offering exceptional value for the time you save:<\/p>\n<ul>\n<li><strong>Pricing:<\/strong> AED 150\u2013300 per passenger-mile<\/li>\n<li><strong>Example: Burj Khalifa \u2192 Jumeirah Beach<\/strong> (~5 miles) = AED 150\u2013250, comparable to a premium taxi or limousine service.<\/li>\n<\/ul>\n<p>\u00c0 venir:<\/p>\n<ul>\n<li><strong>Monthly commuter passes<\/strong> for frequent business travelers.<\/li>\n<li><strong>Corporate packages<\/strong> for companies with regular travel needs.<\/li>\n<li><strong>Event transport<\/strong> for VIPs attending Dubai\u2019s major events (e.g., Dubai Expo, concerts at Coca-Cola Arena).<\/li>\n<li><strong>Hotel pick-up services<\/strong> with <strong>luggage delivery<\/strong> for added convenience.<\/li>\n<\/ul>\n<h2>Qui est \u00e0 l&#039;avant-garde ?<\/h2>\n<p>Meet the pioneers bringing aerial mobility to Dubai:<\/p>\n<ul>\n<li><strong>Joby Aviation:<\/strong> Launching 200\u202fmph eVTOL flights from Dubai\u2019s airports, priced similarly to premium car services.<\/li>\n<li><strong>Skyports :<\/strong> Developing vertiports and charging hubs across Dubai and the wider UAE.<\/li>\n<li><strong>Dubai Government:<\/strong> Investing heavily in the UAE\u2019s aerial mobility infrastructure, paving the way for sustainable, high-tech air travel.<\/li>\n<\/ul>\n<h2>Foire aux questions (FAQ)<\/h2>\n<h3>1. Est-il s\u00e9curitaire de voyager en taxi a\u00e9rien ?<\/h3>\n<p>Absolument\u00a0! Tous les vols sont conformes \u00e0 la r\u00e9glementation de la DCAA et nos pilotes sont hautement qualifi\u00e9s, garantissant ainsi les normes de s\u00e9curit\u00e9 les plus strictes.<\/p>\n<h3>2. Et si le temps change ?<\/h3>\n<p>Les vols ne sont op\u00e9r\u00e9s que lorsque les conditions m\u00e9t\u00e9orologiques sont s\u00fbres. En cas d&#039;annulation ou de retard, nous vous informerons et vous proposerons des options de modification de r\u00e9servation ou de remboursement.<\/p>\n<h3>3. Puis-je apporter des bagages ?<\/h3>\n<p>Oui, les taxis a\u00e9riens acceptent les bagages \u00e0 main. Les bagages plus volumineux ou les articles sp\u00e9ciaux peuvent n\u00e9cessiter un service de livraison pr\u00e9-organis\u00e9 pour leur livraison \u00e0 destination.<\/p>\n<h3>4. Comment r\u00e9server mon taxi a\u00e9rien ?<\/h3>\n<p>R\u00e9servez facilement votre taxi a\u00e9rien via l&#039;application Tiketi ou son site web. Choisissez simplement vos lieux de d\u00e9part et d&#039;arriv\u00e9e, s\u00e9lectionnez votre avion et confirmez votre r\u00e9servation.<\/p>\n<h2>Ready to Fly Above Dubai\u2019s Traffic?<\/h2>\n<p>Whether you&#8217;re heading to the beach, looking to enjoy a quick getaway, or just want to experience Dubai from a whole new angle, our<strong> eVTOL air taxis<\/strong> depuis <strong>Burj Khalifa<\/strong> pour <strong>Jumeirah Beach<\/strong> provide a fast, eco-friendly, and luxury way to travel.<br \/>\nDownload the app and book your flight today\u2014because in Dubai, your time deserves to soar!<\/p>\n<h2>Autres vols populaires en taxi a\u00e9rien<\/h2>\n<table border=\"0\" cellspacing=\"1\" cellpadding=\"1\">\n<tbody>\n<tr>\n<td>Bon march\u00e9 <a href=\"https:\/\/tiketi.com\/fr-fr\/volants\/taxi-aerien\/abu-dhabi\/\" target=\"_blank\" rel=\"noopener\">taxi a\u00e9rien \u00e0 Abu Dhabi<\/a><\/td>\n<td style=\"width: 30px;\"><\/td>\n<td>Bon march\u00e9 <a href=\"https:\/\/tiketi.com\/fr-fr\/volants\/taxi-aerien\/dubai\/\" target=\"_blank\" rel=\"noopener\">taxi a\u00e9rien \u00e0 Duba\u00ef<\/a><\/td>\n<td style=\"width: 30px;\"><\/td>\n<td>Bon march\u00e9 <a href=\"https:\/\/tiketi.com\/fr-fr\/volants\/taxi-aerien\/london\/\" target=\"_blank\" rel=\"noopener\">taxi a\u00e9rien \u00e0 Londres<\/a><\/td>\n<\/tr>\n<tr>\n<td>Bon march\u00e9 <a href=\"https:\/\/tiketi.com\/fr-fr\/volants\/taxi-aerien\/singapore\/\" target=\"_blank\" rel=\"noopener\">taxi a\u00e9rien \u00e0 Singapour<\/a><\/td>\n<td style=\"width: 30px;\"><\/td>\n<td>Bon march\u00e9 <a href=\"https:\/\/tiketi.com\/fr-fr\/volants\/taxi-aerien\/new-york-nyc\/\" target=\"_blank\" rel=\"noopener\">taxi a\u00e9rien \u00e0 New York<\/a><\/td>\n<td style=\"width: 30px;\"><\/td>\n<td>Bon march\u00e9 <a href=\"https:\/\/tiketi.com\/fr-fr\/volants\/taxi-aerien\/paris\/\" target=\"_blank\" rel=\"noopener\">taxi a\u00e9rien \u00e0 Paris<\/a><\/td>\n<\/tr>\n<tr>\n<td>Bon march\u00e9 <a href=\"https:\/\/tiketi.com\/fr-fr\/volants\/taxi-aerien\/sydney\/\" target=\"_blank\" rel=\"noopener\">taxi a\u00e9rien \u00e0 Sydney<\/a><\/td>\n<td style=\"width: 30px;\"><\/td>\n<td>Bon march\u00e9 <a href=\"https:\/\/tiketi.com\/fr-fr\/volants\/taxi-aerien\/berlin\/\" target=\"_blank\" rel=\"noopener\">taxi a\u00e9rien \u00e0 Berlin<\/a><\/td>\n<td style=\"width: 30px;\"><\/td>\n<td>Bon march\u00e9 <a href=\"https:\/\/tiketi.com\/fr-fr\/volants\/taxi-aerien\/hong-kong\/\" target=\"_blank\" rel=\"noopener\">taxi a\u00e9rien \u00e0 Hong Kong<\/a><\/td>\n<\/tr>\n<\/tbody>\n<\/table>\n<p>&nbsp;<\/p>\n<p>&nbsp;<\/p>","protected":false},"excerpt":{"rendered":"<p>Book an Air Taxi from Burj Khalifa to Jumeirah Beach: The Ultimate in Convenience and Luxury The Cheap air taxi from Burj Khalifa to Jumeirah Beach booking app allows users to easily reserve helicopter and flying taxi flight tickets. Dubai, the city of innovation, ambition, and sheer opulence, offers visitors and residents a wealth of [&hellip;]<\/p>\n","protected":false},"author":1,"featured_media":21978,"parent":10748,"menu_order":0,"comment_status":"closed","ping_status":"closed","template":"template-home-modern.php","meta":{"footnotes":""},"class_list":["post-32185","page","type-page","status-publish","has-post-thumbnail","hentry"],"yoast_head":"<!-- This site is optimized with the Yoast SEO plugin v27.5 - https:\/\/yoast.com\/product\/yoast-seo-wordpress\/ -->\n<title>Book an Air Taxi from Burj Khalifa to Jumeirah Beach<\/title>\n<meta name=\"description\" content=\"Book an air taxi from Burj Khalifa to Jumeirah Beach online with our app. Compare routes, fares, &amp; flight tickets for flying taxis\" \/>\n<meta name=\"robots\" content=\"index, follow, max-snippet:-1, max-image-preview:large, max-video-preview:-1\" \/>\n<link rel=\"canonical\" href=\"https:\/\/tiketi.com\/fr-fr\/volants\/taxi-aerien\/dubai\/burj-khalifa-to-jumeirah-beach\/\" \/>\n<meta property=\"og:locale\" content=\"fr_FR\" \/>\n<meta property=\"og:type\" content=\"article\" \/>\n<meta property=\"og:title\" content=\"Book an Air Taxi from Burj Khalifa to Jumeirah Beach\" \/>\n<meta property=\"og:description\" content=\"Book an air taxi from Burj Khalifa to Jumeirah Beach online with our app. Compare routes, fares, &amp; flight tickets for flying taxis\" \/>\n<meta property=\"og:url\" content=\"https:\/\/tiketi.com\/fr-fr\/volants\/taxi-aerien\/dubai\/burj-khalifa-to-jumeirah-beach\/\" \/>\n<meta property=\"og:site_name\" content=\"Tiketi.com\" \/>\n<meta property=\"article:publisher\" content=\"https:\/\/www.facebook.com\/TiketiCom\/\" \/>\n<meta property=\"article:modified_time\" content=\"2025-08-03T14:18:02+00:00\" \/>\n<meta property=\"og:image\" content=\"https:\/\/tiketi.com\/wp-content\/uploads\/2022\/02\/dubai-tour-packages-buildin.jpg\" \/>\n\t<meta property=\"og:image:width\" content=\"1200\" \/>\n\t<meta property=\"og:image:height\" content=\"200\" \/>\n\t<meta property=\"og:image:type\" content=\"image\/jpeg\" \/>\n<meta name=\"twitter:card\" content=\"summary_large_image\" \/>\n<meta name=\"twitter:label1\" content=\"Dur\u00e9e de lecture estim\u00e9e\" \/>\n\t<meta name=\"twitter:data1\" content=\"5 minutes\" \/>\n<script type=\"application\/ld+json\" class=\"yoast-schema-graph\">{\"@context\":\"https:\\\/\\\/schema.org\",\"@graph\":[{\"@type\":\"WebPage\",\"@id\":\"https:\\\/\\\/tiketi.com\\\/flying\\\/air-taxi\\\/dubai\\\/burj-khalifa-to-jumeirah-beach\\\/\",\"url\":\"https:\\\/\\\/tiketi.com\\\/flying\\\/air-taxi\\\/dubai\\\/burj-khalifa-to-jumeirah-beach\\\/\",\"name\":\"Book an Air Taxi from Burj Khalifa to Jumeirah Beach\",\"isPartOf\":{\"@id\":\"https:\\\/\\\/tiketi.com\\\/#website\"},\"primaryImageOfPage\":{\"@id\":\"https:\\\/\\\/tiketi.com\\\/flying\\\/air-taxi\\\/dubai\\\/burj-khalifa-to-jumeirah-beach\\\/#primaryimage\"},\"image\":{\"@id\":\"https:\\\/\\\/tiketi.com\\\/flying\\\/air-taxi\\\/dubai\\\/burj-khalifa-to-jumeirah-beach\\\/#primaryimage\"},\"thumbnailUrl\":\"https:\\\/\\\/tiketi.com\\\/wp-content\\\/uploads\\\/2022\\\/02\\\/dubai-tour-packages-buildin.jpg\",\"datePublished\":\"2025-07-29T13:45:09+00:00\",\"dateModified\":\"2025-08-03T14:18:02+00:00\",\"description\":\"Book an air taxi from Burj Khalifa to Jumeirah Beach online with our app. Compare routes, fares, & flight tickets for flying taxis\",\"breadcrumb\":{\"@id\":\"https:\\\/\\\/tiketi.com\\\/flying\\\/air-taxi\\\/dubai\\\/burj-khalifa-to-jumeirah-beach\\\/#breadcrumb\"},\"inLanguage\":\"fr-FR\",\"potentialAction\":[{\"@type\":\"ReadAction\",\"target\":[\"https:\\\/\\\/tiketi.com\\\/flying\\\/air-taxi\\\/dubai\\\/burj-khalifa-to-jumeirah-beach\\\/\"]}]},{\"@type\":\"ImageObject\",\"inLanguage\":\"fr-FR\",\"@id\":\"https:\\\/\\\/tiketi.com\\\/flying\\\/air-taxi\\\/dubai\\\/burj-khalifa-to-jumeirah-beach\\\/#primaryimage\",\"url\":\"https:\\\/\\\/tiketi.com\\\/wp-content\\\/uploads\\\/2022\\\/02\\\/dubai-tour-packages-buildin.jpg\",\"contentUrl\":\"https:\\\/\\\/tiketi.com\\\/wp-content\\\/uploads\\\/2022\\\/02\\\/dubai-tour-packages-buildin.jpg\",\"width\":1200,\"height\":200,\"caption\":\"Dubai Tour Packages\"},{\"@type\":\"BreadcrumbList\",\"@id\":\"https:\\\/\\\/tiketi.com\\\/flying\\\/air-taxi\\\/dubai\\\/burj-khalifa-to-jumeirah-beach\\\/#breadcrumb\",\"itemListElement\":[{\"@type\":\"ListItem\",\"position\":1,\"name\":\"Home\",\"item\":\"https:\\\/\\\/tiketi.com\\\/\"},{\"@type\":\"ListItem\",\"position\":2,\"name\":\"Flying\",\"item\":\"https:\\\/\\\/tiketi.com\\\/fr-fr\\\/volants\\\/\"},{\"@type\":\"ListItem\",\"position\":3,\"name\":\"Air Taxi\",\"item\":\"https:\\\/\\\/tiketi.com\\\/flying\\\/air-taxi\\\/\"},{\"@type\":\"ListItem\",\"position\":4,\"name\":\"Fly Over Dubai\u2019s Roads \u2013 Easy Air Taxi Dubai Online Bookings\",\"item\":\"https:\\\/\\\/tiketi.com\\\/flying\\\/air-taxi\\\/dubai\\\/\"},{\"@type\":\"ListItem\",\"position\":5,\"name\":\"Easy Flying Taxi from Burj Khalifa to Jumeirah Beach Online Bookings\"}]},{\"@type\":\"WebSite\",\"@id\":\"https:\\\/\\\/tiketi.com\\\/#website\",\"url\":\"https:\\\/\\\/tiketi.com\\\/\",\"name\":\"Flight & Bus Tickets, Tour Packages & Activitites - Tiketi.com\",\"description\":\"Flight &amp; Bus Tickets, Tours, Activitites\",\"publisher\":{\"@id\":\"https:\\\/\\\/tiketi.com\\\/#organization\"},\"potentialAction\":[{\"@type\":\"SearchAction\",\"target\":{\"@type\":\"EntryPoint\",\"urlTemplate\":\"https:\\\/\\\/tiketi.com\\\/?s={search_term_string}\"},\"query-input\":{\"@type\":\"PropertyValueSpecification\",\"valueRequired\":true,\"valueName\":\"search_term_string\"}}],\"inLanguage\":\"fr-FR\"},{\"@type\":\"Organization\",\"@id\":\"https:\\\/\\\/tiketi.com\\\/#organization\",\"name\":\"Tiketi.com\",\"alternateName\":\"Tiketi\",\"url\":\"https:\\\/\\\/tiketi.com\\\/\",\"logo\":{\"@type\":\"ImageObject\",\"inLanguage\":\"fr-FR\",\"@id\":\"https:\\\/\\\/tiketi.com\\\/#\\\/schema\\\/logo\\\/image\\\/\",\"url\":\"https:\\\/\\\/tiketi.com\\\/wp-content\\\/uploads\\\/2019\\\/05\\\/tiketi-logo-696.png\",\"contentUrl\":\"https:\\\/\\\/tiketi.com\\\/wp-content\\\/uploads\\\/2019\\\/05\\\/tiketi-logo-696.png\",\"width\":696,\"height\":696,\"caption\":\"Tiketi.com\"},\"image\":{\"@id\":\"https:\\\/\\\/tiketi.com\\\/#\\\/schema\\\/logo\\\/image\\\/\"},\"sameAs\":[\"https:\\\/\\\/www.facebook.com\\\/TiketiCom\\\/\"]}]}<\/script>\n<!-- \/ Yoast SEO plugin. -->","yoast_head_json":{"title":"R\u00e9servez un a\u00e9rotaxi de Burj Khalifa \u00e0 Jumeirah Beach","description":"Book an air taxi from Burj Khalifa to Jumeirah Beach online with our app. Compare routes, fares, & flight tickets for flying taxis","robots":{"index":"index","follow":"follow","max-snippet":"max-snippet:-1","max-image-preview":"max-image-preview:large","max-video-preview":"max-video-preview:-1"},"canonical":"https:\/\/tiketi.com\/fr-fr\/volants\/taxi-aerien\/dubai\/burj-khalifa-to-jumeirah-beach\/","og_locale":"fr_FR","og_type":"article","og_title":"Book an Air Taxi from Burj Khalifa to Jumeirah Beach","og_description":"Book an air taxi from Burj Khalifa to Jumeirah Beach online with our app. Compare routes, fares, & flight tickets for flying taxis","og_url":"https:\/\/tiketi.com\/fr-fr\/volants\/taxi-aerien\/dubai\/burj-khalifa-to-jumeirah-beach\/","og_site_name":"Tiketi.com","article_publisher":"https:\/\/www.facebook.com\/TiketiCom\/","article_modified_time":"2025-08-03T14:18:02+00:00","og_image":[{"width":1200,"height":200,"url":"https:\/\/tiketi.com\/wp-content\/uploads\/2022\/02\/dubai-tour-packages-buildin.jpg","type":"image\/jpeg"}],"twitter_card":"summary_large_image","twitter_misc":{"Dur\u00e9e de lecture estim\u00e9e":"5 minutes"},"schema":{"@context":"https:\/\/schema.org","@graph":[{"@type":"WebPage","@id":"https:\/\/tiketi.com\/flying\/air-taxi\/dubai\/burj-khalifa-to-jumeirah-beach\/","url":"https:\/\/tiketi.com\/flying\/air-taxi\/dubai\/burj-khalifa-to-jumeirah-beach\/","name":"R\u00e9servez un a\u00e9rotaxi de Burj Khalifa \u00e0 Jumeirah Beach","isPartOf":{"@id":"https:\/\/tiketi.com\/#website"},"primaryImageOfPage":{"@id":"https:\/\/tiketi.com\/flying\/air-taxi\/dubai\/burj-khalifa-to-jumeirah-beach\/#primaryimage"},"image":{"@id":"https:\/\/tiketi.com\/flying\/air-taxi\/dubai\/burj-khalifa-to-jumeirah-beach\/#primaryimage"},"thumbnailUrl":"https:\/\/tiketi.com\/wp-content\/uploads\/2022\/02\/dubai-tour-packages-buildin.jpg","datePublished":"2025-07-29T13:45:09+00:00","dateModified":"2025-08-03T14:18:02+00:00","description":"Book an air taxi from Burj Khalifa to Jumeirah Beach online with our app. Compare routes, fares, & flight tickets for flying taxis","breadcrumb":{"@id":"https:\/\/tiketi.com\/flying\/air-taxi\/dubai\/burj-khalifa-to-jumeirah-beach\/#breadcrumb"},"inLanguage":"fr-FR","potentialAction":[{"@type":"ReadAction","target":["https:\/\/tiketi.com\/flying\/air-taxi\/dubai\/burj-khalifa-to-jumeirah-beach\/"]}]},{"@type":"ImageObject","inLanguage":"fr-FR","@id":"https:\/\/tiketi.com\/flying\/air-taxi\/dubai\/burj-khalifa-to-jumeirah-beach\/#primaryimage","url":"https:\/\/tiketi.com\/wp-content\/uploads\/2022\/02\/dubai-tour-packages-buildin.jpg","contentUrl":"https:\/\/tiketi.com\/wp-content\/uploads\/2022\/02\/dubai-tour-packages-buildin.jpg","width":1200,"height":200,"caption":"Dubai Tour Packages"},{"@type":"BreadcrumbList","@id":"https:\/\/tiketi.com\/flying\/air-taxi\/dubai\/burj-khalifa-to-jumeirah-beach\/#breadcrumb","itemListElement":[{"@type":"ListItem","position":1,"name":"Home","item":"https:\/\/tiketi.com\/"},{"@type":"ListItem","position":2,"name":"Flying","item":"https:\/\/tiketi.com\/fr-fr\/volants\/"},{"@type":"ListItem","position":3,"name":"Air Taxi","item":"https:\/\/tiketi.com\/flying\/air-taxi\/"},{"@type":"ListItem","position":4,"name":"Fly Over Dubai\u2019s Roads \u2013 Easy Air Taxi Dubai Online Bookings","item":"https:\/\/tiketi.com\/flying\/air-taxi\/dubai\/"},{"@type":"ListItem","position":5,"name":"Easy Flying Taxi from Burj Khalifa to Jumeirah Beach Online Bookings"}]},{"@type":"WebSite","@id":"https:\/\/tiketi.com\/#website","url":"https:\/\/tiketi.com\/","name":"Billets d&#039;avion et de bus, forfaits touristiques et activit\u00e9s - Tiketi.com","description":"Billets d&#039;avion et de bus, Tours, Activit\u00e9s","publisher":{"@id":"https:\/\/tiketi.com\/#organization"},"potentialAction":[{"@type":"SearchAction","target":{"@type":"EntryPoint","urlTemplate":"https:\/\/tiketi.com\/?s={search_term_string}"},"query-input":{"@type":"PropertyValueSpecification","valueRequired":true,"valueName":"search_term_string"}}],"inLanguage":"fr-FR"},{"@type":"Organization","@id":"https:\/\/tiketi.com\/#organization","name":"Tiketi.com","alternateName":"Tiketi","url":"https:\/\/tiketi.com\/","logo":{"@type":"ImageObject","inLanguage":"fr-FR","@id":"https:\/\/tiketi.com\/#\/schema\/logo\/image\/","url":"https:\/\/tiketi.com\/wp-content\/uploads\/2019\/05\/tiketi-logo-696.png","contentUrl":"https:\/\/tiketi.com\/wp-content\/uploads\/2019\/05\/tiketi-logo-696.png","width":696,"height":696,"caption":"Tiketi.com"},"image":{"@id":"https:\/\/tiketi.com\/#\/schema\/logo\/image\/"},"sameAs":["https:\/\/www.facebook.com\/TiketiCom\/"]}]}},"_links":{"self":[{"href":"https:\/\/tiketi.com\/fr-fr\/wp-json\/wp\/v2\/pages\/32185","targetHints":{"allow":["GET"]}}],"collection":[{"href":"https:\/\/tiketi.com\/fr-fr\/wp-json\/wp\/v2\/pages"}],"about":[{"href":"https:\/\/tiketi.com\/fr-fr\/wp-json\/wp\/v2\/types\/page"}],"author":[{"embeddable":true,"href":"https:\/\/tiketi.com\/fr-fr\/wp-json\/wp\/v2\/users\/1"}],"replies":[{"embeddable":true,"href":"https:\/\/tiketi.com\/fr-fr\/wp-json\/wp\/v2\/comments?post=32185"}],"version-history":[{"count":1,"href":"https:\/\/tiketi.com\/fr-fr\/wp-json\/wp\/v2\/pages\/32185\/revisions"}],"predecessor-version":[{"id":32192,"href":"https:\/\/tiketi.com\/fr-fr\/wp-json\/wp\/v2\/pages\/32185\/revisions\/32192"}],"up":[{"embeddable":true,"href":"https:\/\/tiketi.com\/fr-fr\/wp-json\/wp\/v2\/pages\/10748"}],"wp:featuredmedia":[{"embeddable":true,"href":"https:\/\/tiketi.com\/fr-fr\/wp-json\/wp\/v2\/media\/21978"}],"wp:attachment":[{"href":"https:\/\/tiketi.com\/fr-fr\/wp-json\/wp\/v2\/media?parent=32185"}],"curies":[{"name":"wp","href":"https:\/\/api.w.org\/{rel}","templated":true}]}}