{"id":32651,"date":"2025-08-14T11:36:58","date_gmt":"2025-08-14T10:36:58","guid":{"rendered":"https:\/\/tiketi.com\/?page_id=32651"},"modified":"2025-08-21T10:06:01","modified_gmt":"2025-08-21T08:06:01","slug":"zayed-international-airport-to-downtown-abu-dhabi","status":"publish","type":"page","link":"https:\/\/tiketi.com\/fr-fr\/flying\/air-taxi\/abu-dhabi\/zayed-airport-to-downtown-abu-dhabi\/","title":{"rendered":"Fly Over Abu Dhabi\u2019s Roads \u2013 Easy Air Taxi Air Taxi from Zayed International Airport to Downtown Abu Dhabi Online Bookings"},"content":{"rendered":"<h2 id=\"electric-dubai-air-taxi-booking-app\" class=\"wp-block-heading\">Book a Flying Taxi in air taxi in Zayed International Airport to Downtown Abu Dhabi \u2013 Fast, Green, and Affordable Urban Travel<\/h2>\n<p>The Cheap air taxi in Zayed International Airport to Downtown Abu Dhabi online booking app allows users to easily reserve helicopter and flying taxi flight tickets. Air taxis in Abu Dhabi make it possible to travel quickly and affordably across the city. Abu Dhabi, the capital of the UAE, is a city of remarkable innovation, futuristic architecture, and unmatched luxury. Whether you\u2019re traveling for business, leisure, or simply want to explore this cultural hub, the last thing you want to do is sit in traffic. That\u2019s where eVTOL air taxis come in, offering you a smooth, fast, and eco-friendly journey from Zayed International Airport (AUH) to Downtown Abu Dhabi in just minutes. Just like many other services, you&#8217;ll be able to make a flying taxi in Zayed International Airport to Downtown Abu Dhabi air taxi booking anytime, anywhere, through the app for your electric air taxi flight.<\/p>\n<h2>Pourquoi choisir un taxi volant ?<\/h2>\n<ul>\n<li><strong>Save Time:<\/strong> Skip the traffic and get from Zayed International Airport to Downtown Abu Dhabi in minutes, instead of getting stuck in road congestion.<\/li>\n<li><strong>Eco-Friendly:<\/strong> eVTOL air taxis are fully electric, offering a zero-emission transportation solution that supports the UAE&#8217;s sustainability goals.<\/li>\n<li><strong>Comfort:<\/strong> Experience a smooth, quiet, and luxurious ride while enjoying panoramic views of Abu Dhabi&#8217;s stunning coastlines and landmarks.<\/li>\n<li><strong>Commodit\u00e9:<\/strong> No need to wait for taxis, shuttle buses, or deal with parking issues. Air taxis offer a quick and hassle-free solution.<\/li>\n<li><strong>Safety:<\/strong> eVTOL aircraft are operated by experienced pilots and meet the highest standards set by the UAE Civil Aviation Authority (GCAA).<\/li>\n<\/ul>\n<h2>How Our Air Taxi from Zayed International Airport to Downtown Abu Dhabi Booking Service Works<\/h2>\n<p>Booking your air taxi in Abu Dhabi is simple, intuitive, and designed to make your travel experience seamless:<\/p>\n<ol>\n<li><strong>Ouvrez le <a href=\"https:\/\/tiketi.com\/fr-fr\/download-tiketi-app\/\" target=\"_blank\" rel=\"noopener\">Application Tiketi<\/a> ou site Web<\/strong><\/li>\n<li><strong> Choose Your Route<\/strong><br \/>\n\u2022 <strong>Departure: Select Zayed International Airport (AUH)<\/strong> as your pick-up location.<br \/>\n\u2022 <strong>Destination: Choose Downtown Abu Dhabi<\/strong> as your drop-off point. You\u2019ll find multiple options depending on your final destination, including places like <strong>Abu Dhabi Mall, Corniche Beach, or Emirates Palace<\/strong>.<\/li>\n<li><strong>Choisissez votre avion<\/strong> \u2013 Choisissez un \u00e9l\u00e9gant taxi a\u00e9rien tout \u00e9lectrique \u00e0 2 ou 4 places<\/li>\n<li><strong>Confirmer et partir<\/strong> \u2013 Votre vol est r\u00e9serv\u00e9 en temps r\u00e9el et votre point d&#039;embarquement est pr\u00eat quand vous l&#039;\u00eates.<\/li>\n<\/ol>\n<p>In just a few minutes, you&#8217;re airborne\u2014gliding over Abu Dhabi\u2019s iconic skyline and avoiding the gridlock below.<\/p>\n<h2>Flying Taxi Routes in Abu Dhabi &#8211; High-Flying Connections<\/h2>\n<ul>\n<li><strong>Scenic Views:<\/strong> During your flight, take in breathtaking aerial views of Abu Dhabi\u2019s iconic landmarks, including the Corniche, Sheikh Zayed Grand Mosque, and the Abu Dhabi skyline.<\/li>\n<li><strong>Arrival in Downtown Abu Dhabi:<\/strong> Your flight will land at a convenient vertiport in Downtown Abu Dhabi, placing you close to your destination with no further waiting time.<\/li>\n<\/ul>\n<h2>Options de tarification et de r\u00e9servation des taxis volants<\/h2>\n<p>While air taxi services are a premium mode of transportation, they offer unparalleled convenience and time savings. Here&#8217;s a rough breakdown of potential pricing:<\/p>\n<ul>\n<li><strong>Pricing:<\/strong> AED 200\u2013350 per passenger-mile (estimated).<\/li>\n<li><strong>Exemple:<\/strong> <strong>Zayed International Airport \u2192 Downtown Abu Dhabi<\/strong> (~25 km) = AED 350\u2013500, which is comparable to a luxury car service but much faster and more comfortable.<\/li>\n<\/ul>\n<p>\u00c0 venir:<\/p>\n<ul>\n<li><strong>Monthly commuter<\/strong> passes for frequent travelers.<\/li>\n<li><strong>Corporate packages<\/strong> for businesses requiring fast and reliable transportation.<\/li>\n<li><strong>Event transport<\/strong> for large conferences, exhibitions, or VIP guests.<\/li>\n<\/ul>\n<h2>Who\u2019s Behind the Air Taxis in Abu Dhabi?<\/h2>\n<p>Abu Dhabi is not only embracing eVTOL air taxis to improve mobility within the city but is also at the forefront of supporting global and local innovators in urban air mobility. Here&#8217;s a look at the key players involved:<\/p>\n<ul>\n<li><strong>Archer Aviation:<\/strong> Archer is partnering with local authorities to integrate eVTOLs into the UAE&#8217;s airspace. <strong>General <\/strong><\/li>\n<li><strong>Civil Aviation Authority (GCAA):<\/strong> Ensuring regulatory compliance and safety standards for all air taxi operations in the UAE.<\/li>\n<li><strong>Abu Dhabi Airports:<\/strong> Overseeing the creation and operation of vertiports and infrastructure to support the growth of air taxi services.<\/li>\n<\/ul>\n<h2>Foire aux questions<\/h2>\n<h3>Pourquoi prendre un taxi a\u00e9rien ?<\/h3>\n<p>In a city as dynamic as Abu Dhabi, time is precious. With air taxis, you\u2019ll be able to bypass the typical road congestion and reach your destination effortlessly, all while enjoying stunning views of the city\u2019s skyline, coastlines, and landmarks.<\/p>\n<h3>Est-ce s\u00fbr?<\/h3>\n<p>Oui. Tous les vols sont pilot\u00e9s par des professionnels certifi\u00e9s et respectent les normes de s\u00e9curit\u00e9 les plus strictes, avec de multiples syst\u00e8mes de s\u00e9curit\u00e9 redondants int\u00e9gr\u00e9s.<\/p>\n<h3>Les vols peuvent-ils \u00eatre assur\u00e9s par mauvais temps\u00a0?<\/h3>\n<p>Votre s\u00e9curit\u00e9 est notre priorit\u00e9 absolue. En cas d&#039;intemp\u00e9ries, nous vous en informerons imm\u00e9diatement et vous aiderons \u00e0 reporter votre r\u00e9servation ou \u00e0 obtenir un remboursement int\u00e9gral.<\/p>\n<h3>Puis-je apporter des bagages ?<\/h3>\n<p>Les bagages \u00e0 main sont les bienvenus. Pour les objets plus volumineux, nous organiserons leur transport terrestre jusqu&#039;\u00e0 votre destination.<\/p>\n<h2>What happens if there are weather delays?<\/h2>\n<p>Flights are only conducted when weather conditions are safe. If a flight is delayed or canceled due to weather, you will be notified promptly and offered rebooking options or a refund.<\/p>\n<h2>Ready to Take Off?<\/h2>\n<p>Whether you\u2019re heading to a meeting in Downtown Abu Dhabi, arriving at the airport for your next flight, or simply want to experience the thrill of flying above the city\u2019s iconic skyline, an air taxi from Zayed International Airport to Downtown Abu Dhabi is the way to go. Download the app, book your flight today, and soar above the traffic! <strong>Book Your Air Taxi Now and see Abu Dhabi like never before.<\/strong><\/p>\n<h2>Autres vols populaires en taxi a\u00e9rien<\/h2>\n<table border=\"0\" cellspacing=\"1\" cellpadding=\"1\">\n<tbody>\n<tr>\n<td>Bon march\u00e9 <a href=\"https:\/\/tiketi.com\/fr-fr\/volants\/taxi-aerien\/abu-dhabi\/\" target=\"_blank\" rel=\"noopener\">taxi a\u00e9rien \u00e0 Abu Dhabi<\/a><\/td>\n<td style=\"width: 30px;\"><\/td>\n<td>Bon march\u00e9 <a href=\"https:\/\/tiketi.com\/fr-fr\/volants\/taxi-aerien\/uae-united-arab-emirates\/\" target=\"_blank\" rel=\"noopener\">taxi a\u00e9rien aux \u00c9mirats arabes unis<\/a><\/td>\n<td style=\"width: 30px;\"><\/td>\n<td>Bon march\u00e9 <a href=\"https:\/\/tiketi.com\/fr-fr\/volants\/taxi-aerien\/london\/\" target=\"_blank\" rel=\"noopener\">taxi a\u00e9rien \u00e0 Londres<\/a><\/td>\n<\/tr>\n<tr>\n<td>Bon march\u00e9 <a href=\"https:\/\/tiketi.com\/fr-fr\/volants\/taxi-aerien\/singapore\/\" target=\"_blank\" rel=\"noopener\">taxi a\u00e9rien \u00e0 Singapour<\/a><\/td>\n<td style=\"width: 30px;\"><\/td>\n<td>Bon march\u00e9 <a href=\"https:\/\/tiketi.com\/fr-fr\/volants\/taxi-aerien\/new-york-nyc\/\" target=\"_blank\" rel=\"noopener\">taxi a\u00e9rien \u00e0 New York<\/a><\/td>\n<td style=\"width: 30px;\"><\/td>\n<td>Bon march\u00e9 <a href=\"https:\/\/tiketi.com\/fr-fr\/volants\/taxi-aerien\/paris\/\" target=\"_blank\" rel=\"noopener\">taxi a\u00e9rien \u00e0 Paris<\/a><\/td>\n<\/tr>\n<tr>\n<td>Bon march\u00e9 <a href=\"https:\/\/tiketi.com\/fr-fr\/volants\/taxi-aerien\/sydney\/\" target=\"_blank\" rel=\"noopener\">taxi a\u00e9rien \u00e0 Sydney<\/a><\/td>\n<td style=\"width: 30px;\"><\/td>\n<td>Bon march\u00e9 <a href=\"https:\/\/tiketi.com\/fr-fr\/volants\/taxi-aerien\/berlin\/\" target=\"_blank\" rel=\"noopener\">taxi a\u00e9rien \u00e0 Berlin<\/a><\/td>\n<td style=\"width: 30px;\"><\/td>\n<td>Bon march\u00e9 <a href=\"https:\/\/tiketi.com\/fr-fr\/volants\/taxi-aerien\/hong-kong\/\" target=\"_blank\" rel=\"noopener\">taxi a\u00e9rien \u00e0 Hong Kong<\/a><\/td>\n<\/tr>\n<\/tbody>\n<\/table>\n<p>&nbsp;<\/p>\n<p>&nbsp;<\/p>","protected":false},"excerpt":{"rendered":"<p>Book a Flying Taxi in air taxi in Zayed International Airport to Downtown Abu Dhabi \u2013 Fast, Green, and Affordable Urban Travel The Cheap air taxi in Zayed International Airport to Downtown Abu Dhabi online booking app allows users to easily reserve helicopter and flying taxi flight tickets. Air taxis in Abu Dhabi make it [&hellip;]<\/p>\n","protected":false},"author":1,"featured_media":32652,"parent":25621,"menu_order":0,"comment_status":"closed","ping_status":"closed","template":"template-home-modern.php","meta":{"footnotes":""},"class_list":["post-32651","page","type-page","status-publish","has-post-thumbnail","hentry"],"yoast_head":"<!-- This site is optimized with the Yoast SEO plugin v27.3 - https:\/\/yoast.com\/product\/yoast-seo-wordpress\/ -->\n<title>Book an Air Taxi from Zayed International Airport to Downtown Abu Dhabi Online<\/title>\n<meta name=\"description\" content=\"Book an air taxi in Zayed International Airport to Downtown Abu Dhabi online with our app. Compare routes, fares, &amp; flight tickets for air taxis, &amp; find cheap eVTOL flying taxi options\" \/>\n<meta name=\"robots\" content=\"index, follow, max-snippet:-1, max-image-preview:large, max-video-preview:-1\" \/>\n<link rel=\"canonical\" href=\"https:\/\/tiketi.com\/fr-fr\/flying\/air-taxi\/abu-dhabi\/zayed-airport-to-downtown-abu-dhabi\/\" \/>\n<meta property=\"og:locale\" content=\"fr_FR\" \/>\n<meta property=\"og:type\" content=\"article\" \/>\n<meta property=\"og:title\" content=\"Book an Air Taxi from Zayed International Airport to Downtown Abu Dhabi Online\" \/>\n<meta property=\"og:description\" content=\"Book an air taxi in Zayed International Airport to Downtown Abu Dhabi online with our app. Compare routes, fares, &amp; flight tickets for air taxis, &amp; find cheap eVTOL flying taxi options\" \/>\n<meta property=\"og:url\" content=\"https:\/\/tiketi.com\/fr-fr\/flying\/air-taxi\/abu-dhabi\/zayed-airport-to-downtown-abu-dhabi\/\" \/>\n<meta property=\"og:site_name\" content=\"Tiketi.com\" \/>\n<meta property=\"article:publisher\" content=\"https:\/\/www.facebook.com\/TiketiCom\/\" \/>\n<meta property=\"article:modified_time\" content=\"2025-08-21T08:06:01+00:00\" \/>\n<meta property=\"og:image\" content=\"https:\/\/tiketi.com\/wp-content\/uploads\/2025\/08\/abu-dhabi-beach-skyline-nick-fewings-hNg-zO_mHQk-unsplash.jpg\" \/>\n\t<meta property=\"og:image:width\" content=\"1240\" \/>\n\t<meta property=\"og:image:height\" content=\"827\" \/>\n\t<meta property=\"og:image:type\" content=\"image\/jpeg\" \/>\n<meta name=\"twitter:card\" content=\"summary_large_image\" \/>\n<meta name=\"twitter:label1\" content=\"Dur\u00e9e de lecture estim\u00e9e\" \/>\n\t<meta name=\"twitter:data1\" content=\"5 minutes\" \/>\n<script type=\"application\/ld+json\" class=\"yoast-schema-graph\">{\"@context\":\"https:\\\/\\\/schema.org\",\"@graph\":[{\"@type\":\"WebPage\",\"@id\":\"https:\\\/\\\/tiketi.com\\\/flying\\\/air-taxi\\\/abu-dhabi\\\/zayed-airport-to-downtown-abu-dhabi\\\/\",\"url\":\"https:\\\/\\\/tiketi.com\\\/flying\\\/air-taxi\\\/abu-dhabi\\\/zayed-airport-to-downtown-abu-dhabi\\\/\",\"name\":\"Book an Air Taxi from Zayed International Airport to Downtown Abu Dhabi Online\",\"isPartOf\":{\"@id\":\"https:\\\/\\\/tiketi.com\\\/#website\"},\"primaryImageOfPage\":{\"@id\":\"https:\\\/\\\/tiketi.com\\\/flying\\\/air-taxi\\\/abu-dhabi\\\/zayed-airport-to-downtown-abu-dhabi\\\/#primaryimage\"},\"image\":{\"@id\":\"https:\\\/\\\/tiketi.com\\\/flying\\\/air-taxi\\\/abu-dhabi\\\/zayed-airport-to-downtown-abu-dhabi\\\/#primaryimage\"},\"thumbnailUrl\":\"https:\\\/\\\/tiketi.com\\\/wp-content\\\/uploads\\\/2025\\\/08\\\/abu-dhabi-beach-skyline-nick-fewings-hNg-zO_mHQk-unsplash.jpg\",\"datePublished\":\"2025-08-14T10:36:58+00:00\",\"dateModified\":\"2025-08-21T08:06:01+00:00\",\"description\":\"Book an air taxi in Zayed International Airport to Downtown Abu Dhabi online with our app. Compare routes, fares, & flight tickets for air taxis, & find cheap eVTOL flying taxi options\",\"breadcrumb\":{\"@id\":\"https:\\\/\\\/tiketi.com\\\/flying\\\/air-taxi\\\/abu-dhabi\\\/zayed-airport-to-downtown-abu-dhabi\\\/#breadcrumb\"},\"inLanguage\":\"fr-FR\",\"potentialAction\":[{\"@type\":\"ReadAction\",\"target\":[\"https:\\\/\\\/tiketi.com\\\/flying\\\/air-taxi\\\/abu-dhabi\\\/zayed-airport-to-downtown-abu-dhabi\\\/\"]}]},{\"@type\":\"ImageObject\",\"inLanguage\":\"fr-FR\",\"@id\":\"https:\\\/\\\/tiketi.com\\\/flying\\\/air-taxi\\\/abu-dhabi\\\/zayed-airport-to-downtown-abu-dhabi\\\/#primaryimage\",\"url\":\"https:\\\/\\\/tiketi.com\\\/wp-content\\\/uploads\\\/2025\\\/08\\\/abu-dhabi-beach-skyline-nick-fewings-hNg-zO_mHQk-unsplash.jpg\",\"contentUrl\":\"https:\\\/\\\/tiketi.com\\\/wp-content\\\/uploads\\\/2025\\\/08\\\/abu-dhabi-beach-skyline-nick-fewings-hNg-zO_mHQk-unsplash.jpg\",\"width\":1240,\"height\":827,\"caption\":\"Abu Dhabi Beach Skyline\"},{\"@type\":\"BreadcrumbList\",\"@id\":\"https:\\\/\\\/tiketi.com\\\/flying\\\/air-taxi\\\/abu-dhabi\\\/zayed-airport-to-downtown-abu-dhabi\\\/#breadcrumb\",\"itemListElement\":[{\"@type\":\"ListItem\",\"position\":1,\"name\":\"Home\",\"item\":\"https:\\\/\\\/tiketi.com\\\/\"},{\"@type\":\"ListItem\",\"position\":2,\"name\":\"Flying\",\"item\":\"https:\\\/\\\/tiketi.com\\\/fr-fr\\\/volants\\\/\"},{\"@type\":\"ListItem\",\"position\":3,\"name\":\"Air Taxi\",\"item\":\"https:\\\/\\\/tiketi.com\\\/flying\\\/air-taxi\\\/\"},{\"@type\":\"ListItem\",\"position\":4,\"name\":\"Fly Over Abu Dhabi\u2019s Roads \u2013 Easy Air Taxi Air Taxi from Zayed International Airport to Downtown Abu Dhabi Online Bookings\"}]},{\"@type\":\"WebSite\",\"@id\":\"https:\\\/\\\/tiketi.com\\\/#website\",\"url\":\"https:\\\/\\\/tiketi.com\\\/\",\"name\":\"Flight & Bus Tickets, Tour Packages & Activitites - Tiketi.com\",\"description\":\"Flight &amp; Bus Tickets, Tours, Activitites\",\"publisher\":{\"@id\":\"https:\\\/\\\/tiketi.com\\\/#organization\"},\"potentialAction\":[{\"@type\":\"SearchAction\",\"target\":{\"@type\":\"EntryPoint\",\"urlTemplate\":\"https:\\\/\\\/tiketi.com\\\/?s={search_term_string}\"},\"query-input\":{\"@type\":\"PropertyValueSpecification\",\"valueRequired\":true,\"valueName\":\"search_term_string\"}}],\"inLanguage\":\"fr-FR\"},{\"@type\":\"Organization\",\"@id\":\"https:\\\/\\\/tiketi.com\\\/#organization\",\"name\":\"Tiketi.com\",\"alternateName\":\"Tiketi\",\"url\":\"https:\\\/\\\/tiketi.com\\\/\",\"logo\":{\"@type\":\"ImageObject\",\"inLanguage\":\"fr-FR\",\"@id\":\"https:\\\/\\\/tiketi.com\\\/#\\\/schema\\\/logo\\\/image\\\/\",\"url\":\"https:\\\/\\\/tiketi.com\\\/wp-content\\\/uploads\\\/2019\\\/05\\\/tiketi-logo-696.png\",\"contentUrl\":\"https:\\\/\\\/tiketi.com\\\/wp-content\\\/uploads\\\/2019\\\/05\\\/tiketi-logo-696.png\",\"width\":696,\"height\":696,\"caption\":\"Tiketi.com\"},\"image\":{\"@id\":\"https:\\\/\\\/tiketi.com\\\/#\\\/schema\\\/logo\\\/image\\\/\"},\"sameAs\":[\"https:\\\/\\\/www.facebook.com\\\/TiketiCom\\\/\"]}]}<\/script>\n<!-- \/ Yoast SEO plugin. -->","yoast_head_json":{"title":"Book an Air Taxi from Zayed International Airport to Downtown Abu Dhabi Online","description":"Book an air taxi in Zayed International Airport to Downtown Abu Dhabi online with our app. Compare routes, fares, & flight tickets for air taxis, & find cheap eVTOL flying taxi options","robots":{"index":"index","follow":"follow","max-snippet":"max-snippet:-1","max-image-preview":"max-image-preview:large","max-video-preview":"max-video-preview:-1"},"canonical":"https:\/\/tiketi.com\/fr-fr\/flying\/air-taxi\/abu-dhabi\/zayed-airport-to-downtown-abu-dhabi\/","og_locale":"fr_FR","og_type":"article","og_title":"Book an Air Taxi from Zayed International Airport to Downtown Abu Dhabi Online","og_description":"Book an air taxi in Zayed International Airport to Downtown Abu Dhabi online with our app. Compare routes, fares, & flight tickets for air taxis, & find cheap eVTOL flying taxi options","og_url":"https:\/\/tiketi.com\/fr-fr\/flying\/air-taxi\/abu-dhabi\/zayed-airport-to-downtown-abu-dhabi\/","og_site_name":"Tiketi.com","article_publisher":"https:\/\/www.facebook.com\/TiketiCom\/","article_modified_time":"2025-08-21T08:06:01+00:00","og_image":[{"width":1240,"height":827,"url":"https:\/\/tiketi.com\/wp-content\/uploads\/2025\/08\/abu-dhabi-beach-skyline-nick-fewings-hNg-zO_mHQk-unsplash.jpg","type":"image\/jpeg"}],"twitter_card":"summary_large_image","twitter_misc":{"Dur\u00e9e de lecture estim\u00e9e":"5 minutes"},"schema":{"@context":"https:\/\/schema.org","@graph":[{"@type":"WebPage","@id":"https:\/\/tiketi.com\/flying\/air-taxi\/abu-dhabi\/zayed-airport-to-downtown-abu-dhabi\/","url":"https:\/\/tiketi.com\/flying\/air-taxi\/abu-dhabi\/zayed-airport-to-downtown-abu-dhabi\/","name":"Book an Air Taxi from Zayed International Airport to Downtown Abu Dhabi Online","isPartOf":{"@id":"https:\/\/tiketi.com\/#website"},"primaryImageOfPage":{"@id":"https:\/\/tiketi.com\/flying\/air-taxi\/abu-dhabi\/zayed-airport-to-downtown-abu-dhabi\/#primaryimage"},"image":{"@id":"https:\/\/tiketi.com\/flying\/air-taxi\/abu-dhabi\/zayed-airport-to-downtown-abu-dhabi\/#primaryimage"},"thumbnailUrl":"https:\/\/tiketi.com\/wp-content\/uploads\/2025\/08\/abu-dhabi-beach-skyline-nick-fewings-hNg-zO_mHQk-unsplash.jpg","datePublished":"2025-08-14T10:36:58+00:00","dateModified":"2025-08-21T08:06:01+00:00","description":"Book an air taxi in Zayed International Airport to Downtown Abu Dhabi online with our app. Compare routes, fares, & flight tickets for air taxis, & find cheap eVTOL flying taxi options","breadcrumb":{"@id":"https:\/\/tiketi.com\/flying\/air-taxi\/abu-dhabi\/zayed-airport-to-downtown-abu-dhabi\/#breadcrumb"},"inLanguage":"fr-FR","potentialAction":[{"@type":"ReadAction","target":["https:\/\/tiketi.com\/flying\/air-taxi\/abu-dhabi\/zayed-airport-to-downtown-abu-dhabi\/"]}]},{"@type":"ImageObject","inLanguage":"fr-FR","@id":"https:\/\/tiketi.com\/flying\/air-taxi\/abu-dhabi\/zayed-airport-to-downtown-abu-dhabi\/#primaryimage","url":"https:\/\/tiketi.com\/wp-content\/uploads\/2025\/08\/abu-dhabi-beach-skyline-nick-fewings-hNg-zO_mHQk-unsplash.jpg","contentUrl":"https:\/\/tiketi.com\/wp-content\/uploads\/2025\/08\/abu-dhabi-beach-skyline-nick-fewings-hNg-zO_mHQk-unsplash.jpg","width":1240,"height":827,"caption":"Abu Dhabi Beach Skyline"},{"@type":"BreadcrumbList","@id":"https:\/\/tiketi.com\/flying\/air-taxi\/abu-dhabi\/zayed-airport-to-downtown-abu-dhabi\/#breadcrumb","itemListElement":[{"@type":"ListItem","position":1,"name":"Home","item":"https:\/\/tiketi.com\/"},{"@type":"ListItem","position":2,"name":"Flying","item":"https:\/\/tiketi.com\/fr-fr\/volants\/"},{"@type":"ListItem","position":3,"name":"Air Taxi","item":"https:\/\/tiketi.com\/flying\/air-taxi\/"},{"@type":"ListItem","position":4,"name":"Fly Over Abu Dhabi\u2019s Roads \u2013 Easy Air Taxi Air Taxi from Zayed International Airport to Downtown Abu Dhabi Online Bookings"}]},{"@type":"WebSite","@id":"https:\/\/tiketi.com\/#website","url":"https:\/\/tiketi.com\/","name":"Billets d&#039;avion et de bus, forfaits touristiques et activit\u00e9s - Tiketi.com","description":"Billets d&#039;avion et de bus, Tours, Activit\u00e9s","publisher":{"@id":"https:\/\/tiketi.com\/#organization"},"potentialAction":[{"@type":"SearchAction","target":{"@type":"EntryPoint","urlTemplate":"https:\/\/tiketi.com\/?s={search_term_string}"},"query-input":{"@type":"PropertyValueSpecification","valueRequired":true,"valueName":"search_term_string"}}],"inLanguage":"fr-FR"},{"@type":"Organization","@id":"https:\/\/tiketi.com\/#organization","name":"Tiketi.com","alternateName":"Tiketi","url":"https:\/\/tiketi.com\/","logo":{"@type":"ImageObject","inLanguage":"fr-FR","@id":"https:\/\/tiketi.com\/#\/schema\/logo\/image\/","url":"https:\/\/tiketi.com\/wp-content\/uploads\/2019\/05\/tiketi-logo-696.png","contentUrl":"https:\/\/tiketi.com\/wp-content\/uploads\/2019\/05\/tiketi-logo-696.png","width":696,"height":696,"caption":"Tiketi.com"},"image":{"@id":"https:\/\/tiketi.com\/#\/schema\/logo\/image\/"},"sameAs":["https:\/\/www.facebook.com\/TiketiCom\/"]}]}},"_links":{"self":[{"href":"https:\/\/tiketi.com\/fr-fr\/wp-json\/wp\/v2\/pages\/32651","targetHints":{"allow":["GET"]}}],"collection":[{"href":"https:\/\/tiketi.com\/fr-fr\/wp-json\/wp\/v2\/pages"}],"about":[{"href":"https:\/\/tiketi.com\/fr-fr\/wp-json\/wp\/v2\/types\/page"}],"author":[{"embeddable":true,"href":"https:\/\/tiketi.com\/fr-fr\/wp-json\/wp\/v2\/users\/1"}],"replies":[{"embeddable":true,"href":"https:\/\/tiketi.com\/fr-fr\/wp-json\/wp\/v2\/comments?post=32651"}],"version-history":[{"count":4,"href":"https:\/\/tiketi.com\/fr-fr\/wp-json\/wp\/v2\/pages\/32651\/revisions"}],"predecessor-version":[{"id":32922,"href":"https:\/\/tiketi.com\/fr-fr\/wp-json\/wp\/v2\/pages\/32651\/revisions\/32922"}],"up":[{"embeddable":true,"href":"https:\/\/tiketi.com\/fr-fr\/wp-json\/wp\/v2\/pages\/25621"}],"wp:featuredmedia":[{"embeddable":true,"href":"https:\/\/tiketi.com\/fr-fr\/wp-json\/wp\/v2\/media\/32652"}],"wp:attachment":[{"href":"https:\/\/tiketi.com\/fr-fr\/wp-json\/wp\/v2\/media?parent=32651"}],"curies":[{"name":"wp","href":"https:\/\/api.w.org\/{rel}","templated":true}]}}