{"id":34084,"date":"2025-10-08T09:51:59","date_gmt":"2025-10-08T07:51:59","guid":{"rendered":"https:\/\/tiketi.com\/?page_id=34084"},"modified":"2025-10-08T11:35:53","modified_gmt":"2025-10-08T09:35:53","slug":"o-hare-international-airport","status":"publish","type":"page","link":"https:\/\/tiketi.com\/fr-fr\/flying\/air-taxi\/chicago\/o-hare-international-airport\/","title":{"rendered":"Fly Over Chicago\u2019s Roads \u2013 Easy Air Taxi O\u2019Hare International Airport Online Bookings"},"content":{"rendered":"<h2 id=\"electric-dubai-air-taxi-booking-app\" class=\"wp-block-heading\">Book a Flying Taxi O\u2019Hare International Airport \u2013 Fast, Green, and Affordable Urban Travel<\/h2>\r\n<p><strong><\/strong> The Cheap air taxi O\u2019Hare International Airport online booking app allows users to easily reserve helicopter and flying taxi flight tickets. Air taxis O\u2019Hare International Airport make it possible to travel quickly and affordably across the city.<b> <\/b>O\u2019Hare International Airport (ORD) is one of the busiest airports in the world and a key travel hub for Chicago and the Midwest. With millions passing through annually, ground transportation to and from O\u2019Hare can be time-consuming and stressful, especially during peak traffic hours. Enter flying taxi service at O\u2019Hare Airport \u2014 an innovative, fast, and eco-friendly way to travel to and from the airport and key Chicago destinations.<\/p>\r\n<h2>What are the benefits of flying taxis in Chicago?<\/h2>\r\n<ul>\r\n<li><strong>Gagnez du temps<\/strong>\u00a0\u2013 What would take 20\u201330 minutes by car can now be done in under 10 minutes by air.<\/li>\r\n<li><strong>\u00c9cologique et silencieux<\/strong>\u00a0\u2013 Nos avions \u00e9lectriques sont jusqu&#039;\u00e0 100 fois plus silencieux que les h\u00e9licopt\u00e8res traditionnels et ne produisent aucune \u00e9mission.<\/li>\r\n<li><strong>S\u00e9curit\u00e9 certifi\u00e9e<\/strong>\u00a0\u2013 Nos avions sont pilot\u00e9s par des pilotes agr\u00e9\u00e9s et sont \u00e9quip\u00e9s de multiples syst\u00e8mes de s\u00e9curit\u00e9 redondants afin de garantir un voyage en toute s\u00e9curit\u00e9.<\/li>\r\n<li><strong>Le luxe sans effort<\/strong>\u00a0\u2013 D&#039;un simple clic, vous \u00eates parti \u2013 sans tracas, sans stress.<\/li>\r\n<\/ul>\r\n<h2>How Our Air Taxi at O\u2019Hare International Airport Booking Service Works<\/h2>\r\n<p>R\u00e9server votre taxi a\u00e9rien est aussi simple que de r\u00e9server une course\u00a0:<\/p>\r\n<ol>\r\n<li><strong>Ouvrez le <a href=\"https:\/\/tiketi.com\/fr-fr\/download-tiketi-app\/\" target=\"_blank\" rel=\"noopener\">Application Tiketi<\/a>\u00a0<\/strong><\/li>\r\n<li><strong>Choose Your Departure:<\/strong> O&#8217;Hare International Airport<\/li>\r\n<li><strong>Choisissez votre avion<\/strong> \u2013 Choisissez un \u00e9l\u00e9gant taxi a\u00e9rien tout \u00e9lectrique \u00e0 2 ou 4 places<\/li>\r\n<li><strong>Confirmer et partir<\/strong> \u2013 Votre vol est r\u00e9serv\u00e9 en temps r\u00e9el et votre point d&#039;embarquement est pr\u00eat quand vous l&#039;\u00eates.<\/li>\r\n<\/ol>\r\n<p>In just a few minutes, you\u2019ll be airborne\u2014gliding over Chicago\u2019s iconic skyline and Lake Michigan, bypassing the traffic below.<\/p>\r\n<h2>Flying Taxi Routes in Chicago \u2013 Sky High in Minutes<\/h2>\r\n<h3>Popular Air Taxi Routes from O\u2019Hare<\/h3>\r\n<ul>\r\n<li><strong>O\u2019Hare \u2192 Downtown Chicago:<\/strong> Reach the heart of the city in about 12 minutes, compared to 45-60 minutes by car.<\/li>\r\n<li><strong>O\u2019Hare \u2192 Midway Airport:<\/strong> Quick hops between Chicago\u2019s two main airports.<\/li>\r\n<li><strong>O\u2019Hare \u2192 Schaumburg or Oakbrook:<\/strong> Fast connections to suburban business districts.<\/li>\r\n<li><strong>O\u2019Hare \u2192 Navy Pier:<\/strong> Enjoy a swift, scenic flight to Chicago\u2019s iconic lakefront area.<\/li>\r\n<\/ul>\r\n<h3>What to Expect at O\u2019Hare\u2019s Air Taxi Vertiport<\/h3>\r\n<ul>\r\n<li><strong>Convenient Location:<\/strong> Near the terminals with easy shuttle access.<\/li>\r\n<li><strong>Comfortable Lounges:<\/strong> Featuring Wi-Fi, refreshments, and flight info displays.<\/li>\r\n<li><strong>Assistance:<\/strong> Staff to help with boarding and luggage.<\/li>\r\n<li><strong>Safety:<\/strong> All operations are FAA certified and adhere to strict safety standards.<\/li>\r\n<\/ul>\r\n<h2>Flying Taxi O\u2019Hare International Airport Pricing and Booking Options<\/h2>\r\n<p>Air taxi fares from O\u2019Hare typically range between <strong>$150 and $400<\/strong> depending on the route and time of day. Frequent travelers and business users can benefit from commuter packages and subscription plans.<\/p>\r\n<h2>Frequently Asked Questions &#8211; FAQs<\/h2>\r\n<h3>What is an Air Taxi?<\/h3>\r\n<p>Air taxis are small, fully electric vertical takeoff and landing (eVTOL) aircraft designed to provide quick, on-demand short-distance flights. These aircraft take off and land vertically from dedicated vertiports, connecting O\u2019Hare with downtown Chicago and surrounding neighborhoods in just minutes. Just like many other services, book Chicago air taxi service anytime, anywhere, through the app for your electric air taxi flight.<\/p>\r\n<h3>Puis-je apporter des bagages ?<\/h3>\r\n<p>Yes, carry-on luggage is allowed. Additional luggage services may be offered.<\/p>\r\n<h3>Is the service available year-round?<\/h3>\r\n<p>Yes, flights operate daily, weather permitting.<\/p>\r\n<h3>Are air taxis safe?<\/h3>\r\n<p>Absolutely. All aircraft and operations meet FAA safety regulations.<\/p>\r\n<h2>Ready to Experience Air Taxi at O\u2019Hare?<\/h2>\r\n<p>Skip the traffic and airport shuttle hassles. Fly faster, greener, and more comfortably between O\u2019Hare and Chicago\u2019s prime destinations. Book your air taxi flight today and experience the future of urban mobility. \u00a0<\/p>\r\n<h2>Autres vols populaires en taxi a\u00e9rien<\/h2>\r\n<table border=\"0\" cellspacing=\"1\" cellpadding=\"1\">\r\n<tbody>\r\n<tr>\r\n<td>Bon march\u00e9 <a href=\"https:\/\/tiketi.com\/fr-fr\/volants\/taxi-aerien\/new-york-nyc\/\" target=\"_blank\" rel=\"noopener\">taxi a\u00e9rien \u00e0 New York<\/a><\/td>\r\n<td style=\"width: 30px;\">\u00a0<\/td>\r\n<td>Bon march\u00e9 <a href=\"https:\/\/tiketi.com\/fr-fr\/volants\/taxi-aerien\/miami\/\" target=\"_blank\" rel=\"noopener\">taxi a\u00e9rien \u00e0 Miami<\/a><\/td>\r\n<td style=\"width: 30px;\">\u00a0<\/td>\r\n<td>Bon march\u00e9 <a href=\"https:\/\/tiketi.com\/fr-fr\/volants\/taxi-aerien\/los-angeles\/\" target=\"_blank\" rel=\"noopener\">taxi a\u00e9rien \u00e0 Los Angeles<\/a><\/td>\r\n<\/tr>\r\n<tr>\r\n<td>Bon march\u00e9 <a href=\"https:\/\/tiketi.com\/fr-fr\/volants\/taxi-aerien\/san-francisco\/\" target=\"_blank\" rel=\"noopener\">taxi a\u00e9rien \u00e0 San Francisco<\/a><\/td>\r\n<td style=\"width: 30px;\">\u00a0<\/td>\r\n<td>Bon march\u00e9 <a href=\"https:\/\/tiketi.com\/fr-fr\/volants\/taxi-aerien\/philadelphia\/\" target=\"_blank\" rel=\"noopener\">taxi a\u00e9rien \u00e0 Philadelphie<\/a><\/td>\r\n<td style=\"width: 30px;\">\u00a0<\/td>\r\n<td>Bon march\u00e9 <a href=\"https:\/\/tiketi.com\/fr-fr\/volants\/taxi-aerien\/washington-dc\/\" target=\"_blank\" rel=\"noopener\">taxi a\u00e9rien \u00e0 Washington DC<\/a><\/td>\r\n<\/tr>\r\n<tr>\r\n<td>Bon march\u00e9 <a href=\"https:\/\/tiketi.com\/fr-fr\/volants\/taxi-aerien\/phoenix\/\" target=\"_blank\" rel=\"noopener\">taxi a\u00e9rien \u00e0 Phoenix<\/a><\/td>\r\n<td style=\"width: 30px;\">\u00a0<\/td>\r\n<td>Bon march\u00e9 <a href=\"https:\/\/tiketi.com\/fr-fr\/volants\/taxi-aerien\/california\/\" target=\"_blank\" rel=\"noopener\">taxi a\u00e9rien en Californie<\/a><\/td>\r\n<td style=\"width: 30px;\">\u00a0<\/td>\r\n<td>Bon march\u00e9 <a href=\"https:\/\/tiketi.com\/fr-fr\/volants\/taxi-aerien\/florida\/\" target=\"_blank\" rel=\"noopener\">taxi a\u00e9rien en Floride<\/a><\/td>\r\n<\/tr>\r\n<\/tbody>\r\n<\/table>\r\n<p><\/p>\r\n<p>&nbsp;<\/p>","protected":false},"excerpt":{"rendered":"<p>Book a Flying Taxi O\u2019Hare International Airport \u2013 Fast, Green, and Affordable Urban Travel The Cheap air taxi O\u2019Hare International Airport online booking app allows users to easily reserve helicopter and flying taxi flight tickets. Air taxis O\u2019Hare International Airport make it possible to travel quickly and affordably across the city. O\u2019Hare International Airport (ORD) [&hellip;]<\/p>\n","protected":false},"author":1,"featured_media":16505,"parent":25621,"menu_order":0,"comment_status":"closed","ping_status":"closed","template":"template-home-modern.php","meta":{"footnotes":""},"class_list":["post-34084","page","type-page","status-publish","has-post-thumbnail","hentry"],"yoast_head":"<!-- This site is optimized with the Yoast SEO plugin v27.3 - https:\/\/yoast.com\/product\/yoast-seo-wordpress\/ -->\n<title>Book an Air Taxi O\u2019Hare International Airport Online | Flying Taxi<\/title>\n<meta name=\"description\" content=\"Book an air taxi O\u2019Hare International Airport online with our app. Compare routes, fares, &amp; flight tickets for air taxis, &amp; find cheap eVTOL flying taxi options\" \/>\n<meta name=\"robots\" content=\"index, follow, max-snippet:-1, max-image-preview:large, max-video-preview:-1\" \/>\n<link rel=\"canonical\" href=\"https:\/\/tiketi.com\/fr-fr\/flying\/air-taxi\/chicago\/o-hare-international-airport\/\" \/>\n<meta property=\"og:locale\" content=\"fr_FR\" \/>\n<meta property=\"og:type\" content=\"article\" \/>\n<meta property=\"og:title\" content=\"Book an Air Taxi O\u2019Hare International Airport Online | Flying Taxi\" \/>\n<meta property=\"og:description\" content=\"Book an air taxi O\u2019Hare International Airport online with our app. Compare routes, fares, &amp; flight tickets for air taxis, &amp; find cheap eVTOL flying taxi options\" \/>\n<meta property=\"og:url\" content=\"https:\/\/tiketi.com\/fr-fr\/flying\/air-taxi\/chicago\/o-hare-international-airport\/\" \/>\n<meta property=\"og:site_name\" content=\"Tiketi.com\" \/>\n<meta property=\"article:publisher\" content=\"https:\/\/www.facebook.com\/TiketiCom\/\" \/>\n<meta property=\"article:modified_time\" content=\"2025-10-08T09:35:53+00:00\" \/>\n<meta property=\"og:image\" content=\"https:\/\/tiketi.com\/wp-content\/uploads\/2022\/02\/chicago-6921285_1280.jpg\" \/>\n\t<meta property=\"og:image:width\" content=\"1200\" \/>\n\t<meta property=\"og:image:height\" content=\"205\" \/>\n\t<meta property=\"og:image:type\" content=\"image\/jpeg\" \/>\n<meta name=\"twitter:card\" content=\"summary_large_image\" \/>\n<meta name=\"twitter:label1\" content=\"Dur\u00e9e de lecture estim\u00e9e\" \/>\n\t<meta name=\"twitter:data1\" content=\"4 minutes\" \/>\n<script type=\"application\/ld+json\" class=\"yoast-schema-graph\">{\"@context\":\"https:\\\/\\\/schema.org\",\"@graph\":[{\"@type\":\"WebPage\",\"@id\":\"https:\\\/\\\/tiketi.com\\\/flying\\\/air-taxi\\\/chicago\\\/o-hare-international-airport\\\/\",\"url\":\"https:\\\/\\\/tiketi.com\\\/flying\\\/air-taxi\\\/chicago\\\/o-hare-international-airport\\\/\",\"name\":\"Book an Air Taxi O\u2019Hare International Airport Online | Flying Taxi\",\"isPartOf\":{\"@id\":\"https:\\\/\\\/tiketi.com\\\/#website\"},\"primaryImageOfPage\":{\"@id\":\"https:\\\/\\\/tiketi.com\\\/flying\\\/air-taxi\\\/chicago\\\/o-hare-international-airport\\\/#primaryimage\"},\"image\":{\"@id\":\"https:\\\/\\\/tiketi.com\\\/flying\\\/air-taxi\\\/chicago\\\/o-hare-international-airport\\\/#primaryimage\"},\"thumbnailUrl\":\"https:\\\/\\\/tiketi.com\\\/wp-content\\\/uploads\\\/2022\\\/02\\\/chicago-6921285_1280.jpg\",\"datePublished\":\"2025-10-08T07:51:59+00:00\",\"dateModified\":\"2025-10-08T09:35:53+00:00\",\"description\":\"Book an air taxi O\u2019Hare International Airport online with our app. Compare routes, fares, & flight tickets for air taxis, & find cheap eVTOL flying taxi options\",\"breadcrumb\":{\"@id\":\"https:\\\/\\\/tiketi.com\\\/flying\\\/air-taxi\\\/chicago\\\/o-hare-international-airport\\\/#breadcrumb\"},\"inLanguage\":\"fr-FR\",\"potentialAction\":[{\"@type\":\"ReadAction\",\"target\":[\"https:\\\/\\\/tiketi.com\\\/flying\\\/air-taxi\\\/chicago\\\/o-hare-international-airport\\\/\"]}]},{\"@type\":\"ImageObject\",\"inLanguage\":\"fr-FR\",\"@id\":\"https:\\\/\\\/tiketi.com\\\/flying\\\/air-taxi\\\/chicago\\\/o-hare-international-airport\\\/#primaryimage\",\"url\":\"https:\\\/\\\/tiketi.com\\\/wp-content\\\/uploads\\\/2022\\\/02\\\/chicago-6921285_1280.jpg\",\"contentUrl\":\"https:\\\/\\\/tiketi.com\\\/wp-content\\\/uploads\\\/2022\\\/02\\\/chicago-6921285_1280.jpg\",\"width\":1200,\"height\":205,\"caption\":\"Air Taxi in Chicago\"},{\"@type\":\"BreadcrumbList\",\"@id\":\"https:\\\/\\\/tiketi.com\\\/flying\\\/air-taxi\\\/chicago\\\/o-hare-international-airport\\\/#breadcrumb\",\"itemListElement\":[{\"@type\":\"ListItem\",\"position\":1,\"name\":\"Home\",\"item\":\"https:\\\/\\\/tiketi.com\\\/\"},{\"@type\":\"ListItem\",\"position\":2,\"name\":\"Flying\",\"item\":\"https:\\\/\\\/tiketi.com\\\/fr-fr\\\/volants\\\/\"},{\"@type\":\"ListItem\",\"position\":3,\"name\":\"Air Taxi\",\"item\":\"https:\\\/\\\/tiketi.com\\\/flying\\\/air-taxi\\\/\"},{\"@type\":\"ListItem\",\"position\":4,\"name\":\"Fly Over Chicago\u2019s Roads \u2013 Easy Air Taxi O\u2019Hare International Airport Online Bookings\"}]},{\"@type\":\"WebSite\",\"@id\":\"https:\\\/\\\/tiketi.com\\\/#website\",\"url\":\"https:\\\/\\\/tiketi.com\\\/\",\"name\":\"Flight & Bus Tickets, Tour Packages & Activitites - Tiketi.com\",\"description\":\"Flight &amp; Bus Tickets, Tours, Activitites\",\"publisher\":{\"@id\":\"https:\\\/\\\/tiketi.com\\\/#organization\"},\"potentialAction\":[{\"@type\":\"SearchAction\",\"target\":{\"@type\":\"EntryPoint\",\"urlTemplate\":\"https:\\\/\\\/tiketi.com\\\/?s={search_term_string}\"},\"query-input\":{\"@type\":\"PropertyValueSpecification\",\"valueRequired\":true,\"valueName\":\"search_term_string\"}}],\"inLanguage\":\"fr-FR\"},{\"@type\":\"Organization\",\"@id\":\"https:\\\/\\\/tiketi.com\\\/#organization\",\"name\":\"Tiketi.com\",\"alternateName\":\"Tiketi\",\"url\":\"https:\\\/\\\/tiketi.com\\\/\",\"logo\":{\"@type\":\"ImageObject\",\"inLanguage\":\"fr-FR\",\"@id\":\"https:\\\/\\\/tiketi.com\\\/#\\\/schema\\\/logo\\\/image\\\/\",\"url\":\"https:\\\/\\\/tiketi.com\\\/wp-content\\\/uploads\\\/2019\\\/05\\\/tiketi-logo-696.png\",\"contentUrl\":\"https:\\\/\\\/tiketi.com\\\/wp-content\\\/uploads\\\/2019\\\/05\\\/tiketi-logo-696.png\",\"width\":696,\"height\":696,\"caption\":\"Tiketi.com\"},\"image\":{\"@id\":\"https:\\\/\\\/tiketi.com\\\/#\\\/schema\\\/logo\\\/image\\\/\"},\"sameAs\":[\"https:\\\/\\\/www.facebook.com\\\/TiketiCom\\\/\"]}]}<\/script>\n<!-- \/ Yoast SEO plugin. -->","yoast_head_json":{"title":"Book an Air Taxi O\u2019Hare International Airport Online | Flying Taxi","description":"Book an air taxi O\u2019Hare International Airport online with our app. Compare routes, fares, & flight tickets for air taxis, & find cheap eVTOL flying taxi options","robots":{"index":"index","follow":"follow","max-snippet":"max-snippet:-1","max-image-preview":"max-image-preview:large","max-video-preview":"max-video-preview:-1"},"canonical":"https:\/\/tiketi.com\/fr-fr\/flying\/air-taxi\/chicago\/o-hare-international-airport\/","og_locale":"fr_FR","og_type":"article","og_title":"Book an Air Taxi O\u2019Hare International Airport Online | Flying Taxi","og_description":"Book an air taxi O\u2019Hare International Airport online with our app. Compare routes, fares, & flight tickets for air taxis, & find cheap eVTOL flying taxi options","og_url":"https:\/\/tiketi.com\/fr-fr\/flying\/air-taxi\/chicago\/o-hare-international-airport\/","og_site_name":"Tiketi.com","article_publisher":"https:\/\/www.facebook.com\/TiketiCom\/","article_modified_time":"2025-10-08T09:35:53+00:00","og_image":[{"width":1200,"height":205,"url":"https:\/\/tiketi.com\/wp-content\/uploads\/2022\/02\/chicago-6921285_1280.jpg","type":"image\/jpeg"}],"twitter_card":"summary_large_image","twitter_misc":{"Dur\u00e9e de lecture estim\u00e9e":"4 minutes"},"schema":{"@context":"https:\/\/schema.org","@graph":[{"@type":"WebPage","@id":"https:\/\/tiketi.com\/flying\/air-taxi\/chicago\/o-hare-international-airport\/","url":"https:\/\/tiketi.com\/flying\/air-taxi\/chicago\/o-hare-international-airport\/","name":"Book an Air Taxi O\u2019Hare International Airport Online | Flying Taxi","isPartOf":{"@id":"https:\/\/tiketi.com\/#website"},"primaryImageOfPage":{"@id":"https:\/\/tiketi.com\/flying\/air-taxi\/chicago\/o-hare-international-airport\/#primaryimage"},"image":{"@id":"https:\/\/tiketi.com\/flying\/air-taxi\/chicago\/o-hare-international-airport\/#primaryimage"},"thumbnailUrl":"https:\/\/tiketi.com\/wp-content\/uploads\/2022\/02\/chicago-6921285_1280.jpg","datePublished":"2025-10-08T07:51:59+00:00","dateModified":"2025-10-08T09:35:53+00:00","description":"Book an air taxi O\u2019Hare International Airport online with our app. Compare routes, fares, & flight tickets for air taxis, & find cheap eVTOL flying taxi options","breadcrumb":{"@id":"https:\/\/tiketi.com\/flying\/air-taxi\/chicago\/o-hare-international-airport\/#breadcrumb"},"inLanguage":"fr-FR","potentialAction":[{"@type":"ReadAction","target":["https:\/\/tiketi.com\/flying\/air-taxi\/chicago\/o-hare-international-airport\/"]}]},{"@type":"ImageObject","inLanguage":"fr-FR","@id":"https:\/\/tiketi.com\/flying\/air-taxi\/chicago\/o-hare-international-airport\/#primaryimage","url":"https:\/\/tiketi.com\/wp-content\/uploads\/2022\/02\/chicago-6921285_1280.jpg","contentUrl":"https:\/\/tiketi.com\/wp-content\/uploads\/2022\/02\/chicago-6921285_1280.jpg","width":1200,"height":205,"caption":"Air Taxi in Chicago"},{"@type":"BreadcrumbList","@id":"https:\/\/tiketi.com\/flying\/air-taxi\/chicago\/o-hare-international-airport\/#breadcrumb","itemListElement":[{"@type":"ListItem","position":1,"name":"Home","item":"https:\/\/tiketi.com\/"},{"@type":"ListItem","position":2,"name":"Flying","item":"https:\/\/tiketi.com\/fr-fr\/volants\/"},{"@type":"ListItem","position":3,"name":"Air Taxi","item":"https:\/\/tiketi.com\/flying\/air-taxi\/"},{"@type":"ListItem","position":4,"name":"Fly Over Chicago\u2019s Roads \u2013 Easy Air Taxi O\u2019Hare International Airport Online Bookings"}]},{"@type":"WebSite","@id":"https:\/\/tiketi.com\/#website","url":"https:\/\/tiketi.com\/","name":"Billets d&#039;avion et de bus, forfaits touristiques et activit\u00e9s - Tiketi.com","description":"Billets d&#039;avion et de bus, Tours, Activit\u00e9s","publisher":{"@id":"https:\/\/tiketi.com\/#organization"},"potentialAction":[{"@type":"SearchAction","target":{"@type":"EntryPoint","urlTemplate":"https:\/\/tiketi.com\/?s={search_term_string}"},"query-input":{"@type":"PropertyValueSpecification","valueRequired":true,"valueName":"search_term_string"}}],"inLanguage":"fr-FR"},{"@type":"Organization","@id":"https:\/\/tiketi.com\/#organization","name":"Tiketi.com","alternateName":"Tiketi","url":"https:\/\/tiketi.com\/","logo":{"@type":"ImageObject","inLanguage":"fr-FR","@id":"https:\/\/tiketi.com\/#\/schema\/logo\/image\/","url":"https:\/\/tiketi.com\/wp-content\/uploads\/2019\/05\/tiketi-logo-696.png","contentUrl":"https:\/\/tiketi.com\/wp-content\/uploads\/2019\/05\/tiketi-logo-696.png","width":696,"height":696,"caption":"Tiketi.com"},"image":{"@id":"https:\/\/tiketi.com\/#\/schema\/logo\/image\/"},"sameAs":["https:\/\/www.facebook.com\/TiketiCom\/"]}]}},"_links":{"self":[{"href":"https:\/\/tiketi.com\/fr-fr\/wp-json\/wp\/v2\/pages\/34084","targetHints":{"allow":["GET"]}}],"collection":[{"href":"https:\/\/tiketi.com\/fr-fr\/wp-json\/wp\/v2\/pages"}],"about":[{"href":"https:\/\/tiketi.com\/fr-fr\/wp-json\/wp\/v2\/types\/page"}],"author":[{"embeddable":true,"href":"https:\/\/tiketi.com\/fr-fr\/wp-json\/wp\/v2\/users\/1"}],"replies":[{"embeddable":true,"href":"https:\/\/tiketi.com\/fr-fr\/wp-json\/wp\/v2\/comments?post=34084"}],"version-history":[{"count":4,"href":"https:\/\/tiketi.com\/fr-fr\/wp-json\/wp\/v2\/pages\/34084\/revisions"}],"predecessor-version":[{"id":34106,"href":"https:\/\/tiketi.com\/fr-fr\/wp-json\/wp\/v2\/pages\/34084\/revisions\/34106"}],"up":[{"embeddable":true,"href":"https:\/\/tiketi.com\/fr-fr\/wp-json\/wp\/v2\/pages\/25621"}],"wp:featuredmedia":[{"embeddable":true,"href":"https:\/\/tiketi.com\/fr-fr\/wp-json\/wp\/v2\/media\/16505"}],"wp:attachment":[{"href":"https:\/\/tiketi.com\/fr-fr\/wp-json\/wp\/v2\/media?parent=34084"}],"curies":[{"name":"wp","href":"https:\/\/api.w.org\/{rel}","templated":true}]}}